{"id":1533,"date":"2025-09-13T12:03:51","date_gmt":"2025-09-13T12:03:51","guid":{"rendered":"https:\/\/www.esta-officiel-usa.com\/antrag-auf-eine-greencard-fuer-die-arbeit\/"},"modified":"2025-09-13T12:03:53","modified_gmt":"2025-09-13T12:03:53","slug":"antrag-auf-eine-greencard-fuer-die-arbeit","status":"publish","type":"page","link":"https:\/\/www.esta-officiel-usa.com\/de\/antrag-auf-eine-greencard-fuer-die-arbeit\/","title":{"rendered":"Antrag auf eine Greencard f\u00fcr die Arbeit"},"content":{"rendered":"\n<h1 class=\"wp-block-heading\">EINEN ANTRAG AUF EINE GREEN CARD F\u00dcR DIE ARBEIT ZU STELLEN<\/h1>\n\n<p>Die Green Card f\u00fcr Arbeit ist f\u00fcr viele Menschen der absolute Gral und \u00f6ffnet die T\u00fcr zu den vielen Staaten, die die Vereinigten Staaten von Amerika bilden: Florida, Kalifornien, Iowa, Texas, Louisiana, Colorado, Oregon&#8230;. Im Gegensatz zu<a href=\"https:\/\/www.esta-officiel-usa.com\/de\/\">ESTA<\/a> kann jedermann in den USA arbeiten, Berufserfahrung sammeln, wohnen oder ein Familienmitglied nachholen, und zwar auf Dauer. Wenn Sie eine Karte beantragen und diese dann erhalten, werden Sie dauerhaft ans\u00e4ssig und erleben den amerikanischen Traum in seiner reinsten Form. Bevor Sie abreisen, sollten Sie wissen, was Sie tun m\u00fcssen, <a href=\"https:\/\/www.esta-officiel-usa.com\/de\/die-formalitaeten-fuer-einen-besuch-in-den-usa\/\">um die USA zu besuchen<\/a>, dort zu leben oder zu arbeiten. Lassen Sie uns einen Blick auf den Arbeitsmarkt in den Vereinigten Staaten von Amerika und die Green Card werfen. Wenn Sie mehr \u00fcber die Beantragung einer Green Card f\u00fcr die Arbeit als Einwanderer erfahren m\u00f6chten, lesen Sie bitte diesen Artikel!     <br\/> <\/p>\n\n<h2 class=\"wp-block-heading\">DIE GREEN CARD F\u00dcR DIE ARBEIT<\/h2>\n\n<p>Die Einwanderung ist sehr kontrolliert und es ist sehr schwierig, <a href=\"https:\/\/www.esta-officiel-usa.com\/de\/was-muss-ich-tun-um-ein-arbeitsvisum-fuer-die-usa-zu-erhalten\/\">in den USA zu leben und zu arbeiten<\/a>, da man eine Green Card beantragen und einen Arbeitgeber in einem amerikanischen Unternehmen finden muss. Die wertvolle Arbeitserlaubnis wird nur von einer Minderheit der Antragsteller erhalten, da es Quoten gibt, die eingehalten werden m\u00fcssen. J\u00e4hrlich werden etwa 140.000 Green Cards f\u00fcr einen Job in den USA ausgestellt. 9.800 Green Cards sind die zul\u00e4ssige Anzahl von Ausstellungen pro Land. Wie Sie sehen k\u00f6nnen, ist der Wettbewerb um die Green Card hart, insbesondere wenn Sie aus einem bev\u00f6lkerungsreichen Land einwandern.    <\/p>\n\n<p>Die Green Card f\u00fcr Arbeit wird \u00fcber Ihren Arbeitgeber beantragt. Um die USA Green Card f\u00fcr Arbeit zu erhalten, m\u00fcssen Sie eine Arbeit finden und sich einstellen lassen. Der Arbeitgeber kann die Green Card f\u00fcr Arbeit nach Ihrer Einstellung beantragen, aber es ist auch ratsam, sich an eine Anwaltskanzlei zu wenden, die mit den erforderlichen Schritten und Bedingungen vertraut ist. Der spezialisierte Anwalt kann \u00fcberpr\u00fcfen, ob alle Unterlagen eingereicht wurden und ob der Antrag vollst\u00e4ndig ist, um eine Ablehnung zu vermeiden, und Ihnen alle notwendigen rechtlichen Ratschl\u00e4ge geben.  <\/p>\n\n<p>Wenn Sie die USA nur vor\u00fcbergehend (f\u00fcr weniger als drei Monate) besuchen m\u00f6chten, brauchen Sie keine Green Card f\u00fcr Arbeit zu beantragen, sondern k\u00f6nnen einfach <a href=\"https:\/\/www.esta-officiel-usa.com\/fr\/comment-faire-une-demande-esta-officiel\/\">ein ESTA beantragen<\/a> (ESTA ist ein Programm zur Befreiung von der Visumspflicht).<br\/> <\/p>\n\n<h2 class=\"wp-block-heading\">DIE GREEN CARD DURCH EINE BESCH\u00c4FTIGUNG ERHALTEN<\/h2>\n\n<p>Sie sollten sich nicht beeilen, um eine Green Card nach Ihrer Einstellung zu erhalten, da die Verfahren und die Bearbeitung Ihrer Akte einige Zeit in Anspruch nehmen k\u00f6nnen. Die Beantragung eines st\u00e4ndigen Wohnsitzes kann mehrere Jahre dauern. <\/p>\n\n<p>M\u00f6chten Sie wissen, ob Sie berechtigt sind? Zun\u00e4chst m\u00fcssen Sie einen g\u00fcltigen <a href=\"https:\/\/www.esta-officiel-usa.com\/fr\/quel-type-de-passeport-pour-les-usa\/\">Reisepass<\/a> besitzen. Die weiteren Schritte k\u00f6nnen je nach der Stelle, die Sie erhalten haben, unterschiedlich sein. In der Regel wird Ihr Sponsor den Antrag auf eine Green Card durch Arbeit stellen. Der Arbeitgeber muss eine vom Arbeitsministerium ausgestellte Arbeitsbescheinigung vorlegen; dies ist ein Nachweis und eines der erforderlichen Dokumente, mit denen Sie nachweisen k\u00f6nnen, dass Sie dem Unternehmen echtes Know-how und einen Mehrwert bieten. Sie m\u00fcssen dann das Anmeldeformular l-140 ausf\u00fcllen, das Ihnen eine Visanummer gibt. Nun m\u00fcssen Sie nur noch einige Monate oder mehr als ein Jahr warten, was von vielen Kriterien wie der Position oder den Qualifikationen des Bewerbers abh\u00e4ngt. Wir weisen darauf hin, dass Inhaber eines <a href=\"https:\/\/www.esta-officiel-usa.com\/de\/l1-visum-fuer-den-transfer-von-fuehrungskraeften-in-die-usa\/\">L1-Visums<\/a> schneller bearbeitet werden. Sobald Ihr Antrag genehmigt ist, k\u00f6nnen Sie als Inhaber einer Daueraufenthaltskarte legal in den USA arbeiten und dauerhaft und vor allem legal leben. Das Leben als Expat steht Ihnen offen!           <\/p>\n\n<p>Wie kann man eine Green Card erhalten und auf andere Weise ins Ausland gehen? Ganz einfach durch Heirat. Wenn Sie einen US-B\u00fcrger heiraten, k\u00f6nnen Sie die Green Card erhalten und in den USA leben. Seien Sie wachsam, da gegen Sie und Ihren Ehepartner Ermittlungen eingeleitet werden, um sicherzustellen, dass die Ehe keine Scheinehe ist. Sie k\u00f6nnen auch an der Green Card Lotterie (Diversity Visa Program) teilnehmen, unter bestimmten Bedingungen wie: gute Englischkenntnisse und ein ausreichendes Schulniveau. Auch wenn diese M\u00f6glichkeit gering ist, haben Sie vielleicht Gl\u00fcck und k\u00f6nnen Ihren Wunsch, ins Ausland zu gehen, erf\u00fcllen. Es sei denn, <a href=\"https:\/\/www.esta-officiel-usa.com\/fr\/lannulation-de-la-green-card-par-donald-trump\/\">Donald Trumps Plan, die Green Card abzuschaffen<\/a>, ist erfolgreich&#8230;      <\/p>\n","protected":false},"excerpt":{"rendered":"<p>EINEN ANTRAG AUF EINE GREEN CARD F\u00dcR DIE ARBEIT ZU STELLEN Die Green Card f\u00fcr Arbeit ist f\u00fcr viele Menschen der absolute Gral und \u00f6ffnet die T\u00fcr zu den vielen Staaten, die die Vereinigten Staaten von Amerika bilden: Florida, Kalifornien, Iowa, Texas, Louisiana, Colorado, Oregon&#8230;. Im Gegensatz zuESTA kann jedermann in den USA arbeiten, Berufserfahrung [&hellip;]<\/p>\n","protected":false},"author":1,"featured_media":0,"parent":0,"menu_order":0,"comment_status":"closed","ping_status":"closed","template":"","meta":{"footnotes":""},"class_list":["post-1533","page","type-page","status-publish","hentry"],"yoast_head":"<!-- This site is optimized with the Yoast SEO plugin v26.2 - https:\/\/yoast.com\/wordpress\/plugins\/seo\/ -->\n<title>Antrag auf eine Greencard f\u00fcr die Arbeit<\/title>\n<meta name=\"description\" content=\"Die Einwanderung ist sehr kontrolliert und es ist schwierig, in den USA zu arbeiten. Erfahren Sie auf unserer Seite, wie Sie eine Green Card f\u00fcr die Arbeit erhalten k\u00f6nnen.\" \/>\n<meta name=\"robots\" content=\"index, follow, max-snippet:-1, max-image-preview:large, max-video-preview:-1\" \/>\n<link rel=\"canonical\" href=\"https:\/\/www.esta-officiel-usa.com\/de\/antrag-auf-eine-greencard-fuer-die-arbeit\/\" \/>\n<meta property=\"og:locale\" content=\"de_DE\" \/>\n<meta property=\"og:type\" content=\"article\" \/>\n<meta property=\"og:title\" content=\"Antrag auf eine Greencard f\u00fcr die Arbeit\" \/>\n<meta property=\"og:description\" content=\"Die Einwanderung ist sehr kontrolliert und es ist schwierig, in den USA zu arbeiten. Erfahren Sie auf unserer Seite, wie Sie eine Green Card f\u00fcr die Arbeit erhalten k\u00f6nnen.\" \/>\n<meta property=\"og:url\" content=\"https:\/\/www.esta-officiel-usa.com\/de\/antrag-auf-eine-greencard-fuer-die-arbeit\/\" \/>\n<meta property=\"og:site_name\" content=\"ESTA - Vereinigte Staaten\" \/>\n<meta property=\"article:modified_time\" content=\"2025-09-13T12:03:53+00:00\" \/>\n<meta name=\"twitter:card\" content=\"summary_large_image\" \/>\n<meta name=\"twitter:label1\" content=\"Gesch\u00e4tzte Lesezeit\" \/>\n\t<meta name=\"twitter:data1\" content=\"4\u00a0Minuten\" \/>\n<script type=\"application\/ld+json\" class=\"yoast-schema-graph\">{\"@context\":\"https:\/\/schema.org\",\"@graph\":[{\"@type\":\"WebPage\",\"@id\":\"https:\/\/www.esta-officiel-usa.com\/de\/antrag-auf-eine-greencard-fuer-die-arbeit\/\",\"url\":\"https:\/\/www.esta-officiel-usa.com\/de\/antrag-auf-eine-greencard-fuer-die-arbeit\/\",\"name\":\"Antrag auf eine Greencard f\u00fcr die Arbeit\",\"isPartOf\":{\"@id\":\"https:\/\/www.esta-officiel-usa.com\/de\/#website\"},\"datePublished\":\"2025-09-13T12:03:51+00:00\",\"dateModified\":\"2025-09-13T12:03:53+00:00\",\"description\":\"Die Einwanderung ist sehr kontrolliert und es ist schwierig, in den USA zu arbeiten. Erfahren Sie auf unserer Seite, wie Sie eine Green Card f\u00fcr die Arbeit erhalten k\u00f6nnen.\",\"breadcrumb\":{\"@id\":\"https:\/\/www.esta-officiel-usa.com\/de\/antrag-auf-eine-greencard-fuer-die-arbeit\/#breadcrumb\"},\"inLanguage\":\"de\",\"potentialAction\":[{\"@type\":\"ReadAction\",\"target\":[\"https:\/\/www.esta-officiel-usa.com\/de\/antrag-auf-eine-greencard-fuer-die-arbeit\/\"]}]},{\"@type\":\"BreadcrumbList\",\"@id\":\"https:\/\/www.esta-officiel-usa.com\/de\/antrag-auf-eine-greencard-fuer-die-arbeit\/#breadcrumb\",\"itemListElement\":[{\"@type\":\"ListItem\",\"position\":1,\"name\":\"Home\",\"item\":\"https:\/\/www.esta-officiel-usa.com\/de\/\"},{\"@type\":\"ListItem\",\"position\":2,\"name\":\"Antrag auf eine Greencard f\u00fcr die Arbeit\"}]},{\"@type\":\"WebSite\",\"@id\":\"https:\/\/www.esta-officiel-usa.com\/de\/#website\",\"url\":\"https:\/\/www.esta-officiel-usa.com\/de\/\",\"name\":\"ESTA - Vereinigte Staaten\",\"description\":\"ESTA-Antragsformular\",\"potentialAction\":[{\"@type\":\"SearchAction\",\"target\":{\"@type\":\"EntryPoint\",\"urlTemplate\":\"https:\/\/www.esta-officiel-usa.com\/de\/?s={search_term_string}\"},\"query-input\":{\"@type\":\"PropertyValueSpecification\",\"valueRequired\":true,\"valueName\":\"search_term_string\"}}],\"inLanguage\":\"de\"}]}<\/script>\n<!-- \/ Yoast SEO plugin. -->","yoast_head_json":{"title":"Antrag auf eine Greencard f\u00fcr die Arbeit","description":"Die Einwanderung ist sehr kontrolliert und es ist schwierig, in den USA zu arbeiten. Erfahren Sie auf unserer Seite, wie Sie eine Green Card f\u00fcr die Arbeit erhalten k\u00f6nnen.","robots":{"index":"index","follow":"follow","max-snippet":"max-snippet:-1","max-image-preview":"max-image-preview:large","max-video-preview":"max-video-preview:-1"},"canonical":"https:\/\/www.esta-officiel-usa.com\/de\/antrag-auf-eine-greencard-fuer-die-arbeit\/","og_locale":"de_DE","og_type":"article","og_title":"Antrag auf eine Greencard f\u00fcr die Arbeit","og_description":"Die Einwanderung ist sehr kontrolliert und es ist schwierig, in den USA zu arbeiten. Erfahren Sie auf unserer Seite, wie Sie eine Green Card f\u00fcr die Arbeit erhalten k\u00f6nnen.","og_url":"https:\/\/www.esta-officiel-usa.com\/de\/antrag-auf-eine-greencard-fuer-die-arbeit\/","og_site_name":"ESTA - Vereinigte Staaten","article_modified_time":"2025-09-13T12:03:53+00:00","twitter_card":"summary_large_image","twitter_misc":{"Gesch\u00e4tzte Lesezeit":"4\u00a0Minuten"},"schema":{"@context":"https:\/\/schema.org","@graph":[{"@type":"WebPage","@id":"https:\/\/www.esta-officiel-usa.com\/de\/antrag-auf-eine-greencard-fuer-die-arbeit\/","url":"https:\/\/www.esta-officiel-usa.com\/de\/antrag-auf-eine-greencard-fuer-die-arbeit\/","name":"Antrag auf eine Greencard f\u00fcr die Arbeit","isPartOf":{"@id":"https:\/\/www.esta-officiel-usa.com\/de\/#website"},"datePublished":"2025-09-13T12:03:51+00:00","dateModified":"2025-09-13T12:03:53+00:00","description":"Die Einwanderung ist sehr kontrolliert und es ist schwierig, in den USA zu arbeiten. Erfahren Sie auf unserer Seite, wie Sie eine Green Card f\u00fcr die Arbeit erhalten k\u00f6nnen.","breadcrumb":{"@id":"https:\/\/www.esta-officiel-usa.com\/de\/antrag-auf-eine-greencard-fuer-die-arbeit\/#breadcrumb"},"inLanguage":"de","potentialAction":[{"@type":"ReadAction","target":["https:\/\/www.esta-officiel-usa.com\/de\/antrag-auf-eine-greencard-fuer-die-arbeit\/"]}]},{"@type":"BreadcrumbList","@id":"https:\/\/www.esta-officiel-usa.com\/de\/antrag-auf-eine-greencard-fuer-die-arbeit\/#breadcrumb","itemListElement":[{"@type":"ListItem","position":1,"name":"Home","item":"https:\/\/www.esta-officiel-usa.com\/de\/"},{"@type":"ListItem","position":2,"name":"Antrag auf eine Greencard f\u00fcr die Arbeit"}]},{"@type":"WebSite","@id":"https:\/\/www.esta-officiel-usa.com\/de\/#website","url":"https:\/\/www.esta-officiel-usa.com\/de\/","name":"ESTA - Vereinigte Staaten","description":"ESTA-Antragsformular","potentialAction":[{"@type":"SearchAction","target":{"@type":"EntryPoint","urlTemplate":"https:\/\/www.esta-officiel-usa.com\/de\/?s={search_term_string}"},"query-input":{"@type":"PropertyValueSpecification","valueRequired":true,"valueName":"search_term_string"}}],"inLanguage":"de"}]}},"_links":{"self":[{"href":"https:\/\/www.esta-officiel-usa.com\/de\/wp-json\/wp\/v2\/pages\/1533","targetHints":{"allow":["GET"]}}],"collection":[{"href":"https:\/\/www.esta-officiel-usa.com\/de\/wp-json\/wp\/v2\/pages"}],"about":[{"href":"https:\/\/www.esta-officiel-usa.com\/de\/wp-json\/wp\/v2\/types\/page"}],"author":[{"embeddable":true,"href":"https:\/\/www.esta-officiel-usa.com\/de\/wp-json\/wp\/v2\/users\/1"}],"replies":[{"embeddable":true,"href":"https:\/\/www.esta-officiel-usa.com\/de\/wp-json\/wp\/v2\/comments?post=1533"}],"version-history":[{"count":1,"href":"https:\/\/www.esta-officiel-usa.com\/de\/wp-json\/wp\/v2\/pages\/1533\/revisions"}],"predecessor-version":[{"id":1535,"href":"https:\/\/www.esta-officiel-usa.com\/de\/wp-json\/wp\/v2\/pages\/1533\/revisions\/1535"}],"wp:attachment":[{"href":"https:\/\/www.esta-officiel-usa.com\/de\/wp-json\/wp\/v2\/media?parent=1533"}],"curies":[{"name":"wp","href":"https:\/\/api.w.org\/{rel}","templated":true}]}}