{"id":1538,"date":"2025-09-13T12:03:53","date_gmt":"2025-09-13T12:03:53","guid":{"rendered":"https:\/\/www.esta-officiel-usa.com\/entdecken-sie-hawaii-mit-ihrer-esta-genehmigung\/"},"modified":"2025-09-13T12:03:55","modified_gmt":"2025-09-13T12:03:55","slug":"entdecken-sie-hawaii-mit-ihrer-esta-genehmigung","status":"publish","type":"page","link":"https:\/\/www.esta-officiel-usa.com\/de\/entdecken-sie-hawaii-mit-ihrer-esta-genehmigung\/","title":{"rendered":"Entdecken Sie Hawaii mit Ihrer ESTA-Genehmigung"},"content":{"rendered":"\n<h1 class=\"wp-block-heading\">Entdecken Sie Hawaii mit ESTA<\/h1>\n\n<p>Aloha, liebe Leser! Millionen von Touristen reisen jedes Jahr mit <a href=\"https:\/\/www.esta-officiel-usa.com\/de\/\">ESTA<\/a> auf diesen vulkanischen Archipel im Pazifischen Ozean. Eine Mischung aus Klippen, Regenw\u00e4ldern, Korallenriffen, Sandstr\u00e4nden und ganzj\u00e4hrig milden Temperaturen macht den Reiz dieser Insel aus. Dieses Naturparadies, das aus 122 Inseln und verschiedenen Landschaften besteht, ist 3.900 km von Kalifornien entfernt und dennoch seit 1959 der f\u00fcnfzigste Bundesstaat der USA. Weit weg von der Freiheitsstatue und der W\u00fcste von Nevada, reisen Sie abseits der \u00fcblichen Touristenpfade. M\u00f6chten Sie Ihren n\u00e4chsten Urlaub auf dem Archipel verbringen? Beantragen Sie einfach ein ESTA, um nach Hawaii zu fliegen! Unser Expertenteam erkl\u00e4rt Ihnen alles, was Sie dazu wissen m\u00fcssen.      <\/p>\n\n<h2 class=\"wp-block-heading\">Top-Aktivit\u00e4ten in Hawaii<\/h2>\n\n<p>Bevor Sie Ihren Urlaub auf Hawaii antreten, m\u00fcssen Sie Ihre \nReise organisieren, damit Sie nichts verpassen! Hier sind unsere Tipps f\u00fcr einen \nwunderbaren Urlaub. <\/p>\n\n<h3 class=\"wp-block-heading\">Entdecken Sie die Hauptstadt: Honolulu<\/h3>\n\n<p>Lassen Sie sich von der hawaiianischen Atmosph\u00e4re anstecken und besuchen Sie den \nber\u00fchmten Waikiki Beach, um ganz einzutauchen, die \nSonne zu genie\u00dfen, Surfer zu beobachten und zu feiern. Schlendern Sie durch die \nStra\u00dfen mit viktorianischer Architektur und leicht asiatischem Flair. \nVergessen Sie nicht, Pearl Harbor zu besuchen, einen legend\u00e4ren Ort, an dem Sie \nmehr \u00fcber diese Schlacht erfahren k\u00f6nnen. Beenden Sie Ihren Spaziergang mit\n, dem historischen Zentrum mit dem K\u00f6nigspalast.  <\/p>\n\n<h3 class=\"wp-block-heading\">Erleben Sie ein Abenteuer im Hawaii Volcanoes National Park.<\/h3>\n\n<p>Eine Landschaft von seltener Sch\u00f6nheit, die zwei aktivsten Vulkane der Welt \n\u00fcberragen den Pazifik. Hier befinden sich der Mauna Loa und der Kileaua. Die \nBesucher k\u00f6nnen sich an der Flora und Fauna des Parks erfreuen. Sie \nk\u00f6nnen hier seltene Vogelarten antreffen.   <\/p>\n\n<p>Diese vielen Str\u00e4nde werden als die sch\u00f6nsten auf Hawaii angesehen.\n Sie k\u00f6nnen kleine Buchten mit t\u00fcrkisfarbenem Wasser und einen \nTauchplatz im Kanaha Beach Park finden. Dies ist auch die perfekte Gelegenheit zum Surfen \n. Ein wahres Paradies, das es zu entdecken gilt.  <\/p>\n\n<h3 class=\"wp-block-heading\">Beobachtung von Walen und Delfinen<\/h3>\n\n<p>Im Winter bieten kleine und mittelgro\u00dfe Schiffe den Touristen \ndie M\u00f6glichkeit, Wale und Delfine zu beobachten. Eine gute Gelegenheit f\u00fcr \n, einen Einblick in das Leben dieser Tiere zu bekommen und mehr \u00fcber sie zu erfahren \n. <\/p>\n\n<h3 class=\"wp-block-heading\">Probieren Sie die typischen Gerichte<\/h3>\n\n<p>Wenn Sie gerne essen, werden Sie wahrscheinlich von der vielf\u00e4ltigen K\u00fcche, die Hawaii zu bieten hat, begeistert sein. Es werden chinesische, japanische, vietnamesische und portugiesische Einfl\u00fcsse angeboten. Probieren Sie Lomi Lomi Salmon, ein Gericht mit Lachs, Tomaten und Zwiebeln oder Chicken Luau, ein Huhn, das in Tarobl\u00e4ttern und Kokosmilch gegart wird.  <\/p>\n\n<h2 class=\"wp-block-heading\">ESTA beantragen, um Hawaii zu entdecken<\/h2>\n\n<p>Sind Sie von diesem Traumziel begeistert? Sie k\u00f6nnen \nseit 2009 ohne Visum in die USA reisen, dank des \nVisa Waiver Program (Programm zur Befreiung von der Visumspflicht). ESTA (Electronic System for \nTravel Authorization) wurde eingef\u00fchrt, um die Arbeit \nder US-Beh\u00f6rden zu erleichtern und die Erteilung von Reisegenehmigungen\n f\u00fcr die Antragsteller zu vereinfachen.  <\/p>\n\n<p>Um einen <a href=\"https:\/\/www.esta-officiel-usa.com\/fr\/obtenir-un-esta-en-ligne\/\">ESTA-Antrag online<\/a> zu stellen, m\u00fcssen Sie lediglich bestimmte Bedingungen erf\u00fcllen: Sie m\u00fcssen Staatsb\u00fcrger eines der vom <a href=\"https:\/\/www.esta-officiel-usa.com\/fr\/a-propos-du-visa-waiver-program\/\">VWP<\/a> betroffenen L\u00e4nder sein, einen g\u00fcltigen Reisepass (biometrischer Reisepass oder elektronischer Reisepass) besitzen, per Luft- oder Seeweg in die USA reisen und eine Touristen-, Gesch\u00e4fts- oder Transitreise unternehmen.<\/p>\n\n<p>Wenn Sie alle diese Kriterien erf\u00fcllen, haben Sie zwei M\u00f6glichkeiten:<\/p>\n\n<ul class=\"wp-block-list\">\n<li>  den Antrag auf der offiziellen Website der US-Regierung. Sie m\u00fcssen ein umfangreiches ESTA-Formular mit Ihren pers\u00f6nlichen Daten (Name, Vorname, Geburtsdatum, Passnummer usw.) ausf\u00fcllen. Au\u00dferdem werden Ihnen einige Fragen zu Ihrer Vorstrafe und Ihrer k\u00f6rperlichen und geistigen Gesundheit gestellt. Sie m\u00fcssen diesen Fragebogen mit der gr\u00f6\u00dftm\u00f6glichen Ehrlichkeit beantworten. Sie erhalten auf dieser Plattform keine Hilfe.      <\/li>\n\n\n\n<li>  Antrag auf einer privaten Website wie der Plattform unseres Partners. Sie m\u00fcssen lediglich ein vereinfachtes Online-Formular ausf\u00fcllen. Eine bevollm\u00e4chtigte Person wird den Antrag in Ihrem Namen stellen. Wenn Sie Hilfe ben\u00f6tigen, wenden Sie sich bitte an das Kundenserviceteam.     <\/li>\n<\/ul>\n\n<p>Sie erhalten innerhalb von 72 Stunden nach Einreichung Ihres Antrags eine Antwort. Und wenn Sie keine Zeit haben, Hawaii w\u00e4hrend Ihres Aufenthalts zu besuchen, kaufen Sie einfach neue Flugtickets, denn ESTA ist zwei Jahre lang <a href=\"https:\/\/www.esta-officiel-usa.com\/de\/wie-lange-ist-esta-gueltig\/\">g\u00fcltig<\/a>! <\/p>\n\n<p>Eine Ablehnung des ESTA-Antrags ist selten, aber wenn es Ihnen passiert, kann dies auf einen Fehler beim Ausf\u00fcllen des Formulars zur\u00fcckzuf\u00fchren sein; in diesem Fall k\u00f6nnen Sie Ihr Gl\u00fcck innerhalb von 10 Tagen nach dem ersten Antrag erneut versuchen. Andernfalls m\u00fcssen Sie ein Visum bei der US-Botschaft oder dem Konsulat beantragen. <\/p>\n\n<p>Ein Hauch von Ukulele, atemberaubende Landschaften und t\u00fcrkisfarbenes Meer &#8211; dank der ESTA-Genehmigung bald Realit\u00e4t f\u00fcr Sie. Gute Reise in die USA!<\/p>\n","protected":false},"excerpt":{"rendered":"<p>Entdecken Sie Hawaii mit ESTA Aloha, liebe Leser! Millionen von Touristen reisen jedes Jahr mit ESTA auf diesen vulkanischen Archipel im Pazifischen Ozean. Eine Mischung aus Klippen, Regenw\u00e4ldern, Korallenriffen, Sandstr\u00e4nden und ganzj\u00e4hrig milden Temperaturen macht den Reiz dieser Insel aus. Dieses Naturparadies, das aus 122 Inseln und verschiedenen Landschaften besteht, ist 3.900 km von Kalifornien [&hellip;]<\/p>\n","protected":false},"author":1,"featured_media":0,"parent":0,"menu_order":0,"comment_status":"closed","ping_status":"closed","template":"","meta":{"footnotes":""},"class_list":["post-1538","page","type-page","status-publish","hentry"],"yoast_head":"<!-- This site is optimized with the Yoast SEO plugin v26.2 - https:\/\/yoast.com\/wordpress\/plugins\/seo\/ -->\n<title>Entdecken Sie Hawaii mit Ihrer ESTA-Genehmigung<\/title>\n<meta name=\"description\" content=\"Entdecken Sie Hawaii mit Ihrer ESTA-Genehmigung in der Tasche\" \/>\n<meta name=\"robots\" content=\"index, follow, max-snippet:-1, max-image-preview:large, max-video-preview:-1\" \/>\n<link rel=\"canonical\" href=\"https:\/\/www.esta-officiel-usa.com\/de\/entdecken-sie-hawaii-mit-ihrer-esta-genehmigung\/\" \/>\n<meta property=\"og:locale\" content=\"de_DE\" \/>\n<meta property=\"og:type\" content=\"article\" \/>\n<meta property=\"og:title\" content=\"Entdecken Sie Hawaii mit Ihrer ESTA-Genehmigung\" \/>\n<meta property=\"og:description\" content=\"Entdecken Sie Hawaii mit Ihrer ESTA-Genehmigung in der Tasche\" \/>\n<meta property=\"og:url\" content=\"https:\/\/www.esta-officiel-usa.com\/de\/entdecken-sie-hawaii-mit-ihrer-esta-genehmigung\/\" \/>\n<meta property=\"og:site_name\" content=\"ESTA - Vereinigte Staaten\" \/>\n<meta property=\"article:modified_time\" content=\"2025-09-13T12:03:55+00:00\" \/>\n<meta name=\"twitter:card\" content=\"summary_large_image\" \/>\n<meta name=\"twitter:label1\" content=\"Gesch\u00e4tzte Lesezeit\" \/>\n\t<meta name=\"twitter:data1\" content=\"4\u00a0Minuten\" \/>\n<script type=\"application\/ld+json\" class=\"yoast-schema-graph\">{\"@context\":\"https:\/\/schema.org\",\"@graph\":[{\"@type\":\"WebPage\",\"@id\":\"https:\/\/www.esta-officiel-usa.com\/de\/entdecken-sie-hawaii-mit-ihrer-esta-genehmigung\/\",\"url\":\"https:\/\/www.esta-officiel-usa.com\/de\/entdecken-sie-hawaii-mit-ihrer-esta-genehmigung\/\",\"name\":\"Entdecken Sie Hawaii mit Ihrer ESTA-Genehmigung\",\"isPartOf\":{\"@id\":\"https:\/\/www.esta-officiel-usa.com\/de\/#website\"},\"datePublished\":\"2025-09-13T12:03:53+00:00\",\"dateModified\":\"2025-09-13T12:03:55+00:00\",\"description\":\"Entdecken Sie Hawaii mit Ihrer ESTA-Genehmigung in der Tasche\",\"breadcrumb\":{\"@id\":\"https:\/\/www.esta-officiel-usa.com\/de\/entdecken-sie-hawaii-mit-ihrer-esta-genehmigung\/#breadcrumb\"},\"inLanguage\":\"de\",\"potentialAction\":[{\"@type\":\"ReadAction\",\"target\":[\"https:\/\/www.esta-officiel-usa.com\/de\/entdecken-sie-hawaii-mit-ihrer-esta-genehmigung\/\"]}]},{\"@type\":\"BreadcrumbList\",\"@id\":\"https:\/\/www.esta-officiel-usa.com\/de\/entdecken-sie-hawaii-mit-ihrer-esta-genehmigung\/#breadcrumb\",\"itemListElement\":[{\"@type\":\"ListItem\",\"position\":1,\"name\":\"Home\",\"item\":\"https:\/\/www.esta-officiel-usa.com\/de\/\"},{\"@type\":\"ListItem\",\"position\":2,\"name\":\"Entdecken Sie Hawaii mit Ihrer ESTA-Genehmigung\"}]},{\"@type\":\"WebSite\",\"@id\":\"https:\/\/www.esta-officiel-usa.com\/de\/#website\",\"url\":\"https:\/\/www.esta-officiel-usa.com\/de\/\",\"name\":\"ESTA - Vereinigte Staaten\",\"description\":\"ESTA-Antragsformular\",\"potentialAction\":[{\"@type\":\"SearchAction\",\"target\":{\"@type\":\"EntryPoint\",\"urlTemplate\":\"https:\/\/www.esta-officiel-usa.com\/de\/?s={search_term_string}\"},\"query-input\":{\"@type\":\"PropertyValueSpecification\",\"valueRequired\":true,\"valueName\":\"search_term_string\"}}],\"inLanguage\":\"de\"}]}<\/script>\n<!-- \/ Yoast SEO plugin. -->","yoast_head_json":{"title":"Entdecken Sie Hawaii mit Ihrer ESTA-Genehmigung","description":"Entdecken Sie Hawaii mit Ihrer ESTA-Genehmigung in der Tasche","robots":{"index":"index","follow":"follow","max-snippet":"max-snippet:-1","max-image-preview":"max-image-preview:large","max-video-preview":"max-video-preview:-1"},"canonical":"https:\/\/www.esta-officiel-usa.com\/de\/entdecken-sie-hawaii-mit-ihrer-esta-genehmigung\/","og_locale":"de_DE","og_type":"article","og_title":"Entdecken Sie Hawaii mit Ihrer ESTA-Genehmigung","og_description":"Entdecken Sie Hawaii mit Ihrer ESTA-Genehmigung in der Tasche","og_url":"https:\/\/www.esta-officiel-usa.com\/de\/entdecken-sie-hawaii-mit-ihrer-esta-genehmigung\/","og_site_name":"ESTA - Vereinigte Staaten","article_modified_time":"2025-09-13T12:03:55+00:00","twitter_card":"summary_large_image","twitter_misc":{"Gesch\u00e4tzte Lesezeit":"4\u00a0Minuten"},"schema":{"@context":"https:\/\/schema.org","@graph":[{"@type":"WebPage","@id":"https:\/\/www.esta-officiel-usa.com\/de\/entdecken-sie-hawaii-mit-ihrer-esta-genehmigung\/","url":"https:\/\/www.esta-officiel-usa.com\/de\/entdecken-sie-hawaii-mit-ihrer-esta-genehmigung\/","name":"Entdecken Sie Hawaii mit Ihrer ESTA-Genehmigung","isPartOf":{"@id":"https:\/\/www.esta-officiel-usa.com\/de\/#website"},"datePublished":"2025-09-13T12:03:53+00:00","dateModified":"2025-09-13T12:03:55+00:00","description":"Entdecken Sie Hawaii mit Ihrer ESTA-Genehmigung in der Tasche","breadcrumb":{"@id":"https:\/\/www.esta-officiel-usa.com\/de\/entdecken-sie-hawaii-mit-ihrer-esta-genehmigung\/#breadcrumb"},"inLanguage":"de","potentialAction":[{"@type":"ReadAction","target":["https:\/\/www.esta-officiel-usa.com\/de\/entdecken-sie-hawaii-mit-ihrer-esta-genehmigung\/"]}]},{"@type":"BreadcrumbList","@id":"https:\/\/www.esta-officiel-usa.com\/de\/entdecken-sie-hawaii-mit-ihrer-esta-genehmigung\/#breadcrumb","itemListElement":[{"@type":"ListItem","position":1,"name":"Home","item":"https:\/\/www.esta-officiel-usa.com\/de\/"},{"@type":"ListItem","position":2,"name":"Entdecken Sie Hawaii mit Ihrer ESTA-Genehmigung"}]},{"@type":"WebSite","@id":"https:\/\/www.esta-officiel-usa.com\/de\/#website","url":"https:\/\/www.esta-officiel-usa.com\/de\/","name":"ESTA - Vereinigte Staaten","description":"ESTA-Antragsformular","potentialAction":[{"@type":"SearchAction","target":{"@type":"EntryPoint","urlTemplate":"https:\/\/www.esta-officiel-usa.com\/de\/?s={search_term_string}"},"query-input":{"@type":"PropertyValueSpecification","valueRequired":true,"valueName":"search_term_string"}}],"inLanguage":"de"}]}},"_links":{"self":[{"href":"https:\/\/www.esta-officiel-usa.com\/de\/wp-json\/wp\/v2\/pages\/1538","targetHints":{"allow":["GET"]}}],"collection":[{"href":"https:\/\/www.esta-officiel-usa.com\/de\/wp-json\/wp\/v2\/pages"}],"about":[{"href":"https:\/\/www.esta-officiel-usa.com\/de\/wp-json\/wp\/v2\/types\/page"}],"author":[{"embeddable":true,"href":"https:\/\/www.esta-officiel-usa.com\/de\/wp-json\/wp\/v2\/users\/1"}],"replies":[{"embeddable":true,"href":"https:\/\/www.esta-officiel-usa.com\/de\/wp-json\/wp\/v2\/comments?post=1538"}],"version-history":[{"count":1,"href":"https:\/\/www.esta-officiel-usa.com\/de\/wp-json\/wp\/v2\/pages\/1538\/revisions"}],"predecessor-version":[{"id":1540,"href":"https:\/\/www.esta-officiel-usa.com\/de\/wp-json\/wp\/v2\/pages\/1538\/revisions\/1540"}],"wp:attachment":[{"href":"https:\/\/www.esta-officiel-usa.com\/de\/wp-json\/wp\/v2\/media?parent=1538"}],"curies":[{"name":"wp","href":"https:\/\/api.w.org\/{rel}","templated":true}]}}