{"id":1545,"date":"2025-09-13T12:03:58","date_gmt":"2025-09-13T12:03:58","guid":{"rendered":"https:\/\/www.esta-officiel-usa.com\/f1-visum-fuer-ein-studium-in-den-usa\/"},"modified":"2025-09-13T12:04:01","modified_gmt":"2025-09-13T12:04:01","slug":"f1-visum-fuer-ein-studium-in-den-usa","status":"publish","type":"page","link":"https:\/\/www.esta-officiel-usa.com\/de\/f1-visum-fuer-ein-studium-in-den-usa\/","title":{"rendered":"F1-Visum f\u00fcr ein Studium in den USA"},"content":{"rendered":"\n<h1 class=\"wp-block-heading\">F1-Visum: die L\u00f6sung f\u00fcr ein Studium in den USA<\/h1>\n\n<p>Jede Reise in die USA erfordert einen mehr oder weniger langen und kostspieligen Schritt: die Beantragung einer Aufenthaltsgenehmigung. Dabei kann es sich um ein <a href=\"https:\/\/www.esta-officiel-usa.com\/de\/\">offizielles ESTA<\/a> oder ein Visum handeln. Hier geht es um letzteres und insbesondere um das F1-Visum. Es gibt eine Vielzahl von Visa, die oft mit einem Buchstaben und einer Zahl gekennzeichnet sind und jeweils einem bestimmten Reisezweck entsprechen. Je nachdem, ob Sie z. B. f\u00fcr einen Sprachaufenthalt, zum Arbeiten im Ausland oder als Au Pair in die USA reisen, m\u00fcssen Sie ein bestimmtes Visum beantragen.    <\/p>\n\n<p>Das <a href=\"https:\/\/www.esta-officiel-usa.com\/de\/praesentation-der-besonderheiten-der-visa-j1-und-f1\/\">F1-Visum<\/a> ist eine Genehmigung f\u00fcr Studenten, die an Vorlesungen an einer amerikanischen Universit\u00e4t teilnehmen m\u00f6chten. Dieser Artikel soll Ihnen m\u00f6glichst viele Erkl\u00e4rungen zu diesem Dokument geben, das jedes Jahr von vielen jungen Franzosen beantragt wird, die auf der Suche nach Abenteuern und dem amerikanischen Traum sind. <br\/>  <\/p>\n\n<h2 class=\"wp-block-heading\">Studieren in den USA mit dem F1-Visum<\/h2>\n\n<p>Erwarten Sie nicht, dass Sie mit einem einfachen Personalausweis \nund Ihrem Rucksack zu Uncle Sam reisen k\u00f6nnen: Ihr Abenteuer wird am Flughafen enden!\n Internationale Reisen erfordern heute mehr \nFormalit\u00e4ten als fr\u00fcher, aus verschiedenen wirtschaftlichen Gr\u00fcnden und \nvor allem aus Gr\u00fcnden der inneren Sicherheit. Sie m\u00fcssen mindestens Ihren \ng\u00fcltigen Reisepass und eine von den US-Beh\u00f6rden \nausgestellte Genehmigung zum \u00dcberschreiten der Landesgrenze mit sich f\u00fchren. <\/p>\n\n<p>Die Art der erforderlichen Genehmigung h\u00e4ngt ganz einfach vom Zweck des Aufenthalts in den USA, der Dauer und dem Herkunftsland der Person ab. Zum Beispiel k\u00f6nnen B\u00fcrger, die am <a href=\"https:\/\/www.esta-officiel-usa.com\/fr\/a-propos-du-visa-waiver-program\/\">Visa Waiver Program<\/a> (Programm zur Befreiung von der Visumspflicht) teilnehmen, auf einfache Weise in die USA einreisen, sei es als Tourist, Durchreisender oder Gesch\u00e4ftsreisender f\u00fcr bis zu 90 aufeinanderfolgende Tage. Nur 38 Staaten haben diese M\u00f6glichkeit.  <\/p>\n\n<p>Personen, die sich dauerhaft in den USA aufhalten wollen, ben\u00f6tigen ein Einwanderervisum (&#8222;<a href=\"https:\/\/www.esta-officiel-usa.com\/de\/was-ist-eine-greencard\/\">green card<\/a>&#8222;), w\u00e4hrend vor\u00fcbergehende Besucher ein <a href=\"https:\/\/www.esta-officiel-usa.com\/fr\/les-conditions-a-respecter-pour-obtenir-le-visa-usa\/\">USA-Visum<\/a> ben\u00f6tigen, sofern sie nicht die Kriterien f\u00fcr dieESTA-Genehmigungerf\u00fcllen. Die Welt der Visa mag auf den ersten Blick labyrinthisch erscheinen. Wenn Sie jedoch den Zweck Ihrer Reise in die USA genau angeben, k\u00f6nnen Sie leicht das richtige Dokument finden.  <\/p>\n\n<p>M\u00f6chten Sie auf Arbeitssuche gehen? M\u00f6chten Sie einen Nationalpark besuchen? Ihre Englischkenntnisse in einer Gastfamilie verbessern? F\u00fcr jede Situation gibt es eine L\u00f6sung f\u00fcr ein USA-Visum. Hier wenden wir uns an junge Franzosen, die nach Nordamerika fliegen wollen, um dort f\u00fcr einige Monate an einer Bildungseinrichtung (Universit\u00e4t, Gymnasium, Sprachschule&#8230;) zu studieren. Dies ist ein spannendes Projekt, das viele Menschen nach dem Abitur oder am Ende ihres Studiums reizt.     <\/p>\n\n<p>Um Ihren Traum zu verwirklichen, sollten Sie ein F1 USA Visum beantragen. Dieses Visum gilt f\u00fcr alle Aufenthalte, die mindestens 18 Unterrichtsstunden pro Woche beinhalten. Bitte beachten Sie, dass Sie nicht nebenbei einen Studentenjob annehmen k\u00f6nnen.  <\/p>\n\n<p>Wie erhalten Sie dieses F1-Visum f\u00fcr ausl\u00e4ndische Studenten? Die Antwort finden Sie im folgenden Abschnitt. <\/p>\n\n<h2 class=\"wp-block-heading\">Beantragung des F1-Visums USA<\/h2>\n\n<p>Denken Sie daran, dass ein Visumantrag nicht immer eine positive Antwort von den Beh\u00f6rden bedeutet. Sie m\u00fcssen alle Schritte korrekt best\u00e4tigen und die US-Annahmebedingungen erf\u00fcllen. Es ist jedoch besser, selbstbewusst und sicher zu sein, wenn Sie einen Antrag stellen, da dies Ihre Chancen beim Gespr\u00e4ch in der US-Botschaft erh\u00f6ht.  <\/p>\n\n<p>F\u00fcr das F1-Visum ist die erste H\u00fcrde die Zustimmung einer Gastschule. Sie brauchen ein Formular, um den Antrag zu stellen, und dieses wird von der Schule ausgestellt, an der Sie studieren m\u00f6chten. Erkundigen Sie sich bei Ihrer franz\u00f6sischen Hochschule, die vielleicht bereits Kontakte zu internationalen Partnern hat.  <\/p>\n\n<p>Nachdem Sie das erste Formular (i-20) ausgef\u00fcllt haben, m\u00fcssen Sie ein weiteres Formular\n ausf\u00fcllen: das DS-160.\n \nNehmen Sie sich die Zeit, die Sie brauchen, um Ihre Kontaktinformationen, Ihre Identit\u00e4t, Ihre \nAbsichten usw. auszuf\u00fcllen. <\/p>\n\n<p>Schlie\u00dflich m\u00fcssen Sie noch eine Reihe von Belegen sammeln, um Ihr Dossier zusammenzustellen und es zu einem vereinbarten Termin in die US-Botschaft zu bringen. Wenn Sie dort angekommen sind, sollten Sie Ihre beste Rede vorbereiten, um Ihren Willen, in den USA zu studieren, Ihr Interesse an dem Land und Ihre Verdienste zu beweisen. Wenn alles gut l\u00e4uft, werden Sie Ihr Visum bald erhalten!  <\/p>\n\n<p>Gleichzeitig m\u00fcssen im Laufe des Verfahrens verschiedene Geb\u00fchren bezahlt werden, um die Verwaltungsmodalit\u00e4ten zu finanzieren. Letztendlich kann die Beantragung eines F1-Visums f\u00fcr die USA mehrere hundert Euro kosten. <\/p>\n\n<p>Sind Sie bereit, in die USA zu gehen und Ihr Studium im Ausland mit dem F1-Visum zu genie\u00dfen? Wir w\u00fcnschen Ihnen viel Erfolg und denken Sie daran, Ihre Ausfl\u00fcge in den Grand Canyon, nach Florida oder Kalifornien zu vervielfachen! <\/p>\n","protected":false},"excerpt":{"rendered":"<p>F1-Visum: die L\u00f6sung f\u00fcr ein Studium in den USA Jede Reise in die USA erfordert einen mehr oder weniger langen und kostspieligen Schritt: die Beantragung einer Aufenthaltsgenehmigung. Dabei kann es sich um ein offizielles ESTA oder ein Visum handeln. Hier geht es um letzteres und insbesondere um das F1-Visum. Es gibt eine Vielzahl von Visa, [&hellip;]<\/p>\n","protected":false},"author":1,"featured_media":0,"parent":0,"menu_order":0,"comment_status":"closed","ping_status":"closed","template":"","meta":{"footnotes":""},"class_list":["post-1545","page","type-page","status-publish","hentry"],"yoast_head":"<!-- This site is optimized with the Yoast SEO plugin v26.2 - https:\/\/yoast.com\/wordpress\/plugins\/seo\/ -->\n<title>F1-Visum f\u00fcr ein Studium in den USA<\/title>\n<meta name=\"description\" content=\"Entdecken Sie das F1-Visum, eine Genehmigung f\u00fcr Studenten, die an Vorlesungen an einer amerikanischen Universit\u00e4t teilnehmen m\u00f6chten.\" \/>\n<meta name=\"robots\" content=\"index, follow, max-snippet:-1, max-image-preview:large, max-video-preview:-1\" \/>\n<link rel=\"canonical\" href=\"https:\/\/www.esta-officiel-usa.com\/de\/f1-visum-fuer-ein-studium-in-den-usa\/\" \/>\n<meta property=\"og:locale\" content=\"de_DE\" \/>\n<meta property=\"og:type\" content=\"article\" \/>\n<meta property=\"og:title\" content=\"F1-Visum f\u00fcr ein Studium in den USA\" \/>\n<meta property=\"og:description\" content=\"Entdecken Sie das F1-Visum, eine Genehmigung f\u00fcr Studenten, die an Vorlesungen an einer amerikanischen Universit\u00e4t teilnehmen m\u00f6chten.\" \/>\n<meta property=\"og:url\" content=\"https:\/\/www.esta-officiel-usa.com\/de\/f1-visum-fuer-ein-studium-in-den-usa\/\" \/>\n<meta property=\"og:site_name\" content=\"ESTA - Vereinigte Staaten\" \/>\n<meta property=\"article:modified_time\" content=\"2025-09-13T12:04:01+00:00\" \/>\n<meta name=\"twitter:card\" content=\"summary_large_image\" \/>\n<meta name=\"twitter:label1\" content=\"Gesch\u00e4tzte Lesezeit\" \/>\n\t<meta name=\"twitter:data1\" content=\"4\u00a0Minuten\" \/>\n<script type=\"application\/ld+json\" class=\"yoast-schema-graph\">{\"@context\":\"https:\/\/schema.org\",\"@graph\":[{\"@type\":\"WebPage\",\"@id\":\"https:\/\/www.esta-officiel-usa.com\/de\/f1-visum-fuer-ein-studium-in-den-usa\/\",\"url\":\"https:\/\/www.esta-officiel-usa.com\/de\/f1-visum-fuer-ein-studium-in-den-usa\/\",\"name\":\"F1-Visum f\u00fcr ein Studium in den USA\",\"isPartOf\":{\"@id\":\"https:\/\/www.esta-officiel-usa.com\/de\/#website\"},\"datePublished\":\"2025-09-13T12:03:58+00:00\",\"dateModified\":\"2025-09-13T12:04:01+00:00\",\"description\":\"Entdecken Sie das F1-Visum, eine Genehmigung f\u00fcr Studenten, die an Vorlesungen an einer amerikanischen Universit\u00e4t teilnehmen m\u00f6chten.\",\"breadcrumb\":{\"@id\":\"https:\/\/www.esta-officiel-usa.com\/de\/f1-visum-fuer-ein-studium-in-den-usa\/#breadcrumb\"},\"inLanguage\":\"de\",\"potentialAction\":[{\"@type\":\"ReadAction\",\"target\":[\"https:\/\/www.esta-officiel-usa.com\/de\/f1-visum-fuer-ein-studium-in-den-usa\/\"]}]},{\"@type\":\"BreadcrumbList\",\"@id\":\"https:\/\/www.esta-officiel-usa.com\/de\/f1-visum-fuer-ein-studium-in-den-usa\/#breadcrumb\",\"itemListElement\":[{\"@type\":\"ListItem\",\"position\":1,\"name\":\"Home\",\"item\":\"https:\/\/www.esta-officiel-usa.com\/de\/\"},{\"@type\":\"ListItem\",\"position\":2,\"name\":\"F1-Visum f\u00fcr ein Studium in den USA\"}]},{\"@type\":\"WebSite\",\"@id\":\"https:\/\/www.esta-officiel-usa.com\/de\/#website\",\"url\":\"https:\/\/www.esta-officiel-usa.com\/de\/\",\"name\":\"ESTA - Vereinigte Staaten\",\"description\":\"ESTA-Antragsformular\",\"potentialAction\":[{\"@type\":\"SearchAction\",\"target\":{\"@type\":\"EntryPoint\",\"urlTemplate\":\"https:\/\/www.esta-officiel-usa.com\/de\/?s={search_term_string}\"},\"query-input\":{\"@type\":\"PropertyValueSpecification\",\"valueRequired\":true,\"valueName\":\"search_term_string\"}}],\"inLanguage\":\"de\"}]}<\/script>\n<!-- \/ Yoast SEO plugin. -->","yoast_head_json":{"title":"F1-Visum f\u00fcr ein Studium in den USA","description":"Entdecken Sie das F1-Visum, eine Genehmigung f\u00fcr Studenten, die an Vorlesungen an einer amerikanischen Universit\u00e4t teilnehmen m\u00f6chten.","robots":{"index":"index","follow":"follow","max-snippet":"max-snippet:-1","max-image-preview":"max-image-preview:large","max-video-preview":"max-video-preview:-1"},"canonical":"https:\/\/www.esta-officiel-usa.com\/de\/f1-visum-fuer-ein-studium-in-den-usa\/","og_locale":"de_DE","og_type":"article","og_title":"F1-Visum f\u00fcr ein Studium in den USA","og_description":"Entdecken Sie das F1-Visum, eine Genehmigung f\u00fcr Studenten, die an Vorlesungen an einer amerikanischen Universit\u00e4t teilnehmen m\u00f6chten.","og_url":"https:\/\/www.esta-officiel-usa.com\/de\/f1-visum-fuer-ein-studium-in-den-usa\/","og_site_name":"ESTA - Vereinigte Staaten","article_modified_time":"2025-09-13T12:04:01+00:00","twitter_card":"summary_large_image","twitter_misc":{"Gesch\u00e4tzte Lesezeit":"4\u00a0Minuten"},"schema":{"@context":"https:\/\/schema.org","@graph":[{"@type":"WebPage","@id":"https:\/\/www.esta-officiel-usa.com\/de\/f1-visum-fuer-ein-studium-in-den-usa\/","url":"https:\/\/www.esta-officiel-usa.com\/de\/f1-visum-fuer-ein-studium-in-den-usa\/","name":"F1-Visum f\u00fcr ein Studium in den USA","isPartOf":{"@id":"https:\/\/www.esta-officiel-usa.com\/de\/#website"},"datePublished":"2025-09-13T12:03:58+00:00","dateModified":"2025-09-13T12:04:01+00:00","description":"Entdecken Sie das F1-Visum, eine Genehmigung f\u00fcr Studenten, die an Vorlesungen an einer amerikanischen Universit\u00e4t teilnehmen m\u00f6chten.","breadcrumb":{"@id":"https:\/\/www.esta-officiel-usa.com\/de\/f1-visum-fuer-ein-studium-in-den-usa\/#breadcrumb"},"inLanguage":"de","potentialAction":[{"@type":"ReadAction","target":["https:\/\/www.esta-officiel-usa.com\/de\/f1-visum-fuer-ein-studium-in-den-usa\/"]}]},{"@type":"BreadcrumbList","@id":"https:\/\/www.esta-officiel-usa.com\/de\/f1-visum-fuer-ein-studium-in-den-usa\/#breadcrumb","itemListElement":[{"@type":"ListItem","position":1,"name":"Home","item":"https:\/\/www.esta-officiel-usa.com\/de\/"},{"@type":"ListItem","position":2,"name":"F1-Visum f\u00fcr ein Studium in den USA"}]},{"@type":"WebSite","@id":"https:\/\/www.esta-officiel-usa.com\/de\/#website","url":"https:\/\/www.esta-officiel-usa.com\/de\/","name":"ESTA - Vereinigte Staaten","description":"ESTA-Antragsformular","potentialAction":[{"@type":"SearchAction","target":{"@type":"EntryPoint","urlTemplate":"https:\/\/www.esta-officiel-usa.com\/de\/?s={search_term_string}"},"query-input":{"@type":"PropertyValueSpecification","valueRequired":true,"valueName":"search_term_string"}}],"inLanguage":"de"}]}},"_links":{"self":[{"href":"https:\/\/www.esta-officiel-usa.com\/de\/wp-json\/wp\/v2\/pages\/1545","targetHints":{"allow":["GET"]}}],"collection":[{"href":"https:\/\/www.esta-officiel-usa.com\/de\/wp-json\/wp\/v2\/pages"}],"about":[{"href":"https:\/\/www.esta-officiel-usa.com\/de\/wp-json\/wp\/v2\/types\/page"}],"author":[{"embeddable":true,"href":"https:\/\/www.esta-officiel-usa.com\/de\/wp-json\/wp\/v2\/users\/1"}],"replies":[{"embeddable":true,"href":"https:\/\/www.esta-officiel-usa.com\/de\/wp-json\/wp\/v2\/comments?post=1545"}],"version-history":[{"count":1,"href":"https:\/\/www.esta-officiel-usa.com\/de\/wp-json\/wp\/v2\/pages\/1545\/revisions"}],"predecessor-version":[{"id":1546,"href":"https:\/\/www.esta-officiel-usa.com\/de\/wp-json\/wp\/v2\/pages\/1545\/revisions\/1546"}],"wp:attachment":[{"href":"https:\/\/www.esta-officiel-usa.com\/de\/wp-json\/wp\/v2\/media?parent=1545"}],"curies":[{"name":"wp","href":"https:\/\/api.w.org\/{rel}","templated":true}]}}