{"id":1562,"date":"2025-09-13T12:04:19","date_gmt":"2025-09-13T12:04:19","guid":{"rendered":"https:\/\/www.esta-officiel-usa.com\/wie-man-ein-esta-online-beantragt\/"},"modified":"2025-09-13T12:04:24","modified_gmt":"2025-09-13T12:04:24","slug":"wie-man-ein-esta-online-beantragt","status":"publish","type":"page","link":"https:\/\/www.esta-officiel-usa.com\/de\/wie-man-ein-esta-online-beantragt\/","title":{"rendered":"Wie man ein ESTA online beantragt"},"content":{"rendered":"\n<h1 class=\"wp-block-heading\">IHREN ESTA-ANTRAG ONLINE STELLEN<\/h1>\n\n<p>Nach Monaten der Planung und des Wartens ist es endlich an der Zeit, in die USA zu reisen! Damit Sie die letzten Vorbereitungen in aller Ruhe treffen k\u00f6nnen, bieten wir Ihnen einen praktischen Leitfaden f\u00fcr die Online-Beantragung Ihres ESTA an. <\/p>\n\n<h2 class=\"wp-block-heading\">ESTA ONLINE: FORMALIT\u00c4T ERFORDERLICH?<\/h2>\n\n<p>Seit 2009 erm\u00f6glicht das ESTA Millionen von Menschen, f\u00fcr bis zu 90 Tage in die USA zu reisen, ohne ein herk\u00f6mmliches Visum beantragen zu m\u00fcssen. Das ESTA ist f\u00fcr die meisten Reisenden attraktiv, da es kosteng\u00fcnstig und einfach zu beantragen ist und zwei Jahre lang g\u00fcltig ist. Die wichtigste Voraussetzung f\u00fcr die <a href=\"https:\/\/www.esta-officiel-usa.com\/fr\/completer-sa-demande-officielle-desta\/\">Beantragung<\/a> eines ESTA ist die Staatsangeh\u00f6rigkeit eines der L\u00e4nder, die am Visa Waiver Program<a href=\"https:\/\/www.esta-officiel-usa.com\/fr\/les-38-pays-partenaires-du-visa-waiver-program\/\">(VWP<\/a>) teilnehmen.  <\/p>\n\n<p>Der Zweck dieser <a href=\"https:\/\/www.esta-officiel-usa.com\/fr\/les-formalites-dentree-aux-etats-unis\/\">Formalit\u00e4t<\/a> besteht darin, dem US-Zoll zu erm\u00f6glichen, Ihre Identit\u00e4t und die Gr\u00fcnde f\u00fcr Ihre Reise vorab zu \u00fcberpr\u00fcfen. Im Gegenzug brauchen Sie kein USA-Visum zu beantragen, das viel l\u00e4nger dauert und teurer ist. Dies ist sowohl f\u00fcr den Reisenden als auch f\u00fcr die US-Regierung von Vorteil. Aufgrund des Erfolgs dieses Verfahrens hat <a href=\"https:\/\/www.esta-officiel-usa.com\/de\/die-reisegenehmigung-eta-canada\/\">Kanada<\/a> vor kurzem eine \u00e4hnliche Genehmigung eingef\u00fchrt.   <\/p>\n\n<p>Unsere Kunden fragen uns oft, ob es m\u00f6glich ist, den Antrag online zu stellen.<\/p>\n\n<h2 class=\"wp-block-heading\">WO KANN ICH EINEN ONLINE-ESTA BEANTRAGEN?<\/h2>\n\n<p>Sie haben mehrere M\u00f6glichkeiten, Ihren ESTA-Antrag online zu stellen. Sie k\u00f6nnen die offizielle Website der US-Zollbeh\u00f6rde nutzen, auf der Sie das vollst\u00e4ndige Formular finden, das aus 6 Teilen besteht, die Sie nach Anklicken der Registerkarte &#8222;Neuer Antrag&#8220; aufrufen k\u00f6nnen.   <\/p>\n\n<p>Das ESTA-Online-Formular enth\u00e4lt <a href=\"https:\/\/www.esta-officiel-usa.com\/de\/alle-fragen-die-zum-esta-formular-gestellt-werden\/\">Fragen<\/a> zu :<\/p>\n\n<ol class=\"wp-block-list\">\n<li>Ihre Identit\u00e4t (Name, Vorname, Adresse, Passnummer usw.) ;<\/li>\n\n\n\n<li>Ihr Gesundheitszustand (gegenw\u00e4rtig und in der Vergangenheit) ;<\/li>\n\n\n\n<li>Ihre Vorstrafen ;<\/li>\n\n\n\n<li>den Grund Ihrer Reise. Der <a href=\"https:\/\/www.esta-officiel-usa.com\/fr\/demander-un-esta-sans-projet-precis\/\">ESTA-Antrag kann auch ohne konkrete Pl\u00e4ne gestellt<\/a> werden. <\/li>\n<\/ol>\n\n<p>Hinweis: Der Online-ESTA-Antrag wird automatisch abgelehnt, wenn Ihr Reisepass nicht elektronisch oder biometrisch ist.<\/p>\n\n<p>Unser Team von erfahrenen Reisenden wei\u00df aus eigener Erfahrung, dass das Ausf\u00fcllen eines langen Formulars sehr stressig sein kann. Der kleinste Fehler beim Ausf\u00fcllen des ESTA-Online-Formulars kann <a href=\"https:\/\/www.esta-officiel-usa.com\/de\/welche-gruende-fuehren-zu-einer-ablehnung-des-esta-antrags\/\">zu einer Ablehnung<\/a> f\u00fchren. Achten Sie auf Zahlen und Leerzeichen in den eingegebenen Informationen. Um Ihnen zu helfen, Ihren Traum zu verwirklichen, bietet Ihnen unsere Plattform ein vereinfachtes Formular in deutscher Sprache, eine gewissenhafte \u00dcberpr\u00fcfung Ihrer Angaben und ggf. Korrekturen in k\u00fcrzester Zeit.   <\/p>\n\n<p>Unabh\u00e4ngig von der gew\u00e4hlten Methode ist der <a href=\"https:\/\/www.esta-officiel-usa.com\/fr\/lautorisation-esta-gratuit\/\">ESTA-Antrag nicht kostenlos<\/a>. Sie m\u00fcssen mindestens 21 USD bezahlen, um das <a href=\"https:\/\/www.esta-officiel-usa.com\/fr\/comment-faire-une-demande-esta-officiel\/\">offizielle ESTA-Formular<\/a> online auszuf\u00fcllen. Der Antrag wird innerhalb von 72 Stunden bearbeitet, obwohl die gro\u00dfe Mehrheit der Reisenden ihr Dokument innerhalb weniger Minuten erh\u00e4lt. <\/p>\n","protected":false},"excerpt":{"rendered":"<p>IHREN ESTA-ANTRAG ONLINE STELLEN Nach Monaten der Planung und des Wartens ist es endlich an der Zeit, in die USA zu reisen! Damit Sie die letzten Vorbereitungen in aller Ruhe treffen k\u00f6nnen, bieten wir Ihnen einen praktischen Leitfaden f\u00fcr die Online-Beantragung Ihres ESTA an. ESTA ONLINE: FORMALIT\u00c4T ERFORDERLICH? Seit 2009 erm\u00f6glicht das ESTA Millionen von [&hellip;]<\/p>\n","protected":false},"author":1,"featured_media":0,"parent":0,"menu_order":0,"comment_status":"closed","ping_status":"closed","template":"","meta":{"footnotes":""},"class_list":["post-1562","page","type-page","status-publish","hentry"],"yoast_head":"<!-- This site is optimized with the Yoast SEO plugin v26.2 - https:\/\/yoast.com\/wordpress\/plugins\/seo\/ -->\n<title>Wie man ein ESTA online beantragt<\/title>\n<meta name=\"description\" content=\"Damit Sie Ihre Genehmigung problemlos online beantragen k\u00f6nnen, finden Sie alle Informationen auf unserer Seite.\" \/>\n<meta name=\"robots\" content=\"index, follow, max-snippet:-1, max-image-preview:large, max-video-preview:-1\" \/>\n<link rel=\"canonical\" href=\"https:\/\/www.esta-officiel-usa.com\/de\/wie-man-ein-esta-online-beantragt\/\" \/>\n<meta property=\"og:locale\" content=\"de_DE\" \/>\n<meta property=\"og:type\" content=\"article\" \/>\n<meta property=\"og:title\" content=\"Wie man ein ESTA online beantragt\" \/>\n<meta property=\"og:description\" content=\"Damit Sie Ihre Genehmigung problemlos online beantragen k\u00f6nnen, finden Sie alle Informationen auf unserer Seite.\" \/>\n<meta property=\"og:url\" content=\"https:\/\/www.esta-officiel-usa.com\/de\/wie-man-ein-esta-online-beantragt\/\" \/>\n<meta property=\"og:site_name\" content=\"ESTA - Vereinigte Staaten\" \/>\n<meta property=\"article:modified_time\" content=\"2025-09-13T12:04:24+00:00\" \/>\n<meta name=\"twitter:card\" content=\"summary_large_image\" \/>\n<meta name=\"twitter:label1\" content=\"Gesch\u00e4tzte Lesezeit\" \/>\n\t<meta name=\"twitter:data1\" content=\"2\u00a0Minuten\" \/>\n<script type=\"application\/ld+json\" class=\"yoast-schema-graph\">{\"@context\":\"https:\/\/schema.org\",\"@graph\":[{\"@type\":\"WebPage\",\"@id\":\"https:\/\/www.esta-officiel-usa.com\/de\/wie-man-ein-esta-online-beantragt\/\",\"url\":\"https:\/\/www.esta-officiel-usa.com\/de\/wie-man-ein-esta-online-beantragt\/\",\"name\":\"Wie man ein ESTA online beantragt\",\"isPartOf\":{\"@id\":\"https:\/\/www.esta-officiel-usa.com\/de\/#website\"},\"datePublished\":\"2025-09-13T12:04:19+00:00\",\"dateModified\":\"2025-09-13T12:04:24+00:00\",\"description\":\"Damit Sie Ihre Genehmigung problemlos online beantragen k\u00f6nnen, finden Sie alle Informationen auf unserer Seite.\",\"breadcrumb\":{\"@id\":\"https:\/\/www.esta-officiel-usa.com\/de\/wie-man-ein-esta-online-beantragt\/#breadcrumb\"},\"inLanguage\":\"de\",\"potentialAction\":[{\"@type\":\"ReadAction\",\"target\":[\"https:\/\/www.esta-officiel-usa.com\/de\/wie-man-ein-esta-online-beantragt\/\"]}]},{\"@type\":\"BreadcrumbList\",\"@id\":\"https:\/\/www.esta-officiel-usa.com\/de\/wie-man-ein-esta-online-beantragt\/#breadcrumb\",\"itemListElement\":[{\"@type\":\"ListItem\",\"position\":1,\"name\":\"Home\",\"item\":\"https:\/\/www.esta-officiel-usa.com\/de\/\"},{\"@type\":\"ListItem\",\"position\":2,\"name\":\"Wie man ein ESTA online beantragt\"}]},{\"@type\":\"WebSite\",\"@id\":\"https:\/\/www.esta-officiel-usa.com\/de\/#website\",\"url\":\"https:\/\/www.esta-officiel-usa.com\/de\/\",\"name\":\"ESTA - Vereinigte Staaten\",\"description\":\"ESTA-Antragsformular\",\"potentialAction\":[{\"@type\":\"SearchAction\",\"target\":{\"@type\":\"EntryPoint\",\"urlTemplate\":\"https:\/\/www.esta-officiel-usa.com\/de\/?s={search_term_string}\"},\"query-input\":{\"@type\":\"PropertyValueSpecification\",\"valueRequired\":true,\"valueName\":\"search_term_string\"}}],\"inLanguage\":\"de\"}]}<\/script>\n<!-- \/ Yoast SEO plugin. -->","yoast_head_json":{"title":"Wie man ein ESTA online beantragt","description":"Damit Sie Ihre Genehmigung problemlos online beantragen k\u00f6nnen, finden Sie alle Informationen auf unserer Seite.","robots":{"index":"index","follow":"follow","max-snippet":"max-snippet:-1","max-image-preview":"max-image-preview:large","max-video-preview":"max-video-preview:-1"},"canonical":"https:\/\/www.esta-officiel-usa.com\/de\/wie-man-ein-esta-online-beantragt\/","og_locale":"de_DE","og_type":"article","og_title":"Wie man ein ESTA online beantragt","og_description":"Damit Sie Ihre Genehmigung problemlos online beantragen k\u00f6nnen, finden Sie alle Informationen auf unserer Seite.","og_url":"https:\/\/www.esta-officiel-usa.com\/de\/wie-man-ein-esta-online-beantragt\/","og_site_name":"ESTA - Vereinigte Staaten","article_modified_time":"2025-09-13T12:04:24+00:00","twitter_card":"summary_large_image","twitter_misc":{"Gesch\u00e4tzte Lesezeit":"2\u00a0Minuten"},"schema":{"@context":"https:\/\/schema.org","@graph":[{"@type":"WebPage","@id":"https:\/\/www.esta-officiel-usa.com\/de\/wie-man-ein-esta-online-beantragt\/","url":"https:\/\/www.esta-officiel-usa.com\/de\/wie-man-ein-esta-online-beantragt\/","name":"Wie man ein ESTA online beantragt","isPartOf":{"@id":"https:\/\/www.esta-officiel-usa.com\/de\/#website"},"datePublished":"2025-09-13T12:04:19+00:00","dateModified":"2025-09-13T12:04:24+00:00","description":"Damit Sie Ihre Genehmigung problemlos online beantragen k\u00f6nnen, finden Sie alle Informationen auf unserer Seite.","breadcrumb":{"@id":"https:\/\/www.esta-officiel-usa.com\/de\/wie-man-ein-esta-online-beantragt\/#breadcrumb"},"inLanguage":"de","potentialAction":[{"@type":"ReadAction","target":["https:\/\/www.esta-officiel-usa.com\/de\/wie-man-ein-esta-online-beantragt\/"]}]},{"@type":"BreadcrumbList","@id":"https:\/\/www.esta-officiel-usa.com\/de\/wie-man-ein-esta-online-beantragt\/#breadcrumb","itemListElement":[{"@type":"ListItem","position":1,"name":"Home","item":"https:\/\/www.esta-officiel-usa.com\/de\/"},{"@type":"ListItem","position":2,"name":"Wie man ein ESTA online beantragt"}]},{"@type":"WebSite","@id":"https:\/\/www.esta-officiel-usa.com\/de\/#website","url":"https:\/\/www.esta-officiel-usa.com\/de\/","name":"ESTA - Vereinigte Staaten","description":"ESTA-Antragsformular","potentialAction":[{"@type":"SearchAction","target":{"@type":"EntryPoint","urlTemplate":"https:\/\/www.esta-officiel-usa.com\/de\/?s={search_term_string}"},"query-input":{"@type":"PropertyValueSpecification","valueRequired":true,"valueName":"search_term_string"}}],"inLanguage":"de"}]}},"_links":{"self":[{"href":"https:\/\/www.esta-officiel-usa.com\/de\/wp-json\/wp\/v2\/pages\/1562","targetHints":{"allow":["GET"]}}],"collection":[{"href":"https:\/\/www.esta-officiel-usa.com\/de\/wp-json\/wp\/v2\/pages"}],"about":[{"href":"https:\/\/www.esta-officiel-usa.com\/de\/wp-json\/wp\/v2\/types\/page"}],"author":[{"embeddable":true,"href":"https:\/\/www.esta-officiel-usa.com\/de\/wp-json\/wp\/v2\/users\/1"}],"replies":[{"embeddable":true,"href":"https:\/\/www.esta-officiel-usa.com\/de\/wp-json\/wp\/v2\/comments?post=1562"}],"version-history":[{"count":1,"href":"https:\/\/www.esta-officiel-usa.com\/de\/wp-json\/wp\/v2\/pages\/1562\/revisions"}],"predecessor-version":[{"id":1564,"href":"https:\/\/www.esta-officiel-usa.com\/de\/wp-json\/wp\/v2\/pages\/1562\/revisions\/1564"}],"wp:attachment":[{"href":"https:\/\/www.esta-officiel-usa.com\/de\/wp-json\/wp\/v2\/media?parent=1562"}],"curies":[{"name":"wp","href":"https:\/\/api.w.org\/{rel}","templated":true}]}}