{"id":1567,"date":"2025-09-13T12:04:20","date_gmt":"2025-09-13T12:04:20","guid":{"rendered":"https:\/\/www.esta-officiel-usa.com\/das-auszufuellende-esta-formular-fuer-die-usa\/"},"modified":"2025-09-13T12:04:24","modified_gmt":"2025-09-13T12:04:24","slug":"das-auszufuellende-esta-formular-fuer-die-usa","status":"publish","type":"page","link":"https:\/\/www.esta-officiel-usa.com\/de\/das-auszufuellende-esta-formular-fuer-die-usa\/","title":{"rendered":"Das auszuf\u00fcllende ESTA-Formular f\u00fcr die USA"},"content":{"rendered":"\n<h1 class=\"wp-block-heading\">AUSF\u00dcLLEN DES ESTA-FORMULARS F\u00dcR DIE USA<\/h1>\n\n<p>Sind Sie bereit, <a href=\"https:\/\/www.esta-officiel-usa.com\/de\/die-formalitaeten-fuer-einen-besuch-in-den-usa\/\">die USA zu besuchen<\/a>? Denken Sie vor Ihrer Abreise daran, Ihre Aufenthaltsgenehmigung zu beantragen. Unser Team unterst\u00fctzt Sie bei der Beantragung von ESTA.  <\/p>\n\n<h2 class=\"wp-block-heading\">WANN DAS ESTA-FORMULAR AUSZUF\u00dcLLEN IST<\/h2>\n\n<p>Das <a href=\"https:\/\/www.esta-officiel-usa.com\/de\/\">ESTA-Formular<\/a> ist f\u00fcr Staatsangeh\u00f6rige der L\u00e4nder bestimmt, die am <a href=\"https:\/\/www.esta-officiel-usa.com\/fr\/les-38-pays-partenaires-du-visa-waiver-program\/\">Visa Waiver Program<\/a> teilnehmen.<\/p>\n\n<p>Es wurde geschaffen, um Nicht-US-B\u00fcrgern die Einreise in die <a href=\"https:\/\/www.esta-officiel-usa.com\/fr\/les-formalites-dentree-aux-etats-unis\/\">Vereinigten Staaten<\/a> zu erm\u00f6glichen, ohne langwierige und teure Verfahren wie bei der <a href=\"https:\/\/www.esta-officiel-usa.com\/de\/was-ist-eine-greencard\/\">Green Card<\/a> oder dem <a href=\"https:\/\/www.esta-officiel-usa.com\/de\/der-unterschied-zwischen-einem-esta-und-einem-visumantrag\/\">USA-Visum<\/a> durchlaufen zu m\u00fcssen.<\/p>\n\n<p>Das Ausf\u00fcllen des ESTA-Formulars bietet auch den Vorteil, dass Sie w\u00e4hrend der zweij\u00e4hrigen G\u00fcltigkeitsdauer der Genehmigung mehrere Aufenthalte in den USA machen k\u00f6nnen und die Genehmigung nach Ablauf erneuern k\u00f6nnen.<\/p>\n\n<p>Um g\u00fcltig zu sein, muss der Antrag sp\u00e4testens 72 Stunden vor der Abreise gestellt werden, da ein Antrag <a href=\"https:\/\/www.esta-officiel-usa.com\/de\/antrag-auf-esta-genehmigung-anhaengig\/\">zur\u00fcckgestellt<\/a> werden kann. Nach Ablauf dieser Frist besteht das Risiko, dass Sie Ihr Dokument nicht rechtzeitig erhalten und Ihren Aufenthalt \u00e4ndern m\u00fcssen. <\/p>\n\n<p>Warten Sie nicht l\u00e4nger und f\u00fcllen Sie Ihr<a href=\"https:\/\/www.esta-officiel-usa.com\/de\/esta-formular-online-beantragen\/\"> ESTA-Formular online<\/a> aus.<\/p>\n\n<h2 class=\"wp-block-heading\">WIE F\u00dcLLE ICH EIN ESTA-FORMULAR AUS?<\/h2>\n\n<p>Wenn Sie die offizielle Website im Internet aufrufen, erhalten Sie ein ESTA USA-Formular, das Sie ausf\u00fcllen m\u00fcssen. Das Formular ist ins Deutsche \u00fcbersetzt und enth\u00e4lt mehrere Felder, die ausgef\u00fcllt werden m\u00fcssen: <\/p>\n\n<ul class=\"wp-block-list\"><li>Der erste Teil befasst sich mit der Identit\u00e4t des Reisenden;<\/li><li>Der zweite Teil betrifft Ihren Aufenthalt und Ihre Passdaten;<\/li><li>Der dritte Teil enth\u00e4lt Fragen, die mit Ja oder Nein zu folgenden Themen beantwortet werden m\u00fcssen: Ihre Gesundheit, Ihr Verh\u00e4ltnis zum Gesetz und Ihre bisherigen Reisen.<\/li><\/ul>\n\n<p>Nachdem Sie den Fragebogen ausgef\u00fcllt haben, m\u00fcssen Sie ein letztes K\u00e4stchen ankreuzen, um zu best\u00e4tigen, dass Sie das Formular verstanden haben und mit den Bedingungen f\u00fcr die Erteilung der Genehmigung einverstanden sind.<\/p>\n\n<p>Sie erhalten Ihr Dokument direkt in Ihrer Mailbox am selben Tag oder sp\u00e4testens innerhalb von 72 Stunden.<\/p>\n\n<p>Haben Sie noch Fragen? Besuchen Sie auch unsere Rubriken <a href=\"https:\/\/www.esta-officiel-usa.com\/de\/esta-hilfethemen\/\">Hilfe<\/a> und <a href=\"https:\/\/www.esta-officiel-usa.com\/de\/esta-haeufig-gestellte-fragen\/\">FAQ<\/a>. Unsere Support-Abteilung steht Ihnen ebenfalls zur Verf\u00fcgung und antwortet Ihnen so schnell wie m\u00f6glich. <\/p>\n","protected":false},"excerpt":{"rendered":"<p>AUSF\u00dcLLEN DES ESTA-FORMULARS F\u00dcR DIE USA Sind Sie bereit, die USA zu besuchen? Denken Sie vor Ihrer Abreise daran, Ihre Aufenthaltsgenehmigung zu beantragen. Unser Team unterst\u00fctzt Sie bei der Beantragung von ESTA. WANN DAS ESTA-FORMULAR AUSZUF\u00dcLLEN IST Das ESTA-Formular ist f\u00fcr Staatsangeh\u00f6rige der L\u00e4nder bestimmt, die am Visa Waiver Program teilnehmen. Es wurde geschaffen, um [&hellip;]<\/p>\n","protected":false},"author":1,"featured_media":0,"parent":0,"menu_order":0,"comment_status":"closed","ping_status":"closed","template":"","meta":{"footnotes":""},"class_list":["post-1567","page","type-page","status-publish","hentry"],"yoast_head":"<!-- This site is optimized with the Yoast SEO plugin v26.2 - https:\/\/yoast.com\/wordpress\/plugins\/seo\/ -->\n<title>Das auszuf\u00fcllende ESTA-Formular f\u00fcr die USA<\/title>\n<meta name=\"description\" content=\"Vor Ihrer Abreise sollten Sie daran denken, Ihre Aufenthaltsgenehmigung zu beantragen. Auf unserer Seite finden Sie alle unsere Tipps zur Beantragung von ESTA.\" \/>\n<meta name=\"robots\" content=\"index, follow, max-snippet:-1, max-image-preview:large, max-video-preview:-1\" \/>\n<link rel=\"canonical\" href=\"https:\/\/www.esta-officiel-usa.com\/de\/das-auszufuellende-esta-formular-fuer-die-usa\/\" \/>\n<meta property=\"og:locale\" content=\"de_DE\" \/>\n<meta property=\"og:type\" content=\"article\" \/>\n<meta property=\"og:title\" content=\"Das auszuf\u00fcllende ESTA-Formular f\u00fcr die USA\" \/>\n<meta property=\"og:description\" content=\"Vor Ihrer Abreise sollten Sie daran denken, Ihre Aufenthaltsgenehmigung zu beantragen. Auf unserer Seite finden Sie alle unsere Tipps zur Beantragung von ESTA.\" \/>\n<meta property=\"og:url\" content=\"https:\/\/www.esta-officiel-usa.com\/de\/das-auszufuellende-esta-formular-fuer-die-usa\/\" \/>\n<meta property=\"og:site_name\" content=\"ESTA - Vereinigte Staaten\" \/>\n<meta property=\"article:modified_time\" content=\"2025-09-13T12:04:24+00:00\" \/>\n<meta name=\"twitter:card\" content=\"summary_large_image\" \/>\n<meta name=\"twitter:label1\" content=\"Gesch\u00e4tzte Lesezeit\" \/>\n\t<meta name=\"twitter:data1\" content=\"2\u00a0Minuten\" \/>\n<script type=\"application\/ld+json\" class=\"yoast-schema-graph\">{\"@context\":\"https:\/\/schema.org\",\"@graph\":[{\"@type\":\"WebPage\",\"@id\":\"https:\/\/www.esta-officiel-usa.com\/de\/das-auszufuellende-esta-formular-fuer-die-usa\/\",\"url\":\"https:\/\/www.esta-officiel-usa.com\/de\/das-auszufuellende-esta-formular-fuer-die-usa\/\",\"name\":\"Das auszuf\u00fcllende ESTA-Formular f\u00fcr die USA\",\"isPartOf\":{\"@id\":\"https:\/\/www.esta-officiel-usa.com\/de\/#website\"},\"datePublished\":\"2025-09-13T12:04:20+00:00\",\"dateModified\":\"2025-09-13T12:04:24+00:00\",\"description\":\"Vor Ihrer Abreise sollten Sie daran denken, Ihre Aufenthaltsgenehmigung zu beantragen. Auf unserer Seite finden Sie alle unsere Tipps zur Beantragung von ESTA.\",\"breadcrumb\":{\"@id\":\"https:\/\/www.esta-officiel-usa.com\/de\/das-auszufuellende-esta-formular-fuer-die-usa\/#breadcrumb\"},\"inLanguage\":\"de\",\"potentialAction\":[{\"@type\":\"ReadAction\",\"target\":[\"https:\/\/www.esta-officiel-usa.com\/de\/das-auszufuellende-esta-formular-fuer-die-usa\/\"]}]},{\"@type\":\"BreadcrumbList\",\"@id\":\"https:\/\/www.esta-officiel-usa.com\/de\/das-auszufuellende-esta-formular-fuer-die-usa\/#breadcrumb\",\"itemListElement\":[{\"@type\":\"ListItem\",\"position\":1,\"name\":\"Home\",\"item\":\"https:\/\/www.esta-officiel-usa.com\/de\/\"},{\"@type\":\"ListItem\",\"position\":2,\"name\":\"Das auszuf\u00fcllende ESTA-Formular f\u00fcr die USA\"}]},{\"@type\":\"WebSite\",\"@id\":\"https:\/\/www.esta-officiel-usa.com\/de\/#website\",\"url\":\"https:\/\/www.esta-officiel-usa.com\/de\/\",\"name\":\"ESTA - Vereinigte Staaten\",\"description\":\"ESTA-Antragsformular\",\"potentialAction\":[{\"@type\":\"SearchAction\",\"target\":{\"@type\":\"EntryPoint\",\"urlTemplate\":\"https:\/\/www.esta-officiel-usa.com\/de\/?s={search_term_string}\"},\"query-input\":{\"@type\":\"PropertyValueSpecification\",\"valueRequired\":true,\"valueName\":\"search_term_string\"}}],\"inLanguage\":\"de\"}]}<\/script>\n<!-- \/ Yoast SEO plugin. -->","yoast_head_json":{"title":"Das auszuf\u00fcllende ESTA-Formular f\u00fcr die USA","description":"Vor Ihrer Abreise sollten Sie daran denken, Ihre Aufenthaltsgenehmigung zu beantragen. Auf unserer Seite finden Sie alle unsere Tipps zur Beantragung von ESTA.","robots":{"index":"index","follow":"follow","max-snippet":"max-snippet:-1","max-image-preview":"max-image-preview:large","max-video-preview":"max-video-preview:-1"},"canonical":"https:\/\/www.esta-officiel-usa.com\/de\/das-auszufuellende-esta-formular-fuer-die-usa\/","og_locale":"de_DE","og_type":"article","og_title":"Das auszuf\u00fcllende ESTA-Formular f\u00fcr die USA","og_description":"Vor Ihrer Abreise sollten Sie daran denken, Ihre Aufenthaltsgenehmigung zu beantragen. Auf unserer Seite finden Sie alle unsere Tipps zur Beantragung von ESTA.","og_url":"https:\/\/www.esta-officiel-usa.com\/de\/das-auszufuellende-esta-formular-fuer-die-usa\/","og_site_name":"ESTA - Vereinigte Staaten","article_modified_time":"2025-09-13T12:04:24+00:00","twitter_card":"summary_large_image","twitter_misc":{"Gesch\u00e4tzte Lesezeit":"2\u00a0Minuten"},"schema":{"@context":"https:\/\/schema.org","@graph":[{"@type":"WebPage","@id":"https:\/\/www.esta-officiel-usa.com\/de\/das-auszufuellende-esta-formular-fuer-die-usa\/","url":"https:\/\/www.esta-officiel-usa.com\/de\/das-auszufuellende-esta-formular-fuer-die-usa\/","name":"Das auszuf\u00fcllende ESTA-Formular f\u00fcr die USA","isPartOf":{"@id":"https:\/\/www.esta-officiel-usa.com\/de\/#website"},"datePublished":"2025-09-13T12:04:20+00:00","dateModified":"2025-09-13T12:04:24+00:00","description":"Vor Ihrer Abreise sollten Sie daran denken, Ihre Aufenthaltsgenehmigung zu beantragen. Auf unserer Seite finden Sie alle unsere Tipps zur Beantragung von ESTA.","breadcrumb":{"@id":"https:\/\/www.esta-officiel-usa.com\/de\/das-auszufuellende-esta-formular-fuer-die-usa\/#breadcrumb"},"inLanguage":"de","potentialAction":[{"@type":"ReadAction","target":["https:\/\/www.esta-officiel-usa.com\/de\/das-auszufuellende-esta-formular-fuer-die-usa\/"]}]},{"@type":"BreadcrumbList","@id":"https:\/\/www.esta-officiel-usa.com\/de\/das-auszufuellende-esta-formular-fuer-die-usa\/#breadcrumb","itemListElement":[{"@type":"ListItem","position":1,"name":"Home","item":"https:\/\/www.esta-officiel-usa.com\/de\/"},{"@type":"ListItem","position":2,"name":"Das auszuf\u00fcllende ESTA-Formular f\u00fcr die USA"}]},{"@type":"WebSite","@id":"https:\/\/www.esta-officiel-usa.com\/de\/#website","url":"https:\/\/www.esta-officiel-usa.com\/de\/","name":"ESTA - Vereinigte Staaten","description":"ESTA-Antragsformular","potentialAction":[{"@type":"SearchAction","target":{"@type":"EntryPoint","urlTemplate":"https:\/\/www.esta-officiel-usa.com\/de\/?s={search_term_string}"},"query-input":{"@type":"PropertyValueSpecification","valueRequired":true,"valueName":"search_term_string"}}],"inLanguage":"de"}]}},"_links":{"self":[{"href":"https:\/\/www.esta-officiel-usa.com\/de\/wp-json\/wp\/v2\/pages\/1567","targetHints":{"allow":["GET"]}}],"collection":[{"href":"https:\/\/www.esta-officiel-usa.com\/de\/wp-json\/wp\/v2\/pages"}],"about":[{"href":"https:\/\/www.esta-officiel-usa.com\/de\/wp-json\/wp\/v2\/types\/page"}],"author":[{"embeddable":true,"href":"https:\/\/www.esta-officiel-usa.com\/de\/wp-json\/wp\/v2\/users\/1"}],"replies":[{"embeddable":true,"href":"https:\/\/www.esta-officiel-usa.com\/de\/wp-json\/wp\/v2\/comments?post=1567"}],"version-history":[{"count":1,"href":"https:\/\/www.esta-officiel-usa.com\/de\/wp-json\/wp\/v2\/pages\/1567\/revisions"}],"predecessor-version":[{"id":1569,"href":"https:\/\/www.esta-officiel-usa.com\/de\/wp-json\/wp\/v2\/pages\/1567\/revisions\/1569"}],"wp:attachment":[{"href":"https:\/\/www.esta-officiel-usa.com\/de\/wp-json\/wp\/v2\/media?parent=1567"}],"curies":[{"name":"wp","href":"https:\/\/api.w.org\/{rel}","templated":true}]}}