{"id":1574,"date":"2025-09-13T12:04:22","date_gmt":"2025-09-13T12:04:22","guid":{"rendered":"https:\/\/www.esta-officiel-usa.com\/wie-man-einen-offiziellen-esta-antrag-stellt\/"},"modified":"2025-09-13T12:04:24","modified_gmt":"2025-09-13T12:04:24","slug":"wie-man-einen-offiziellen-esta-antrag-stellt","status":"publish","type":"page","link":"https:\/\/www.esta-officiel-usa.com\/de\/wie-man-einen-offiziellen-esta-antrag-stellt\/","title":{"rendered":"Wie man einen offiziellen ESTA-Antrag stellt"},"content":{"rendered":"\n<h1 class=\"wp-block-heading\">EINEN OFFIZIELLEN ESTA-ANTRAG STELLEN<\/h1>\n\n<p>Alle Reisenden, die die Vereinigten Staaten besuchen m\u00f6chten, m\u00fcssen zun\u00e4chst ein USA-Visum oder eine ESTA-Reisegenehmigung beantragen. Wenn Sie Staatsangeh\u00f6riger eines Landes sind, das am Visa Waiver Program teilnimmt, m\u00fcssen Sie ein offizielles ESTA beantragen. Wir werden Ihnen in diesem Leitfaden erkl\u00e4ren, wie Sie Ihr Dokument beantragen k\u00f6nnen.  <\/p>\n\n<h2 class=\"wp-block-heading\">WAS SIND DIE VORAUSSETZUNGEN F\u00dcR EINEN OFFIZIELLEN ESTA-ANTRAG?<\/h2>\n\n<p>Bevor Sie den Antrag stellen, ist es wichtig, die Bedingungen f\u00fcr ein offizielles ESTA zu kennen, um zu vermeiden, dass Ihr Antrag von der US-Regierung abgelehnt wird. Wie bereits erw\u00e4hnt, k\u00f6nnen sich nur Staatsangeh\u00f6rige von L\u00e4ndern, die am <a href=\"https:\/\/www.esta-officiel-usa.com\/fr\/les-38-pays-partenaires-du-visa-waiver-program\/\">Visa Waiver Program<\/a> teilnehmen, um ein ESTA bewerben. Berechtigte Personen k\u00f6nnen f\u00fcr touristische oder gesch\u00e4ftliche Zwecke in die USA reisen, wobei der Aufenthalt 90 aufeinander folgende Tage nicht \u00fcberschreiten darf.  <\/p>\n\n<ul class=\"wp-block-list\">\n<li>F\u00fcr den Tourismus: Reisen im ganzen Land, allein oder in Gruppen, Besuche bei Verwandten, Teilnahme an verschiedenen kulturellen Aktivit\u00e4ten, Besuche von <a href=\"https:\/\/www.esta-officiel-usa.com\/de\/entdecken-sie-die-nationalparks-in-den-usa\/\">Nationalparks<\/a>, Einschreibung in Kurse, die keine Credits f\u00fcr einen Universit\u00e4tsabschluss erbringen, etc.<br\/> <\/li>\n\n\n\n<li>F\u00fcr gesch\u00e4ftliche Zwecke: Teilnahme an Sitzungen, Unterzeichnung von Vertr\u00e4gen mit Partnern oder Teilnahme an kurzen, unbezahlten Schulungen.<\/li>\n<\/ul>\n\n<p>Das <a href=\"https:\/\/www.esta-officiel-usa.com\/de\/erhalt-des-esta-zertifikats\/\">ESTA-Zertifikat<\/a> bleibt zwei Jahre lang g\u00fcltig, so dass Sie mehrere Reisen unternehmen oder einfach <a href=\"https:\/\/www.esta-officiel-usa.com\/fr\/esta-pour-transit-aux-etats-unis\/\">durch<\/a> die USA reisen k\u00f6nnen, indem Sie dieselbe Genehmigung verwenden. Es gibt jedoch eine Liste von Voraussetzungen, die erf\u00fcllt sein m\u00fcssen, um die Reisegenehmigung zu erhalten: <\/p>\n\n<ul class=\"wp-block-list\">\n<li>Der Reisepass muss elektronisch oder biometrisch sein und aus einem der VWP-L\u00e4nder stammen;<\/li>\n\n\n\n<li>Die G\u00fcltigkeitsdauer des Reisepasses muss die gesamte Reise abdecken;<\/li>\n\n\n\n<li>Die Reise ist nicht f\u00fcr eine Dauer von mehr als 90 Tagen geplant;<\/li>\n\n\n\n<li>Flug- oder Kreuzfahrttickets (Hin- und R\u00fcckflug oder Weiterreise) m\u00fcssen vor dem Antrag gekauft werden;<\/li>\n\n\n\n<li>Die gew\u00e4hlte Flug- oder Schifffahrtsgesellschaft muss von der US-Regierung anerkannt und genehmigt sein.<\/li>\n<\/ul>\n\n<p>Wenn Sie alle von den US-Beh\u00f6rden verlangten Kriterien erf\u00fcllen, k\u00f6nnen Sie einen Antrag stellen, indem Sie das entsprechende Formular ausf\u00fcllen.<\/p>\n\n<h2 class=\"wp-block-heading\">WIE STELLE ICH EINEN ANTRAG AUF EIN OFFIZIELLES ESTA?<\/h2>\n\n<p>Ein offizieller ESTA-Antrag kann nur <a href=\"https:\/\/www.esta-officiel-usa.com\/de\/wie-man-ein-esta-online-beantragt\/\">online<\/a> gestellt werden und erfordert, dass Sie Ihren Reisepass bereithalten und etwa 20 Minuten Zeit haben. Der Antrag ist nicht <a href=\"https:\/\/www.esta-officiel-usa.com\/fr\/lautorisation-esta-gratuit\/\">kostenlos<\/a>, aber mit 21 USD auch nicht sehr teuer. Sie k\u00f6nnen das Formular f\u00fcr die Reisegenehmigung \u00fcber die Website des US-Zolls oder \u00fcber spezialisierte Privatunternehmen abrufen. Wenn Sie nicht wissen, wann Sie <a href=\"https:\/\/www.esta-officiel-usa.com\/de\/wann-man-einen-esta-antrag-stellen-sollte\/\">den ESTA-Antrag stellen<\/a> sollen, denken Sie daran: Je fr\u00fcher, desto besser!     <\/p>\n\n<p>Das Formular besteht aus drei Teilen:<\/p>\n\n<ol class=\"wp-block-list\">\n<li>Teil 1: Informationen \u00fcber Ihre Identit\u00e4t (Name, Vorname, Geburtsdatum und -ort, Geschlecht usw.) ;<\/li>\n\n\n\n<li>Teil 2: Informationen \u00fcber Ihren Reisepass (Nummer, Ausstellungsdatum, Ablaufdatum usw.) ;<\/li>\n\n\n\n<li>Teil 3: Eine Reihe von Fragen, die mit Ja oder Nein beantwortet werden m\u00fcssen, z. B. \u00fcber Ihren derzeitigen und fr\u00fcheren Gesundheitszustand, Ihre Vorstrafen oder ob Sie beabsichtigen, einen Terrorakt in den USA zu begehen.<\/li>\n<\/ol>\n\n<p>Die US-Regierung nimmt die Sicherheit ihres Territoriums sehr ernst und kann bei fehlerhaften <a href=\"https:\/\/www.esta-officiel-usa.com\/de\/\">ESTA-Antr\u00e4gen<\/a> streng sein. Ein einfacher Tippfehler oder eine falsche Passnummer reichen aus, um Ihren Antrag automatisch abzulehnen. Um Ihre Chancen zu erh\u00f6hen, k\u00f6nnen Sie sich an unser Expertenteam f\u00fcr Reiseformalit\u00e4ten wenden. Wir k\u00fcmmern uns um die gesamte Abwicklung Ihres Antrags und \u00fcberpr\u00fcfen und korrigieren Ihre Angaben, damit Ihr Antrag den Erwartungen der US-Regierung entspricht. Wir garantieren, dass Ihr offizieller ESTA-Antrag erfolgreich ist und direkt in Ihre Mailbox geliefert wird. Tausende von Menschen vertrauen uns jedes Jahr, warum nicht auch Sie?     <\/p>\n","protected":false},"excerpt":{"rendered":"<p>EINEN OFFIZIELLEN ESTA-ANTRAG STELLEN Alle Reisenden, die die Vereinigten Staaten besuchen m\u00f6chten, m\u00fcssen zun\u00e4chst ein USA-Visum oder eine ESTA-Reisegenehmigung beantragen. Wenn Sie Staatsangeh\u00f6riger eines Landes sind, das am Visa Waiver Program teilnimmt, m\u00fcssen Sie ein offizielles ESTA beantragen. Wir werden Ihnen in diesem Leitfaden erkl\u00e4ren, wie Sie Ihr Dokument beantragen k\u00f6nnen. WAS SIND DIE VORAUSSETZUNGEN [&hellip;]<\/p>\n","protected":false},"author":1,"featured_media":0,"parent":0,"menu_order":0,"comment_status":"closed","ping_status":"closed","template":"","meta":{"footnotes":""},"class_list":["post-1574","page","type-page","status-publish","hentry"],"yoast_head":"<!-- This site is optimized with the Yoast SEO plugin v26.2 - https:\/\/yoast.com\/wordpress\/plugins\/seo\/ -->\n<title>Wie man einen offiziellen ESTA-Antrag stellt<\/title>\n<meta name=\"description\" content=\"F\u00fcr die Einreise in die USA ben\u00f6tigen Sie eine offizielle ESTA-Genehmigung.\" \/>\n<meta name=\"robots\" content=\"index, follow, max-snippet:-1, max-image-preview:large, max-video-preview:-1\" \/>\n<link rel=\"canonical\" href=\"https:\/\/www.esta-officiel-usa.com\/de\/wie-man-einen-offiziellen-esta-antrag-stellt\/\" \/>\n<meta property=\"og:locale\" content=\"de_DE\" \/>\n<meta property=\"og:type\" content=\"article\" \/>\n<meta property=\"og:title\" content=\"Wie man einen offiziellen ESTA-Antrag stellt\" \/>\n<meta property=\"og:description\" content=\"F\u00fcr die Einreise in die USA ben\u00f6tigen Sie eine offizielle ESTA-Genehmigung.\" \/>\n<meta property=\"og:url\" content=\"https:\/\/www.esta-officiel-usa.com\/de\/wie-man-einen-offiziellen-esta-antrag-stellt\/\" \/>\n<meta property=\"og:site_name\" content=\"ESTA - Vereinigte Staaten\" \/>\n<meta property=\"article:modified_time\" content=\"2025-09-13T12:04:24+00:00\" \/>\n<meta name=\"twitter:card\" content=\"summary_large_image\" \/>\n<meta name=\"twitter:label1\" content=\"Gesch\u00e4tzte Lesezeit\" \/>\n\t<meta name=\"twitter:data1\" content=\"3\u00a0Minuten\" \/>\n<script type=\"application\/ld+json\" class=\"yoast-schema-graph\">{\"@context\":\"https:\/\/schema.org\",\"@graph\":[{\"@type\":\"WebPage\",\"@id\":\"https:\/\/www.esta-officiel-usa.com\/de\/wie-man-einen-offiziellen-esta-antrag-stellt\/\",\"url\":\"https:\/\/www.esta-officiel-usa.com\/de\/wie-man-einen-offiziellen-esta-antrag-stellt\/\",\"name\":\"Wie man einen offiziellen ESTA-Antrag stellt\",\"isPartOf\":{\"@id\":\"https:\/\/www.esta-officiel-usa.com\/de\/#website\"},\"datePublished\":\"2025-09-13T12:04:22+00:00\",\"dateModified\":\"2025-09-13T12:04:24+00:00\",\"description\":\"F\u00fcr die Einreise in die USA ben\u00f6tigen Sie eine offizielle ESTA-Genehmigung.\",\"breadcrumb\":{\"@id\":\"https:\/\/www.esta-officiel-usa.com\/de\/wie-man-einen-offiziellen-esta-antrag-stellt\/#breadcrumb\"},\"inLanguage\":\"de\",\"potentialAction\":[{\"@type\":\"ReadAction\",\"target\":[\"https:\/\/www.esta-officiel-usa.com\/de\/wie-man-einen-offiziellen-esta-antrag-stellt\/\"]}]},{\"@type\":\"BreadcrumbList\",\"@id\":\"https:\/\/www.esta-officiel-usa.com\/de\/wie-man-einen-offiziellen-esta-antrag-stellt\/#breadcrumb\",\"itemListElement\":[{\"@type\":\"ListItem\",\"position\":1,\"name\":\"Home\",\"item\":\"https:\/\/www.esta-officiel-usa.com\/de\/\"},{\"@type\":\"ListItem\",\"position\":2,\"name\":\"Wie man einen offiziellen ESTA-Antrag stellt\"}]},{\"@type\":\"WebSite\",\"@id\":\"https:\/\/www.esta-officiel-usa.com\/de\/#website\",\"url\":\"https:\/\/www.esta-officiel-usa.com\/de\/\",\"name\":\"ESTA - Vereinigte Staaten\",\"description\":\"ESTA-Antragsformular\",\"potentialAction\":[{\"@type\":\"SearchAction\",\"target\":{\"@type\":\"EntryPoint\",\"urlTemplate\":\"https:\/\/www.esta-officiel-usa.com\/de\/?s={search_term_string}\"},\"query-input\":{\"@type\":\"PropertyValueSpecification\",\"valueRequired\":true,\"valueName\":\"search_term_string\"}}],\"inLanguage\":\"de\"}]}<\/script>\n<!-- \/ Yoast SEO plugin. -->","yoast_head_json":{"title":"Wie man einen offiziellen ESTA-Antrag stellt","description":"F\u00fcr die Einreise in die USA ben\u00f6tigen Sie eine offizielle ESTA-Genehmigung.","robots":{"index":"index","follow":"follow","max-snippet":"max-snippet:-1","max-image-preview":"max-image-preview:large","max-video-preview":"max-video-preview:-1"},"canonical":"https:\/\/www.esta-officiel-usa.com\/de\/wie-man-einen-offiziellen-esta-antrag-stellt\/","og_locale":"de_DE","og_type":"article","og_title":"Wie man einen offiziellen ESTA-Antrag stellt","og_description":"F\u00fcr die Einreise in die USA ben\u00f6tigen Sie eine offizielle ESTA-Genehmigung.","og_url":"https:\/\/www.esta-officiel-usa.com\/de\/wie-man-einen-offiziellen-esta-antrag-stellt\/","og_site_name":"ESTA - Vereinigte Staaten","article_modified_time":"2025-09-13T12:04:24+00:00","twitter_card":"summary_large_image","twitter_misc":{"Gesch\u00e4tzte Lesezeit":"3\u00a0Minuten"},"schema":{"@context":"https:\/\/schema.org","@graph":[{"@type":"WebPage","@id":"https:\/\/www.esta-officiel-usa.com\/de\/wie-man-einen-offiziellen-esta-antrag-stellt\/","url":"https:\/\/www.esta-officiel-usa.com\/de\/wie-man-einen-offiziellen-esta-antrag-stellt\/","name":"Wie man einen offiziellen ESTA-Antrag stellt","isPartOf":{"@id":"https:\/\/www.esta-officiel-usa.com\/de\/#website"},"datePublished":"2025-09-13T12:04:22+00:00","dateModified":"2025-09-13T12:04:24+00:00","description":"F\u00fcr die Einreise in die USA ben\u00f6tigen Sie eine offizielle ESTA-Genehmigung.","breadcrumb":{"@id":"https:\/\/www.esta-officiel-usa.com\/de\/wie-man-einen-offiziellen-esta-antrag-stellt\/#breadcrumb"},"inLanguage":"de","potentialAction":[{"@type":"ReadAction","target":["https:\/\/www.esta-officiel-usa.com\/de\/wie-man-einen-offiziellen-esta-antrag-stellt\/"]}]},{"@type":"BreadcrumbList","@id":"https:\/\/www.esta-officiel-usa.com\/de\/wie-man-einen-offiziellen-esta-antrag-stellt\/#breadcrumb","itemListElement":[{"@type":"ListItem","position":1,"name":"Home","item":"https:\/\/www.esta-officiel-usa.com\/de\/"},{"@type":"ListItem","position":2,"name":"Wie man einen offiziellen ESTA-Antrag stellt"}]},{"@type":"WebSite","@id":"https:\/\/www.esta-officiel-usa.com\/de\/#website","url":"https:\/\/www.esta-officiel-usa.com\/de\/","name":"ESTA - Vereinigte Staaten","description":"ESTA-Antragsformular","potentialAction":[{"@type":"SearchAction","target":{"@type":"EntryPoint","urlTemplate":"https:\/\/www.esta-officiel-usa.com\/de\/?s={search_term_string}"},"query-input":{"@type":"PropertyValueSpecification","valueRequired":true,"valueName":"search_term_string"}}],"inLanguage":"de"}]}},"_links":{"self":[{"href":"https:\/\/www.esta-officiel-usa.com\/de\/wp-json\/wp\/v2\/pages\/1574","targetHints":{"allow":["GET"]}}],"collection":[{"href":"https:\/\/www.esta-officiel-usa.com\/de\/wp-json\/wp\/v2\/pages"}],"about":[{"href":"https:\/\/www.esta-officiel-usa.com\/de\/wp-json\/wp\/v2\/types\/page"}],"author":[{"embeddable":true,"href":"https:\/\/www.esta-officiel-usa.com\/de\/wp-json\/wp\/v2\/users\/1"}],"replies":[{"embeddable":true,"href":"https:\/\/www.esta-officiel-usa.com\/de\/wp-json\/wp\/v2\/comments?post=1574"}],"version-history":[{"count":1,"href":"https:\/\/www.esta-officiel-usa.com\/de\/wp-json\/wp\/v2\/pages\/1574\/revisions"}],"predecessor-version":[{"id":1576,"href":"https:\/\/www.esta-officiel-usa.com\/de\/wp-json\/wp\/v2\/pages\/1574\/revisions\/1576"}],"wp:attachment":[{"href":"https:\/\/www.esta-officiel-usa.com\/de\/wp-json\/wp\/v2\/media?parent=1574"}],"curies":[{"name":"wp","href":"https:\/\/api.w.org\/{rel}","templated":true}]}}