{"id":1579,"date":"2025-09-13T12:04:24","date_gmt":"2025-09-13T12:04:24","guid":{"rendered":"https:\/\/www.esta-officiel-usa.com\/das-esta-formular-auf-deutsch-ausfuellen\/"},"modified":"2025-09-13T12:04:24","modified_gmt":"2025-09-13T12:04:24","slug":"das-esta-formular-auf-deutsch-ausfuellen","status":"publish","type":"page","link":"https:\/\/www.esta-officiel-usa.com\/de\/das-esta-formular-auf-deutsch-ausfuellen\/","title":{"rendered":"Das ESTA-Formular auf Deutsch ausf\u00fcllen"},"content":{"rendered":"\n<h1 class=\"wp-block-heading\">DAS ESTA-FORMULAR AUF FRANZ\u00d6SISCH AUSF\u00dcLLEN<\/h1>\n\n<p>Frankreich ist eines der <a href=\"https:\/\/www.esta-officiel-usa.com\/fr\/les-38-pays-partenaires-du-visa-waiver-program\/\">38 Partnerl\u00e4nder<\/a> des<a href=\"https:\/\/www.esta-officiel-usa.com\/fr\/a-propos-du-visa-waiver-program\/\">Visa Waiver Program<\/a> (VWP), das franz\u00f6sischen Staatsb\u00fcrgern die M\u00f6glichkeit bietet, eine ESTA-Reisegenehmigung zu erhalten. In diesem Artikel gehen wir auf das <a href=\"https:\/\/www.esta-officiel-usa.com\/de\/\">ESTA-Formular<\/a> auf Franz\u00f6sisch ein und erkl\u00e4ren Ihnen, wie Sie darauf zugreifen k\u00f6nnen und was es enth\u00e4lt. <\/p>\n\n<h2 class=\"wp-block-heading\">WIE F\u00dcLLE ICH DAS ESTA-FORMULAR AUF FRANZ\u00d6SISCH AUS?<\/h2>\n\n<p>Wie in der Einleitung erl\u00e4utert, ist f\u00fcr eine Reise in die USA<a href=\"https:\/\/www.esta-officiel-usa.com\/de\/entdecken-sie-new-york-city\/\">(New York<\/a>, Los Angeles, Miami&#8230;) eine Reisegenehmigung, ein Visum oder ESTA <a href=\"https:\/\/www.esta-officiel-usa.com\/fr\/a-propos-du-visa-waiver-program\/\">erforderlich<\/a>. Das ESTA erlaubt Ihnen, w\u00e4hrend seiner zweij\u00e4hrigen <a href=\"https:\/\/www.esta-officiel-usa.com\/fr\/verifier-la-validite-de-votre-esta\/\">G\u00fcltigkeitsdauer<\/a> mehrmals f\u00fcr 90 aufeinanderfolgende Tage in die USA einzureisen. Zun\u00e4chst m\u00fcssen Sie ein ESTA-Formular ausf\u00fcllen, um Ihre Berechtigung festzustellen.  <\/p>\n\n<p>Die Mitarbeiter des US Department of Homeland Security<a href=\"https:\/\/www.esta-officiel-usa.com\/de\/department-of-homeland-security\/\">(DHS<\/a>) werden die Informationen, die Sie in Ihrem Antrag angegeben haben, \u00fcberpr\u00fcfen und Ihnen innerhalb von 72 Stunden eine Antwort zukommen lassen. Um Ihnen zu helfen, Ihren Antrag unter den bestm\u00f6glichen Bedingungen vorzubereiten, enth\u00e4lt das ESTA-Formular auf Deutsch folgende Angaben: <\/p>\n\n<ol class=\"wp-block-list\"><li>Der erste Teil enth\u00e4lt <a href=\"https:\/\/www.esta-officiel-usa.com\/de\/alle-fragen-die-zum-esta-formular-gestellt-werden\/\">Fragen zu Ihrer Identit\u00e4t und Ihrer sozialen Situation: Vor- und Nachname, Alter, Geschlecht, Geburtsdatum und -ort, Besch\u00e4ftigung usw. Der zweite Teil enth\u00e4lt Fragen<\/a> zu Ihrem Namen und Ihrer sozialen Situation;<\/li><li>Der zweite Teil besteht aus den Angaben zu Ihrem g\u00fcltigen Reisepass: Nummer, Ausstellungsdatum, Ablaufdatum usw. und Ihrem Aufenthalt in den USA ;<\/li><li>Der dritte Teil des Formulars besteht aus einer Reihe von Fragen, die einfach mit Ja oder Nein beantwortet werden m\u00fcssen. Diese Fragen beziehen sich auf Ihre derzeitige und fr\u00fchere medizinische Situation und Ihre Vorstrafen. <\/li><li>Der vierte Teil ist die Zahlung der Bearbeitungsgeb\u00fchr, um Ihren Antrag zu best\u00e4tigen.<\/li><\/ol>\n\n<h2 class=\"wp-block-heading\">WIE KANN ICH AUF DAS ESTA-FORMULAR AUF DEUTSCH ZUGREIFEN?<\/h2>\n\n<p>Wir empfehlen allen unseren Nutzern, einen Antrag auf Reisegenehmigung mit einem deutschsprachigen ESTA-Formular zu stellen, um Fehler zu vermeiden. Die US-Regierung ist bei der Vergabe des obligatorischen ESTA streng, da ihre Hauptaufgabe darin besteht, die innere Sicherheit des US-Territoriums zu gew\u00e4hrleisten. Dies bedeutet, dass ein Tippfehler oder die Eingabe einer falschen Passnummer automatisch <a href=\"https:\/\/www.esta-officiel-usa.com\/de\/welche-gruende-fuehren-zu-einer-ablehnung-des-esta-antrags\/\">zur Ablehnung<\/a> Ihres Antrags f\u00fchrt. Die offizielle Website des US-Zolls bietet Zugang zum Formular in allen Sprachen, aber keine Hilfe beim Ausf\u00fcllen.   <\/p>\n\n<p>Um Ihr ESTA-Formular in deutscher Sprache korrekt auszuf\u00fcllen, bietet Ihnen unsere spezialisierte Plattform esta-officiel-usa.com Unterst\u00fctzung bei Ihrem Vorhaben. Unser Expertenteam \u00fcberpr\u00fcft die Informationen, die Sie \u00fcber unser vereinfachtes Formular \u00fcbermitteln, sorgf\u00e4ltig und korrigiert sie gegebenenfalls. Wir stellen sicher, dass Ihre Unterlagen keine Fehler enthalten, die zur Ablehnung Ihres Antrags f\u00fchren k\u00f6nnten. Dar\u00fcber hinaus steht Ihnen unsere Online-Hilfe zur Verf\u00fcgung, um alle Ihre Fragen zu beantworten. Aufgrund unserer umfassenden Kenntnisse \u00fcber das Visa Waiver Program wissen wir genau, welche Erwartungen die US-Regierung an die <a href=\"https:\/\/www.esta-officiel-usa.com\/fr\/les-formalites-dentree-aux-etats-unis\/\">Einreiseformalit\u00e4ten<\/a> stellt.    <br\/><\/p>\n","protected":false},"excerpt":{"rendered":"<p>DAS ESTA-FORMULAR AUF FRANZ\u00d6SISCH AUSF\u00dcLLEN Frankreich ist eines der 38 Partnerl\u00e4nder desVisa Waiver Program (VWP), das franz\u00f6sischen Staatsb\u00fcrgern die M\u00f6glichkeit bietet, eine ESTA-Reisegenehmigung zu erhalten. In diesem Artikel gehen wir auf das ESTA-Formular auf Franz\u00f6sisch ein und erkl\u00e4ren Ihnen, wie Sie darauf zugreifen k\u00f6nnen und was es enth\u00e4lt. WIE F\u00dcLLE ICH DAS ESTA-FORMULAR AUF FRANZ\u00d6SISCH [&hellip;]<\/p>\n","protected":false},"author":1,"featured_media":0,"parent":0,"menu_order":0,"comment_status":"closed","ping_status":"closed","template":"","meta":{"footnotes":""},"class_list":["post-1579","page","type-page","status-publish","hentry"],"yoast_head":"<!-- This site is optimized with the Yoast SEO plugin v26.2 - https:\/\/yoast.com\/wordpress\/plugins\/seo\/ -->\n<title>Das ESTA-Formular auf Deutsch ausf\u00fcllen<\/title>\n<meta name=\"description\" content=\"Frankreich ist eines der 38 Partnerl\u00e4nder des Visa Waiver Program (VWP), daher wird Ihnen ein Formular in franz\u00f6sischer Sprache zur Verf\u00fcgung gestellt.\" \/>\n<meta name=\"robots\" content=\"index, follow, max-snippet:-1, max-image-preview:large, max-video-preview:-1\" \/>\n<link rel=\"canonical\" href=\"https:\/\/www.esta-officiel-usa.com\/de\/das-esta-formular-auf-deutsch-ausfuellen\/\" \/>\n<meta property=\"og:locale\" content=\"de_DE\" \/>\n<meta property=\"og:type\" content=\"article\" \/>\n<meta property=\"og:title\" content=\"Das ESTA-Formular auf Deutsch ausf\u00fcllen\" \/>\n<meta property=\"og:description\" content=\"Frankreich ist eines der 38 Partnerl\u00e4nder des Visa Waiver Program (VWP), daher wird Ihnen ein Formular in franz\u00f6sischer Sprache zur Verf\u00fcgung gestellt.\" \/>\n<meta property=\"og:url\" content=\"https:\/\/www.esta-officiel-usa.com\/de\/das-esta-formular-auf-deutsch-ausfuellen\/\" \/>\n<meta property=\"og:site_name\" content=\"ESTA - Vereinigte Staaten\" \/>\n<meta name=\"twitter:card\" content=\"summary_large_image\" \/>\n<meta name=\"twitter:label1\" content=\"Gesch\u00e4tzte Lesezeit\" \/>\n\t<meta name=\"twitter:data1\" content=\"2\u00a0Minuten\" \/>\n<script type=\"application\/ld+json\" class=\"yoast-schema-graph\">{\"@context\":\"https:\/\/schema.org\",\"@graph\":[{\"@type\":\"WebPage\",\"@id\":\"https:\/\/www.esta-officiel-usa.com\/de\/das-esta-formular-auf-deutsch-ausfuellen\/\",\"url\":\"https:\/\/www.esta-officiel-usa.com\/de\/das-esta-formular-auf-deutsch-ausfuellen\/\",\"name\":\"Das ESTA-Formular auf Deutsch ausf\u00fcllen\",\"isPartOf\":{\"@id\":\"https:\/\/www.esta-officiel-usa.com\/de\/#website\"},\"datePublished\":\"2025-09-13T12:04:24+00:00\",\"description\":\"Frankreich ist eines der 38 Partnerl\u00e4nder des Visa Waiver Program (VWP), daher wird Ihnen ein Formular in franz\u00f6sischer Sprache zur Verf\u00fcgung gestellt.\",\"breadcrumb\":{\"@id\":\"https:\/\/www.esta-officiel-usa.com\/de\/das-esta-formular-auf-deutsch-ausfuellen\/#breadcrumb\"},\"inLanguage\":\"de\",\"potentialAction\":[{\"@type\":\"ReadAction\",\"target\":[\"https:\/\/www.esta-officiel-usa.com\/de\/das-esta-formular-auf-deutsch-ausfuellen\/\"]}]},{\"@type\":\"BreadcrumbList\",\"@id\":\"https:\/\/www.esta-officiel-usa.com\/de\/das-esta-formular-auf-deutsch-ausfuellen\/#breadcrumb\",\"itemListElement\":[{\"@type\":\"ListItem\",\"position\":1,\"name\":\"Home\",\"item\":\"https:\/\/www.esta-officiel-usa.com\/de\/\"},{\"@type\":\"ListItem\",\"position\":2,\"name\":\"Das ESTA-Formular auf Deutsch ausf\u00fcllen\"}]},{\"@type\":\"WebSite\",\"@id\":\"https:\/\/www.esta-officiel-usa.com\/de\/#website\",\"url\":\"https:\/\/www.esta-officiel-usa.com\/de\/\",\"name\":\"ESTA - Vereinigte Staaten\",\"description\":\"ESTA-Antragsformular\",\"potentialAction\":[{\"@type\":\"SearchAction\",\"target\":{\"@type\":\"EntryPoint\",\"urlTemplate\":\"https:\/\/www.esta-officiel-usa.com\/de\/?s={search_term_string}\"},\"query-input\":{\"@type\":\"PropertyValueSpecification\",\"valueRequired\":true,\"valueName\":\"search_term_string\"}}],\"inLanguage\":\"de\"}]}<\/script>\n<!-- \/ Yoast SEO plugin. -->","yoast_head_json":{"title":"Das ESTA-Formular auf Deutsch ausf\u00fcllen","description":"Frankreich ist eines der 38 Partnerl\u00e4nder des Visa Waiver Program (VWP), daher wird Ihnen ein Formular in franz\u00f6sischer Sprache zur Verf\u00fcgung gestellt.","robots":{"index":"index","follow":"follow","max-snippet":"max-snippet:-1","max-image-preview":"max-image-preview:large","max-video-preview":"max-video-preview:-1"},"canonical":"https:\/\/www.esta-officiel-usa.com\/de\/das-esta-formular-auf-deutsch-ausfuellen\/","og_locale":"de_DE","og_type":"article","og_title":"Das ESTA-Formular auf Deutsch ausf\u00fcllen","og_description":"Frankreich ist eines der 38 Partnerl\u00e4nder des Visa Waiver Program (VWP), daher wird Ihnen ein Formular in franz\u00f6sischer Sprache zur Verf\u00fcgung gestellt.","og_url":"https:\/\/www.esta-officiel-usa.com\/de\/das-esta-formular-auf-deutsch-ausfuellen\/","og_site_name":"ESTA - Vereinigte Staaten","twitter_card":"summary_large_image","twitter_misc":{"Gesch\u00e4tzte Lesezeit":"2\u00a0Minuten"},"schema":{"@context":"https:\/\/schema.org","@graph":[{"@type":"WebPage","@id":"https:\/\/www.esta-officiel-usa.com\/de\/das-esta-formular-auf-deutsch-ausfuellen\/","url":"https:\/\/www.esta-officiel-usa.com\/de\/das-esta-formular-auf-deutsch-ausfuellen\/","name":"Das ESTA-Formular auf Deutsch ausf\u00fcllen","isPartOf":{"@id":"https:\/\/www.esta-officiel-usa.com\/de\/#website"},"datePublished":"2025-09-13T12:04:24+00:00","description":"Frankreich ist eines der 38 Partnerl\u00e4nder des Visa Waiver Program (VWP), daher wird Ihnen ein Formular in franz\u00f6sischer Sprache zur Verf\u00fcgung gestellt.","breadcrumb":{"@id":"https:\/\/www.esta-officiel-usa.com\/de\/das-esta-formular-auf-deutsch-ausfuellen\/#breadcrumb"},"inLanguage":"de","potentialAction":[{"@type":"ReadAction","target":["https:\/\/www.esta-officiel-usa.com\/de\/das-esta-formular-auf-deutsch-ausfuellen\/"]}]},{"@type":"BreadcrumbList","@id":"https:\/\/www.esta-officiel-usa.com\/de\/das-esta-formular-auf-deutsch-ausfuellen\/#breadcrumb","itemListElement":[{"@type":"ListItem","position":1,"name":"Home","item":"https:\/\/www.esta-officiel-usa.com\/de\/"},{"@type":"ListItem","position":2,"name":"Das ESTA-Formular auf Deutsch ausf\u00fcllen"}]},{"@type":"WebSite","@id":"https:\/\/www.esta-officiel-usa.com\/de\/#website","url":"https:\/\/www.esta-officiel-usa.com\/de\/","name":"ESTA - Vereinigte Staaten","description":"ESTA-Antragsformular","potentialAction":[{"@type":"SearchAction","target":{"@type":"EntryPoint","urlTemplate":"https:\/\/www.esta-officiel-usa.com\/de\/?s={search_term_string}"},"query-input":{"@type":"PropertyValueSpecification","valueRequired":true,"valueName":"search_term_string"}}],"inLanguage":"de"}]}},"_links":{"self":[{"href":"https:\/\/www.esta-officiel-usa.com\/de\/wp-json\/wp\/v2\/pages\/1579","targetHints":{"allow":["GET"]}}],"collection":[{"href":"https:\/\/www.esta-officiel-usa.com\/de\/wp-json\/wp\/v2\/pages"}],"about":[{"href":"https:\/\/www.esta-officiel-usa.com\/de\/wp-json\/wp\/v2\/types\/page"}],"author":[{"embeddable":true,"href":"https:\/\/www.esta-officiel-usa.com\/de\/wp-json\/wp\/v2\/users\/1"}],"replies":[{"embeddable":true,"href":"https:\/\/www.esta-officiel-usa.com\/de\/wp-json\/wp\/v2\/comments?post=1579"}],"version-history":[{"count":1,"href":"https:\/\/www.esta-officiel-usa.com\/de\/wp-json\/wp\/v2\/pages\/1579\/revisions"}],"predecessor-version":[{"id":1581,"href":"https:\/\/www.esta-officiel-usa.com\/de\/wp-json\/wp\/v2\/pages\/1579\/revisions\/1581"}],"wp:attachment":[{"href":"https:\/\/www.esta-officiel-usa.com\/de\/wp-json\/wp\/v2\/media?parent=1579"}],"curies":[{"name":"wp","href":"https:\/\/api.w.org\/{rel}","templated":true}]}}