{"id":1590,"date":"2025-09-13T12:04:29","date_gmt":"2025-09-13T12:04:29","guid":{"rendered":"https:\/\/www.esta-officiel-usa.com\/den-esta-antrag-auf-einer-offiziellen-website-stellen\/"},"modified":"2025-09-13T12:04:32","modified_gmt":"2025-09-13T12:04:32","slug":"den-esta-antrag-auf-einer-offiziellen-website-stellen","status":"publish","type":"page","link":"https:\/\/www.esta-officiel-usa.com\/de\/den-esta-antrag-auf-einer-offiziellen-website-stellen\/","title":{"rendered":"Den ESTA-Antrag auf einer offiziellen Website stellen"},"content":{"rendered":"\n<h1 class=\"wp-block-heading\">DEN ESTA-ANTRAG AUF DER OFFIZIELLEN WEBSITE STELLEN<\/h1>\n\n<p>ESTA steht allen <a href=\"https:\/\/www.esta-officiel-usa.com\/de\/welche-laender-sind-partner-des-visa-waiver-program-vwp\/\">Staatsangeh\u00f6rigen der Mitgliedsl\u00e4nder des Visa Waiver Program<\/a> offen, die sich vor\u00fcbergehend (weniger als 90 Tage) in den USA aufhalten m\u00f6chten<a href=\"https:\/\/www.esta-officiel-usa.com\/de\/reisen-sie-in-die-usa-und-entdecken-sie-las-vegas\/\">(ESTA Las Vegas<\/a>, Miami, New York&#8230;). Es ist daher wichtig zu wissen, wo und wie das Formular auszuf\u00fcllen ist, z.B. auf der offiziellen US-Website, die vom Department of Homeland Security betrieben wird. <\/p>\n\n<h2 class=\"wp-block-heading\">WARUM SOLLTEN SIE DIE OFFIZIELLE WEBSITE NUTZEN?<\/h2>\n\n<p>Bevor Sie zu Gesch\u00e4fts-, Transit- oder Urlaubszwecken in die USA reisen, sollten Sie mindestens 72 Stunden vor Ihrer Abreise einen <a href=\"https:\/\/www.esta-officiel-usa.com\/de\/\">ESTA-Antrag<\/a> stellen. Ohne diese Genehmigung, die im Internet beantragt werden kann, k\u00f6nnen Sie nicht einmal an Bord gehen! Nehmen Sie also Ihren <a href=\"https:\/\/www.esta-officiel-usa.com\/fr\/quel-type-de-passeport-pour-les-usa\/\">f\u00fcr die USA g\u00fcltigen Reisepass<\/a>, Ihre Reisetickets und Ihre Bankkarte mit, und Ihr Antrag kann beginnen.  <\/p>\n\n<p>Es gibt viele Websites, die Ihre Informationen sammeln und Ihnen Ihr zertifiziertes ESTA-Dokument zusenden. Sie k\u00f6nnen die offizielle Website des Department of Homeland Security (DOS) w\u00e4hlen. Der Vorteil dieser Seite ist, dass sie in vielen Sprachen verf\u00fcgbar ist.  <\/p>\n\n<p>Die Vorgehensweise ist einfach: Rufen Sie das Formular auf und f\u00fcllen Sie nach und nach alle Informationen so aus, wie sie verlangt werden. Wenn Sie sich nicht sicher sind, welche Dokumente Sie einreichen sollen, k\u00f6nnen Sie die Ratgeberseiten leicht konsultieren. Stellen Sie sicher, dass Sie alle Kriterien f\u00fcr einen ESTA-Antrag erf\u00fcllen, da Sie sonst ein Visum f\u00fcr die Einreise in die USA ben\u00f6tigen.  <\/p>\n\n<p>Der Fragebogen ist in drei Arten von Elementen unterteilt, die ausgef\u00fcllt werden m\u00fcssen:<\/p>\n\n<p>1. Ihre Identit\u00e4t und pers\u00f6nliche Situation ;<\/p>\n\n<p>2. Ihr Reisepass und Ihre Reise (Zweck, Wohnort&#8230;) ;<\/p>\n\n<p>3. Ihr Gesundheitszustand und Ihre Vorstrafen.<\/p>\n\n<p>Die offizielle Website ist also praktisch, um alle erforderlichen Angaben zu machen, aber sie sch\u00fctzt Sie nicht vor Fehlern, die <a href=\"https:\/\/www.esta-officiel-usa.com\/fr\/comment-faire-nouvelle-demande-esta-usa-apres-refus\/\">nach einer Ablehnung einen neuen Antrag erforderlich<\/a> machen oder Sie zwingen, <a href=\"https:\/\/www.esta-officiel-usa.com\/fr\/modifier-le-formulaire-esta-usa\/\">\u00c4nderungen an Ihrem ESTA<\/a> vorzunehmen.<\/p>\n\n<p>ESTA ist nicht der einzige Schritt, der getan werden muss, bevor Sie den amerikanischen Traum genie\u00dfen k\u00f6nnen: Behalten Sie alle <a href=\"https:\/\/www.esta-officiel-usa.com\/fr\/les-formalites-dentree-aux-etats-unis\/\">Einreiseformalit\u00e4ten f\u00fcr die USA im<\/a> Hinterkopf.<\/p>\n","protected":false},"excerpt":{"rendered":"<p>DEN ESTA-ANTRAG AUF DER OFFIZIELLEN WEBSITE STELLEN ESTA steht allen Staatsangeh\u00f6rigen der Mitgliedsl\u00e4nder des Visa Waiver Program offen, die sich vor\u00fcbergehend (weniger als 90 Tage) in den USA aufhalten m\u00f6chten(ESTA Las Vegas, Miami, New York&#8230;). Es ist daher wichtig zu wissen, wo und wie das Formular auszuf\u00fcllen ist, z.B. auf der offiziellen US-Website, die vom [&hellip;]<\/p>\n","protected":false},"author":1,"featured_media":0,"parent":0,"menu_order":0,"comment_status":"closed","ping_status":"closed","template":"","meta":{"footnotes":""},"class_list":["post-1590","page","type-page","status-publish","hentry"],"yoast_head":"<!-- This site is optimized with the Yoast SEO plugin v26.2 - https:\/\/yoast.com\/wordpress\/plugins\/seo\/ -->\n<title>Den ESTA-Antrag auf einer offiziellen Website stellen<\/title>\n<meta name=\"description\" content=\"ESTA ist eine obligatorische Verwaltungsma\u00dfnahme f\u00fcr Reisen in die USA, daher ist es wichtig, dass Sie wissen, wie man das Formular ausf\u00fcllt.\" \/>\n<meta name=\"robots\" content=\"index, follow, max-snippet:-1, max-image-preview:large, max-video-preview:-1\" \/>\n<link rel=\"canonical\" href=\"https:\/\/www.esta-officiel-usa.com\/de\/den-esta-antrag-auf-einer-offiziellen-website-stellen\/\" \/>\n<meta property=\"og:locale\" content=\"de_DE\" \/>\n<meta property=\"og:type\" content=\"article\" \/>\n<meta property=\"og:title\" content=\"Den ESTA-Antrag auf einer offiziellen Website stellen\" \/>\n<meta property=\"og:description\" content=\"ESTA ist eine obligatorische Verwaltungsma\u00dfnahme f\u00fcr Reisen in die USA, daher ist es wichtig, dass Sie wissen, wie man das Formular ausf\u00fcllt.\" \/>\n<meta property=\"og:url\" content=\"https:\/\/www.esta-officiel-usa.com\/de\/den-esta-antrag-auf-einer-offiziellen-website-stellen\/\" \/>\n<meta property=\"og:site_name\" content=\"ESTA - Vereinigte Staaten\" \/>\n<meta property=\"article:modified_time\" content=\"2025-09-13T12:04:32+00:00\" \/>\n<meta name=\"twitter:card\" content=\"summary_large_image\" \/>\n<meta name=\"twitter:label1\" content=\"Gesch\u00e4tzte Lesezeit\" \/>\n\t<meta name=\"twitter:data1\" content=\"2\u00a0Minuten\" \/>\n<script type=\"application\/ld+json\" class=\"yoast-schema-graph\">{\"@context\":\"https:\/\/schema.org\",\"@graph\":[{\"@type\":\"WebPage\",\"@id\":\"https:\/\/www.esta-officiel-usa.com\/de\/den-esta-antrag-auf-einer-offiziellen-website-stellen\/\",\"url\":\"https:\/\/www.esta-officiel-usa.com\/de\/den-esta-antrag-auf-einer-offiziellen-website-stellen\/\",\"name\":\"Den ESTA-Antrag auf einer offiziellen Website stellen\",\"isPartOf\":{\"@id\":\"https:\/\/www.esta-officiel-usa.com\/de\/#website\"},\"datePublished\":\"2025-09-13T12:04:29+00:00\",\"dateModified\":\"2025-09-13T12:04:32+00:00\",\"description\":\"ESTA ist eine obligatorische Verwaltungsma\u00dfnahme f\u00fcr Reisen in die USA, daher ist es wichtig, dass Sie wissen, wie man das Formular ausf\u00fcllt.\",\"breadcrumb\":{\"@id\":\"https:\/\/www.esta-officiel-usa.com\/de\/den-esta-antrag-auf-einer-offiziellen-website-stellen\/#breadcrumb\"},\"inLanguage\":\"de\",\"potentialAction\":[{\"@type\":\"ReadAction\",\"target\":[\"https:\/\/www.esta-officiel-usa.com\/de\/den-esta-antrag-auf-einer-offiziellen-website-stellen\/\"]}]},{\"@type\":\"BreadcrumbList\",\"@id\":\"https:\/\/www.esta-officiel-usa.com\/de\/den-esta-antrag-auf-einer-offiziellen-website-stellen\/#breadcrumb\",\"itemListElement\":[{\"@type\":\"ListItem\",\"position\":1,\"name\":\"Home\",\"item\":\"https:\/\/www.esta-officiel-usa.com\/de\/\"},{\"@type\":\"ListItem\",\"position\":2,\"name\":\"Den ESTA-Antrag auf einer offiziellen Website stellen\"}]},{\"@type\":\"WebSite\",\"@id\":\"https:\/\/www.esta-officiel-usa.com\/de\/#website\",\"url\":\"https:\/\/www.esta-officiel-usa.com\/de\/\",\"name\":\"ESTA - Vereinigte Staaten\",\"description\":\"ESTA-Antragsformular\",\"potentialAction\":[{\"@type\":\"SearchAction\",\"target\":{\"@type\":\"EntryPoint\",\"urlTemplate\":\"https:\/\/www.esta-officiel-usa.com\/de\/?s={search_term_string}\"},\"query-input\":{\"@type\":\"PropertyValueSpecification\",\"valueRequired\":true,\"valueName\":\"search_term_string\"}}],\"inLanguage\":\"de\"}]}<\/script>\n<!-- \/ Yoast SEO plugin. -->","yoast_head_json":{"title":"Den ESTA-Antrag auf einer offiziellen Website stellen","description":"ESTA ist eine obligatorische Verwaltungsma\u00dfnahme f\u00fcr Reisen in die USA, daher ist es wichtig, dass Sie wissen, wie man das Formular ausf\u00fcllt.","robots":{"index":"index","follow":"follow","max-snippet":"max-snippet:-1","max-image-preview":"max-image-preview:large","max-video-preview":"max-video-preview:-1"},"canonical":"https:\/\/www.esta-officiel-usa.com\/de\/den-esta-antrag-auf-einer-offiziellen-website-stellen\/","og_locale":"de_DE","og_type":"article","og_title":"Den ESTA-Antrag auf einer offiziellen Website stellen","og_description":"ESTA ist eine obligatorische Verwaltungsma\u00dfnahme f\u00fcr Reisen in die USA, daher ist es wichtig, dass Sie wissen, wie man das Formular ausf\u00fcllt.","og_url":"https:\/\/www.esta-officiel-usa.com\/de\/den-esta-antrag-auf-einer-offiziellen-website-stellen\/","og_site_name":"ESTA - Vereinigte Staaten","article_modified_time":"2025-09-13T12:04:32+00:00","twitter_card":"summary_large_image","twitter_misc":{"Gesch\u00e4tzte Lesezeit":"2\u00a0Minuten"},"schema":{"@context":"https:\/\/schema.org","@graph":[{"@type":"WebPage","@id":"https:\/\/www.esta-officiel-usa.com\/de\/den-esta-antrag-auf-einer-offiziellen-website-stellen\/","url":"https:\/\/www.esta-officiel-usa.com\/de\/den-esta-antrag-auf-einer-offiziellen-website-stellen\/","name":"Den ESTA-Antrag auf einer offiziellen Website stellen","isPartOf":{"@id":"https:\/\/www.esta-officiel-usa.com\/de\/#website"},"datePublished":"2025-09-13T12:04:29+00:00","dateModified":"2025-09-13T12:04:32+00:00","description":"ESTA ist eine obligatorische Verwaltungsma\u00dfnahme f\u00fcr Reisen in die USA, daher ist es wichtig, dass Sie wissen, wie man das Formular ausf\u00fcllt.","breadcrumb":{"@id":"https:\/\/www.esta-officiel-usa.com\/de\/den-esta-antrag-auf-einer-offiziellen-website-stellen\/#breadcrumb"},"inLanguage":"de","potentialAction":[{"@type":"ReadAction","target":["https:\/\/www.esta-officiel-usa.com\/de\/den-esta-antrag-auf-einer-offiziellen-website-stellen\/"]}]},{"@type":"BreadcrumbList","@id":"https:\/\/www.esta-officiel-usa.com\/de\/den-esta-antrag-auf-einer-offiziellen-website-stellen\/#breadcrumb","itemListElement":[{"@type":"ListItem","position":1,"name":"Home","item":"https:\/\/www.esta-officiel-usa.com\/de\/"},{"@type":"ListItem","position":2,"name":"Den ESTA-Antrag auf einer offiziellen Website stellen"}]},{"@type":"WebSite","@id":"https:\/\/www.esta-officiel-usa.com\/de\/#website","url":"https:\/\/www.esta-officiel-usa.com\/de\/","name":"ESTA - Vereinigte Staaten","description":"ESTA-Antragsformular","potentialAction":[{"@type":"SearchAction","target":{"@type":"EntryPoint","urlTemplate":"https:\/\/www.esta-officiel-usa.com\/de\/?s={search_term_string}"},"query-input":{"@type":"PropertyValueSpecification","valueRequired":true,"valueName":"search_term_string"}}],"inLanguage":"de"}]}},"_links":{"self":[{"href":"https:\/\/www.esta-officiel-usa.com\/de\/wp-json\/wp\/v2\/pages\/1590","targetHints":{"allow":["GET"]}}],"collection":[{"href":"https:\/\/www.esta-officiel-usa.com\/de\/wp-json\/wp\/v2\/pages"}],"about":[{"href":"https:\/\/www.esta-officiel-usa.com\/de\/wp-json\/wp\/v2\/types\/page"}],"author":[{"embeddable":true,"href":"https:\/\/www.esta-officiel-usa.com\/de\/wp-json\/wp\/v2\/users\/1"}],"replies":[{"embeddable":true,"href":"https:\/\/www.esta-officiel-usa.com\/de\/wp-json\/wp\/v2\/comments?post=1590"}],"version-history":[{"count":1,"href":"https:\/\/www.esta-officiel-usa.com\/de\/wp-json\/wp\/v2\/pages\/1590\/revisions"}],"predecessor-version":[{"id":1592,"href":"https:\/\/www.esta-officiel-usa.com\/de\/wp-json\/wp\/v2\/pages\/1590\/revisions\/1592"}],"wp:attachment":[{"href":"https:\/\/www.esta-officiel-usa.com\/de\/wp-json\/wp\/v2\/media?parent=1590"}],"curies":[{"name":"wp","href":"https:\/\/api.w.org\/{rel}","templated":true}]}}