{"id":1597,"date":"2025-09-13T12:04:30","date_gmt":"2025-09-13T12:04:30","guid":{"rendered":"https:\/\/www.esta-officiel-usa.com\/ausfuellen-des-esta-fragebogens-auf-deutsch\/"},"modified":"2025-09-13T12:04:32","modified_gmt":"2025-09-13T12:04:32","slug":"ausfuellen-des-esta-fragebogens-auf-deutsch","status":"publish","type":"page","link":"https:\/\/www.esta-officiel-usa.com\/de\/ausfuellen-des-esta-fragebogens-auf-deutsch\/","title":{"rendered":"Ausf\u00fcllen des ESTA-Fragebogens auf Deutsch"},"content":{"rendered":"\n<h1 class=\"wp-block-heading\">DEN ESTA-FRAGEBOGEN AUSF\u00dcLLEN<\/h1>\n\n<p>B\u00fcrger der L\u00e4nder, die am <a href=\"https:\/\/www.esta-officiel-usa.com\/fr\/a-propos-du-visa-waiver-program\/\">Visa Waiver Program<\/a> teilnehmen, k\u00f6nnen einen <a href=\"https:\/\/www.esta-officiel-usa.com\/de\/\">ESTA-Antrag<\/a> online stellen. Der Fragebogen kann in wenigen Minuten ausgef\u00fcllt werden, wenn Sie die erforderlichen Dokumente vorlegen k\u00f6nnen.   <\/p>\n\n<h2 class=\"wp-block-heading\">WAS IST DER ESTA-USA-FRAGEBOGEN?<\/h2>\n\n<p>Der ESTA-Fragebogen ist ein Formular, das unbedingt ausgef\u00fcllt werden muss, um eine Aufenthaltsgenehmigung f\u00fcr die USA zu erhalten<a href=\"https:\/\/www.esta-officiel-usa.com\/de\/reisen-sie-in-die-usa-und-entdecken-sie-las-vegas\/\">(ESTA Las Vegas<\/a>, New York, Miami, Los Angeles&#8230;).<\/p>\n\n<p>Um es korrekt auszuf\u00fcllen, stellen Sie bitte sicher, dass Sie zuvor Folgendes erhalten haben:<\/p>\n\n<ul class=\"wp-block-list\"><li>Ihren <a href=\"https:\/\/www.esta-officiel-usa.com\/fr\/quel-type-de-passeport-pour-les-usa\/\">Reisepass f\u00fcr die USA<\/a>;<\/li><li>eine Zahlungskarte (die Bearbeitungsgeb\u00fchr kann nur online bezahlt werden).<\/li><\/ul>\n\n<p>Der ESTA-Fragebogen besteht aus mehreren Rubriken. Der erste Teil betrifft die pers\u00f6nlichen Informationen des Reisenden. Zun\u00e4chst werden Ihnen Fragen zu Ihrem Familienstand gestellt: Name, Vorname, Geburtsdatum, Staatsangeh\u00f6rigkeit, Passnummer, Ausstellungs- und Ablaufdatum, Namen der Eltern, Post- und E-Mail-Adresse, Telefonnummer&#8230; Wenn Sie eine Arbeit haben, werden Sie nach dem Namen Ihres Unternehmens, der Adresse und der Telefonnummer Ihres Arbeitgebers gefragt. Sie k\u00f6nnen auch angeben, ob Sie soziale Netzwerke nutzen (Facebook-Konto&#8230;). Diese Frage ist optional und Sie sind nicht verpflichtet, sie zu beantworten.    <\/p>\n\n<p>Geben Sie den Grund f\u00fcr Ihre Reise und die Adresse an, unter der Sie anreisen.<\/p>\n\n<p>Die letzten Fragen beziehen sich auf Ihre medizinische Vorgeschichte (Allergien, Infektionskrankheiten&#8230;), Ihre Vorstrafen (Mitgliedschaft in gef\u00e4hrlichen Gruppen, illegaler Aufenthalt auf amerikanischem Boden, fr\u00fchere Verweigerung eines Visums&#8230;) und Ihre Reisen in den Irak, Iran, Syrien, Sudan, Jemen, Somalia und Libyen seit dem 1. M\u00e4rz 2011.<\/p>\n\n<p>Der Fragebogen muss ernsthaft ausgef\u00fcllt werden. Falsche oder nicht wahrheitsgem\u00e4\u00dfe Antworten k\u00f6nnen dazu f\u00fchren, dass die US-Beh\u00f6rden die Ausstellung verweigern. In diesem Fall m\u00fcssen Sie <a href=\"https:\/\/www.esta-officiel-usa.com\/fr\/comment-faire-nouvelle-demande-esta-usa-apres-refus\/\">nach der Ablehnung einen neuen Antrag stellen<\/a>.  <\/p>\n\n<h2 class=\"wp-block-heading\">ZUGANG ZUM ONLINE-ESTA-FRAGEBOGEN<\/h2>\n\n<p>Wenn Sie Staatsb\u00fcrger eines Landes sind, das am Visa Waiver Program teilnimmt, und nicht auch Staatsb\u00fcrger des Irak, Irans, Syriens oder Sudans sind (doppelte Staatsb\u00fcrgerschaft), k\u00f6nnen Sie online einen ESTA-Antrag stellen.<\/p>\n\n<p>Sie gelangen zum ESTA-Fragebogen, der ins Deutsche \u00fcbersetzt wurde. Sobald Sie das Dokument ausgef\u00fcllt haben, \u00fcberpr\u00fcfen Sie Ihre Antworten nacheinander, um sicherzustellen, dass Ihr Fragebogen ordnungsgem\u00e4\u00df ausgef\u00fcllt ist und nichts fehlt. Ihr ESTA-Antrag wird an die US-Beh\u00f6rden (insbesondere das <a href=\"https:\/\/www.esta-officiel-usa.com\/de\/department-of-homeland-security\/\">Department of Homeland Security<\/a>) weitergeleitet, die berechtigt sind, Aufenthaltsgenehmigungen f\u00fcr die USA zu erteilen. Sie erhalten Ihr Dokument, das Sie im PDF-Format herunterladen k\u00f6nnen, innerhalb von 72 Stunden! Sie brauchen es nur noch auszudrucken oder zu speichern und schon sind Sie bereit, Amerika zu erobern.    <\/p>\n","protected":false},"excerpt":{"rendered":"<p>DEN ESTA-FRAGEBOGEN AUSF\u00dcLLEN B\u00fcrger der L\u00e4nder, die am Visa Waiver Program teilnehmen, k\u00f6nnen einen ESTA-Antrag online stellen. Der Fragebogen kann in wenigen Minuten ausgef\u00fcllt werden, wenn Sie die erforderlichen Dokumente vorlegen k\u00f6nnen. WAS IST DER ESTA-USA-FRAGEBOGEN? Der ESTA-Fragebogen ist ein Formular, das unbedingt ausgef\u00fcllt werden muss, um eine Aufenthaltsgenehmigung f\u00fcr die USA zu erhalten(ESTA Las [&hellip;]<\/p>\n","protected":false},"author":1,"featured_media":0,"parent":0,"menu_order":0,"comment_status":"closed","ping_status":"closed","template":"","meta":{"footnotes":""},"class_list":["post-1597","page","type-page","status-publish","hentry"],"yoast_head":"<!-- This site is optimized with the Yoast SEO plugin v26.2 - https:\/\/yoast.com\/wordpress\/plugins\/seo\/ -->\n<title>Ausf\u00fcllen des ESTA-Fragebogens auf Deutsch<\/title>\n<meta name=\"description\" content=\"Staatsangeh\u00f6rige der VWP-L\u00e4nder k\u00f6nnen ESTA online beantragen. Hier erfahren Sie, wie Sie das Formular auf Deutsch ausf\u00fcllen.\" \/>\n<meta name=\"robots\" content=\"index, follow, max-snippet:-1, max-image-preview:large, max-video-preview:-1\" \/>\n<link rel=\"canonical\" href=\"https:\/\/www.esta-officiel-usa.com\/de\/ausfuellen-des-esta-fragebogens-auf-deutsch\/\" \/>\n<meta property=\"og:locale\" content=\"de_DE\" \/>\n<meta property=\"og:type\" content=\"article\" \/>\n<meta property=\"og:title\" content=\"Ausf\u00fcllen des ESTA-Fragebogens auf Deutsch\" \/>\n<meta property=\"og:description\" content=\"Staatsangeh\u00f6rige der VWP-L\u00e4nder k\u00f6nnen ESTA online beantragen. Hier erfahren Sie, wie Sie das Formular auf Deutsch ausf\u00fcllen.\" \/>\n<meta property=\"og:url\" content=\"https:\/\/www.esta-officiel-usa.com\/de\/ausfuellen-des-esta-fragebogens-auf-deutsch\/\" \/>\n<meta property=\"og:site_name\" content=\"ESTA - Vereinigte Staaten\" \/>\n<meta property=\"article:modified_time\" content=\"2025-09-13T12:04:32+00:00\" \/>\n<meta name=\"twitter:card\" content=\"summary_large_image\" \/>\n<meta name=\"twitter:label1\" content=\"Gesch\u00e4tzte Lesezeit\" \/>\n\t<meta name=\"twitter:data1\" content=\"2\u00a0Minuten\" \/>\n<script type=\"application\/ld+json\" class=\"yoast-schema-graph\">{\"@context\":\"https:\/\/schema.org\",\"@graph\":[{\"@type\":\"WebPage\",\"@id\":\"https:\/\/www.esta-officiel-usa.com\/de\/ausfuellen-des-esta-fragebogens-auf-deutsch\/\",\"url\":\"https:\/\/www.esta-officiel-usa.com\/de\/ausfuellen-des-esta-fragebogens-auf-deutsch\/\",\"name\":\"Ausf\u00fcllen des ESTA-Fragebogens auf Deutsch\",\"isPartOf\":{\"@id\":\"https:\/\/www.esta-officiel-usa.com\/de\/#website\"},\"datePublished\":\"2025-09-13T12:04:30+00:00\",\"dateModified\":\"2025-09-13T12:04:32+00:00\",\"description\":\"Staatsangeh\u00f6rige der VWP-L\u00e4nder k\u00f6nnen ESTA online beantragen. Hier erfahren Sie, wie Sie das Formular auf Deutsch ausf\u00fcllen.\",\"breadcrumb\":{\"@id\":\"https:\/\/www.esta-officiel-usa.com\/de\/ausfuellen-des-esta-fragebogens-auf-deutsch\/#breadcrumb\"},\"inLanguage\":\"de\",\"potentialAction\":[{\"@type\":\"ReadAction\",\"target\":[\"https:\/\/www.esta-officiel-usa.com\/de\/ausfuellen-des-esta-fragebogens-auf-deutsch\/\"]}]},{\"@type\":\"BreadcrumbList\",\"@id\":\"https:\/\/www.esta-officiel-usa.com\/de\/ausfuellen-des-esta-fragebogens-auf-deutsch\/#breadcrumb\",\"itemListElement\":[{\"@type\":\"ListItem\",\"position\":1,\"name\":\"Home\",\"item\":\"https:\/\/www.esta-officiel-usa.com\/de\/\"},{\"@type\":\"ListItem\",\"position\":2,\"name\":\"Ausf\u00fcllen des ESTA-Fragebogens auf Deutsch\"}]},{\"@type\":\"WebSite\",\"@id\":\"https:\/\/www.esta-officiel-usa.com\/de\/#website\",\"url\":\"https:\/\/www.esta-officiel-usa.com\/de\/\",\"name\":\"ESTA - Vereinigte Staaten\",\"description\":\"ESTA-Antragsformular\",\"potentialAction\":[{\"@type\":\"SearchAction\",\"target\":{\"@type\":\"EntryPoint\",\"urlTemplate\":\"https:\/\/www.esta-officiel-usa.com\/de\/?s={search_term_string}\"},\"query-input\":{\"@type\":\"PropertyValueSpecification\",\"valueRequired\":true,\"valueName\":\"search_term_string\"}}],\"inLanguage\":\"de\"}]}<\/script>\n<!-- \/ Yoast SEO plugin. -->","yoast_head_json":{"title":"Ausf\u00fcllen des ESTA-Fragebogens auf Deutsch","description":"Staatsangeh\u00f6rige der VWP-L\u00e4nder k\u00f6nnen ESTA online beantragen. Hier erfahren Sie, wie Sie das Formular auf Deutsch ausf\u00fcllen.","robots":{"index":"index","follow":"follow","max-snippet":"max-snippet:-1","max-image-preview":"max-image-preview:large","max-video-preview":"max-video-preview:-1"},"canonical":"https:\/\/www.esta-officiel-usa.com\/de\/ausfuellen-des-esta-fragebogens-auf-deutsch\/","og_locale":"de_DE","og_type":"article","og_title":"Ausf\u00fcllen des ESTA-Fragebogens auf Deutsch","og_description":"Staatsangeh\u00f6rige der VWP-L\u00e4nder k\u00f6nnen ESTA online beantragen. Hier erfahren Sie, wie Sie das Formular auf Deutsch ausf\u00fcllen.","og_url":"https:\/\/www.esta-officiel-usa.com\/de\/ausfuellen-des-esta-fragebogens-auf-deutsch\/","og_site_name":"ESTA - Vereinigte Staaten","article_modified_time":"2025-09-13T12:04:32+00:00","twitter_card":"summary_large_image","twitter_misc":{"Gesch\u00e4tzte Lesezeit":"2\u00a0Minuten"},"schema":{"@context":"https:\/\/schema.org","@graph":[{"@type":"WebPage","@id":"https:\/\/www.esta-officiel-usa.com\/de\/ausfuellen-des-esta-fragebogens-auf-deutsch\/","url":"https:\/\/www.esta-officiel-usa.com\/de\/ausfuellen-des-esta-fragebogens-auf-deutsch\/","name":"Ausf\u00fcllen des ESTA-Fragebogens auf Deutsch","isPartOf":{"@id":"https:\/\/www.esta-officiel-usa.com\/de\/#website"},"datePublished":"2025-09-13T12:04:30+00:00","dateModified":"2025-09-13T12:04:32+00:00","description":"Staatsangeh\u00f6rige der VWP-L\u00e4nder k\u00f6nnen ESTA online beantragen. Hier erfahren Sie, wie Sie das Formular auf Deutsch ausf\u00fcllen.","breadcrumb":{"@id":"https:\/\/www.esta-officiel-usa.com\/de\/ausfuellen-des-esta-fragebogens-auf-deutsch\/#breadcrumb"},"inLanguage":"de","potentialAction":[{"@type":"ReadAction","target":["https:\/\/www.esta-officiel-usa.com\/de\/ausfuellen-des-esta-fragebogens-auf-deutsch\/"]}]},{"@type":"BreadcrumbList","@id":"https:\/\/www.esta-officiel-usa.com\/de\/ausfuellen-des-esta-fragebogens-auf-deutsch\/#breadcrumb","itemListElement":[{"@type":"ListItem","position":1,"name":"Home","item":"https:\/\/www.esta-officiel-usa.com\/de\/"},{"@type":"ListItem","position":2,"name":"Ausf\u00fcllen des ESTA-Fragebogens auf Deutsch"}]},{"@type":"WebSite","@id":"https:\/\/www.esta-officiel-usa.com\/de\/#website","url":"https:\/\/www.esta-officiel-usa.com\/de\/","name":"ESTA - Vereinigte Staaten","description":"ESTA-Antragsformular","potentialAction":[{"@type":"SearchAction","target":{"@type":"EntryPoint","urlTemplate":"https:\/\/www.esta-officiel-usa.com\/de\/?s={search_term_string}"},"query-input":{"@type":"PropertyValueSpecification","valueRequired":true,"valueName":"search_term_string"}}],"inLanguage":"de"}]}},"_links":{"self":[{"href":"https:\/\/www.esta-officiel-usa.com\/de\/wp-json\/wp\/v2\/pages\/1597","targetHints":{"allow":["GET"]}}],"collection":[{"href":"https:\/\/www.esta-officiel-usa.com\/de\/wp-json\/wp\/v2\/pages"}],"about":[{"href":"https:\/\/www.esta-officiel-usa.com\/de\/wp-json\/wp\/v2\/types\/page"}],"author":[{"embeddable":true,"href":"https:\/\/www.esta-officiel-usa.com\/de\/wp-json\/wp\/v2\/users\/1"}],"replies":[{"embeddable":true,"href":"https:\/\/www.esta-officiel-usa.com\/de\/wp-json\/wp\/v2\/comments?post=1597"}],"version-history":[{"count":1,"href":"https:\/\/www.esta-officiel-usa.com\/de\/wp-json\/wp\/v2\/pages\/1597\/revisions"}],"predecessor-version":[{"id":1599,"href":"https:\/\/www.esta-officiel-usa.com\/de\/wp-json\/wp\/v2\/pages\/1597\/revisions\/1599"}],"wp:attachment":[{"href":"https:\/\/www.esta-officiel-usa.com\/de\/wp-json\/wp\/v2\/media?parent=1597"}],"curies":[{"name":"wp","href":"https:\/\/api.w.org\/{rel}","templated":true}]}}