{"id":1600,"date":"2025-09-13T12:04:31","date_gmt":"2025-09-13T12:04:31","guid":{"rendered":"https:\/\/www.esta-officiel-usa.com\/vervollstaendigung-des-offiziellen-esta-antrags\/"},"modified":"2025-09-13T12:04:33","modified_gmt":"2025-09-13T12:04:33","slug":"vervollstaendigung-des-offiziellen-esta-antrags","status":"publish","type":"page","link":"https:\/\/www.esta-officiel-usa.com\/de\/vervollstaendigung-des-offiziellen-esta-antrags\/","title":{"rendered":"Vervollst\u00e4ndigung des offiziellen ESTA-Antrags"},"content":{"rendered":"\n<h1 class=\"wp-block-heading\">Wie stelle ich einen offiziellen ESTA-Antrag?<\/h1>\n\n<p>F\u00fcr die Einreise in die USA ist eine administrative Reisegenehmigung erforderlich.  <\/p>\n\n<p>F\u00fcr einen Aufenthalt von weniger als 90 Tagen ist kein Visum f\u00fcr die USA erforderlich.<\/p>\n\n<p>Ein ESTA ist f\u00fcr die Einreise in die USA erforderlich<a href=\"https:\/\/www.esta-officiel-usa.com\/de\/reisen-sie-in-die-usa-und-entdecken-sie-las-vegas\/\">(ESTA Las Vegas<\/a>, New York, Los Angeles&#8230;). Es ist sehr einfach und schnell <a href=\"https:\/\/www.esta-officiel-usa.com\/de\/wie-man-ein-esta-online-beantragt\/\">online zu beantragen<\/a> und Sie erhalten es direkt in Ihr E-Mail-Postfach. <\/p>\n\n<h2 class=\"wp-block-heading\">DIE ZU \u00dcBERMITTELNDEN DOKUMENTE VORBEREITEN<\/h2>\n\n<p>Um die Informationen auszuf\u00fcllen, die sp\u00e4ter von Ihnen verlangt werden, m\u00fcssen Sie mehrere Dokumente bereithalten.<\/p>\n\n<p>1. Ihr Reisepass, der biometrisch oder elektronisch sein muss.<\/p>\n\n<p>2. Ihre Kreditkarte oder Ihr Paypal-Konto, da die Beantragung der Genehmigung kostenpflichtig ist und Sie den <a href=\"https:\/\/www.esta-officiel-usa.com\/de\/esta-was-kostet-es\/\">Preis f\u00fcr das ESTA<\/a> online bezahlen m\u00fcssen.<\/p>\n\n<h2 class=\"wp-block-heading\">DIE VERSCHIEDENEN SCHRITTE DES FORMULARS AUSF\u00dcLLEN<\/h2>\n\n<p>Das Formular ist in mehrere Schritte unterteilt, die alle gleicherma\u00dfen wichtig sind. Achten Sie darauf, dass Sie die Informationen korrekt und wahrheitsgem\u00e4\u00df ausf\u00fcllen. Fehler k\u00f6nnen dazu f\u00fchren, dass Sie <a href=\"https:\/\/www.esta-officiel-usa.com\/fr\/comment-faire-nouvelle-demande-esta-usa-apres-refus\/\">einen neuen Antrag stellen<\/a> m\u00fcssen , wenn die Beh\u00f6rden Ihre Genehmigung ablehnen.F\u00fcllen Sie zun\u00e4chst die grundlegenden Angaben zu Ihrer Identit\u00e4t wie Vor- und Nachname, Geburtsdatum und -ort sowie Ihre E-Mail-Adresse aus. Geben Sie dann den Grund f\u00fcr Ihre Reise an, einschlie\u00dflich der Adresse vor Ort. Wir m\u00f6chten Sie daran erinnern, dass das <a href=\"https:\/\/www.esta-officiel-usa.com\/de\/erhalt-des-esta-zertifikats\/\">ESTA-Zertifikat<\/a> f\u00fcr Touristen- und Gesch\u00e4ftsreisen von bis zu 90 Tagen sowie f\u00fcr Transitreisen (z. B. nach <a href=\"https:\/\/www.esta-officiel-usa.com\/de\/besuchen-sie-kuba-auf-einer-reise-in-die-usa\/\">Kuba<\/a> oder <a href=\"https:\/\/www.esta-officiel-usa.com\/de\/entdecken-sie-hawaii-mit-ihrer-esta-genehmigung\/\">Hawaii<\/a> ) gilt. Die letzten Fragen beziehen sich auf Ihre Gesundheit und vor allem auf Ihre Vorstrafen. Dies sind geschlossene Fragen, die sicherstellen sollen, dass Sie keine Gefahr f\u00fcr die USA darstellen.      <\/p>\n\n<h2 class=\"wp-block-heading\">DIE ZAHLUNG VORNEHMEN UND DIE ESTA PER E-MAIL ERHALTEN<\/h2>\n\n<p>Der letzte Schritt, bevor Sie Ihr wertvolles ESTA erhalten, ist die Online-Zahlung der Bearbeitungsgeb\u00fchr per Kreditkarte. Damit ist der Vorgang abgeschlossen und Sie m\u00fcssen nur noch auf Ihre Genehmigung warten. Die <a href=\"https:\/\/www.esta-officiel-usa.com\/de\/wie-lange-dauert-die-beantragung-des-esta\/\">Bearbeitungszeit<\/a> betr\u00e4gt in der Regel zwischen wenigen Minuten und 72 Stunden. Das ist praktisch, wenn Sie in den n\u00e4chsten Tagen abfliegen m\u00fcssen! Ihr per E-Mail erhaltenes Dokument muss nicht ausgedruckt werden, Sie k\u00f6nnen dies jedoch tun, um einen schriftlichen Nachweis zu erhalten.    <\/p>\n\n<p>Hinweis: Sp\u00e4ter kann es vorkommen, dass Sie einen Fehler in der Meldung bemerken oder dass Sie <a href=\"https:\/\/www.esta-officiel-usa.com\/fr\/modifier-le-formulaire-esta-usa\/\">den ESTA<\/a> f\u00fcr <a href=\"https:\/\/www.esta-officiel-usa.com\/de\/beantragung-einer-esta-genehmigung-fuer-minderjaehrige\/\">Minderj\u00e4hrige<\/a> oder Vollj\u00e4hrige \u00e4ndern m\u00fcssen. In diesem Fall k\u00f6nnen Sie Ihre Genehmigung unter bestimmten Bedingungen kostenlos <a href=\"https:\/\/www.esta-officiel-usa.com\/fr\/autorisation-esta-mise-a-jour\/\">aktualisieren<\/a>. <br\/><\/p>\n","protected":false},"excerpt":{"rendered":"<p>Wie stelle ich einen offiziellen ESTA-Antrag? F\u00fcr die Einreise in die USA ist eine administrative Reisegenehmigung erforderlich. F\u00fcr einen Aufenthalt von weniger als 90 Tagen ist kein Visum f\u00fcr die USA erforderlich. Ein ESTA ist f\u00fcr die Einreise in die USA erforderlich(ESTA Las Vegas, New York, Los Angeles&#8230;). Es ist sehr einfach und schnell online [&hellip;]<\/p>\n","protected":false},"author":1,"featured_media":0,"parent":0,"menu_order":0,"comment_status":"closed","ping_status":"closed","template":"","meta":{"footnotes":""},"class_list":["post-1600","page","type-page","status-publish","hentry"],"yoast_head":"<!-- This site is optimized with the Yoast SEO plugin v26.2 - https:\/\/yoast.com\/wordpress\/plugins\/seo\/ -->\n<title>Vervollst\u00e4ndigung des offiziellen ESTA-Antrags<\/title>\n<meta name=\"description\" content=\"Um in die Vereinigten Staaten zu reisen, m\u00fcssen Sie einen Antrag auf Einreisegenehmigung stellen, Ihr ESTA.\" \/>\n<meta name=\"robots\" content=\"index, follow, max-snippet:-1, max-image-preview:large, max-video-preview:-1\" \/>\n<link rel=\"canonical\" href=\"https:\/\/www.esta-officiel-usa.com\/de\/vervollstaendigung-des-offiziellen-esta-antrags\/\" \/>\n<meta property=\"og:locale\" content=\"de_DE\" \/>\n<meta property=\"og:type\" content=\"article\" \/>\n<meta property=\"og:title\" content=\"Vervollst\u00e4ndigung des offiziellen ESTA-Antrags\" \/>\n<meta property=\"og:description\" content=\"Um in die Vereinigten Staaten zu reisen, m\u00fcssen Sie einen Antrag auf Einreisegenehmigung stellen, Ihr ESTA.\" \/>\n<meta property=\"og:url\" content=\"https:\/\/www.esta-officiel-usa.com\/de\/vervollstaendigung-des-offiziellen-esta-antrags\/\" \/>\n<meta property=\"og:site_name\" content=\"ESTA - Vereinigte Staaten\" \/>\n<meta property=\"article:modified_time\" content=\"2025-09-13T12:04:33+00:00\" \/>\n<meta name=\"twitter:card\" content=\"summary_large_image\" \/>\n<meta name=\"twitter:label1\" content=\"Gesch\u00e4tzte Lesezeit\" \/>\n\t<meta name=\"twitter:data1\" content=\"2\u00a0Minuten\" \/>\n<script type=\"application\/ld+json\" class=\"yoast-schema-graph\">{\"@context\":\"https:\/\/schema.org\",\"@graph\":[{\"@type\":\"WebPage\",\"@id\":\"https:\/\/www.esta-officiel-usa.com\/de\/vervollstaendigung-des-offiziellen-esta-antrags\/\",\"url\":\"https:\/\/www.esta-officiel-usa.com\/de\/vervollstaendigung-des-offiziellen-esta-antrags\/\",\"name\":\"Vervollst\u00e4ndigung des offiziellen ESTA-Antrags\",\"isPartOf\":{\"@id\":\"https:\/\/www.esta-officiel-usa.com\/de\/#website\"},\"datePublished\":\"2025-09-13T12:04:31+00:00\",\"dateModified\":\"2025-09-13T12:04:33+00:00\",\"description\":\"Um in die Vereinigten Staaten zu reisen, m\u00fcssen Sie einen Antrag auf Einreisegenehmigung stellen, Ihr ESTA.\",\"breadcrumb\":{\"@id\":\"https:\/\/www.esta-officiel-usa.com\/de\/vervollstaendigung-des-offiziellen-esta-antrags\/#breadcrumb\"},\"inLanguage\":\"de\",\"potentialAction\":[{\"@type\":\"ReadAction\",\"target\":[\"https:\/\/www.esta-officiel-usa.com\/de\/vervollstaendigung-des-offiziellen-esta-antrags\/\"]}]},{\"@type\":\"BreadcrumbList\",\"@id\":\"https:\/\/www.esta-officiel-usa.com\/de\/vervollstaendigung-des-offiziellen-esta-antrags\/#breadcrumb\",\"itemListElement\":[{\"@type\":\"ListItem\",\"position\":1,\"name\":\"Home\",\"item\":\"https:\/\/www.esta-officiel-usa.com\/de\/\"},{\"@type\":\"ListItem\",\"position\":2,\"name\":\"Vervollst\u00e4ndigung des offiziellen ESTA-Antrags\"}]},{\"@type\":\"WebSite\",\"@id\":\"https:\/\/www.esta-officiel-usa.com\/de\/#website\",\"url\":\"https:\/\/www.esta-officiel-usa.com\/de\/\",\"name\":\"ESTA - Vereinigte Staaten\",\"description\":\"ESTA-Antragsformular\",\"potentialAction\":[{\"@type\":\"SearchAction\",\"target\":{\"@type\":\"EntryPoint\",\"urlTemplate\":\"https:\/\/www.esta-officiel-usa.com\/de\/?s={search_term_string}\"},\"query-input\":{\"@type\":\"PropertyValueSpecification\",\"valueRequired\":true,\"valueName\":\"search_term_string\"}}],\"inLanguage\":\"de\"}]}<\/script>\n<!-- \/ Yoast SEO plugin. -->","yoast_head_json":{"title":"Vervollst\u00e4ndigung des offiziellen ESTA-Antrags","description":"Um in die Vereinigten Staaten zu reisen, m\u00fcssen Sie einen Antrag auf Einreisegenehmigung stellen, Ihr ESTA.","robots":{"index":"index","follow":"follow","max-snippet":"max-snippet:-1","max-image-preview":"max-image-preview:large","max-video-preview":"max-video-preview:-1"},"canonical":"https:\/\/www.esta-officiel-usa.com\/de\/vervollstaendigung-des-offiziellen-esta-antrags\/","og_locale":"de_DE","og_type":"article","og_title":"Vervollst\u00e4ndigung des offiziellen ESTA-Antrags","og_description":"Um in die Vereinigten Staaten zu reisen, m\u00fcssen Sie einen Antrag auf Einreisegenehmigung stellen, Ihr ESTA.","og_url":"https:\/\/www.esta-officiel-usa.com\/de\/vervollstaendigung-des-offiziellen-esta-antrags\/","og_site_name":"ESTA - Vereinigte Staaten","article_modified_time":"2025-09-13T12:04:33+00:00","twitter_card":"summary_large_image","twitter_misc":{"Gesch\u00e4tzte Lesezeit":"2\u00a0Minuten"},"schema":{"@context":"https:\/\/schema.org","@graph":[{"@type":"WebPage","@id":"https:\/\/www.esta-officiel-usa.com\/de\/vervollstaendigung-des-offiziellen-esta-antrags\/","url":"https:\/\/www.esta-officiel-usa.com\/de\/vervollstaendigung-des-offiziellen-esta-antrags\/","name":"Vervollst\u00e4ndigung des offiziellen ESTA-Antrags","isPartOf":{"@id":"https:\/\/www.esta-officiel-usa.com\/de\/#website"},"datePublished":"2025-09-13T12:04:31+00:00","dateModified":"2025-09-13T12:04:33+00:00","description":"Um in die Vereinigten Staaten zu reisen, m\u00fcssen Sie einen Antrag auf Einreisegenehmigung stellen, Ihr ESTA.","breadcrumb":{"@id":"https:\/\/www.esta-officiel-usa.com\/de\/vervollstaendigung-des-offiziellen-esta-antrags\/#breadcrumb"},"inLanguage":"de","potentialAction":[{"@type":"ReadAction","target":["https:\/\/www.esta-officiel-usa.com\/de\/vervollstaendigung-des-offiziellen-esta-antrags\/"]}]},{"@type":"BreadcrumbList","@id":"https:\/\/www.esta-officiel-usa.com\/de\/vervollstaendigung-des-offiziellen-esta-antrags\/#breadcrumb","itemListElement":[{"@type":"ListItem","position":1,"name":"Home","item":"https:\/\/www.esta-officiel-usa.com\/de\/"},{"@type":"ListItem","position":2,"name":"Vervollst\u00e4ndigung des offiziellen ESTA-Antrags"}]},{"@type":"WebSite","@id":"https:\/\/www.esta-officiel-usa.com\/de\/#website","url":"https:\/\/www.esta-officiel-usa.com\/de\/","name":"ESTA - Vereinigte Staaten","description":"ESTA-Antragsformular","potentialAction":[{"@type":"SearchAction","target":{"@type":"EntryPoint","urlTemplate":"https:\/\/www.esta-officiel-usa.com\/de\/?s={search_term_string}"},"query-input":{"@type":"PropertyValueSpecification","valueRequired":true,"valueName":"search_term_string"}}],"inLanguage":"de"}]}},"_links":{"self":[{"href":"https:\/\/www.esta-officiel-usa.com\/de\/wp-json\/wp\/v2\/pages\/1600","targetHints":{"allow":["GET"]}}],"collection":[{"href":"https:\/\/www.esta-officiel-usa.com\/de\/wp-json\/wp\/v2\/pages"}],"about":[{"href":"https:\/\/www.esta-officiel-usa.com\/de\/wp-json\/wp\/v2\/types\/page"}],"author":[{"embeddable":true,"href":"https:\/\/www.esta-officiel-usa.com\/de\/wp-json\/wp\/v2\/users\/1"}],"replies":[{"embeddable":true,"href":"https:\/\/www.esta-officiel-usa.com\/de\/wp-json\/wp\/v2\/comments?post=1600"}],"version-history":[{"count":1,"href":"https:\/\/www.esta-officiel-usa.com\/de\/wp-json\/wp\/v2\/pages\/1600\/revisions"}],"predecessor-version":[{"id":1601,"href":"https:\/\/www.esta-officiel-usa.com\/de\/wp-json\/wp\/v2\/pages\/1600\/revisions\/1601"}],"wp:attachment":[{"href":"https:\/\/www.esta-officiel-usa.com\/de\/wp-json\/wp\/v2\/media?parent=1600"}],"curies":[{"name":"wp","href":"https:\/\/api.w.org\/{rel}","templated":true}]}}