{"id":1618,"date":"2025-09-13T12:04:37","date_gmt":"2025-09-13T12:04:37","guid":{"rendered":"https:\/\/www.esta-officiel-usa.com\/aendern-des-esta-formulars\/"},"modified":"2025-09-13T12:04:40","modified_gmt":"2025-09-13T12:04:40","slug":"aendern-des-esta-formulars","status":"publish","type":"page","link":"https:\/\/www.esta-officiel-usa.com\/de\/aendern-des-esta-formulars\/","title":{"rendered":"\u00c4ndern des ESTA-Formulars"},"content":{"rendered":"\n<h1 class=\"wp-block-heading\">EIN ESTA-FORMULAR \u00c4NDERN<\/h1>\n\n<p>Wenn Sie eine Reise in die Vereinigten Staaten planen, ben\u00f6tigen Sie unbedingt eine aktuelle Aufenthaltsgenehmigung (ESTA, Green Card, Visum).<\/p>\n\n<p>Wenn Sie bereits \u00fcber einen <a href=\"https:\/\/www.esta-officiel-usa.com\/de\/\">ESTA<\/a> verf\u00fcgen, dieser aber einen Fehler enth\u00e4lt oder nicht mehr Ihrer aktuellen Situation entspricht, m\u00fcssen Sie ihn unbedingt \u00e4ndern lassen.<br\/> <\/p>\n\n<h2 class=\"wp-block-heading\">\u00c4NDERUNG DES KOSTENPFLICHTIGEN ESTA<\/h2>\n\n<p>Ein ESTA kann aus verschiedenen Gr\u00fcnden ge\u00e4ndert werden. Das obligatorische <a href=\"https:\/\/www.esta-officiel-usa.com\/de\/esta-formular-online-beantragen\/\">ESTA-Formular<\/a> besteht aus vielen Rubriken mit einer Vielzahl von Fragen zu jeder Rubrik. Daher ist niemand davor gefeit, einen Fehler zu machen!  <\/p>\n\n<p>esta-official-usa.com wurde erstellt, um dieses Risiko zu minimieren. Unsere Teams, die Experten f\u00fcr Reiseformalit\u00e4ten sind, \u00fcberpr\u00fcfen Ihre Antworten Schritt f\u00fcr Schritt, damit Sie beruhigt in die USA reisen k\u00f6nnen. Ein kleiner Fehler beim Ausf\u00fcllen kann dazu f\u00fchren, dass der <a href=\"https:\/\/www.esta-officiel-usa.com\/de\/die-zollkontrollen-der-usa-passieren\/\">US-Zoll<\/a> Ihnen die Einreise verweigert, wenn er feststellt, dass Ihre Daten falsch oder nicht aktuell sind.  <\/p>\n\n<p>Wenn Sie eine \u00c4nderung Ihres ESTA vornehmen m\u00fcssen, m\u00fcssen Sie in den meisten F\u00e4llen einen neuen Antrag auf Genehmigung stellen. Das Verfahren ist das gleiche wie bei einem Erstantrag und daher kostenpflichtig. <\/p>\n\n<p>Um einen weiteren Fehler zu vermeiden, achten Sie beim Ausf\u00fcllen auf die folgenden Punkte:<\/p>\n\n<ul class=\"wp-block-list\"><li>Der auf dem Formular angegebene Familienstand muss mit den Angaben in <a href=\"https:\/\/www.esta-officiel-usa.com\/fr\/quel-type-de-passeport-pour-les-usa\/\">Ihrem Reisepass<\/a> \u00fcbereinstimmen (Name, Vorname, Familienstand&#8230;).<\/li><li>Die Informationen \u00fcber den Reisepass (Nummer, Ausstellungsdatum, Ablaufdatum) m\u00fcssen genauestens eingetragen werden. Es sind nur elektronische oder biometrische Reisep\u00e4sse zul\u00e4ssig. Die G\u00fcltigkeitsdauer muss die gesamte Dauer des Aufenthalts abdecken;  <\/li><li>Daten in Bezug auf Ihre Vorstrafen und medizinische Vorgeschichte m\u00fcssen ebenfalls der Wahrheit entsprechen. In den USA ist mit der Sicherheit nicht zu spa\u00dfen! <\/li><\/ul>\n\n<p>Wenn Sie Ihr ge\u00e4ndertes ESTA schnell erhalten m\u00f6chten, sollten Sie wissen, dass dies auf esta-official-usa.com ganz einfach m\u00f6glich ist. Sie erhalten Ihren aktualisierten ESTA innerhalb von 72 Stunden, in der Regel noch am selben Tag. <br\/> <\/p>\n\n<h2 class=\"wp-block-heading\">DIE \u00c4NDERUNG DES KOSTENLOSEN ESTA<\/h2>\n\n<p>Einige ESTA-Daten k\u00f6nnen kostenlos online ge\u00e4ndert werden.<\/p>\n\n<p>Dies ist der Fall, wenn die physische Adresse, an der Sie sich aufhalten, ge\u00e4ndert wurde oder wenn Sie Ihre E-Mail-Adresse ge\u00e4ndert haben.<\/p>\n\n<p>In allen anderen F\u00e4llen ist das \u00c4nderungsverfahren, wie oben erw\u00e4hnt, geb\u00fchrenpflichtig.<\/p>\n\n<p>Denken Sie auch daran, vor Ihrer Reise zu \u00fcberpr\u00fcfen, ob Ihr urspr\u00fcngliches ESTA noch g\u00fcltig ist. Das Dokument hat eine G\u00fcltigkeitsdauer von zwei Jahren. <\/p>\n\n<p>Wenn Ihre Genehmigung nicht mehr g\u00fcltig ist, m\u00fcssen Sie eine neue Genehmigung beantragen. Die Vorgehensweise ist die gleiche wie bei einer \u00c4nderung oder einem Erstantrag. <br\/><\/p>\n","protected":false},"excerpt":{"rendered":"<p>EIN ESTA-FORMULAR \u00c4NDERN Wenn Sie eine Reise in die Vereinigten Staaten planen, ben\u00f6tigen Sie unbedingt eine aktuelle Aufenthaltsgenehmigung (ESTA, Green Card, Visum). Wenn Sie bereits \u00fcber einen ESTA verf\u00fcgen, dieser aber einen Fehler enth\u00e4lt oder nicht mehr Ihrer aktuellen Situation entspricht, m\u00fcssen Sie ihn unbedingt \u00e4ndern lassen. \u00c4NDERUNG DES KOSTENPFLICHTIGEN ESTA Ein ESTA kann aus [&hellip;]<\/p>\n","protected":false},"author":1,"featured_media":0,"parent":0,"menu_order":0,"comment_status":"closed","ping_status":"closed","template":"","meta":{"footnotes":""},"class_list":["post-1618","page","type-page","status-publish","hentry"],"yoast_head":"<!-- This site is optimized with the Yoast SEO plugin v26.2 - https:\/\/yoast.com\/wordpress\/plugins\/seo\/ -->\n<title>\u00c4ndern des ESTA-Formulars<\/title>\n<meta name=\"description\" content=\"Sie haben bereits einen ESTA, aber er entspricht nicht mehr Ihrer aktuellen Situation. Unsere Teams erkl\u00e4ren Ihnen, wie Sie ihn \u00e4ndern k\u00f6nnen.\" \/>\n<meta name=\"robots\" content=\"index, follow, max-snippet:-1, max-image-preview:large, max-video-preview:-1\" \/>\n<link rel=\"canonical\" href=\"https:\/\/www.esta-officiel-usa.com\/de\/aendern-des-esta-formulars\/\" \/>\n<meta property=\"og:locale\" content=\"de_DE\" \/>\n<meta property=\"og:type\" content=\"article\" \/>\n<meta property=\"og:title\" content=\"\u00c4ndern des ESTA-Formulars\" \/>\n<meta property=\"og:description\" content=\"Sie haben bereits einen ESTA, aber er entspricht nicht mehr Ihrer aktuellen Situation. Unsere Teams erkl\u00e4ren Ihnen, wie Sie ihn \u00e4ndern k\u00f6nnen.\" \/>\n<meta property=\"og:url\" content=\"https:\/\/www.esta-officiel-usa.com\/de\/aendern-des-esta-formulars\/\" \/>\n<meta property=\"og:site_name\" content=\"ESTA - Vereinigte Staaten\" \/>\n<meta property=\"article:modified_time\" content=\"2025-09-13T12:04:40+00:00\" \/>\n<meta name=\"twitter:card\" content=\"summary_large_image\" \/>\n<meta name=\"twitter:label1\" content=\"Gesch\u00e4tzte Lesezeit\" \/>\n\t<meta name=\"twitter:data1\" content=\"2\u00a0Minuten\" \/>\n<script type=\"application\/ld+json\" class=\"yoast-schema-graph\">{\"@context\":\"https:\/\/schema.org\",\"@graph\":[{\"@type\":\"WebPage\",\"@id\":\"https:\/\/www.esta-officiel-usa.com\/de\/aendern-des-esta-formulars\/\",\"url\":\"https:\/\/www.esta-officiel-usa.com\/de\/aendern-des-esta-formulars\/\",\"name\":\"\u00c4ndern des ESTA-Formulars\",\"isPartOf\":{\"@id\":\"https:\/\/www.esta-officiel-usa.com\/de\/#website\"},\"datePublished\":\"2025-09-13T12:04:37+00:00\",\"dateModified\":\"2025-09-13T12:04:40+00:00\",\"description\":\"Sie haben bereits einen ESTA, aber er entspricht nicht mehr Ihrer aktuellen Situation. Unsere Teams erkl\u00e4ren Ihnen, wie Sie ihn \u00e4ndern k\u00f6nnen.\",\"breadcrumb\":{\"@id\":\"https:\/\/www.esta-officiel-usa.com\/de\/aendern-des-esta-formulars\/#breadcrumb\"},\"inLanguage\":\"de\",\"potentialAction\":[{\"@type\":\"ReadAction\",\"target\":[\"https:\/\/www.esta-officiel-usa.com\/de\/aendern-des-esta-formulars\/\"]}]},{\"@type\":\"BreadcrumbList\",\"@id\":\"https:\/\/www.esta-officiel-usa.com\/de\/aendern-des-esta-formulars\/#breadcrumb\",\"itemListElement\":[{\"@type\":\"ListItem\",\"position\":1,\"name\":\"Home\",\"item\":\"https:\/\/www.esta-officiel-usa.com\/de\/\"},{\"@type\":\"ListItem\",\"position\":2,\"name\":\"\u00c4ndern des ESTA-Formulars\"}]},{\"@type\":\"WebSite\",\"@id\":\"https:\/\/www.esta-officiel-usa.com\/de\/#website\",\"url\":\"https:\/\/www.esta-officiel-usa.com\/de\/\",\"name\":\"ESTA - Vereinigte Staaten\",\"description\":\"ESTA-Antragsformular\",\"potentialAction\":[{\"@type\":\"SearchAction\",\"target\":{\"@type\":\"EntryPoint\",\"urlTemplate\":\"https:\/\/www.esta-officiel-usa.com\/de\/?s={search_term_string}\"},\"query-input\":{\"@type\":\"PropertyValueSpecification\",\"valueRequired\":true,\"valueName\":\"search_term_string\"}}],\"inLanguage\":\"de\"}]}<\/script>\n<!-- \/ Yoast SEO plugin. -->","yoast_head_json":{"title":"\u00c4ndern des ESTA-Formulars","description":"Sie haben bereits einen ESTA, aber er entspricht nicht mehr Ihrer aktuellen Situation. Unsere Teams erkl\u00e4ren Ihnen, wie Sie ihn \u00e4ndern k\u00f6nnen.","robots":{"index":"index","follow":"follow","max-snippet":"max-snippet:-1","max-image-preview":"max-image-preview:large","max-video-preview":"max-video-preview:-1"},"canonical":"https:\/\/www.esta-officiel-usa.com\/de\/aendern-des-esta-formulars\/","og_locale":"de_DE","og_type":"article","og_title":"\u00c4ndern des ESTA-Formulars","og_description":"Sie haben bereits einen ESTA, aber er entspricht nicht mehr Ihrer aktuellen Situation. Unsere Teams erkl\u00e4ren Ihnen, wie Sie ihn \u00e4ndern k\u00f6nnen.","og_url":"https:\/\/www.esta-officiel-usa.com\/de\/aendern-des-esta-formulars\/","og_site_name":"ESTA - Vereinigte Staaten","article_modified_time":"2025-09-13T12:04:40+00:00","twitter_card":"summary_large_image","twitter_misc":{"Gesch\u00e4tzte Lesezeit":"2\u00a0Minuten"},"schema":{"@context":"https:\/\/schema.org","@graph":[{"@type":"WebPage","@id":"https:\/\/www.esta-officiel-usa.com\/de\/aendern-des-esta-formulars\/","url":"https:\/\/www.esta-officiel-usa.com\/de\/aendern-des-esta-formulars\/","name":"\u00c4ndern des ESTA-Formulars","isPartOf":{"@id":"https:\/\/www.esta-officiel-usa.com\/de\/#website"},"datePublished":"2025-09-13T12:04:37+00:00","dateModified":"2025-09-13T12:04:40+00:00","description":"Sie haben bereits einen ESTA, aber er entspricht nicht mehr Ihrer aktuellen Situation. Unsere Teams erkl\u00e4ren Ihnen, wie Sie ihn \u00e4ndern k\u00f6nnen.","breadcrumb":{"@id":"https:\/\/www.esta-officiel-usa.com\/de\/aendern-des-esta-formulars\/#breadcrumb"},"inLanguage":"de","potentialAction":[{"@type":"ReadAction","target":["https:\/\/www.esta-officiel-usa.com\/de\/aendern-des-esta-formulars\/"]}]},{"@type":"BreadcrumbList","@id":"https:\/\/www.esta-officiel-usa.com\/de\/aendern-des-esta-formulars\/#breadcrumb","itemListElement":[{"@type":"ListItem","position":1,"name":"Home","item":"https:\/\/www.esta-officiel-usa.com\/de\/"},{"@type":"ListItem","position":2,"name":"\u00c4ndern des ESTA-Formulars"}]},{"@type":"WebSite","@id":"https:\/\/www.esta-officiel-usa.com\/de\/#website","url":"https:\/\/www.esta-officiel-usa.com\/de\/","name":"ESTA - Vereinigte Staaten","description":"ESTA-Antragsformular","potentialAction":[{"@type":"SearchAction","target":{"@type":"EntryPoint","urlTemplate":"https:\/\/www.esta-officiel-usa.com\/de\/?s={search_term_string}"},"query-input":{"@type":"PropertyValueSpecification","valueRequired":true,"valueName":"search_term_string"}}],"inLanguage":"de"}]}},"_links":{"self":[{"href":"https:\/\/www.esta-officiel-usa.com\/de\/wp-json\/wp\/v2\/pages\/1618","targetHints":{"allow":["GET"]}}],"collection":[{"href":"https:\/\/www.esta-officiel-usa.com\/de\/wp-json\/wp\/v2\/pages"}],"about":[{"href":"https:\/\/www.esta-officiel-usa.com\/de\/wp-json\/wp\/v2\/types\/page"}],"author":[{"embeddable":true,"href":"https:\/\/www.esta-officiel-usa.com\/de\/wp-json\/wp\/v2\/users\/1"}],"replies":[{"embeddable":true,"href":"https:\/\/www.esta-officiel-usa.com\/de\/wp-json\/wp\/v2\/comments?post=1618"}],"version-history":[{"count":1,"href":"https:\/\/www.esta-officiel-usa.com\/de\/wp-json\/wp\/v2\/pages\/1618\/revisions"}],"predecessor-version":[{"id":1621,"href":"https:\/\/www.esta-officiel-usa.com\/de\/wp-json\/wp\/v2\/pages\/1618\/revisions\/1621"}],"wp:attachment":[{"href":"https:\/\/www.esta-officiel-usa.com\/de\/wp-json\/wp\/v2\/media?parent=1618"}],"curies":[{"name":"wp","href":"https:\/\/api.w.org\/{rel}","templated":true}]}}