{"id":1622,"date":"2025-09-13T12:04:38","date_gmt":"2025-09-13T12:04:38","guid":{"rendered":"https:\/\/www.esta-officiel-usa.com\/ueber-das-visa-waiver-program\/"},"modified":"2025-09-13T12:04:40","modified_gmt":"2025-09-13T12:04:40","slug":"ueber-das-visa-waiver-program","status":"publish","type":"page","link":"https:\/\/www.esta-officiel-usa.com\/de\/ueber-das-visa-waiver-program\/","title":{"rendered":"\u00dcber das Visa Waiver Program"},"content":{"rendered":"\n<h1 class=\"wp-block-heading\">Die Vorteile des Visa Waiver Program<\/h1>\n\n<p>F\u00fcr viele ist Amerika gleichbedeutend mit Abenteuern, Metropolen, die niemals schlafen, weiten, unber\u00fchrten Landstrichen, in denen die Natur noch herrscht, Nationalparks und manchmal auch mit der Verfolgung des amerikanischen Traums. Jedes Jahr reisen Millionen von Reisenden mit einem Visum in die Vereinigten Staaten, aber in einigen F\u00e4llen ist es nicht erforderlich, ein Visum zu beantragen. Die Einf\u00fchrung des Visa Waiver Program erleichtert die <a href=\"https:\/\/www.esta-officiel-usa.com\/fr\/les-formalites-dentree-aux-etats-unis\/\">Einreise in die USA<\/a>, da im Rahmen der <a href=\"https:\/\/www.esta-officiel-usa.com\/de\/\">ESTA-Reisegenehmigung<\/a> kein Visum ben\u00f6tigt wird.  <br\/> <\/p>\n\n<h2 class=\"wp-block-heading\">Was ist das Visa Waiver Program?<\/h2>\n\n<p>Das VWP ist das Produkt einer Zusammenarbeit zwischen zwei US-Abteilungen, dem Homeland Security Department und dem <a href=\"https:\/\/www.esta-officiel-usa.com\/de\/was-ist-das-dos-department-of-state\/\">DOS<\/a>. Es erm\u00f6glicht ausl\u00e4ndischen Staatsb\u00fcrgern der teilnehmenden L\u00e4nder, ohne ein US-Visum in die USA zu reisen. Aufgrund der schwierigen internationalen Lage haben die Beh\u00f6rden eine Reisegenehmigung mit dem Namen ESTA (Electronic System for Travel Authorization) eingef\u00fchrt. F\u00fcr Reisende erleichtert dieses Dokument die Einreise, da kein Visum erforderlich ist. F\u00fcr den <a href=\"https:\/\/www.esta-officiel-usa.com\/de\/die-zollkontrollen-der-usa-passieren\/\">US-Zoll<\/a> bedeutet das Verfahren eine Verbesserung der inneren Sicherheit: Das ESTA-Formular erm\u00f6glicht es, Informationen von Reisenden zu sammeln und ihre Identit\u00e4t zu \u00fcberpr\u00fcfen, bevor sie ein Flugzeug oder ein Schiff besteigen. Der Erfolg von ESTA ist unbestritten und ab 2025 wird eine \u00e4hnliche <a href=\"https:\/\/www.esta-officiel-usa.com\/de\/etias-europe-inspiriert-von-esta-in-den-usa\/\">ETIAS-Genehmigung<\/a> f\u00fcr die Einreise nach Europa eingef\u00fchrt.     <\/p>\n\n<p>Nachstehend finden Sie eine Liste der <a href=\"https:\/\/www.esta-officiel-usa.com\/de\/welche-laender-sind-partner-des-visa-waiver-program-vwp\/\">L\u00e4nder, die am Visa Waiver Program teilnehmen<\/a>:<\/p>\n\n<p>Andorra, Australien, \u00d6sterreich, Belgien, Brunei, Chile, S\u00fcdkorea, Kroatien, Deutschland, D\u00e4nemark, Spanien, Estland, Finnland, Frankreich, Griechenland, Holland, Ungarn, Island, Irland, Israel, Italien, Japan, Lettland, Liechtenstein, Litauen, Luxemburg, Malta, Monaco, Neuseeland, Norwegen, Polen, Portugal, Gro\u00dfbritannien, San Marino, Singapur, Schweden, Schweiz, Slowakei, Slowenien, Taiwan, Tschechische Republik.<\/p>\n\n<p>Wenn Sie Staatsangeh\u00f6riger eines dieser L\u00e4nder sind, k\u00f6nnen Sie bei der US-Regierung einen ESTA-Antrag stellen. Der<a href=\"https:\/\/www.esta-officiel-usa.com\/de\/wozu-dient-esta-bei-einer-reise-in-die-usa\/\">Zweck eines ESTA-Antrags<\/a> besteht darin, dass Sie ohne Visum in die USA reisen k\u00f6nnen, jedoch unter den folgenden Bedingungen: <\/p>\n\n<ul class=\"wp-block-list\">\n<li>Aufenthalt in den USA f\u00fcr bis zu 90 aufeinanderfolgende Tage ;<\/li>\n\n\n\n<li>Tourismus oder Gesch\u00e4fte ;<\/li>\n\n\n\n<li>Teilnahme an sozialen, sportlichen, musikalischen oder kulturellen Aktivit\u00e4ten, solange diese nicht bezahlt werden;<\/li>\n\n\n\n<li>Sie k\u00f6nnen sich f\u00fcr Kurse anmelden, sofern diese keine Leistungspunkte f\u00fcr einen US-amerikanischen Hochschulabschluss erbringen.<\/li>\n<\/ul>\n\n<p>Wenn Sie eine Gesch\u00e4ftsreise planen, sollten Sie wissen, dass Sie das Recht haben, :<\/p>\n\n<ul class=\"wp-block-list\">\n<li>Teilnahme an Gesch\u00e4ftstreffen, Konferenzen, Tagungen oder kurzen (unbezahlten) Schulungen;<\/li>\n\n\n\n<li>Verhandeln und Unterzeichnen von Vertr\u00e4gen.<br\/> <\/li>\n<\/ul>\n\n<h2 class=\"wp-block-heading\">Wie man ein ESTA im Rahmen des VWP erh\u00e4lt<\/h2>\n\n<p>Es ist recht einfach, das <a href=\"https:\/\/www.esta-officiel-usa.com\/de\/esta-formular-online-beantragen\/\">ESTA-Formular online<\/a> auszuf\u00fcllen. Sie m\u00fcssen einen g\u00fcltigen Reisepass besitzen, um in die USA einreisen zu k\u00f6nnen. <\/p>\n\n<p>Aus welchen Gr\u00fcnden auch immer Sie in die USA reisen m\u00f6chten, diese Reisegenehmigung erlaubt mehrere Aufenthalte w\u00e4hrend ihrer <a href=\"https:\/\/www.esta-officiel-usa.com\/fr\/verifier-la-validite-de-votre-esta\/\">G\u00fcltigkeitsdauer von 2 Jahren<\/a>. Ein <a href=\"https:\/\/www.esta-officiel-usa.com\/fr\/lautorisation-esta-gratuit\/\">kostenloses ESTA<\/a> gibt es nicht. Die <a href=\"https:\/\/www.esta-officiel-usa.com\/de\/esta-was-kostet-es\/\">Kosten f\u00fcr ein ESTA<\/a> sind jedoch im Vergleich zu den Kosten f\u00fcr ein <a href=\"https:\/\/www.esta-officiel-usa.com\/de\/b1-und-b2-visum-fuer-die-einreise-in-die-usa\/\">Touristenvisum f\u00fcr die USA<\/a> gering.  <\/p>\n","protected":false},"excerpt":{"rendered":"<p>Die Vorteile des Visa Waiver Program F\u00fcr viele ist Amerika gleichbedeutend mit Abenteuern, Metropolen, die niemals schlafen, weiten, unber\u00fchrten Landstrichen, in denen die Natur noch herrscht, Nationalparks und manchmal auch mit der Verfolgung des amerikanischen Traums. Jedes Jahr reisen Millionen von Reisenden mit einem Visum in die Vereinigten Staaten, aber in einigen F\u00e4llen ist es [&hellip;]<\/p>\n","protected":false},"author":1,"featured_media":0,"parent":0,"menu_order":0,"comment_status":"closed","ping_status":"closed","template":"","meta":{"footnotes":""},"class_list":["post-1622","page","type-page","status-publish","hentry"],"yoast_head":"<!-- This site is optimized with the Yoast SEO plugin v26.2 - https:\/\/yoast.com\/wordpress\/plugins\/seo\/ -->\n<title>\u00dcber das Visa Waiver Program<\/title>\n<meta name=\"description\" content=\"Das VWP ist das Produkt einer Zusammenarbeit zwischen den USA und 41 Mitgliedsl\u00e4ndern des Programms. Erfahren Sie mehr \u00fcber seinen Nutzen auf unserer Seite.\" \/>\n<meta name=\"robots\" content=\"index, follow, max-snippet:-1, max-image-preview:large, max-video-preview:-1\" \/>\n<link rel=\"canonical\" href=\"https:\/\/www.esta-officiel-usa.com\/de\/ueber-das-visa-waiver-program\/\" \/>\n<meta property=\"og:locale\" content=\"de_DE\" \/>\n<meta property=\"og:type\" content=\"article\" \/>\n<meta property=\"og:title\" content=\"\u00dcber das Visa Waiver Program\" \/>\n<meta property=\"og:description\" content=\"Das VWP ist das Produkt einer Zusammenarbeit zwischen den USA und 41 Mitgliedsl\u00e4ndern des Programms. Erfahren Sie mehr \u00fcber seinen Nutzen auf unserer Seite.\" \/>\n<meta property=\"og:url\" content=\"https:\/\/www.esta-officiel-usa.com\/de\/ueber-das-visa-waiver-program\/\" \/>\n<meta property=\"og:site_name\" content=\"ESTA - Vereinigte Staaten\" \/>\n<meta property=\"article:modified_time\" content=\"2025-09-13T12:04:40+00:00\" \/>\n<meta name=\"twitter:card\" content=\"summary_large_image\" \/>\n<meta name=\"twitter:label1\" content=\"Gesch\u00e4tzte Lesezeit\" \/>\n\t<meta name=\"twitter:data1\" content=\"2\u00a0Minuten\" \/>\n<script type=\"application\/ld+json\" class=\"yoast-schema-graph\">{\"@context\":\"https:\/\/schema.org\",\"@graph\":[{\"@type\":\"WebPage\",\"@id\":\"https:\/\/www.esta-officiel-usa.com\/de\/ueber-das-visa-waiver-program\/\",\"url\":\"https:\/\/www.esta-officiel-usa.com\/de\/ueber-das-visa-waiver-program\/\",\"name\":\"\u00dcber das Visa Waiver Program\",\"isPartOf\":{\"@id\":\"https:\/\/www.esta-officiel-usa.com\/de\/#website\"},\"datePublished\":\"2025-09-13T12:04:38+00:00\",\"dateModified\":\"2025-09-13T12:04:40+00:00\",\"description\":\"Das VWP ist das Produkt einer Zusammenarbeit zwischen den USA und 41 Mitgliedsl\u00e4ndern des Programms. Erfahren Sie mehr \u00fcber seinen Nutzen auf unserer Seite.\",\"breadcrumb\":{\"@id\":\"https:\/\/www.esta-officiel-usa.com\/de\/ueber-das-visa-waiver-program\/#breadcrumb\"},\"inLanguage\":\"de\",\"potentialAction\":[{\"@type\":\"ReadAction\",\"target\":[\"https:\/\/www.esta-officiel-usa.com\/de\/ueber-das-visa-waiver-program\/\"]}]},{\"@type\":\"BreadcrumbList\",\"@id\":\"https:\/\/www.esta-officiel-usa.com\/de\/ueber-das-visa-waiver-program\/#breadcrumb\",\"itemListElement\":[{\"@type\":\"ListItem\",\"position\":1,\"name\":\"Home\",\"item\":\"https:\/\/www.esta-officiel-usa.com\/de\/\"},{\"@type\":\"ListItem\",\"position\":2,\"name\":\"\u00dcber das Visa Waiver Program\"}]},{\"@type\":\"WebSite\",\"@id\":\"https:\/\/www.esta-officiel-usa.com\/de\/#website\",\"url\":\"https:\/\/www.esta-officiel-usa.com\/de\/\",\"name\":\"ESTA - Vereinigte Staaten\",\"description\":\"ESTA-Antragsformular\",\"potentialAction\":[{\"@type\":\"SearchAction\",\"target\":{\"@type\":\"EntryPoint\",\"urlTemplate\":\"https:\/\/www.esta-officiel-usa.com\/de\/?s={search_term_string}\"},\"query-input\":{\"@type\":\"PropertyValueSpecification\",\"valueRequired\":true,\"valueName\":\"search_term_string\"}}],\"inLanguage\":\"de\"}]}<\/script>\n<!-- \/ Yoast SEO plugin. -->","yoast_head_json":{"title":"\u00dcber das Visa Waiver Program","description":"Das VWP ist das Produkt einer Zusammenarbeit zwischen den USA und 41 Mitgliedsl\u00e4ndern des Programms. Erfahren Sie mehr \u00fcber seinen Nutzen auf unserer Seite.","robots":{"index":"index","follow":"follow","max-snippet":"max-snippet:-1","max-image-preview":"max-image-preview:large","max-video-preview":"max-video-preview:-1"},"canonical":"https:\/\/www.esta-officiel-usa.com\/de\/ueber-das-visa-waiver-program\/","og_locale":"de_DE","og_type":"article","og_title":"\u00dcber das Visa Waiver Program","og_description":"Das VWP ist das Produkt einer Zusammenarbeit zwischen den USA und 41 Mitgliedsl\u00e4ndern des Programms. Erfahren Sie mehr \u00fcber seinen Nutzen auf unserer Seite.","og_url":"https:\/\/www.esta-officiel-usa.com\/de\/ueber-das-visa-waiver-program\/","og_site_name":"ESTA - Vereinigte Staaten","article_modified_time":"2025-09-13T12:04:40+00:00","twitter_card":"summary_large_image","twitter_misc":{"Gesch\u00e4tzte Lesezeit":"2\u00a0Minuten"},"schema":{"@context":"https:\/\/schema.org","@graph":[{"@type":"WebPage","@id":"https:\/\/www.esta-officiel-usa.com\/de\/ueber-das-visa-waiver-program\/","url":"https:\/\/www.esta-officiel-usa.com\/de\/ueber-das-visa-waiver-program\/","name":"\u00dcber das Visa Waiver Program","isPartOf":{"@id":"https:\/\/www.esta-officiel-usa.com\/de\/#website"},"datePublished":"2025-09-13T12:04:38+00:00","dateModified":"2025-09-13T12:04:40+00:00","description":"Das VWP ist das Produkt einer Zusammenarbeit zwischen den USA und 41 Mitgliedsl\u00e4ndern des Programms. Erfahren Sie mehr \u00fcber seinen Nutzen auf unserer Seite.","breadcrumb":{"@id":"https:\/\/www.esta-officiel-usa.com\/de\/ueber-das-visa-waiver-program\/#breadcrumb"},"inLanguage":"de","potentialAction":[{"@type":"ReadAction","target":["https:\/\/www.esta-officiel-usa.com\/de\/ueber-das-visa-waiver-program\/"]}]},{"@type":"BreadcrumbList","@id":"https:\/\/www.esta-officiel-usa.com\/de\/ueber-das-visa-waiver-program\/#breadcrumb","itemListElement":[{"@type":"ListItem","position":1,"name":"Home","item":"https:\/\/www.esta-officiel-usa.com\/de\/"},{"@type":"ListItem","position":2,"name":"\u00dcber das Visa Waiver Program"}]},{"@type":"WebSite","@id":"https:\/\/www.esta-officiel-usa.com\/de\/#website","url":"https:\/\/www.esta-officiel-usa.com\/de\/","name":"ESTA - Vereinigte Staaten","description":"ESTA-Antragsformular","potentialAction":[{"@type":"SearchAction","target":{"@type":"EntryPoint","urlTemplate":"https:\/\/www.esta-officiel-usa.com\/de\/?s={search_term_string}"},"query-input":{"@type":"PropertyValueSpecification","valueRequired":true,"valueName":"search_term_string"}}],"inLanguage":"de"}]}},"_links":{"self":[{"href":"https:\/\/www.esta-officiel-usa.com\/de\/wp-json\/wp\/v2\/pages\/1622","targetHints":{"allow":["GET"]}}],"collection":[{"href":"https:\/\/www.esta-officiel-usa.com\/de\/wp-json\/wp\/v2\/pages"}],"about":[{"href":"https:\/\/www.esta-officiel-usa.com\/de\/wp-json\/wp\/v2\/types\/page"}],"author":[{"embeddable":true,"href":"https:\/\/www.esta-officiel-usa.com\/de\/wp-json\/wp\/v2\/users\/1"}],"replies":[{"embeddable":true,"href":"https:\/\/www.esta-officiel-usa.com\/de\/wp-json\/wp\/v2\/comments?post=1622"}],"version-history":[{"count":1,"href":"https:\/\/www.esta-officiel-usa.com\/de\/wp-json\/wp\/v2\/pages\/1622\/revisions"}],"predecessor-version":[{"id":1625,"href":"https:\/\/www.esta-officiel-usa.com\/de\/wp-json\/wp\/v2\/pages\/1622\/revisions\/1625"}],"wp:attachment":[{"href":"https:\/\/www.esta-officiel-usa.com\/de\/wp-json\/wp\/v2\/media?parent=1622"}],"curies":[{"name":"wp","href":"https:\/\/api.w.org\/{rel}","templated":true}]}}