{"id":1629,"date":"2025-09-13T12:04:42","date_gmt":"2025-09-13T12:04:42","guid":{"rendered":"https:\/\/www.esta-officiel-usa.com\/ueberpruefen-sie-die-gueltigkeit-ihres-esta\/"},"modified":"2025-09-13T12:04:46","modified_gmt":"2025-09-13T12:04:46","slug":"ueberpruefen-sie-die-gueltigkeit-ihres-esta","status":"publish","type":"page","link":"https:\/\/www.esta-officiel-usa.com\/de\/ueberpruefen-sie-die-gueltigkeit-ihres-esta\/","title":{"rendered":"\u00dcberpr\u00fcfen Sie die G\u00fcltigkeit Ihres ESTA"},"content":{"rendered":"\n<h1 class=\"wp-block-heading\">ALLES \u00dcBER DIE G\u00dcLTIGKEIT VON ESTA WISSEN  <\/h1>\n\n<p>Millionen von Reisenden nutzen jedes Jahr die Vorteile des Electronic System for Travel Authorization<a href=\"https:\/\/www.esta-officiel-usa.com\/de\/\">(ESTA<\/a>). Da die USA nicht zum Schengen-Raum geh\u00f6ren, m\u00fcssen Sie ein g\u00fcltiges Visum oder eine ESTA-Reisegenehmigung besitzen. Andernfalls wird Ihnen die Einreise in die USA verweigert.  <\/p>\n\n<h2 class=\"wp-block-heading\">WIE KANN ICH DIE G\u00dcLTIGKEITSDAUER DES ESTA \u00dcBERPR\u00dcFEN?<\/h2>\n\n<p>Zun\u00e4chst einmal ist die G\u00fcltigkeit Ihrer ESTA-Genehmigung an Ihren <a href=\"https:\/\/www.esta-officiel-usa.com\/fr\/quel-type-de-passeport-pour-les-usa\/\">Reisepass<\/a> gebunden. Wenn Sie einen ESTA-Antrag \u00fcber das Online-Formular stellen, m\u00fcssen Sie die im Formular enthaltenen Informationen ausf\u00fcllen, und Ihre ESTA-Genehmigung wird dann mit Ihrer Passnummer verkn\u00fcpft. Bitte beachten Sie auch, dass jede \u00c4nderung der im ESTA-Formular angegebenen Informationen die G\u00fcltigkeit Ihres ESTA aufheben kann:  <\/p>\n\n<ul class=\"wp-block-list\"><li>Sie sind in ein anderes Land umgezogen;<\/li><li>Ihr Gesundheitszustand hat sich ge\u00e4ndert ;<\/li><li>Ihr Strafregister ist nicht mehr sauber;<\/li><li>Die Adresse Ihres Wohnsitzes ist nicht mehr aktuell;<\/li><li>Ihr Reisepass ist nicht mehr g\u00fcltig;<\/li><li>Etc.<\/li><\/ul>\n\n<p>In diesem Fall m\u00fcssen Sie Ihr ESTA verl\u00e4ngern, damit Sie weiterhin von der zweij\u00e4hrigen G\u00fcltigkeitsdauer profitieren k\u00f6nnen, die vom <a href=\"https:\/\/www.esta-officiel-usa.com\/de\/department-of-homeland-security\/\">Department of Homeland Security<\/a> festgelegt wurde. Alle ESTA-Inhaber k\u00f6nnen dann mehrere Reisen von 90 aufeinanderfolgenden Tagen aus touristischen oder gesch\u00e4ftlichen Gr\u00fcnden unternehmen. <br\/> <\/p>\n\n<h2 class=\"wp-block-heading\">WELCHE VORTEILE BIETET DIE G\u00dcLTIGKEIT VON ESTA?<\/h2>\n\n<p>Der Erfolg von ESTA beruht auf der Tatsache, dass die Beantragung ausschlie\u00dflich online erfolgt: Sie m\u00fcssen nicht zur Botschaft oder zum Konsulat gehen, nicht wochenlang warten, kein Vorstellungsgespr\u00e4ch absolvieren und vor allem nicht Hunderte von Euro bezahlen! Die Kosten f\u00fcr das ESTA betragen 14 USD f\u00fcr die Bearbeitungsgeb\u00fchr. Ein weiterer interessanter Vorteil ist die G\u00fcltigkeitsdauer von zwei Jahren, die es Ihnen erlaubt, in den USA folgende Aktivit\u00e4ten zu unternehmen:  <\/p>\n\n<ul class=\"wp-block-list\"><li>Teilnahme an unbezahlten kulturellen Aktivit\u00e4ten ;<\/li><li>Camping in den Nationalparks ;<\/li><li>Freiwillige Arbeit f\u00fcr Wohlt\u00e4tigkeitsorganisationen ;<\/li><li>Aushandlung von Vertr\u00e4gen mit US-amerikanischen Unternehmen ;<\/li><li>Teilnahme an Fachtagungen ;<\/li><li>Teilnahme an Kursen, die nicht verg\u00fctet werden oder keine Anrechnungspunkte f\u00fcr einen Universit\u00e4tsabschluss bieten;<\/li><li>Etc.<\/li><\/ul>\n\n<p>Um einen <a href=\"https:\/\/www.esta-officiel-usa.com\/de\/esta-antrag-fuer-die-usa\/\">ESTA-Antrag<\/a> zu stellen, m\u00fcssen Sie zun\u00e4chst Staatsangeh\u00f6riger eines der 38 L\u00e4nder des <a href=\"https:\/\/www.esta-officiel-usa.com\/de\/ueber-das-visa-waiver-program\/\">Visa Waiver Program<\/a> sein und auf die Website der US-Zollbeh\u00f6rde gehen oder unser vereinfachtes Formular in deutscher Sprache ausf\u00fcllen.<\/p>\n\n<p>Hinweis: Wenn die G\u00fcltigkeit Ihres ESTA abl\u00e4uft, wird es nicht automatisch verl\u00e4ngert, sondern Sie m\u00fcssen Ihren Antrag erneut stellen.<\/p>\n","protected":false},"excerpt":{"rendered":"<p>ALLES \u00dcBER DIE G\u00dcLTIGKEIT VON ESTA WISSEN Millionen von Reisenden nutzen jedes Jahr die Vorteile des Electronic System for Travel Authorization(ESTA). Da die USA nicht zum Schengen-Raum geh\u00f6ren, m\u00fcssen Sie ein g\u00fcltiges Visum oder eine ESTA-Reisegenehmigung besitzen. Andernfalls wird Ihnen die Einreise in die USA verweigert. WIE KANN ICH DIE G\u00dcLTIGKEITSDAUER DES ESTA \u00dcBERPR\u00dcFEN? Zun\u00e4chst [&hellip;]<\/p>\n","protected":false},"author":1,"featured_media":0,"parent":0,"menu_order":0,"comment_status":"closed","ping_status":"closed","template":"","meta":{"footnotes":""},"class_list":["post-1629","page","type-page","status-publish","hentry"],"yoast_head":"<!-- This site is optimized with the Yoast SEO plugin v26.2 - https:\/\/yoast.com\/wordpress\/plugins\/seo\/ -->\n<title>\u00dcberpr\u00fcfen Sie die G\u00fcltigkeit Ihres ESTA<\/title>\n<meta name=\"description\" content=\"Um die Sicherheit des Landes zu erh\u00f6hen, verlangt die amerikanische Regierung einen ESTA-Antrag.\" \/>\n<meta name=\"robots\" content=\"index, follow, max-snippet:-1, max-image-preview:large, max-video-preview:-1\" \/>\n<link rel=\"canonical\" href=\"https:\/\/www.esta-officiel-usa.com\/de\/ueberpruefen-sie-die-gueltigkeit-ihres-esta\/\" \/>\n<meta property=\"og:locale\" content=\"de_DE\" \/>\n<meta property=\"og:type\" content=\"article\" \/>\n<meta property=\"og:title\" content=\"\u00dcberpr\u00fcfen Sie die G\u00fcltigkeit Ihres ESTA\" \/>\n<meta property=\"og:description\" content=\"Um die Sicherheit des Landes zu erh\u00f6hen, verlangt die amerikanische Regierung einen ESTA-Antrag.\" \/>\n<meta property=\"og:url\" content=\"https:\/\/www.esta-officiel-usa.com\/de\/ueberpruefen-sie-die-gueltigkeit-ihres-esta\/\" \/>\n<meta property=\"og:site_name\" content=\"ESTA - Vereinigte Staaten\" \/>\n<meta property=\"article:modified_time\" content=\"2025-09-13T12:04:46+00:00\" \/>\n<meta name=\"twitter:card\" content=\"summary_large_image\" \/>\n<meta name=\"twitter:label1\" content=\"Gesch\u00e4tzte Lesezeit\" \/>\n\t<meta name=\"twitter:data1\" content=\"2\u00a0Minuten\" \/>\n<script type=\"application\/ld+json\" class=\"yoast-schema-graph\">{\"@context\":\"https:\/\/schema.org\",\"@graph\":[{\"@type\":\"WebPage\",\"@id\":\"https:\/\/www.esta-officiel-usa.com\/de\/ueberpruefen-sie-die-gueltigkeit-ihres-esta\/\",\"url\":\"https:\/\/www.esta-officiel-usa.com\/de\/ueberpruefen-sie-die-gueltigkeit-ihres-esta\/\",\"name\":\"\u00dcberpr\u00fcfen Sie die G\u00fcltigkeit Ihres ESTA\",\"isPartOf\":{\"@id\":\"https:\/\/www.esta-officiel-usa.com\/de\/#website\"},\"datePublished\":\"2025-09-13T12:04:42+00:00\",\"dateModified\":\"2025-09-13T12:04:46+00:00\",\"description\":\"Um die Sicherheit des Landes zu erh\u00f6hen, verlangt die amerikanische Regierung einen ESTA-Antrag.\",\"breadcrumb\":{\"@id\":\"https:\/\/www.esta-officiel-usa.com\/de\/ueberpruefen-sie-die-gueltigkeit-ihres-esta\/#breadcrumb\"},\"inLanguage\":\"de\",\"potentialAction\":[{\"@type\":\"ReadAction\",\"target\":[\"https:\/\/www.esta-officiel-usa.com\/de\/ueberpruefen-sie-die-gueltigkeit-ihres-esta\/\"]}]},{\"@type\":\"BreadcrumbList\",\"@id\":\"https:\/\/www.esta-officiel-usa.com\/de\/ueberpruefen-sie-die-gueltigkeit-ihres-esta\/#breadcrumb\",\"itemListElement\":[{\"@type\":\"ListItem\",\"position\":1,\"name\":\"Home\",\"item\":\"https:\/\/www.esta-officiel-usa.com\/de\/\"},{\"@type\":\"ListItem\",\"position\":2,\"name\":\"\u00dcberpr\u00fcfen Sie die G\u00fcltigkeit Ihres ESTA\"}]},{\"@type\":\"WebSite\",\"@id\":\"https:\/\/www.esta-officiel-usa.com\/de\/#website\",\"url\":\"https:\/\/www.esta-officiel-usa.com\/de\/\",\"name\":\"ESTA - Vereinigte Staaten\",\"description\":\"ESTA-Antragsformular\",\"potentialAction\":[{\"@type\":\"SearchAction\",\"target\":{\"@type\":\"EntryPoint\",\"urlTemplate\":\"https:\/\/www.esta-officiel-usa.com\/de\/?s={search_term_string}\"},\"query-input\":{\"@type\":\"PropertyValueSpecification\",\"valueRequired\":true,\"valueName\":\"search_term_string\"}}],\"inLanguage\":\"de\"}]}<\/script>\n<!-- \/ Yoast SEO plugin. -->","yoast_head_json":{"title":"\u00dcberpr\u00fcfen Sie die G\u00fcltigkeit Ihres ESTA","description":"Um die Sicherheit des Landes zu erh\u00f6hen, verlangt die amerikanische Regierung einen ESTA-Antrag.","robots":{"index":"index","follow":"follow","max-snippet":"max-snippet:-1","max-image-preview":"max-image-preview:large","max-video-preview":"max-video-preview:-1"},"canonical":"https:\/\/www.esta-officiel-usa.com\/de\/ueberpruefen-sie-die-gueltigkeit-ihres-esta\/","og_locale":"de_DE","og_type":"article","og_title":"\u00dcberpr\u00fcfen Sie die G\u00fcltigkeit Ihres ESTA","og_description":"Um die Sicherheit des Landes zu erh\u00f6hen, verlangt die amerikanische Regierung einen ESTA-Antrag.","og_url":"https:\/\/www.esta-officiel-usa.com\/de\/ueberpruefen-sie-die-gueltigkeit-ihres-esta\/","og_site_name":"ESTA - Vereinigte Staaten","article_modified_time":"2025-09-13T12:04:46+00:00","twitter_card":"summary_large_image","twitter_misc":{"Gesch\u00e4tzte Lesezeit":"2\u00a0Minuten"},"schema":{"@context":"https:\/\/schema.org","@graph":[{"@type":"WebPage","@id":"https:\/\/www.esta-officiel-usa.com\/de\/ueberpruefen-sie-die-gueltigkeit-ihres-esta\/","url":"https:\/\/www.esta-officiel-usa.com\/de\/ueberpruefen-sie-die-gueltigkeit-ihres-esta\/","name":"\u00dcberpr\u00fcfen Sie die G\u00fcltigkeit Ihres ESTA","isPartOf":{"@id":"https:\/\/www.esta-officiel-usa.com\/de\/#website"},"datePublished":"2025-09-13T12:04:42+00:00","dateModified":"2025-09-13T12:04:46+00:00","description":"Um die Sicherheit des Landes zu erh\u00f6hen, verlangt die amerikanische Regierung einen ESTA-Antrag.","breadcrumb":{"@id":"https:\/\/www.esta-officiel-usa.com\/de\/ueberpruefen-sie-die-gueltigkeit-ihres-esta\/#breadcrumb"},"inLanguage":"de","potentialAction":[{"@type":"ReadAction","target":["https:\/\/www.esta-officiel-usa.com\/de\/ueberpruefen-sie-die-gueltigkeit-ihres-esta\/"]}]},{"@type":"BreadcrumbList","@id":"https:\/\/www.esta-officiel-usa.com\/de\/ueberpruefen-sie-die-gueltigkeit-ihres-esta\/#breadcrumb","itemListElement":[{"@type":"ListItem","position":1,"name":"Home","item":"https:\/\/www.esta-officiel-usa.com\/de\/"},{"@type":"ListItem","position":2,"name":"\u00dcberpr\u00fcfen Sie die G\u00fcltigkeit Ihres ESTA"}]},{"@type":"WebSite","@id":"https:\/\/www.esta-officiel-usa.com\/de\/#website","url":"https:\/\/www.esta-officiel-usa.com\/de\/","name":"ESTA - Vereinigte Staaten","description":"ESTA-Antragsformular","potentialAction":[{"@type":"SearchAction","target":{"@type":"EntryPoint","urlTemplate":"https:\/\/www.esta-officiel-usa.com\/de\/?s={search_term_string}"},"query-input":{"@type":"PropertyValueSpecification","valueRequired":true,"valueName":"search_term_string"}}],"inLanguage":"de"}]}},"_links":{"self":[{"href":"https:\/\/www.esta-officiel-usa.com\/de\/wp-json\/wp\/v2\/pages\/1629","targetHints":{"allow":["GET"]}}],"collection":[{"href":"https:\/\/www.esta-officiel-usa.com\/de\/wp-json\/wp\/v2\/pages"}],"about":[{"href":"https:\/\/www.esta-officiel-usa.com\/de\/wp-json\/wp\/v2\/types\/page"}],"author":[{"embeddable":true,"href":"https:\/\/www.esta-officiel-usa.com\/de\/wp-json\/wp\/v2\/users\/1"}],"replies":[{"embeddable":true,"href":"https:\/\/www.esta-officiel-usa.com\/de\/wp-json\/wp\/v2\/comments?post=1629"}],"version-history":[{"count":1,"href":"https:\/\/www.esta-officiel-usa.com\/de\/wp-json\/wp\/v2\/pages\/1629\/revisions"}],"predecessor-version":[{"id":1631,"href":"https:\/\/www.esta-officiel-usa.com\/de\/wp-json\/wp\/v2\/pages\/1629\/revisions\/1631"}],"wp:attachment":[{"href":"https:\/\/www.esta-officiel-usa.com\/de\/wp-json\/wp\/v2\/media?parent=1629"}],"curies":[{"name":"wp","href":"https:\/\/api.w.org\/{rel}","templated":true}]}}