{"id":1637,"date":"2025-09-13T12:04:44","date_gmt":"2025-09-13T12:04:44","guid":{"rendered":"https:\/\/www.esta-officiel-usa.com\/einen-esta-antrag-ohne-konkrete-plaene-stellen\/"},"modified":"2025-09-13T12:04:46","modified_gmt":"2025-09-13T12:04:46","slug":"einen-esta-antrag-ohne-konkrete-plaene-stellen","status":"publish","type":"page","link":"https:\/\/www.esta-officiel-usa.com\/de\/einen-esta-antrag-ohne-konkrete-plaene-stellen\/","title":{"rendered":"Einen ESTA-Antrag ohne konkrete Pl\u00e4ne stellen"},"content":{"rendered":"\n<h1 class=\"wp-block-heading\">IST ESTA AUCH OHNE KONKRETE PL\u00c4NE M\u00d6GLICH?<\/h1>\n\n<p>Vielleicht machen Sie sich Sorgen, dass Sie f\u00fcr Ihre zuk\u00fcnftige Reise in die USA noch nicht alles genau festgelegt haben. Sie m\u00fcssen sich nur dar\u00fcber im Klaren sein, ob Ihr Aufenthalt vor\u00fcbergehend ist und ob es sich um einen Tourismus-, Gesch\u00e4fts- oder Transitaufenthalt handelt. <\/p>\n\n<p>Wir m\u00f6chten Sie daran erinnern, dass die Bearbeitung eines Antrags manchmal bis zu 72 Stunden dauern kann. Vermeiden Sie es, <a href=\"https:\/\/www.esta-officiel-usa.com\/de\/das-esta-formular-online-ausfuellen\/\">das ESTA-Formular in letzter Minute online auszuf\u00fcllen<\/a>! <\/p>\n\n<h2 class=\"wp-block-heading\">DER ANTRAG AUF ESTA H\u00c4NGT VOM ZWECK DER REISE AB.<\/h2>\n\n<p>ESTA ist ein System, das von den USA eingef\u00fchrt wurde, um den Aufwand f\u00fcr die Bearbeitung von Visumantr\u00e4gen zu verringern. Das Electronic System for Travel Authorization ist Teil des Programms f\u00fcr visumfreies Reisen (Visa Waiver Program). Wie der Name schon sagt, erm\u00f6glicht es einer Reihe von L\u00e4ndern (38, um genau zu sein), dass ihre B\u00fcrger mit einer einfachen, online erhaltenen Reisegenehmigung reisen k\u00f6nnen, d.h. ohne ein Visum zu ben\u00f6tigen. ESTA wird erteilt (oder in seltenen F\u00e4llen verweigert), nachdem der Antragsteller verschiedene Informationen in ein Online-Formular eingegeben hat.   <\/p>\n\n<p>Beachten Sie jedoch, dass einige Reisen trotz des VWP nicht in diesen Anwendungsbereich fallen, sondern in den Bereich der Visa. Wenn Sie z. B. in den USA arbeiten wollen, m\u00fcssen Sie kein ESTA beantragen. Diese Reisegenehmigung gilt f\u00fcr Aufenthalte :  <\/p>\n\n<ul class=\"wp-block-list\">\n<li>Bis zu 90 aufeinanderfolgende Tage;<\/li>\n\n\n\n<li>Touristisch, gesch\u00e4ftlich oder auf der Durchreise ;<\/li>\n\n\n\n<li>Deren Flug- oder Schifffahrtsgesellschaft von den USA anerkannt ist.<\/li>\n<\/ul>\n\n<p>Das ESTA ist geb\u00fchrenpflichtig und zwei Jahre lang g\u00fcltig: Innerhalb dieses Zeitraums k\u00f6nnen Sie so viele Aufenthalte machen, wie Sie m\u00f6chten, wobei Sie sich an die begrenzte Dauer halten m\u00fcssen (maximal 90 Tage pro Aufenthalt).<\/p>\n\n<p>Bei Familienzusammenf\u00fchrung, Unternehmensgr\u00fcndung, Heirat, Au-pair-Besch\u00e4ftigung, Studium usw. ist ESTA nicht g\u00fcltig. F\u00fcr diese Zwecke ist entweder ein Non-Immigrant-Visum oder eine Green Card erforderlich. Diese beiden Dokumente sind nat\u00fcrlich viel komplizierter zu beantragen als ein ESTA, das Sie mit wenigen Klicks \u00fcber unsere Website esta-officiel-usa.com erhalten k\u00f6nnen, die Ihnen auch einen Online-Support bietet, der sich um alles k\u00fcmmert!  <\/p>\n\n<p>Weitere Einzelheiten finden Sie auf unserer Seite \u00fcber die <a href=\"https:\/\/www.esta-officiel-usa.com\/de\/der-unterschied-zwischen-einem-esta-und-einem-visumantrag\/\">Unterschiede zwischen ESTA und Visum<\/a>.<\/p>\n\n<h2 class=\"wp-block-heading\">EINEN TOURISTISCHEN AUFENTHALT? SIE BRAUCHEN KEINE ANGABEN ZU MACHEN, UM DIE ESTA ZU ERHALTEN. <\/h2>\n\n<p>Wie oben erl\u00e4utert, reicht es aus, wenn Sie bei der <a href=\"https:\/\/www.esta-officiel-usa.com\/de\/esta-antrag-fuer-die-usa\/\">ESTA-Anmeldung<\/a> angeben, dass Sie zu touristischen Zwecken reisen. Nach der Einreise in die USA m\u00fcssen Sie Ihre Pl\u00e4ne, Ihr Motiv oder Ihr Programm nicht mehr angeben. So k\u00f6nnen Sie Ihre Pl\u00e4ne w\u00e4hrend der Reise komplett \u00fcberdenken, ohne jemanden informieren zu m\u00fcssen, solange Sie die ESTA-Kriterien erf\u00fcllen. Wenn sich Ihre Reise in eine Arbeits- oder Hochzeitsreise verwandelt, m\u00fcssen Sie ein entsprechendes Visum beantragen.   <\/p>\n","protected":false},"excerpt":{"rendered":"<p>IST ESTA AUCH OHNE KONKRETE PL\u00c4NE M\u00d6GLICH? Vielleicht machen Sie sich Sorgen, dass Sie f\u00fcr Ihre zuk\u00fcnftige Reise in die USA noch nicht alles genau festgelegt haben. Sie m\u00fcssen sich nur dar\u00fcber im Klaren sein, ob Ihr Aufenthalt vor\u00fcbergehend ist und ob es sich um einen Tourismus-, Gesch\u00e4fts- oder Transitaufenthalt handelt. Wir m\u00f6chten Sie daran [&hellip;]<\/p>\n","protected":false},"author":1,"featured_media":0,"parent":0,"menu_order":0,"comment_status":"closed","ping_status":"closed","template":"","meta":{"footnotes":""},"class_list":["post-1637","page","type-page","status-publish","hentry"],"yoast_head":"<!-- This site is optimized with the Yoast SEO plugin v26.2 - https:\/\/yoast.com\/wordpress\/plugins\/seo\/ -->\n<title>Einen ESTA-Antrag ohne konkrete Pl\u00e4ne stellen<\/title>\n<meta name=\"description\" content=\"Sie planen eine Reise in die USA, haben aber noch keine konkreten Reisepl\u00e4ne? Unsere Experten beantworten Ihnen alle Fragen, die Sie haben.\" \/>\n<meta name=\"robots\" content=\"index, follow, max-snippet:-1, max-image-preview:large, max-video-preview:-1\" \/>\n<link rel=\"canonical\" href=\"https:\/\/www.esta-officiel-usa.com\/de\/einen-esta-antrag-ohne-konkrete-plaene-stellen\/\" \/>\n<meta property=\"og:locale\" content=\"de_DE\" \/>\n<meta property=\"og:type\" content=\"article\" \/>\n<meta property=\"og:title\" content=\"Einen ESTA-Antrag ohne konkrete Pl\u00e4ne stellen\" \/>\n<meta property=\"og:description\" content=\"Sie planen eine Reise in die USA, haben aber noch keine konkreten Reisepl\u00e4ne? Unsere Experten beantworten Ihnen alle Fragen, die Sie haben.\" \/>\n<meta property=\"og:url\" content=\"https:\/\/www.esta-officiel-usa.com\/de\/einen-esta-antrag-ohne-konkrete-plaene-stellen\/\" \/>\n<meta property=\"og:site_name\" content=\"ESTA - Vereinigte Staaten\" \/>\n<meta property=\"article:modified_time\" content=\"2025-09-13T12:04:46+00:00\" \/>\n<meta name=\"twitter:card\" content=\"summary_large_image\" \/>\n<meta name=\"twitter:label1\" content=\"Gesch\u00e4tzte Lesezeit\" \/>\n\t<meta name=\"twitter:data1\" content=\"2\u00a0Minuten\" \/>\n<script type=\"application\/ld+json\" class=\"yoast-schema-graph\">{\"@context\":\"https:\/\/schema.org\",\"@graph\":[{\"@type\":\"WebPage\",\"@id\":\"https:\/\/www.esta-officiel-usa.com\/de\/einen-esta-antrag-ohne-konkrete-plaene-stellen\/\",\"url\":\"https:\/\/www.esta-officiel-usa.com\/de\/einen-esta-antrag-ohne-konkrete-plaene-stellen\/\",\"name\":\"Einen ESTA-Antrag ohne konkrete Pl\u00e4ne stellen\",\"isPartOf\":{\"@id\":\"https:\/\/www.esta-officiel-usa.com\/de\/#website\"},\"datePublished\":\"2025-09-13T12:04:44+00:00\",\"dateModified\":\"2025-09-13T12:04:46+00:00\",\"description\":\"Sie planen eine Reise in die USA, haben aber noch keine konkreten Reisepl\u00e4ne? Unsere Experten beantworten Ihnen alle Fragen, die Sie haben.\",\"breadcrumb\":{\"@id\":\"https:\/\/www.esta-officiel-usa.com\/de\/einen-esta-antrag-ohne-konkrete-plaene-stellen\/#breadcrumb\"},\"inLanguage\":\"de\",\"potentialAction\":[{\"@type\":\"ReadAction\",\"target\":[\"https:\/\/www.esta-officiel-usa.com\/de\/einen-esta-antrag-ohne-konkrete-plaene-stellen\/\"]}]},{\"@type\":\"BreadcrumbList\",\"@id\":\"https:\/\/www.esta-officiel-usa.com\/de\/einen-esta-antrag-ohne-konkrete-plaene-stellen\/#breadcrumb\",\"itemListElement\":[{\"@type\":\"ListItem\",\"position\":1,\"name\":\"Home\",\"item\":\"https:\/\/www.esta-officiel-usa.com\/de\/\"},{\"@type\":\"ListItem\",\"position\":2,\"name\":\"Einen ESTA-Antrag ohne konkrete Pl\u00e4ne stellen\"}]},{\"@type\":\"WebSite\",\"@id\":\"https:\/\/www.esta-officiel-usa.com\/de\/#website\",\"url\":\"https:\/\/www.esta-officiel-usa.com\/de\/\",\"name\":\"ESTA - Vereinigte Staaten\",\"description\":\"ESTA-Antragsformular\",\"potentialAction\":[{\"@type\":\"SearchAction\",\"target\":{\"@type\":\"EntryPoint\",\"urlTemplate\":\"https:\/\/www.esta-officiel-usa.com\/de\/?s={search_term_string}\"},\"query-input\":{\"@type\":\"PropertyValueSpecification\",\"valueRequired\":true,\"valueName\":\"search_term_string\"}}],\"inLanguage\":\"de\"}]}<\/script>\n<!-- \/ Yoast SEO plugin. -->","yoast_head_json":{"title":"Einen ESTA-Antrag ohne konkrete Pl\u00e4ne stellen","description":"Sie planen eine Reise in die USA, haben aber noch keine konkreten Reisepl\u00e4ne? Unsere Experten beantworten Ihnen alle Fragen, die Sie haben.","robots":{"index":"index","follow":"follow","max-snippet":"max-snippet:-1","max-image-preview":"max-image-preview:large","max-video-preview":"max-video-preview:-1"},"canonical":"https:\/\/www.esta-officiel-usa.com\/de\/einen-esta-antrag-ohne-konkrete-plaene-stellen\/","og_locale":"de_DE","og_type":"article","og_title":"Einen ESTA-Antrag ohne konkrete Pl\u00e4ne stellen","og_description":"Sie planen eine Reise in die USA, haben aber noch keine konkreten Reisepl\u00e4ne? Unsere Experten beantworten Ihnen alle Fragen, die Sie haben.","og_url":"https:\/\/www.esta-officiel-usa.com\/de\/einen-esta-antrag-ohne-konkrete-plaene-stellen\/","og_site_name":"ESTA - Vereinigte Staaten","article_modified_time":"2025-09-13T12:04:46+00:00","twitter_card":"summary_large_image","twitter_misc":{"Gesch\u00e4tzte Lesezeit":"2\u00a0Minuten"},"schema":{"@context":"https:\/\/schema.org","@graph":[{"@type":"WebPage","@id":"https:\/\/www.esta-officiel-usa.com\/de\/einen-esta-antrag-ohne-konkrete-plaene-stellen\/","url":"https:\/\/www.esta-officiel-usa.com\/de\/einen-esta-antrag-ohne-konkrete-plaene-stellen\/","name":"Einen ESTA-Antrag ohne konkrete Pl\u00e4ne stellen","isPartOf":{"@id":"https:\/\/www.esta-officiel-usa.com\/de\/#website"},"datePublished":"2025-09-13T12:04:44+00:00","dateModified":"2025-09-13T12:04:46+00:00","description":"Sie planen eine Reise in die USA, haben aber noch keine konkreten Reisepl\u00e4ne? Unsere Experten beantworten Ihnen alle Fragen, die Sie haben.","breadcrumb":{"@id":"https:\/\/www.esta-officiel-usa.com\/de\/einen-esta-antrag-ohne-konkrete-plaene-stellen\/#breadcrumb"},"inLanguage":"de","potentialAction":[{"@type":"ReadAction","target":["https:\/\/www.esta-officiel-usa.com\/de\/einen-esta-antrag-ohne-konkrete-plaene-stellen\/"]}]},{"@type":"BreadcrumbList","@id":"https:\/\/www.esta-officiel-usa.com\/de\/einen-esta-antrag-ohne-konkrete-plaene-stellen\/#breadcrumb","itemListElement":[{"@type":"ListItem","position":1,"name":"Home","item":"https:\/\/www.esta-officiel-usa.com\/de\/"},{"@type":"ListItem","position":2,"name":"Einen ESTA-Antrag ohne konkrete Pl\u00e4ne stellen"}]},{"@type":"WebSite","@id":"https:\/\/www.esta-officiel-usa.com\/de\/#website","url":"https:\/\/www.esta-officiel-usa.com\/de\/","name":"ESTA - Vereinigte Staaten","description":"ESTA-Antragsformular","potentialAction":[{"@type":"SearchAction","target":{"@type":"EntryPoint","urlTemplate":"https:\/\/www.esta-officiel-usa.com\/de\/?s={search_term_string}"},"query-input":{"@type":"PropertyValueSpecification","valueRequired":true,"valueName":"search_term_string"}}],"inLanguage":"de"}]}},"_links":{"self":[{"href":"https:\/\/www.esta-officiel-usa.com\/de\/wp-json\/wp\/v2\/pages\/1637","targetHints":{"allow":["GET"]}}],"collection":[{"href":"https:\/\/www.esta-officiel-usa.com\/de\/wp-json\/wp\/v2\/pages"}],"about":[{"href":"https:\/\/www.esta-officiel-usa.com\/de\/wp-json\/wp\/v2\/types\/page"}],"author":[{"embeddable":true,"href":"https:\/\/www.esta-officiel-usa.com\/de\/wp-json\/wp\/v2\/users\/1"}],"replies":[{"embeddable":true,"href":"https:\/\/www.esta-officiel-usa.com\/de\/wp-json\/wp\/v2\/comments?post=1637"}],"version-history":[{"count":1,"href":"https:\/\/www.esta-officiel-usa.com\/de\/wp-json\/wp\/v2\/pages\/1637\/revisions"}],"predecessor-version":[{"id":1639,"href":"https:\/\/www.esta-officiel-usa.com\/de\/wp-json\/wp\/v2\/pages\/1637\/revisions\/1639"}],"wp:attachment":[{"href":"https:\/\/www.esta-officiel-usa.com\/de\/wp-json\/wp\/v2\/media?parent=1637"}],"curies":[{"name":"wp","href":"https:\/\/api.w.org\/{rel}","templated":true}]}}