{"id":1655,"date":"2025-09-13T12:04:51","date_gmt":"2025-09-13T12:04:51","guid":{"rendered":"https:\/\/www.esta-officiel-usa.com\/was-tun-wenn-ihr-esta-antrag-verloren-gegangen-ist\/"},"modified":"2025-09-13T12:04:55","modified_gmt":"2025-09-13T12:04:55","slug":"was-tun-wenn-ihr-esta-antrag-verloren-gegangen-ist","status":"publish","type":"page","link":"https:\/\/www.esta-officiel-usa.com\/de\/was-tun-wenn-ihr-esta-antrag-verloren-gegangen-ist\/","title":{"rendered":"Was tun, wenn Ihr ESTA-Antrag verloren gegangen ist?"},"content":{"rendered":"\n<h1 class=\"wp-block-heading\">WAS K\u00d6NNEN SIE TUN, WENN SIE IHRE ESTA VERLOREN HABEN?<\/h1>\n\n<p>Eine Reise ist immer ein stressiges Unterfangen, besonders wenn man in ein Land reist, das so weit entfernt ist wie die Vereinigten Staaten. Unsere Leser wenden sich oft an uns, wenn sie ihre <a href=\"https:\/\/www.esta-officiel-usa.com\/de\/\">ESTA-Reisegenehmigung<\/a> nicht mehr finden k\u00f6nnen. Wenn dies bei Ihnen der Fall ist, keine Panik! Wir erkl\u00e4ren Ihnen die Schritte, die Sie unternehmen m\u00fcssen, um Ihre wertvolle Genehmigung wieder zu erhalten.   <\/p>\n\n<h2 class=\"wp-block-heading\">MUSS ICH EINEN NEUEN ANTRAG STELLEN, WENN ICH EIN ESTA VERLOREN HABE?<\/h2>\n\n<p>Zun\u00e4chst einmal sollten Sie wissen, dass die G\u00fcltigkeit Ihres ESTA vollst\u00e4ndig von der G\u00fcltigkeit Ihres Reisepasses und den Informationen abh\u00e4ngt, die Sie bei Ihrem ersten ESTA-Antrag angegeben haben. Wenn sich diese Informationen ge\u00e4ndert haben, m\u00fcssen Sie nicht Ihren verlorenen ESTA finden, sondern Ihren Antrag mit den neuen Informationen erneuern. <\/p>\n\n<p>Die Richtigkeit Ihrer Angaben ist f\u00fcr die US-Regierung sehr wichtig und wird von ihr sorgf\u00e4ltig \u00fcberpr\u00fcft. Mit dem <a href=\"https:\/\/www.esta-officiel-usa.com\/de\/ueber-das-visa-waiver-program\/\">Visa Waiver Program<\/a> k\u00f6nnen Staatsangeh\u00f6rige der 38 teilnehmenden L\u00e4nder ohne Visum in die USA einreisen, aber nur, wenn sie wahrheitsgem\u00e4\u00dfe Angaben machen. <\/p>\n\n<p>Es ist ganz normal, dass man in Panik ger\u00e4t, wenn man den Verlust eines wichtigen Dokuments bemerkt, besonders am Vorabend der Abreise oder sogar w\u00e4hrend des Aufenthalts. Seien Sie versichert, dass Ihre <a href=\"https:\/\/www.esta-officiel-usa.com\/de\/was-ist-die-esta-genehmigung\/\">ESTA-Genehmigung<\/a> zwei Jahre lang g\u00fcltig bleibt, unabh\u00e4ngig davon, ob Sie eine gedruckte Kopie bei sich haben oder nicht. Eine physische Kopie ist praktisch, um den Zollbeamten schnell Ihre Berechtigung zur Einreise in die USA nachweisen zu k\u00f6nnen, aber die Zollbeamten sind durchaus in der Lage, Ihre Genehmigung online mit Hilfe ihrer internen Software zu finden.  <\/p>\n\n<p>Tipp: Drucken Sie mehrere Kopien Ihres ESTA auf Papier aus und bewahren Sie eine PDF-Version auf einem USB-Stick auf, den Sie zusammen mit Ihrem Eigentum aufbewahren.<\/p>\n\n<h2 class=\"wp-block-heading\">DEN VERLORENEN ESTA-ANTRAG WIEDERFINDEN<\/h2>\n\n<p>Sie k\u00f6nnen ganz einfach auf Ihr pers\u00f6nliches Konto bei der US-Zollbeh\u00f6rde zugreifen, indem Sie die Informationen verwenden, die Sie bei Ihrem ersten <a href=\"https:\/\/www.esta-officiel-usa.com\/de\/den-esta-antrag-auf-einer-offiziellen-website-stellen\/\">ESTA-Antrag<\/a> verwendet haben:  <\/p>\n\n<ul class=\"wp-block-list\"><li>Wenn Sie Ihre Antragsnummer kennen, brauchen Sie nur diese, Ihre Passnummer, Ihren Namen und Ihr Geburtsdatum anzugeben;<\/li><li>Wenn Sie Ihre Antragsnummer verloren haben, m\u00fcssen Sie Ihre Passnummer, Ihr Geburtsdatum, Ihren Vor- und Nachnamen und Ihr Herkunftsland angeben.<\/li><\/ul>\n\n<p>Klicken Sie dann auf die Schaltfl\u00e4che &#8222;Antrag abrufen&#8220;, um auf Ihre g\u00fcltige ESTA-Genehmigung zuzugreifen. Bei Problemen k\u00f6nnen Sie sich auch an den Online-Helpdesk unseres Partners f\u00fcr internationale Reiseformalit\u00e4ten wenden. Die Mitarbeiter stehen Ihnen an 6 Tagen in der Woche zur Verf\u00fcgung, um alle Ihre Fragen zu beantworten.  <\/p>\n","protected":false},"excerpt":{"rendered":"<p>WAS K\u00d6NNEN SIE TUN, WENN SIE IHRE ESTA VERLOREN HABEN? Eine Reise ist immer ein stressiges Unterfangen, besonders wenn man in ein Land reist, das so weit entfernt ist wie die Vereinigten Staaten. Unsere Leser wenden sich oft an uns, wenn sie ihre ESTA-Reisegenehmigung nicht mehr finden k\u00f6nnen. Wenn dies bei Ihnen der Fall ist, [&hellip;]<\/p>\n","protected":false},"author":1,"featured_media":0,"parent":0,"menu_order":0,"comment_status":"closed","ping_status":"closed","template":"","meta":{"footnotes":""},"class_list":["post-1655","page","type-page","status-publish","hentry"],"yoast_head":"<!-- This site is optimized with the Yoast SEO plugin v26.2 - https:\/\/yoast.com\/wordpress\/plugins\/seo\/ -->\n<title>Was tun, wenn Ihr ESTA-Antrag verloren gegangen ist?<\/title>\n<meta name=\"description\" content=\"Die Abreise steht kurz bevor und Sie k\u00f6nnen Ihr ESTA nicht mehr finden? Keine Panik, wir erkl\u00e4ren Ihnen die Schritte, um Ihr wertvolles Sesam-\u00f6ffne-dich wieder zu finden.\" \/>\n<meta name=\"robots\" content=\"index, follow, max-snippet:-1, max-image-preview:large, max-video-preview:-1\" \/>\n<link rel=\"canonical\" href=\"https:\/\/www.esta-officiel-usa.com\/de\/was-tun-wenn-ihr-esta-antrag-verloren-gegangen-ist\/\" \/>\n<meta property=\"og:locale\" content=\"de_DE\" \/>\n<meta property=\"og:type\" content=\"article\" \/>\n<meta property=\"og:title\" content=\"Was tun, wenn Ihr ESTA-Antrag verloren gegangen ist?\" \/>\n<meta property=\"og:description\" content=\"Die Abreise steht kurz bevor und Sie k\u00f6nnen Ihr ESTA nicht mehr finden? Keine Panik, wir erkl\u00e4ren Ihnen die Schritte, um Ihr wertvolles Sesam-\u00f6ffne-dich wieder zu finden.\" \/>\n<meta property=\"og:url\" content=\"https:\/\/www.esta-officiel-usa.com\/de\/was-tun-wenn-ihr-esta-antrag-verloren-gegangen-ist\/\" \/>\n<meta property=\"og:site_name\" content=\"ESTA - Vereinigte Staaten\" \/>\n<meta property=\"article:modified_time\" content=\"2025-09-13T12:04:55+00:00\" \/>\n<meta name=\"twitter:card\" content=\"summary_large_image\" \/>\n<meta name=\"twitter:label1\" content=\"Gesch\u00e4tzte Lesezeit\" \/>\n\t<meta name=\"twitter:data1\" content=\"2\u00a0Minuten\" \/>\n<script type=\"application\/ld+json\" class=\"yoast-schema-graph\">{\"@context\":\"https:\/\/schema.org\",\"@graph\":[{\"@type\":\"WebPage\",\"@id\":\"https:\/\/www.esta-officiel-usa.com\/de\/was-tun-wenn-ihr-esta-antrag-verloren-gegangen-ist\/\",\"url\":\"https:\/\/www.esta-officiel-usa.com\/de\/was-tun-wenn-ihr-esta-antrag-verloren-gegangen-ist\/\",\"name\":\"Was tun, wenn Ihr ESTA-Antrag verloren gegangen ist?\",\"isPartOf\":{\"@id\":\"https:\/\/www.esta-officiel-usa.com\/de\/#website\"},\"datePublished\":\"2025-09-13T12:04:51+00:00\",\"dateModified\":\"2025-09-13T12:04:55+00:00\",\"description\":\"Die Abreise steht kurz bevor und Sie k\u00f6nnen Ihr ESTA nicht mehr finden? Keine Panik, wir erkl\u00e4ren Ihnen die Schritte, um Ihr wertvolles Sesam-\u00f6ffne-dich wieder zu finden.\",\"breadcrumb\":{\"@id\":\"https:\/\/www.esta-officiel-usa.com\/de\/was-tun-wenn-ihr-esta-antrag-verloren-gegangen-ist\/#breadcrumb\"},\"inLanguage\":\"de\",\"potentialAction\":[{\"@type\":\"ReadAction\",\"target\":[\"https:\/\/www.esta-officiel-usa.com\/de\/was-tun-wenn-ihr-esta-antrag-verloren-gegangen-ist\/\"]}]},{\"@type\":\"BreadcrumbList\",\"@id\":\"https:\/\/www.esta-officiel-usa.com\/de\/was-tun-wenn-ihr-esta-antrag-verloren-gegangen-ist\/#breadcrumb\",\"itemListElement\":[{\"@type\":\"ListItem\",\"position\":1,\"name\":\"Home\",\"item\":\"https:\/\/www.esta-officiel-usa.com\/de\/\"},{\"@type\":\"ListItem\",\"position\":2,\"name\":\"Was tun, wenn Ihr ESTA-Antrag verloren gegangen ist?\"}]},{\"@type\":\"WebSite\",\"@id\":\"https:\/\/www.esta-officiel-usa.com\/de\/#website\",\"url\":\"https:\/\/www.esta-officiel-usa.com\/de\/\",\"name\":\"ESTA - Vereinigte Staaten\",\"description\":\"ESTA-Antragsformular\",\"potentialAction\":[{\"@type\":\"SearchAction\",\"target\":{\"@type\":\"EntryPoint\",\"urlTemplate\":\"https:\/\/www.esta-officiel-usa.com\/de\/?s={search_term_string}\"},\"query-input\":{\"@type\":\"PropertyValueSpecification\",\"valueRequired\":true,\"valueName\":\"search_term_string\"}}],\"inLanguage\":\"de\"}]}<\/script>\n<!-- \/ Yoast SEO plugin. -->","yoast_head_json":{"title":"Was tun, wenn Ihr ESTA-Antrag verloren gegangen ist?","description":"Die Abreise steht kurz bevor und Sie k\u00f6nnen Ihr ESTA nicht mehr finden? Keine Panik, wir erkl\u00e4ren Ihnen die Schritte, um Ihr wertvolles Sesam-\u00f6ffne-dich wieder zu finden.","robots":{"index":"index","follow":"follow","max-snippet":"max-snippet:-1","max-image-preview":"max-image-preview:large","max-video-preview":"max-video-preview:-1"},"canonical":"https:\/\/www.esta-officiel-usa.com\/de\/was-tun-wenn-ihr-esta-antrag-verloren-gegangen-ist\/","og_locale":"de_DE","og_type":"article","og_title":"Was tun, wenn Ihr ESTA-Antrag verloren gegangen ist?","og_description":"Die Abreise steht kurz bevor und Sie k\u00f6nnen Ihr ESTA nicht mehr finden? Keine Panik, wir erkl\u00e4ren Ihnen die Schritte, um Ihr wertvolles Sesam-\u00f6ffne-dich wieder zu finden.","og_url":"https:\/\/www.esta-officiel-usa.com\/de\/was-tun-wenn-ihr-esta-antrag-verloren-gegangen-ist\/","og_site_name":"ESTA - Vereinigte Staaten","article_modified_time":"2025-09-13T12:04:55+00:00","twitter_card":"summary_large_image","twitter_misc":{"Gesch\u00e4tzte Lesezeit":"2\u00a0Minuten"},"schema":{"@context":"https:\/\/schema.org","@graph":[{"@type":"WebPage","@id":"https:\/\/www.esta-officiel-usa.com\/de\/was-tun-wenn-ihr-esta-antrag-verloren-gegangen-ist\/","url":"https:\/\/www.esta-officiel-usa.com\/de\/was-tun-wenn-ihr-esta-antrag-verloren-gegangen-ist\/","name":"Was tun, wenn Ihr ESTA-Antrag verloren gegangen ist?","isPartOf":{"@id":"https:\/\/www.esta-officiel-usa.com\/de\/#website"},"datePublished":"2025-09-13T12:04:51+00:00","dateModified":"2025-09-13T12:04:55+00:00","description":"Die Abreise steht kurz bevor und Sie k\u00f6nnen Ihr ESTA nicht mehr finden? Keine Panik, wir erkl\u00e4ren Ihnen die Schritte, um Ihr wertvolles Sesam-\u00f6ffne-dich wieder zu finden.","breadcrumb":{"@id":"https:\/\/www.esta-officiel-usa.com\/de\/was-tun-wenn-ihr-esta-antrag-verloren-gegangen-ist\/#breadcrumb"},"inLanguage":"de","potentialAction":[{"@type":"ReadAction","target":["https:\/\/www.esta-officiel-usa.com\/de\/was-tun-wenn-ihr-esta-antrag-verloren-gegangen-ist\/"]}]},{"@type":"BreadcrumbList","@id":"https:\/\/www.esta-officiel-usa.com\/de\/was-tun-wenn-ihr-esta-antrag-verloren-gegangen-ist\/#breadcrumb","itemListElement":[{"@type":"ListItem","position":1,"name":"Home","item":"https:\/\/www.esta-officiel-usa.com\/de\/"},{"@type":"ListItem","position":2,"name":"Was tun, wenn Ihr ESTA-Antrag verloren gegangen ist?"}]},{"@type":"WebSite","@id":"https:\/\/www.esta-officiel-usa.com\/de\/#website","url":"https:\/\/www.esta-officiel-usa.com\/de\/","name":"ESTA - Vereinigte Staaten","description":"ESTA-Antragsformular","potentialAction":[{"@type":"SearchAction","target":{"@type":"EntryPoint","urlTemplate":"https:\/\/www.esta-officiel-usa.com\/de\/?s={search_term_string}"},"query-input":{"@type":"PropertyValueSpecification","valueRequired":true,"valueName":"search_term_string"}}],"inLanguage":"de"}]}},"_links":{"self":[{"href":"https:\/\/www.esta-officiel-usa.com\/de\/wp-json\/wp\/v2\/pages\/1655","targetHints":{"allow":["GET"]}}],"collection":[{"href":"https:\/\/www.esta-officiel-usa.com\/de\/wp-json\/wp\/v2\/pages"}],"about":[{"href":"https:\/\/www.esta-officiel-usa.com\/de\/wp-json\/wp\/v2\/types\/page"}],"author":[{"embeddable":true,"href":"https:\/\/www.esta-officiel-usa.com\/de\/wp-json\/wp\/v2\/users\/1"}],"replies":[{"embeddable":true,"href":"https:\/\/www.esta-officiel-usa.com\/de\/wp-json\/wp\/v2\/comments?post=1655"}],"version-history":[{"count":1,"href":"https:\/\/www.esta-officiel-usa.com\/de\/wp-json\/wp\/v2\/pages\/1655\/revisions"}],"predecessor-version":[{"id":1657,"href":"https:\/\/www.esta-officiel-usa.com\/de\/wp-json\/wp\/v2\/pages\/1655\/revisions\/1657"}],"wp:attachment":[{"href":"https:\/\/www.esta-officiel-usa.com\/de\/wp-json\/wp\/v2\/media?parent=1655"}],"curies":[{"name":"wp","href":"https:\/\/api.w.org\/{rel}","templated":true}]}}