{"id":1663,"date":"2025-09-13T12:04:53","date_gmt":"2025-09-13T12:04:53","guid":{"rendered":"https:\/\/www.esta-officiel-usa.com\/wie-man-nach-einer-ablehnung-einen-neuen-esta-antrag-stellt\/"},"modified":"2025-09-13T12:04:54","modified_gmt":"2025-09-13T12:04:54","slug":"wie-man-nach-einer-ablehnung-einen-neuen-esta-antrag-stellt","status":"publish","type":"page","link":"https:\/\/www.esta-officiel-usa.com\/de\/wie-man-nach-einer-ablehnung-einen-neuen-esta-antrag-stellt\/","title":{"rendered":"Wie man nach einer Ablehnung einen neuen ESTA-Antrag stellt"},"content":{"rendered":"\n<h1 class=\"wp-block-heading\">EINEN NEUEN ESTA-ANTRAG NACH EINER ABLEHNUNG ZU STELLEN<\/h1>\n\n<p>Das<a href=\"https:\/\/www.esta-officiel-usa.com\/de\/\">ESTA<\/a> wird in den meisten F\u00e4llen ausgestellt. Wenn Ihr Antrag jedoch abgelehnt wird, sollten Sie zun\u00e4chst die Gr\u00fcnde daf\u00fcr analysieren. esta-official-usa.com ber\u00e4t Sie, welche Punkte Sie \u00fcberpr\u00fcfen sollten, bevor Sie nach einer Ablehnung einen neuen ESTA-Antrag stellen.  <\/p>\n\n<h2 class=\"wp-block-heading\">WARUM WURDE MEIN ESTA-ANTRAG ABGELEHNT?<\/h2>\n\n<p>Jeder Nicht-US-B\u00fcrger ist verpflichtet, eine g\u00fcltige Aufenthaltsgenehmigung f\u00fcr die Einreise in die USA zu besitzen. Dies kann ein Visum, ein ESTA oder eine <a href=\"https:\/\/www.esta-officiel-usa.com\/de\/erhalt-einer-greencard-durch-heirat\/\">Green Card<\/a> sein. Das ESTA ist die von Reisenden am h\u00e4ufigsten gew\u00e4hlte L\u00f6sung. Es ist einfacher und weniger zeitaufw\u00e4ndig zu beantragen als die beiden anderen Dokumente. Das ESTA ist zwei Jahre lang g\u00fcltig und ist auch wegen seiner g\u00fcnstigen Kosten interessant.    <\/p>\n\n<p>Wenn Sie bereits einen ESTA-Antrag gestellt haben, der jedoch abgelehnt wurde, \u00fcberpr\u00fcfen Sie zun\u00e4chst die folgenden Punkte:<\/p>\n\n<ul class=\"wp-block-list\">\n<li>Der eingetragene Familienstand muss unbedingt mit den Angaben im <a href=\"https:\/\/www.esta-officiel-usa.com\/fr\/quel-type-de-passeport-pour-les-usa\/\">Pass<\/a> \u00fcbereinstimmen (Name, Vorname, Status&#8230;);<\/li>\n\n\n\n<li>Der Reisepass muss biometrisch oder elektronisch sein und f\u00fcr die gesamte Dauer des Aufenthalts gelten;<\/li>\n\n\n\n<li>Sie m\u00fcssen Staatsb\u00fcrger eines der am <a href=\"https:\/\/www.esta-officiel-usa.com\/de\/ueber-das-visa-waiver-program\/\">Visa Waiver Program<\/a> teilnehmenden L\u00e4nder sein, d\u00fcrfen aber nicht die doppelte Staatsb\u00fcrgerschaft von Irak, Syrien, Iran oder Somalia besitzen;<\/li>\n\n\n\n<li>Sie m\u00fcssen mit einer von den USA zugelassenen Fluggesellschaft fliegen und \u00fcber ein R\u00fcck- oder Weiterflugticket verf\u00fcgen, das eine Aufenthaltsdauer in den USA von h\u00f6chstens 90 Tagen belegt;<\/li>\n\n\n\n<li>Ihr Profil darf keine Bedrohung f\u00fcr die Vereinigten Staaten darstellen.<\/li>\n<\/ul>\n\n<p>Wenn Sie bei der Beantragung eines neuen ESTA-Antrags nach Ablehnung Unterst\u00fctzung von Experten w\u00fcnschen, steht Ihnen unser Team von Reiseexperten zur Verf\u00fcgung.<\/p>\n\n<h2 class=\"wp-block-heading\">WIE STELLE ICH EINEN NEUEN ESTA-ANTRAG?<\/h2>\n\n<p>Wenn Sie sich die Zeit nehmen, die Sie f\u00fcr die Beantragung des ESTA ben\u00f6tigen, k\u00f6nnen Sie das Risiko von Fehlern bei der Beantragung Ihres neuen ESTA-Antrags verringern. Sie sollten Ihre Antworten sorgf\u00e4ltig durchlesen, bevor Sie Ihr <a href=\"https:\/\/www.esta-officiel-usa.com\/de\/esta-formular-online-beantragen\/\">ESTA-Formular<\/a> an die zust\u00e4ndige Beh\u00f6rde senden. <\/p>\n\n<p>Sie erhalten Ihre Genehmigung innerhalb von 72 Stunden und meistens noch am selben Tag.<\/p>\n\n<p>Wenn der neue ESTA-Antrag abgelehnt wird, k\u00f6nnen Sie davon ausgehen, dass Ihr Profil nicht geeignet ist. Die <a href=\"https:\/\/www.esta-officiel-usa.com\/de\/sicherheitsmassnahmen-fuer-die-einreise-in-die-usa\/\">US-Heimatschutzbeh\u00f6rde hat alle Befugnisse, um die Einreise in die USA<\/a> vor dem Abflug oder nach der Landung des Flugzeugs zu genehmigen.   <\/p>\n\n<p>Wenn Ihr neuer ESTA-Antrag abgelehnt wird, m\u00fcssen Sie sich um andere Formen der Aufenthaltsgenehmigung bem\u00fchen, z. B. um ein Visum oder eine Green Card. Wenden Sie sich dazu an das<a href=\"https:\/\/www.esta-officiel-usa.com\/de\/besuch-der-us-botschaft-fuer-ein-visum\/\">US-Konsulat oder dieUS-Botschaft<\/a> in Ihrem Land. <\/p>\n","protected":false},"excerpt":{"rendered":"<p>EINEN NEUEN ESTA-ANTRAG NACH EINER ABLEHNUNG ZU STELLEN DasESTA wird in den meisten F\u00e4llen ausgestellt. Wenn Ihr Antrag jedoch abgelehnt wird, sollten Sie zun\u00e4chst die Gr\u00fcnde daf\u00fcr analysieren. esta-official-usa.com ber\u00e4t Sie, welche Punkte Sie \u00fcberpr\u00fcfen sollten, bevor Sie nach einer Ablehnung einen neuen ESTA-Antrag stellen. WARUM WURDE MEIN ESTA-ANTRAG ABGELEHNT? Jeder Nicht-US-B\u00fcrger ist verpflichtet, eine [&hellip;]<\/p>\n","protected":false},"author":1,"featured_media":0,"parent":0,"menu_order":0,"comment_status":"closed","ping_status":"closed","template":"","meta":{"footnotes":""},"class_list":["post-1663","page","type-page","status-publish","hentry"],"yoast_head":"<!-- This site is optimized with the Yoast SEO plugin v26.2 - https:\/\/yoast.com\/wordpress\/plugins\/seo\/ -->\n<title>Wie man nach einer Ablehnung einen neuen ESTA-Antrag stellt<\/title>\n<meta name=\"description\" content=\"Wenn Sie Staatsangeh\u00f6riger eines VWP-Landes sind, ist es unwahrscheinlich, dass Ihr Antrag abgelehnt wird, was tun Sie nach einer Ablehnung?\" \/>\n<meta name=\"robots\" content=\"index, follow, max-snippet:-1, max-image-preview:large, max-video-preview:-1\" \/>\n<link rel=\"canonical\" href=\"https:\/\/www.esta-officiel-usa.com\/de\/wie-man-nach-einer-ablehnung-einen-neuen-esta-antrag-stellt\/\" \/>\n<meta property=\"og:locale\" content=\"de_DE\" \/>\n<meta property=\"og:type\" content=\"article\" \/>\n<meta property=\"og:title\" content=\"Wie man nach einer Ablehnung einen neuen ESTA-Antrag stellt\" \/>\n<meta property=\"og:description\" content=\"Wenn Sie Staatsangeh\u00f6riger eines VWP-Landes sind, ist es unwahrscheinlich, dass Ihr Antrag abgelehnt wird, was tun Sie nach einer Ablehnung?\" \/>\n<meta property=\"og:url\" content=\"https:\/\/www.esta-officiel-usa.com\/de\/wie-man-nach-einer-ablehnung-einen-neuen-esta-antrag-stellt\/\" \/>\n<meta property=\"og:site_name\" content=\"ESTA - Vereinigte Staaten\" \/>\n<meta property=\"article:modified_time\" content=\"2025-09-13T12:04:54+00:00\" \/>\n<meta name=\"twitter:card\" content=\"summary_large_image\" \/>\n<meta name=\"twitter:label1\" content=\"Gesch\u00e4tzte Lesezeit\" \/>\n\t<meta name=\"twitter:data1\" content=\"2\u00a0Minuten\" \/>\n<script type=\"application\/ld+json\" class=\"yoast-schema-graph\">{\"@context\":\"https:\/\/schema.org\",\"@graph\":[{\"@type\":\"WebPage\",\"@id\":\"https:\/\/www.esta-officiel-usa.com\/de\/wie-man-nach-einer-ablehnung-einen-neuen-esta-antrag-stellt\/\",\"url\":\"https:\/\/www.esta-officiel-usa.com\/de\/wie-man-nach-einer-ablehnung-einen-neuen-esta-antrag-stellt\/\",\"name\":\"Wie man nach einer Ablehnung einen neuen ESTA-Antrag stellt\",\"isPartOf\":{\"@id\":\"https:\/\/www.esta-officiel-usa.com\/de\/#website\"},\"datePublished\":\"2025-09-13T12:04:53+00:00\",\"dateModified\":\"2025-09-13T12:04:54+00:00\",\"description\":\"Wenn Sie Staatsangeh\u00f6riger eines VWP-Landes sind, ist es unwahrscheinlich, dass Ihr Antrag abgelehnt wird, was tun Sie nach einer Ablehnung?\",\"breadcrumb\":{\"@id\":\"https:\/\/www.esta-officiel-usa.com\/de\/wie-man-nach-einer-ablehnung-einen-neuen-esta-antrag-stellt\/#breadcrumb\"},\"inLanguage\":\"de\",\"potentialAction\":[{\"@type\":\"ReadAction\",\"target\":[\"https:\/\/www.esta-officiel-usa.com\/de\/wie-man-nach-einer-ablehnung-einen-neuen-esta-antrag-stellt\/\"]}]},{\"@type\":\"BreadcrumbList\",\"@id\":\"https:\/\/www.esta-officiel-usa.com\/de\/wie-man-nach-einer-ablehnung-einen-neuen-esta-antrag-stellt\/#breadcrumb\",\"itemListElement\":[{\"@type\":\"ListItem\",\"position\":1,\"name\":\"Home\",\"item\":\"https:\/\/www.esta-officiel-usa.com\/de\/\"},{\"@type\":\"ListItem\",\"position\":2,\"name\":\"Wie man nach einer Ablehnung einen neuen ESTA-Antrag stellt\"}]},{\"@type\":\"WebSite\",\"@id\":\"https:\/\/www.esta-officiel-usa.com\/de\/#website\",\"url\":\"https:\/\/www.esta-officiel-usa.com\/de\/\",\"name\":\"ESTA - Vereinigte Staaten\",\"description\":\"ESTA-Antragsformular\",\"potentialAction\":[{\"@type\":\"SearchAction\",\"target\":{\"@type\":\"EntryPoint\",\"urlTemplate\":\"https:\/\/www.esta-officiel-usa.com\/de\/?s={search_term_string}\"},\"query-input\":{\"@type\":\"PropertyValueSpecification\",\"valueRequired\":true,\"valueName\":\"search_term_string\"}}],\"inLanguage\":\"de\"}]}<\/script>\n<!-- \/ Yoast SEO plugin. -->","yoast_head_json":{"title":"Wie man nach einer Ablehnung einen neuen ESTA-Antrag stellt","description":"Wenn Sie Staatsangeh\u00f6riger eines VWP-Landes sind, ist es unwahrscheinlich, dass Ihr Antrag abgelehnt wird, was tun Sie nach einer Ablehnung?","robots":{"index":"index","follow":"follow","max-snippet":"max-snippet:-1","max-image-preview":"max-image-preview:large","max-video-preview":"max-video-preview:-1"},"canonical":"https:\/\/www.esta-officiel-usa.com\/de\/wie-man-nach-einer-ablehnung-einen-neuen-esta-antrag-stellt\/","og_locale":"de_DE","og_type":"article","og_title":"Wie man nach einer Ablehnung einen neuen ESTA-Antrag stellt","og_description":"Wenn Sie Staatsangeh\u00f6riger eines VWP-Landes sind, ist es unwahrscheinlich, dass Ihr Antrag abgelehnt wird, was tun Sie nach einer Ablehnung?","og_url":"https:\/\/www.esta-officiel-usa.com\/de\/wie-man-nach-einer-ablehnung-einen-neuen-esta-antrag-stellt\/","og_site_name":"ESTA - Vereinigte Staaten","article_modified_time":"2025-09-13T12:04:54+00:00","twitter_card":"summary_large_image","twitter_misc":{"Gesch\u00e4tzte Lesezeit":"2\u00a0Minuten"},"schema":{"@context":"https:\/\/schema.org","@graph":[{"@type":"WebPage","@id":"https:\/\/www.esta-officiel-usa.com\/de\/wie-man-nach-einer-ablehnung-einen-neuen-esta-antrag-stellt\/","url":"https:\/\/www.esta-officiel-usa.com\/de\/wie-man-nach-einer-ablehnung-einen-neuen-esta-antrag-stellt\/","name":"Wie man nach einer Ablehnung einen neuen ESTA-Antrag stellt","isPartOf":{"@id":"https:\/\/www.esta-officiel-usa.com\/de\/#website"},"datePublished":"2025-09-13T12:04:53+00:00","dateModified":"2025-09-13T12:04:54+00:00","description":"Wenn Sie Staatsangeh\u00f6riger eines VWP-Landes sind, ist es unwahrscheinlich, dass Ihr Antrag abgelehnt wird, was tun Sie nach einer Ablehnung?","breadcrumb":{"@id":"https:\/\/www.esta-officiel-usa.com\/de\/wie-man-nach-einer-ablehnung-einen-neuen-esta-antrag-stellt\/#breadcrumb"},"inLanguage":"de","potentialAction":[{"@type":"ReadAction","target":["https:\/\/www.esta-officiel-usa.com\/de\/wie-man-nach-einer-ablehnung-einen-neuen-esta-antrag-stellt\/"]}]},{"@type":"BreadcrumbList","@id":"https:\/\/www.esta-officiel-usa.com\/de\/wie-man-nach-einer-ablehnung-einen-neuen-esta-antrag-stellt\/#breadcrumb","itemListElement":[{"@type":"ListItem","position":1,"name":"Home","item":"https:\/\/www.esta-officiel-usa.com\/de\/"},{"@type":"ListItem","position":2,"name":"Wie man nach einer Ablehnung einen neuen ESTA-Antrag stellt"}]},{"@type":"WebSite","@id":"https:\/\/www.esta-officiel-usa.com\/de\/#website","url":"https:\/\/www.esta-officiel-usa.com\/de\/","name":"ESTA - Vereinigte Staaten","description":"ESTA-Antragsformular","potentialAction":[{"@type":"SearchAction","target":{"@type":"EntryPoint","urlTemplate":"https:\/\/www.esta-officiel-usa.com\/de\/?s={search_term_string}"},"query-input":{"@type":"PropertyValueSpecification","valueRequired":true,"valueName":"search_term_string"}}],"inLanguage":"de"}]}},"_links":{"self":[{"href":"https:\/\/www.esta-officiel-usa.com\/de\/wp-json\/wp\/v2\/pages\/1663","targetHints":{"allow":["GET"]}}],"collection":[{"href":"https:\/\/www.esta-officiel-usa.com\/de\/wp-json\/wp\/v2\/pages"}],"about":[{"href":"https:\/\/www.esta-officiel-usa.com\/de\/wp-json\/wp\/v2\/types\/page"}],"author":[{"embeddable":true,"href":"https:\/\/www.esta-officiel-usa.com\/de\/wp-json\/wp\/v2\/users\/1"}],"replies":[{"embeddable":true,"href":"https:\/\/www.esta-officiel-usa.com\/de\/wp-json\/wp\/v2\/comments?post=1663"}],"version-history":[{"count":1,"href":"https:\/\/www.esta-officiel-usa.com\/de\/wp-json\/wp\/v2\/pages\/1663\/revisions"}],"predecessor-version":[{"id":1666,"href":"https:\/\/www.esta-officiel-usa.com\/de\/wp-json\/wp\/v2\/pages\/1663\/revisions\/1666"}],"wp:attachment":[{"href":"https:\/\/www.esta-officiel-usa.com\/de\/wp-json\/wp\/v2\/media?parent=1663"}],"curies":[{"name":"wp","href":"https:\/\/api.w.org\/{rel}","templated":true}]}}