{"id":1676,"date":"2025-09-13T12:04:58","date_gmt":"2025-09-13T12:04:58","guid":{"rendered":"https:\/\/www.esta-officiel-usa.com\/was-sind-die-einreiseformalitaeten-fuer-die-usa\/"},"modified":"2025-09-13T12:05:03","modified_gmt":"2025-09-13T12:05:03","slug":"was-sind-die-einreiseformalitaeten-fuer-die-usa","status":"publish","type":"page","link":"https:\/\/www.esta-officiel-usa.com\/de\/was-sind-die-einreiseformalitaeten-fuer-die-usa\/","title":{"rendered":"Was sind die Einreiseformalit\u00e4ten f\u00fcr die USA?"},"content":{"rendered":"\n<h1 class=\"wp-block-heading\">ANKUNFT IN DEN VEREINIGTEN STAATEN: DIE FORMALIT\u00c4TEN<\/h1>\n\n<p>Ein Aufenthalt in den USA ist in der Regel nicht improvisierbar. Vor allem wegen der Kosten f\u00fcr die Flugtickets, der Reisedauer (je nach Zielort zwischen 8 und 12 Stunden Flugzeit von Paris aus), aber auch, weil Sie eine Aufenthaltsgenehmigung<a href=\"https:\/\/www.esta-officiel-usa.com\/de\/\">(ESTA<\/a> oder Visum) und eine <a href=\"https:\/\/www.esta-officiel-usa.com\/de\/welche-krankenversicherung-fuer-eine-reise-in-die-usa\/\">gute Versicherung<\/a> ben\u00f6tigen. All dies erfordert Zeit und ein Mindestma\u00df an Organisation. Sobald Sie Ihr Visum erhalten haben, sollten Sie alles daran setzen, die letzte Kontrolle an der Grenze zu den USA zu bestehen.   <br\/> <\/p>\n\n<h2 class=\"wp-block-heading\">DIE US-EINWANDERUNGSBEH\u00d6RDE<\/h2>\n\n<p>Wie der Name schon sagt, handelt es sich bei ESTA um eine <a href=\"https:\/\/www.esta-officiel-usa.com\/de\/was-ist-die-esta-genehmigung\/\">Reisegenehmigung<\/a>. Das hei\u00dft, wenn Sie in den USA ankommen, entscheiden die Beamten der Einwanderungsbeh\u00f6rde, ob Sie in die USA einreisen d\u00fcrfen oder nicht. Die Entscheidung liegt bei ihnen und es gibt keine M\u00f6glichkeit, Rechtsmittel einzulegen. Sie sollten also vor Ihrer Abreise alle Vorsichtsma\u00dfnahmen treffen.   <\/p>\n\n<h2 class=\"wp-block-heading\">DOKUMENTE, DIE SIE BEI IHRER EINREISE IN DIE USA VORLEGEN M\u00dcSSEN<\/h2>\n\n<p>Im Folgenden sind die <a href=\"https:\/\/www.esta-officiel-usa.com\/de\/reisedokumente-fuer-die-usa\/\">Reisedokumente<\/a> aufgef\u00fchrt, die Sie bei Ihrer Ankunft mit sich f\u00fchren m\u00fcssen:<\/p>\n\n<ul class=\"wp-block-list\"><li>Ihr elektronischer oder biometrischer Reisepass, der f\u00fcr die Dauer Ihres Aufenthalts und 6 Monate nach Ihrem R\u00fcckreisedatum g\u00fcltig ist;<\/li><li>Das blaue Blatt 6059B oder das Formular f\u00fcr die Zollerkl\u00e4rung. Dieses Formular wird Ihnen im Flugzeug ausgeh\u00e4ndigt. Sie werden aufgefordert, Ihren Namen, Vornamen und die Nummer Ihres Reisepasses anzugeben. Sie m\u00fcssen auch die Waren, die Sie mit sich f\u00fchren, und Ihre Adresse w\u00e4hrend Ihres Aufenthalts angeben.     <\/li><li>Eventuell Ihre ESTA-Bescheinigung, elektronisch oder in Papierform<a href=\"https:\/\/www.esta-officiel-usa.com\/de\/muss-ich-meinen-esta-antrag-ausdrucken\/\">(ein Ausdruck des ESTA<\/a> wird empfohlen, um m\u00f6gliche technische Probleme zu vermeiden).<\/li><\/ul>\n\n<h2 class=\"wp-block-heading\">WECHSEL ZUR EINWANDERUNGSBEH\u00d6RDE<\/h2>\n\n<p>Die Einreise erfolgt in der Regel sehr schnell, aber die Wartezeit h\u00e4ngt nat\u00fcrlich von der Anzahl der Reisenden ab. Wenn Sie an der Reihe sind, m\u00fcssen Sie Ihren Reisepass und das ber\u00fchmte blaue Formular vorlegen. Der Beamte macht dann ein Foto von Ihnen und einen Scan Ihrer Fingerabdr\u00fccke.  <\/p>\n\n<p>Bleiben Sie vor allem nat\u00fcrlich und beantworten Sie die Fragen des Beamten ehrlich. In der Regel handelt es sich um Routinefragen, die auch beim Ausf\u00fcllen Ihres ESTA-Antrags gestellt werden. Wenn Sie nicht verstehen, was der Beamte sagt (der amerikanische Akzent ist manchmal schwer zu verstehen), z\u00f6gern Sie nicht, ihn um Wiederholung zu bitten. Vermeiden Sie Humor, da dies nicht zu den <a href=\"https:\/\/www.esta-officiel-usa.com\/de\/was-sind-die-guten-manieren-in-den-vereinigten-staaten\/\">guten Manieren<\/a> in den USA geh\u00f6rt und Ihnen schaden k\u00f6nnte.   <\/p>\n\n<p>Wenn Sie nur <a href=\"https:\/\/www.esta-officiel-usa.com\/fr\/esta-pour-transit-aux-etats-unis\/\">durch die USA reisen<\/a>, m\u00fcssen Sie auch diesen Schritt machen, aber Sie m\u00fcssen sich in eine Warteschlange f\u00fcr Transitpassagiere einreihen (z.B. vor <a href=\"https:\/\/www.esta-officiel-usa.com\/de\/besuchen-sie-kuba-auf-einer-reise-in-die-usa\/\">Kuba<\/a> ).<\/p>\n\n<p>Gut zu wissen: Mit ESTA k\u00f6nnen Sie nicht in den USA arbeiten. Wenn Sie dies w\u00fcnschen, m\u00fcssen Sie eine <a href=\"https:\/\/www.esta-officiel-usa.com\/de\/antrag-auf-eine-greencard-fuer-die-arbeit\/\">Green Card f\u00fcr Arbeit<\/a> beantragen. <\/p>\n","protected":false},"excerpt":{"rendered":"<p>ANKUNFT IN DEN VEREINIGTEN STAATEN: DIE FORMALIT\u00c4TEN Ein Aufenthalt in den USA ist in der Regel nicht improvisierbar. Vor allem wegen der Kosten f\u00fcr die Flugtickets, der Reisedauer (je nach Zielort zwischen 8 und 12 Stunden Flugzeit von Paris aus), aber auch, weil Sie eine Aufenthaltsgenehmigung(ESTA oder Visum) und eine gute Versicherung ben\u00f6tigen. All dies [&hellip;]<\/p>\n","protected":false},"author":1,"featured_media":0,"parent":0,"menu_order":0,"comment_status":"closed","ping_status":"closed","template":"","meta":{"footnotes":""},"class_list":["post-1676","page","type-page","status-publish","hentry"],"yoast_head":"<!-- This site is optimized with the Yoast SEO plugin v26.2 - https:\/\/yoast.com\/wordpress\/plugins\/seo\/ -->\n<title>Was sind die Einreiseformalit\u00e4ten f\u00fcr die USA?<\/title>\n<meta name=\"description\" content=\"Die Einreise erfolgt in der Regel sehr schnell, aber unsere Experten beantworten alle Fragen, die Sie zu den Formalit\u00e4ten haben.\" \/>\n<meta name=\"robots\" content=\"index, follow, max-snippet:-1, max-image-preview:large, max-video-preview:-1\" \/>\n<link rel=\"canonical\" href=\"https:\/\/www.esta-officiel-usa.com\/de\/was-sind-die-einreiseformalitaeten-fuer-die-usa\/\" \/>\n<meta property=\"og:locale\" content=\"de_DE\" \/>\n<meta property=\"og:type\" content=\"article\" \/>\n<meta property=\"og:title\" content=\"Was sind die Einreiseformalit\u00e4ten f\u00fcr die USA?\" \/>\n<meta property=\"og:description\" content=\"Die Einreise erfolgt in der Regel sehr schnell, aber unsere Experten beantworten alle Fragen, die Sie zu den Formalit\u00e4ten haben.\" \/>\n<meta property=\"og:url\" content=\"https:\/\/www.esta-officiel-usa.com\/de\/was-sind-die-einreiseformalitaeten-fuer-die-usa\/\" \/>\n<meta property=\"og:site_name\" content=\"ESTA - Vereinigte Staaten\" \/>\n<meta property=\"article:modified_time\" content=\"2025-09-13T12:05:03+00:00\" \/>\n<meta name=\"twitter:card\" content=\"summary_large_image\" \/>\n<meta name=\"twitter:label1\" content=\"Gesch\u00e4tzte Lesezeit\" \/>\n\t<meta name=\"twitter:data1\" content=\"2\u00a0Minuten\" \/>\n<script type=\"application\/ld+json\" class=\"yoast-schema-graph\">{\"@context\":\"https:\/\/schema.org\",\"@graph\":[{\"@type\":\"WebPage\",\"@id\":\"https:\/\/www.esta-officiel-usa.com\/de\/was-sind-die-einreiseformalitaeten-fuer-die-usa\/\",\"url\":\"https:\/\/www.esta-officiel-usa.com\/de\/was-sind-die-einreiseformalitaeten-fuer-die-usa\/\",\"name\":\"Was sind die Einreiseformalit\u00e4ten f\u00fcr die USA?\",\"isPartOf\":{\"@id\":\"https:\/\/www.esta-officiel-usa.com\/de\/#website\"},\"datePublished\":\"2025-09-13T12:04:58+00:00\",\"dateModified\":\"2025-09-13T12:05:03+00:00\",\"description\":\"Die Einreise erfolgt in der Regel sehr schnell, aber unsere Experten beantworten alle Fragen, die Sie zu den Formalit\u00e4ten haben.\",\"breadcrumb\":{\"@id\":\"https:\/\/www.esta-officiel-usa.com\/de\/was-sind-die-einreiseformalitaeten-fuer-die-usa\/#breadcrumb\"},\"inLanguage\":\"de\",\"potentialAction\":[{\"@type\":\"ReadAction\",\"target\":[\"https:\/\/www.esta-officiel-usa.com\/de\/was-sind-die-einreiseformalitaeten-fuer-die-usa\/\"]}]},{\"@type\":\"BreadcrumbList\",\"@id\":\"https:\/\/www.esta-officiel-usa.com\/de\/was-sind-die-einreiseformalitaeten-fuer-die-usa\/#breadcrumb\",\"itemListElement\":[{\"@type\":\"ListItem\",\"position\":1,\"name\":\"Home\",\"item\":\"https:\/\/www.esta-officiel-usa.com\/de\/\"},{\"@type\":\"ListItem\",\"position\":2,\"name\":\"Was sind die Einreiseformalit\u00e4ten f\u00fcr die USA?\"}]},{\"@type\":\"WebSite\",\"@id\":\"https:\/\/www.esta-officiel-usa.com\/de\/#website\",\"url\":\"https:\/\/www.esta-officiel-usa.com\/de\/\",\"name\":\"ESTA - Vereinigte Staaten\",\"description\":\"ESTA-Antragsformular\",\"potentialAction\":[{\"@type\":\"SearchAction\",\"target\":{\"@type\":\"EntryPoint\",\"urlTemplate\":\"https:\/\/www.esta-officiel-usa.com\/de\/?s={search_term_string}\"},\"query-input\":{\"@type\":\"PropertyValueSpecification\",\"valueRequired\":true,\"valueName\":\"search_term_string\"}}],\"inLanguage\":\"de\"}]}<\/script>\n<!-- \/ Yoast SEO plugin. -->","yoast_head_json":{"title":"Was sind die Einreiseformalit\u00e4ten f\u00fcr die USA?","description":"Die Einreise erfolgt in der Regel sehr schnell, aber unsere Experten beantworten alle Fragen, die Sie zu den Formalit\u00e4ten haben.","robots":{"index":"index","follow":"follow","max-snippet":"max-snippet:-1","max-image-preview":"max-image-preview:large","max-video-preview":"max-video-preview:-1"},"canonical":"https:\/\/www.esta-officiel-usa.com\/de\/was-sind-die-einreiseformalitaeten-fuer-die-usa\/","og_locale":"de_DE","og_type":"article","og_title":"Was sind die Einreiseformalit\u00e4ten f\u00fcr die USA?","og_description":"Die Einreise erfolgt in der Regel sehr schnell, aber unsere Experten beantworten alle Fragen, die Sie zu den Formalit\u00e4ten haben.","og_url":"https:\/\/www.esta-officiel-usa.com\/de\/was-sind-die-einreiseformalitaeten-fuer-die-usa\/","og_site_name":"ESTA - Vereinigte Staaten","article_modified_time":"2025-09-13T12:05:03+00:00","twitter_card":"summary_large_image","twitter_misc":{"Gesch\u00e4tzte Lesezeit":"2\u00a0Minuten"},"schema":{"@context":"https:\/\/schema.org","@graph":[{"@type":"WebPage","@id":"https:\/\/www.esta-officiel-usa.com\/de\/was-sind-die-einreiseformalitaeten-fuer-die-usa\/","url":"https:\/\/www.esta-officiel-usa.com\/de\/was-sind-die-einreiseformalitaeten-fuer-die-usa\/","name":"Was sind die Einreiseformalit\u00e4ten f\u00fcr die USA?","isPartOf":{"@id":"https:\/\/www.esta-officiel-usa.com\/de\/#website"},"datePublished":"2025-09-13T12:04:58+00:00","dateModified":"2025-09-13T12:05:03+00:00","description":"Die Einreise erfolgt in der Regel sehr schnell, aber unsere Experten beantworten alle Fragen, die Sie zu den Formalit\u00e4ten haben.","breadcrumb":{"@id":"https:\/\/www.esta-officiel-usa.com\/de\/was-sind-die-einreiseformalitaeten-fuer-die-usa\/#breadcrumb"},"inLanguage":"de","potentialAction":[{"@type":"ReadAction","target":["https:\/\/www.esta-officiel-usa.com\/de\/was-sind-die-einreiseformalitaeten-fuer-die-usa\/"]}]},{"@type":"BreadcrumbList","@id":"https:\/\/www.esta-officiel-usa.com\/de\/was-sind-die-einreiseformalitaeten-fuer-die-usa\/#breadcrumb","itemListElement":[{"@type":"ListItem","position":1,"name":"Home","item":"https:\/\/www.esta-officiel-usa.com\/de\/"},{"@type":"ListItem","position":2,"name":"Was sind die Einreiseformalit\u00e4ten f\u00fcr die USA?"}]},{"@type":"WebSite","@id":"https:\/\/www.esta-officiel-usa.com\/de\/#website","url":"https:\/\/www.esta-officiel-usa.com\/de\/","name":"ESTA - Vereinigte Staaten","description":"ESTA-Antragsformular","potentialAction":[{"@type":"SearchAction","target":{"@type":"EntryPoint","urlTemplate":"https:\/\/www.esta-officiel-usa.com\/de\/?s={search_term_string}"},"query-input":{"@type":"PropertyValueSpecification","valueRequired":true,"valueName":"search_term_string"}}],"inLanguage":"de"}]}},"_links":{"self":[{"href":"https:\/\/www.esta-officiel-usa.com\/de\/wp-json\/wp\/v2\/pages\/1676","targetHints":{"allow":["GET"]}}],"collection":[{"href":"https:\/\/www.esta-officiel-usa.com\/de\/wp-json\/wp\/v2\/pages"}],"about":[{"href":"https:\/\/www.esta-officiel-usa.com\/de\/wp-json\/wp\/v2\/types\/page"}],"author":[{"embeddable":true,"href":"https:\/\/www.esta-officiel-usa.com\/de\/wp-json\/wp\/v2\/users\/1"}],"replies":[{"embeddable":true,"href":"https:\/\/www.esta-officiel-usa.com\/de\/wp-json\/wp\/v2\/comments?post=1676"}],"version-history":[{"count":1,"href":"https:\/\/www.esta-officiel-usa.com\/de\/wp-json\/wp\/v2\/pages\/1676\/revisions"}],"predecessor-version":[{"id":1678,"href":"https:\/\/www.esta-officiel-usa.com\/de\/wp-json\/wp\/v2\/pages\/1676\/revisions\/1678"}],"wp:attachment":[{"href":"https:\/\/www.esta-officiel-usa.com\/de\/wp-json\/wp\/v2\/media?parent=1676"}],"curies":[{"name":"wp","href":"https:\/\/api.w.org\/{rel}","templated":true}]}}