{"id":1686,"date":"2025-09-13T12:05:00","date_gmt":"2025-09-13T12:05:00","guid":{"rendered":"https:\/\/www.esta-officiel-usa.com\/welche-art-von-reisepass-ist-fuer-die-usa-erforderlich\/"},"modified":"2025-09-13T12:05:04","modified_gmt":"2025-09-13T12:05:04","slug":"welche-art-von-reisepass-ist-fuer-die-usa-erforderlich","status":"publish","type":"page","link":"https:\/\/www.esta-officiel-usa.com\/de\/welche-art-von-reisepass-ist-fuer-die-usa-erforderlich\/","title":{"rendered":"Welche Art von Reisepass ist f\u00fcr die USA erforderlich?"},"content":{"rendered":"\n<h1 class=\"wp-block-heading\">WELCHER REISEPASS IST F\u00dcR REISEN IN DIE USA ERFORDERLICH?<\/h1>\n\n<p>Planen Sie einen Urlaub in den USA oder wollen Sie gesch\u00e4ftlich dorthin reisen? Mit ESTA brauchen Sie kein Visum zu beantragen. Das ESTA erleichtert Ihnen das Leben bei der Beantragung von Genehmigungen f\u00fcr die Einreise in die USA. Sie m\u00fcssen jedoch den richtigen Reisepass haben!   <\/p>\n\n<h2 class=\"wp-block-heading\">MASCHINENLESBARER, ELEKTRONISCHER ODER BIOMETRISCHER REISEPASS?<\/h2>\n\n<p>Die <a href=\"https:\/\/www.esta-officiel-usa.com\/de\/die-zollkontrollen-der-usa-passieren\/\">US-Zollbeh\u00f6rde<\/a> hat alle ihre Kontrollen auf computergest\u00fctzte \u00dcberpr\u00fcfungsinstrumente umgestellt. Dies bedeutet, dass es nicht mehr m\u00f6glich ist, mit einem maschinenlesbaren Reisepass in die USA zu reisen, da dieser nach den amerikanischen Sicherheitsstandards nicht mehr zuverl\u00e4ssig genug ist. Daher ist der Besitz eines elektronischen oder biometrischen Reisepasses obligatorisch. Sie k\u00f6nnen den Typ Ihres Reisepasses \u00fcberpr\u00fcfen, indem Sie sicherstellen, dass das Symbol eines Mikrochips unter dem Wort &#8222;PASSPORT&#8220; auf dem vorderen Buchdeckel zu sehen ist.   <\/p>\n\n<p>Wenn Ihr alter Reisepass die oben genannten Kriterien nicht erf\u00fcllt, m\u00fcssen Sie einen Antrag auf einen neuen Reisepass stellen, der den Anforderungen entspricht. Rechnen Sie mit einem Budget von 86 \u20ac f\u00fcr ein Dokument mit einer G\u00fcltigkeit von 10 Jahren. Der Pass f\u00fcr einen Minderj\u00e4hrigen ist 5 Jahre g\u00fcltig. Die Kosten betragen 42 \u20ac f\u00fcr einen Minderj\u00e4hrigen zwischen 15 und 17 Jahren und 17 \u20ac f\u00fcr einen Minderj\u00e4hrigen unter 15 Jahren. Beachten Sie auch die Fristen f\u00fcr die Ausstellung und den Versand, die je nach Stadt und Jahreszeit, in der Sie den Antrag stellen, variieren.    <\/p>\n\n<h2 class=\"wp-block-heading\">ESTA UND IHR PASS<\/h2>\n\n<p>Es ist wichtig zu wissen, dass es ohne einen biometrischen oder elektronischen Reisepass nicht m\u00f6glich ist, einen<a href=\"https:\/\/www.esta-officiel-usa.com\/de\/esta-formular-online-beantragen\/\">ESTA-Antrag online<\/a> zu stellen. Das <a href=\"https:\/\/www.esta-officiel-usa.com\/de\/das-auszufuellende-esta-formular-fuer-die-usa\/\">Formular<\/a> verlangt n\u00e4mlich, dass Sie Informationen \u00fcber Ihren Reisepass angeben. Wenn das Formular nicht korrekt ausgef\u00fcllt ist, wird Ihr Antrag unweigerlich <a href=\"https:\/\/www.esta-officiel-usa.com\/de\/warum-wird-mein-esta-abgelehnt\/\">abgelehnt<\/a>. Dies gilt auch f\u00fcr einen Visumantrag, wenn Sie nicht ESTA-berechtigt sind.   <\/p>\n\n<p>Wenn Sie sicher sind, dass Sie den richtigen Reisepass haben oder gerade einen neuen, passenden Reisepass erhalten haben, z\u00f6gern Sie nicht, esta-officiel-usa.com mit Ihrem <a href=\"https:\/\/www.esta-officiel-usa.com\/de\/\">ESTA-Antrag oder Ihren Antr\u00e4gen<\/a> zu beauftragen! Unser Team von Spezialisten \u00fcbernimmt in Ihrem Namen alle Formalit\u00e4ten und nimmt Ihnen damit die Last ab. Wir \u00fcberpr\u00fcfen die Informationen (Passnummer, M\u00e4dchenname, Ehename&#8230;), die Sie uns \u00fcbermitteln, um Ihnen die Genehmigung so schnell wie m\u00f6glich zukommen zu lassen. Wir bieten Ihnen auch einen Online-Support, um Ihre Fragen zur<a href=\"https:\/\/www.esta-officiel-usa.com\/de\/der-obligatorische-esta-antrag-fuer-die-usa-im-internet\/\">ESTA-Pflicht<\/a> zu beantworten.  <\/p>\n","protected":false},"excerpt":{"rendered":"<p>WELCHER REISEPASS IST F\u00dcR REISEN IN DIE USA ERFORDERLICH? Planen Sie einen Urlaub in den USA oder wollen Sie gesch\u00e4ftlich dorthin reisen? Mit ESTA brauchen Sie kein Visum zu beantragen. Das ESTA erleichtert Ihnen das Leben bei der Beantragung von Genehmigungen f\u00fcr die Einreise in die USA. Sie m\u00fcssen jedoch den richtigen Reisepass haben! MASCHINENLESBARER, [&hellip;]<\/p>\n","protected":false},"author":1,"featured_media":0,"parent":0,"menu_order":0,"comment_status":"closed","ping_status":"closed","template":"","meta":{"footnotes":""},"class_list":["post-1686","page","type-page","status-publish","hentry"],"yoast_head":"<!-- This site is optimized with the Yoast SEO plugin v26.2 - https:\/\/yoast.com\/wordpress\/plugins\/seo\/ -->\n<title>Welche Art von Reisepass ist f\u00fcr die USA erforderlich?<\/title>\n<meta name=\"description\" content=\"Wenn Sie planen, in die USA zu reisen, um dort Urlaub zu machen oder zu arbeiten, finden Sie auf unserer Seite heraus, welche Art von Reisepass Sie ben\u00f6tigen.\" \/>\n<meta name=\"robots\" content=\"index, follow, max-snippet:-1, max-image-preview:large, max-video-preview:-1\" \/>\n<link rel=\"canonical\" href=\"https:\/\/www.esta-officiel-usa.com\/de\/welche-art-von-reisepass-ist-fuer-die-usa-erforderlich\/\" \/>\n<meta property=\"og:locale\" content=\"de_DE\" \/>\n<meta property=\"og:type\" content=\"article\" \/>\n<meta property=\"og:title\" content=\"Welche Art von Reisepass ist f\u00fcr die USA erforderlich?\" \/>\n<meta property=\"og:description\" content=\"Wenn Sie planen, in die USA zu reisen, um dort Urlaub zu machen oder zu arbeiten, finden Sie auf unserer Seite heraus, welche Art von Reisepass Sie ben\u00f6tigen.\" \/>\n<meta property=\"og:url\" content=\"https:\/\/www.esta-officiel-usa.com\/de\/welche-art-von-reisepass-ist-fuer-die-usa-erforderlich\/\" \/>\n<meta property=\"og:site_name\" content=\"ESTA - Vereinigte Staaten\" \/>\n<meta property=\"article:modified_time\" content=\"2025-09-13T12:05:04+00:00\" \/>\n<meta name=\"twitter:card\" content=\"summary_large_image\" \/>\n<meta name=\"twitter:label1\" content=\"Gesch\u00e4tzte Lesezeit\" \/>\n\t<meta name=\"twitter:data1\" content=\"2\u00a0Minuten\" \/>\n<script type=\"application\/ld+json\" class=\"yoast-schema-graph\">{\"@context\":\"https:\/\/schema.org\",\"@graph\":[{\"@type\":\"WebPage\",\"@id\":\"https:\/\/www.esta-officiel-usa.com\/de\/welche-art-von-reisepass-ist-fuer-die-usa-erforderlich\/\",\"url\":\"https:\/\/www.esta-officiel-usa.com\/de\/welche-art-von-reisepass-ist-fuer-die-usa-erforderlich\/\",\"name\":\"Welche Art von Reisepass ist f\u00fcr die USA erforderlich?\",\"isPartOf\":{\"@id\":\"https:\/\/www.esta-officiel-usa.com\/de\/#website\"},\"datePublished\":\"2025-09-13T12:05:00+00:00\",\"dateModified\":\"2025-09-13T12:05:04+00:00\",\"description\":\"Wenn Sie planen, in die USA zu reisen, um dort Urlaub zu machen oder zu arbeiten, finden Sie auf unserer Seite heraus, welche Art von Reisepass Sie ben\u00f6tigen.\",\"breadcrumb\":{\"@id\":\"https:\/\/www.esta-officiel-usa.com\/de\/welche-art-von-reisepass-ist-fuer-die-usa-erforderlich\/#breadcrumb\"},\"inLanguage\":\"de\",\"potentialAction\":[{\"@type\":\"ReadAction\",\"target\":[\"https:\/\/www.esta-officiel-usa.com\/de\/welche-art-von-reisepass-ist-fuer-die-usa-erforderlich\/\"]}]},{\"@type\":\"BreadcrumbList\",\"@id\":\"https:\/\/www.esta-officiel-usa.com\/de\/welche-art-von-reisepass-ist-fuer-die-usa-erforderlich\/#breadcrumb\",\"itemListElement\":[{\"@type\":\"ListItem\",\"position\":1,\"name\":\"Home\",\"item\":\"https:\/\/www.esta-officiel-usa.com\/de\/\"},{\"@type\":\"ListItem\",\"position\":2,\"name\":\"Welche Art von Reisepass ist f\u00fcr die USA erforderlich?\"}]},{\"@type\":\"WebSite\",\"@id\":\"https:\/\/www.esta-officiel-usa.com\/de\/#website\",\"url\":\"https:\/\/www.esta-officiel-usa.com\/de\/\",\"name\":\"ESTA - Vereinigte Staaten\",\"description\":\"ESTA-Antragsformular\",\"potentialAction\":[{\"@type\":\"SearchAction\",\"target\":{\"@type\":\"EntryPoint\",\"urlTemplate\":\"https:\/\/www.esta-officiel-usa.com\/de\/?s={search_term_string}\"},\"query-input\":{\"@type\":\"PropertyValueSpecification\",\"valueRequired\":true,\"valueName\":\"search_term_string\"}}],\"inLanguage\":\"de\"}]}<\/script>\n<!-- \/ Yoast SEO plugin. -->","yoast_head_json":{"title":"Welche Art von Reisepass ist f\u00fcr die USA erforderlich?","description":"Wenn Sie planen, in die USA zu reisen, um dort Urlaub zu machen oder zu arbeiten, finden Sie auf unserer Seite heraus, welche Art von Reisepass Sie ben\u00f6tigen.","robots":{"index":"index","follow":"follow","max-snippet":"max-snippet:-1","max-image-preview":"max-image-preview:large","max-video-preview":"max-video-preview:-1"},"canonical":"https:\/\/www.esta-officiel-usa.com\/de\/welche-art-von-reisepass-ist-fuer-die-usa-erforderlich\/","og_locale":"de_DE","og_type":"article","og_title":"Welche Art von Reisepass ist f\u00fcr die USA erforderlich?","og_description":"Wenn Sie planen, in die USA zu reisen, um dort Urlaub zu machen oder zu arbeiten, finden Sie auf unserer Seite heraus, welche Art von Reisepass Sie ben\u00f6tigen.","og_url":"https:\/\/www.esta-officiel-usa.com\/de\/welche-art-von-reisepass-ist-fuer-die-usa-erforderlich\/","og_site_name":"ESTA - Vereinigte Staaten","article_modified_time":"2025-09-13T12:05:04+00:00","twitter_card":"summary_large_image","twitter_misc":{"Gesch\u00e4tzte Lesezeit":"2\u00a0Minuten"},"schema":{"@context":"https:\/\/schema.org","@graph":[{"@type":"WebPage","@id":"https:\/\/www.esta-officiel-usa.com\/de\/welche-art-von-reisepass-ist-fuer-die-usa-erforderlich\/","url":"https:\/\/www.esta-officiel-usa.com\/de\/welche-art-von-reisepass-ist-fuer-die-usa-erforderlich\/","name":"Welche Art von Reisepass ist f\u00fcr die USA erforderlich?","isPartOf":{"@id":"https:\/\/www.esta-officiel-usa.com\/de\/#website"},"datePublished":"2025-09-13T12:05:00+00:00","dateModified":"2025-09-13T12:05:04+00:00","description":"Wenn Sie planen, in die USA zu reisen, um dort Urlaub zu machen oder zu arbeiten, finden Sie auf unserer Seite heraus, welche Art von Reisepass Sie ben\u00f6tigen.","breadcrumb":{"@id":"https:\/\/www.esta-officiel-usa.com\/de\/welche-art-von-reisepass-ist-fuer-die-usa-erforderlich\/#breadcrumb"},"inLanguage":"de","potentialAction":[{"@type":"ReadAction","target":["https:\/\/www.esta-officiel-usa.com\/de\/welche-art-von-reisepass-ist-fuer-die-usa-erforderlich\/"]}]},{"@type":"BreadcrumbList","@id":"https:\/\/www.esta-officiel-usa.com\/de\/welche-art-von-reisepass-ist-fuer-die-usa-erforderlich\/#breadcrumb","itemListElement":[{"@type":"ListItem","position":1,"name":"Home","item":"https:\/\/www.esta-officiel-usa.com\/de\/"},{"@type":"ListItem","position":2,"name":"Welche Art von Reisepass ist f\u00fcr die USA erforderlich?"}]},{"@type":"WebSite","@id":"https:\/\/www.esta-officiel-usa.com\/de\/#website","url":"https:\/\/www.esta-officiel-usa.com\/de\/","name":"ESTA - Vereinigte Staaten","description":"ESTA-Antragsformular","potentialAction":[{"@type":"SearchAction","target":{"@type":"EntryPoint","urlTemplate":"https:\/\/www.esta-officiel-usa.com\/de\/?s={search_term_string}"},"query-input":{"@type":"PropertyValueSpecification","valueRequired":true,"valueName":"search_term_string"}}],"inLanguage":"de"}]}},"_links":{"self":[{"href":"https:\/\/www.esta-officiel-usa.com\/de\/wp-json\/wp\/v2\/pages\/1686","targetHints":{"allow":["GET"]}}],"collection":[{"href":"https:\/\/www.esta-officiel-usa.com\/de\/wp-json\/wp\/v2\/pages"}],"about":[{"href":"https:\/\/www.esta-officiel-usa.com\/de\/wp-json\/wp\/v2\/types\/page"}],"author":[{"embeddable":true,"href":"https:\/\/www.esta-officiel-usa.com\/de\/wp-json\/wp\/v2\/users\/1"}],"replies":[{"embeddable":true,"href":"https:\/\/www.esta-officiel-usa.com\/de\/wp-json\/wp\/v2\/comments?post=1686"}],"version-history":[{"count":1,"href":"https:\/\/www.esta-officiel-usa.com\/de\/wp-json\/wp\/v2\/pages\/1686\/revisions"}],"predecessor-version":[{"id":1688,"href":"https:\/\/www.esta-officiel-usa.com\/de\/wp-json\/wp\/v2\/pages\/1686\/revisions\/1688"}],"wp:attachment":[{"href":"https:\/\/www.esta-officiel-usa.com\/de\/wp-json\/wp\/v2\/media?parent=1686"}],"curies":[{"name":"wp","href":"https:\/\/api.w.org\/{rel}","templated":true}]}}