{"id":1697,"date":"2025-09-13T12:05:06","date_gmt":"2025-09-13T12:05:06","guid":{"rendered":"https:\/\/www.esta-officiel-usa.com\/die-annullierung-der-greencard-durch-donald-trump\/"},"modified":"2025-09-13T12:05:12","modified_gmt":"2025-09-13T12:05:12","slug":"die-annullierung-der-greencard-durch-donald-trump","status":"publish","type":"page","link":"https:\/\/www.esta-officiel-usa.com\/de\/die-annullierung-der-greencard-durch-donald-trump\/","title":{"rendered":"Die Annullierung der Greencard durch Donald Trump"},"content":{"rendered":"\n<h1 class=\"wp-block-heading\">WIRD DONALD TRUMP DIE GREEN CARD ANNULLIEREN?<\/h1>\n\n<p>F\u00fcr einen l\u00e4ngeren Aufenthalt in den USA reicht das<a href=\"https:\/\/www.esta-officiel-usa.com\/de\/\">ESTA<\/a> nicht aus, sondern Sie ben\u00f6tigen eine Green Card. W\u00e4hrend der ersten Wahl von Donald Trump zum Pr\u00e4sidenten der Vereinigten Staaten von Amerika haben viele Ver\u00e4nderungen das Land ersch\u00fcttert. Auch wenn der Wunsch, in den USA zu arbeiten oder zu leben, bei vielen Menschen immer noch vorhanden ist, wollte der Pr\u00e4sident die Einwanderung in die USA kontrollieren. Wird Donald Trump die Green Card abschaffen, wenn er erneut zum Pr\u00e4sidenten der USA gew\u00e4hlt wird? In diesem Artikel beantworten wir alle Ihre Fragen zur Abschaffung oder Fortf\u00fchrung der Green Card.    <br\/> <\/p>\n\n<h2 class=\"wp-block-heading\">WOZU DIENT DIE GREEN CARD?<\/h2>\n\n<p>Bevor wir auf das leidige Thema von Donald Trumps Wunsch, die <a href=\"https:\/\/www.esta-officiel-usa.com\/de\/was-ist-eine-greencard\/\">Green Card<\/a> abzuschaffen, zu sprechen kommen, m\u00f6chten wir zun\u00e4chst einen Blick auf das Dokument selbst werfen. Urspr\u00fcnglich wurde dieses Verfahren geschaffen, um mehr Vielfalt in die amerikanische Einwanderung zu bringen. Jedes Jahr erhalten Tausende von Ausl\u00e4ndern eine Green Card und haben die Chance, in den USA zu leben. Die Green Card erm\u00f6glicht es jedem, der sie erh\u00e4lt, dauerhaft in den USA zu leben und zu arbeiten.   <\/p>\n\n<p>Normalerweise ist der Erhalt einer Green Card sehr kompliziert und kann mehrere Jahre dauern, da eine Vielzahl von Bedingungen erf\u00fcllt werden m\u00fcssen, wie z. B. ein Arbeitsplatz. Jedes Jahr kann dieses wertvolle Dokument unter anderem durch eine kostenlose <a href=\"https:\/\/www.esta-officiel-usa.com\/de\/eine-green-card-durch-die-lotterie-erhalten\/\">Lotterie<\/a> erworben werden, die es den Gewinnern erm\u00f6glicht, mit ihrer Familie in das Land zu ziehen, in dem alles m\u00f6glich ist. Es ist nicht so einfach, die erfolgreiche Green Card zu gewinnen, da jedes Jahr Hunderttausende von Personen teilnehmen und nur 50.000 Personen die Green Card gewinnen k\u00f6nnen. Dank der Lotterie kann der Inhaber den amerikanischen Traum leben. Dar\u00fcber hinaus kann man \u00fcber die <a href=\"https:\/\/www.esta-officiel-usa.com\/de\/erhalt-einer-greencard-durch-heirat\/\">Green Card durch Heirat<\/a>, Arbeit und Investitionen einen st\u00e4ndigen Wohnsitz erhalten. Dieses Programm ist f\u00fcr manche Menschen ein Traum, aber f\u00fcr andere ist es ein Albtraum geworden.     <br\/> <\/p>\n\n<h2 class=\"wp-block-heading\">ABSCHAFFUNG DER GREEN CARD?<\/h2>\n\n<p>Nach Ansicht des ehemaligen Pr\u00e4sidenten Donald Trump stellt die Ausstellung der Green Card eine Gefahr f\u00fcr das Land und seine Sicherheit dar. Das Attentat im Jahr 2002, das von einer Person ver\u00fcbt wurde, die ihre Green Card durch eine Lotterie erhalten hatte, wird den amerikanischen Pr\u00e4sidenten nicht dazu bringen, das Gegenteil zu glauben. In seinem Kampf f\u00fcr eine Erh\u00f6hung der Sicherheitsma\u00dfnahmen m\u00f6chte der Pr\u00e4sident die &#8222;riskante&#8220; Green Card der Lotterie abschaffen und durch ein strengeres Auswahlverfahren ersetzen, bei dem das Bildungsniveau und die Englischkenntnisse ber\u00fccksichtigt werden. Bisher wurde keine derartige Entscheidung getroffen und diese Hypothese ist weder bei den Republikanern noch bei den Demokraten beliebt.   <\/p>\n\n<p>Wir k\u00f6nnen das Schicksal der Green Card bis heute nicht kennen, obwohl es so aussah, als ob der ehemalige US-Pr\u00e4sident sie abschaffen wollte. Aber nutzen Sie die Gelegenheit, denn es ist noch Zeit, den amerikanischen Traum zu verwirklichen. Tr\u00e4umen Sie von einem Aufenthalt in Arizona, Georgia, Kalifornien oder Florida? Beantragen Sie schnell eine Green Card!   <\/p>\n","protected":false},"excerpt":{"rendered":"<p>WIRD DONALD TRUMP DIE GREEN CARD ANNULLIEREN? F\u00fcr einen l\u00e4ngeren Aufenthalt in den USA reicht dasESTA nicht aus, sondern Sie ben\u00f6tigen eine Green Card. W\u00e4hrend der ersten Wahl von Donald Trump zum Pr\u00e4sidenten der Vereinigten Staaten von Amerika haben viele Ver\u00e4nderungen das Land ersch\u00fcttert. Auch wenn der Wunsch, in den USA zu arbeiten oder zu [&hellip;]<\/p>\n","protected":false},"author":1,"featured_media":0,"parent":0,"menu_order":0,"comment_status":"closed","ping_status":"closed","template":"","meta":{"footnotes":""},"class_list":["post-1697","page","type-page","status-publish","hentry"],"yoast_head":"<!-- This site is optimized with the Yoast SEO plugin v26.2 - https:\/\/yoast.com\/wordpress\/plugins\/seo\/ -->\n<title>Die Annullierung der Greencard durch Donald Trump<\/title>\n<meta name=\"description\" content=\"Der ehemalige Pr\u00e4sident Donald Trump wollte die Einwanderung in die USA st\u00e4rker regulieren und die Green Card-Lotterie abschaffen.\" \/>\n<meta name=\"robots\" content=\"index, follow, max-snippet:-1, max-image-preview:large, max-video-preview:-1\" \/>\n<link rel=\"canonical\" href=\"https:\/\/www.esta-officiel-usa.com\/de\/die-annullierung-der-greencard-durch-donald-trump\/\" \/>\n<meta property=\"og:locale\" content=\"de_DE\" \/>\n<meta property=\"og:type\" content=\"article\" \/>\n<meta property=\"og:title\" content=\"Die Annullierung der Greencard durch Donald Trump\" \/>\n<meta property=\"og:description\" content=\"Der ehemalige Pr\u00e4sident Donald Trump wollte die Einwanderung in die USA st\u00e4rker regulieren und die Green Card-Lotterie abschaffen.\" \/>\n<meta property=\"og:url\" content=\"https:\/\/www.esta-officiel-usa.com\/de\/die-annullierung-der-greencard-durch-donald-trump\/\" \/>\n<meta property=\"og:site_name\" content=\"ESTA - Vereinigte Staaten\" \/>\n<meta property=\"article:modified_time\" content=\"2025-09-13T12:05:12+00:00\" \/>\n<meta name=\"twitter:card\" content=\"summary_large_image\" \/>\n<meta name=\"twitter:label1\" content=\"Gesch\u00e4tzte Lesezeit\" \/>\n\t<meta name=\"twitter:data1\" content=\"3\u00a0Minuten\" \/>\n<script type=\"application\/ld+json\" class=\"yoast-schema-graph\">{\"@context\":\"https:\/\/schema.org\",\"@graph\":[{\"@type\":\"WebPage\",\"@id\":\"https:\/\/www.esta-officiel-usa.com\/de\/die-annullierung-der-greencard-durch-donald-trump\/\",\"url\":\"https:\/\/www.esta-officiel-usa.com\/de\/die-annullierung-der-greencard-durch-donald-trump\/\",\"name\":\"Die Annullierung der Greencard durch Donald Trump\",\"isPartOf\":{\"@id\":\"https:\/\/www.esta-officiel-usa.com\/de\/#website\"},\"datePublished\":\"2025-09-13T12:05:06+00:00\",\"dateModified\":\"2025-09-13T12:05:12+00:00\",\"description\":\"Der ehemalige Pr\u00e4sident Donald Trump wollte die Einwanderung in die USA st\u00e4rker regulieren und die Green Card-Lotterie abschaffen.\",\"breadcrumb\":{\"@id\":\"https:\/\/www.esta-officiel-usa.com\/de\/die-annullierung-der-greencard-durch-donald-trump\/#breadcrumb\"},\"inLanguage\":\"de\",\"potentialAction\":[{\"@type\":\"ReadAction\",\"target\":[\"https:\/\/www.esta-officiel-usa.com\/de\/die-annullierung-der-greencard-durch-donald-trump\/\"]}]},{\"@type\":\"BreadcrumbList\",\"@id\":\"https:\/\/www.esta-officiel-usa.com\/de\/die-annullierung-der-greencard-durch-donald-trump\/#breadcrumb\",\"itemListElement\":[{\"@type\":\"ListItem\",\"position\":1,\"name\":\"Home\",\"item\":\"https:\/\/www.esta-officiel-usa.com\/de\/\"},{\"@type\":\"ListItem\",\"position\":2,\"name\":\"Die Annullierung der Greencard durch Donald Trump\"}]},{\"@type\":\"WebSite\",\"@id\":\"https:\/\/www.esta-officiel-usa.com\/de\/#website\",\"url\":\"https:\/\/www.esta-officiel-usa.com\/de\/\",\"name\":\"ESTA - Vereinigte Staaten\",\"description\":\"ESTA-Antragsformular\",\"potentialAction\":[{\"@type\":\"SearchAction\",\"target\":{\"@type\":\"EntryPoint\",\"urlTemplate\":\"https:\/\/www.esta-officiel-usa.com\/de\/?s={search_term_string}\"},\"query-input\":{\"@type\":\"PropertyValueSpecification\",\"valueRequired\":true,\"valueName\":\"search_term_string\"}}],\"inLanguage\":\"de\"}]}<\/script>\n<!-- \/ Yoast SEO plugin. -->","yoast_head_json":{"title":"Die Annullierung der Greencard durch Donald Trump","description":"Der ehemalige Pr\u00e4sident Donald Trump wollte die Einwanderung in die USA st\u00e4rker regulieren und die Green Card-Lotterie abschaffen.","robots":{"index":"index","follow":"follow","max-snippet":"max-snippet:-1","max-image-preview":"max-image-preview:large","max-video-preview":"max-video-preview:-1"},"canonical":"https:\/\/www.esta-officiel-usa.com\/de\/die-annullierung-der-greencard-durch-donald-trump\/","og_locale":"de_DE","og_type":"article","og_title":"Die Annullierung der Greencard durch Donald Trump","og_description":"Der ehemalige Pr\u00e4sident Donald Trump wollte die Einwanderung in die USA st\u00e4rker regulieren und die Green Card-Lotterie abschaffen.","og_url":"https:\/\/www.esta-officiel-usa.com\/de\/die-annullierung-der-greencard-durch-donald-trump\/","og_site_name":"ESTA - Vereinigte Staaten","article_modified_time":"2025-09-13T12:05:12+00:00","twitter_card":"summary_large_image","twitter_misc":{"Gesch\u00e4tzte Lesezeit":"3\u00a0Minuten"},"schema":{"@context":"https:\/\/schema.org","@graph":[{"@type":"WebPage","@id":"https:\/\/www.esta-officiel-usa.com\/de\/die-annullierung-der-greencard-durch-donald-trump\/","url":"https:\/\/www.esta-officiel-usa.com\/de\/die-annullierung-der-greencard-durch-donald-trump\/","name":"Die Annullierung der Greencard durch Donald Trump","isPartOf":{"@id":"https:\/\/www.esta-officiel-usa.com\/de\/#website"},"datePublished":"2025-09-13T12:05:06+00:00","dateModified":"2025-09-13T12:05:12+00:00","description":"Der ehemalige Pr\u00e4sident Donald Trump wollte die Einwanderung in die USA st\u00e4rker regulieren und die Green Card-Lotterie abschaffen.","breadcrumb":{"@id":"https:\/\/www.esta-officiel-usa.com\/de\/die-annullierung-der-greencard-durch-donald-trump\/#breadcrumb"},"inLanguage":"de","potentialAction":[{"@type":"ReadAction","target":["https:\/\/www.esta-officiel-usa.com\/de\/die-annullierung-der-greencard-durch-donald-trump\/"]}]},{"@type":"BreadcrumbList","@id":"https:\/\/www.esta-officiel-usa.com\/de\/die-annullierung-der-greencard-durch-donald-trump\/#breadcrumb","itemListElement":[{"@type":"ListItem","position":1,"name":"Home","item":"https:\/\/www.esta-officiel-usa.com\/de\/"},{"@type":"ListItem","position":2,"name":"Die Annullierung der Greencard durch Donald Trump"}]},{"@type":"WebSite","@id":"https:\/\/www.esta-officiel-usa.com\/de\/#website","url":"https:\/\/www.esta-officiel-usa.com\/de\/","name":"ESTA - Vereinigte Staaten","description":"ESTA-Antragsformular","potentialAction":[{"@type":"SearchAction","target":{"@type":"EntryPoint","urlTemplate":"https:\/\/www.esta-officiel-usa.com\/de\/?s={search_term_string}"},"query-input":{"@type":"PropertyValueSpecification","valueRequired":true,"valueName":"search_term_string"}}],"inLanguage":"de"}]}},"_links":{"self":[{"href":"https:\/\/www.esta-officiel-usa.com\/de\/wp-json\/wp\/v2\/pages\/1697","targetHints":{"allow":["GET"]}}],"collection":[{"href":"https:\/\/www.esta-officiel-usa.com\/de\/wp-json\/wp\/v2\/pages"}],"about":[{"href":"https:\/\/www.esta-officiel-usa.com\/de\/wp-json\/wp\/v2\/types\/page"}],"author":[{"embeddable":true,"href":"https:\/\/www.esta-officiel-usa.com\/de\/wp-json\/wp\/v2\/users\/1"}],"replies":[{"embeddable":true,"href":"https:\/\/www.esta-officiel-usa.com\/de\/wp-json\/wp\/v2\/comments?post=1697"}],"version-history":[{"count":1,"href":"https:\/\/www.esta-officiel-usa.com\/de\/wp-json\/wp\/v2\/pages\/1697\/revisions"}],"predecessor-version":[{"id":1699,"href":"https:\/\/www.esta-officiel-usa.com\/de\/wp-json\/wp\/v2\/pages\/1697\/revisions\/1699"}],"wp:attachment":[{"href":"https:\/\/www.esta-officiel-usa.com\/de\/wp-json\/wp\/v2\/media?parent=1697"}],"curies":[{"name":"wp","href":"https:\/\/api.w.org\/{rel}","templated":true}]}}