{"id":1702,"date":"2025-09-13T12:05:07","date_gmt":"2025-09-13T12:05:07","guid":{"rendered":"https:\/\/www.esta-officiel-usa.com\/formalitaeten-fuer-die-ankunft-in-den-usa-auf-dem-landweg\/"},"modified":"2025-09-13T12:05:13","modified_gmt":"2025-09-13T12:05:13","slug":"formalitaeten-fuer-die-ankunft-in-den-usa-auf-dem-landweg","status":"publish","type":"page","link":"https:\/\/www.esta-officiel-usa.com\/de\/formalitaeten-fuer-die-ankunft-in-den-usa-auf-dem-landweg\/","title":{"rendered":"Formalit\u00e4ten f\u00fcr die Ankunft in den USA auf dem Landweg"},"content":{"rendered":"\n<h1 class=\"wp-block-heading\">EINREISE IN DIE USA AUF DEM LANDWEG<\/h1>\n\n<p>Das Electronic System for Travel Authorization<a href=\"https:\/\/www.esta-officiel-usa.com\/de\/\">(ESTA<\/a>) erm\u00f6glicht den B\u00fcrgern der L\u00e4nder, die am <a href=\"https:\/\/www.esta-officiel-usa.com\/de\/ueber-das-visa-waiver-program\/\">Visa Waiver Program<\/a> teilnehmen, ohne Visum in die USA einzureisen. Diese Genehmigung ist bei Reisenden sehr beliebt und kann zu geringen Kosten beantragt werden. Aus diesem Grund wird sie jedes Jahr von Millionen von Reisenden bevorzugt. M\u00f6chten Sie auf dem Landweg in die USA einreisen? Unsere Experten erkl\u00e4ren Ihnen, ob Sie f\u00fcr ESTA in Frage kommen oder nicht.    <br\/> <\/p>\n\n<h2 class=\"wp-block-heading\">GIBT ES EINE ESTA AUF DEM LANDWEG?<\/h2>\n\n<p>Im Rahmen des Programms f\u00fcr visumfreies Reisen (Visa Waiver Program) k\u00f6nnen Staatsangeh\u00f6rige aus 38 L\u00e4ndern weltweit \u00fcber ein vereinfachtes Verfahren in die USA einreisen.<\/p>\n\n<p>Das ESTA ist zwei Jahre g\u00fcltig und gilt sowohl f\u00fcr Minderj\u00e4hrige als auch f\u00fcr Vollj\u00e4hrige.<\/p>\n\n<p>Es kann sehr einfach \u00fcber esta-official-usa.com bezogen werden.<\/p>\n\n<p>Die meisten Antragsteller erhalten eine positive Stellungnahme, nachdem ihre Bestellung best\u00e4tigt wurde, in der Regel noch am selben Tag und in jedem Fall innerhalb von 72 Stunden.<\/p>\n\n<p>Die Erteilung eines ESTA erfordert lediglich die Erf\u00fcllung einiger Voraussetzungen, wie z.B. :<\/p>\n\n<ul class=\"wp-block-list\"><li>Reisen aus touristischen Gr\u00fcnden (einschlie\u00dflich unbezahlter sozio-kultureller Aktivit\u00e4ten) oder aus beruflichen Gr\u00fcnden (Kurzzeitausbildung m\u00f6glich);<\/li><\/ul>\n\n<ul class=\"wp-block-list\"><li>\u00fcber einen g\u00fcltigen biometrischen oder elektronischen Reisepass verf\u00fcgen;<\/li><li>maximal 90 aufeinanderfolgende Tage in den USA bleiben;<\/li><li>das obligatorische ESTA-Formular ausf\u00fcllen, das \u00fcber esta-official-usa.com zug\u00e4nglich ist;<\/li><li>\u00fcber ein Flugticket oder ein Ticket f\u00fcr einen R\u00fcck- oder Weiterflug mit einer von den Vereinigten Staaten anerkannten Fluggesellschaft verf\u00fcgen.<\/li><\/ul>\n\n<p>Das ESTA ist nicht f\u00fcr Reisende gedacht, die auf dem Landweg in die USA einreisen m\u00f6chten. In diesem Fall m\u00fcssen andere Arten von Genehmigungen beantragt werden. <\/p>\n\n<h2 class=\"wp-block-heading\">FORMALIT\u00c4TEN F\u00dcR DIE EINREISE IN DIE USA AUF DEM LANDWEG<\/h2>\n\n<p>Wenn Sie auf dem Landweg von Kanada oder Mexiko in die USA einreisen m\u00f6chten, m\u00fcssen Sie eine Genehmigung beantragen.<\/p>\n\n<p>Das Formular, das Sie ausf\u00fcllen m\u00fcssen, ist I-94W. Es ist erforderlich, um die <a href=\"https:\/\/www.esta-officiel-usa.com\/de\/die-zollkontrollen-der-usa-passieren\/\">Zollkontrolle<\/a> zu passieren. Es kostet nur 6 USD und bietet Reisenden, die auf dem Landweg in die USA reisen, den Vorteil, dass sie sich bis zu 90 aufeinanderfolgende Tage in den USA aufhalten k\u00f6nnen.  <\/p>\n\n<p>Sobald Sie die Grenze erreicht haben, m\u00fcssen Sie und Ihr Fahrzeug die Zollstelle passieren. Sorgen Sie daf\u00fcr, dass Sie w\u00e4hrend der verkehrsarmen Zeiten auf dem Landweg in die USA einreisen. Die Warteschlangen k\u00f6nnen sehr lang sein, besonders wenn Sie aus Mexiko kommen. Auf einer speziellen Website im Internet k\u00f6nnen Sie sich in Echtzeit \u00fcber die Wartezeiten informieren.    Praktisch!<\/p>\n\n<p>Wenn Sie von den USA begeistert sind und sp\u00e4ter von Frankreich aus in die USA zur\u00fcckkehren m\u00f6chten, sollten Sie auf jeden Fall \u00fcber eine entsprechende Aufenthaltsgenehmigung (ESTA, Visum oder Green Card) verf\u00fcgen.<\/p>\n\n<p>Mit dem Formular I-94W k\u00f6nnen Sie nur \u00fcber die Nachbarl\u00e4nder auf dem Landweg in die USA einreisen.<\/p>\n\n<p>Haben Sie noch Fragen? Die Mitarbeiter von esta-officiel-usa.com stehen Ihnen f\u00fcr alle Fragen im Zusammenhang mit der ESTA-Beantragung zur Verf\u00fcgung. Um Ihnen das Verst\u00e4ndnis zu erleichtern, haben wir spezielle Rubriken eingerichtet: &#8222;<a href=\"https:\/\/www.esta-officiel-usa.com\/de\/esta-haeufig-gestellte-fragen\/\">FAQ<\/a>&#8222;, &#8222;<a href=\"https:\/\/www.esta-officiel-usa.com\/de\/esta-glossar-und-allgemeine-begriffe\/\">Lexikon<\/a>&#8220; und &#8222;<a href=\"https:\/\/www.esta-officiel-usa.com\/de\/esta-hilfethemen\/\">Hilfe<\/a>&#8222;. Wenn Sie Fragen haben, z\u00f6gern Sie bitte nicht, sich dort zu informieren!    <\/p>\n","protected":false},"excerpt":{"rendered":"<p>EINREISE IN DIE USA AUF DEM LANDWEG Das Electronic System for Travel Authorization(ESTA) erm\u00f6glicht den B\u00fcrgern der L\u00e4nder, die am Visa Waiver Program teilnehmen, ohne Visum in die USA einzureisen. Diese Genehmigung ist bei Reisenden sehr beliebt und kann zu geringen Kosten beantragt werden. Aus diesem Grund wird sie jedes Jahr von Millionen von Reisenden [&hellip;]<\/p>\n","protected":false},"author":1,"featured_media":0,"parent":0,"menu_order":0,"comment_status":"closed","ping_status":"closed","template":"","meta":{"footnotes":""},"class_list":["post-1702","page","type-page","status-publish","hentry"],"yoast_head":"<!-- This site is optimized with the Yoast SEO plugin v26.2 - https:\/\/yoast.com\/wordpress\/plugins\/seo\/ -->\n<title>Formalit\u00e4ten f\u00fcr die Ankunft in den USA auf dem Landweg<\/title>\n<meta name=\"description\" content=\"Wenn Sie auf dem Landweg von Kanada oder Mexiko in die USA einreisen m\u00f6chten, m\u00fcssen Sie eine Genehmigung beantragen.\" \/>\n<meta name=\"robots\" content=\"index, follow, max-snippet:-1, max-image-preview:large, max-video-preview:-1\" \/>\n<link rel=\"canonical\" href=\"https:\/\/www.esta-officiel-usa.com\/de\/formalitaeten-fuer-die-ankunft-in-den-usa-auf-dem-landweg\/\" \/>\n<meta property=\"og:locale\" content=\"de_DE\" \/>\n<meta property=\"og:type\" content=\"article\" \/>\n<meta property=\"og:title\" content=\"Formalit\u00e4ten f\u00fcr die Ankunft in den USA auf dem Landweg\" \/>\n<meta property=\"og:description\" content=\"Wenn Sie auf dem Landweg von Kanada oder Mexiko in die USA einreisen m\u00f6chten, m\u00fcssen Sie eine Genehmigung beantragen.\" \/>\n<meta property=\"og:url\" content=\"https:\/\/www.esta-officiel-usa.com\/de\/formalitaeten-fuer-die-ankunft-in-den-usa-auf-dem-landweg\/\" \/>\n<meta property=\"og:site_name\" content=\"ESTA - Vereinigte Staaten\" \/>\n<meta property=\"article:modified_time\" content=\"2025-09-13T12:05:13+00:00\" \/>\n<meta name=\"twitter:card\" content=\"summary_large_image\" \/>\n<meta name=\"twitter:label1\" content=\"Gesch\u00e4tzte Lesezeit\" \/>\n\t<meta name=\"twitter:data1\" content=\"3\u00a0Minuten\" \/>\n<script type=\"application\/ld+json\" class=\"yoast-schema-graph\">{\"@context\":\"https:\/\/schema.org\",\"@graph\":[{\"@type\":\"WebPage\",\"@id\":\"https:\/\/www.esta-officiel-usa.com\/de\/formalitaeten-fuer-die-ankunft-in-den-usa-auf-dem-landweg\/\",\"url\":\"https:\/\/www.esta-officiel-usa.com\/de\/formalitaeten-fuer-die-ankunft-in-den-usa-auf-dem-landweg\/\",\"name\":\"Formalit\u00e4ten f\u00fcr die Ankunft in den USA auf dem Landweg\",\"isPartOf\":{\"@id\":\"https:\/\/www.esta-officiel-usa.com\/de\/#website\"},\"datePublished\":\"2025-09-13T12:05:07+00:00\",\"dateModified\":\"2025-09-13T12:05:13+00:00\",\"description\":\"Wenn Sie auf dem Landweg von Kanada oder Mexiko in die USA einreisen m\u00f6chten, m\u00fcssen Sie eine Genehmigung beantragen.\",\"breadcrumb\":{\"@id\":\"https:\/\/www.esta-officiel-usa.com\/de\/formalitaeten-fuer-die-ankunft-in-den-usa-auf-dem-landweg\/#breadcrumb\"},\"inLanguage\":\"de\",\"potentialAction\":[{\"@type\":\"ReadAction\",\"target\":[\"https:\/\/www.esta-officiel-usa.com\/de\/formalitaeten-fuer-die-ankunft-in-den-usa-auf-dem-landweg\/\"]}]},{\"@type\":\"BreadcrumbList\",\"@id\":\"https:\/\/www.esta-officiel-usa.com\/de\/formalitaeten-fuer-die-ankunft-in-den-usa-auf-dem-landweg\/#breadcrumb\",\"itemListElement\":[{\"@type\":\"ListItem\",\"position\":1,\"name\":\"Home\",\"item\":\"https:\/\/www.esta-officiel-usa.com\/de\/\"},{\"@type\":\"ListItem\",\"position\":2,\"name\":\"Formalit\u00e4ten f\u00fcr die Ankunft in den USA auf dem Landweg\"}]},{\"@type\":\"WebSite\",\"@id\":\"https:\/\/www.esta-officiel-usa.com\/de\/#website\",\"url\":\"https:\/\/www.esta-officiel-usa.com\/de\/\",\"name\":\"ESTA - Vereinigte Staaten\",\"description\":\"ESTA-Antragsformular\",\"potentialAction\":[{\"@type\":\"SearchAction\",\"target\":{\"@type\":\"EntryPoint\",\"urlTemplate\":\"https:\/\/www.esta-officiel-usa.com\/de\/?s={search_term_string}\"},\"query-input\":{\"@type\":\"PropertyValueSpecification\",\"valueRequired\":true,\"valueName\":\"search_term_string\"}}],\"inLanguage\":\"de\"}]}<\/script>\n<!-- \/ Yoast SEO plugin. -->","yoast_head_json":{"title":"Formalit\u00e4ten f\u00fcr die Ankunft in den USA auf dem Landweg","description":"Wenn Sie auf dem Landweg von Kanada oder Mexiko in die USA einreisen m\u00f6chten, m\u00fcssen Sie eine Genehmigung beantragen.","robots":{"index":"index","follow":"follow","max-snippet":"max-snippet:-1","max-image-preview":"max-image-preview:large","max-video-preview":"max-video-preview:-1"},"canonical":"https:\/\/www.esta-officiel-usa.com\/de\/formalitaeten-fuer-die-ankunft-in-den-usa-auf-dem-landweg\/","og_locale":"de_DE","og_type":"article","og_title":"Formalit\u00e4ten f\u00fcr die Ankunft in den USA auf dem Landweg","og_description":"Wenn Sie auf dem Landweg von Kanada oder Mexiko in die USA einreisen m\u00f6chten, m\u00fcssen Sie eine Genehmigung beantragen.","og_url":"https:\/\/www.esta-officiel-usa.com\/de\/formalitaeten-fuer-die-ankunft-in-den-usa-auf-dem-landweg\/","og_site_name":"ESTA - Vereinigte Staaten","article_modified_time":"2025-09-13T12:05:13+00:00","twitter_card":"summary_large_image","twitter_misc":{"Gesch\u00e4tzte Lesezeit":"3\u00a0Minuten"},"schema":{"@context":"https:\/\/schema.org","@graph":[{"@type":"WebPage","@id":"https:\/\/www.esta-officiel-usa.com\/de\/formalitaeten-fuer-die-ankunft-in-den-usa-auf-dem-landweg\/","url":"https:\/\/www.esta-officiel-usa.com\/de\/formalitaeten-fuer-die-ankunft-in-den-usa-auf-dem-landweg\/","name":"Formalit\u00e4ten f\u00fcr die Ankunft in den USA auf dem Landweg","isPartOf":{"@id":"https:\/\/www.esta-officiel-usa.com\/de\/#website"},"datePublished":"2025-09-13T12:05:07+00:00","dateModified":"2025-09-13T12:05:13+00:00","description":"Wenn Sie auf dem Landweg von Kanada oder Mexiko in die USA einreisen m\u00f6chten, m\u00fcssen Sie eine Genehmigung beantragen.","breadcrumb":{"@id":"https:\/\/www.esta-officiel-usa.com\/de\/formalitaeten-fuer-die-ankunft-in-den-usa-auf-dem-landweg\/#breadcrumb"},"inLanguage":"de","potentialAction":[{"@type":"ReadAction","target":["https:\/\/www.esta-officiel-usa.com\/de\/formalitaeten-fuer-die-ankunft-in-den-usa-auf-dem-landweg\/"]}]},{"@type":"BreadcrumbList","@id":"https:\/\/www.esta-officiel-usa.com\/de\/formalitaeten-fuer-die-ankunft-in-den-usa-auf-dem-landweg\/#breadcrumb","itemListElement":[{"@type":"ListItem","position":1,"name":"Home","item":"https:\/\/www.esta-officiel-usa.com\/de\/"},{"@type":"ListItem","position":2,"name":"Formalit\u00e4ten f\u00fcr die Ankunft in den USA auf dem Landweg"}]},{"@type":"WebSite","@id":"https:\/\/www.esta-officiel-usa.com\/de\/#website","url":"https:\/\/www.esta-officiel-usa.com\/de\/","name":"ESTA - Vereinigte Staaten","description":"ESTA-Antragsformular","potentialAction":[{"@type":"SearchAction","target":{"@type":"EntryPoint","urlTemplate":"https:\/\/www.esta-officiel-usa.com\/de\/?s={search_term_string}"},"query-input":{"@type":"PropertyValueSpecification","valueRequired":true,"valueName":"search_term_string"}}],"inLanguage":"de"}]}},"_links":{"self":[{"href":"https:\/\/www.esta-officiel-usa.com\/de\/wp-json\/wp\/v2\/pages\/1702","targetHints":{"allow":["GET"]}}],"collection":[{"href":"https:\/\/www.esta-officiel-usa.com\/de\/wp-json\/wp\/v2\/pages"}],"about":[{"href":"https:\/\/www.esta-officiel-usa.com\/de\/wp-json\/wp\/v2\/types\/page"}],"author":[{"embeddable":true,"href":"https:\/\/www.esta-officiel-usa.com\/de\/wp-json\/wp\/v2\/users\/1"}],"replies":[{"embeddable":true,"href":"https:\/\/www.esta-officiel-usa.com\/de\/wp-json\/wp\/v2\/comments?post=1702"}],"version-history":[{"count":1,"href":"https:\/\/www.esta-officiel-usa.com\/de\/wp-json\/wp\/v2\/pages\/1702\/revisions"}],"predecessor-version":[{"id":1704,"href":"https:\/\/www.esta-officiel-usa.com\/de\/wp-json\/wp\/v2\/pages\/1702\/revisions\/1704"}],"wp:attachment":[{"href":"https:\/\/www.esta-officiel-usa.com\/de\/wp-json\/wp\/v2\/media?parent=1702"}],"curies":[{"name":"wp","href":"https:\/\/api.w.org\/{rel}","templated":true}]}}