{"id":1710,"date":"2025-09-13T12:05:10","date_gmt":"2025-09-13T12:05:10","guid":{"rendered":"https:\/\/www.esta-officiel-usa.com\/ueberblick-ueber-die-kulinarischen-spezialitaeten-der-usa\/"},"modified":"2025-09-13T12:05:12","modified_gmt":"2025-09-13T12:05:12","slug":"ueberblick-ueber-die-kulinarischen-spezialitaeten-der-usa","status":"publish","type":"page","link":"https:\/\/www.esta-officiel-usa.com\/de\/ueberblick-ueber-die-kulinarischen-spezialitaeten-der-usa\/","title":{"rendered":"\u00dcberblick \u00fcber die kulinarischen Spezialit\u00e4ten der USA"},"content":{"rendered":"\n<h1 class=\"wp-block-heading\">DIE SPEZIALIT\u00c4TEN DER AMERIKANISCHEN K\u00dcCHE<\/h1>\n\n<p>Die amerikanische K\u00fcche hat in Europa einen eher schlechten Ruf. Sie wird oft als unfein und kalorienreich kritisiert. Obwohl dies teilweise zutrifft, w\u00e4re es schade, dar\u00fcber hinwegzusehen. Wir stellen Ihnen die Klassiker der amerikanischen K\u00fcche und die Spezialit\u00e4ten der einzelnen Bundesstaaten vor und hoffen, dass wir Ihnen Lust auf eine Reise in die USA machen k\u00f6nnen, sobald Sie Ihr <a href=\"https:\/\/www.esta-officiel-usa.com\/de\/\">ESTA<\/a> in der Tasche haben.   <br\/> <\/p>\n\n<h2 class=\"wp-block-heading\">DIE KLASSIKER DER AMERIKANISCHEN K\u00dcCHE<\/h2>\n\n<h3 class=\"wp-block-heading\">ESSEN AUF DIE SCHNELLE<\/h3>\n\n<p>Die Amerikaner essen gerne und viel, zu jeder Zeit und zu jeder Tageszeit, aber sie nehmen sich nicht die Zeit daf\u00fcr. Sie sind weltweit f\u00fcr Fast Food und Street Food bekannt. Zu den bekanntesten Beispielen geh\u00f6ren :  <\/p>\n\n<ul class=\"wp-block-list\">\n<li>Hamburger, insbesondere Cheeseburger oder Sloppy Joe, mit Pommes frites (in allen m\u00f6glichen Formen) und Soda nach Belieben;<\/li>\n\n\n\n<li>Hotdog, Corndog oder Chilidog;<\/li>\n\n\n\n<li>Frittierte Gerichte wie Buffalo Wings oder Zwiebelringe;<\/li>\n\n\n\n<li>Sandwiches einschlie\u00dflich BLT (Bacon, Salat, Tomate), Club-Sandwich, gegrillter K\u00e4se, Bagels und das ber\u00fchmte Peanut Butter Jelly Sandwich mit einer Variante, die als Elvis Presleys Lieblingssandwich bekannt ist: Banana Butter (Erdnussbutter, Banane und Bacon).<\/li>\n<\/ul>\n\n<h3 class=\"wp-block-heading\">DIE HAUPTGERICHTE<\/h3>\n\n<p>Nat\u00fcrlich ist die amerikanische K\u00fcche nicht nur auf Fastfood beschr\u00e4nkt. Unsere Freunde auf der anderen Seite des Atlantiks nehmen sich auch Zeit f\u00fcr traditionelle Gerichte: <\/p>\n\n<ul class=\"wp-block-list\">\n<li>Meatloaf, der ein Hackbraten ist<\/li>\n\n\n\n<li>Chicken Pot Pie, eine H\u00fchnchenpastete<\/li>\n\n\n\n<li>Ribs bezieht sich auf Rippchen, Spareribs etc.<\/li>\n\n\n\n<li>Pot Roast, das \u00c4quivalent zu unserem Eintopf.<\/li>\n\n\n\n<li>Mac and Cheese, d.h. Muscheln und viel K\u00e4se<\/li>\n\n\n\n<li>Tater Tots, eine Handelsmarke von Hashbrown, d. h. geriebene und frittierte Kartoffeln.<\/li>\n\n\n\n<li>Biscuit and gravy, d.h. Bl\u00e4tterteig und Fleischsauce<\/li>\n\n\n\n<li>die Gem\u00fcsepfannen<\/li>\n\n\n\n<li>cobb salad (Salat, Tomate, Speck, Huhn, hart gekochtes Ei, Avocado, Schnittlauch, K\u00e4se und Rotweinvinaigrette)<\/li>\n\n\n\n<li>Caesar-Salat<\/li>\n\n\n\n<li>Kartoffelsalat<\/li>\n<\/ul>\n\n<h3 class=\"wp-block-heading\">DIE SCHMECKEN<\/h3>\n\n<p>Wir haben bereits erw\u00e4hnt, dass die Amerikaner gerne essen, und es versteht sich von selbst, dass s\u00fc\u00dfe Leckereien auch in der amerikanischen K\u00fcche eine gro\u00dfe Rolle spielen:<\/p>\n\n<ul class=\"wp-block-list\">\n<li>K\u00e4sekuchen<\/li>\n\n\n\n<li>Brownie<\/li>\n\n\n\n<li>Muffin<\/li>\n\n\n\n<li>Cookies<\/li>\n\n\n\n<li>Cupcake<\/li>\n\n\n\n<li>Karottenkuchen<\/li>\n\n\n\n<li>pecan pie<\/li>\n\n\n\n<li>Apple Pie<\/li>\n\n\n\n<li>Donut<\/li>\n\n\n\n<li>Bananensplit<\/li>\n\n\n\n<li>S&#8217;more (Sandwich-Keks mit Marshmallows)<br\/> <\/li>\n<\/ul>\n\n<h2 class=\"wp-block-heading\">JEDER STAAT HAT SEINE EIGENE KULINARISCHE SPEZIALIT\u00c4T<\/h2>\n\n<p>Die Vereinigten Staaten bestehen aus 50 Staaten und in jedem dieser Staaten erwartet den Reisenden eine oder mehrere kulinarische Spezialit\u00e4ten.<\/p>\n\n<ul class=\"wp-block-list\">\n<li>Alabama: Catfish (Katzenfisch) und Hushpuppies (Maismehlkrapfen)<\/li>\n\n\n\n<li>Alaska: King Crab (K\u00f6nigskrabbe) &amp; Lachs<\/li>\n\n\n\n<li>Arizona: Red Chili Chimichanga, Native American Frybread (in \u00d6l gebratener oder frittierter Teig, der mit Bohnen, Rindfleisch und geriebenem K\u00e4se belegt ist) oder Sonoran Dog (ein breiteres Brot als der klassische Hotdog mit einer Wurst, die in gegrillten Speck, Pinto-Bohnen, R\u00f6stzwiebeln, Tomaten, Chilisauce, Mayonnaise und amerikanischem Senf gewickelt ist).<\/li>\n\n\n\n<li>Arkansas:<a href=\"https:\/\/fr.wikipedia.org\/wiki\/Am%C3%A9rindiens\"> Indianische<\/a> Papillote mit Rindfleisch<\/li>\n\n\n\n<li>Kalifornien: Burrito, California Roll (Sushi) und Fish Taco<\/li>\n\n\n\n<li>North Carolina: das Chopped Pork Sandwich<\/li>\n\n\n\n<li>South Carolina: Shrimp N Grit (Garnelen und Maisgrie\u00df)<\/li>\n\n\n\n<li>Colorado: Burrito<\/li>\n\n\n\n<li>Connecticut: die New Haven Clam Pizza, eine Pizza mit wei\u00dfen Muscheln.<\/li>\n\n\n\n<li>North Dakota: Der Bison Burger<\/li>\n\n\n\n<li>South Dakota: Chislic (in Sojabohnen gekochtes Fleisch, das auf Spie\u00dfe serviert wird)<\/li>\n\n\n\n<li>Delaware: Scrapple hash (Schweinefleisch)<\/li>\n\n\n\n<li>Florida: Key lime pie (Limettenkuchen)<\/li>\n\n\n\n<li>Georgien: Peach Cobbler<\/li>\n\n\n\n<li>Hawaii: Malasada (Krapfen) oder Poke (rohe Fischw\u00fcrfel, mariniert und mit Gem\u00fcse, Obst und Getreide serviert)<\/li>\n\n\n\n<li>Idaho: Bison Burger<\/li>\n\n\n\n<li>Illinois: Deep Dish Pizza (Pizza mit dickem Teig)<\/li>\n\n\n\n<li>Indiana: die Zuckercreme-Pie<\/li>\n\n\n\n<li>Iowa: Dry-cured bacon (mit Salz und Zucker getrockneter Speck)<\/li>\n\n\n\n<li>Kansas: Z-man Burger (Rinderbrust, gegrillter K\u00e4se, gebratene Zwiebelringe, Barbecue-Sauce)<\/li>\n\n\n\n<li>Kentucky: Hot Brown (offenes Sandwich mit Truthahn und <a href=\"https:\/\/fr.wikipedia.org\/wiki\/Lard\">Speck<\/a>, bedeckt mit Mornay-Sauce. Es gibt verschiedene Varianten mit Schinken, Chili und Tomaten). <\/li>\n\n\n\n<li>Louisiana: Die Cajun-K\u00fcche steht im Vordergrund mit Gumbo (stark aromatisierte<a href=\"https:\/\/fr.wikipedia.org\/wiki\/Bouillon_(cuisine)\">Br\u00fche<\/a> mit<a href=\"https:\/\/fr.wikipedia.org\/wiki\/Viande\"> Fleisch<\/a> oder Schalentieren und Sellerie, Paprika und Zwiebeln), Jambalaya (w\u00fcrziges Gericht mit Reis, Fleisch oder Schalentieren) oder dem Baguette-Sandwich Po&#8217;Boy.<\/li>\n\n\n\n<li>Maine: Lobster Roll (Hummersandwich mit Hotdog-Br\u00f6tchen)<\/li>\n\n\n\n<li>Maryland: Crab Cake (Krabbenkrokette)<\/li>\n\n\n\n<li>Massachusetts: Clam Chowder (Suppe aus amerikanischen Venusmuscheln, Kartoffeln, Milch, Sahne und verschiedenen Gew\u00fcrzen).<\/li>\n\n\n\n<li>Michigan: Beef Pasty und Kirschkuchen<\/li>\n\n\n\n<li>Minnesota: Juicy Lucy, ein Cheeseburger, bei dem der K\u00e4se in das Steak und nicht dar\u00fcber gelegt ist<\/li>\n\n\n\n<li>Mississippi: Hot Tamales, die Zimtbonbons sind<\/li>\n\n\n\n<li>Missouri: Spareribs<\/li>\n\n\n\n<li>Montana: das Rib-Eye<\/li>\n\n\n\n<li>Nebraska: Reuben Sandwich (gegrilltes Sandwich mit Corned Beef, Sauerkraut, Emmentaler und russischer So\u00dfe)<\/li>\n\n\n\n<li>Nevada: Krabbencocktail und All-you-can-eat-Buffets in <a href=\"https:\/\/www.esta-officiel-usa.com\/de\/reisen-sie-in-die-usa-und-entdecken-sie-las-vegas\/\">Las Vegas<\/a><\/li>\n\n\n\n<li>New Hampshire: der frittierte Hummerschwanz<\/li>\n\n\n\n<li>New Jersey: der Jersey Style Hot Dog<\/li>\n\n\n\n<li>New Mexico: Enchiladas und Green Chili<\/li>\n\n\n\n<li><a href=\"https:\/\/www.esta-officiel-usa.com\/de\/entdecken-sie-new-york-city\/\">New-York<\/a>: Der K\u00e4sekuchen, den man nicht mehr vorstellen muss<\/li>\n\n\n\n<li>Ohio: Chili in all seinen Formen<\/li>\n\n\n\n<li>Oklahoma: gebratenes H\u00e4hnchensteak<\/li>\n\n\n\n<li>Oregon: Brombeerkuchen<\/li>\n\n\n\n<li>Pennsylvania: Philly Cheesesteak (Sandwich mit Rindfleisch, Pilzen und Mozzarella)<\/li>\n\n\n\n<li>Rhode Island: stuffed clam<\/li>\n\n\n\n<li>Tennessee: gebratenes Huhn<\/li>\n\n\n\n<li>Texas: Fleisch in allen Formen, insbesondere Rinderbrust, aber auch Gerichte, die von Mexiko inspiriert sind (Nachos, Fajitas und Chili con Carne).<\/li>\n\n\n\n<li>Utah: Pastrami-Burger und Fried Scones<\/li>\n\n\n\n<li>Vermont: Ahornsirup auf allem und besonders auf Pfannkuchen<\/li>\n\n\n\n<li>Virginia: Gekochte Erdn\u00fcsse<\/li>\n\n\n\n<li>Washington: Half smoke insbesondere in Washington DC (\u00e4hnlich einem Hotdog mit einer Wurst, die halb Schwein, halb Rind ist)<\/li>\n\n\n\n<li>West Virginia: Pepperoni Roll<\/li>\n\n\n\n<li>Wisconsin: Cheese Curds (gebratener K\u00e4se)<\/li>\n\n\n\n<li>Wyoming: B\u00fcffelsteak<\/li>\n<\/ul>\n\n<p>Die bekannteste Mahlzeit der amerikanischen K\u00fcche ist das Thanksgiving-Essen: Truthahn, Maiskolben, Preiselbeerso\u00dfe, S\u00fc\u00dfkartoffelp\u00fcree, Maisbrot, K\u00fcrbiskuchen, etc.<\/p>\n","protected":false},"excerpt":{"rendered":"<p>DIE SPEZIALIT\u00c4TEN DER AMERIKANISCHEN K\u00dcCHE Die amerikanische K\u00fcche hat in Europa einen eher schlechten Ruf. Sie wird oft als unfein und kalorienreich kritisiert. Obwohl dies teilweise zutrifft, w\u00e4re es schade, dar\u00fcber hinwegzusehen. Wir stellen Ihnen die Klassiker der amerikanischen K\u00fcche und die Spezialit\u00e4ten der einzelnen Bundesstaaten vor und hoffen, dass wir Ihnen Lust auf eine [&hellip;]<\/p>\n","protected":false},"author":1,"featured_media":0,"parent":0,"menu_order":0,"comment_status":"closed","ping_status":"closed","template":"","meta":{"footnotes":""},"class_list":["post-1710","page","type-page","status-publish","hentry"],"yoast_head":"<!-- This site is optimized with the Yoast SEO plugin v26.2 - https:\/\/yoast.com\/wordpress\/plugins\/seo\/ -->\n<title>\u00dcberblick \u00fcber die kulinarischen Spezialit\u00e4ten der USA<\/title>\n<meta name=\"description\" content=\"Wenn Sie in K\u00fcrze in die USA reisen, finden Sie hier einige praktische Informationen \u00fcber die amerikanische K\u00fcche.\" \/>\n<meta name=\"robots\" content=\"index, follow, max-snippet:-1, max-image-preview:large, max-video-preview:-1\" \/>\n<link rel=\"canonical\" href=\"https:\/\/www.esta-officiel-usa.com\/de\/ueberblick-ueber-die-kulinarischen-spezialitaeten-der-usa\/\" \/>\n<meta property=\"og:locale\" content=\"de_DE\" \/>\n<meta property=\"og:type\" content=\"article\" \/>\n<meta property=\"og:title\" content=\"\u00dcberblick \u00fcber die kulinarischen Spezialit\u00e4ten der USA\" \/>\n<meta property=\"og:description\" content=\"Wenn Sie in K\u00fcrze in die USA reisen, finden Sie hier einige praktische Informationen \u00fcber die amerikanische K\u00fcche.\" \/>\n<meta property=\"og:url\" content=\"https:\/\/www.esta-officiel-usa.com\/de\/ueberblick-ueber-die-kulinarischen-spezialitaeten-der-usa\/\" \/>\n<meta property=\"og:site_name\" content=\"ESTA - Vereinigte Staaten\" \/>\n<meta property=\"article:modified_time\" content=\"2025-09-13T12:05:12+00:00\" \/>\n<meta name=\"twitter:card\" content=\"summary_large_image\" \/>\n<meta name=\"twitter:label1\" content=\"Gesch\u00e4tzte Lesezeit\" \/>\n\t<meta name=\"twitter:data1\" content=\"4\u00a0Minuten\" \/>\n<script type=\"application\/ld+json\" class=\"yoast-schema-graph\">{\"@context\":\"https:\/\/schema.org\",\"@graph\":[{\"@type\":\"WebPage\",\"@id\":\"https:\/\/www.esta-officiel-usa.com\/de\/ueberblick-ueber-die-kulinarischen-spezialitaeten-der-usa\/\",\"url\":\"https:\/\/www.esta-officiel-usa.com\/de\/ueberblick-ueber-die-kulinarischen-spezialitaeten-der-usa\/\",\"name\":\"\u00dcberblick \u00fcber die kulinarischen Spezialit\u00e4ten der USA\",\"isPartOf\":{\"@id\":\"https:\/\/www.esta-officiel-usa.com\/de\/#website\"},\"datePublished\":\"2025-09-13T12:05:10+00:00\",\"dateModified\":\"2025-09-13T12:05:12+00:00\",\"description\":\"Wenn Sie in K\u00fcrze in die USA reisen, finden Sie hier einige praktische Informationen \u00fcber die amerikanische K\u00fcche.\",\"breadcrumb\":{\"@id\":\"https:\/\/www.esta-officiel-usa.com\/de\/ueberblick-ueber-die-kulinarischen-spezialitaeten-der-usa\/#breadcrumb\"},\"inLanguage\":\"de\",\"potentialAction\":[{\"@type\":\"ReadAction\",\"target\":[\"https:\/\/www.esta-officiel-usa.com\/de\/ueberblick-ueber-die-kulinarischen-spezialitaeten-der-usa\/\"]}]},{\"@type\":\"BreadcrumbList\",\"@id\":\"https:\/\/www.esta-officiel-usa.com\/de\/ueberblick-ueber-die-kulinarischen-spezialitaeten-der-usa\/#breadcrumb\",\"itemListElement\":[{\"@type\":\"ListItem\",\"position\":1,\"name\":\"Home\",\"item\":\"https:\/\/www.esta-officiel-usa.com\/de\/\"},{\"@type\":\"ListItem\",\"position\":2,\"name\":\"\u00dcberblick \u00fcber die kulinarischen Spezialit\u00e4ten der USA\"}]},{\"@type\":\"WebSite\",\"@id\":\"https:\/\/www.esta-officiel-usa.com\/de\/#website\",\"url\":\"https:\/\/www.esta-officiel-usa.com\/de\/\",\"name\":\"ESTA - Vereinigte Staaten\",\"description\":\"ESTA-Antragsformular\",\"potentialAction\":[{\"@type\":\"SearchAction\",\"target\":{\"@type\":\"EntryPoint\",\"urlTemplate\":\"https:\/\/www.esta-officiel-usa.com\/de\/?s={search_term_string}\"},\"query-input\":{\"@type\":\"PropertyValueSpecification\",\"valueRequired\":true,\"valueName\":\"search_term_string\"}}],\"inLanguage\":\"de\"}]}<\/script>\n<!-- \/ Yoast SEO plugin. -->","yoast_head_json":{"title":"\u00dcberblick \u00fcber die kulinarischen Spezialit\u00e4ten der USA","description":"Wenn Sie in K\u00fcrze in die USA reisen, finden Sie hier einige praktische Informationen \u00fcber die amerikanische K\u00fcche.","robots":{"index":"index","follow":"follow","max-snippet":"max-snippet:-1","max-image-preview":"max-image-preview:large","max-video-preview":"max-video-preview:-1"},"canonical":"https:\/\/www.esta-officiel-usa.com\/de\/ueberblick-ueber-die-kulinarischen-spezialitaeten-der-usa\/","og_locale":"de_DE","og_type":"article","og_title":"\u00dcberblick \u00fcber die kulinarischen Spezialit\u00e4ten der USA","og_description":"Wenn Sie in K\u00fcrze in die USA reisen, finden Sie hier einige praktische Informationen \u00fcber die amerikanische K\u00fcche.","og_url":"https:\/\/www.esta-officiel-usa.com\/de\/ueberblick-ueber-die-kulinarischen-spezialitaeten-der-usa\/","og_site_name":"ESTA - Vereinigte Staaten","article_modified_time":"2025-09-13T12:05:12+00:00","twitter_card":"summary_large_image","twitter_misc":{"Gesch\u00e4tzte Lesezeit":"4\u00a0Minuten"},"schema":{"@context":"https:\/\/schema.org","@graph":[{"@type":"WebPage","@id":"https:\/\/www.esta-officiel-usa.com\/de\/ueberblick-ueber-die-kulinarischen-spezialitaeten-der-usa\/","url":"https:\/\/www.esta-officiel-usa.com\/de\/ueberblick-ueber-die-kulinarischen-spezialitaeten-der-usa\/","name":"\u00dcberblick \u00fcber die kulinarischen Spezialit\u00e4ten der USA","isPartOf":{"@id":"https:\/\/www.esta-officiel-usa.com\/de\/#website"},"datePublished":"2025-09-13T12:05:10+00:00","dateModified":"2025-09-13T12:05:12+00:00","description":"Wenn Sie in K\u00fcrze in die USA reisen, finden Sie hier einige praktische Informationen \u00fcber die amerikanische K\u00fcche.","breadcrumb":{"@id":"https:\/\/www.esta-officiel-usa.com\/de\/ueberblick-ueber-die-kulinarischen-spezialitaeten-der-usa\/#breadcrumb"},"inLanguage":"de","potentialAction":[{"@type":"ReadAction","target":["https:\/\/www.esta-officiel-usa.com\/de\/ueberblick-ueber-die-kulinarischen-spezialitaeten-der-usa\/"]}]},{"@type":"BreadcrumbList","@id":"https:\/\/www.esta-officiel-usa.com\/de\/ueberblick-ueber-die-kulinarischen-spezialitaeten-der-usa\/#breadcrumb","itemListElement":[{"@type":"ListItem","position":1,"name":"Home","item":"https:\/\/www.esta-officiel-usa.com\/de\/"},{"@type":"ListItem","position":2,"name":"\u00dcberblick \u00fcber die kulinarischen Spezialit\u00e4ten der USA"}]},{"@type":"WebSite","@id":"https:\/\/www.esta-officiel-usa.com\/de\/#website","url":"https:\/\/www.esta-officiel-usa.com\/de\/","name":"ESTA - Vereinigte Staaten","description":"ESTA-Antragsformular","potentialAction":[{"@type":"SearchAction","target":{"@type":"EntryPoint","urlTemplate":"https:\/\/www.esta-officiel-usa.com\/de\/?s={search_term_string}"},"query-input":{"@type":"PropertyValueSpecification","valueRequired":true,"valueName":"search_term_string"}}],"inLanguage":"de"}]}},"_links":{"self":[{"href":"https:\/\/www.esta-officiel-usa.com\/de\/wp-json\/wp\/v2\/pages\/1710","targetHints":{"allow":["GET"]}}],"collection":[{"href":"https:\/\/www.esta-officiel-usa.com\/de\/wp-json\/wp\/v2\/pages"}],"about":[{"href":"https:\/\/www.esta-officiel-usa.com\/de\/wp-json\/wp\/v2\/types\/page"}],"author":[{"embeddable":true,"href":"https:\/\/www.esta-officiel-usa.com\/de\/wp-json\/wp\/v2\/users\/1"}],"replies":[{"embeddable":true,"href":"https:\/\/www.esta-officiel-usa.com\/de\/wp-json\/wp\/v2\/comments?post=1710"}],"version-history":[{"count":1,"href":"https:\/\/www.esta-officiel-usa.com\/de\/wp-json\/wp\/v2\/pages\/1710\/revisions"}],"predecessor-version":[{"id":1713,"href":"https:\/\/www.esta-officiel-usa.com\/de\/wp-json\/wp\/v2\/pages\/1710\/revisions\/1713"}],"wp:attachment":[{"href":"https:\/\/www.esta-officiel-usa.com\/de\/wp-json\/wp\/v2\/media?parent=1710"}],"curies":[{"name":"wp","href":"https:\/\/api.w.org\/{rel}","templated":true}]}}