{"id":1725,"date":"2025-09-13T12:05:16","date_gmt":"2025-09-13T12:05:16","guid":{"rendered":"https:\/\/www.esta-officiel-usa.com\/ist-esta-fuer-die-einreise-in-die-usa-erforderlich\/"},"modified":"2025-09-13T12:05:21","modified_gmt":"2025-09-13T12:05:21","slug":"ist-esta-fuer-die-einreise-in-die-usa-erforderlich","status":"publish","type":"page","link":"https:\/\/www.esta-officiel-usa.com\/de\/ist-esta-fuer-die-einreise-in-die-usa-erforderlich\/","title":{"rendered":"Ist ESTA f\u00fcr die Einreise in die USA erforderlich?"},"content":{"rendered":"\n<h1 class=\"wp-block-heading\">ESTA ERFORDERLICH F\u00dcR DIE EINREISE IN DIE USA<\/h1>\n\n<p>Beinhaltet Ihre Reise einen Zwischenstopp in den USA? Dann m\u00fcssen Sie bei der Durchreise bestimmte Reisedokumente vorlegen. In diesem Artikel finden Sie eine Liste der Dokumente, die Sie ben\u00f6tigen, darunter auch das<a href=\"https:\/\/www.esta-officiel-usa.com\/de\/\">ESTA<\/a>.  <br\/> <\/p>\n\n<h2 class=\"wp-block-heading\">USA: VORZEIGEN DER ESTA BEIM TRANSIT<\/h2>\n\n<p>Die US-Beh\u00f6rden, die sich sehr f\u00fcr die innere Sicherheit ihres Landes einsetzen, insbesondere aufgrund des Terrorismusrisikos, f\u00fchren eine Vorkontrolle der Personen durch, die in ihr Land einreisen d\u00fcrfen. Alle Reisenden (einschlie\u00dflich Kinder) m\u00fcssen folgende Dokumente mit sich f\u00fchren   <\/p>\n\n<ul class=\"wp-block-list\"><li>einen g\u00fcltigen elektronischen oder biometrischen Reisepass;<\/li><li>eine Aufenthaltsgenehmigung (Visum, <a href=\"news:\/\/\/de\/die-formalitaeten-der-anreise-in-die-usa-&#xFC;ber-den-irdischen-weg\/\">Green Card <\/a>oder <a href=\"https:\/\/www.esta-officiel-usa.com\/de\/was-ist-die-esta-genehmigung\/\">ESTA<\/a>).<\/li><\/ul>\n\n<p>F\u00fcr einen einfachen <a href=\"https:\/\/www.esta-officiel-usa.com\/de\/was-sind-die-verschiedenen-transitvisa-fuer-die-usa\/\">Transit durch die USA<\/a> ist das am leichtesten zu beantragende <a href=\"https:\/\/www.esta-officiel-usa.com\/de\/reisedokumente-fuer-die-usa\/\">Reisedokument<\/a> das<a href=\"https:\/\/www.esta-officiel-usa.com\/de\/\">ESTA USA<\/a>. Es ist nicht nur billiger als ein <a href=\"https:\/\/www.esta-officiel-usa.com\/de\/der-unterschied-zwischen-einem-esta-und-einem-visumantrag\/\">Visum<\/a> oder eine Green Card, sondern auch die am schnellsten zu beantragende Genehmigung. Sie erhalten es innerhalb von 72 Stunden, in den meisten F\u00e4llen sogar noch am Tag der Beantragung.  <\/p>\n\n<p>Personen ohne <a href=\"https:\/\/www.esta-officiel-usa.com\/de\/wie-lange-ist-esta-gueltig\/\">g\u00fcltige<\/a> Aufenthaltsgenehmigung kann der Zugang zu Flugzeugen, die in die USA fliegen, verweigert werden, so dass sie ihren Anschlussflug verpassen k\u00f6nnen.<\/p>\n\n<p>Um Unannehmlichkeiten zu vermeiden, ist es daher unerl\u00e4sslich, dass Sie sich um eine Genehmigung f\u00fcr die Einreise in die USA bem\u00fchen.<\/p>\n\n<p>Hinweis: Wenn Sie einen Zwischenstopp auf dem nordamerikanischen Kontinent einlegen, bevor Sie Ihren Urlaub auf Hawaii verbringen, ist Ihr ESTA-Grund nicht Transit, sondern Tourismus, da der Archipel Teil des US-Territoriums ist.<br\/> <\/p>\n\n<h2 class=\"wp-block-heading\">USA: ESTA F\u00dcR DEN TRANSIT ERHALTEN<\/h2>\n\n<p>Passagiere, die nicht \u00fcber eine g\u00fcltige Transitgenehmigung verf\u00fcgen, k\u00f6nnen problemlos ein ESTA beantragen. ESTA ist zwei Jahre lang g\u00fcltig und bietet den Vorteil, dass mehrere Aufenthalte in den USA m\u00f6glich sind (mit einer maximalen Aufenthaltsdauer von 90 Tagen pro Reise in den USA). <\/p>\n\n<p>Sie k\u00f6nnen es direkt und einfach \u00fcber unsere Website beantragen. Klicken Sie einfach auf unsere Plattform und Sie werden zu einem <a href=\"https:\/\/www.esta-officiel-usa.com\/de\/das-auszufuellende-esta-formular-fuer-die-usa\/\">Formular<\/a> weitergeleitet, das Sie ausf\u00fcllen m\u00fcssen. Sobald die Informationen vollst\u00e4ndig ausgef\u00fcllt sind, \u00fcbernehmen unsere Experten das Verfahren und schlie\u00dfen es ab. Sie \u00fcberpr\u00fcfen alle eingegebenen Informationen und leiten Ihren Antrag an die zust\u00e4ndige Beh\u00f6rde f\u00fcr die Ausstellung von offiziellen ESTAs weiter. Sie erhalten Ihre Genehmigung sehr schnell!      <\/p>\n\n<p>Der Vorteil der Beauftragung unseres Unternehmens liegt auch darin, dass unsere Berater Ihnen w\u00e4hrend des gesamten Prozesses zur Verf\u00fcgung stehen. Sie helfen Ihnen, wenn Sie sich nicht sicher sind, und beantworten alle Ihre Fragen auf Anfrage. Sparen Sie Zeit und reisen Sie sicher durch die USA mit esta-officiel-usa.com.  <\/p>\n","protected":false},"excerpt":{"rendered":"<p>ESTA ERFORDERLICH F\u00dcR DIE EINREISE IN DIE USA Beinhaltet Ihre Reise einen Zwischenstopp in den USA? Dann m\u00fcssen Sie bei der Durchreise bestimmte Reisedokumente vorlegen. In diesem Artikel finden Sie eine Liste der Dokumente, die Sie ben\u00f6tigen, darunter auch dasESTA. USA: VORZEIGEN DER ESTA BEIM TRANSIT Die US-Beh\u00f6rden, die sich sehr f\u00fcr die innere Sicherheit [&hellip;]<\/p>\n","protected":false},"author":1,"featured_media":0,"parent":0,"menu_order":0,"comment_status":"closed","ping_status":"closed","template":"","meta":{"footnotes":""},"class_list":["post-1725","page","type-page","status-publish","hentry"],"yoast_head":"<!-- This site is optimized with the Yoast SEO plugin v26.2 - https:\/\/yoast.com\/wordpress\/plugins\/seo\/ -->\n<title>Ist ESTA f\u00fcr die Einreise in die USA erforderlich?<\/title>\n<meta name=\"description\" content=\"Beinhaltet Ihre Reise einen Zwischenstopp in den USA? Dann m\u00fcssen Sie beim Transit bestimmte Reisedokumente vorlegen.\" \/>\n<meta name=\"robots\" content=\"index, follow, max-snippet:-1, max-image-preview:large, max-video-preview:-1\" \/>\n<link rel=\"canonical\" href=\"https:\/\/www.esta-officiel-usa.com\/de\/ist-esta-fuer-die-einreise-in-die-usa-erforderlich\/\" \/>\n<meta property=\"og:locale\" content=\"de_DE\" \/>\n<meta property=\"og:type\" content=\"article\" \/>\n<meta property=\"og:title\" content=\"Ist ESTA f\u00fcr die Einreise in die USA erforderlich?\" \/>\n<meta property=\"og:description\" content=\"Beinhaltet Ihre Reise einen Zwischenstopp in den USA? Dann m\u00fcssen Sie beim Transit bestimmte Reisedokumente vorlegen.\" \/>\n<meta property=\"og:url\" content=\"https:\/\/www.esta-officiel-usa.com\/de\/ist-esta-fuer-die-einreise-in-die-usa-erforderlich\/\" \/>\n<meta property=\"og:site_name\" content=\"ESTA - Vereinigte Staaten\" \/>\n<meta property=\"article:modified_time\" content=\"2025-09-13T12:05:21+00:00\" \/>\n<meta name=\"twitter:card\" content=\"summary_large_image\" \/>\n<meta name=\"twitter:label1\" content=\"Gesch\u00e4tzte Lesezeit\" \/>\n\t<meta name=\"twitter:data1\" content=\"2\u00a0Minuten\" \/>\n<script type=\"application\/ld+json\" class=\"yoast-schema-graph\">{\"@context\":\"https:\/\/schema.org\",\"@graph\":[{\"@type\":\"WebPage\",\"@id\":\"https:\/\/www.esta-officiel-usa.com\/de\/ist-esta-fuer-die-einreise-in-die-usa-erforderlich\/\",\"url\":\"https:\/\/www.esta-officiel-usa.com\/de\/ist-esta-fuer-die-einreise-in-die-usa-erforderlich\/\",\"name\":\"Ist ESTA f\u00fcr die Einreise in die USA erforderlich?\",\"isPartOf\":{\"@id\":\"https:\/\/www.esta-officiel-usa.com\/de\/#website\"},\"datePublished\":\"2025-09-13T12:05:16+00:00\",\"dateModified\":\"2025-09-13T12:05:21+00:00\",\"description\":\"Beinhaltet Ihre Reise einen Zwischenstopp in den USA? Dann m\u00fcssen Sie beim Transit bestimmte Reisedokumente vorlegen.\",\"breadcrumb\":{\"@id\":\"https:\/\/www.esta-officiel-usa.com\/de\/ist-esta-fuer-die-einreise-in-die-usa-erforderlich\/#breadcrumb\"},\"inLanguage\":\"de\",\"potentialAction\":[{\"@type\":\"ReadAction\",\"target\":[\"https:\/\/www.esta-officiel-usa.com\/de\/ist-esta-fuer-die-einreise-in-die-usa-erforderlich\/\"]}]},{\"@type\":\"BreadcrumbList\",\"@id\":\"https:\/\/www.esta-officiel-usa.com\/de\/ist-esta-fuer-die-einreise-in-die-usa-erforderlich\/#breadcrumb\",\"itemListElement\":[{\"@type\":\"ListItem\",\"position\":1,\"name\":\"Home\",\"item\":\"https:\/\/www.esta-officiel-usa.com\/de\/\"},{\"@type\":\"ListItem\",\"position\":2,\"name\":\"Ist ESTA f\u00fcr die Einreise in die USA erforderlich?\"}]},{\"@type\":\"WebSite\",\"@id\":\"https:\/\/www.esta-officiel-usa.com\/de\/#website\",\"url\":\"https:\/\/www.esta-officiel-usa.com\/de\/\",\"name\":\"ESTA - Vereinigte Staaten\",\"description\":\"ESTA-Antragsformular\",\"potentialAction\":[{\"@type\":\"SearchAction\",\"target\":{\"@type\":\"EntryPoint\",\"urlTemplate\":\"https:\/\/www.esta-officiel-usa.com\/de\/?s={search_term_string}\"},\"query-input\":{\"@type\":\"PropertyValueSpecification\",\"valueRequired\":true,\"valueName\":\"search_term_string\"}}],\"inLanguage\":\"de\"}]}<\/script>\n<!-- \/ Yoast SEO plugin. -->","yoast_head_json":{"title":"Ist ESTA f\u00fcr die Einreise in die USA erforderlich?","description":"Beinhaltet Ihre Reise einen Zwischenstopp in den USA? Dann m\u00fcssen Sie beim Transit bestimmte Reisedokumente vorlegen.","robots":{"index":"index","follow":"follow","max-snippet":"max-snippet:-1","max-image-preview":"max-image-preview:large","max-video-preview":"max-video-preview:-1"},"canonical":"https:\/\/www.esta-officiel-usa.com\/de\/ist-esta-fuer-die-einreise-in-die-usa-erforderlich\/","og_locale":"de_DE","og_type":"article","og_title":"Ist ESTA f\u00fcr die Einreise in die USA erforderlich?","og_description":"Beinhaltet Ihre Reise einen Zwischenstopp in den USA? Dann m\u00fcssen Sie beim Transit bestimmte Reisedokumente vorlegen.","og_url":"https:\/\/www.esta-officiel-usa.com\/de\/ist-esta-fuer-die-einreise-in-die-usa-erforderlich\/","og_site_name":"ESTA - Vereinigte Staaten","article_modified_time":"2025-09-13T12:05:21+00:00","twitter_card":"summary_large_image","twitter_misc":{"Gesch\u00e4tzte Lesezeit":"2\u00a0Minuten"},"schema":{"@context":"https:\/\/schema.org","@graph":[{"@type":"WebPage","@id":"https:\/\/www.esta-officiel-usa.com\/de\/ist-esta-fuer-die-einreise-in-die-usa-erforderlich\/","url":"https:\/\/www.esta-officiel-usa.com\/de\/ist-esta-fuer-die-einreise-in-die-usa-erforderlich\/","name":"Ist ESTA f\u00fcr die Einreise in die USA erforderlich?","isPartOf":{"@id":"https:\/\/www.esta-officiel-usa.com\/de\/#website"},"datePublished":"2025-09-13T12:05:16+00:00","dateModified":"2025-09-13T12:05:21+00:00","description":"Beinhaltet Ihre Reise einen Zwischenstopp in den USA? Dann m\u00fcssen Sie beim Transit bestimmte Reisedokumente vorlegen.","breadcrumb":{"@id":"https:\/\/www.esta-officiel-usa.com\/de\/ist-esta-fuer-die-einreise-in-die-usa-erforderlich\/#breadcrumb"},"inLanguage":"de","potentialAction":[{"@type":"ReadAction","target":["https:\/\/www.esta-officiel-usa.com\/de\/ist-esta-fuer-die-einreise-in-die-usa-erforderlich\/"]}]},{"@type":"BreadcrumbList","@id":"https:\/\/www.esta-officiel-usa.com\/de\/ist-esta-fuer-die-einreise-in-die-usa-erforderlich\/#breadcrumb","itemListElement":[{"@type":"ListItem","position":1,"name":"Home","item":"https:\/\/www.esta-officiel-usa.com\/de\/"},{"@type":"ListItem","position":2,"name":"Ist ESTA f\u00fcr die Einreise in die USA erforderlich?"}]},{"@type":"WebSite","@id":"https:\/\/www.esta-officiel-usa.com\/de\/#website","url":"https:\/\/www.esta-officiel-usa.com\/de\/","name":"ESTA - Vereinigte Staaten","description":"ESTA-Antragsformular","potentialAction":[{"@type":"SearchAction","target":{"@type":"EntryPoint","urlTemplate":"https:\/\/www.esta-officiel-usa.com\/de\/?s={search_term_string}"},"query-input":{"@type":"PropertyValueSpecification","valueRequired":true,"valueName":"search_term_string"}}],"inLanguage":"de"}]}},"_links":{"self":[{"href":"https:\/\/www.esta-officiel-usa.com\/de\/wp-json\/wp\/v2\/pages\/1725","targetHints":{"allow":["GET"]}}],"collection":[{"href":"https:\/\/www.esta-officiel-usa.com\/de\/wp-json\/wp\/v2\/pages"}],"about":[{"href":"https:\/\/www.esta-officiel-usa.com\/de\/wp-json\/wp\/v2\/types\/page"}],"author":[{"embeddable":true,"href":"https:\/\/www.esta-officiel-usa.com\/de\/wp-json\/wp\/v2\/users\/1"}],"replies":[{"embeddable":true,"href":"https:\/\/www.esta-officiel-usa.com\/de\/wp-json\/wp\/v2\/comments?post=1725"}],"version-history":[{"count":1,"href":"https:\/\/www.esta-officiel-usa.com\/de\/wp-json\/wp\/v2\/pages\/1725\/revisions"}],"predecessor-version":[{"id":1727,"href":"https:\/\/www.esta-officiel-usa.com\/de\/wp-json\/wp\/v2\/pages\/1725\/revisions\/1727"}],"wp:attachment":[{"href":"https:\/\/www.esta-officiel-usa.com\/de\/wp-json\/wp\/v2\/media?parent=1725"}],"curies":[{"name":"wp","href":"https:\/\/api.w.org\/{rel}","templated":true}]}}