{"id":1728,"date":"2025-09-13T12:05:17","date_gmt":"2025-09-13T12:05:17","guid":{"rendered":"https:\/\/www.esta-officiel-usa.com\/esta-wie-sie-dieses-dokument-erhalten\/"},"modified":"2025-09-13T12:05:21","modified_gmt":"2025-09-13T12:05:21","slug":"esta-wie-sie-dieses-dokument-erhalten","status":"publish","type":"page","link":"https:\/\/www.esta-officiel-usa.com\/de\/esta-wie-sie-dieses-dokument-erhalten\/","title":{"rendered":"ESTA &#8211; wie Sie dieses Dokument erhalten"},"content":{"rendered":"\n<h1 class=\"wp-block-heading\">ESTA USA ERHALTEN<\/h1>\n\n<p>Wenn Sie als Tourist oder Gesch\u00e4ftsreisender f\u00fcr weniger als 90 Tage <a href=\"https:\/\/www.esta-officiel-usa.com\/de\/ist-esta-fuer-die-einreise-in-die-usa-erforderlich\/\">durch<\/a> die USA reisen m\u00f6chten, ben\u00f6tigen Sie kein <a href=\"https:\/\/www.esta-officiel-usa.com\/de\/warum-wird-mein-esta-abgelehnt\/\">USA Tourist VISA<\/a>, da Frankreich auf der Liste der L\u00e4nder steht, die am VISA Waiver Program (Programm f\u00fcr visumfreies Reisen) teilnehmen.<\/p>\n\n<p>Eine einfache, offizielle ESTA-Aufenthaltsgenehmigung ist ausreichend f\u00fcr die Einreise. Um diese <a href=\"https:\/\/www.esta-officiel-usa.com\/de\/was-sind-die-einreiseformalitaeten-fuer-die-usa\/\">Formalit\u00e4t<\/a> abzuschlie\u00dfen und einen <a href=\"https:\/\/www.esta-officiel-usa.com\/de\/wie-man-ein-esta-online-beantragt\/\">ESTA online<\/a> zu beantragen, gibt es zwei M\u00f6glichkeiten.   <\/p>\n\n<h2 class=\"wp-block-heading\">DIE ESTA USA AUF DER OFFIZIELLEN WEBSITE ZU ERHALTEN<\/h2>\n\n<p>Reisende, die ein ESTA USA beantragen m\u00f6chten, k\u00f6nnen auf die offizielle Website zugreifen.<\/p>\n\n<p>Sie m\u00fcssen nur das <a href=\"https:\/\/www.esta-officiel-usa.com\/de\/\">ESTA USA-Antragsformular<\/a> ausf\u00fcllen und erhalten die Reisegenehmigung direkt per E-Mail.<\/p>\n\n<p>Das <a href=\"https:\/\/www.esta-officiel-usa.com\/fr\/formulaire-esta-a-qui-est-il-destine\/\">ESTA-Formular<\/a> kann direkt online <a href=\"https:\/\/www.esta-officiel-usa.com\/de\/das-esta-formular-online-ausfuellen\/\">ausgef\u00fcllt<\/a> werden. Wenn Sie nicht wissen, <a href=\"https:\/\/www.esta-officiel-usa.com\/de\/wann-man-einen-esta-antrag-stellen-sollte\/\">wann Sie den ESTA-Antrag<\/a> stellen m\u00fcssen, sollten Sie wissen, dass er mindestens 72 Stunden vor der Abreise eingereicht werden muss. <\/p>\n","protected":false},"excerpt":{"rendered":"<p>ESTA USA ERHALTEN Wenn Sie als Tourist oder Gesch\u00e4ftsreisender f\u00fcr weniger als 90 Tage durch die USA reisen m\u00f6chten, ben\u00f6tigen Sie kein USA Tourist VISA, da Frankreich auf der Liste der L\u00e4nder steht, die am VISA Waiver Program (Programm f\u00fcr visumfreies Reisen) teilnehmen. Eine einfache, offizielle ESTA-Aufenthaltsgenehmigung ist ausreichend f\u00fcr die Einreise. Um diese Formalit\u00e4t [&hellip;]<\/p>\n","protected":false},"author":1,"featured_media":0,"parent":0,"menu_order":0,"comment_status":"closed","ping_status":"closed","template":"","meta":{"footnotes":""},"class_list":["post-1728","page","type-page","status-publish","hentry"],"yoast_head":"<!-- This site is optimized with the Yoast SEO plugin v26.2 - https:\/\/yoast.com\/wordpress\/plugins\/seo\/ -->\n<title>ESTA - wie Sie dieses Dokument erhalten<\/title>\n<meta name=\"description\" content=\"Wenn Sie in die USA reisen oder durch die USA reisen wollen, finden Sie auf unserer Seite heraus, wie Sie eine ESTA-Genehmigung erhalten k\u00f6nnen.\" \/>\n<meta name=\"robots\" content=\"index, follow, max-snippet:-1, max-image-preview:large, max-video-preview:-1\" \/>\n<link rel=\"canonical\" href=\"https:\/\/www.esta-officiel-usa.com\/de\/esta-wie-sie-dieses-dokument-erhalten\/\" \/>\n<meta property=\"og:locale\" content=\"de_DE\" \/>\n<meta property=\"og:type\" content=\"article\" \/>\n<meta property=\"og:title\" content=\"ESTA - wie Sie dieses Dokument erhalten\" \/>\n<meta property=\"og:description\" content=\"Wenn Sie in die USA reisen oder durch die USA reisen wollen, finden Sie auf unserer Seite heraus, wie Sie eine ESTA-Genehmigung erhalten k\u00f6nnen.\" \/>\n<meta property=\"og:url\" content=\"https:\/\/www.esta-officiel-usa.com\/de\/esta-wie-sie-dieses-dokument-erhalten\/\" \/>\n<meta property=\"og:site_name\" content=\"ESTA - Vereinigte Staaten\" \/>\n<meta property=\"article:modified_time\" content=\"2025-09-13T12:05:21+00:00\" \/>\n<meta name=\"twitter:card\" content=\"summary_large_image\" \/>\n<meta name=\"twitter:label1\" content=\"Gesch\u00e4tzte Lesezeit\" \/>\n\t<meta name=\"twitter:data1\" content=\"1\u00a0Minute\" \/>\n<script type=\"application\/ld+json\" class=\"yoast-schema-graph\">{\"@context\":\"https:\/\/schema.org\",\"@graph\":[{\"@type\":\"WebPage\",\"@id\":\"https:\/\/www.esta-officiel-usa.com\/de\/esta-wie-sie-dieses-dokument-erhalten\/\",\"url\":\"https:\/\/www.esta-officiel-usa.com\/de\/esta-wie-sie-dieses-dokument-erhalten\/\",\"name\":\"ESTA - wie Sie dieses Dokument erhalten\",\"isPartOf\":{\"@id\":\"https:\/\/www.esta-officiel-usa.com\/de\/#website\"},\"datePublished\":\"2025-09-13T12:05:17+00:00\",\"dateModified\":\"2025-09-13T12:05:21+00:00\",\"description\":\"Wenn Sie in die USA reisen oder durch die USA reisen wollen, finden Sie auf unserer Seite heraus, wie Sie eine ESTA-Genehmigung erhalten k\u00f6nnen.\",\"breadcrumb\":{\"@id\":\"https:\/\/www.esta-officiel-usa.com\/de\/esta-wie-sie-dieses-dokument-erhalten\/#breadcrumb\"},\"inLanguage\":\"de\",\"potentialAction\":[{\"@type\":\"ReadAction\",\"target\":[\"https:\/\/www.esta-officiel-usa.com\/de\/esta-wie-sie-dieses-dokument-erhalten\/\"]}]},{\"@type\":\"BreadcrumbList\",\"@id\":\"https:\/\/www.esta-officiel-usa.com\/de\/esta-wie-sie-dieses-dokument-erhalten\/#breadcrumb\",\"itemListElement\":[{\"@type\":\"ListItem\",\"position\":1,\"name\":\"Home\",\"item\":\"https:\/\/www.esta-officiel-usa.com\/de\/\"},{\"@type\":\"ListItem\",\"position\":2,\"name\":\"ESTA &#8211; wie Sie dieses Dokument erhalten\"}]},{\"@type\":\"WebSite\",\"@id\":\"https:\/\/www.esta-officiel-usa.com\/de\/#website\",\"url\":\"https:\/\/www.esta-officiel-usa.com\/de\/\",\"name\":\"ESTA - Vereinigte Staaten\",\"description\":\"ESTA-Antragsformular\",\"potentialAction\":[{\"@type\":\"SearchAction\",\"target\":{\"@type\":\"EntryPoint\",\"urlTemplate\":\"https:\/\/www.esta-officiel-usa.com\/de\/?s={search_term_string}\"},\"query-input\":{\"@type\":\"PropertyValueSpecification\",\"valueRequired\":true,\"valueName\":\"search_term_string\"}}],\"inLanguage\":\"de\"}]}<\/script>\n<!-- \/ Yoast SEO plugin. -->","yoast_head_json":{"title":"ESTA - wie Sie dieses Dokument erhalten","description":"Wenn Sie in die USA reisen oder durch die USA reisen wollen, finden Sie auf unserer Seite heraus, wie Sie eine ESTA-Genehmigung erhalten k\u00f6nnen.","robots":{"index":"index","follow":"follow","max-snippet":"max-snippet:-1","max-image-preview":"max-image-preview:large","max-video-preview":"max-video-preview:-1"},"canonical":"https:\/\/www.esta-officiel-usa.com\/de\/esta-wie-sie-dieses-dokument-erhalten\/","og_locale":"de_DE","og_type":"article","og_title":"ESTA - wie Sie dieses Dokument erhalten","og_description":"Wenn Sie in die USA reisen oder durch die USA reisen wollen, finden Sie auf unserer Seite heraus, wie Sie eine ESTA-Genehmigung erhalten k\u00f6nnen.","og_url":"https:\/\/www.esta-officiel-usa.com\/de\/esta-wie-sie-dieses-dokument-erhalten\/","og_site_name":"ESTA - Vereinigte Staaten","article_modified_time":"2025-09-13T12:05:21+00:00","twitter_card":"summary_large_image","twitter_misc":{"Gesch\u00e4tzte Lesezeit":"1\u00a0Minute"},"schema":{"@context":"https:\/\/schema.org","@graph":[{"@type":"WebPage","@id":"https:\/\/www.esta-officiel-usa.com\/de\/esta-wie-sie-dieses-dokument-erhalten\/","url":"https:\/\/www.esta-officiel-usa.com\/de\/esta-wie-sie-dieses-dokument-erhalten\/","name":"ESTA - wie Sie dieses Dokument erhalten","isPartOf":{"@id":"https:\/\/www.esta-officiel-usa.com\/de\/#website"},"datePublished":"2025-09-13T12:05:17+00:00","dateModified":"2025-09-13T12:05:21+00:00","description":"Wenn Sie in die USA reisen oder durch die USA reisen wollen, finden Sie auf unserer Seite heraus, wie Sie eine ESTA-Genehmigung erhalten k\u00f6nnen.","breadcrumb":{"@id":"https:\/\/www.esta-officiel-usa.com\/de\/esta-wie-sie-dieses-dokument-erhalten\/#breadcrumb"},"inLanguage":"de","potentialAction":[{"@type":"ReadAction","target":["https:\/\/www.esta-officiel-usa.com\/de\/esta-wie-sie-dieses-dokument-erhalten\/"]}]},{"@type":"BreadcrumbList","@id":"https:\/\/www.esta-officiel-usa.com\/de\/esta-wie-sie-dieses-dokument-erhalten\/#breadcrumb","itemListElement":[{"@type":"ListItem","position":1,"name":"Home","item":"https:\/\/www.esta-officiel-usa.com\/de\/"},{"@type":"ListItem","position":2,"name":"ESTA &#8211; wie Sie dieses Dokument erhalten"}]},{"@type":"WebSite","@id":"https:\/\/www.esta-officiel-usa.com\/de\/#website","url":"https:\/\/www.esta-officiel-usa.com\/de\/","name":"ESTA - Vereinigte Staaten","description":"ESTA-Antragsformular","potentialAction":[{"@type":"SearchAction","target":{"@type":"EntryPoint","urlTemplate":"https:\/\/www.esta-officiel-usa.com\/de\/?s={search_term_string}"},"query-input":{"@type":"PropertyValueSpecification","valueRequired":true,"valueName":"search_term_string"}}],"inLanguage":"de"}]}},"_links":{"self":[{"href":"https:\/\/www.esta-officiel-usa.com\/de\/wp-json\/wp\/v2\/pages\/1728","targetHints":{"allow":["GET"]}}],"collection":[{"href":"https:\/\/www.esta-officiel-usa.com\/de\/wp-json\/wp\/v2\/pages"}],"about":[{"href":"https:\/\/www.esta-officiel-usa.com\/de\/wp-json\/wp\/v2\/types\/page"}],"author":[{"embeddable":true,"href":"https:\/\/www.esta-officiel-usa.com\/de\/wp-json\/wp\/v2\/users\/1"}],"replies":[{"embeddable":true,"href":"https:\/\/www.esta-officiel-usa.com\/de\/wp-json\/wp\/v2\/comments?post=1728"}],"version-history":[{"count":1,"href":"https:\/\/www.esta-officiel-usa.com\/de\/wp-json\/wp\/v2\/pages\/1728\/revisions"}],"predecessor-version":[{"id":1730,"href":"https:\/\/www.esta-officiel-usa.com\/de\/wp-json\/wp\/v2\/pages\/1728\/revisions\/1730"}],"wp:attachment":[{"href":"https:\/\/www.esta-officiel-usa.com\/de\/wp-json\/wp\/v2\/media?parent=1728"}],"curies":[{"name":"wp","href":"https:\/\/api.w.org\/{rel}","templated":true}]}}