{"id":1733,"date":"2025-09-13T12:05:18","date_gmt":"2025-09-13T12:05:18","guid":{"rendered":"https:\/\/www.esta-officiel-usa.com\/esta-formular-fuer-wen-ist-es-gedacht\/"},"modified":"2025-09-13T12:05:21","modified_gmt":"2025-09-13T12:05:21","slug":"esta-formular-fuer-wen-ist-es-gedacht","status":"publish","type":"page","link":"https:\/\/www.esta-officiel-usa.com\/de\/esta-formular-fuer-wen-ist-es-gedacht\/","title":{"rendered":"ESTA-Formular f\u00fcr wen ist es gedacht?"},"content":{"rendered":"\n<h1 class=\"wp-block-heading\">F\u00dcR WEN IST DAS ESTA-FORMULAR BESTIMMT?<\/h1>\n\n<p>Wenn Sie auf dem Luft- oder Seeweg in die USA reisen, m\u00fcssen Sie <a href=\"https:\/\/www.esta-officiel-usa.com\/de\/\">einen ESTA-Antrag stellen<\/a>. Dazu m\u00fcssen Sie das Formular mindestens 72 Stunden vor dem Einsteigen in das Flugzeug <a href=\"https:\/\/www.esta-officiel-usa.com\/de\/das-esta-formular-online-ausfuellen\/\">ausf\u00fcllen<\/a>, sonst wird Ihnen die Einreise verweigert. Die Genehmigung garantiert jedoch nicht die Einreise in die USA.  <\/p>\n\n<p>Der Antrag und die Ausstellung des <a href=\"https:\/\/www.esta-officiel-usa.com\/de\/erhalt-des-esta-zertifikats\/\">ESTA-Zertifikats<\/a> erfolgen <a href=\"https:\/\/www.esta-officiel-usa.com\/de\/wie-man-ein-esta-online-beantragt\/\">online<\/a>, so dass Sie eine Internetverbindung ben\u00f6tigen.<\/p>\n\n<p>Reisenden oder <a href=\"https:\/\/www.esta-officiel-usa.com\/de\/ist-esta-fuer-die-einreise-in-die-usa-erforderlich\/\">Transitreisenden, die das ESTA-Formular nicht ausgef\u00fcllt haben, wird die Einreise verweigert, wenn sie auf einem der beiden oben genannten Wege (Luft- oder Seeweg) reisen oder einen einfachen Transit<\/a> durchf\u00fchren. Das ESTA ist f\u00fcr Transit-, Touristen- und Gesch\u00e4ftsreisen mit einer Dauer von weniger als 90 Tagen erforderlich. Ein \u00e4hnliches Sicherheitsverfahren wird 2025 in Europa eingef\u00fchrt:<a href=\"https:\/\/www.esta-officiel-usa.com\/de\/etias-europe-inspiriert-von-esta-in-den-usa\/\">ETIAS<\/a>.  <\/p>\n\n<p>Dank des Visa Waiver Program m\u00fcssen Staatsangeh\u00f6rige der L\u00e4nder kein <a href=\"https:\/\/www.esta-officiel-usa.com\/de\/warum-wird-mein-esta-abgelehnt\/\">USA Tourist VISA<\/a> mehr beantragen, wenn sie sich weniger als 90 Tage in den USA aufhalten.<\/p>\n\n<p>Die Mitgliedsl\u00e4nder dieses Programms sind:<br\/>Andorra, Australien, \u00d6sterreich, Belgien, Brunei, Kroatien, D\u00e4nemark, Estland, Finnland, Frankreich, Gro\u00dfbritannien, Deutschland, Griechenland, Ungarn, Irland, Island, Israel, Italien, Japan, Lettland, Liechtenstein, Litauen, Luxemburg, Malta, Monaco, Neuseeland, Niederlande, Norwegen, Polen, Portugal, Republik Korea, Tschechische Republik, San Marino, Singapur, Slowakei, Slowenien, Spanien, Schweden, Schweiz und Taiwan.  <\/p>\n\n<p>Das Ausf\u00fcllen des <a href=\"https:\/\/www.esta-officiel-usa.com\/de\/was-ist-esta\/\">ESTA-Formulars<\/a> ist seit einigen Jahren eine Pflicht f\u00fcr jeden Passagier (Erwachsene und Kinder jeden Alters):  <\/p>\n\n<ul class=\"wp-block-list\">\n<li>die auf dem Luft- oder Seeweg in die USA reisen,<\/li>\n\n\n\n<li>die franz\u00f6sische Staatsangeh\u00f6rigkeit oder die eines der oben genannten L\u00e4nder besitzen (gilt nicht f\u00fcr Reisende mit doppelter Staatsangeh\u00f6rigkeit, die aus dem Irak, Iran, Syrien und Sudan kommen),<\/li>\n\n\n\n<li>die als Touristen oder f\u00fcr eine Gesch\u00e4ftsreise von weniger als 90 Tagen in die USA reisen,<\/li>\n\n\n\n<li>die die Vereinigten Staaten als Teil einer Reise in ein anderes Land durchqueren.<\/li>\n<\/ul>\n\n<p>Wenn Sie mehr wissen m\u00f6chten, k\u00f6nnen Sie unsere <a href=\"https:\/\/www.esta-officiel-usa.com\/de\/esta-haeufig-gestellte-fragen\/\">h\u00e4ufig gestellten Fragen<\/a> lesen, unsere<a href=\"https:\/\/www.esta-officiel-usa.com\/de\/esta-hilfethemen\/\">Hilfeseite<\/a> f\u00fcr die Nutzung unserer vereinfachten Plattform.<\/p>\n","protected":false},"excerpt":{"rendered":"<p>F\u00dcR WEN IST DAS ESTA-FORMULAR BESTIMMT? Wenn Sie auf dem Luft- oder Seeweg in die USA reisen, m\u00fcssen Sie einen ESTA-Antrag stellen. Dazu m\u00fcssen Sie das Formular mindestens 72 Stunden vor dem Einsteigen in das Flugzeug ausf\u00fcllen, sonst wird Ihnen die Einreise verweigert. Die Genehmigung garantiert jedoch nicht die Einreise in die USA. Der Antrag [&hellip;]<\/p>\n","protected":false},"author":1,"featured_media":0,"parent":0,"menu_order":0,"comment_status":"closed","ping_status":"closed","template":"","meta":{"footnotes":""},"class_list":["post-1733","page","type-page","status-publish","hentry"],"yoast_head":"<!-- This site is optimized with the Yoast SEO plugin v26.2 - https:\/\/yoast.com\/wordpress\/plugins\/seo\/ -->\n<title>ESTA-Formular f\u00fcr wen ist es gedacht?<\/title>\n<meta name=\"description\" content=\"Das ESTA-Formular ist eine administrative Formalit\u00e4t, die f\u00fcr die Einreise in die Vereinigten Staaten erforderlich ist. Auf unserer Seite erfahren Sie, f\u00fcr wen es bestimmt ist.\" \/>\n<meta name=\"robots\" content=\"index, follow, max-snippet:-1, max-image-preview:large, max-video-preview:-1\" \/>\n<link rel=\"canonical\" href=\"https:\/\/www.esta-officiel-usa.com\/de\/esta-formular-fuer-wen-ist-es-gedacht\/\" \/>\n<meta property=\"og:locale\" content=\"de_DE\" \/>\n<meta property=\"og:type\" content=\"article\" \/>\n<meta property=\"og:title\" content=\"ESTA-Formular f\u00fcr wen ist es gedacht?\" \/>\n<meta property=\"og:description\" content=\"Das ESTA-Formular ist eine administrative Formalit\u00e4t, die f\u00fcr die Einreise in die Vereinigten Staaten erforderlich ist. Auf unserer Seite erfahren Sie, f\u00fcr wen es bestimmt ist.\" \/>\n<meta property=\"og:url\" content=\"https:\/\/www.esta-officiel-usa.com\/de\/esta-formular-fuer-wen-ist-es-gedacht\/\" \/>\n<meta property=\"og:site_name\" content=\"ESTA - Vereinigte Staaten\" \/>\n<meta property=\"article:modified_time\" content=\"2025-09-13T12:05:21+00:00\" \/>\n<meta name=\"twitter:card\" content=\"summary_large_image\" \/>\n<meta name=\"twitter:label1\" content=\"Gesch\u00e4tzte Lesezeit\" \/>\n\t<meta name=\"twitter:data1\" content=\"2\u00a0Minuten\" \/>\n<script type=\"application\/ld+json\" class=\"yoast-schema-graph\">{\"@context\":\"https:\/\/schema.org\",\"@graph\":[{\"@type\":\"WebPage\",\"@id\":\"https:\/\/www.esta-officiel-usa.com\/de\/esta-formular-fuer-wen-ist-es-gedacht\/\",\"url\":\"https:\/\/www.esta-officiel-usa.com\/de\/esta-formular-fuer-wen-ist-es-gedacht\/\",\"name\":\"ESTA-Formular f\u00fcr wen ist es gedacht?\",\"isPartOf\":{\"@id\":\"https:\/\/www.esta-officiel-usa.com\/de\/#website\"},\"datePublished\":\"2025-09-13T12:05:18+00:00\",\"dateModified\":\"2025-09-13T12:05:21+00:00\",\"description\":\"Das ESTA-Formular ist eine administrative Formalit\u00e4t, die f\u00fcr die Einreise in die Vereinigten Staaten erforderlich ist. Auf unserer Seite erfahren Sie, f\u00fcr wen es bestimmt ist.\",\"breadcrumb\":{\"@id\":\"https:\/\/www.esta-officiel-usa.com\/de\/esta-formular-fuer-wen-ist-es-gedacht\/#breadcrumb\"},\"inLanguage\":\"de\",\"potentialAction\":[{\"@type\":\"ReadAction\",\"target\":[\"https:\/\/www.esta-officiel-usa.com\/de\/esta-formular-fuer-wen-ist-es-gedacht\/\"]}]},{\"@type\":\"BreadcrumbList\",\"@id\":\"https:\/\/www.esta-officiel-usa.com\/de\/esta-formular-fuer-wen-ist-es-gedacht\/#breadcrumb\",\"itemListElement\":[{\"@type\":\"ListItem\",\"position\":1,\"name\":\"Home\",\"item\":\"https:\/\/www.esta-officiel-usa.com\/de\/\"},{\"@type\":\"ListItem\",\"position\":2,\"name\":\"ESTA-Formular f\u00fcr wen ist es gedacht?\"}]},{\"@type\":\"WebSite\",\"@id\":\"https:\/\/www.esta-officiel-usa.com\/de\/#website\",\"url\":\"https:\/\/www.esta-officiel-usa.com\/de\/\",\"name\":\"ESTA - Vereinigte Staaten\",\"description\":\"ESTA-Antragsformular\",\"potentialAction\":[{\"@type\":\"SearchAction\",\"target\":{\"@type\":\"EntryPoint\",\"urlTemplate\":\"https:\/\/www.esta-officiel-usa.com\/de\/?s={search_term_string}\"},\"query-input\":{\"@type\":\"PropertyValueSpecification\",\"valueRequired\":true,\"valueName\":\"search_term_string\"}}],\"inLanguage\":\"de\"}]}<\/script>\n<!-- \/ Yoast SEO plugin. -->","yoast_head_json":{"title":"ESTA-Formular f\u00fcr wen ist es gedacht?","description":"Das ESTA-Formular ist eine administrative Formalit\u00e4t, die f\u00fcr die Einreise in die Vereinigten Staaten erforderlich ist. Auf unserer Seite erfahren Sie, f\u00fcr wen es bestimmt ist.","robots":{"index":"index","follow":"follow","max-snippet":"max-snippet:-1","max-image-preview":"max-image-preview:large","max-video-preview":"max-video-preview:-1"},"canonical":"https:\/\/www.esta-officiel-usa.com\/de\/esta-formular-fuer-wen-ist-es-gedacht\/","og_locale":"de_DE","og_type":"article","og_title":"ESTA-Formular f\u00fcr wen ist es gedacht?","og_description":"Das ESTA-Formular ist eine administrative Formalit\u00e4t, die f\u00fcr die Einreise in die Vereinigten Staaten erforderlich ist. Auf unserer Seite erfahren Sie, f\u00fcr wen es bestimmt ist.","og_url":"https:\/\/www.esta-officiel-usa.com\/de\/esta-formular-fuer-wen-ist-es-gedacht\/","og_site_name":"ESTA - Vereinigte Staaten","article_modified_time":"2025-09-13T12:05:21+00:00","twitter_card":"summary_large_image","twitter_misc":{"Gesch\u00e4tzte Lesezeit":"2\u00a0Minuten"},"schema":{"@context":"https:\/\/schema.org","@graph":[{"@type":"WebPage","@id":"https:\/\/www.esta-officiel-usa.com\/de\/esta-formular-fuer-wen-ist-es-gedacht\/","url":"https:\/\/www.esta-officiel-usa.com\/de\/esta-formular-fuer-wen-ist-es-gedacht\/","name":"ESTA-Formular f\u00fcr wen ist es gedacht?","isPartOf":{"@id":"https:\/\/www.esta-officiel-usa.com\/de\/#website"},"datePublished":"2025-09-13T12:05:18+00:00","dateModified":"2025-09-13T12:05:21+00:00","description":"Das ESTA-Formular ist eine administrative Formalit\u00e4t, die f\u00fcr die Einreise in die Vereinigten Staaten erforderlich ist. Auf unserer Seite erfahren Sie, f\u00fcr wen es bestimmt ist.","breadcrumb":{"@id":"https:\/\/www.esta-officiel-usa.com\/de\/esta-formular-fuer-wen-ist-es-gedacht\/#breadcrumb"},"inLanguage":"de","potentialAction":[{"@type":"ReadAction","target":["https:\/\/www.esta-officiel-usa.com\/de\/esta-formular-fuer-wen-ist-es-gedacht\/"]}]},{"@type":"BreadcrumbList","@id":"https:\/\/www.esta-officiel-usa.com\/de\/esta-formular-fuer-wen-ist-es-gedacht\/#breadcrumb","itemListElement":[{"@type":"ListItem","position":1,"name":"Home","item":"https:\/\/www.esta-officiel-usa.com\/de\/"},{"@type":"ListItem","position":2,"name":"ESTA-Formular f\u00fcr wen ist es gedacht?"}]},{"@type":"WebSite","@id":"https:\/\/www.esta-officiel-usa.com\/de\/#website","url":"https:\/\/www.esta-officiel-usa.com\/de\/","name":"ESTA - Vereinigte Staaten","description":"ESTA-Antragsformular","potentialAction":[{"@type":"SearchAction","target":{"@type":"EntryPoint","urlTemplate":"https:\/\/www.esta-officiel-usa.com\/de\/?s={search_term_string}"},"query-input":{"@type":"PropertyValueSpecification","valueRequired":true,"valueName":"search_term_string"}}],"inLanguage":"de"}]}},"_links":{"self":[{"href":"https:\/\/www.esta-officiel-usa.com\/de\/wp-json\/wp\/v2\/pages\/1733","targetHints":{"allow":["GET"]}}],"collection":[{"href":"https:\/\/www.esta-officiel-usa.com\/de\/wp-json\/wp\/v2\/pages"}],"about":[{"href":"https:\/\/www.esta-officiel-usa.com\/de\/wp-json\/wp\/v2\/types\/page"}],"author":[{"embeddable":true,"href":"https:\/\/www.esta-officiel-usa.com\/de\/wp-json\/wp\/v2\/users\/1"}],"replies":[{"embeddable":true,"href":"https:\/\/www.esta-officiel-usa.com\/de\/wp-json\/wp\/v2\/comments?post=1733"}],"version-history":[{"count":1,"href":"https:\/\/www.esta-officiel-usa.com\/de\/wp-json\/wp\/v2\/pages\/1733\/revisions"}],"predecessor-version":[{"id":1735,"href":"https:\/\/www.esta-officiel-usa.com\/de\/wp-json\/wp\/v2\/pages\/1733\/revisions\/1735"}],"wp:attachment":[{"href":"https:\/\/www.esta-officiel-usa.com\/de\/wp-json\/wp\/v2\/media?parent=1733"}],"curies":[{"name":"wp","href":"https:\/\/api.w.org\/{rel}","templated":true}]}}