{"id":1744,"date":"2025-09-13T12:05:24","date_gmt":"2025-09-13T12:05:24","guid":{"rendered":"https:\/\/www.esta-officiel-usa.com\/bedingungen-fuer-den-erhalt-von-esta\/"},"modified":"2025-09-13T12:05:30","modified_gmt":"2025-09-13T12:05:30","slug":"bedingungen-fuer-den-erhalt-von-esta","status":"publish","type":"page","link":"https:\/\/www.esta-officiel-usa.com\/de\/bedingungen-fuer-den-erhalt-von-esta\/","title":{"rendered":"Bedingungen f\u00fcr den Erhalt von ESTA"},"content":{"rendered":"\n<h1 class=\"wp-block-heading\">ESTA USA: WELCHE BEDINGUNGEN SIND ZU ERF\u00dcLLEN?<\/h1>\n\n<p>Um Ihr <a href=\"https:\/\/www.esta-officiel-usa.com\/de\/\">ESTA USA<\/a> zu beantragen, m\u00fcssen Sie das Formular auf unserer Website ausf\u00fcllen. Das Formular besteht aus drei verschiedenen Abschnitten, die sich auf die unten beschriebenen Themen beziehen. <br\/> <\/p>\n\n<h2 class=\"wp-block-heading\">ESTA USA: IHRE MEDIZINISCHE UND RECHTLICHE VORGESCHICHTE<\/h2>\n\n<p>In diesem Teil m\u00fcssen Sie eine Reihe von <a href=\"https:\/\/www.esta-officiel-usa.com\/de\/alle-fragen-die-zum-esta-formular-gestellt-werden\/\">Fragen<\/a> (mit &#8222;Ja&#8220; oder &#8222;Nein&#8220;) zu m\u00f6glichen gesundheitlichen Problemen (psychische Probleme, ansteckende Krankheiten, Drogenprobleme), illegalen Aktivit\u00e4ten (Teilnahme an V\u00f6lkermord, schwere Verurteilung in der Vergangenheit, falsche ESTA-Anmeldung zur Einreise in die USA, Verletzung des Sorgerechts f\u00fcr Kinder&#8230;) beantworten.<\/p>\n\n<p>Der Erhalt Ihres <a href=\"https:\/\/www.esta-officiel-usa.com\/de\/esta-wie-sie-dieses-dokument-erhalten\/\">ESTA USA<\/a> wird von den Antworten abh\u00e4ngen, die Sie in dieser Kategorie geben.<\/p>\n\n<p>Wenn Sie eine dieser Fragen mit &#8222;Ja&#8220; beantworten, gehen die US-Beh\u00f6rden davon aus, dass Ihre Reise ein Risiko f\u00fcr die innere Sicherheit des Landes oder einen Versto\u00df gegen das US-Gesetz darstellt, und Sie k\u00f6nnen keine <a href=\"https:\/\/www.esta-officiel-usa.com\/de\/voraussetzungen-fuer-eine-reise-in-die-usa\/\">ESTA-Zulassung<\/a> f\u00fcr die USA <a href=\"https:\/\/www.esta-officiel-usa.com\/fr\/comment-obtenir-un-visa-usa\/\">erhalten <\/a>.<br\/> <\/p>\n\n<h2 class=\"wp-block-heading\">ESTA USA: IHRE IDENTIT\u00c4T UND IHR REISEPASS<\/h2>\n\n<p>Sie m\u00fcssen Informationen aus Ihrem <a href=\"https:\/\/www.esta-officiel-usa.com\/de\/welche-art-von-reisepass-ist-fuer-die-usa-erforderlich\/\">Reisepass<\/a> (Familienstand, Reisepassnummer, Ausstellungsdatum, Ablaufdatum usw.), eine Postanschrift in Frankreich, eine g\u00fcltige E-Mail-Adresse und Angaben zu Ihrer derzeitigen beruflichen Situation angeben. Die Personalien Ihrer Eltern werden ebenfalls ben\u00f6tigt. <br\/> <\/p>\n\n<h2 class=\"wp-block-heading\">ESTA USA: IHRE REISEPL\u00c4NE<\/h2>\n\n<p>In dieser Kategorie des ESTA USA-Fragebogens werden Sie gebeten, Informationen \u00fcber Ihren Aufenthalt zu geben.<\/p>\n\n<p>Ihr ESTA USA wird nat\u00fcrlich nicht ausgestellt, wenn Sie ein Einreiseverbot haben oder wenn Sie planen, l\u00e4nger als 90 Tage in den USA zu bleiben. Sie k\u00f6nnen kein ESTA USA erhalten, wenn Sie in den USA arbeiten m\u00f6chten. Wenn Sie dies tun m\u00f6chten, m\u00fcssen Sie eine <a href=\"https:\/\/www.esta-officiel-usa.com\/de\/antrag-auf-eine-greencard-fuer-die-arbeit\/\">Green Card<\/a> f\u00fcr Arbeit beantragen, die eines der verf\u00fcgbaren <a href=\"https:\/\/www.esta-officiel-usa.com\/de\/us-visa-fuer-die-einreise-in-die-usa\/\">USA-Visa<\/a> ist. Um mehr \u00fcber das <a href=\"https:\/\/www.esta-officiel-usa.com\/de\/wie-lange-ist-ein-us-visum-gueltig\/\">USA-Visum<\/a> zu erfahren, lesen Sie bitte unseren Artikel zu diesem Thema. Er wird Ihnen helfen, <a href=\"https:\/\/www.esta-officiel-usa.com\/de\/die-wichtigsten-visa-fuer-die-usa\/\">die verschiedenen von der US-Regierung angebotenen Visa<\/a> zu verstehen.   <\/p>\n\n<p>Bitte besuchen Sie unsere Seite \u00fcber die <a href=\"https:\/\/www.esta-officiel-usa.com\/de\/welche-gruende-fuehren-zu-einer-ablehnung-des-esta-antrags\/\">Gr\u00fcnde f\u00fcr die Ablehnung eines ESTA-Antrags<\/a>, um weitere Einzelheiten zu erfahren.  <br\/> <\/p>\n","protected":false},"excerpt":{"rendered":"<p>ESTA USA: WELCHE BEDINGUNGEN SIND ZU ERF\u00dcLLEN? Um Ihr ESTA USA zu beantragen, m\u00fcssen Sie das Formular auf unserer Website ausf\u00fcllen. Das Formular besteht aus drei verschiedenen Abschnitten, die sich auf die unten beschriebenen Themen beziehen. ESTA USA: IHRE MEDIZINISCHE UND RECHTLICHE VORGESCHICHTE In diesem Teil m\u00fcssen Sie eine Reihe von Fragen (mit &#8222;Ja&#8220; oder [&hellip;]<\/p>\n","protected":false},"author":1,"featured_media":0,"parent":0,"menu_order":0,"comment_status":"closed","ping_status":"closed","template":"","meta":{"footnotes":""},"class_list":["post-1744","page","type-page","status-publish","hentry"],"yoast_head":"<!-- This site is optimized with the Yoast SEO plugin v26.2 - https:\/\/yoast.com\/wordpress\/plugins\/seo\/ -->\n<title>Bedingungen f\u00fcr den Erhalt von ESTA<\/title>\n<meta name=\"description\" content=\"Wenn Sie eine Reise in die USA planen, erkl\u00e4ren Ihnen unsere Experten auf dieser Seite die drei Bedingungen, die Sie erf\u00fcllen m\u00fcssen, um ein ESTA zu erhalten.\" \/>\n<meta name=\"robots\" content=\"index, follow, max-snippet:-1, max-image-preview:large, max-video-preview:-1\" \/>\n<link rel=\"canonical\" href=\"https:\/\/www.esta-officiel-usa.com\/de\/bedingungen-fuer-den-erhalt-von-esta\/\" \/>\n<meta property=\"og:locale\" content=\"de_DE\" \/>\n<meta property=\"og:type\" content=\"article\" \/>\n<meta property=\"og:title\" content=\"Bedingungen f\u00fcr den Erhalt von ESTA\" \/>\n<meta property=\"og:description\" content=\"Wenn Sie eine Reise in die USA planen, erkl\u00e4ren Ihnen unsere Experten auf dieser Seite die drei Bedingungen, die Sie erf\u00fcllen m\u00fcssen, um ein ESTA zu erhalten.\" \/>\n<meta property=\"og:url\" content=\"https:\/\/www.esta-officiel-usa.com\/de\/bedingungen-fuer-den-erhalt-von-esta\/\" \/>\n<meta property=\"og:site_name\" content=\"ESTA - Vereinigte Staaten\" \/>\n<meta property=\"article:modified_time\" content=\"2025-09-13T12:05:30+00:00\" \/>\n<meta name=\"twitter:card\" content=\"summary_large_image\" \/>\n<meta name=\"twitter:label1\" content=\"Gesch\u00e4tzte Lesezeit\" \/>\n\t<meta name=\"twitter:data1\" content=\"2\u00a0Minuten\" \/>\n<script type=\"application\/ld+json\" class=\"yoast-schema-graph\">{\"@context\":\"https:\/\/schema.org\",\"@graph\":[{\"@type\":\"WebPage\",\"@id\":\"https:\/\/www.esta-officiel-usa.com\/de\/bedingungen-fuer-den-erhalt-von-esta\/\",\"url\":\"https:\/\/www.esta-officiel-usa.com\/de\/bedingungen-fuer-den-erhalt-von-esta\/\",\"name\":\"Bedingungen f\u00fcr den Erhalt von ESTA\",\"isPartOf\":{\"@id\":\"https:\/\/www.esta-officiel-usa.com\/de\/#website\"},\"datePublished\":\"2025-09-13T12:05:24+00:00\",\"dateModified\":\"2025-09-13T12:05:30+00:00\",\"description\":\"Wenn Sie eine Reise in die USA planen, erkl\u00e4ren Ihnen unsere Experten auf dieser Seite die drei Bedingungen, die Sie erf\u00fcllen m\u00fcssen, um ein ESTA zu erhalten.\",\"breadcrumb\":{\"@id\":\"https:\/\/www.esta-officiel-usa.com\/de\/bedingungen-fuer-den-erhalt-von-esta\/#breadcrumb\"},\"inLanguage\":\"de\",\"potentialAction\":[{\"@type\":\"ReadAction\",\"target\":[\"https:\/\/www.esta-officiel-usa.com\/de\/bedingungen-fuer-den-erhalt-von-esta\/\"]}]},{\"@type\":\"BreadcrumbList\",\"@id\":\"https:\/\/www.esta-officiel-usa.com\/de\/bedingungen-fuer-den-erhalt-von-esta\/#breadcrumb\",\"itemListElement\":[{\"@type\":\"ListItem\",\"position\":1,\"name\":\"Home\",\"item\":\"https:\/\/www.esta-officiel-usa.com\/de\/\"},{\"@type\":\"ListItem\",\"position\":2,\"name\":\"Bedingungen f\u00fcr den Erhalt von ESTA\"}]},{\"@type\":\"WebSite\",\"@id\":\"https:\/\/www.esta-officiel-usa.com\/de\/#website\",\"url\":\"https:\/\/www.esta-officiel-usa.com\/de\/\",\"name\":\"ESTA - Vereinigte Staaten\",\"description\":\"ESTA-Antragsformular\",\"potentialAction\":[{\"@type\":\"SearchAction\",\"target\":{\"@type\":\"EntryPoint\",\"urlTemplate\":\"https:\/\/www.esta-officiel-usa.com\/de\/?s={search_term_string}\"},\"query-input\":{\"@type\":\"PropertyValueSpecification\",\"valueRequired\":true,\"valueName\":\"search_term_string\"}}],\"inLanguage\":\"de\"}]}<\/script>\n<!-- \/ Yoast SEO plugin. -->","yoast_head_json":{"title":"Bedingungen f\u00fcr den Erhalt von ESTA","description":"Wenn Sie eine Reise in die USA planen, erkl\u00e4ren Ihnen unsere Experten auf dieser Seite die drei Bedingungen, die Sie erf\u00fcllen m\u00fcssen, um ein ESTA zu erhalten.","robots":{"index":"index","follow":"follow","max-snippet":"max-snippet:-1","max-image-preview":"max-image-preview:large","max-video-preview":"max-video-preview:-1"},"canonical":"https:\/\/www.esta-officiel-usa.com\/de\/bedingungen-fuer-den-erhalt-von-esta\/","og_locale":"de_DE","og_type":"article","og_title":"Bedingungen f\u00fcr den Erhalt von ESTA","og_description":"Wenn Sie eine Reise in die USA planen, erkl\u00e4ren Ihnen unsere Experten auf dieser Seite die drei Bedingungen, die Sie erf\u00fcllen m\u00fcssen, um ein ESTA zu erhalten.","og_url":"https:\/\/www.esta-officiel-usa.com\/de\/bedingungen-fuer-den-erhalt-von-esta\/","og_site_name":"ESTA - Vereinigte Staaten","article_modified_time":"2025-09-13T12:05:30+00:00","twitter_card":"summary_large_image","twitter_misc":{"Gesch\u00e4tzte Lesezeit":"2\u00a0Minuten"},"schema":{"@context":"https:\/\/schema.org","@graph":[{"@type":"WebPage","@id":"https:\/\/www.esta-officiel-usa.com\/de\/bedingungen-fuer-den-erhalt-von-esta\/","url":"https:\/\/www.esta-officiel-usa.com\/de\/bedingungen-fuer-den-erhalt-von-esta\/","name":"Bedingungen f\u00fcr den Erhalt von ESTA","isPartOf":{"@id":"https:\/\/www.esta-officiel-usa.com\/de\/#website"},"datePublished":"2025-09-13T12:05:24+00:00","dateModified":"2025-09-13T12:05:30+00:00","description":"Wenn Sie eine Reise in die USA planen, erkl\u00e4ren Ihnen unsere Experten auf dieser Seite die drei Bedingungen, die Sie erf\u00fcllen m\u00fcssen, um ein ESTA zu erhalten.","breadcrumb":{"@id":"https:\/\/www.esta-officiel-usa.com\/de\/bedingungen-fuer-den-erhalt-von-esta\/#breadcrumb"},"inLanguage":"de","potentialAction":[{"@type":"ReadAction","target":["https:\/\/www.esta-officiel-usa.com\/de\/bedingungen-fuer-den-erhalt-von-esta\/"]}]},{"@type":"BreadcrumbList","@id":"https:\/\/www.esta-officiel-usa.com\/de\/bedingungen-fuer-den-erhalt-von-esta\/#breadcrumb","itemListElement":[{"@type":"ListItem","position":1,"name":"Home","item":"https:\/\/www.esta-officiel-usa.com\/de\/"},{"@type":"ListItem","position":2,"name":"Bedingungen f\u00fcr den Erhalt von ESTA"}]},{"@type":"WebSite","@id":"https:\/\/www.esta-officiel-usa.com\/de\/#website","url":"https:\/\/www.esta-officiel-usa.com\/de\/","name":"ESTA - Vereinigte Staaten","description":"ESTA-Antragsformular","potentialAction":[{"@type":"SearchAction","target":{"@type":"EntryPoint","urlTemplate":"https:\/\/www.esta-officiel-usa.com\/de\/?s={search_term_string}"},"query-input":{"@type":"PropertyValueSpecification","valueRequired":true,"valueName":"search_term_string"}}],"inLanguage":"de"}]}},"_links":{"self":[{"href":"https:\/\/www.esta-officiel-usa.com\/de\/wp-json\/wp\/v2\/pages\/1744","targetHints":{"allow":["GET"]}}],"collection":[{"href":"https:\/\/www.esta-officiel-usa.com\/de\/wp-json\/wp\/v2\/pages"}],"about":[{"href":"https:\/\/www.esta-officiel-usa.com\/de\/wp-json\/wp\/v2\/types\/page"}],"author":[{"embeddable":true,"href":"https:\/\/www.esta-officiel-usa.com\/de\/wp-json\/wp\/v2\/users\/1"}],"replies":[{"embeddable":true,"href":"https:\/\/www.esta-officiel-usa.com\/de\/wp-json\/wp\/v2\/comments?post=1744"}],"version-history":[{"count":1,"href":"https:\/\/www.esta-officiel-usa.com\/de\/wp-json\/wp\/v2\/pages\/1744\/revisions"}],"predecessor-version":[{"id":1746,"href":"https:\/\/www.esta-officiel-usa.com\/de\/wp-json\/wp\/v2\/pages\/1744\/revisions\/1746"}],"wp:attachment":[{"href":"https:\/\/www.esta-officiel-usa.com\/de\/wp-json\/wp\/v2\/media?parent=1744"}],"curies":[{"name":"wp","href":"https:\/\/api.w.org\/{rel}","templated":true}]}}