{"id":1754,"date":"2025-09-13T12:05:27","date_gmt":"2025-09-13T12:05:27","guid":{"rendered":"https:\/\/www.esta-officiel-usa.com\/investieren-in-den-usa-mit-dem-e1-e2-visum\/"},"modified":"2025-09-13T12:05:30","modified_gmt":"2025-09-13T12:05:30","slug":"investieren-in-den-usa-mit-dem-e1-e2-visum","status":"publish","type":"page","link":"https:\/\/www.esta-officiel-usa.com\/de\/investieren-in-den-usa-mit-dem-e1-e2-visum\/","title":{"rendered":"Investieren in den USA mit dem E1\/E2-Visum"},"content":{"rendered":"\n<h1 class=\"wp-block-heading\">Erhalten Sie ein E1 oder E2 Visum, um in den USA zu investieren.<\/h1>\n\n<p>W\u00e4hrend ein einfaches <a href=\"https:\/\/www.esta-officiel-usa.com\/de\/\">ESTA<\/a> f\u00fcr einen Urlaub oder eine Gesch\u00e4ftsreise in die USA ausreicht, ist f\u00fcr einen Aufenthalt in den USA und insbesondere f\u00fcr eine Arbeitsaufnahme ein Visum erforderlich. Es gibt verschiedene Arten von Visa, die f\u00fcr jeden Fall spezifisch sind. In diesem Artikel werden wir uns mit dem E1-Visum (Handelsvisum) und dem E2-Visum (Investorenvisum) besch\u00e4ftigen.  <\/p>\n\n<h2 class=\"wp-block-heading\">E1- und E2-Visum: Was ist das?<\/h2>\n\n<p>In vielen F\u00e4llen wird die Entscheidung, in die USA zu ziehen, aus beruflichen Gr\u00fcnden getroffen. In den USA zu arbeiten ist jedoch nicht so einfach und erfordert ein entsprechendes Visum. Das Investoren- und Handelsabkommenvisum (E1 und E2) erm\u00f6glicht es B\u00fcrgern aus L\u00e4ndern, die die von den USA beschlossenen Handelsabkommen akzeptiert und unterzeichnet haben, in den USA zu arbeiten, zu investieren und ein Unternehmen zu leiten. Die B\u00fcrger der folgenden L\u00e4nder sind berechtigt, ein E1\/E2-Visum zu beantragen:   <\/p>\n\n<p>Argentinien, Australien, \u00d6sterreich, Belgien, \nBosnien und Herzegowina, Kanada, China, Kolumbien, Costa Rica, \nEstland, \u00c4thiopien, Finnland, Frankreich, Georgien, Deutschland, \nHonduras, Iran, Irland, Italien, Jamaika, Japan, \nKorea, Liberia, Latvia, Luxemburg, Mazedonien, Mexiko, \nNiederlande, Norwegen, Emirat Oman, Pakistan, Paraguay,\n Philippinen, Slowenien, Spanien, Sri Lanka, Suriname, Schweden, \nSchweiz, Thailand, Togo, T\u00fcrkei, Vereinigtes K\u00f6nigreich und \nJugoslawien.<\/p>\n\n<p>Das E1-Visum berechtigt einen B\u00fcrger, der die Handelsabkommen der US-Regierung unterzeichnet hat, von amerikanischem Boden aus Handel zwischen seinem Land und den USA zu treiben, w\u00e4hrend das E2-Visum Personen gew\u00e4hrt wird, die in die Gr\u00fcndung oder den Kauf eines Unternehmens in den USA investieren.<\/p>\n\n<p>E1- und E2-Visa werden bei den Konsularabteilungen der US-Botschaft oder dem Konsulat im Land des Antragstellers beantragt. Die franz\u00f6sische Botschaft befindet sich in Paris. Sie m\u00fcssen einen Antrag stellen, der aus dem Formular DS-160 besteht, und diesen bei der Botschaft einreichen. Sie werden dann von der Botschaft kontaktiert, um ein pers\u00f6nliches Gespr\u00e4ch mit einem Botschaftsmitarbeiter zu vereinbaren, um die Relevanz Ihres Visumantrags zu beurteilen. Nach diesem Gespr\u00e4ch wird Ihnen eine Antwort mitgeteilt. Wenn der Bescheid positiv ist, wird das Visum innerhalb von 3-5 Tagen ausgestellt.     <\/p>\n\n<p>Wenn Ihnen das E1- oder E2-Visum verweigert wird, haben Sie die M\u00f6glichkeit, eine <a href=\"https:\/\/www.esta-officiel-usa.com\/de\/was-ist-eine-greencard\/\">Green Card<\/a> zu beantragen, d.h. eine Karte f\u00fcr den st\u00e4ndigen Wohnsitz in den USA. Um eine Green Card zu erhalten, k\u00f6nnen Sie einen Antrag stellen oder an der j\u00e4hrlich stattfindenden Green Card Lotterie teilnehmen. Es ist Ihnen jedoch strengstens untersagt, mit einem ESTA oder einem Nicht-Einwanderungsvisum wie <a href=\"https:\/\/www.esta-officiel-usa.com\/de\/das-wichtigste-was-sie-ueber-das-j-visum-wissen-sollten\/\">dem J1-Visum<\/a> eine berufliche T\u00e4tigkeit in den USA auszu\u00fcben. Die US-Beh\u00f6rden sind kompromisslos und sehr wachsam in Bezug auf illegale Einwanderung und Sie k\u00f6nnen sich in einer \u00e4u\u00dferst heiklen Situation befinden.   <\/p>\n\n<p>Wenn Sie ein E1- oder E2-Visum beantragen m\u00f6chten, m\u00fcssen Sie zun\u00e4chst sicherstellen, dass Sie einen g\u00fcltigen Reisepass besitzen und die Voraussetzungen f\u00fcr eines dieser Visa erf\u00fcllen.<\/p>\n\n<h2 class=\"wp-block-heading\">Bedingungen f\u00fcr ein Visum der Kategorie E1 und E2<\/h2>\n\n<p>Die Bedingungen f\u00fcr ein Visum der Kategorie E1 und E2 unterscheiden sich.<\/p>\n\n<h3 class=\"wp-block-heading\">Voraussetzungen f\u00fcr die Erteilung eines Visums der Kategorie E1<\/h3>\n\n<ul class=\"wp-block-list\">\n<li>Das in den USA ans\u00e4ssige Unternehmen des Antragstellers sowie der Antragsteller selbst m\u00fcssen die Staatsangeh\u00f6rigkeit eines Landes besitzen, das der Konvention angeh\u00f6rt;<\/li>\n\n\n\n<li>Der Handel muss &#8222;betr\u00e4chtlich&#8220; sein, es muss ein ziemlich gro\u00dfes und kontinuierliches Gesch\u00e4ftsvolumen geben;<\/li>\n\n\n\n<li>Der Handel innerhalb des Unternehmens muss haupts\u00e4chlich zwischen den Vereinigten Staaten und dem Land, das Teil des Abkommens ist, stattfinden (mehr als 50 % des Handels muss in die USA gehen);<\/li>\n\n\n\n<li>Der Antragsteller des Visums muss den Status eines Managers haben und \u00fcber hochspezialisierte F\u00e4higkeiten verf\u00fcgen, genau wie beim <a href=\"https:\/\/www.esta-officiel-usa.com\/de\/das-h1b-visum-fuer-arbeit-in-den-usa\/\">H1-B-Visum<\/a>.<\/li>\n<\/ul>\n\n<h3 class=\"wp-block-heading\">Bedingungen f\u00fcr die Erteilung eines Visums der Kategorie E2<\/h3>\n\n<ul class=\"wp-block-list\">\n<li>Der Investor (entweder eine nat\u00fcrliche Person oder eine juristische Person <br\/>) muss B\u00fcrger eines Landes sein, das Vertragspartei des Abkommens ist.<\/li>\n\n\n\n<li>Die Investition muss erheblich und ausreichend sein, um den Fortbestand des Unternehmens zu sichern.<\/li>\n\n\n\n<li>Die Investition darf nicht spekulativ oder ruhend sein.<\/li>\n\n\n\n<li>Die Investition muss erheblich mehr Einkommen generieren <br\/>als f\u00fcr den Lebensunterhalt des Investors und seiner Familie notwendig ist.<\/li>\n\n\n\n<li>Der Antragsteller muss entweder einer der Hauptinvestoren oder <br\/>sein oder als leitender Angestellter besch\u00e4ftigt sein. Er muss in die Vereinigten Staaten kommen, um <br\/>das Unternehmen zu entwickeln und zu leiten. <\/li>\n<\/ul>\n\n<p>Das Visum der Kategorie E1 oder E2 erlaubt es der Familie des Inhabers des \nVisums, ebenfalls in den USA zu leben und zu arbeiten. Dar\u00fcber hinaus erm\u00f6glicht \nes den Kindern, in den USA zu studieren. Bez\u00fcglich der \nG\u00fcltigkeitsdauer des Visums der Kategorie E-1 oder E-2 hat der Inhaber des \nVisums die M\u00f6glichkeit, dieses zu verl\u00e4ngern, solange das Unternehmen existiert und \ndie Bedingungen f\u00fcr den Erhalt des Visums erf\u00fcllt. Es gibt derzeit keine \nGrenze f\u00fcr die Verl\u00e4ngerung.   <\/p>\n","protected":false},"excerpt":{"rendered":"<p>Erhalten Sie ein E1 oder E2 Visum, um in den USA zu investieren. W\u00e4hrend ein einfaches ESTA f\u00fcr einen Urlaub oder eine Gesch\u00e4ftsreise in die USA ausreicht, ist f\u00fcr einen Aufenthalt in den USA und insbesondere f\u00fcr eine Arbeitsaufnahme ein Visum erforderlich. Es gibt verschiedene Arten von Visa, die f\u00fcr jeden Fall spezifisch sind. In [&hellip;]<\/p>\n","protected":false},"author":1,"featured_media":0,"parent":0,"menu_order":0,"comment_status":"closed","ping_status":"closed","template":"","meta":{"footnotes":""},"class_list":["post-1754","page","type-page","status-publish","hentry"],"yoast_head":"<!-- This site is optimized with the Yoast SEO plugin v26.2 - https:\/\/yoast.com\/wordpress\/plugins\/seo\/ -->\n<title>Investieren in den USA mit dem E1\/E2-Visum<\/title>\n<meta name=\"description\" content=\"Um in den USA leben und arbeiten zu k\u00f6nnen, ben\u00f6tigen Sie ein Visum. Im Folgenden werden die Visa E1 (Handel) und E2 (Investor) vorgestellt.\" \/>\n<meta name=\"robots\" content=\"index, follow, max-snippet:-1, max-image-preview:large, max-video-preview:-1\" \/>\n<link rel=\"canonical\" href=\"https:\/\/www.esta-officiel-usa.com\/de\/investieren-in-den-usa-mit-dem-e1-e2-visum\/\" \/>\n<meta property=\"og:locale\" content=\"de_DE\" \/>\n<meta property=\"og:type\" content=\"article\" \/>\n<meta property=\"og:title\" content=\"Investieren in den USA mit dem E1\/E2-Visum\" \/>\n<meta property=\"og:description\" content=\"Um in den USA leben und arbeiten zu k\u00f6nnen, ben\u00f6tigen Sie ein Visum. Im Folgenden werden die Visa E1 (Handel) und E2 (Investor) vorgestellt.\" \/>\n<meta property=\"og:url\" content=\"https:\/\/www.esta-officiel-usa.com\/de\/investieren-in-den-usa-mit-dem-e1-e2-visum\/\" \/>\n<meta property=\"og:site_name\" content=\"ESTA - Vereinigte Staaten\" \/>\n<meta property=\"article:modified_time\" content=\"2025-09-13T12:05:30+00:00\" \/>\n<meta name=\"twitter:card\" content=\"summary_large_image\" \/>\n<meta name=\"twitter:label1\" content=\"Gesch\u00e4tzte Lesezeit\" \/>\n\t<meta name=\"twitter:data1\" content=\"4\u00a0Minuten\" \/>\n<script type=\"application\/ld+json\" class=\"yoast-schema-graph\">{\"@context\":\"https:\/\/schema.org\",\"@graph\":[{\"@type\":\"WebPage\",\"@id\":\"https:\/\/www.esta-officiel-usa.com\/de\/investieren-in-den-usa-mit-dem-e1-e2-visum\/\",\"url\":\"https:\/\/www.esta-officiel-usa.com\/de\/investieren-in-den-usa-mit-dem-e1-e2-visum\/\",\"name\":\"Investieren in den USA mit dem E1\/E2-Visum\",\"isPartOf\":{\"@id\":\"https:\/\/www.esta-officiel-usa.com\/de\/#website\"},\"datePublished\":\"2025-09-13T12:05:27+00:00\",\"dateModified\":\"2025-09-13T12:05:30+00:00\",\"description\":\"Um in den USA leben und arbeiten zu k\u00f6nnen, ben\u00f6tigen Sie ein Visum. Im Folgenden werden die Visa E1 (Handel) und E2 (Investor) vorgestellt.\",\"breadcrumb\":{\"@id\":\"https:\/\/www.esta-officiel-usa.com\/de\/investieren-in-den-usa-mit-dem-e1-e2-visum\/#breadcrumb\"},\"inLanguage\":\"de\",\"potentialAction\":[{\"@type\":\"ReadAction\",\"target\":[\"https:\/\/www.esta-officiel-usa.com\/de\/investieren-in-den-usa-mit-dem-e1-e2-visum\/\"]}]},{\"@type\":\"BreadcrumbList\",\"@id\":\"https:\/\/www.esta-officiel-usa.com\/de\/investieren-in-den-usa-mit-dem-e1-e2-visum\/#breadcrumb\",\"itemListElement\":[{\"@type\":\"ListItem\",\"position\":1,\"name\":\"Home\",\"item\":\"https:\/\/www.esta-officiel-usa.com\/de\/\"},{\"@type\":\"ListItem\",\"position\":2,\"name\":\"Investieren in den USA mit dem E1\/E2-Visum\"}]},{\"@type\":\"WebSite\",\"@id\":\"https:\/\/www.esta-officiel-usa.com\/de\/#website\",\"url\":\"https:\/\/www.esta-officiel-usa.com\/de\/\",\"name\":\"ESTA - Vereinigte Staaten\",\"description\":\"ESTA-Antragsformular\",\"potentialAction\":[{\"@type\":\"SearchAction\",\"target\":{\"@type\":\"EntryPoint\",\"urlTemplate\":\"https:\/\/www.esta-officiel-usa.com\/de\/?s={search_term_string}\"},\"query-input\":{\"@type\":\"PropertyValueSpecification\",\"valueRequired\":true,\"valueName\":\"search_term_string\"}}],\"inLanguage\":\"de\"}]}<\/script>\n<!-- \/ Yoast SEO plugin. -->","yoast_head_json":{"title":"Investieren in den USA mit dem E1\/E2-Visum","description":"Um in den USA leben und arbeiten zu k\u00f6nnen, ben\u00f6tigen Sie ein Visum. Im Folgenden werden die Visa E1 (Handel) und E2 (Investor) vorgestellt.","robots":{"index":"index","follow":"follow","max-snippet":"max-snippet:-1","max-image-preview":"max-image-preview:large","max-video-preview":"max-video-preview:-1"},"canonical":"https:\/\/www.esta-officiel-usa.com\/de\/investieren-in-den-usa-mit-dem-e1-e2-visum\/","og_locale":"de_DE","og_type":"article","og_title":"Investieren in den USA mit dem E1\/E2-Visum","og_description":"Um in den USA leben und arbeiten zu k\u00f6nnen, ben\u00f6tigen Sie ein Visum. Im Folgenden werden die Visa E1 (Handel) und E2 (Investor) vorgestellt.","og_url":"https:\/\/www.esta-officiel-usa.com\/de\/investieren-in-den-usa-mit-dem-e1-e2-visum\/","og_site_name":"ESTA - Vereinigte Staaten","article_modified_time":"2025-09-13T12:05:30+00:00","twitter_card":"summary_large_image","twitter_misc":{"Gesch\u00e4tzte Lesezeit":"4\u00a0Minuten"},"schema":{"@context":"https:\/\/schema.org","@graph":[{"@type":"WebPage","@id":"https:\/\/www.esta-officiel-usa.com\/de\/investieren-in-den-usa-mit-dem-e1-e2-visum\/","url":"https:\/\/www.esta-officiel-usa.com\/de\/investieren-in-den-usa-mit-dem-e1-e2-visum\/","name":"Investieren in den USA mit dem E1\/E2-Visum","isPartOf":{"@id":"https:\/\/www.esta-officiel-usa.com\/de\/#website"},"datePublished":"2025-09-13T12:05:27+00:00","dateModified":"2025-09-13T12:05:30+00:00","description":"Um in den USA leben und arbeiten zu k\u00f6nnen, ben\u00f6tigen Sie ein Visum. Im Folgenden werden die Visa E1 (Handel) und E2 (Investor) vorgestellt.","breadcrumb":{"@id":"https:\/\/www.esta-officiel-usa.com\/de\/investieren-in-den-usa-mit-dem-e1-e2-visum\/#breadcrumb"},"inLanguage":"de","potentialAction":[{"@type":"ReadAction","target":["https:\/\/www.esta-officiel-usa.com\/de\/investieren-in-den-usa-mit-dem-e1-e2-visum\/"]}]},{"@type":"BreadcrumbList","@id":"https:\/\/www.esta-officiel-usa.com\/de\/investieren-in-den-usa-mit-dem-e1-e2-visum\/#breadcrumb","itemListElement":[{"@type":"ListItem","position":1,"name":"Home","item":"https:\/\/www.esta-officiel-usa.com\/de\/"},{"@type":"ListItem","position":2,"name":"Investieren in den USA mit dem E1\/E2-Visum"}]},{"@type":"WebSite","@id":"https:\/\/www.esta-officiel-usa.com\/de\/#website","url":"https:\/\/www.esta-officiel-usa.com\/de\/","name":"ESTA - Vereinigte Staaten","description":"ESTA-Antragsformular","potentialAction":[{"@type":"SearchAction","target":{"@type":"EntryPoint","urlTemplate":"https:\/\/www.esta-officiel-usa.com\/de\/?s={search_term_string}"},"query-input":{"@type":"PropertyValueSpecification","valueRequired":true,"valueName":"search_term_string"}}],"inLanguage":"de"}]}},"_links":{"self":[{"href":"https:\/\/www.esta-officiel-usa.com\/de\/wp-json\/wp\/v2\/pages\/1754","targetHints":{"allow":["GET"]}}],"collection":[{"href":"https:\/\/www.esta-officiel-usa.com\/de\/wp-json\/wp\/v2\/pages"}],"about":[{"href":"https:\/\/www.esta-officiel-usa.com\/de\/wp-json\/wp\/v2\/types\/page"}],"author":[{"embeddable":true,"href":"https:\/\/www.esta-officiel-usa.com\/de\/wp-json\/wp\/v2\/users\/1"}],"replies":[{"embeddable":true,"href":"https:\/\/www.esta-officiel-usa.com\/de\/wp-json\/wp\/v2\/comments?post=1754"}],"version-history":[{"count":1,"href":"https:\/\/www.esta-officiel-usa.com\/de\/wp-json\/wp\/v2\/pages\/1754\/revisions"}],"predecessor-version":[{"id":1756,"href":"https:\/\/www.esta-officiel-usa.com\/de\/wp-json\/wp\/v2\/pages\/1754\/revisions\/1756"}],"wp:attachment":[{"href":"https:\/\/www.esta-officiel-usa.com\/de\/wp-json\/wp\/v2\/media?parent=1754"}],"curies":[{"name":"wp","href":"https:\/\/api.w.org\/{rel}","templated":true}]}}