{"id":1757,"date":"2025-09-13T12:05:28","date_gmt":"2025-09-13T12:05:28","guid":{"rendered":"https:\/\/www.esta-officiel-usa.com\/beantragung-eines-visums-fuer-die-usa\/"},"modified":"2025-09-13T12:05:30","modified_gmt":"2025-09-13T12:05:30","slug":"beantragung-eines-visums-fuer-die-usa","status":"publish","type":"page","link":"https:\/\/www.esta-officiel-usa.com\/de\/beantragung-eines-visums-fuer-die-usa\/","title":{"rendered":"Beantragung eines Visums f\u00fcr die USA"},"content":{"rendered":"\n<h1 class=\"wp-block-heading\">Wie bekomme ich ein Visum f\u00fcr die USA?<\/h1>\n\n<p>Ob Sie in die USA f\u00fcr einen vor\u00fcbergehenden Aufenthalt reisen oder sich dort dauerhaft niederlassen m\u00f6chten, Sie ben\u00f6tigen f\u00fcr die Einreise in die USA eine Genehmigung, die auch als Visum bezeichnet wird. In diesem Artikel zeigen wir Ihnen, wie Sie ein USA-Visum beantragen k\u00f6nnen und stellen Ihnen eine Alternative vor: <a href=\"https:\/\/www.esta-officiel-usa.com\/de\/\">ESTA<\/a>.   <br\/>  <\/p>\n\n<h2 class=\"wp-block-heading\">Ein US-Visum beantragen<\/h2>\n\n<p>\n Es gibt sehr viele verschiedene Arten von Visa, je nach dem Zweck Ihrer Reise in die USA (Tourismus, Arbeit&#8230;). Ein Visum ist obligatorisch \nf\u00fcr alle Personen, die sich l\u00e4nger als 90 Tage in den USA aufhalten m\u00f6chten \n. \nUm ein US-Visum zu erhalten, m\u00fcssen Sie sich an das US-Konsulat oder die US-Botschaft in Ihrem Land wenden \n. Dort wird Ihnen ein Visumantragsformular ausgeh\u00e4ndigt. Sie m\u00fcssen es zusammen mit den folgenden Unterlagen zur\u00fcckgeben \n:    <\/p>\n\n<ul class=\"wp-block-list\">\n<li>Ein Identit\u00e4tsfoto;<\/li>\n\n\n\n<li>einen Nachweis, dass Sie nach Ihrem Aufenthalt in den USA nach Frankreich zur\u00fcckgekehrt sind;<\/li>\n\n\n\n<li>das ausgef\u00fcllte Formular DS-156 in englischer Sprache ;<\/li>\n\n\n\n<li>einen Nachweis \u00fcber die Zahlung der Bearbeitungsgeb\u00fchr ;<\/li>\n\n\n\n<li>einen leeren Chronopost-Umschlag.<\/li>\n<\/ul>\n\n<p>Dies sind die wichtigsten Dokumente, aber es k\u00f6nnen auch andere Dokumente \nverlangt werden. Um ein USA-Visum zu erhalten, m\u00fcssen Sie \nauch einen obligatorischen Schritt unternehmen: ein Interview bei der Botschaft \nder USA. Dieses Gespr\u00e4ch dient dazu, Ihre Motivation \nf\u00fcr einen Aufenthalt in den USA zu erfahren. Sie m\u00fcssen u.a.\n die Dauer Ihres Aufenthalts und verschiedene Informationen \u00fcber Sie \ndirekt angeben (Gesundheitszustand, Vorstrafen).   <\/p>\n\n<p>Es ist notwendig, dass Sie zu diesem Gespr\u00e4ch \nvorbereitet erscheinen. Die US-Beh\u00f6rden sind unnachgiebig und \ngehen bei der Erteilung von Visa kein Risiko ein. <\/p>\n\n<p>Es ist ratsam, dass Sie Ihr USA-Visum,\n, mehrere Wochen oder Monate vor Ihrer Abreise in die USA beantragen. Unter \nk\u00f6nnen die Bearbeitungszeiten sehr lang sein. <br\/> <\/p>\n\n<h2 class=\"wp-block-heading\">Ist ein USA-Visum erforderlich?<\/h2>\n\n<p>Ein USA-Visum ist f\u00fcr alle Personen erforderlich, die l\u00e4nger als 90 Tage in den USA bleiben m\u00f6chten. F\u00fcr eine Kategorie von Personen, die maximal 90 Tage in die USA reisen m\u00f6chten, ist es jedoch nicht erforderlich. Diese Visumbefreiung gilt f\u00fcr B\u00fcrger aus L\u00e4ndern, die am <a href=\"https:\/\/www.esta-officiel-usa.com\/de\/ueber-das-visa-waiver-program\/\">Visa Waiver Program<\/a> teilnehmen. Ziel dieses Programms ist es, den Austausch und die Einreise in die USA zu erleichtern. Die folgenden L\u00e4nder wurden aufgrund ihrer hohen Sicherheit ausgew\u00e4hlt    <\/p>\n\n<p>Andorra, Australien, \u00d6sterreich, Belgien, Brunei, Chile, S\u00fcdkorea, Kroatien, D\u00e4nemark, Estland, Finnland, Frankreich, Deutschland, Griechenland, Ungarn, Irland, Island, Israel, Italien, Japan, Niederlande, Lettland, Liechtenstein, Litauen, Luxemburg, Malta, Monaco, Norwegen, Neuseeland, Polen, Portugal, Tschechische Republik, Gro\u00dfbritannien, San Marino, Singapur, Slowakei, Slowenien, Spanien, Schweden, Schweiz und Taiwan.<\/p>\n\n<p>Im Rahmen dieses Programms wurde die ESTA-Reisegenehmigung eingef\u00fchrt.<br\/> <\/p>\n\n<h2 class=\"wp-block-heading\">Eine Alternative zum Visum: ESTA<\/h2>\n\n<h3 class=\"wp-block-heading\">Was ist ein ESTA?<\/h3>\n\n<p>Das ESTA (Electronic System for Travel Authorization) ist seit 2009 f\u00fcr Reisen in die USA zu touristischen Zwecken, f\u00fcr Gesch\u00e4ftsreisen oder f\u00fcr die Dauer eines Transits erforderlich. Es dient als Passierschein, um ohne Visum in den USA zu landen. Es ist jedoch keine Garantie f\u00fcr die Einreise in die USA. Die Entscheidung dar\u00fcber liegt bei den Zollbeamten am Flughafen Ihres Endbestimmungsortes. Als franz\u00f6sischer Staatsb\u00fcrger m\u00fcssen Sie mindestens 72 Stunden vor Ihrer Abreise in die USA <a href=\"https:\/\/www.esta-officiel-usa.com\/de\/wann-man-einen-esta-antrag-stellen-sollte\/\">einen ESTA-Antrag<\/a> stellen.    <\/p>\n\n<h3 class=\"wp-block-heading\">Wie bekomme ich ein ESTA?<\/h3>\n\n<p>Der Antrag auf eine ESTA-Reisegenehmigung wird in Form eines Online-Formulars \ngestellt. Sie k\u00f6nnen den Antrag online unter \nauf der Website der US-Regierung stellen. Das ESTA-Formular ist \nin drei Teile gegliedert:  <\/p>\n\n<ul class=\"wp-block-list\">\n<li>Identit\u00e4t des Reisenden<\/li>\n\n\n\n<li>Informationen \u00fcber den elektronischen oder biometrischen Pass des Antragstellers<\/li>\n\n\n\n<li>Sicherheitsfragen (geschlossene Fragen, die mit &#8222;Nein&#8220; beantwortet werden m\u00fcssen).<\/li>\n<\/ul>\n\n<p>Um Ihre ESTA-Genehmigung zu erhalten, m\u00fcssen Sie einen g\u00fcltigen biometrischen oder elektronischen \nReisepass besitzen. Wenn Ihr Reisepass \nabgelaufen ist oder Sie einen g\u00fcltigen Reisepass der \u00e4lteren\n Generation (optisch) besitzen, m\u00fcssen Sie bei Ihrer Stadtverwaltung einen neuen Reisepass \nbeantragen. Achten Sie auch darauf, dass Sie die Fragen \nsorgf\u00e4ltig beantworten. Ein kleiner Fehler im \nFormular kann ausreichen, um von den \u00e4u\u00dferst unnachgiebigen Beh\u00f6rden \nder USA abgelehnt zu werden.   <\/p>\n\n<p>Wenn Ihr<a href=\"https:\/\/www.esta-officiel-usa.com\/de\/welche-gruende-fuehren-zu-einer-ablehnung-des-esta-antrags\/\"> ESTA-Antrag leider aus einem bestimmten Grund abgelehnt wird<\/a>: Sie haben eine Straftat in den USA begangen, Sie sind seit dem 1. M\u00e4rz 2011 nach Syrien, Iran, Irak, Jemen, Libyen, Somalia oder in den Sudan gereist, Ihr Strafregister ist nicht frei von schwerwiegenden Vergehen&#8230; Sie m\u00fcssen bei der US-Botschaft oder dem US-Konsulat Ihres Landes ein Visum beantragen, das Ihnen die Einreise in die USA erm\u00f6glicht. Wenn Sie sich dauerhaft <a href=\"https:\/\/www.esta-officiel-usa.com\/de\/was-muss-ich-tun-um-ein-arbeitsvisum-fuer-die-usa-zu-erhalten\/\">in den USA niederlassen und dort arbeiten<\/a> m\u00f6chten, ist es ratsam, eine Green Card zu beantragen. Das USA-Visum f\u00fcr einen st\u00e4ndigen Wohnsitz kann durch die Teilnahme an der j\u00e4hrlichen Green Card Lotterie erlangt werden.   <\/p>\n","protected":false},"excerpt":{"rendered":"<p>Wie bekomme ich ein Visum f\u00fcr die USA? Ob Sie in die USA f\u00fcr einen vor\u00fcbergehenden Aufenthalt reisen oder sich dort dauerhaft niederlassen m\u00f6chten, Sie ben\u00f6tigen f\u00fcr die Einreise in die USA eine Genehmigung, die auch als Visum bezeichnet wird. In diesem Artikel zeigen wir Ihnen, wie Sie ein USA-Visum beantragen k\u00f6nnen und stellen Ihnen [&hellip;]<\/p>\n","protected":false},"author":1,"featured_media":0,"parent":0,"menu_order":0,"comment_status":"closed","ping_status":"closed","template":"","meta":{"footnotes":""},"class_list":["post-1757","page","type-page","status-publish","hentry"],"yoast_head":"<!-- This site is optimized with the Yoast SEO plugin v26.2 - https:\/\/yoast.com\/wordpress\/plugins\/seo\/ -->\n<title>Beantragung eines Visums f\u00fcr die USA<\/title>\n<meta name=\"description\" content=\"Unabh\u00e4ngig davon, ob Sie sich vor\u00fcbergehend oder dauerhaft in den USA aufhalten m\u00f6chten, k\u00f6nnen Sie ein Visum f\u00fcr die USA erhalten.\" \/>\n<meta name=\"robots\" content=\"index, follow, max-snippet:-1, max-image-preview:large, max-video-preview:-1\" \/>\n<link rel=\"canonical\" href=\"https:\/\/www.esta-officiel-usa.com\/de\/beantragung-eines-visums-fuer-die-usa\/\" \/>\n<meta property=\"og:locale\" content=\"de_DE\" \/>\n<meta property=\"og:type\" content=\"article\" \/>\n<meta property=\"og:title\" content=\"Beantragung eines Visums f\u00fcr die USA\" \/>\n<meta property=\"og:description\" content=\"Unabh\u00e4ngig davon, ob Sie sich vor\u00fcbergehend oder dauerhaft in den USA aufhalten m\u00f6chten, k\u00f6nnen Sie ein Visum f\u00fcr die USA erhalten.\" \/>\n<meta property=\"og:url\" content=\"https:\/\/www.esta-officiel-usa.com\/de\/beantragung-eines-visums-fuer-die-usa\/\" \/>\n<meta property=\"og:site_name\" content=\"ESTA - Vereinigte Staaten\" \/>\n<meta property=\"article:modified_time\" content=\"2025-09-13T12:05:30+00:00\" \/>\n<meta name=\"twitter:card\" content=\"summary_large_image\" \/>\n<meta name=\"twitter:label1\" content=\"Gesch\u00e4tzte Lesezeit\" \/>\n\t<meta name=\"twitter:data1\" content=\"4\u00a0Minuten\" \/>\n<script type=\"application\/ld+json\" class=\"yoast-schema-graph\">{\"@context\":\"https:\/\/schema.org\",\"@graph\":[{\"@type\":\"WebPage\",\"@id\":\"https:\/\/www.esta-officiel-usa.com\/de\/beantragung-eines-visums-fuer-die-usa\/\",\"url\":\"https:\/\/www.esta-officiel-usa.com\/de\/beantragung-eines-visums-fuer-die-usa\/\",\"name\":\"Beantragung eines Visums f\u00fcr die USA\",\"isPartOf\":{\"@id\":\"https:\/\/www.esta-officiel-usa.com\/de\/#website\"},\"datePublished\":\"2025-09-13T12:05:28+00:00\",\"dateModified\":\"2025-09-13T12:05:30+00:00\",\"description\":\"Unabh\u00e4ngig davon, ob Sie sich vor\u00fcbergehend oder dauerhaft in den USA aufhalten m\u00f6chten, k\u00f6nnen Sie ein Visum f\u00fcr die USA erhalten.\",\"breadcrumb\":{\"@id\":\"https:\/\/www.esta-officiel-usa.com\/de\/beantragung-eines-visums-fuer-die-usa\/#breadcrumb\"},\"inLanguage\":\"de\",\"potentialAction\":[{\"@type\":\"ReadAction\",\"target\":[\"https:\/\/www.esta-officiel-usa.com\/de\/beantragung-eines-visums-fuer-die-usa\/\"]}]},{\"@type\":\"BreadcrumbList\",\"@id\":\"https:\/\/www.esta-officiel-usa.com\/de\/beantragung-eines-visums-fuer-die-usa\/#breadcrumb\",\"itemListElement\":[{\"@type\":\"ListItem\",\"position\":1,\"name\":\"Home\",\"item\":\"https:\/\/www.esta-officiel-usa.com\/de\/\"},{\"@type\":\"ListItem\",\"position\":2,\"name\":\"Beantragung eines Visums f\u00fcr die USA\"}]},{\"@type\":\"WebSite\",\"@id\":\"https:\/\/www.esta-officiel-usa.com\/de\/#website\",\"url\":\"https:\/\/www.esta-officiel-usa.com\/de\/\",\"name\":\"ESTA - Vereinigte Staaten\",\"description\":\"ESTA-Antragsformular\",\"potentialAction\":[{\"@type\":\"SearchAction\",\"target\":{\"@type\":\"EntryPoint\",\"urlTemplate\":\"https:\/\/www.esta-officiel-usa.com\/de\/?s={search_term_string}\"},\"query-input\":{\"@type\":\"PropertyValueSpecification\",\"valueRequired\":true,\"valueName\":\"search_term_string\"}}],\"inLanguage\":\"de\"}]}<\/script>\n<!-- \/ Yoast SEO plugin. -->","yoast_head_json":{"title":"Beantragung eines Visums f\u00fcr die USA","description":"Unabh\u00e4ngig davon, ob Sie sich vor\u00fcbergehend oder dauerhaft in den USA aufhalten m\u00f6chten, k\u00f6nnen Sie ein Visum f\u00fcr die USA erhalten.","robots":{"index":"index","follow":"follow","max-snippet":"max-snippet:-1","max-image-preview":"max-image-preview:large","max-video-preview":"max-video-preview:-1"},"canonical":"https:\/\/www.esta-officiel-usa.com\/de\/beantragung-eines-visums-fuer-die-usa\/","og_locale":"de_DE","og_type":"article","og_title":"Beantragung eines Visums f\u00fcr die USA","og_description":"Unabh\u00e4ngig davon, ob Sie sich vor\u00fcbergehend oder dauerhaft in den USA aufhalten m\u00f6chten, k\u00f6nnen Sie ein Visum f\u00fcr die USA erhalten.","og_url":"https:\/\/www.esta-officiel-usa.com\/de\/beantragung-eines-visums-fuer-die-usa\/","og_site_name":"ESTA - Vereinigte Staaten","article_modified_time":"2025-09-13T12:05:30+00:00","twitter_card":"summary_large_image","twitter_misc":{"Gesch\u00e4tzte Lesezeit":"4\u00a0Minuten"},"schema":{"@context":"https:\/\/schema.org","@graph":[{"@type":"WebPage","@id":"https:\/\/www.esta-officiel-usa.com\/de\/beantragung-eines-visums-fuer-die-usa\/","url":"https:\/\/www.esta-officiel-usa.com\/de\/beantragung-eines-visums-fuer-die-usa\/","name":"Beantragung eines Visums f\u00fcr die USA","isPartOf":{"@id":"https:\/\/www.esta-officiel-usa.com\/de\/#website"},"datePublished":"2025-09-13T12:05:28+00:00","dateModified":"2025-09-13T12:05:30+00:00","description":"Unabh\u00e4ngig davon, ob Sie sich vor\u00fcbergehend oder dauerhaft in den USA aufhalten m\u00f6chten, k\u00f6nnen Sie ein Visum f\u00fcr die USA erhalten.","breadcrumb":{"@id":"https:\/\/www.esta-officiel-usa.com\/de\/beantragung-eines-visums-fuer-die-usa\/#breadcrumb"},"inLanguage":"de","potentialAction":[{"@type":"ReadAction","target":["https:\/\/www.esta-officiel-usa.com\/de\/beantragung-eines-visums-fuer-die-usa\/"]}]},{"@type":"BreadcrumbList","@id":"https:\/\/www.esta-officiel-usa.com\/de\/beantragung-eines-visums-fuer-die-usa\/#breadcrumb","itemListElement":[{"@type":"ListItem","position":1,"name":"Home","item":"https:\/\/www.esta-officiel-usa.com\/de\/"},{"@type":"ListItem","position":2,"name":"Beantragung eines Visums f\u00fcr die USA"}]},{"@type":"WebSite","@id":"https:\/\/www.esta-officiel-usa.com\/de\/#website","url":"https:\/\/www.esta-officiel-usa.com\/de\/","name":"ESTA - Vereinigte Staaten","description":"ESTA-Antragsformular","potentialAction":[{"@type":"SearchAction","target":{"@type":"EntryPoint","urlTemplate":"https:\/\/www.esta-officiel-usa.com\/de\/?s={search_term_string}"},"query-input":{"@type":"PropertyValueSpecification","valueRequired":true,"valueName":"search_term_string"}}],"inLanguage":"de"}]}},"_links":{"self":[{"href":"https:\/\/www.esta-officiel-usa.com\/de\/wp-json\/wp\/v2\/pages\/1757","targetHints":{"allow":["GET"]}}],"collection":[{"href":"https:\/\/www.esta-officiel-usa.com\/de\/wp-json\/wp\/v2\/pages"}],"about":[{"href":"https:\/\/www.esta-officiel-usa.com\/de\/wp-json\/wp\/v2\/types\/page"}],"author":[{"embeddable":true,"href":"https:\/\/www.esta-officiel-usa.com\/de\/wp-json\/wp\/v2\/users\/1"}],"replies":[{"embeddable":true,"href":"https:\/\/www.esta-officiel-usa.com\/de\/wp-json\/wp\/v2\/comments?post=1757"}],"version-history":[{"count":1,"href":"https:\/\/www.esta-officiel-usa.com\/de\/wp-json\/wp\/v2\/pages\/1757\/revisions"}],"predecessor-version":[{"id":1758,"href":"https:\/\/www.esta-officiel-usa.com\/de\/wp-json\/wp\/v2\/pages\/1757\/revisions\/1758"}],"wp:attachment":[{"href":"https:\/\/www.esta-officiel-usa.com\/de\/wp-json\/wp\/v2\/media?parent=1757"}],"curies":[{"name":"wp","href":"https:\/\/api.w.org\/{rel}","templated":true}]}}