{"id":1766,"date":"2025-09-13T12:05:42","date_gmt":"2025-09-13T12:05:42","guid":{"rendered":"https:\/\/www.esta-officiel-usa.com\/wie-sie-ihre-esta-genehmigung-aktualisieren-koennen\/"},"modified":"2025-09-13T12:05:44","modified_gmt":"2025-09-13T12:05:44","slug":"wie-sie-ihre-esta-genehmigung-aktualisieren-koennen","status":"publish","type":"page","link":"https:\/\/www.esta-officiel-usa.com\/de\/wie-sie-ihre-esta-genehmigung-aktualisieren-koennen\/","title":{"rendered":"Wie Sie Ihre ESTA-Genehmigung aktualisieren k\u00f6nnen"},"content":{"rendered":"\n<h1 class=\"wp-block-heading\">WIE KANN ICH MEINEN ESTA AKTUALISIEREN?<\/h1>\n\n<p>Das Formular, das Sie f\u00fcr Ihren <a href=\"https:\/\/www.esta-officiel-usa.com\/de\/\">ESTA-Antrag<\/a> (New York, Los Angeles, Miami&#8230;) ausf\u00fcllen m\u00fcssen, kann mit seinen vielen Fragen ein echtes Puzzle sein. Und manchmal kann es vorkommen, dass sich ein Fl\u00fcchtigkeitsfehler in Ihre Antworten einschleicht, den Sie erst bemerken, wenn Ihr Antrag best\u00e4tigt wurde. Keine Sorge, wir erkl\u00e4ren Ihnen, wie Sie Ihr ESTA \u00e4ndern und aktualisieren k\u00f6nnen.  <\/p>\n\n<h2 class=\"wp-block-heading\">WIE KANN ICH MEIN ESTA AKTUALISIEREN?<\/h2>\n\n<p>Wie bereits eingangs erw\u00e4hnt, kann es beim Ausf\u00fcllen des obligatorischen <a href=\"https:\/\/www.esta-officiel-usa.com\/de\/ausfuellen-des-esta-fragebogens-auf-deutsch\/\">ESTA-Fragebogens<\/a> zu einem Fehler kommen. Es ist aber auch m\u00f6glich, dass sich die Informationen zwischen dem Zeitpunkt der Genehmigung und dem Abreisedatum \u00e4ndern. Abh\u00e4ngig vom Status Ihres Antrags und den zu \u00e4ndernden Informationen ist eine Aktualisierung nicht m\u00f6glich.  <\/p>\n\n<p>Wenn Sie das Ausf\u00fcllen Ihres <a href=\"https:\/\/www.esta-officiel-usa.com\/de\/das-auszufuellende-esta-formular-fuer-die-usa\/\">ESTA-Antrags<\/a> gerade abgeschlossen und die Zahlung noch nicht geleistet haben, k\u00f6nnen Sie alles \u00e4ndern und aktualisieren, was Sie m\u00f6chten. Solange der Antrag noch nicht zur Best\u00e4tigung an die US-Beh\u00f6rden gesendet wurde, k\u00f6nnen Sie ihn \u00e4ndern. <\/p>\n\n<p>Wenn Sie das Senden Ihres Formulars best\u00e4tigt und die Geb\u00fchren bezahlt haben oder Ihre Autorisierung best\u00e4tigt wurde, k\u00f6nnen Sie Ihre Informationen nicht mehr \u00e4ndern, mit Ausnahme von 2 Informationen:<\/p>\n\n<ul class=\"wp-block-list\"><li>Ihre E-Mail-Adresse: Wenn ein Problem mit Ihrer E-Mail-Adresse aufgetreten ist oder wenn sich Ihre E-Mail-Adresse ge\u00e4ndert hat, k\u00f6nnen Sie hier Ihre neue Adresse angeben;<\/li><li>Die Zieladresse: Wenn Sie dieses Feld ausgef\u00fcllt haben, aber in der Zwischenzeit eine \u00c4nderung vorgenommen haben, k\u00f6nnen Sie diese Information immer noch aktualisieren.<\/li><\/ul>\n\n<h2 class=\"wp-block-heading\">IST EIN ESTA-UPDATE KOSTENPFLICHTIG?<\/h2>\n\n<p>F\u00fcr die Aktualisierung der <a href=\"https:\/\/www.esta-officiel-usa.com\/de\/der-obligatorische-esta-antrag-fuer-die-usa-im-internet\/\">obligatorischen ESTA-Informationen<\/a> (E-Mail-Adresse und Zieladresse) fallen keine zus\u00e4tzlichen Kosten an: Die \u00c4nderungen sind v\u00f6llig <a href=\"https:\/\/www.esta-officiel-usa.com\/fr\/lautorisation-esta-gratuit\/\">kostenlos<\/a>.<\/p>\n\n<p>Abgesehen von diesen speziellen \u00c4nderungen m\u00fcssen Sie leider f\u00fcr jede weitere \u00c4nderung erneut eine Genehmigung beantragen&#8230; Wenn Ihr ESTA abgelehnt wurde und Sie glauben, dass dies auf einen Tippfehler oder eine Unachtsamkeit zur\u00fcckzuf\u00fchren ist, k\u00f6nnen Sie Ihr Gl\u00fcck erneut versuchen und die Antragsgeb\u00fchr erneut zahlen. Wenn Sie Ihre Genehmigung vor l\u00e4ngerer Zeit erhalten haben und sich wichtige Informationen ge\u00e4ndert haben (z. B. Ihr Reisepass), wird Ihr Dokument durch diese \u00c4nderungen ung\u00fcltig. In diesem Fall m\u00fcssen Sie<a href=\"https:\/\/www.esta-officiel-usa.com\/de\/esta-verlaengern\/\"> Ihren ESTA-Antrag erneuern<\/a>.   <\/p>\n\n<p>Um diese Art von Unannehmlichkeiten zu vermeiden, bieten wir auf esta-officiel-usa.com an, das gesamte <a href=\"https:\/\/www.esta-officiel-usa.com\/de\/das-esta-verfahren-fuer-die-vereinigten-staaten-von-amerika\/\">ESTA-Verfahren<\/a> zu \u00fcbernehmen, damit Sie sich auf das Wesentliche konzentrieren k\u00f6nnen. Wir \u00fcberpr\u00fcfen und korrigieren (falls erforderlich) Ihre Angaben, damit Sie Ihr ESTA auf Anhieb und in k\u00fcrzester Zeit erhalten. <br\/><\/p>\n","protected":false},"excerpt":{"rendered":"<p>WIE KANN ICH MEINEN ESTA AKTUALISIEREN? Das Formular, das Sie f\u00fcr Ihren ESTA-Antrag (New York, Los Angeles, Miami&#8230;) ausf\u00fcllen m\u00fcssen, kann mit seinen vielen Fragen ein echtes Puzzle sein. Und manchmal kann es vorkommen, dass sich ein Fl\u00fcchtigkeitsfehler in Ihre Antworten einschleicht, den Sie erst bemerken, wenn Ihr Antrag best\u00e4tigt wurde. Keine Sorge, wir erkl\u00e4ren [&hellip;]<\/p>\n","protected":false},"author":1,"featured_media":0,"parent":0,"menu_order":0,"comment_status":"closed","ping_status":"closed","template":"","meta":{"footnotes":""},"class_list":["post-1766","page","type-page","status-publish","hentry"],"yoast_head":"<!-- This site is optimized with the Yoast SEO plugin v26.2 - https:\/\/yoast.com\/wordpress\/plugins\/seo\/ -->\n<title>Wie Sie Ihre ESTA-Genehmigung aktualisieren k\u00f6nnen<\/title>\n<meta name=\"description\" content=\"Es kann vorkommen, dass sich ein Fl\u00fcchtigkeitsfehler in das Formular eingeschlichen hat, den Sie erst nach dem Ausf\u00fcllen bemerken.\" \/>\n<meta name=\"robots\" content=\"index, follow, max-snippet:-1, max-image-preview:large, max-video-preview:-1\" \/>\n<link rel=\"canonical\" href=\"https:\/\/www.esta-officiel-usa.com\/de\/wie-sie-ihre-esta-genehmigung-aktualisieren-koennen\/\" \/>\n<meta property=\"og:locale\" content=\"de_DE\" \/>\n<meta property=\"og:type\" content=\"article\" \/>\n<meta property=\"og:title\" content=\"Wie Sie Ihre ESTA-Genehmigung aktualisieren k\u00f6nnen\" \/>\n<meta property=\"og:description\" content=\"Es kann vorkommen, dass sich ein Fl\u00fcchtigkeitsfehler in das Formular eingeschlichen hat, den Sie erst nach dem Ausf\u00fcllen bemerken.\" \/>\n<meta property=\"og:url\" content=\"https:\/\/www.esta-officiel-usa.com\/de\/wie-sie-ihre-esta-genehmigung-aktualisieren-koennen\/\" \/>\n<meta property=\"og:site_name\" content=\"ESTA - Vereinigte Staaten\" \/>\n<meta property=\"article:modified_time\" content=\"2025-09-13T12:05:44+00:00\" \/>\n<meta name=\"twitter:card\" content=\"summary_large_image\" \/>\n<meta name=\"twitter:label1\" content=\"Gesch\u00e4tzte Lesezeit\" \/>\n\t<meta name=\"twitter:data1\" content=\"2\u00a0Minuten\" \/>\n<script type=\"application\/ld+json\" class=\"yoast-schema-graph\">{\"@context\":\"https:\/\/schema.org\",\"@graph\":[{\"@type\":\"WebPage\",\"@id\":\"https:\/\/www.esta-officiel-usa.com\/de\/wie-sie-ihre-esta-genehmigung-aktualisieren-koennen\/\",\"url\":\"https:\/\/www.esta-officiel-usa.com\/de\/wie-sie-ihre-esta-genehmigung-aktualisieren-koennen\/\",\"name\":\"Wie Sie Ihre ESTA-Genehmigung aktualisieren k\u00f6nnen\",\"isPartOf\":{\"@id\":\"https:\/\/www.esta-officiel-usa.com\/de\/#website\"},\"datePublished\":\"2025-09-13T12:05:42+00:00\",\"dateModified\":\"2025-09-13T12:05:44+00:00\",\"description\":\"Es kann vorkommen, dass sich ein Fl\u00fcchtigkeitsfehler in das Formular eingeschlichen hat, den Sie erst nach dem Ausf\u00fcllen bemerken.\",\"breadcrumb\":{\"@id\":\"https:\/\/www.esta-officiel-usa.com\/de\/wie-sie-ihre-esta-genehmigung-aktualisieren-koennen\/#breadcrumb\"},\"inLanguage\":\"de\",\"potentialAction\":[{\"@type\":\"ReadAction\",\"target\":[\"https:\/\/www.esta-officiel-usa.com\/de\/wie-sie-ihre-esta-genehmigung-aktualisieren-koennen\/\"]}]},{\"@type\":\"BreadcrumbList\",\"@id\":\"https:\/\/www.esta-officiel-usa.com\/de\/wie-sie-ihre-esta-genehmigung-aktualisieren-koennen\/#breadcrumb\",\"itemListElement\":[{\"@type\":\"ListItem\",\"position\":1,\"name\":\"Home\",\"item\":\"https:\/\/www.esta-officiel-usa.com\/de\/\"},{\"@type\":\"ListItem\",\"position\":2,\"name\":\"Wie Sie Ihre ESTA-Genehmigung aktualisieren k\u00f6nnen\"}]},{\"@type\":\"WebSite\",\"@id\":\"https:\/\/www.esta-officiel-usa.com\/de\/#website\",\"url\":\"https:\/\/www.esta-officiel-usa.com\/de\/\",\"name\":\"ESTA - Vereinigte Staaten\",\"description\":\"ESTA-Antragsformular\",\"potentialAction\":[{\"@type\":\"SearchAction\",\"target\":{\"@type\":\"EntryPoint\",\"urlTemplate\":\"https:\/\/www.esta-officiel-usa.com\/de\/?s={search_term_string}\"},\"query-input\":{\"@type\":\"PropertyValueSpecification\",\"valueRequired\":true,\"valueName\":\"search_term_string\"}}],\"inLanguage\":\"de\"}]}<\/script>\n<!-- \/ Yoast SEO plugin. -->","yoast_head_json":{"title":"Wie Sie Ihre ESTA-Genehmigung aktualisieren k\u00f6nnen","description":"Es kann vorkommen, dass sich ein Fl\u00fcchtigkeitsfehler in das Formular eingeschlichen hat, den Sie erst nach dem Ausf\u00fcllen bemerken.","robots":{"index":"index","follow":"follow","max-snippet":"max-snippet:-1","max-image-preview":"max-image-preview:large","max-video-preview":"max-video-preview:-1"},"canonical":"https:\/\/www.esta-officiel-usa.com\/de\/wie-sie-ihre-esta-genehmigung-aktualisieren-koennen\/","og_locale":"de_DE","og_type":"article","og_title":"Wie Sie Ihre ESTA-Genehmigung aktualisieren k\u00f6nnen","og_description":"Es kann vorkommen, dass sich ein Fl\u00fcchtigkeitsfehler in das Formular eingeschlichen hat, den Sie erst nach dem Ausf\u00fcllen bemerken.","og_url":"https:\/\/www.esta-officiel-usa.com\/de\/wie-sie-ihre-esta-genehmigung-aktualisieren-koennen\/","og_site_name":"ESTA - Vereinigte Staaten","article_modified_time":"2025-09-13T12:05:44+00:00","twitter_card":"summary_large_image","twitter_misc":{"Gesch\u00e4tzte Lesezeit":"2\u00a0Minuten"},"schema":{"@context":"https:\/\/schema.org","@graph":[{"@type":"WebPage","@id":"https:\/\/www.esta-officiel-usa.com\/de\/wie-sie-ihre-esta-genehmigung-aktualisieren-koennen\/","url":"https:\/\/www.esta-officiel-usa.com\/de\/wie-sie-ihre-esta-genehmigung-aktualisieren-koennen\/","name":"Wie Sie Ihre ESTA-Genehmigung aktualisieren k\u00f6nnen","isPartOf":{"@id":"https:\/\/www.esta-officiel-usa.com\/de\/#website"},"datePublished":"2025-09-13T12:05:42+00:00","dateModified":"2025-09-13T12:05:44+00:00","description":"Es kann vorkommen, dass sich ein Fl\u00fcchtigkeitsfehler in das Formular eingeschlichen hat, den Sie erst nach dem Ausf\u00fcllen bemerken.","breadcrumb":{"@id":"https:\/\/www.esta-officiel-usa.com\/de\/wie-sie-ihre-esta-genehmigung-aktualisieren-koennen\/#breadcrumb"},"inLanguage":"de","potentialAction":[{"@type":"ReadAction","target":["https:\/\/www.esta-officiel-usa.com\/de\/wie-sie-ihre-esta-genehmigung-aktualisieren-koennen\/"]}]},{"@type":"BreadcrumbList","@id":"https:\/\/www.esta-officiel-usa.com\/de\/wie-sie-ihre-esta-genehmigung-aktualisieren-koennen\/#breadcrumb","itemListElement":[{"@type":"ListItem","position":1,"name":"Home","item":"https:\/\/www.esta-officiel-usa.com\/de\/"},{"@type":"ListItem","position":2,"name":"Wie Sie Ihre ESTA-Genehmigung aktualisieren k\u00f6nnen"}]},{"@type":"WebSite","@id":"https:\/\/www.esta-officiel-usa.com\/de\/#website","url":"https:\/\/www.esta-officiel-usa.com\/de\/","name":"ESTA - Vereinigte Staaten","description":"ESTA-Antragsformular","potentialAction":[{"@type":"SearchAction","target":{"@type":"EntryPoint","urlTemplate":"https:\/\/www.esta-officiel-usa.com\/de\/?s={search_term_string}"},"query-input":{"@type":"PropertyValueSpecification","valueRequired":true,"valueName":"search_term_string"}}],"inLanguage":"de"}]}},"_links":{"self":[{"href":"https:\/\/www.esta-officiel-usa.com\/de\/wp-json\/wp\/v2\/pages\/1766","targetHints":{"allow":["GET"]}}],"collection":[{"href":"https:\/\/www.esta-officiel-usa.com\/de\/wp-json\/wp\/v2\/pages"}],"about":[{"href":"https:\/\/www.esta-officiel-usa.com\/de\/wp-json\/wp\/v2\/types\/page"}],"author":[{"embeddable":true,"href":"https:\/\/www.esta-officiel-usa.com\/de\/wp-json\/wp\/v2\/users\/1"}],"replies":[{"embeddable":true,"href":"https:\/\/www.esta-officiel-usa.com\/de\/wp-json\/wp\/v2\/comments?post=1766"}],"version-history":[{"count":1,"href":"https:\/\/www.esta-officiel-usa.com\/de\/wp-json\/wp\/v2\/pages\/1766\/revisions"}],"predecessor-version":[{"id":1767,"href":"https:\/\/www.esta-officiel-usa.com\/de\/wp-json\/wp\/v2\/pages\/1766\/revisions\/1767"}],"wp:attachment":[{"href":"https:\/\/www.esta-officiel-usa.com\/de\/wp-json\/wp\/v2\/media?parent=1766"}],"curies":[{"name":"wp","href":"https:\/\/api.w.org\/{rel}","templated":true}]}}