{"id":1776,"date":"2025-09-13T12:05:56","date_gmt":"2025-09-13T12:05:56","guid":{"rendered":"https:\/\/www.esta-officiel-usa.com\/esta-kostet-nicht-mehr-14\/"},"modified":"2025-09-13T12:05:57","modified_gmt":"2025-09-13T12:05:57","slug":"esta-kostet-nicht-mehr-14","status":"publish","type":"page","link":"https:\/\/www.esta-officiel-usa.com\/de\/esta-kostet-nicht-mehr-14\/","title":{"rendered":"ESTA kostet nicht mehr 14 $."},"content":{"rendered":"\n<h1 class=\"wp-block-heading\">Was kostet es, ein ESTA zu beantragen?<\/h1>\n\n<p>ESTA ist eine obligatorische Genehmigung f\u00fcr Personen, die in die USA einreisen m\u00f6chten. Es muss mindestens 72 Stunden vor der geplanten Abreise beantragt werden und es wird eine Geb\u00fchr von $21 erhoben. <\/p>\n\n<h2 class=\"wp-block-heading\">Warum 21 $ f\u00fcr ESTA zahlen?<\/h2>\n\n<p>Um in die USA reisen zu k\u00f6nnen, m\u00fcssen Sie<a href=\"https:\/\/www.esta-officiel-usa.com\/de\/\">ein ESTA<\/a> beantragen. Dieser wird durch Ausf\u00fcllen eines Formulars erworben, in dem verschiedene Informationen \u00fcber die Identit\u00e4t des Reisenden abgefragt werden. Die Genehmigung ist nur f\u00fcr B\u00fcrger von L\u00e4ndern erh\u00e4ltlich, die am Programm f\u00fcr visumfreies Reisen teilnehmen, darunter auch Frankreich. Au\u00dferdem m\u00fcssen Sie einen biometrischen oder elektronischen Reisepass besitzen. Ohne einen solchen Pass kann das ESTA nicht ausgestellt werden.    <\/p>\n\n<p>Das Verfahren zur Erteilung der Genehmigung ist nur <a href=\"https:\/\/www.esta-officiel-usa.com\/de\/esta-formular-online-beantragen\/\">online<\/a> m\u00f6glich. Es ist daher unerl\u00e4sslich, dass Sie \u00fcber ein Zahlungsmittel verf\u00fcgen, das online verwendet werden kann. Der Betrag von 21 $ ist ein Preis, der von der US-Regierung festgelegt wurde, um die Bearbeitungsgeb\u00fchr zu decken. Die <a href=\"https:\/\/www.esta-officiel-usa.com\/de\/esta-kostet-nicht-mehr-14\/\">Geb\u00fchren<\/a> werden wie folgt verteilt:   <\/p>\n\n<ul class=\"wp-block-list\">\n<li>17 $ gehen an verschiedene Organisationen, die mit der US-Regierung zusammenarbeiten, um den touristischen Aspekt des Landes zu f\u00f6rdern;<\/li>\n\n\n\n<li>4 $ sind f\u00fcr ESTA-Dienstleistungen bestimmt.<\/li>\n<\/ul>\n","protected":false},"excerpt":{"rendered":"<p>Was kostet es, ein ESTA zu beantragen? ESTA ist eine obligatorische Genehmigung f\u00fcr Personen, die in die USA einreisen m\u00f6chten. Es muss mindestens 72 Stunden vor der geplanten Abreise beantragt werden und es wird eine Geb\u00fchr von $21 erhoben. Warum 21 $ f\u00fcr ESTA zahlen? Um in die USA reisen zu k\u00f6nnen, m\u00fcssen Sieein ESTA [&hellip;]<\/p>\n","protected":false},"author":1,"featured_media":0,"parent":0,"menu_order":0,"comment_status":"closed","ping_status":"closed","template":"","meta":{"footnotes":""},"class_list":["post-1776","page","type-page","status-publish","hentry"],"yoast_head":"<!-- This site is optimized with the Yoast SEO plugin v26.2 - https:\/\/yoast.com\/wordpress\/plugins\/seo\/ -->\n<title>ESTA kostet nicht mehr 14 $.<\/title>\n<meta name=\"description\" content=\"Der ESTA-Antrag ist eine notwendige Formalit\u00e4t f\u00fcr die Einreise in die USA und kostet 21 USD.\" \/>\n<meta name=\"robots\" content=\"index, follow, max-snippet:-1, max-image-preview:large, max-video-preview:-1\" \/>\n<link rel=\"canonical\" href=\"https:\/\/www.esta-officiel-usa.com\/de\/esta-kostet-nicht-mehr-14\/\" \/>\n<meta property=\"og:locale\" content=\"de_DE\" \/>\n<meta property=\"og:type\" content=\"article\" \/>\n<meta property=\"og:title\" content=\"ESTA kostet nicht mehr 14 $.\" \/>\n<meta property=\"og:description\" content=\"Der ESTA-Antrag ist eine notwendige Formalit\u00e4t f\u00fcr die Einreise in die USA und kostet 21 USD.\" \/>\n<meta property=\"og:url\" content=\"https:\/\/www.esta-officiel-usa.com\/de\/esta-kostet-nicht-mehr-14\/\" \/>\n<meta property=\"og:site_name\" content=\"ESTA - Vereinigte Staaten\" \/>\n<meta property=\"article:modified_time\" content=\"2025-09-13T12:05:57+00:00\" \/>\n<meta name=\"twitter:card\" content=\"summary_large_image\" \/>\n<meta name=\"twitter:label1\" content=\"Gesch\u00e4tzte Lesezeit\" \/>\n\t<meta name=\"twitter:data1\" content=\"1\u00a0Minute\" \/>\n<script type=\"application\/ld+json\" class=\"yoast-schema-graph\">{\"@context\":\"https:\/\/schema.org\",\"@graph\":[{\"@type\":\"WebPage\",\"@id\":\"https:\/\/www.esta-officiel-usa.com\/de\/esta-kostet-nicht-mehr-14\/\",\"url\":\"https:\/\/www.esta-officiel-usa.com\/de\/esta-kostet-nicht-mehr-14\/\",\"name\":\"ESTA kostet nicht mehr 14 $.\",\"isPartOf\":{\"@id\":\"https:\/\/www.esta-officiel-usa.com\/de\/#website\"},\"datePublished\":\"2025-09-13T12:05:56+00:00\",\"dateModified\":\"2025-09-13T12:05:57+00:00\",\"description\":\"Der ESTA-Antrag ist eine notwendige Formalit\u00e4t f\u00fcr die Einreise in die USA und kostet 21 USD.\",\"breadcrumb\":{\"@id\":\"https:\/\/www.esta-officiel-usa.com\/de\/esta-kostet-nicht-mehr-14\/#breadcrumb\"},\"inLanguage\":\"de\",\"potentialAction\":[{\"@type\":\"ReadAction\",\"target\":[\"https:\/\/www.esta-officiel-usa.com\/de\/esta-kostet-nicht-mehr-14\/\"]}]},{\"@type\":\"BreadcrumbList\",\"@id\":\"https:\/\/www.esta-officiel-usa.com\/de\/esta-kostet-nicht-mehr-14\/#breadcrumb\",\"itemListElement\":[{\"@type\":\"ListItem\",\"position\":1,\"name\":\"Home\",\"item\":\"https:\/\/www.esta-officiel-usa.com\/de\/\"},{\"@type\":\"ListItem\",\"position\":2,\"name\":\"ESTA kostet nicht mehr 14 $.\"}]},{\"@type\":\"WebSite\",\"@id\":\"https:\/\/www.esta-officiel-usa.com\/de\/#website\",\"url\":\"https:\/\/www.esta-officiel-usa.com\/de\/\",\"name\":\"ESTA - Vereinigte Staaten\",\"description\":\"ESTA-Antragsformular\",\"potentialAction\":[{\"@type\":\"SearchAction\",\"target\":{\"@type\":\"EntryPoint\",\"urlTemplate\":\"https:\/\/www.esta-officiel-usa.com\/de\/?s={search_term_string}\"},\"query-input\":{\"@type\":\"PropertyValueSpecification\",\"valueRequired\":true,\"valueName\":\"search_term_string\"}}],\"inLanguage\":\"de\"}]}<\/script>\n<!-- \/ Yoast SEO plugin. -->","yoast_head_json":{"title":"ESTA kostet nicht mehr 14 $.","description":"Der ESTA-Antrag ist eine notwendige Formalit\u00e4t f\u00fcr die Einreise in die USA und kostet 21 USD.","robots":{"index":"index","follow":"follow","max-snippet":"max-snippet:-1","max-image-preview":"max-image-preview:large","max-video-preview":"max-video-preview:-1"},"canonical":"https:\/\/www.esta-officiel-usa.com\/de\/esta-kostet-nicht-mehr-14\/","og_locale":"de_DE","og_type":"article","og_title":"ESTA kostet nicht mehr 14 $.","og_description":"Der ESTA-Antrag ist eine notwendige Formalit\u00e4t f\u00fcr die Einreise in die USA und kostet 21 USD.","og_url":"https:\/\/www.esta-officiel-usa.com\/de\/esta-kostet-nicht-mehr-14\/","og_site_name":"ESTA - Vereinigte Staaten","article_modified_time":"2025-09-13T12:05:57+00:00","twitter_card":"summary_large_image","twitter_misc":{"Gesch\u00e4tzte Lesezeit":"1\u00a0Minute"},"schema":{"@context":"https:\/\/schema.org","@graph":[{"@type":"WebPage","@id":"https:\/\/www.esta-officiel-usa.com\/de\/esta-kostet-nicht-mehr-14\/","url":"https:\/\/www.esta-officiel-usa.com\/de\/esta-kostet-nicht-mehr-14\/","name":"ESTA kostet nicht mehr 14 $.","isPartOf":{"@id":"https:\/\/www.esta-officiel-usa.com\/de\/#website"},"datePublished":"2025-09-13T12:05:56+00:00","dateModified":"2025-09-13T12:05:57+00:00","description":"Der ESTA-Antrag ist eine notwendige Formalit\u00e4t f\u00fcr die Einreise in die USA und kostet 21 USD.","breadcrumb":{"@id":"https:\/\/www.esta-officiel-usa.com\/de\/esta-kostet-nicht-mehr-14\/#breadcrumb"},"inLanguage":"de","potentialAction":[{"@type":"ReadAction","target":["https:\/\/www.esta-officiel-usa.com\/de\/esta-kostet-nicht-mehr-14\/"]}]},{"@type":"BreadcrumbList","@id":"https:\/\/www.esta-officiel-usa.com\/de\/esta-kostet-nicht-mehr-14\/#breadcrumb","itemListElement":[{"@type":"ListItem","position":1,"name":"Home","item":"https:\/\/www.esta-officiel-usa.com\/de\/"},{"@type":"ListItem","position":2,"name":"ESTA kostet nicht mehr 14 $."}]},{"@type":"WebSite","@id":"https:\/\/www.esta-officiel-usa.com\/de\/#website","url":"https:\/\/www.esta-officiel-usa.com\/de\/","name":"ESTA - Vereinigte Staaten","description":"ESTA-Antragsformular","potentialAction":[{"@type":"SearchAction","target":{"@type":"EntryPoint","urlTemplate":"https:\/\/www.esta-officiel-usa.com\/de\/?s={search_term_string}"},"query-input":{"@type":"PropertyValueSpecification","valueRequired":true,"valueName":"search_term_string"}}],"inLanguage":"de"}]}},"_links":{"self":[{"href":"https:\/\/www.esta-officiel-usa.com\/de\/wp-json\/wp\/v2\/pages\/1776","targetHints":{"allow":["GET"]}}],"collection":[{"href":"https:\/\/www.esta-officiel-usa.com\/de\/wp-json\/wp\/v2\/pages"}],"about":[{"href":"https:\/\/www.esta-officiel-usa.com\/de\/wp-json\/wp\/v2\/types\/page"}],"author":[{"embeddable":true,"href":"https:\/\/www.esta-officiel-usa.com\/de\/wp-json\/wp\/v2\/users\/1"}],"replies":[{"embeddable":true,"href":"https:\/\/www.esta-officiel-usa.com\/de\/wp-json\/wp\/v2\/comments?post=1776"}],"version-history":[{"count":1,"href":"https:\/\/www.esta-officiel-usa.com\/de\/wp-json\/wp\/v2\/pages\/1776\/revisions"}],"predecessor-version":[{"id":1778,"href":"https:\/\/www.esta-officiel-usa.com\/de\/wp-json\/wp\/v2\/pages\/1776\/revisions\/1778"}],"wp:attachment":[{"href":"https:\/\/www.esta-officiel-usa.com\/de\/wp-json\/wp\/v2\/media?parent=1776"}],"curies":[{"name":"wp","href":"https:\/\/api.w.org\/{rel}","templated":true}]}}