{"id":1781,"date":"2025-09-13T12:05:57","date_gmt":"2025-09-13T12:05:57","guid":{"rendered":"https:\/\/www.esta-officiel-usa.com\/kostenlose-esta-genehmigung\/"},"modified":"2025-09-13T12:05:59","modified_gmt":"2025-09-13T12:05:59","slug":"kostenlose-esta-genehmigung","status":"publish","type":"page","link":"https:\/\/www.esta-officiel-usa.com\/de\/kostenlose-esta-genehmigung\/","title":{"rendered":"Kostenlose ESTA-Genehmigung"},"content":{"rendered":"\n<h1 class=\"wp-block-heading\">ESTA GRATIS<\/h1>\n\n<p>Das Electronic System for Travel Authorization ist ein Dokument, das von der US-Regierung f\u00fcr Staatsangeh\u00f6rige der L\u00e4nder ausgestellt wird, die am <a href=\"https:\/\/www.esta-officiel-usa.com\/de\/ueber-das-visa-waiver-program\/\">Visa Waiver Program<\/a> teilnehmen. Es erm\u00f6glicht Reisenden, in die USA einzureisen, ohne vorher ein Visum beantragen zu m\u00fcssen, sondern lediglich ein <a href=\"https:\/\/www.esta-officiel-usa.com\/de\/\">ESTA<\/a>. In diesem Artikel werden wir die Definition des ESTA erl\u00e4utern und die Frage beantworten, ob man ein kostenloses ESTA erhalten kann.  <\/p>\n\n<h2 class=\"wp-block-heading\">KOSTENLOSER ESTA: WIE FUNKTIONIERT DAS?<\/h2>\n\n<p>Millionen von Reisenden besuchen jedes Jahr die Vereinigten Staaten und m\u00fcssen daher vor dem Betreten eines Flugzeugs oder Schiffes <a href=\"https:\/\/www.esta-officiel-usa.com\/de\/esta-formular-online-beantragen\/\">online<\/a> ein ESTA beantragen. Eine ESTA-Genehmigung berechtigt zu einem Aufenthalt von bis zu 90 aufeinanderfolgenden Tagen f\u00fcr touristische oder gesch\u00e4ftliche Zwecke. Der Zugang zum ESTA-Online-Formular ist auf der Website des US-Zolls oder auf spezialisierten Plattformen kostenlos, aber es wird eine Bearbeitungsgeb\u00fchr von <a href=\"https:\/\/www.esta-officiel-usa.com\/de\/esta-kostet-nicht-mehr-14\/\">21 $<\/a> erhoben, um den Antrag abzuschlie\u00dfen.<br\/>Bevor Sie mit dem Verfahren beginnen, ist es wichtig, dass Sie die Bedingungen f\u00fcr den Erhalt eines ESTA kennen:  <\/p>\n\n<ul class=\"wp-block-list\">\n<li>Staatsangeh\u00f6rigkeit eines der Partnerl\u00e4nder des VWP, aber keine doppelte Staatsangeh\u00f6rigkeit wie die syrische, irakische, iranische oder sudanesische;<\/li>\n\n\n\n<li>Besitz eines elektronischen oder biometrischen Reisepasses, der f\u00fcr die Dauer des Aufenthalts g\u00fcltig ist;<\/li>\n\n\n\n<li>Planen Sie einen Aufenthalt von weniger als 90 Tagen aus touristischen oder gesch\u00e4ftlichen Gr\u00fcnden;<\/li>\n\n\n\n<li>Sie m\u00fcssen im Besitz eines R\u00fcck- oder Weiterflugtickets sein;<\/li>\n\n\n\n<li>Die gew\u00e4hlte Flug- oder Schifffahrtsgesellschaft ist von der US-Regierung zugelassen;<\/li>\n\n\n\n<li>Keine Vorstrafen, Gesundheitsprobleme oder Reisen in ein Land, das nicht mit ESTA vereinbar ist.<\/li>\n<\/ul>\n\n<p>Das ESTA-Formular wurde Anfang 2009 eingef\u00fchrt und wurde am 8. September 2010 geb\u00fchrenpflichtig.<\/p>\n\n<h2 class=\"wp-block-heading\">WARUM GIBT ES KEIN KOSTENLOSES ESTA MEHR?<\/h2>\n\n<p>Die Bearbeitung eines ESTA-Antrags durch die US-Regierung kostet 21 USD. <a href=\"https:\/\/www.esta-officiel-usa.com\/de\/wie-man-fuer-einen-esta-antrag-bezahlt\/\">Diese Geb\u00fchr<\/a> wird f\u00fcr die Verbesserung der Sicherheit an den US-Flugh\u00e4fen und f\u00fcr die F\u00f6rderung des Tourismus in den USA verwendet. Es ist also nicht m\u00f6glich, ein kostenloses ESTA zu erhalten, aber die Genehmigung bietet erhebliche Vorteile, die den Preis rechtfertigen: <\/p>\n\n<ol class=\"wp-block-list\">\n<li>Die M\u00f6glichkeit, sich 90 Tage lang in den USA aufzuhalten;<\/li>\n\n\n\n<li>Sie k\u00f6nnen ESTA f\u00fcr den <a href=\"https:\/\/www.esta-officiel-usa.com\/de\/ist-esta-fuer-die-einreise-in-die-usa-erforderlich\/\">Transit durch<\/a> die USA verwenden;<\/li>\n\n\n\n<li>Es ist nicht erforderlich, einen Termin bei <a href=\"https:\/\/www.esta-officiel-usa.com\/de\/besuch-der-us-botschaft-fuer-ein-visum\/\">der US-Botschaft<\/a> zu vereinbaren;<\/li>\n\n\n\n<li>Visumbefreiung ;<\/li>\n\n\n\n<li>Dies geschieht online;<\/li>\n\n\n\n<li>Nur Ihr Reisepass ist erforderlich, um das <a href=\"https:\/\/www.esta-officiel-usa.com\/de\/das-auszufuellende-esta-formular-fuer-die-usa\/\">Formular<\/a> auszuf\u00fcllen;<\/li>\n\n\n\n<li>Die <a href=\"https:\/\/www.esta-officiel-usa.com\/de\/wie-lange-ist-esta-gueltig\/\">G\u00fcltigkeitsdauer<\/a> des ESTA ist auf 2 Jahre festgelegt und erlaubt mehrere Aufenthalte;<\/li>\n\n\n\n<li>Der Antrag wird in der Regel innerhalb weniger Stunden bearbeitet;<\/li>\n\n\n\n<li>Der <a href=\"https:\/\/www.esta-officiel-usa.com\/de\/esta-was-kostet-es\/\">Preis f\u00fcr ein ESTA ist zehnmal niedriger als der Preis<\/a> f\u00fcr ein herk\u00f6mmliches Visum.<\/li>\n<\/ol>\n\n<p>Das Formular ist auf der Website des US-Zolls verf\u00fcgbar. Es werden keine zus\u00e4tzlichen Dienstleistungen angeboten. Die US-Beh\u00f6rden k\u00f6nnen bei Antr\u00e4gen, die nicht den Kriterien entsprechen, sehr streng sein. Tippfehler oder eine falsche Passnummer k\u00f6nnen zur sofortigen Ablehnung Ihres Antrags f\u00fchren.   <\/p>\n","protected":false},"excerpt":{"rendered":"<p>ESTA GRATIS Das Electronic System for Travel Authorization ist ein Dokument, das von der US-Regierung f\u00fcr Staatsangeh\u00f6rige der L\u00e4nder ausgestellt wird, die am Visa Waiver Program teilnehmen. Es erm\u00f6glicht Reisenden, in die USA einzureisen, ohne vorher ein Visum beantragen zu m\u00fcssen, sondern lediglich ein ESTA. In diesem Artikel werden wir die Definition des ESTA erl\u00e4utern [&hellip;]<\/p>\n","protected":false},"author":1,"featured_media":0,"parent":0,"menu_order":0,"comment_status":"closed","ping_status":"closed","template":"","meta":{"footnotes":""},"class_list":["post-1781","page","type-page","status-publish","hentry"],"yoast_head":"<!-- This site is optimized with the Yoast SEO plugin v26.2 - https:\/\/yoast.com\/wordpress\/plugins\/seo\/ -->\n<title>Kostenlose ESTA-Genehmigung<\/title>\n<meta name=\"description\" content=\"Der Zugang zum ESTA-Online-Formular ist kostenlos, auf der Website der US-Zollbeh\u00f6rde m\u00fcssen Sie daf\u00fcr 14 USD bezahlen.\" \/>\n<meta name=\"robots\" content=\"index, follow, max-snippet:-1, max-image-preview:large, max-video-preview:-1\" \/>\n<link rel=\"canonical\" href=\"https:\/\/www.esta-officiel-usa.com\/de\/kostenlose-esta-genehmigung\/\" \/>\n<meta property=\"og:locale\" content=\"de_DE\" \/>\n<meta property=\"og:type\" content=\"article\" \/>\n<meta property=\"og:title\" content=\"Kostenlose ESTA-Genehmigung\" \/>\n<meta property=\"og:description\" content=\"Der Zugang zum ESTA-Online-Formular ist kostenlos, auf der Website der US-Zollbeh\u00f6rde m\u00fcssen Sie daf\u00fcr 14 USD bezahlen.\" \/>\n<meta property=\"og:url\" content=\"https:\/\/www.esta-officiel-usa.com\/de\/kostenlose-esta-genehmigung\/\" \/>\n<meta property=\"og:site_name\" content=\"ESTA - Vereinigte Staaten\" \/>\n<meta property=\"article:modified_time\" content=\"2025-09-13T12:05:59+00:00\" \/>\n<meta name=\"twitter:card\" content=\"summary_large_image\" \/>\n<meta name=\"twitter:label1\" content=\"Gesch\u00e4tzte Lesezeit\" \/>\n\t<meta name=\"twitter:data1\" content=\"2\u00a0Minuten\" \/>\n<script type=\"application\/ld+json\" class=\"yoast-schema-graph\">{\"@context\":\"https:\/\/schema.org\",\"@graph\":[{\"@type\":\"WebPage\",\"@id\":\"https:\/\/www.esta-officiel-usa.com\/de\/kostenlose-esta-genehmigung\/\",\"url\":\"https:\/\/www.esta-officiel-usa.com\/de\/kostenlose-esta-genehmigung\/\",\"name\":\"Kostenlose ESTA-Genehmigung\",\"isPartOf\":{\"@id\":\"https:\/\/www.esta-officiel-usa.com\/de\/#website\"},\"datePublished\":\"2025-09-13T12:05:57+00:00\",\"dateModified\":\"2025-09-13T12:05:59+00:00\",\"description\":\"Der Zugang zum ESTA-Online-Formular ist kostenlos, auf der Website der US-Zollbeh\u00f6rde m\u00fcssen Sie daf\u00fcr 14 USD bezahlen.\",\"breadcrumb\":{\"@id\":\"https:\/\/www.esta-officiel-usa.com\/de\/kostenlose-esta-genehmigung\/#breadcrumb\"},\"inLanguage\":\"de\",\"potentialAction\":[{\"@type\":\"ReadAction\",\"target\":[\"https:\/\/www.esta-officiel-usa.com\/de\/kostenlose-esta-genehmigung\/\"]}]},{\"@type\":\"BreadcrumbList\",\"@id\":\"https:\/\/www.esta-officiel-usa.com\/de\/kostenlose-esta-genehmigung\/#breadcrumb\",\"itemListElement\":[{\"@type\":\"ListItem\",\"position\":1,\"name\":\"Home\",\"item\":\"https:\/\/www.esta-officiel-usa.com\/de\/\"},{\"@type\":\"ListItem\",\"position\":2,\"name\":\"Kostenlose ESTA-Genehmigung\"}]},{\"@type\":\"WebSite\",\"@id\":\"https:\/\/www.esta-officiel-usa.com\/de\/#website\",\"url\":\"https:\/\/www.esta-officiel-usa.com\/de\/\",\"name\":\"ESTA - Vereinigte Staaten\",\"description\":\"ESTA-Antragsformular\",\"potentialAction\":[{\"@type\":\"SearchAction\",\"target\":{\"@type\":\"EntryPoint\",\"urlTemplate\":\"https:\/\/www.esta-officiel-usa.com\/de\/?s={search_term_string}\"},\"query-input\":{\"@type\":\"PropertyValueSpecification\",\"valueRequired\":true,\"valueName\":\"search_term_string\"}}],\"inLanguage\":\"de\"}]}<\/script>\n<!-- \/ Yoast SEO plugin. -->","yoast_head_json":{"title":"Kostenlose ESTA-Genehmigung","description":"Der Zugang zum ESTA-Online-Formular ist kostenlos, auf der Website der US-Zollbeh\u00f6rde m\u00fcssen Sie daf\u00fcr 14 USD bezahlen.","robots":{"index":"index","follow":"follow","max-snippet":"max-snippet:-1","max-image-preview":"max-image-preview:large","max-video-preview":"max-video-preview:-1"},"canonical":"https:\/\/www.esta-officiel-usa.com\/de\/kostenlose-esta-genehmigung\/","og_locale":"de_DE","og_type":"article","og_title":"Kostenlose ESTA-Genehmigung","og_description":"Der Zugang zum ESTA-Online-Formular ist kostenlos, auf der Website der US-Zollbeh\u00f6rde m\u00fcssen Sie daf\u00fcr 14 USD bezahlen.","og_url":"https:\/\/www.esta-officiel-usa.com\/de\/kostenlose-esta-genehmigung\/","og_site_name":"ESTA - Vereinigte Staaten","article_modified_time":"2025-09-13T12:05:59+00:00","twitter_card":"summary_large_image","twitter_misc":{"Gesch\u00e4tzte Lesezeit":"2\u00a0Minuten"},"schema":{"@context":"https:\/\/schema.org","@graph":[{"@type":"WebPage","@id":"https:\/\/www.esta-officiel-usa.com\/de\/kostenlose-esta-genehmigung\/","url":"https:\/\/www.esta-officiel-usa.com\/de\/kostenlose-esta-genehmigung\/","name":"Kostenlose ESTA-Genehmigung","isPartOf":{"@id":"https:\/\/www.esta-officiel-usa.com\/de\/#website"},"datePublished":"2025-09-13T12:05:57+00:00","dateModified":"2025-09-13T12:05:59+00:00","description":"Der Zugang zum ESTA-Online-Formular ist kostenlos, auf der Website der US-Zollbeh\u00f6rde m\u00fcssen Sie daf\u00fcr 14 USD bezahlen.","breadcrumb":{"@id":"https:\/\/www.esta-officiel-usa.com\/de\/kostenlose-esta-genehmigung\/#breadcrumb"},"inLanguage":"de","potentialAction":[{"@type":"ReadAction","target":["https:\/\/www.esta-officiel-usa.com\/de\/kostenlose-esta-genehmigung\/"]}]},{"@type":"BreadcrumbList","@id":"https:\/\/www.esta-officiel-usa.com\/de\/kostenlose-esta-genehmigung\/#breadcrumb","itemListElement":[{"@type":"ListItem","position":1,"name":"Home","item":"https:\/\/www.esta-officiel-usa.com\/de\/"},{"@type":"ListItem","position":2,"name":"Kostenlose ESTA-Genehmigung"}]},{"@type":"WebSite","@id":"https:\/\/www.esta-officiel-usa.com\/de\/#website","url":"https:\/\/www.esta-officiel-usa.com\/de\/","name":"ESTA - Vereinigte Staaten","description":"ESTA-Antragsformular","potentialAction":[{"@type":"SearchAction","target":{"@type":"EntryPoint","urlTemplate":"https:\/\/www.esta-officiel-usa.com\/de\/?s={search_term_string}"},"query-input":{"@type":"PropertyValueSpecification","valueRequired":true,"valueName":"search_term_string"}}],"inLanguage":"de"}]}},"_links":{"self":[{"href":"https:\/\/www.esta-officiel-usa.com\/de\/wp-json\/wp\/v2\/pages\/1781","targetHints":{"allow":["GET"]}}],"collection":[{"href":"https:\/\/www.esta-officiel-usa.com\/de\/wp-json\/wp\/v2\/pages"}],"about":[{"href":"https:\/\/www.esta-officiel-usa.com\/de\/wp-json\/wp\/v2\/types\/page"}],"author":[{"embeddable":true,"href":"https:\/\/www.esta-officiel-usa.com\/de\/wp-json\/wp\/v2\/users\/1"}],"replies":[{"embeddable":true,"href":"https:\/\/www.esta-officiel-usa.com\/de\/wp-json\/wp\/v2\/comments?post=1781"}],"version-history":[{"count":1,"href":"https:\/\/www.esta-officiel-usa.com\/de\/wp-json\/wp\/v2\/pages\/1781\/revisions"}],"predecessor-version":[{"id":1783,"href":"https:\/\/www.esta-officiel-usa.com\/de\/wp-json\/wp\/v2\/pages\/1781\/revisions\/1783"}],"wp:attachment":[{"href":"https:\/\/www.esta-officiel-usa.com\/de\/wp-json\/wp\/v2\/media?parent=1781"}],"curies":[{"name":"wp","href":"https:\/\/api.w.org\/{rel}","templated":true}]}}