{"id":588,"date":"2020-02-14T14:59:36","date_gmt":"2020-02-14T14:59:36","guid":{"rendered":"http:\/\/www.esta-officiel-usa.com\/esta-usa-esta-formular\/"},"modified":"2025-09-13T15:56:54","modified_gmt":"2025-09-13T15:56:54","slug":"esta-usa-esta-formular","status":"publish","type":"page","link":"https:\/\/www.esta-officiel-usa.com\/de\/","title":{"rendered":"ESTA &#8211; USA ESTA-Formular"},"content":{"rendered":"\n<h1 class=\"wp-block-heading\">Was ist die ESTA-Genehmigung?<\/h1>\n\n<p>Beantragen Sie Ihr ESTA online in wenigen Minuten und erhalten Sie innerhalb von 72 Stunden eine Best\u00e4tigung per E-Mail. Wenn Sie in einem Land leben, das am <a href=\"https:\/\/www.esta-officiel-usa.com\/de\/ueber-das-visa-waiver-program\/\">Visa Waiver Program<\/a> teilnimmt, ben\u00f6tigen Sie kein Visum, um in die USA zu reisen. <\/p>\n\n<h2 class=\"wp-block-heading\">Erhalten Sie Ihr ESTA ganz einfach<\/h2>\n\n<p>Mit dem<a href=\"https:\/\/www.esta-officiel-usa.com\/de\/was-ist-esta\/\">ESTA<\/a> (Electronic System for Travel Authorization), einer seit 2009 erforderlichen Reisegenehmigung, erhalten Sie gr\u00fcnes Licht von den US-Beh\u00f6rden, um in die USA zu reisen. Dieses Dokument bietet erhebliche Vorteile wie die Befreiung von der klassischen Visumspflicht, deren Beantragung oft teuer und zeitaufwendig ist. <\/p>\n\n<p>Das ESTA erlaubt Reisenden, sich in den USA f\u00fcr einen Zeitraum von bis zu 90 Tagen aufzuhalten, der innerhalb von zwei Jahren mehrmals verl\u00e4ngert werden kann. Die einfache und schnelle Beantragung macht das ESTA zu einem Muss f\u00fcr alle, die aus touristischen oder beruflichen Gr\u00fcnden in die USA reisen m\u00f6chten. <\/p>\n\n<h2 class=\"wp-block-heading\">N\u00fctzliche Informationen \u00fcber ESTA<\/h2>\n\n<p>Dieses elektronische Reisegenehmigungssystem wird vom <a href=\"https:\/\/www.dhs.gov\/\">US Department of Homeland Security<\/a> unterst\u00fctzt. ESTA ist eine Vorabpr\u00fcfung Ihrer Identit\u00e4t und des Grundes Ihrer Reise. Nach der Annahme Ihres Antrags und der Zahlung der Bearbeitungsgeb\u00fchr erhalten Sie Ihr Dokument, das Sie online herunterladen k\u00f6nnen. <a href=\"https:\/\/www.esta-officiel-usa.com\/de\/wie-lange-ist-esta-gueltig\/\">Die G\u00fcltigkeitsdauer des ESTA<\/a> betr\u00e4gt zwei Jahre oder bis zum Ablaufdatum Ihres Reisepasses. Innerhalb dieses Zeitraums k\u00f6nnen Sie mehrere Aufenthalte in den USA mit einer Dauer von bis zu 90 Tagen machen. Das ESTA wurde eingef\u00fchrt, um den B\u00fcrgern der L\u00e4nder, die am Visa Waiver Program teilnehmen, die Einreise in die USA zu erleichtern.    <\/p>\n\n<p><strong>Bitte beachten Sie:<\/strong> Der Preis f\u00fcr ein ESTA-Basisformular betr\u00e4gt 21 USD.<\/p>\n\n<h2 class=\"wp-block-heading\">Die verschiedenen M\u00f6glichkeiten, ein ESTA zu erhalten<\/h2>\n\n<p>Diese Formalit\u00e4t soll Reisen in die USA erleichtern. Es gibt zwei M\u00f6glichkeiten, <a href=\"https:\/\/www.esta-officiel-usa.com\/de\/esta-wie-sie-dieses-dokument-erhalten\/\">das ESTA USA-Dokument zu erhalten<\/a>: <\/p>\n\n<ul class=\"wp-block-list\">\n<li>\u00dcber eine private Plattform haben Sie Zugang zu einem vereinfachten Formular, um Ihr ESTA f\u00fcr die USA zu beantragen. Die Leistungen umfassen einen Online-Support, der 7 Tage pro Woche verf\u00fcgbar ist. <\/li>\n\n\n\n<li>\u00dcber die <a href=\"https:\/\/www.uscis.gov\/\">offizielle Website des US-Zolls<\/a> k\u00f6nnen Sie ein Online-Formular ausf\u00fcllen, in dem Sie Ihre Identit\u00e4t und den Grund Ihrer Reise angeben k\u00f6nnen. Sie erhalten innerhalb von 72 Stunden eine Antwort auf Ihre Anfrage.   <\/li>\n<\/ul>\n\n<p><a href=\"https:\/\/www.esta-officiel-usa.com\/de\/esta-formular-fuer-wen-ist-es-gedacht\/\">Das ESTA-Formular ist f\u00fcr Staatsangeh\u00f6rige von L\u00e4ndern bestimmt<\/a>, die am Programm f\u00fcr visumfreies Reisen (Visa Waiver Program) teilnehmen.<\/p>\n\n<h2 class=\"wp-block-heading\">F\u00fcr wen ist das ESTA-Formular relevant?<\/h2>\n\n<p>Da die USA nicht in der Europazone liegen, ben\u00f6tigen Reisende, die in die USA reisen m\u00f6chten, ein offizielles Dokument, das ihnen die Einreise in das Land erlaubt. Diese beh\u00f6rdliche Genehmigung kann : <\/p>\n\n<ul class=\"wp-block-list\">\n<li>Eine ESTA-Genehmigung f\u00fcr einen Kurzaufenthalt ;<\/li>\n\n\n\n<li>Ein b2-Visum f\u00fcr einen l\u00e4ngeren touristischen Aufenthalt;<\/li>\n\n\n\n<li>Eine Green Card, um einen st\u00e4ndigen Wohnsitz in den USA zu bekommen.<\/li>\n<\/ul>\n\n<p>Die ESTA-Genehmigung gilt nur f\u00fcr Staatsangeh\u00f6rige von L\u00e4ndern, die am <a href=\"https:\/\/www.esta-officiel-usa.com\/de\/ueber-das-visa-waiver-program\/\">Visa Waiver Program<\/a> teilnehmen, die aus touristischen oder gesch\u00e4ftlichen Gr\u00fcnden in die USA reisen m\u00f6chten. Die Liste der L\u00e4nder, die an dem Programm teilnehmen, ist : <\/p>\n\n<p>Andorra, Australien, \u00d6sterreich, Belgien, Brunei, Kroatien, D\u00e4nemark, Estland, Finnland, Frankreich, Deutschland, Gro\u00dfbritannien, Griechenland, Ungarn, Irland, Island, Israel, Italien, Japan, Lettland, Liechtenstein, Litauen, Luxemburg, Malta, Monaco, Neuseeland, Niederlande, Norwegen, \u00d6sterreich, Portugal, Polen, Republik Korea, Tschechische Republik, San Marino, Singapur, Slowakei, Slowenien, Spanien, Schweden, Schweiz und Taiwan.  <\/p>\n","protected":false},"excerpt":{"rendered":"<p>Was ist die ESTA-Genehmigung? Beantragen Sie Ihr ESTA online in wenigen Minuten und erhalten Sie innerhalb von 72 Stunden eine Best\u00e4tigung per E-Mail. Wenn Sie in einem Land leben, das am Visa Waiver Program teilnimmt, ben\u00f6tigen Sie kein Visum, um in die USA zu reisen. Erhalten Sie Ihr ESTA ganz einfach Mit demESTA (Electronic System [&hellip;]<\/p>\n","protected":false},"author":1,"featured_media":0,"parent":0,"menu_order":0,"comment_status":"closed","ping_status":"closed","template":"","meta":{"footnotes":""},"class_list":["post-588","page","type-page","status-publish","hentry"],"yoast_head":"<!-- This site is optimized with the Yoast SEO plugin v26.2 - https:\/\/yoast.com\/wordpress\/plugins\/seo\/ -->\n<title>ESTA - USA ESTA-Formular<\/title>\n<meta name=\"description\" content=\"Wenn Sie in einem der L\u00e4nder des Visa Waiver Program wohnen, ben\u00f6tigen Sie kein Visum f\u00fcr die USA, sondern m\u00fcssen ein ESTA beantragen.\" \/>\n<meta name=\"robots\" content=\"index, follow, max-snippet:-1, max-image-preview:large, max-video-preview:-1\" \/>\n<link rel=\"canonical\" href=\"https:\/\/www.esta-officiel-usa.com\/de\/\" \/>\n<meta property=\"og:locale\" content=\"de_DE\" \/>\n<meta property=\"og:type\" content=\"article\" \/>\n<meta property=\"og:title\" content=\"ESTA - USA ESTA-Formular\" \/>\n<meta property=\"og:description\" content=\"Wenn Sie in einem der L\u00e4nder des Visa Waiver Program wohnen, ben\u00f6tigen Sie kein Visum f\u00fcr die USA, sondern m\u00fcssen ein ESTA beantragen.\" \/>\n<meta property=\"og:url\" content=\"https:\/\/www.esta-officiel-usa.com\/de\/\" \/>\n<meta property=\"og:site_name\" content=\"ESTA - Vereinigte Staaten\" \/>\n<meta property=\"article:modified_time\" content=\"2025-09-13T15:56:54+00:00\" \/>\n<meta name=\"twitter:card\" content=\"summary_large_image\" \/>\n<meta name=\"twitter:label1\" content=\"Gesch\u00e4tzte Lesezeit\" \/>\n\t<meta name=\"twitter:data1\" content=\"3\u00a0Minuten\" \/>\n<script type=\"application\/ld+json\" class=\"yoast-schema-graph\">{\"@context\":\"https:\/\/schema.org\",\"@graph\":[{\"@type\":\"WebPage\",\"@id\":\"https:\/\/www.esta-officiel-usa.com\/de\/\",\"url\":\"https:\/\/www.esta-officiel-usa.com\/de\/\",\"name\":\"ESTA - USA ESTA-Formular\",\"isPartOf\":{\"@id\":\"https:\/\/www.esta-officiel-usa.com\/de\/#website\"},\"datePublished\":\"2020-02-14T14:59:36+00:00\",\"dateModified\":\"2025-09-13T15:56:54+00:00\",\"description\":\"Wenn Sie in einem der L\u00e4nder des Visa Waiver Program wohnen, ben\u00f6tigen Sie kein Visum f\u00fcr die USA, sondern m\u00fcssen ein ESTA beantragen.\",\"breadcrumb\":{\"@id\":\"https:\/\/www.esta-officiel-usa.com\/de\/#breadcrumb\"},\"inLanguage\":\"de\",\"potentialAction\":[{\"@type\":\"ReadAction\",\"target\":[\"https:\/\/www.esta-officiel-usa.com\/de\/\"]}]},{\"@type\":\"BreadcrumbList\",\"@id\":\"https:\/\/www.esta-officiel-usa.com\/de\/#breadcrumb\",\"itemListElement\":[{\"@type\":\"ListItem\",\"position\":1,\"name\":\"Home\",\"item\":\"https:\/\/www.esta-officiel-usa.com\/de\/\"},{\"@type\":\"ListItem\",\"position\":2,\"name\":\"ESTA &#8211; USA ESTA-Formular\"}]},{\"@type\":\"WebSite\",\"@id\":\"https:\/\/www.esta-officiel-usa.com\/de\/#website\",\"url\":\"https:\/\/www.esta-officiel-usa.com\/de\/\",\"name\":\"ESTA - Vereinigte Staaten\",\"description\":\"ESTA-Antragsformular\",\"potentialAction\":[{\"@type\":\"SearchAction\",\"target\":{\"@type\":\"EntryPoint\",\"urlTemplate\":\"https:\/\/www.esta-officiel-usa.com\/de\/?s={search_term_string}\"},\"query-input\":{\"@type\":\"PropertyValueSpecification\",\"valueRequired\":true,\"valueName\":\"search_term_string\"}}],\"inLanguage\":\"de\"}]}<\/script>\n<!-- \/ Yoast SEO plugin. -->","yoast_head_json":{"title":"ESTA - USA ESTA-Formular","description":"Wenn Sie in einem der L\u00e4nder des Visa Waiver Program wohnen, ben\u00f6tigen Sie kein Visum f\u00fcr die USA, sondern m\u00fcssen ein ESTA beantragen.","robots":{"index":"index","follow":"follow","max-snippet":"max-snippet:-1","max-image-preview":"max-image-preview:large","max-video-preview":"max-video-preview:-1"},"canonical":"https:\/\/www.esta-officiel-usa.com\/de\/","og_locale":"de_DE","og_type":"article","og_title":"ESTA - USA ESTA-Formular","og_description":"Wenn Sie in einem der L\u00e4nder des Visa Waiver Program wohnen, ben\u00f6tigen Sie kein Visum f\u00fcr die USA, sondern m\u00fcssen ein ESTA beantragen.","og_url":"https:\/\/www.esta-officiel-usa.com\/de\/","og_site_name":"ESTA - Vereinigte Staaten","article_modified_time":"2025-09-13T15:56:54+00:00","twitter_card":"summary_large_image","twitter_misc":{"Gesch\u00e4tzte Lesezeit":"3\u00a0Minuten"},"schema":{"@context":"https:\/\/schema.org","@graph":[{"@type":"WebPage","@id":"https:\/\/www.esta-officiel-usa.com\/de\/","url":"https:\/\/www.esta-officiel-usa.com\/de\/","name":"ESTA - USA ESTA-Formular","isPartOf":{"@id":"https:\/\/www.esta-officiel-usa.com\/de\/#website"},"datePublished":"2020-02-14T14:59:36+00:00","dateModified":"2025-09-13T15:56:54+00:00","description":"Wenn Sie in einem der L\u00e4nder des Visa Waiver Program wohnen, ben\u00f6tigen Sie kein Visum f\u00fcr die USA, sondern m\u00fcssen ein ESTA beantragen.","breadcrumb":{"@id":"https:\/\/www.esta-officiel-usa.com\/de\/#breadcrumb"},"inLanguage":"de","potentialAction":[{"@type":"ReadAction","target":["https:\/\/www.esta-officiel-usa.com\/de\/"]}]},{"@type":"BreadcrumbList","@id":"https:\/\/www.esta-officiel-usa.com\/de\/#breadcrumb","itemListElement":[{"@type":"ListItem","position":1,"name":"Home","item":"https:\/\/www.esta-officiel-usa.com\/de\/"},{"@type":"ListItem","position":2,"name":"ESTA &#8211; USA ESTA-Formular"}]},{"@type":"WebSite","@id":"https:\/\/www.esta-officiel-usa.com\/de\/#website","url":"https:\/\/www.esta-officiel-usa.com\/de\/","name":"ESTA - Vereinigte Staaten","description":"ESTA-Antragsformular","potentialAction":[{"@type":"SearchAction","target":{"@type":"EntryPoint","urlTemplate":"https:\/\/www.esta-officiel-usa.com\/de\/?s={search_term_string}"},"query-input":{"@type":"PropertyValueSpecification","valueRequired":true,"valueName":"search_term_string"}}],"inLanguage":"de"}]}},"_links":{"self":[{"href":"https:\/\/www.esta-officiel-usa.com\/de\/wp-json\/wp\/v2\/pages\/588","targetHints":{"allow":["GET"]}}],"collection":[{"href":"https:\/\/www.esta-officiel-usa.com\/de\/wp-json\/wp\/v2\/pages"}],"about":[{"href":"https:\/\/www.esta-officiel-usa.com\/de\/wp-json\/wp\/v2\/types\/page"}],"author":[{"embeddable":true,"href":"https:\/\/www.esta-officiel-usa.com\/de\/wp-json\/wp\/v2\/users\/1"}],"replies":[{"embeddable":true,"href":"https:\/\/www.esta-officiel-usa.com\/de\/wp-json\/wp\/v2\/comments?post=588"}],"version-history":[{"count":11,"href":"https:\/\/www.esta-officiel-usa.com\/de\/wp-json\/wp\/v2\/pages\/588\/revisions"}],"predecessor-version":[{"id":2146,"href":"https:\/\/www.esta-officiel-usa.com\/de\/wp-json\/wp\/v2\/pages\/588\/revisions\/2146"}],"wp:attachment":[{"href":"https:\/\/www.esta-officiel-usa.com\/de\/wp-json\/wp\/v2\/media?parent=588"}],"curies":[{"name":"wp","href":"https:\/\/api.w.org\/{rel}","templated":true}]}}