{"id":846,"date":"2025-09-13T11:56:43","date_gmt":"2025-09-13T11:56:43","guid":{"rendered":"https:\/\/www.esta-officiel-usa.com\/l1-visum-fuer-den-transfer-von-fuehrungskraeften-in-die-usa\/"},"modified":"2025-09-13T11:57:20","modified_gmt":"2025-09-13T11:57:20","slug":"l1-visum-fuer-den-transfer-von-fuehrungskraeften-in-die-usa","status":"publish","type":"page","link":"https:\/\/www.esta-officiel-usa.com\/de\/l1-visum-fuer-den-transfer-von-fuehrungskraeften-in-die-usa\/","title":{"rendered":"l1-Visum f\u00fcr den Transfer von F\u00fchrungskr\u00e4ften in die USA"},"content":{"rendered":"\n<h1 class=\"wp-block-heading\">Vorstellung des L1-Visums<\/h1>\n\n<p>Franz\u00f6sische Staatsb\u00fcrger beantragen in der Regel ein <a href=\"https:\/\/www.esta-officiel-usa.com\/de\/\">ESTA<\/a> f\u00fcr ihre Aufenthalte in den USA. Allerdings ist nicht jeder Aufenthalt abgedeckt und manchmal wird ein von der US-Botschaft ausgestelltes Visum verlangt. In diesem Artikel konzentrieren wir uns auf das L1-Visum, das auch als L1-Transfervisum bezeichnet wird.  <\/p>\n\n<h2 class=\"wp-block-heading\">Was ist das L1-Transfervisum?<\/h2>\n\n<p>Wie der Name schon sagt, erlaubt das L1 Transfervisum berechtigten \nUnternehmen die Versetzung von Gesch\u00e4ftsf\u00fchrern, F\u00fchrungskr\u00e4ften und hochqualifiziertem Personal \nvon einem ausl\u00e4ndischen Unternehmen zu einer Tochtergesellschaft oder Niederlassung \nin den Vereinigten Staaten.<\/p>\n\n<p>Der Antrag auf ein L1-Visum, das ein Non-Immigrant-Visum ist, muss\n von dem US-Unternehmen selbst gestellt werden. Wenn sich der Antragsteller im Ausland befindet,\n wird der Antrag von der US-Botschaft ( \nkonsularische Dienste) des Heimatlandes bearbeitet. Wenn der Bewerber bereits in den USA ist,\n muss ein Antrag auf Status\u00e4nderung an die Einwanderungsbeh\u00f6rde \ngerichtet werden.  <\/p>\n\n<p>Gesch\u00e4ftsf\u00fchrer und leitende Angestellte werden durch das L1a-Visum abgedeckt, Angestellte \nmit Spezialkenntnissen durch das L1b-Visum. \nDas Visum ist drei Jahre g\u00fcltig (ein Jahr f\u00fcr neu gegr\u00fcndete Unternehmen \n). Es kann um bis zu 7 Jahre verl\u00e4ngert werden f\u00fcr \nF\u00fchrungskr\u00e4fte und Manager und um bis zu 5 Jahre f\u00fcr hochqualifizierte Mitarbeiter \n. Es ist nat\u00fcrlich m\u00f6glich, dass ein Inhaber eines \nL1b-Visums ein L1a-Visum erh\u00e4lt, wenn er bef\u00f6rdert wird.     <\/p>\n\n<p>Der Ehegatte und die minderj\u00e4hrigen Kinder (unter 21 Jahren) des Inhabers eines \nL1 Transfervisums k\u00f6nnen ein L2 Visum erhalten, das sie berechtigt, \nin den USA zu arbeiten und zu studieren.<\/p>\n\n<p>Das L1 Transfervisum erm\u00f6glicht einen vereinfachten Antrag auf eine<a href=\"https:\/\/www.esta-officiel-usa.com\/fr\/quest-ce-que-la-green-card\/\">Green<\/a> <a href=\"https:\/\/www.esta-officiel-usa.com\/fr\/la-demande-de-green-card-pour-le-travail\/\">Card aus beruflichen Gr\u00fcnden<\/a>.<\/p>\n\n<h2 class=\"wp-block-heading\">Voraussetzungen f\u00fcr ein L1-Visum<\/h2>\n\n<p>Das L1-Visum stellt sowohl an das in den USA ans\u00e4ssige Unternehmen als auch an den Arbeitnehmer, der das Visum beantragt, bestimmte Anforderungen.<\/p>\n\n<h3 class=\"wp-block-heading\">Bedingungen f\u00fcr das US-Unternehmen<\/h3>\n\n<p>Das L1-Visum wird vom Unternehmen selbst beantragt. Es unterliegt \nbestimmten Kriterien. Das in den USA ans\u00e4ssige Unternehmen muss eine \nsogenannte &#8222;qualifizierende&#8220; Beziehung zu dem ausl\u00e4ndischen Unternehmen haben, d.h. \ndie Muttergesellschaft, eine ihrer Niederlassungen, Filialen, Tochtergesellschaften oder \nverbundenen Unternehmen sein.  <\/p>\n\n<p>Die US-Gesellschaft muss auch als \nArbeitgeber sowohl in den USA als auch in der ausl\u00e4ndischen Gesellschaft Gesch\u00e4fte t\u00e4tigen. \nDie\n Rechtsform des Unternehmens ist an sich nicht von Bedeutung, ebenso wenig wie die ausge\u00fcbte T\u00e4tigkeit. <\/p>\n\n<p>Das L1-Visum kann auch f\u00fcr \nStart-up-Unternehmen beantragt werden, d.h. f\u00fcr die Gr\u00fcndung einer \nneuen Tochtergesellschaft oder Niederlassung in den USA. \nDas L1-Visum kann f\u00fcr 12 Monate erteilt werden, die verl\u00e4ngert werden k\u00f6nnen, wenn das Unternehmen \nden Nachweis erbringt, dass es Vorkehrungen f\u00fcr die Gr\u00fcndung einer \nneuen Niederlassung in den USA getroffen hat. <\/p>\n\n<h3 class=\"wp-block-heading\">Bedingungen f\u00fcr den transferierten Arbeitnehmer<\/h3>\n\n<p>Um f\u00fcr ein L1-Visum in Frage zu kommen, muss der Antragsteller in den \nUSA eine Position als Gesch\u00e4ftsf\u00fchrer, leitender Angestellter oder spezialisierter Angestellter innehaben. Der Bewerber\n muss in den letzten drei Jahren mindestens 12 Monate in der gleichen Position bei dem ausl\u00e4ndischen Unternehmen \nt\u00e4tig gewesen sein. \nEs ist \nwichtig zu erw\u00e4hnen, dass der Bewerber f\u00fcr das L1-Visum genau die Positionen erf\u00fcllen muss, die von der \nEinwanderungsbeh\u00f6rde der USA definiert werden.  <\/p>\n\n<p>Aufgrund des vereinfachten Zugangs zur Green Card werden Antr\u00e4ge auf ein L1-Visum von den US-Beh\u00f6rden sehr sorgf\u00e4ltig gepr\u00fcft, alle Bedingungen m\u00fcssen gewissenhaft erf\u00fcllt werden, um eine Ablehnung des Antrags zu riskieren. Im Falle einer Ablehnung kann ein H1B-Visum beantragt werden. <\/p>\n","protected":false},"excerpt":{"rendered":"<p>Vorstellung des L1-Visums Franz\u00f6sische Staatsb\u00fcrger beantragen in der Regel ein ESTA f\u00fcr ihre Aufenthalte in den USA. Allerdings ist nicht jeder Aufenthalt abgedeckt und manchmal wird ein von der US-Botschaft ausgestelltes Visum verlangt. In diesem Artikel konzentrieren wir uns auf das L1-Visum, das auch als L1-Transfervisum bezeichnet wird. Was ist das L1-Transfervisum? Wie der Name [&hellip;]<\/p>\n","protected":false},"author":1,"featured_media":0,"parent":0,"menu_order":0,"comment_status":"closed","ping_status":"closed","template":"","meta":{"footnotes":""},"class_list":["post-846","page","type-page","status-publish","hentry"],"yoast_head":"<!-- This site is optimized with the Yoast SEO plugin v26.2 - https:\/\/yoast.com\/wordpress\/plugins\/seo\/ -->\n<title>l1-Visum f\u00fcr den Transfer von F\u00fchrungskr\u00e4ften in die USA<\/title>\n<meta name=\"description\" content=\"Alles, was Sie \u00fcber das L1-Visum wissen m\u00fcssen: Berechtigungskriterien, G\u00fcltigkeitsdauer, Art der Beantragung, Verl\u00e4ngerung und vieles mehr.\" \/>\n<meta name=\"robots\" content=\"index, follow, max-snippet:-1, max-image-preview:large, max-video-preview:-1\" \/>\n<link rel=\"canonical\" href=\"https:\/\/www.esta-officiel-usa.com\/de\/l1-visum-fuer-den-transfer-von-fuehrungskraeften-in-die-usa\/\" \/>\n<meta property=\"og:locale\" content=\"de_DE\" \/>\n<meta property=\"og:type\" content=\"article\" \/>\n<meta property=\"og:title\" content=\"l1-Visum f\u00fcr den Transfer von F\u00fchrungskr\u00e4ften in die USA\" \/>\n<meta property=\"og:description\" content=\"Alles, was Sie \u00fcber das L1-Visum wissen m\u00fcssen: Berechtigungskriterien, G\u00fcltigkeitsdauer, Art der Beantragung, Verl\u00e4ngerung und vieles mehr.\" \/>\n<meta property=\"og:url\" content=\"https:\/\/www.esta-officiel-usa.com\/de\/l1-visum-fuer-den-transfer-von-fuehrungskraeften-in-die-usa\/\" \/>\n<meta property=\"og:site_name\" content=\"ESTA - Vereinigte Staaten\" \/>\n<meta property=\"article:modified_time\" content=\"2025-09-13T11:57:20+00:00\" \/>\n<meta name=\"twitter:card\" content=\"summary_large_image\" \/>\n<meta name=\"twitter:label1\" content=\"Gesch\u00e4tzte Lesezeit\" \/>\n\t<meta name=\"twitter:data1\" content=\"3\u00a0Minuten\" \/>\n<script type=\"application\/ld+json\" class=\"yoast-schema-graph\">{\"@context\":\"https:\/\/schema.org\",\"@graph\":[{\"@type\":\"WebPage\",\"@id\":\"https:\/\/www.esta-officiel-usa.com\/de\/l1-visum-fuer-den-transfer-von-fuehrungskraeften-in-die-usa\/\",\"url\":\"https:\/\/www.esta-officiel-usa.com\/de\/l1-visum-fuer-den-transfer-von-fuehrungskraeften-in-die-usa\/\",\"name\":\"l1-Visum f\u00fcr den Transfer von F\u00fchrungskr\u00e4ften in die USA\",\"isPartOf\":{\"@id\":\"https:\/\/www.esta-officiel-usa.com\/de\/#website\"},\"datePublished\":\"2025-09-13T11:56:43+00:00\",\"dateModified\":\"2025-09-13T11:57:20+00:00\",\"description\":\"Alles, was Sie \u00fcber das L1-Visum wissen m\u00fcssen: Berechtigungskriterien, G\u00fcltigkeitsdauer, Art der Beantragung, Verl\u00e4ngerung und vieles mehr.\",\"breadcrumb\":{\"@id\":\"https:\/\/www.esta-officiel-usa.com\/de\/l1-visum-fuer-den-transfer-von-fuehrungskraeften-in-die-usa\/#breadcrumb\"},\"inLanguage\":\"de\",\"potentialAction\":[{\"@type\":\"ReadAction\",\"target\":[\"https:\/\/www.esta-officiel-usa.com\/de\/l1-visum-fuer-den-transfer-von-fuehrungskraeften-in-die-usa\/\"]}]},{\"@type\":\"BreadcrumbList\",\"@id\":\"https:\/\/www.esta-officiel-usa.com\/de\/l1-visum-fuer-den-transfer-von-fuehrungskraeften-in-die-usa\/#breadcrumb\",\"itemListElement\":[{\"@type\":\"ListItem\",\"position\":1,\"name\":\"Home\",\"item\":\"https:\/\/www.esta-officiel-usa.com\/de\/\"},{\"@type\":\"ListItem\",\"position\":2,\"name\":\"l1-Visum f\u00fcr den Transfer von F\u00fchrungskr\u00e4ften in die USA\"}]},{\"@type\":\"WebSite\",\"@id\":\"https:\/\/www.esta-officiel-usa.com\/de\/#website\",\"url\":\"https:\/\/www.esta-officiel-usa.com\/de\/\",\"name\":\"ESTA - Vereinigte Staaten\",\"description\":\"ESTA-Antragsformular\",\"potentialAction\":[{\"@type\":\"SearchAction\",\"target\":{\"@type\":\"EntryPoint\",\"urlTemplate\":\"https:\/\/www.esta-officiel-usa.com\/de\/?s={search_term_string}\"},\"query-input\":{\"@type\":\"PropertyValueSpecification\",\"valueRequired\":true,\"valueName\":\"search_term_string\"}}],\"inLanguage\":\"de\"}]}<\/script>\n<!-- \/ Yoast SEO plugin. -->","yoast_head_json":{"title":"l1-Visum f\u00fcr den Transfer von F\u00fchrungskr\u00e4ften in die USA","description":"Alles, was Sie \u00fcber das L1-Visum wissen m\u00fcssen: Berechtigungskriterien, G\u00fcltigkeitsdauer, Art der Beantragung, Verl\u00e4ngerung und vieles mehr.","robots":{"index":"index","follow":"follow","max-snippet":"max-snippet:-1","max-image-preview":"max-image-preview:large","max-video-preview":"max-video-preview:-1"},"canonical":"https:\/\/www.esta-officiel-usa.com\/de\/l1-visum-fuer-den-transfer-von-fuehrungskraeften-in-die-usa\/","og_locale":"de_DE","og_type":"article","og_title":"l1-Visum f\u00fcr den Transfer von F\u00fchrungskr\u00e4ften in die USA","og_description":"Alles, was Sie \u00fcber das L1-Visum wissen m\u00fcssen: Berechtigungskriterien, G\u00fcltigkeitsdauer, Art der Beantragung, Verl\u00e4ngerung und vieles mehr.","og_url":"https:\/\/www.esta-officiel-usa.com\/de\/l1-visum-fuer-den-transfer-von-fuehrungskraeften-in-die-usa\/","og_site_name":"ESTA - Vereinigte Staaten","article_modified_time":"2025-09-13T11:57:20+00:00","twitter_card":"summary_large_image","twitter_misc":{"Gesch\u00e4tzte Lesezeit":"3\u00a0Minuten"},"schema":{"@context":"https:\/\/schema.org","@graph":[{"@type":"WebPage","@id":"https:\/\/www.esta-officiel-usa.com\/de\/l1-visum-fuer-den-transfer-von-fuehrungskraeften-in-die-usa\/","url":"https:\/\/www.esta-officiel-usa.com\/de\/l1-visum-fuer-den-transfer-von-fuehrungskraeften-in-die-usa\/","name":"l1-Visum f\u00fcr den Transfer von F\u00fchrungskr\u00e4ften in die USA","isPartOf":{"@id":"https:\/\/www.esta-officiel-usa.com\/de\/#website"},"datePublished":"2025-09-13T11:56:43+00:00","dateModified":"2025-09-13T11:57:20+00:00","description":"Alles, was Sie \u00fcber das L1-Visum wissen m\u00fcssen: Berechtigungskriterien, G\u00fcltigkeitsdauer, Art der Beantragung, Verl\u00e4ngerung und vieles mehr.","breadcrumb":{"@id":"https:\/\/www.esta-officiel-usa.com\/de\/l1-visum-fuer-den-transfer-von-fuehrungskraeften-in-die-usa\/#breadcrumb"},"inLanguage":"de","potentialAction":[{"@type":"ReadAction","target":["https:\/\/www.esta-officiel-usa.com\/de\/l1-visum-fuer-den-transfer-von-fuehrungskraeften-in-die-usa\/"]}]},{"@type":"BreadcrumbList","@id":"https:\/\/www.esta-officiel-usa.com\/de\/l1-visum-fuer-den-transfer-von-fuehrungskraeften-in-die-usa\/#breadcrumb","itemListElement":[{"@type":"ListItem","position":1,"name":"Home","item":"https:\/\/www.esta-officiel-usa.com\/de\/"},{"@type":"ListItem","position":2,"name":"l1-Visum f\u00fcr den Transfer von F\u00fchrungskr\u00e4ften in die USA"}]},{"@type":"WebSite","@id":"https:\/\/www.esta-officiel-usa.com\/de\/#website","url":"https:\/\/www.esta-officiel-usa.com\/de\/","name":"ESTA - Vereinigte Staaten","description":"ESTA-Antragsformular","potentialAction":[{"@type":"SearchAction","target":{"@type":"EntryPoint","urlTemplate":"https:\/\/www.esta-officiel-usa.com\/de\/?s={search_term_string}"},"query-input":{"@type":"PropertyValueSpecification","valueRequired":true,"valueName":"search_term_string"}}],"inLanguage":"de"}]}},"_links":{"self":[{"href":"https:\/\/www.esta-officiel-usa.com\/de\/wp-json\/wp\/v2\/pages\/846","targetHints":{"allow":["GET"]}}],"collection":[{"href":"https:\/\/www.esta-officiel-usa.com\/de\/wp-json\/wp\/v2\/pages"}],"about":[{"href":"https:\/\/www.esta-officiel-usa.com\/de\/wp-json\/wp\/v2\/types\/page"}],"author":[{"embeddable":true,"href":"https:\/\/www.esta-officiel-usa.com\/de\/wp-json\/wp\/v2\/users\/1"}],"replies":[{"embeddable":true,"href":"https:\/\/www.esta-officiel-usa.com\/de\/wp-json\/wp\/v2\/comments?post=846"}],"version-history":[{"count":3,"href":"https:\/\/www.esta-officiel-usa.com\/de\/wp-json\/wp\/v2\/pages\/846\/revisions"}],"predecessor-version":[{"id":907,"href":"https:\/\/www.esta-officiel-usa.com\/de\/wp-json\/wp\/v2\/pages\/846\/revisions\/907"}],"wp:attachment":[{"href":"https:\/\/www.esta-officiel-usa.com\/de\/wp-json\/wp\/v2\/media?parent=846"}],"curies":[{"name":"wp","href":"https:\/\/api.w.org\/{rel}","templated":true}]}}