{"id":854,"date":"2025-09-13T11:56:49","date_gmt":"2025-09-13T11:56:49","guid":{"rendered":"https:\/\/www.esta-officiel-usa.com\/das-h1b-visum-fuer-arbeit-in-den-usa\/"},"modified":"2025-09-13T11:56:56","modified_gmt":"2025-09-13T11:56:56","slug":"das-h1b-visum-fuer-arbeit-in-den-usa","status":"publish","type":"page","link":"https:\/\/www.esta-officiel-usa.com\/de\/das-h1b-visum-fuer-arbeit-in-den-usa\/","title":{"rendered":"Das H1B-Visum f\u00fcr Arbeit in den USA"},"content":{"rendered":"\n<h1 class=\"wp-block-heading\">Wie kann ich mit dem H1B-Visum eine Arbeit in den USA finden?<\/h1>\n\n<p>M\u00f6chten Sie den amerikanischen Traum leben und in den USA arbeiten? Das ist ein Traum, der in k\u00fcrzester Zeit Wirklichkeit werden kann, aber daf\u00fcr m\u00fcssen Sie die Genehmigung der US-Regierung erhalten, um sich legal in den USA niederzulassen und zu arbeiten. Um in den USA arbeiten zu k\u00f6nnen, ist das<a href=\"https:\/\/www.esta-officiel-usa.com\/de\/\">ESTA<\/a> nicht hilfreich; Sie m\u00fcssen ein H1B-Visum beantragen. Ohne dieses Visum ist es nicht erlaubt, eine unselbst\u00e4ndige T\u00e4tigkeit auszu\u00fcben. In diesem Artikel erkl\u00e4rt Ihnen unser Expertenteam alles, was Sie dar\u00fcber wissen m\u00fcssen!    <\/p>\n\n<h2 class=\"wp-block-heading\">Wer kann ein H1B-Visum beantragen?<\/h2>\n\n<p>Wenn eine Person den Schengen-Raum verlassen m\u00f6chte, sei es \nzur Arbeitssuche oder aus touristischen Gr\u00fcnden, ben\u00f6tigt sie \neine Einreisegenehmigung f\u00fcr das Hoheitsgebiet des betreffenden Landes.<\/p>\n\n<p>In den USA gibt es zahlreiche Arten von Einwanderungsvisa oder \nNicht-Einwanderungsvisa f\u00fcr l\u00e4ngere Aufenthalte und eine Genehmigung namens ESTA \nf\u00fcr zeitlich begrenzte Aufenthalte.  <\/p>\n\n<p>Bevor Sie herausfinden, wie Sie ein H1B-Visum beantragen k\u00f6nnen, ist es wichtig, dass Sie \nverstehen, wozu es dient und wer ein H1B-Visum ben\u00f6tigt. \nDas \nH1B-Visum-Zertifikat erm\u00f6glicht es Unternehmen mit Sitz in den USA, Personen aus einem \nfremden Land, die alle notwendigen F\u00e4higkeiten haben, um den Job auszuf\u00fchren, eine Stelle anzubieten (und nicht ein Praktikum) \n. Achtung, die Ausstellung dieser Art von Visum ist begrenzt: \nz\u00e4hlt 65.000 H1B-Visa, die jedes Jahr ausgestellt werden.<\/p>\n\n<p>Das H1B-Visum kann nur erhalten werden, wenn der Arbeitsuchende \u00fcber \nbesondere Qualifikationen verf\u00fcgt. So sind z.B. wissenschaftliche Forscher, \nRechtsanw\u00e4lte, Ingenieure, Buchhalter, IT-Experten oder \nLehrer besonders gefragte Stellen unter \nUSA. Hier sind die wichtigsten Kriterien f\u00fcr ein H1B-Visum\n:<\/p>\n\n<ul class=\"wp-block-list\"><li>Sie m\u00fcssen einen Job in den USA gefunden haben, bevor Sie Ihr Visum beantragen k\u00f6nnen;<\/li><li>Sie m\u00fcssen einen amerikanischen Bachelor-Abschluss oder einen gleichwertigen oder h\u00f6herwertigen Abschluss haben;<\/li><li>Sie m\u00fcssen au\u00dferdem eine Lizenz besitzen, die Ihre F\u00e4higkeit bescheinigt, die betreffende Besch\u00e4ftigung auszu\u00fcben.<\/li><\/ul>\n\n<p>Die G\u00fcltigkeitsdauer der H1B-Visumsbescheinigung betr\u00e4gt drei Jahre. Sie \nhaben die M\u00f6glichkeit, den Vertrag einmal zu verl\u00e4ngern. \nMit diesem Visum haben Sie \ngr\u00f6\u00dfere Chancen, eine Green Card zu erhalten, mit der Sie in den USA ans\u00e4ssig werden k\u00f6nnen.<\/p>\n\n<p>Gut zu wissen: M\u00f6chten Sie am Start-Up-Abenteuer teilnehmen,\n und das in den USA? Dann beantragen Sie ein US-Start-Up-Visum. <\/p>\n\n<h2 class=\"wp-block-heading\">Erhalten Sie das H1B-Visum-Zertifikat<\/h2>\n\n<p>Der Erhalt eines solchen Visums ist nicht immer einfach und die Geb\u00fchren f\u00fcr\n sind recht hoch. Hier ist der Gesamtbetrag, den ein Antrag auf ein H1B-Visum kosten kann \n.<\/p>\n\n<h3 class=\"wp-block-heading\">Obligatorische Kosten<\/h3>\n\n<ul class=\"wp-block-list\"><li>die Bearbeitungsgeb\u00fchr: 190 US-Dollar ;<\/li><li>das Unternehmen muss den Antrag auf Einreichung bei der Einwanderungsbeh\u00f6rde bezahlen: 500 USD.<\/li><\/ul>\n\n<h3 class=\"wp-block-heading\">Optionale Geb\u00fchren<\/h3>\n\n<ul class=\"wp-block-list\"><li>Unterst\u00fctzung durch einen spezialisierten Anwalt, um den Fall einzureichen: 3.000 US-Dollar ;<\/li><li>Antrag auf ein beschleunigtes Verfahren, bei dem Sie innerhalb von 2 Wochen statt Monaten eine \nAntwort erhalten: 1.000 US-Dollar \n.<\/li><\/ul>\n\n<p>Um das H1B-Visum-Zertifikat zu erhalten, m\u00fcssen der Arbeitgeber und der zuk\u00fcnftige Arbeitnehmer Hand in Hand arbeiten. Die Beantragung des H1B-Visums erfolgt in mehreren Schritten:<\/p>\n\n<ul class=\"wp-block-list\"><li>Zun\u00e4chst m\u00fcssen Sie den &#8222;Labor Condition Application&#8220; beim Department of Labor beantragen;<\/li><li>in einem zweiten Schritt f\u00fcllt der Arbeitgeber das Formular l-129 der US-Einwanderungsbeh\u00f6rde aus ;<\/li><li>Dann muss er Kopien der Universit\u00e4tsabschl\u00fcsse des \nzuk\u00fcnftigen Arbeitnehmers vorlegen, sowie eine Kopie der Stellenanzeige und alles, was \nbeweisen kann, dass der Arbeitnehmer besondere F\u00e4higkeiten besitzt und dass er \nder ideale Kandidat ist;<\/li><li>Danach muss der Arbeitnehmer, wenn alles korrekt abl\u00e4uft, das Formular l-797 &#8222;Notice of Approval&#8220; sorgf\u00e4ltig ausf\u00fcllen;<\/li><li>schlie\u00dflich ist in der US-Botschaft oder im US-Konsulat ein Gespr\u00e4ch mit den US-Beh\u00f6rden zu f\u00fchren ;<\/li><li>Nach diesem Gespr\u00e4ch wird das Visum einige Tage sp\u00e4ter direkt am Wohnort der betreffenden Person beantragt.<\/li><\/ul>\n\n<p>Mit der Arbeitserlaubnis in der Tasche k\u00f6nnen Sie nun in den USA arbeiten und legend\u00e4re St\u00e4dte wie <a href=\"https:\/\/www.esta-officiel-usa.com\/fr\/decouvrir-la-ville-de-new-york-city\/\">New York<\/a> oder <a href=\"https:\/\/www.esta-officiel-usa.com\/fr\/voyager-aux-usa-et-decouvrir-las-vegas\/\">Las Vegas<\/a> entdecken, w\u00e4hrend Sie gleichzeitig Berufserfahrung auf der anderen Seite des Atlantiks sammeln!<\/p>\n","protected":false},"excerpt":{"rendered":"<p>Wie kann ich mit dem H1B-Visum eine Arbeit in den USA finden? M\u00f6chten Sie den amerikanischen Traum leben und in den USA arbeiten? Das ist ein Traum, der in k\u00fcrzester Zeit Wirklichkeit werden kann, aber daf\u00fcr m\u00fcssen Sie die Genehmigung der US-Regierung erhalten, um sich legal in den USA niederzulassen und zu arbeiten. Um in [&hellip;]<\/p>\n","protected":false},"author":1,"featured_media":0,"parent":0,"menu_order":0,"comment_status":"closed","ping_status":"closed","template":"","meta":{"footnotes":""},"class_list":["post-854","page","type-page","status-publish","hentry"],"yoast_head":"<!-- This site is optimized with the Yoast SEO plugin v26.2 - https:\/\/yoast.com\/wordpress\/plugins\/seo\/ -->\n<title>Das H1B-Visum f\u00fcr Arbeit in den USA<\/title>\n<meta name=\"description\" content=\"Um in den USA arbeiten zu k\u00f6nnen, m\u00fcssen Sie ein H1B-Visum beantragen. Unser Expertenteam kl\u00e4rt Sie dar\u00fcber auf, damit Sie in den USA arbeiten k\u00f6nnen.\" \/>\n<meta name=\"robots\" content=\"index, follow, max-snippet:-1, max-image-preview:large, max-video-preview:-1\" \/>\n<link rel=\"canonical\" href=\"https:\/\/www.esta-officiel-usa.com\/de\/das-h1b-visum-fuer-arbeit-in-den-usa\/\" \/>\n<meta property=\"og:locale\" content=\"de_DE\" \/>\n<meta property=\"og:type\" content=\"article\" \/>\n<meta property=\"og:title\" content=\"Das H1B-Visum f\u00fcr Arbeit in den USA\" \/>\n<meta property=\"og:description\" content=\"Um in den USA arbeiten zu k\u00f6nnen, m\u00fcssen Sie ein H1B-Visum beantragen. Unser Expertenteam kl\u00e4rt Sie dar\u00fcber auf, damit Sie in den USA arbeiten k\u00f6nnen.\" \/>\n<meta property=\"og:url\" content=\"https:\/\/www.esta-officiel-usa.com\/de\/das-h1b-visum-fuer-arbeit-in-den-usa\/\" \/>\n<meta property=\"og:site_name\" content=\"ESTA - Vereinigte Staaten\" \/>\n<meta property=\"article:modified_time\" content=\"2025-09-13T11:56:56+00:00\" \/>\n<meta name=\"twitter:card\" content=\"summary_large_image\" \/>\n<meta name=\"twitter:label1\" content=\"Gesch\u00e4tzte Lesezeit\" \/>\n\t<meta name=\"twitter:data1\" content=\"3\u00a0Minuten\" \/>\n<script type=\"application\/ld+json\" class=\"yoast-schema-graph\">{\"@context\":\"https:\/\/schema.org\",\"@graph\":[{\"@type\":\"WebPage\",\"@id\":\"https:\/\/www.esta-officiel-usa.com\/de\/das-h1b-visum-fuer-arbeit-in-den-usa\/\",\"url\":\"https:\/\/www.esta-officiel-usa.com\/de\/das-h1b-visum-fuer-arbeit-in-den-usa\/\",\"name\":\"Das H1B-Visum f\u00fcr Arbeit in den USA\",\"isPartOf\":{\"@id\":\"https:\/\/www.esta-officiel-usa.com\/de\/#website\"},\"datePublished\":\"2025-09-13T11:56:49+00:00\",\"dateModified\":\"2025-09-13T11:56:56+00:00\",\"description\":\"Um in den USA arbeiten zu k\u00f6nnen, m\u00fcssen Sie ein H1B-Visum beantragen. Unser Expertenteam kl\u00e4rt Sie dar\u00fcber auf, damit Sie in den USA arbeiten k\u00f6nnen.\",\"breadcrumb\":{\"@id\":\"https:\/\/www.esta-officiel-usa.com\/de\/das-h1b-visum-fuer-arbeit-in-den-usa\/#breadcrumb\"},\"inLanguage\":\"de\",\"potentialAction\":[{\"@type\":\"ReadAction\",\"target\":[\"https:\/\/www.esta-officiel-usa.com\/de\/das-h1b-visum-fuer-arbeit-in-den-usa\/\"]}]},{\"@type\":\"BreadcrumbList\",\"@id\":\"https:\/\/www.esta-officiel-usa.com\/de\/das-h1b-visum-fuer-arbeit-in-den-usa\/#breadcrumb\",\"itemListElement\":[{\"@type\":\"ListItem\",\"position\":1,\"name\":\"Home\",\"item\":\"https:\/\/www.esta-officiel-usa.com\/de\/\"},{\"@type\":\"ListItem\",\"position\":2,\"name\":\"Das H1B-Visum f\u00fcr Arbeit in den USA\"}]},{\"@type\":\"WebSite\",\"@id\":\"https:\/\/www.esta-officiel-usa.com\/de\/#website\",\"url\":\"https:\/\/www.esta-officiel-usa.com\/de\/\",\"name\":\"ESTA - Vereinigte Staaten\",\"description\":\"ESTA-Antragsformular\",\"potentialAction\":[{\"@type\":\"SearchAction\",\"target\":{\"@type\":\"EntryPoint\",\"urlTemplate\":\"https:\/\/www.esta-officiel-usa.com\/de\/?s={search_term_string}\"},\"query-input\":{\"@type\":\"PropertyValueSpecification\",\"valueRequired\":true,\"valueName\":\"search_term_string\"}}],\"inLanguage\":\"de\"}]}<\/script>\n<!-- \/ Yoast SEO plugin. -->","yoast_head_json":{"title":"Das H1B-Visum f\u00fcr Arbeit in den USA","description":"Um in den USA arbeiten zu k\u00f6nnen, m\u00fcssen Sie ein H1B-Visum beantragen. Unser Expertenteam kl\u00e4rt Sie dar\u00fcber auf, damit Sie in den USA arbeiten k\u00f6nnen.","robots":{"index":"index","follow":"follow","max-snippet":"max-snippet:-1","max-image-preview":"max-image-preview:large","max-video-preview":"max-video-preview:-1"},"canonical":"https:\/\/www.esta-officiel-usa.com\/de\/das-h1b-visum-fuer-arbeit-in-den-usa\/","og_locale":"de_DE","og_type":"article","og_title":"Das H1B-Visum f\u00fcr Arbeit in den USA","og_description":"Um in den USA arbeiten zu k\u00f6nnen, m\u00fcssen Sie ein H1B-Visum beantragen. Unser Expertenteam kl\u00e4rt Sie dar\u00fcber auf, damit Sie in den USA arbeiten k\u00f6nnen.","og_url":"https:\/\/www.esta-officiel-usa.com\/de\/das-h1b-visum-fuer-arbeit-in-den-usa\/","og_site_name":"ESTA - Vereinigte Staaten","article_modified_time":"2025-09-13T11:56:56+00:00","twitter_card":"summary_large_image","twitter_misc":{"Gesch\u00e4tzte Lesezeit":"3\u00a0Minuten"},"schema":{"@context":"https:\/\/schema.org","@graph":[{"@type":"WebPage","@id":"https:\/\/www.esta-officiel-usa.com\/de\/das-h1b-visum-fuer-arbeit-in-den-usa\/","url":"https:\/\/www.esta-officiel-usa.com\/de\/das-h1b-visum-fuer-arbeit-in-den-usa\/","name":"Das H1B-Visum f\u00fcr Arbeit in den USA","isPartOf":{"@id":"https:\/\/www.esta-officiel-usa.com\/de\/#website"},"datePublished":"2025-09-13T11:56:49+00:00","dateModified":"2025-09-13T11:56:56+00:00","description":"Um in den USA arbeiten zu k\u00f6nnen, m\u00fcssen Sie ein H1B-Visum beantragen. Unser Expertenteam kl\u00e4rt Sie dar\u00fcber auf, damit Sie in den USA arbeiten k\u00f6nnen.","breadcrumb":{"@id":"https:\/\/www.esta-officiel-usa.com\/de\/das-h1b-visum-fuer-arbeit-in-den-usa\/#breadcrumb"},"inLanguage":"de","potentialAction":[{"@type":"ReadAction","target":["https:\/\/www.esta-officiel-usa.com\/de\/das-h1b-visum-fuer-arbeit-in-den-usa\/"]}]},{"@type":"BreadcrumbList","@id":"https:\/\/www.esta-officiel-usa.com\/de\/das-h1b-visum-fuer-arbeit-in-den-usa\/#breadcrumb","itemListElement":[{"@type":"ListItem","position":1,"name":"Home","item":"https:\/\/www.esta-officiel-usa.com\/de\/"},{"@type":"ListItem","position":2,"name":"Das H1B-Visum f\u00fcr Arbeit in den USA"}]},{"@type":"WebSite","@id":"https:\/\/www.esta-officiel-usa.com\/de\/#website","url":"https:\/\/www.esta-officiel-usa.com\/de\/","name":"ESTA - Vereinigte Staaten","description":"ESTA-Antragsformular","potentialAction":[{"@type":"SearchAction","target":{"@type":"EntryPoint","urlTemplate":"https:\/\/www.esta-officiel-usa.com\/de\/?s={search_term_string}"},"query-input":{"@type":"PropertyValueSpecification","valueRequired":true,"valueName":"search_term_string"}}],"inLanguage":"de"}]}},"_links":{"self":[{"href":"https:\/\/www.esta-officiel-usa.com\/de\/wp-json\/wp\/v2\/pages\/854","targetHints":{"allow":["GET"]}}],"collection":[{"href":"https:\/\/www.esta-officiel-usa.com\/de\/wp-json\/wp\/v2\/pages"}],"about":[{"href":"https:\/\/www.esta-officiel-usa.com\/de\/wp-json\/wp\/v2\/types\/page"}],"author":[{"embeddable":true,"href":"https:\/\/www.esta-officiel-usa.com\/de\/wp-json\/wp\/v2\/users\/1"}],"replies":[{"embeddable":true,"href":"https:\/\/www.esta-officiel-usa.com\/de\/wp-json\/wp\/v2\/comments?post=854"}],"version-history":[{"count":3,"href":"https:\/\/www.esta-officiel-usa.com\/de\/wp-json\/wp\/v2\/pages\/854\/revisions"}],"predecessor-version":[{"id":869,"href":"https:\/\/www.esta-officiel-usa.com\/de\/wp-json\/wp\/v2\/pages\/854\/revisions\/869"}],"wp:attachment":[{"href":"https:\/\/www.esta-officiel-usa.com\/de\/wp-json\/wp\/v2\/media?parent=854"}],"curies":[{"name":"wp","href":"https:\/\/api.w.org\/{rel}","templated":true}]}}