{"id":857,"date":"2025-09-13T11:56:50","date_gmt":"2025-09-13T11:56:50","guid":{"rendered":"https:\/\/www.esta-officiel-usa.com\/das-wichtigste-was-sie-ueber-das-j-visum-wissen-sollten\/"},"modified":"2025-09-13T11:57:10","modified_gmt":"2025-09-13T11:57:10","slug":"das-wichtigste-was-sie-ueber-das-j-visum-wissen-sollten","status":"publish","type":"page","link":"https:\/\/www.esta-officiel-usa.com\/de\/das-wichtigste-was-sie-ueber-das-j-visum-wissen-sollten\/","title":{"rendered":"Das Wichtigste, was Sie \u00fcber das J-Visum wissen sollten"},"content":{"rendered":"\n<h1 class=\"wp-block-heading\">Das J1-Visum f\u00fcr einen Austausch in den USA<\/h1>\n\n<p>Das J1-Visum wird von den US-Beh\u00f6rden f\u00fcr eine bestimmte Art von Reisenden ausgestellt und entspricht einer zeitlich begrenzten Aufenthaltsgenehmigung f\u00fcr die USA. F\u00fcr wen ist es bestimmt? Wie wird das Visum beantragt? Wie viel kostet es? Das sind genug Fragen, um einen eigenen Artikel zu verfassen! Unsere Experten f\u00fcr Verwaltungsformalit\u00e4ten geben Ihnen alle wichtigen Informationen, um herauszufinden, ob das J1 f\u00fcr Sie relevant ist. Wenn dies der Fall ist, m\u00fcssen Sie nur noch unsere Richtlinien befolgen, damit Sie beruhigt nach Uncle Sam ausreisen und Ihren Auslandsaufenthalt genie\u00dfen k\u00f6nnen. Wenn dies nicht der Fall ist, sollten Sie sich nach einem anderen Titel wie <a href=\"https:\/\/www.esta-officiel-usa.com\/de\/\">ESTA<\/a> umsehen.       <\/p>\n\n<h2 class=\"wp-block-heading\">Wer ben\u00f6tigt ein J1-Visum, um in die USA zu reisen?<\/h2>\n\n<p>Es ist wirklich nicht einfach, sich in der Vielzahl der US-Visa zurechtzufinden. Genauer gesagt handelt es sich um Non-Immigrant-Visa, die an Personen vergeben werden, die nur f\u00fcr einen begrenzten und relativ kurzen Zeitraum in das Land reisen. Im Prinzip gibt es f\u00fcr jeden Aufenthaltszweck ein bestimmtes Visum, aber die Dinge sind nicht so einfach. In der Praxis kann ein Visum mehreren Zwecken dienen, und ein und derselbe Zweck kann in mehreren Visa enthalten sein. Man kann leicht zwischen zwei Dokumenten schwanken. Daher ist es wichtig, dass Sie sich vorab gr\u00fcndlich informieren.     <\/p>\n\n<p>Das <a href=\"https:\/\/www.esta-officiel-usa.com\/fr\/connaissez-vous-les-differences-entre-les-visas-j1-et-f1\/\">J1-Visum<\/a> dient der F\u00f6rderung des Kultur- und Bildungsaustauschs zwischen den Vereinigten Staaten und Drittl\u00e4ndern. Zu diesem Zweck benennt die Regierung Organisationen, die berechtigt sind, ausl\u00e4ndische Staatsangeh\u00f6rige im Rahmen verschiedener Programme aufzunehmen. Ein typisches Beispiel ist ein akkreditiertes Unternehmen, das einen Praktikanten aufnimmt. Es gibt jedoch noch viel mehr M\u00f6glichkeiten:   <\/p>\n\n<ul class=\"wp-block-list\"><li>Au-pair-Arbeit in einer Gastfamilie ;<\/li><li>eine Ausbildung absolvieren, die der Mittel- und Oberstufe in Frankreich entspricht;<\/li><li>Unterricht in der Schule (vor der Universit\u00e4t) ;<\/li><li>einen Sommerjob annehmen.<\/li><\/ul>\n\n<p>Wie Sie sehen k\u00f6nnen, ist das J1-Visum weder auf ein einziges Profil von \nReisenden noch auf eine einzige Aufenthaltsdauer oder -situation beschr\u00e4nkt. Die einzige \nGemeinsamkeit ist der Aspekt der Arbeit oder des Studiums. <\/p>\n\n<p>\nSie m\u00fcssen einen Sponsor finden, der sowohl \u00f6ffentlich (z. B. eine Schule) als auch privat (ein Unternehmen) sein kann, um dieses Sesam-\u00f6ffne-dich zu erhalten. Der \nSponsor entscheidet, ob die Bewerbung angenommen wird, je nach den \nverschiedenen Bedingungen, die Sie erf\u00fcllen m\u00fcssen, nachdem Sie Ihre Bewerbung eingereicht haben. <\/p>\n\n<p>Suchen Sie eine Aufenthaltsgenehmigung f\u00fcr Tourismus, ein Semester an einer Hochschule oder die Gr\u00fcndung eines Unternehmens in \u00dcbersee? Vergessen Sie die J1-Genehmigung, sie ist nicht f\u00fcr Sie geeignet (informieren Sie sich z.B. \u00fcber die <a href=\"https:\/\/www.esta-officiel-usa.com\/fr\/difference-entre-esta-et-demande-de-visa-usa\/\">Unterschiede zwischen ESTA und Visum<\/a>)! Wenn Sie jedoch das richtige Zertifikat ben\u00f6tigen, lesen Sie weiter unten, wie Sie es bestellen k\u00f6nnen, was Zeit und Geld kostet.  <br\/>  <\/p>\n\n<h2 class=\"wp-block-heading\">Erf\u00fcllen Sie Ihren Antrag auf J1-Genehmigung<\/h2>\n\n<p>Um diesen Reisetitel zu erhalten und Ihren Traum zu verwirklichen, die Staaten zu entdecken und gleichzeitig an einem kulturell und beruflich bereichernden Programm teilzunehmen, folgen Sie bitte dem Leitfaden. Wir empfehlen Ihnen, sich fr\u00fchzeitig um ein<a href=\"https:\/\/www.esta-officiel-usa.com\/fr\/la-liste-des-visas-pour-les-usa\/\"> Visum zu bem\u00fchen, da jeder Visumsprozess<\/a> Zeit erfordert. <\/p>\n\n<h3 class=\"wp-block-heading\">1. Schritt: \u00dcberpr\u00fcfen Sie Ihre Berechtigung<\/h3>\n\n<p>Bevor Sie mit den Antragsschritten beginnen, sollten Sie sich \nvergewissern, dass die J1-Genehmigung und das Austauschprogramm f\u00fcr Sie \nsind. \nNeben dem reinen Aufenthaltsgrund m\u00fcssen Sie wissen, dass \nbestimmte Bedingungen erf\u00fcllt sein m\u00fcssen: Ihre finanzielle Situation \nist ebenfalls von Bedeutung, da Sie neben den Verfahrenskosten auch eine Versicherung abschlie\u00dfen m\u00fcssen, die Ihnen einen Mindestversicherungsschutz bietet, der nicht immer \ngegeben ist; dies wird vom Sponsor \u00fcberpr\u00fcft. Dar\u00fcber hinaus k\u00f6nnen Ihre \nEnglischkenntnisse Ihre F\u00f6rderf\u00e4higkeit beeinflussen: Der Zugang zu einem \nProgramm und damit zum Hoheitsgebiet der USA wird verweigert, wenn Ihre Sprachkenntnisse \nzu gering sind.  <\/p>\n\n<h3 class=\"wp-block-heading\">Schritt 2: Das Programm und der Sponsor<\/h3>\n\n<p>Dies ist wahrscheinlich der wichtigste Schritt auf dem Weg zu einem J1-Visum: Sie m\u00fcssen einen amerikanischen Sponsor finden und Ihre Bewerbung best\u00e4tigen lassen, nachdem Sie das ideale Austauschprogramm festgelegt haben. Auf der Website der US-Regierung finden Sie eine Liste der vereidigten Organisationen. Sobald Sie Ihre Bewerbung eingereicht haben, muss der Sponsor Ihr Profil pr\u00fcfen und entscheiden, ob Sie angenommen werden. Dazu geh\u00f6rt auch die Zahlung der von der Organisation verlangten Geb\u00fchren. Z\u00f6gern Sie nicht, die Geb\u00fchren zu vergleichen, bevor Sie sich verpflichten.    <\/p>\n\n<h3 class=\"wp-block-heading\">Schritt 3: Die Akte und die Geb\u00fchren<\/h3>\n\n<p>Ihr Sponsor ist bereit, Sie aufzunehmen und Sie w\u00e4hrend Ihrer Reise zu begleiten? Das ist eine gute Nachricht, aber Sie sollten noch nicht Ihre Koffer packen, denn Sie haben Ihre J1-Genehmigung noch nicht in der Tasche! Ihr Gespr\u00e4chspartner wird Ihnen ein Formular ausstellen, das Sie ausf\u00fcllen m\u00fcssen, das DS-2019. Dann m\u00fcssen Sie eine neue Geb\u00fchr bezahlen, diesmal f\u00fcr die Teilnahme am Programm.   <\/p>\n\n<p>N\u00e4chster Schritt: Gehen Sie zur Website des US-Au\u00dfenministeriums. Dort m\u00fcssen Sie\n das Formular DS-160 ausf\u00fcllen, das f\u00fcr alle Antr\u00e4ge auf ein \nVisum gilt: J1, aber auch L1, E1 usw.. Auch hier m\u00fcssen Sie eine Bearbeitungsgeb\u00fchr entrichten: \n$ 160.  <\/p>\n\n<h3 class=\"wp-block-heading\">4. Schritt: Termin bei der Botschaft<\/h3>\n\n<p>Ihr J1-Visum ist in greifbarer N\u00e4he! Jetzt m\u00fcssen Sie nur noch einen amerikanischen Vertreter in der Botschaft Ihres Landes treffen. Wenn Sie diesen Artikel lesen, sind Sie h\u00f6chstwahrscheinlich Franzose. Setzen Sie sich mit der Botschaft in Verbindung, um einen Termin in Paris zu vereinbaren. Bringen Sie zu diesem Gespr\u00e4ch Ihr DS-2019 Originalformular, eine Kopie der Best\u00e4tigungsseite des DS-160 Formulars (online auszuf\u00fcllen und einzureichen), Ihren Reisepass, ein Foto und die Zahlungsbelege mit.    <\/p>\n\n<p>Was ist der Zweck des Interviews? Es wird \u00fcberpr\u00fcft, ob Ihre Unterlagen in Ordnung sind und ob Ihr Projekt die Kriterien f\u00fcr eine Reise in die USA mit einem J1-Visum erf\u00fcllt. Am Ende wird Ihnen die ersehnte Antwort mitgeteilt: eine positive oder negative Antwort. Wenn der Antrag erfolgreich ist, sollten Sie anfangen, Ihre Koffer zu packen und Ihren Sponsor zu benachrichtigen!   <\/p>\n\n<p>Wenn Ihr Visum abgelehnt wird, k\u00f6nnen Sie leider nicht innerhalb der nordamerikanischen Grenzen reisen.<\/p>\n","protected":false},"excerpt":{"rendered":"<p>Das J1-Visum f\u00fcr einen Austausch in den USA Das J1-Visum wird von den US-Beh\u00f6rden f\u00fcr eine bestimmte Art von Reisenden ausgestellt und entspricht einer zeitlich begrenzten Aufenthaltsgenehmigung f\u00fcr die USA. F\u00fcr wen ist es bestimmt? Wie wird das Visum beantragt? Wie viel kostet es? Das sind genug Fragen, um einen eigenen Artikel zu verfassen! Unsere [&hellip;]<\/p>\n","protected":false},"author":1,"featured_media":0,"parent":0,"menu_order":0,"comment_status":"closed","ping_status":"closed","template":"","meta":{"footnotes":""},"class_list":["post-857","page","type-page","status-publish","hentry"],"yoast_head":"<!-- This site is optimized with the Yoast SEO plugin v26.2 - https:\/\/yoast.com\/wordpress\/plugins\/seo\/ -->\n<title>Das Wichtigste, was Sie \u00fcber das J-Visum wissen sollten<\/title>\n<meta name=\"description\" content=\"Je nachdem, wie Ihre Reise in die USA geplant ist, kann die Genehmigung f\u00fcr ein J1-Visum beantragt werden. Sehen wir uns die F\u00e4lle an, in denen dieses spezielle Visum beantragt werden muss.\" \/>\n<meta name=\"robots\" content=\"index, follow, max-snippet:-1, max-image-preview:large, max-video-preview:-1\" \/>\n<link rel=\"canonical\" href=\"https:\/\/www.esta-officiel-usa.com\/de\/das-wichtigste-was-sie-ueber-das-j-visum-wissen-sollten\/\" \/>\n<meta property=\"og:locale\" content=\"de_DE\" \/>\n<meta property=\"og:type\" content=\"article\" \/>\n<meta property=\"og:title\" content=\"Das Wichtigste, was Sie \u00fcber das J-Visum wissen sollten\" \/>\n<meta property=\"og:description\" content=\"Je nachdem, wie Ihre Reise in die USA geplant ist, kann die Genehmigung f\u00fcr ein J1-Visum beantragt werden. Sehen wir uns die F\u00e4lle an, in denen dieses spezielle Visum beantragt werden muss.\" \/>\n<meta property=\"og:url\" content=\"https:\/\/www.esta-officiel-usa.com\/de\/das-wichtigste-was-sie-ueber-das-j-visum-wissen-sollten\/\" \/>\n<meta property=\"og:site_name\" content=\"ESTA - Vereinigte Staaten\" \/>\n<meta property=\"article:modified_time\" content=\"2025-09-13T11:57:10+00:00\" \/>\n<meta name=\"twitter:card\" content=\"summary_large_image\" \/>\n<meta name=\"twitter:label1\" content=\"Gesch\u00e4tzte Lesezeit\" \/>\n\t<meta name=\"twitter:data1\" content=\"5\u00a0Minuten\" \/>\n<script type=\"application\/ld+json\" class=\"yoast-schema-graph\">{\"@context\":\"https:\/\/schema.org\",\"@graph\":[{\"@type\":\"WebPage\",\"@id\":\"https:\/\/www.esta-officiel-usa.com\/de\/das-wichtigste-was-sie-ueber-das-j-visum-wissen-sollten\/\",\"url\":\"https:\/\/www.esta-officiel-usa.com\/de\/das-wichtigste-was-sie-ueber-das-j-visum-wissen-sollten\/\",\"name\":\"Das Wichtigste, was Sie \u00fcber das J-Visum wissen sollten\",\"isPartOf\":{\"@id\":\"https:\/\/www.esta-officiel-usa.com\/de\/#website\"},\"datePublished\":\"2025-09-13T11:56:50+00:00\",\"dateModified\":\"2025-09-13T11:57:10+00:00\",\"description\":\"Je nachdem, wie Ihre Reise in die USA geplant ist, kann die Genehmigung f\u00fcr ein J1-Visum beantragt werden. Sehen wir uns die F\u00e4lle an, in denen dieses spezielle Visum beantragt werden muss.\",\"breadcrumb\":{\"@id\":\"https:\/\/www.esta-officiel-usa.com\/de\/das-wichtigste-was-sie-ueber-das-j-visum-wissen-sollten\/#breadcrumb\"},\"inLanguage\":\"de\",\"potentialAction\":[{\"@type\":\"ReadAction\",\"target\":[\"https:\/\/www.esta-officiel-usa.com\/de\/das-wichtigste-was-sie-ueber-das-j-visum-wissen-sollten\/\"]}]},{\"@type\":\"BreadcrumbList\",\"@id\":\"https:\/\/www.esta-officiel-usa.com\/de\/das-wichtigste-was-sie-ueber-das-j-visum-wissen-sollten\/#breadcrumb\",\"itemListElement\":[{\"@type\":\"ListItem\",\"position\":1,\"name\":\"Home\",\"item\":\"https:\/\/www.esta-officiel-usa.com\/de\/\"},{\"@type\":\"ListItem\",\"position\":2,\"name\":\"Das Wichtigste, was Sie \u00fcber das J-Visum wissen sollten\"}]},{\"@type\":\"WebSite\",\"@id\":\"https:\/\/www.esta-officiel-usa.com\/de\/#website\",\"url\":\"https:\/\/www.esta-officiel-usa.com\/de\/\",\"name\":\"ESTA - Vereinigte Staaten\",\"description\":\"ESTA-Antragsformular\",\"potentialAction\":[{\"@type\":\"SearchAction\",\"target\":{\"@type\":\"EntryPoint\",\"urlTemplate\":\"https:\/\/www.esta-officiel-usa.com\/de\/?s={search_term_string}\"},\"query-input\":{\"@type\":\"PropertyValueSpecification\",\"valueRequired\":true,\"valueName\":\"search_term_string\"}}],\"inLanguage\":\"de\"}]}<\/script>\n<!-- \/ Yoast SEO plugin. -->","yoast_head_json":{"title":"Das Wichtigste, was Sie \u00fcber das J-Visum wissen sollten","description":"Je nachdem, wie Ihre Reise in die USA geplant ist, kann die Genehmigung f\u00fcr ein J1-Visum beantragt werden. Sehen wir uns die F\u00e4lle an, in denen dieses spezielle Visum beantragt werden muss.","robots":{"index":"index","follow":"follow","max-snippet":"max-snippet:-1","max-image-preview":"max-image-preview:large","max-video-preview":"max-video-preview:-1"},"canonical":"https:\/\/www.esta-officiel-usa.com\/de\/das-wichtigste-was-sie-ueber-das-j-visum-wissen-sollten\/","og_locale":"de_DE","og_type":"article","og_title":"Das Wichtigste, was Sie \u00fcber das J-Visum wissen sollten","og_description":"Je nachdem, wie Ihre Reise in die USA geplant ist, kann die Genehmigung f\u00fcr ein J1-Visum beantragt werden. Sehen wir uns die F\u00e4lle an, in denen dieses spezielle Visum beantragt werden muss.","og_url":"https:\/\/www.esta-officiel-usa.com\/de\/das-wichtigste-was-sie-ueber-das-j-visum-wissen-sollten\/","og_site_name":"ESTA - Vereinigte Staaten","article_modified_time":"2025-09-13T11:57:10+00:00","twitter_card":"summary_large_image","twitter_misc":{"Gesch\u00e4tzte Lesezeit":"5\u00a0Minuten"},"schema":{"@context":"https:\/\/schema.org","@graph":[{"@type":"WebPage","@id":"https:\/\/www.esta-officiel-usa.com\/de\/das-wichtigste-was-sie-ueber-das-j-visum-wissen-sollten\/","url":"https:\/\/www.esta-officiel-usa.com\/de\/das-wichtigste-was-sie-ueber-das-j-visum-wissen-sollten\/","name":"Das Wichtigste, was Sie \u00fcber das J-Visum wissen sollten","isPartOf":{"@id":"https:\/\/www.esta-officiel-usa.com\/de\/#website"},"datePublished":"2025-09-13T11:56:50+00:00","dateModified":"2025-09-13T11:57:10+00:00","description":"Je nachdem, wie Ihre Reise in die USA geplant ist, kann die Genehmigung f\u00fcr ein J1-Visum beantragt werden. Sehen wir uns die F\u00e4lle an, in denen dieses spezielle Visum beantragt werden muss.","breadcrumb":{"@id":"https:\/\/www.esta-officiel-usa.com\/de\/das-wichtigste-was-sie-ueber-das-j-visum-wissen-sollten\/#breadcrumb"},"inLanguage":"de","potentialAction":[{"@type":"ReadAction","target":["https:\/\/www.esta-officiel-usa.com\/de\/das-wichtigste-was-sie-ueber-das-j-visum-wissen-sollten\/"]}]},{"@type":"BreadcrumbList","@id":"https:\/\/www.esta-officiel-usa.com\/de\/das-wichtigste-was-sie-ueber-das-j-visum-wissen-sollten\/#breadcrumb","itemListElement":[{"@type":"ListItem","position":1,"name":"Home","item":"https:\/\/www.esta-officiel-usa.com\/de\/"},{"@type":"ListItem","position":2,"name":"Das Wichtigste, was Sie \u00fcber das J-Visum wissen sollten"}]},{"@type":"WebSite","@id":"https:\/\/www.esta-officiel-usa.com\/de\/#website","url":"https:\/\/www.esta-officiel-usa.com\/de\/","name":"ESTA - Vereinigte Staaten","description":"ESTA-Antragsformular","potentialAction":[{"@type":"SearchAction","target":{"@type":"EntryPoint","urlTemplate":"https:\/\/www.esta-officiel-usa.com\/de\/?s={search_term_string}"},"query-input":{"@type":"PropertyValueSpecification","valueRequired":true,"valueName":"search_term_string"}}],"inLanguage":"de"}]}},"_links":{"self":[{"href":"https:\/\/www.esta-officiel-usa.com\/de\/wp-json\/wp\/v2\/pages\/857","targetHints":{"allow":["GET"]}}],"collection":[{"href":"https:\/\/www.esta-officiel-usa.com\/de\/wp-json\/wp\/v2\/pages"}],"about":[{"href":"https:\/\/www.esta-officiel-usa.com\/de\/wp-json\/wp\/v2\/types\/page"}],"author":[{"embeddable":true,"href":"https:\/\/www.esta-officiel-usa.com\/de\/wp-json\/wp\/v2\/users\/1"}],"replies":[{"embeddable":true,"href":"https:\/\/www.esta-officiel-usa.com\/de\/wp-json\/wp\/v2\/comments?post=857"}],"version-history":[{"count":3,"href":"https:\/\/www.esta-officiel-usa.com\/de\/wp-json\/wp\/v2\/pages\/857\/revisions"}],"predecessor-version":[{"id":885,"href":"https:\/\/www.esta-officiel-usa.com\/de\/wp-json\/wp\/v2\/pages\/857\/revisions\/885"}],"wp:attachment":[{"href":"https:\/\/www.esta-officiel-usa.com\/de\/wp-json\/wp\/v2\/media?parent=857"}],"curies":[{"name":"wp","href":"https:\/\/api.w.org\/{rel}","templated":true}]}}