{"id":881,"date":"2025-09-13T11:57:07","date_gmt":"2025-09-13T11:57:07","guid":{"rendered":"https:\/\/www.esta-officiel-usa.com\/was-muss-ich-tun-um-ein-arbeitsvisum-fuer-die-usa-zu-erhalten\/"},"modified":"2025-09-13T11:57:07","modified_gmt":"2025-09-13T11:57:07","slug":"was-muss-ich-tun-um-ein-arbeitsvisum-fuer-die-usa-zu-erhalten","status":"publish","type":"page","link":"https:\/\/www.esta-officiel-usa.com\/de\/was-muss-ich-tun-um-ein-arbeitsvisum-fuer-die-usa-zu-erhalten\/","title":{"rendered":"Was muss ich tun, um ein Arbeitsvisum f\u00fcr die USA zu erhalten?"},"content":{"rendered":"\n<h1 class=\"wp-block-heading\">Arbeitsvisum f\u00fcr die USA: Wie erhalte ich es?<\/h1>\n\n<p>Die USA sind bei der Einwanderung unnachgiebig. F\u00fcr jeden Fall gibt es ein spezielles Visum. Ein Arbeitsvisum f\u00fcr die USA ist daher ein wichtiger Schritt f\u00fcr jeden, der in den USA arbeiten m\u00f6chte. F\u00fcr jede Berufskategorie gibt es ein Visum mit einem eigenen alphanumerischen Code.   <\/p>\n\n<p>Wenn Sie <a href=\"https:\/\/www.esta-officiel-usa.com\/fr\/partir-en-voyage-aux-etats-unis\/\">in den USA nicht nur leben<\/a>, sondern auch arbeiten m\u00f6chten, m\u00fcssen Sie ein Visum beantragen.<\/p>\n\n<p>\nIn diesem Artikel erfahren Sie, welches Visum Sie ben\u00f6tigen, um in den USA zu arbeiten und von einem \namerikanischen Unternehmen eingestellt zu werden.<br\/> <\/p>\n\n<h2 class=\"wp-block-heading\">Arbeitsvisa f\u00fcr die USA: die verschiedenen Kategorien<\/h2>\n\n<p>Wie bereits erw\u00e4hnt, gibt es verschiedene Kategorien von <a href=\"https:\/\/www.esta-officiel-usa.com\/de\/das-h1b-visum-fuer-arbeit-in-den-usa\/\">Arbeitsvisa f\u00fcr die USA<\/a>, je nach dem beruflichen Status des Antragstellers, bestimmten besonderen Qualifikationen, Berufserfahrung oder dem T\u00e4tigkeitsbereich des Antragstellers.<\/p>\n\n<p>Die G\u00fcltigkeitsdauer und die M\u00f6glichkeit, das\n USA Arbeitsvisum zu verl\u00e4ngern, h\u00e4ngt von der Art des Visums ab, das Sie beantragen m\u00fcssen.<\/p>\n\n<h3 class=\"wp-block-heading\">\u00dcbersichtstabelle der verschiedenen Arbeitsgenehmigungen f\u00fcr die USA  <\/h3>\n\n<figure class=\"wp-block-table\"><table class=\"\"><tbody><tr><td>H1B-Visum  <\/td><td>\n  Visa f\u00fcr spezialisierte T\u00e4tigkeiten, die einen h\u00f6heren Bildungsabschluss erfordern\n\t\t\t<\/td><\/tr><tr><td>H1B1 Visum  <\/td><td>\n  Visum f\u00fcr Forscher, die vor\u00fcbergehend in den USA arbeiten und in den USA mitarbeiten wollen\n\t\t\t<\/td><\/tr><tr><td>H2A-Visum  <\/td><td>\n  Visum f\u00fcr tempor\u00e4re oder saisonale landwirtschaftliche Arbeiter\n\t\t\t<\/td><\/tr><tr><td>H2B-Visum  <\/td><td>\n  Visa f\u00fcr befristete Arbeitsstellen, die nicht an Amerikaner vergeben werden konnten\n\t\t\t<\/td><\/tr><tr><td>H3 Visum  <\/td><td>\n  Visum f\u00fcr Praktikanten in einem US-Unternehmen oder einer Tochtergesellschaft eines ausl\u00e4ndischen Unternehmens\n\t\t\t<\/td><\/tr><tr><td>L-Visum  <\/td><td>\n  Visum f\u00fcr im Ausland lebende Gesch\u00e4ftsf\u00fchrer oder leitende Angestellte, die in der US-Tochtergesellschaft arbeiten.\n\t\t\t<\/td><\/tr><tr><td>O-Visum  <\/td><td>\n  Visa f\u00fcr Personen mit au\u00dfergew\u00f6hnlichen F\u00e4higkeiten in den Bereichen Wissenschaft, Kunst, Sport etc.\n\t\t\t<\/td><\/tr><tr><td>Visum P1  <\/td><td>\n  Visum f\u00fcr Sportler, die an einem Wettkampf teilnehmen\n\t\t\t<\/td><\/tr><tr><td>P2 Visum  <\/td><td>\n  Visum f\u00fcr K\u00fcnstler, die im Rahmen eines Kulturaustauschprogramms mit den USA auftreten.\n\t\t\t<\/td><\/tr><tr><td>P3 Visum  <\/td><td>\n  Visum f\u00fcr K\u00fcnstler, die in den USA nur im Rahmen eines Kulturprogramms auftreten.\n\t\t\t<\/td><\/tr><tr><td>Q1 Visum  <\/td><td>\n  Visum f\u00fcr Einzelpersonen, die an kulturellen Austauschprogrammen teilnehmen\n\t\t\t<\/td><\/tr><tr><td>Visum I  <\/td><td>\n  Visum f\u00fcr Journalisten\n\t\t\t<\/td><\/tr><\/tbody><\/table><\/figure>\n\n<p>Sie m\u00fcssen einen Arbeitsplatz finden, bevor Sie eine Arbeitserlaubnis beantragen, da ein Stellenangebot immer in den Unterlagen f\u00fcr Ihren Visumantrag enthalten sein muss. Der zuk\u00fcnftige Arbeitgeber muss einen Antrag bei der Abteilung f\u00fcr Innere Sicherheit stellen. Ihr zuk\u00fcnftiger Arbeitgeber wird Ihre Arbeitserlaubnis in Form des Dokuments I-797 erhalten, wenn der Antrag angenommen wird. Sie m\u00fcssen das Dokument zu Ihrem Antrag auf ein Arbeitsvisum f\u00fcr die USA hinzuf\u00fcgen. Mit dieser Genehmigung kann der Antragsteller nun bei der Konsularabteilung der US-Botschaft (oder des US-Konsulats) weiter vorstellig werden.    <\/p>\n\n<h2 class=\"wp-block-heading\">Wie bekomme ich ein Arbeitsvisum f\u00fcr die USA? Die Schritte <\/h2>\n\n<p>Wie bereits erl\u00e4utert, muss der Antragsteller, um eine Arbeitserlaubnis zu erhalten, \ndie US-Botschaft oder das Konsulat \nGeneralkonsulat in der N\u00e4he seines Wohnortes aufsuchen. Er muss eine Akte \nf\u00fcr die Botschaft mit den erforderlichen Dokumenten zusammenstellen: <\/p>\n\n<ul class=\"wp-block-list\"><li>einen g\u00fcltigen biometrischen Reisepass (mit Fingerabdr\u00fccken) oder einen g\u00fcltigen elektronischen Reisepass;<\/li><li>einen Chronopost-Umschlag<\/li><li>einen Ausdruck des zuvor ausgef\u00fcllten Formulars DS-160;<\/li><li>ein aktuelles Passfoto ;<\/li><li>die Arbeitsgenehmigung I-797, die belegt, dass das Stellenangebot vom DHS genehmigt wurde;<\/li><li>Belege wie den Kontoauszug.<\/li><\/ul>\n\n<p>Sobald die US-Botschaft Ihren Fall gepr\u00fcft hat, wird sie Sie \nkontaktieren, um einen Termin f\u00fcr eine medizinische Untersuchung zu vereinbaren. \n \nDas Gespr\u00e4ch dauert normalerweise zwischen 10 und 15 Minuten und besteht \neiner Reihe von Fragen, die Ihnen der offizielle Vertreter der US-Beh\u00f6rden stellen wird, um Ihre berufliche und pers\u00f6nliche \nSituation zu ermitteln. Der Hauptzweck dieser Fragen besteht darin, \nIhre Berechtigung zum Aufenthalt in den USA festzustellen. <\/p>\n\n<p>Nach dem Gespr\u00e4ch wird Ihnen der Rechtsvertreter der US-Regierung \nmitteilen, ob Sie im Rahmen der Arbeitserlaubnis in die USA reisen d\u00fcrfen \n. Sie erhalten das \nVisum nicht direkt nach Ihrem Interview. Die franz\u00f6sische Botschaft oder das Generalkonsulat\n wird den g\u00fcltigen Reisepass einige Tage lang aufbewahren und ihn Ihnen \nmit dem Arbeitsvisum USA abgestempelt zur\u00fcckgeben.  <\/p>\n\n<p>Jetzt sind Sie bereit, Ihre Karriere zu beginnen und in die USA auszuwandern!<\/p>\n\n<p>\nWenn Sie Schwierigkeiten haben, eine Arbeit in den USA zu finden und\n einen Arbeitgeber zu finden, der zu Ihnen passt, empfehlen wir Ihnen, Ihren englischen Lebenslauf vorzubereiten und Ihre Englischkenntnisse zu \u00fcberpr\u00fcfen. Wenn Sie \n\u00fcber ein hohes Sprachniveau verf\u00fcgen, legen Sie die Toefl-Pr\u00fcfung ab. Dieses \nist international bekannt und erm\u00f6glicht es Unternehmen, bei der Pr\u00fcfung Ihrer Bewerbung einen \ng\u00fcltigen sprachlichen Referenzpunkt zu haben.  <\/p>\n\n<p>Ansonsten ist es manchmal besser, zun\u00e4chst ein Praktikum \nin den USA oder einen Sommerjob (f\u00fcr den ein J1-Visum erforderlich ist) zu absolvieren, bevor man \u00fcber einen \nAuslandsaufenthalt und ein Leben in den USA nachdenkt.<\/p>\n\n<h3 class=\"wp-block-heading\">Arbeiten in den USA mit der Green Card<\/h3>\n\n<p>Es gibt eine Alternative zur Arbeitserlaubnis, die <a href=\"https:\/\/www.esta-officiel-usa.com\/fr\/quest-ce-que-la-green-card\/\">Green Card<\/a>. Jedes Jahr findet eine <a href=\"https:\/\/www.esta-officiel-usa.com\/fr\/obtenir-une-green-card-par-la-loterie\/\">Green Card Lotterie<\/a> zwischen Teilnehmern aus der ganzen Welt statt, die ihren amerikanischen Traum leben wollen, um zu bestimmen, wer die Daueraufenthaltskarte erhalten kann. Um eine Daueraufenthaltskarte zu erhalten und in die USA auszuwandern, m\u00fcssen Sie ein Formular auf der offiziellen Website der Green Card-Lotterie ausf\u00fcllen.  <\/p>\n\n<h3 class=\"wp-block-heading\">ESTA, um die USA zu entdecken<\/h3>\n\n<p>Wenn Sie zun\u00e4chst in die USA reisen m\u00f6chten, um sich dort umzusehen und\n zu sehen, ob Ihnen das Leben dort gef\u00e4llt, ist es m\u00f6glich, in die USA zu reisen, ohne \nvorher ein Visum beantragen zu m\u00fcssen. Mit ESTA \n(Electronic Travel Authorization) k\u00f6nnen Sie ohne Visum in die \nUSA reisen, wenn Sie die Kriterien \nerf\u00fcllen (Staatsangeh\u00f6rigkeit eines der VWP-Mitgliedsl\u00e4nder,\n ein g\u00fcltiger Reisepass usw.). Wenn Sie nicht f\u00fcr ESTA in Frage kommen, m\u00fcssen Sie \ndas Touristenvisum B beantragen. <\/p>\n\n<p>F\u00fcr weitere Informationen wenden Sie sich bitte an unser Team und besuchen Sie unsere<a href=\"https:\/\/www.esta-officiel-usa.com\/de\/\">ESTA-Website<\/a>.<\/p>\n","protected":false},"excerpt":{"rendered":"<p>Arbeitsvisum f\u00fcr die USA: Wie erhalte ich es? Die USA sind bei der Einwanderung unnachgiebig. F\u00fcr jeden Fall gibt es ein spezielles Visum. Ein Arbeitsvisum f\u00fcr die USA ist daher ein wichtiger Schritt f\u00fcr jeden, der in den USA arbeiten m\u00f6chte. F\u00fcr jede Berufskategorie gibt es ein Visum mit einem eigenen alphanumerischen Code. Wenn Sie [&hellip;]<\/p>\n","protected":false},"author":1,"featured_media":0,"parent":0,"menu_order":0,"comment_status":"closed","ping_status":"closed","template":"","meta":{"footnotes":""},"class_list":["post-881","page","type-page","status-publish","hentry"],"yoast_head":"<!-- This site is optimized with the Yoast SEO plugin v26.2 - https:\/\/yoast.com\/wordpress\/plugins\/seo\/ -->\n<title>Was muss ich tun, um ein Arbeitsvisum f\u00fcr die USA zu erhalten?<\/title>\n<meta name=\"description\" content=\"Jeder, der in die USA reisen m\u00f6chte, um dort zu arbeiten, muss ein Arbeitsvisum f\u00fcr die USA beantragen. Hier erfahren Sie, wie Sie ein solches Visum erhalten k\u00f6nnen.\" \/>\n<meta name=\"robots\" content=\"index, follow, max-snippet:-1, max-image-preview:large, max-video-preview:-1\" \/>\n<link rel=\"canonical\" href=\"https:\/\/www.esta-officiel-usa.com\/de\/was-muss-ich-tun-um-ein-arbeitsvisum-fuer-die-usa-zu-erhalten\/\" \/>\n<meta property=\"og:locale\" content=\"de_DE\" \/>\n<meta property=\"og:type\" content=\"article\" \/>\n<meta property=\"og:title\" content=\"Was muss ich tun, um ein Arbeitsvisum f\u00fcr die USA zu erhalten?\" \/>\n<meta property=\"og:description\" content=\"Jeder, der in die USA reisen m\u00f6chte, um dort zu arbeiten, muss ein Arbeitsvisum f\u00fcr die USA beantragen. Hier erfahren Sie, wie Sie ein solches Visum erhalten k\u00f6nnen.\" \/>\n<meta property=\"og:url\" content=\"https:\/\/www.esta-officiel-usa.com\/de\/was-muss-ich-tun-um-ein-arbeitsvisum-fuer-die-usa-zu-erhalten\/\" \/>\n<meta property=\"og:site_name\" content=\"ESTA - Vereinigte Staaten\" \/>\n<meta name=\"twitter:card\" content=\"summary_large_image\" \/>\n<meta name=\"twitter:label1\" content=\"Gesch\u00e4tzte Lesezeit\" \/>\n\t<meta name=\"twitter:data1\" content=\"5\u00a0Minuten\" \/>\n<script type=\"application\/ld+json\" class=\"yoast-schema-graph\">{\"@context\":\"https:\/\/schema.org\",\"@graph\":[{\"@type\":\"WebPage\",\"@id\":\"https:\/\/www.esta-officiel-usa.com\/de\/was-muss-ich-tun-um-ein-arbeitsvisum-fuer-die-usa-zu-erhalten\/\",\"url\":\"https:\/\/www.esta-officiel-usa.com\/de\/was-muss-ich-tun-um-ein-arbeitsvisum-fuer-die-usa-zu-erhalten\/\",\"name\":\"Was muss ich tun, um ein Arbeitsvisum f\u00fcr die USA zu erhalten?\",\"isPartOf\":{\"@id\":\"https:\/\/www.esta-officiel-usa.com\/de\/#website\"},\"datePublished\":\"2025-09-13T11:57:07+00:00\",\"description\":\"Jeder, der in die USA reisen m\u00f6chte, um dort zu arbeiten, muss ein Arbeitsvisum f\u00fcr die USA beantragen. Hier erfahren Sie, wie Sie ein solches Visum erhalten k\u00f6nnen.\",\"breadcrumb\":{\"@id\":\"https:\/\/www.esta-officiel-usa.com\/de\/was-muss-ich-tun-um-ein-arbeitsvisum-fuer-die-usa-zu-erhalten\/#breadcrumb\"},\"inLanguage\":\"de\",\"potentialAction\":[{\"@type\":\"ReadAction\",\"target\":[\"https:\/\/www.esta-officiel-usa.com\/de\/was-muss-ich-tun-um-ein-arbeitsvisum-fuer-die-usa-zu-erhalten\/\"]}]},{\"@type\":\"BreadcrumbList\",\"@id\":\"https:\/\/www.esta-officiel-usa.com\/de\/was-muss-ich-tun-um-ein-arbeitsvisum-fuer-die-usa-zu-erhalten\/#breadcrumb\",\"itemListElement\":[{\"@type\":\"ListItem\",\"position\":1,\"name\":\"Home\",\"item\":\"https:\/\/www.esta-officiel-usa.com\/de\/\"},{\"@type\":\"ListItem\",\"position\":2,\"name\":\"Was muss ich tun, um ein Arbeitsvisum f\u00fcr die USA zu erhalten?\"}]},{\"@type\":\"WebSite\",\"@id\":\"https:\/\/www.esta-officiel-usa.com\/de\/#website\",\"url\":\"https:\/\/www.esta-officiel-usa.com\/de\/\",\"name\":\"ESTA - Vereinigte Staaten\",\"description\":\"ESTA-Antragsformular\",\"potentialAction\":[{\"@type\":\"SearchAction\",\"target\":{\"@type\":\"EntryPoint\",\"urlTemplate\":\"https:\/\/www.esta-officiel-usa.com\/de\/?s={search_term_string}\"},\"query-input\":{\"@type\":\"PropertyValueSpecification\",\"valueRequired\":true,\"valueName\":\"search_term_string\"}}],\"inLanguage\":\"de\"}]}<\/script>\n<!-- \/ Yoast SEO plugin. -->","yoast_head_json":{"title":"Was muss ich tun, um ein Arbeitsvisum f\u00fcr die USA zu erhalten?","description":"Jeder, der in die USA reisen m\u00f6chte, um dort zu arbeiten, muss ein Arbeitsvisum f\u00fcr die USA beantragen. Hier erfahren Sie, wie Sie ein solches Visum erhalten k\u00f6nnen.","robots":{"index":"index","follow":"follow","max-snippet":"max-snippet:-1","max-image-preview":"max-image-preview:large","max-video-preview":"max-video-preview:-1"},"canonical":"https:\/\/www.esta-officiel-usa.com\/de\/was-muss-ich-tun-um-ein-arbeitsvisum-fuer-die-usa-zu-erhalten\/","og_locale":"de_DE","og_type":"article","og_title":"Was muss ich tun, um ein Arbeitsvisum f\u00fcr die USA zu erhalten?","og_description":"Jeder, der in die USA reisen m\u00f6chte, um dort zu arbeiten, muss ein Arbeitsvisum f\u00fcr die USA beantragen. Hier erfahren Sie, wie Sie ein solches Visum erhalten k\u00f6nnen.","og_url":"https:\/\/www.esta-officiel-usa.com\/de\/was-muss-ich-tun-um-ein-arbeitsvisum-fuer-die-usa-zu-erhalten\/","og_site_name":"ESTA - Vereinigte Staaten","twitter_card":"summary_large_image","twitter_misc":{"Gesch\u00e4tzte Lesezeit":"5\u00a0Minuten"},"schema":{"@context":"https:\/\/schema.org","@graph":[{"@type":"WebPage","@id":"https:\/\/www.esta-officiel-usa.com\/de\/was-muss-ich-tun-um-ein-arbeitsvisum-fuer-die-usa-zu-erhalten\/","url":"https:\/\/www.esta-officiel-usa.com\/de\/was-muss-ich-tun-um-ein-arbeitsvisum-fuer-die-usa-zu-erhalten\/","name":"Was muss ich tun, um ein Arbeitsvisum f\u00fcr die USA zu erhalten?","isPartOf":{"@id":"https:\/\/www.esta-officiel-usa.com\/de\/#website"},"datePublished":"2025-09-13T11:57:07+00:00","description":"Jeder, der in die USA reisen m\u00f6chte, um dort zu arbeiten, muss ein Arbeitsvisum f\u00fcr die USA beantragen. Hier erfahren Sie, wie Sie ein solches Visum erhalten k\u00f6nnen.","breadcrumb":{"@id":"https:\/\/www.esta-officiel-usa.com\/de\/was-muss-ich-tun-um-ein-arbeitsvisum-fuer-die-usa-zu-erhalten\/#breadcrumb"},"inLanguage":"de","potentialAction":[{"@type":"ReadAction","target":["https:\/\/www.esta-officiel-usa.com\/de\/was-muss-ich-tun-um-ein-arbeitsvisum-fuer-die-usa-zu-erhalten\/"]}]},{"@type":"BreadcrumbList","@id":"https:\/\/www.esta-officiel-usa.com\/de\/was-muss-ich-tun-um-ein-arbeitsvisum-fuer-die-usa-zu-erhalten\/#breadcrumb","itemListElement":[{"@type":"ListItem","position":1,"name":"Home","item":"https:\/\/www.esta-officiel-usa.com\/de\/"},{"@type":"ListItem","position":2,"name":"Was muss ich tun, um ein Arbeitsvisum f\u00fcr die USA zu erhalten?"}]},{"@type":"WebSite","@id":"https:\/\/www.esta-officiel-usa.com\/de\/#website","url":"https:\/\/www.esta-officiel-usa.com\/de\/","name":"ESTA - Vereinigte Staaten","description":"ESTA-Antragsformular","potentialAction":[{"@type":"SearchAction","target":{"@type":"EntryPoint","urlTemplate":"https:\/\/www.esta-officiel-usa.com\/de\/?s={search_term_string}"},"query-input":{"@type":"PropertyValueSpecification","valueRequired":true,"valueName":"search_term_string"}}],"inLanguage":"de"}]}},"_links":{"self":[{"href":"https:\/\/www.esta-officiel-usa.com\/de\/wp-json\/wp\/v2\/pages\/881","targetHints":{"allow":["GET"]}}],"collection":[{"href":"https:\/\/www.esta-officiel-usa.com\/de\/wp-json\/wp\/v2\/pages"}],"about":[{"href":"https:\/\/www.esta-officiel-usa.com\/de\/wp-json\/wp\/v2\/types\/page"}],"author":[{"embeddable":true,"href":"https:\/\/www.esta-officiel-usa.com\/de\/wp-json\/wp\/v2\/users\/1"}],"replies":[{"embeddable":true,"href":"https:\/\/www.esta-officiel-usa.com\/de\/wp-json\/wp\/v2\/comments?post=881"}],"version-history":[{"count":1,"href":"https:\/\/www.esta-officiel-usa.com\/de\/wp-json\/wp\/v2\/pages\/881\/revisions"}],"predecessor-version":[{"id":882,"href":"https:\/\/www.esta-officiel-usa.com\/de\/wp-json\/wp\/v2\/pages\/881\/revisions\/882"}],"wp:attachment":[{"href":"https:\/\/www.esta-officiel-usa.com\/de\/wp-json\/wp\/v2\/media?parent=881"}],"curies":[{"name":"wp","href":"https:\/\/api.w.org\/{rel}","templated":true}]}}