{"id":888,"date":"2025-09-13T11:57:11","date_gmt":"2025-09-13T11:57:11","guid":{"rendered":"https:\/\/www.esta-officiel-usa.com\/was-sind-die-verschiedenen-transitvisa-fuer-die-usa\/"},"modified":"2025-09-13T11:57:11","modified_gmt":"2025-09-13T11:57:11","slug":"was-sind-die-verschiedenen-transitvisa-fuer-die-usa","status":"publish","type":"page","link":"https:\/\/www.esta-officiel-usa.com\/de\/was-sind-die-verschiedenen-transitvisa-fuer-die-usa\/","title":{"rendered":"Was sind die verschiedenen Transitvisa f\u00fcr die USA?"},"content":{"rendered":"\n<h1 class=\"wp-block-heading\">Ist ein Transitvisum f\u00fcr die USA erforderlich?<\/h1>\n\n<p>Ob es sich um eine Niederlassung, eine Reise in die USA oder einen einfachen Transit handelt, f\u00fcr die Landung auf amerikanischem Boden ist eine Reisegenehmigung erforderlich. Aber ob <a href=\"https:\/\/www.esta-officiel-usa.com\/de\/\">ESTA<\/a> oder Visum: Welche Art von Genehmigung ist f\u00fcr den Transit durch die USA erforderlich? Finden Sie es in diesem Artikel heraus!  <\/p>\n\n<h2 class=\"wp-block-heading\">Das Transitvisum f\u00fcr die USA<\/h2>\n\n<p>Alle ausl\u00e4ndischen Staatsangeh\u00f6rigen, die im Transit durch die \nUSA reisen, m\u00fcssen ein Visum beantragen, genau wie f\u00fcr eine \nReise in die USA. Wenn Sie die Durchreise nutzen m\u00f6chten, um \neinen Aufenthalt in den USA zu machen, ben\u00f6tigen Sie ein Visum\n B. Wenn Sie jedoch ein Visum nur f\u00fcr Ihren\n Transit ben\u00f6tigen (z.B. Zwischenstopp in San Francisco auf dem Weg nach Neuseeland \n), m\u00fcssen Sie ein C-Visum beantragen. \nTransitvisum wird in 5 Kategorien eingeteilt: <\/p>\n\n<ul class=\"wp-block-list\"><li>C1-Visum f\u00fcr Flug- und Schiffspassagiere.<\/li><li>C1D-Visum f\u00fcr Besatzungsmitglieder von Flugzeugen und Schiffen.<\/li><li>Das C2-Visum ist f\u00fcr UN-Personal reserviert.<\/li><li>C3-Visum f\u00fcr hohe Beamte auf der Durchreise.<\/li><li>das C4-Visum f\u00fcr Transitpassagiere im Rahmen des ATP-Programms (Pilotenausbildung).<\/li><\/ul>\n\n<p>Wenn Sie ein Transitvisum beantragen m\u00f6chten, m\u00fcssen Sie \nbei der US-Botschaft (oder dem Konsulat \ngeneral) einen Visumantrag stellen. Sie m\u00fcssen dann einen Antrag stellen. Dieser \nmuss die folgenden Unterlagen enthalten:  <\/p>\n\n<ul class=\"wp-block-list\"><li>das ausgef\u00fcllte Formular DS-160<\/li><li>einen g\u00fcltigen biometrischen oder elektronischen Reisepass<\/li><li>ein Passfoto, das h\u00f6chstens in den letzten 6 Monaten aufgenommen wurde (5 cm x 5 cm)<\/li><li>Ihre Flugtickets f\u00fcr den Hin- und R\u00fcckflug (und den Nachweis, dass es sich um einen Transit in die USA handelt).<\/li><li>eine Quittung \u00fcber die Zahlung der Bearbeitungsgeb\u00fchr f\u00fcr das Non-Immigrant-Visum in H\u00f6he von 160 $ in der Landesw\u00e4hrung.<\/li><\/ul>\n\n<p>Sie werden gebeten, alle diese Unterlagen mitzubringen, wenn Sie Ihren Termin bei der US-Botschaft \nwahrnehmen. Die Botschaft befindet sich \nin Paris. Bitte stellen Sie sicher, dass Sie Ihre Unterlagen sorgf\u00e4ltig zusammenstellen, da diese f\u00fcr die Erteilung Ihres Transitvisums entscheidend sind \n. \nDie Konsularbeamten werden jedes Dokument sorgf\u00e4ltig pr\u00fcfen. \nWenn Sie ein Visum f\u00fcr jedes Mitglied Ihrer Familie \nbeantragen, muss nat\u00fcrlich f\u00fcr jedes Mitglied ein eigener Antrag gestellt werden.  <\/p>\n\n<p>Wichtig: Wenn Sie versuchen, zu l\u00fcgen oder falsche Dokumente vorzulegen \n, k\u00f6nnen Sie dauerhaft von der Erteilung eines \nVisums ausgeschlossen werden.<br\/> <\/p>\n\n<h2 class=\"wp-block-heading\">Eine Alternative zum Transitvisum: ESTA<\/h2>\n\n<p>Sie sollten auch wissen, dass Sie je nach Ihrem Profil nicht verpflichtet sind, ein Visum zu beantragen.<\/p>\n\n<p>f\u00fcr die Landung auf US-amerikanischem Hoheitsgebiet. Es gibt ein Programm f\u00fcr die Befreiung von der Visumspflicht, das auch als <a href=\"https:\/\/www.esta-officiel-usa.com\/fr\/a-propos-du-visa-waiver-program\/\">Visa Waiver Progra<\/a> m (VWP) bezeichnet wird. Das VWP ist ein Programm, das Reisenden aus einer Reihe von L\u00e4ndern die Einreise in die USA erleichtern soll.  <br\/> <br\/>  Im Rahmen dieses Programms wurde das ESTA-Programm eingef\u00fchrt. Es handelt sich um eine offizielle Reisegenehmigung f\u00fcr einen Kurzaufenthalt von bis zu 90 Tagen in den USA (Transit, touristische Reise, Gesch\u00e4ftsreise). <br\/> <br\/>  Staatsangeh\u00f6rige eines Landes, das an diesem Programm teilnimmt, m\u00fcssen f\u00fcr die Einreise in die USA kein Transitvisum beantragen; sie m\u00fcssen jedoch ein ESTA beantragen. Die Liste der L\u00e4nder, die an dem Programm teilnehmen, ist wie folgt: <\/p>\n\n<p>Andorra, Australien, \u00d6sterreich, Belgien, Brunei, Chile, \n, S\u00fcdkorea, D\u00e4nemark, Estland, Finnland, Frankreich, Deutschland, Griechenland, \nUngarn, Irland, Island, Italien, Japan, Niederlande, Lettland, \nLiechtenstein, Litauen, Luxemburg, Malta, Monaco, Norwegen, \nNeuseeland, Portugal, Tschechische Republik, Gro\u00dfbritannien, \nSan Marino, Singapur, Slowakei, Slowenien, Spanien, Schweden, Schweiz und Taiwan.<\/p>\n\n<p><a href=\"https:\/\/www.esta-officiel-usa.com\/fr\/lautorisation-esta\/\">Die ESTA-Genehmigung<\/a> ist viel weniger aufwendig als ein Visum. Sie kostet nur 14 USD und kann ganz einfach durch Ausf\u00fcllen eines Online-Formulars beantragt werden. Sie k\u00f6nnen den ESTA-Antrag auf der Website der US-Regierung stellen.  <\/p>\n\n<p>Achtung! Das ESTA-Formular muss sorgf\u00e4ltig ausgef\u00fcllt werden. Obwohl es sich hierbei nicht um ein Visum handelt, sind die US-Beh\u00f6rden unnachgiebig und der kleinste Fehler im Formular kann Sie Ihr ESTA kosten. <\/p>\n\n<p>Wenn Sie beim Ausf\u00fcllen des Formulars gestresst sind, k\u00f6nnen Sie sich auch an einen privaten Dienst wenden. Dieser bietet Ihnen pers\u00f6nliche Hilfe beim Ausf\u00fcllen des Formulars und kann es im Falle von Fehlern korrigieren, bevor es an die US-Beh\u00f6rden weitergeleitet wird. <\/p>\n\n<p>Reisehinweise: Um ein ESTA zu beantragen, m\u00fcssen Sie, wie bei einem Transitvisum, einen elektronischen oder biometrischen Reisepass mit einer aktuellen G\u00fcltigkeitsdauer besitzen. Wenn Sie einen g\u00fcltigen Reisepass \u00e4lterer Generation (optischer Reisepass) besitzen, k\u00f6nnen Sie nicht in die USA reisen. In diesem Fall m\u00fcssen Sie bei Ihrer Stadtverwaltung einen neuen Reisepass beantragen.  <\/p>\n\n<p>Wenn Sie leider nicht alle Kriterien f\u00fcr ein ESTA erf\u00fcllen oder <a href=\"https:\/\/www.esta-officiel-usa.com\/fr\/quels-motifs-menent-a-un-refus-de-lesta\/\">Ihnen die ESTA-Genehmigung verweigert wurde<\/a>, m\u00fcssen Sie bei der US-Botschaft oder dem US-Konsulat ein Transitvisum beantragen.<\/p>\n","protected":false},"excerpt":{"rendered":"<p>Ist ein Transitvisum f\u00fcr die USA erforderlich? Ob es sich um eine Niederlassung, eine Reise in die USA oder einen einfachen Transit handelt, f\u00fcr die Landung auf amerikanischem Boden ist eine Reisegenehmigung erforderlich. Aber ob ESTA oder Visum: Welche Art von Genehmigung ist f\u00fcr den Transit durch die USA erforderlich? Finden Sie es in diesem [&hellip;]<\/p>\n","protected":false},"author":1,"featured_media":0,"parent":0,"menu_order":0,"comment_status":"closed","ping_status":"closed","template":"","meta":{"footnotes":""},"class_list":["post-888","page","type-page","status-publish","hentry"],"yoast_head":"<!-- This site is optimized with the Yoast SEO plugin v26.2 - https:\/\/yoast.com\/wordpress\/plugins\/seo\/ -->\n<title>Was sind die verschiedenen Transitvisa f\u00fcr die USA?<\/title>\n<meta name=\"description\" content=\"Ist ein Visum f\u00fcr den Transit durch die USA erforderlich? Unsere Experten erkl\u00e4ren Ihnen dies in diesem Artikel. Viel Spa\u00df beim Lesen und vor allem bei der Reise!\" \/>\n<meta name=\"robots\" content=\"index, follow, max-snippet:-1, max-image-preview:large, max-video-preview:-1\" \/>\n<link rel=\"canonical\" href=\"https:\/\/www.esta-officiel-usa.com\/de\/was-sind-die-verschiedenen-transitvisa-fuer-die-usa\/\" \/>\n<meta property=\"og:locale\" content=\"de_DE\" \/>\n<meta property=\"og:type\" content=\"article\" \/>\n<meta property=\"og:title\" content=\"Was sind die verschiedenen Transitvisa f\u00fcr die USA?\" \/>\n<meta property=\"og:description\" content=\"Ist ein Visum f\u00fcr den Transit durch die USA erforderlich? Unsere Experten erkl\u00e4ren Ihnen dies in diesem Artikel. Viel Spa\u00df beim Lesen und vor allem bei der Reise!\" \/>\n<meta property=\"og:url\" content=\"https:\/\/www.esta-officiel-usa.com\/de\/was-sind-die-verschiedenen-transitvisa-fuer-die-usa\/\" \/>\n<meta property=\"og:site_name\" content=\"ESTA - Vereinigte Staaten\" \/>\n<meta name=\"twitter:card\" content=\"summary_large_image\" \/>\n<meta name=\"twitter:label1\" content=\"Gesch\u00e4tzte Lesezeit\" \/>\n\t<meta name=\"twitter:data1\" content=\"4\u00a0Minuten\" \/>\n<script type=\"application\/ld+json\" class=\"yoast-schema-graph\">{\"@context\":\"https:\/\/schema.org\",\"@graph\":[{\"@type\":\"WebPage\",\"@id\":\"https:\/\/www.esta-officiel-usa.com\/de\/was-sind-die-verschiedenen-transitvisa-fuer-die-usa\/\",\"url\":\"https:\/\/www.esta-officiel-usa.com\/de\/was-sind-die-verschiedenen-transitvisa-fuer-die-usa\/\",\"name\":\"Was sind die verschiedenen Transitvisa f\u00fcr die USA?\",\"isPartOf\":{\"@id\":\"https:\/\/www.esta-officiel-usa.com\/de\/#website\"},\"datePublished\":\"2025-09-13T11:57:11+00:00\",\"description\":\"Ist ein Visum f\u00fcr den Transit durch die USA erforderlich? Unsere Experten erkl\u00e4ren Ihnen dies in diesem Artikel. Viel Spa\u00df beim Lesen und vor allem bei der Reise!\",\"breadcrumb\":{\"@id\":\"https:\/\/www.esta-officiel-usa.com\/de\/was-sind-die-verschiedenen-transitvisa-fuer-die-usa\/#breadcrumb\"},\"inLanguage\":\"de\",\"potentialAction\":[{\"@type\":\"ReadAction\",\"target\":[\"https:\/\/www.esta-officiel-usa.com\/de\/was-sind-die-verschiedenen-transitvisa-fuer-die-usa\/\"]}]},{\"@type\":\"BreadcrumbList\",\"@id\":\"https:\/\/www.esta-officiel-usa.com\/de\/was-sind-die-verschiedenen-transitvisa-fuer-die-usa\/#breadcrumb\",\"itemListElement\":[{\"@type\":\"ListItem\",\"position\":1,\"name\":\"Home\",\"item\":\"https:\/\/www.esta-officiel-usa.com\/de\/\"},{\"@type\":\"ListItem\",\"position\":2,\"name\":\"Was sind die verschiedenen Transitvisa f\u00fcr die USA?\"}]},{\"@type\":\"WebSite\",\"@id\":\"https:\/\/www.esta-officiel-usa.com\/de\/#website\",\"url\":\"https:\/\/www.esta-officiel-usa.com\/de\/\",\"name\":\"ESTA - Vereinigte Staaten\",\"description\":\"ESTA-Antragsformular\",\"potentialAction\":[{\"@type\":\"SearchAction\",\"target\":{\"@type\":\"EntryPoint\",\"urlTemplate\":\"https:\/\/www.esta-officiel-usa.com\/de\/?s={search_term_string}\"},\"query-input\":{\"@type\":\"PropertyValueSpecification\",\"valueRequired\":true,\"valueName\":\"search_term_string\"}}],\"inLanguage\":\"de\"}]}<\/script>\n<!-- \/ Yoast SEO plugin. -->","yoast_head_json":{"title":"Was sind die verschiedenen Transitvisa f\u00fcr die USA?","description":"Ist ein Visum f\u00fcr den Transit durch die USA erforderlich? Unsere Experten erkl\u00e4ren Ihnen dies in diesem Artikel. Viel Spa\u00df beim Lesen und vor allem bei der Reise!","robots":{"index":"index","follow":"follow","max-snippet":"max-snippet:-1","max-image-preview":"max-image-preview:large","max-video-preview":"max-video-preview:-1"},"canonical":"https:\/\/www.esta-officiel-usa.com\/de\/was-sind-die-verschiedenen-transitvisa-fuer-die-usa\/","og_locale":"de_DE","og_type":"article","og_title":"Was sind die verschiedenen Transitvisa f\u00fcr die USA?","og_description":"Ist ein Visum f\u00fcr den Transit durch die USA erforderlich? Unsere Experten erkl\u00e4ren Ihnen dies in diesem Artikel. Viel Spa\u00df beim Lesen und vor allem bei der Reise!","og_url":"https:\/\/www.esta-officiel-usa.com\/de\/was-sind-die-verschiedenen-transitvisa-fuer-die-usa\/","og_site_name":"ESTA - Vereinigte Staaten","twitter_card":"summary_large_image","twitter_misc":{"Gesch\u00e4tzte Lesezeit":"4\u00a0Minuten"},"schema":{"@context":"https:\/\/schema.org","@graph":[{"@type":"WebPage","@id":"https:\/\/www.esta-officiel-usa.com\/de\/was-sind-die-verschiedenen-transitvisa-fuer-die-usa\/","url":"https:\/\/www.esta-officiel-usa.com\/de\/was-sind-die-verschiedenen-transitvisa-fuer-die-usa\/","name":"Was sind die verschiedenen Transitvisa f\u00fcr die USA?","isPartOf":{"@id":"https:\/\/www.esta-officiel-usa.com\/de\/#website"},"datePublished":"2025-09-13T11:57:11+00:00","description":"Ist ein Visum f\u00fcr den Transit durch die USA erforderlich? Unsere Experten erkl\u00e4ren Ihnen dies in diesem Artikel. Viel Spa\u00df beim Lesen und vor allem bei der Reise!","breadcrumb":{"@id":"https:\/\/www.esta-officiel-usa.com\/de\/was-sind-die-verschiedenen-transitvisa-fuer-die-usa\/#breadcrumb"},"inLanguage":"de","potentialAction":[{"@type":"ReadAction","target":["https:\/\/www.esta-officiel-usa.com\/de\/was-sind-die-verschiedenen-transitvisa-fuer-die-usa\/"]}]},{"@type":"BreadcrumbList","@id":"https:\/\/www.esta-officiel-usa.com\/de\/was-sind-die-verschiedenen-transitvisa-fuer-die-usa\/#breadcrumb","itemListElement":[{"@type":"ListItem","position":1,"name":"Home","item":"https:\/\/www.esta-officiel-usa.com\/de\/"},{"@type":"ListItem","position":2,"name":"Was sind die verschiedenen Transitvisa f\u00fcr die USA?"}]},{"@type":"WebSite","@id":"https:\/\/www.esta-officiel-usa.com\/de\/#website","url":"https:\/\/www.esta-officiel-usa.com\/de\/","name":"ESTA - Vereinigte Staaten","description":"ESTA-Antragsformular","potentialAction":[{"@type":"SearchAction","target":{"@type":"EntryPoint","urlTemplate":"https:\/\/www.esta-officiel-usa.com\/de\/?s={search_term_string}"},"query-input":{"@type":"PropertyValueSpecification","valueRequired":true,"valueName":"search_term_string"}}],"inLanguage":"de"}]}},"_links":{"self":[{"href":"https:\/\/www.esta-officiel-usa.com\/de\/wp-json\/wp\/v2\/pages\/888","targetHints":{"allow":["GET"]}}],"collection":[{"href":"https:\/\/www.esta-officiel-usa.com\/de\/wp-json\/wp\/v2\/pages"}],"about":[{"href":"https:\/\/www.esta-officiel-usa.com\/de\/wp-json\/wp\/v2\/types\/page"}],"author":[{"embeddable":true,"href":"https:\/\/www.esta-officiel-usa.com\/de\/wp-json\/wp\/v2\/users\/1"}],"replies":[{"embeddable":true,"href":"https:\/\/www.esta-officiel-usa.com\/de\/wp-json\/wp\/v2\/comments?post=888"}],"version-history":[{"count":1,"href":"https:\/\/www.esta-officiel-usa.com\/de\/wp-json\/wp\/v2\/pages\/888\/revisions"}],"predecessor-version":[{"id":890,"href":"https:\/\/www.esta-officiel-usa.com\/de\/wp-json\/wp\/v2\/pages\/888\/revisions\/890"}],"wp:attachment":[{"href":"https:\/\/www.esta-officiel-usa.com\/de\/wp-json\/wp\/v2\/media?parent=888"}],"curies":[{"name":"wp","href":"https:\/\/api.w.org\/{rel}","templated":true}]}}