{"id":912,"date":"2025-09-13T11:57:30","date_gmt":"2025-09-13T11:57:30","guid":{"rendered":"https:\/\/www.esta-officiel-usa.com\/welche-krankenversicherung-fuer-eine-reise-in-die-usa\/"},"modified":"2025-09-13T11:57:30","modified_gmt":"2025-09-13T11:57:30","slug":"welche-krankenversicherung-fuer-eine-reise-in-die-usa","status":"publish","type":"page","link":"https:\/\/www.esta-officiel-usa.com\/de\/welche-krankenversicherung-fuer-eine-reise-in-die-usa\/","title":{"rendered":"Welche Krankenversicherung f\u00fcr eine Reise in die USA?"},"content":{"rendered":"\n<h1 class=\"wp-block-heading\">Unsere Tipps f\u00fcr die Wahl einer Krankenversicherung USA<\/h1>\n\n<p>Eine Reise ins Ausland ist keine Kleinigkeit, besonders wenn es sich um eine Reise in die USA handelt. Nachdem Sie Ihr <a href=\"https:\/\/www.esta-officiel-usa.com\/de\/\">ESTA oder Visum beantragt<\/a> haben, m\u00fcssen Sie auch die Wahl einer guten Krankenversicherung in Betracht ziehen. Die Kosten f\u00fcr medizinische Versorgung in den USA k\u00f6nnen sehr hoch sein, und die Erstattung der Kosten kann je nach Krankenkasse oder Versicherungsgesellschaft drastisch variieren.  <\/p>\n\n<p><a href=\"https:\/\/www.esta-officiel-usa.com\/fr\/voyager-aux-usa-et-decouvrir-las-vegas\/\">Las Vegas<\/a> und <a href=\"https:\/\/www.esta-officiel-usa.com\/fr\/decouvrir-la-ville-de-new-york-city\/\">New York <\/a>sind Traumst\u00e4dte, aber das gilt nicht f\u00fcr das amerikanische Gesundheitssystem. Es funktioniert ganz anders als in Frankreich oder in einigen anderen europ\u00e4ischen L\u00e4ndern des Schengen-Raums. Wenn Sie sich in den USA in ein Krankenhaus begeben m\u00fcssen, werden Sie es wahrscheinlich bereuen, dass Sie nicht von der Europ\u00e4ischen Krankenversicherungskarte oder der franz\u00f6sischen Sozialversicherung profitieren k\u00f6nnen.  <\/p>\n\n<h2 class=\"wp-block-heading\">Welche US-Krankenversicherung ist die richtige?<\/h2>\n\n<p>Es ist nicht einfach, sich zwischen einer Expatriierungsversicherung ( \nauch Expatriate-Versicherung genannt), einer Multirisk-Versicherung oder einer \nHaftpflichtversicherung zurechtzufinden. Was soll man je nach Status w\u00e4hlen? Es ist wichtig, \nsich Zeit zu nehmen, um die richtige Wahl zu treffen, z.B. mit Hilfe eines \nVersicherungsvergleichs. Viele Versicherungsmakler \nk\u00f6nnen Ihnen helfen, den Vertrag zu finden, der am besten zu Ihnen passt \n.   <\/p>\n\n<h3 class=\"wp-block-heading\">Private und \u00f6ffentliche Systeme in den USA<\/h3>\n\n<p>Das amerikanische Gesundheitssystem ist ein System auf Gegenseitigkeit, was \nbedeutet, dass jeder f\u00fcr sich selbst Beitr\u00e4ge an private Organisationen zahlt. Die\n Beg\u00fcnstigten zahlen einen monatlichen Saldo, dessen H\u00f6he \nvon bestimmten Kriterien abh\u00e4ngt (Alter, Krankheit, allgemeiner Gesundheitszustand, \nusw.). Eine \u00fcbergewichtige Person oder ein Raucher muss beispielsweise \nmehr bezahlen, da das Risiko, bestimmte Krankheiten zu entwickeln, \nh\u00f6her ist. Dieses System unterscheidet sich somit v\u00f6llig von unserem auf Solidarit\u00e4t basierenden System \n.   <\/p>\n\n<p>Es gibt jedoch zwei \u00f6ffentliche, von der Regierung finanzierte Systeme,\n, die sich an die \u00c4rmsten und die \u00e4lteren Menschen richten: MEDICARE und \nMEDICAID.<\/p>\n\n<p>Mit der Umsetzung des Gesetzes zum Schutz von Patienten und erschwinglichen Pflegeleistungen \n(\u00fcbersetzt Patient Protection and Affordable Care Act), \nsind alle Amerikaner verpflichtet, eine Krankenversicherung \nabzuschlie\u00dfen. Dieses Gesetz mit dem Spitznamen Obamacare, das auf die Initiative des ehemaligen Pr\u00e4sidenten \nzur\u00fcckgeht, soll das amerikanische Gesundheitssystem\n reformieren und Ungleichheiten verringern, indem es Millionen von Amerikanern \nZugang zu einer Sozialversicherung verschafft. <\/p>\n\n<h3 class=\"wp-block-heading\">Andere Versicherungsm\u00f6glichkeiten f\u00fcr die USA<\/h3>\n\n<p>Einige Visa- oder Mastercard Gold-Karten k\u00f6nnen auch eine Expatriate-Krankenversicherung \nanbieten, sowie andere Dienstleistungen wie eine \nReiseversicherung, R\u00fcckf\u00fchrungshilfe oder die teilweise Erstattung\n Ihrer medizinischen Kosten. Erkundigen Sie sich, welche Rechte Sie im Falle eines Falles haben \n. <\/p>\n\n<p>Ein weiterer Trick, um teilweise abgedeckt zu sein, ist die Einschreibung an einer Universit\u00e4t, auch f\u00fcr einen Kurs.<\/p>\n\n<p>Es ist auch m\u00f6glich, eine internationale Versicherung \nabzuschlie\u00dfen, aber man sollte darauf achten, dass sie mit \nden Anforderungen der US-Regierung vereinbar ist.<\/p>\n\n<p>Ob Sie ein Globetrotter sind, der <a href=\"https:\/\/www.esta-officiel-usa.com\/fr\/visite-des-parcs-nationaux-aux-etats-unis\/\">Nationalparks<\/a> besuchen m\u00f6chte, ein Student, ein Praktikant oder ein Arbeitnehmer, der Preis und die Deckung Ihrer Versicherung sind unterschiedlich.<\/p>\n\n<h2 class=\"wp-block-heading\">Wichtige Hinweise im Krankenversicherungsvertrag<\/h2>\n\n<p>Es gibt ein bestimmtes Vokabular f\u00fcr amerikanische Versicherungen.\n Wenn Sie diese kennen und ber\u00fccksichtigen, k\u00f6nnen Sie unangenehme \u00dcberraschungen vermeiden \n.<\/p>\n\n<p>Es gibt Elemente, die bestimmen, wie viel Geld Sie monatlich oder im Falle einer Versicherungsleistung \nzahlen m\u00fcssen. \n \u00dcberpr\u00fcfen Sie die Angaben &#8222;Copay&#8220; (Restbetrag), \n&#8222;out of pocket maximum&#8220; (H\u00f6chstbetrag), &#8222;deductible&#8220; (Selbstbehalt), \n&#8222;exclusions&#8220; (Ausschl\u00fcsse) oder das Netzwerk der von der Versicherung abgedeckten \u00c4rzte \nmit &#8222;network&#8220; (Netzwerk). Diese Angaben werden Ihnen dabei helfen, zu entscheiden, welche medizinische Hilfe Sie im Falle eines Unfalls im Leben w\u00e4hlen sollten \n.  <\/p>\n\n<p>Es wird allgemein empfohlen, einen Antrag auf volle Deckung \nzu stellen, obwohl dies teurer ist. In einigen \nF\u00e4llen ist es finanziell g\u00fcnstiger, wenn Sie \nin Ihr Heimatland zur\u00fcckgebracht werden, um sich behandeln zu lassen. <\/p>\n\n<p>Um Ihren Aufenthalt im Ausland optimal zu gestalten, schlie\u00dfen Sie auch\n andere Versicherungen ab, wie z.B. eine Hausratversicherung, Rechtshilfe \noder Reiseassistenz (Schutz von pers\u00f6nlichen Gegenst\u00e4nden \n), wenn n\u00f6tig. Eine Reiser\u00fccktrittsversicherung kann \nin einigen F\u00e4llen ebenfalls n\u00fctzlich sein. Sie k\u00f6nnen einige \nOrganisationen finden, die solche Pakete anbieten, z.B. Chapka Versicherungen \noder Mondial Assistance (Allianz travel).  <\/p>\n","protected":false},"excerpt":{"rendered":"<p>Unsere Tipps f\u00fcr die Wahl einer Krankenversicherung USA Eine Reise ins Ausland ist keine Kleinigkeit, besonders wenn es sich um eine Reise in die USA handelt. Nachdem Sie Ihr ESTA oder Visum beantragt haben, m\u00fcssen Sie auch die Wahl einer guten Krankenversicherung in Betracht ziehen. Die Kosten f\u00fcr medizinische Versorgung in den USA k\u00f6nnen sehr [&hellip;]<\/p>\n","protected":false},"author":1,"featured_media":0,"parent":0,"menu_order":0,"comment_status":"closed","ping_status":"closed","template":"","meta":{"footnotes":""},"class_list":["post-912","page","type-page","status-publish","hentry"],"yoast_head":"<!-- This site is optimized with the Yoast SEO plugin v26.2 - https:\/\/yoast.com\/wordpress\/plugins\/seo\/ -->\n<title>Welche Krankenversicherung f\u00fcr eine Reise in die USA?<\/title>\n<meta name=\"description\" content=\"Da die Vereinigten Staaten von Amerika eines der teuersten Gesundheitssysteme der Welt haben, ist es sehr wichtig, vor dem Aufenthalt eine Krankenversicherung abzuschlie\u00dfen.\" \/>\n<meta name=\"robots\" content=\"index, follow, max-snippet:-1, max-image-preview:large, max-video-preview:-1\" \/>\n<link rel=\"canonical\" href=\"https:\/\/www.esta-officiel-usa.com\/de\/welche-krankenversicherung-fuer-eine-reise-in-die-usa\/\" \/>\n<meta property=\"og:locale\" content=\"de_DE\" \/>\n<meta property=\"og:type\" content=\"article\" \/>\n<meta property=\"og:title\" content=\"Welche Krankenversicherung f\u00fcr eine Reise in die USA?\" \/>\n<meta property=\"og:description\" content=\"Da die Vereinigten Staaten von Amerika eines der teuersten Gesundheitssysteme der Welt haben, ist es sehr wichtig, vor dem Aufenthalt eine Krankenversicherung abzuschlie\u00dfen.\" \/>\n<meta property=\"og:url\" content=\"https:\/\/www.esta-officiel-usa.com\/de\/welche-krankenversicherung-fuer-eine-reise-in-die-usa\/\" \/>\n<meta property=\"og:site_name\" content=\"ESTA - Vereinigte Staaten\" \/>\n<meta name=\"twitter:card\" content=\"summary_large_image\" \/>\n<meta name=\"twitter:label1\" content=\"Gesch\u00e4tzte Lesezeit\" \/>\n\t<meta name=\"twitter:data1\" content=\"3\u00a0Minuten\" \/>\n<script type=\"application\/ld+json\" class=\"yoast-schema-graph\">{\"@context\":\"https:\/\/schema.org\",\"@graph\":[{\"@type\":\"WebPage\",\"@id\":\"https:\/\/www.esta-officiel-usa.com\/de\/welche-krankenversicherung-fuer-eine-reise-in-die-usa\/\",\"url\":\"https:\/\/www.esta-officiel-usa.com\/de\/welche-krankenversicherung-fuer-eine-reise-in-die-usa\/\",\"name\":\"Welche Krankenversicherung f\u00fcr eine Reise in die USA?\",\"isPartOf\":{\"@id\":\"https:\/\/www.esta-officiel-usa.com\/de\/#website\"},\"datePublished\":\"2025-09-13T11:57:30+00:00\",\"description\":\"Da die Vereinigten Staaten von Amerika eines der teuersten Gesundheitssysteme der Welt haben, ist es sehr wichtig, vor dem Aufenthalt eine Krankenversicherung abzuschlie\u00dfen.\",\"breadcrumb\":{\"@id\":\"https:\/\/www.esta-officiel-usa.com\/de\/welche-krankenversicherung-fuer-eine-reise-in-die-usa\/#breadcrumb\"},\"inLanguage\":\"de\",\"potentialAction\":[{\"@type\":\"ReadAction\",\"target\":[\"https:\/\/www.esta-officiel-usa.com\/de\/welche-krankenversicherung-fuer-eine-reise-in-die-usa\/\"]}]},{\"@type\":\"BreadcrumbList\",\"@id\":\"https:\/\/www.esta-officiel-usa.com\/de\/welche-krankenversicherung-fuer-eine-reise-in-die-usa\/#breadcrumb\",\"itemListElement\":[{\"@type\":\"ListItem\",\"position\":1,\"name\":\"Home\",\"item\":\"https:\/\/www.esta-officiel-usa.com\/de\/\"},{\"@type\":\"ListItem\",\"position\":2,\"name\":\"Welche Krankenversicherung f\u00fcr eine Reise in die USA?\"}]},{\"@type\":\"WebSite\",\"@id\":\"https:\/\/www.esta-officiel-usa.com\/de\/#website\",\"url\":\"https:\/\/www.esta-officiel-usa.com\/de\/\",\"name\":\"ESTA - Vereinigte Staaten\",\"description\":\"ESTA-Antragsformular\",\"potentialAction\":[{\"@type\":\"SearchAction\",\"target\":{\"@type\":\"EntryPoint\",\"urlTemplate\":\"https:\/\/www.esta-officiel-usa.com\/de\/?s={search_term_string}\"},\"query-input\":{\"@type\":\"PropertyValueSpecification\",\"valueRequired\":true,\"valueName\":\"search_term_string\"}}],\"inLanguage\":\"de\"}]}<\/script>\n<!-- \/ Yoast SEO plugin. -->","yoast_head_json":{"title":"Welche Krankenversicherung f\u00fcr eine Reise in die USA?","description":"Da die Vereinigten Staaten von Amerika eines der teuersten Gesundheitssysteme der Welt haben, ist es sehr wichtig, vor dem Aufenthalt eine Krankenversicherung abzuschlie\u00dfen.","robots":{"index":"index","follow":"follow","max-snippet":"max-snippet:-1","max-image-preview":"max-image-preview:large","max-video-preview":"max-video-preview:-1"},"canonical":"https:\/\/www.esta-officiel-usa.com\/de\/welche-krankenversicherung-fuer-eine-reise-in-die-usa\/","og_locale":"de_DE","og_type":"article","og_title":"Welche Krankenversicherung f\u00fcr eine Reise in die USA?","og_description":"Da die Vereinigten Staaten von Amerika eines der teuersten Gesundheitssysteme der Welt haben, ist es sehr wichtig, vor dem Aufenthalt eine Krankenversicherung abzuschlie\u00dfen.","og_url":"https:\/\/www.esta-officiel-usa.com\/de\/welche-krankenversicherung-fuer-eine-reise-in-die-usa\/","og_site_name":"ESTA - Vereinigte Staaten","twitter_card":"summary_large_image","twitter_misc":{"Gesch\u00e4tzte Lesezeit":"3\u00a0Minuten"},"schema":{"@context":"https:\/\/schema.org","@graph":[{"@type":"WebPage","@id":"https:\/\/www.esta-officiel-usa.com\/de\/welche-krankenversicherung-fuer-eine-reise-in-die-usa\/","url":"https:\/\/www.esta-officiel-usa.com\/de\/welche-krankenversicherung-fuer-eine-reise-in-die-usa\/","name":"Welche Krankenversicherung f\u00fcr eine Reise in die USA?","isPartOf":{"@id":"https:\/\/www.esta-officiel-usa.com\/de\/#website"},"datePublished":"2025-09-13T11:57:30+00:00","description":"Da die Vereinigten Staaten von Amerika eines der teuersten Gesundheitssysteme der Welt haben, ist es sehr wichtig, vor dem Aufenthalt eine Krankenversicherung abzuschlie\u00dfen.","breadcrumb":{"@id":"https:\/\/www.esta-officiel-usa.com\/de\/welche-krankenversicherung-fuer-eine-reise-in-die-usa\/#breadcrumb"},"inLanguage":"de","potentialAction":[{"@type":"ReadAction","target":["https:\/\/www.esta-officiel-usa.com\/de\/welche-krankenversicherung-fuer-eine-reise-in-die-usa\/"]}]},{"@type":"BreadcrumbList","@id":"https:\/\/www.esta-officiel-usa.com\/de\/welche-krankenversicherung-fuer-eine-reise-in-die-usa\/#breadcrumb","itemListElement":[{"@type":"ListItem","position":1,"name":"Home","item":"https:\/\/www.esta-officiel-usa.com\/de\/"},{"@type":"ListItem","position":2,"name":"Welche Krankenversicherung f\u00fcr eine Reise in die USA?"}]},{"@type":"WebSite","@id":"https:\/\/www.esta-officiel-usa.com\/de\/#website","url":"https:\/\/www.esta-officiel-usa.com\/de\/","name":"ESTA - Vereinigte Staaten","description":"ESTA-Antragsformular","potentialAction":[{"@type":"SearchAction","target":{"@type":"EntryPoint","urlTemplate":"https:\/\/www.esta-officiel-usa.com\/de\/?s={search_term_string}"},"query-input":{"@type":"PropertyValueSpecification","valueRequired":true,"valueName":"search_term_string"}}],"inLanguage":"de"}]}},"_links":{"self":[{"href":"https:\/\/www.esta-officiel-usa.com\/de\/wp-json\/wp\/v2\/pages\/912","targetHints":{"allow":["GET"]}}],"collection":[{"href":"https:\/\/www.esta-officiel-usa.com\/de\/wp-json\/wp\/v2\/pages"}],"about":[{"href":"https:\/\/www.esta-officiel-usa.com\/de\/wp-json\/wp\/v2\/types\/page"}],"author":[{"embeddable":true,"href":"https:\/\/www.esta-officiel-usa.com\/de\/wp-json\/wp\/v2\/users\/1"}],"replies":[{"embeddable":true,"href":"https:\/\/www.esta-officiel-usa.com\/de\/wp-json\/wp\/v2\/comments?post=912"}],"version-history":[{"count":1,"href":"https:\/\/www.esta-officiel-usa.com\/de\/wp-json\/wp\/v2\/pages\/912\/revisions"}],"predecessor-version":[{"id":913,"href":"https:\/\/www.esta-officiel-usa.com\/de\/wp-json\/wp\/v2\/pages\/912\/revisions\/913"}],"wp:attachment":[{"href":"https:\/\/www.esta-officiel-usa.com\/de\/wp-json\/wp\/v2\/media?parent=912"}],"curies":[{"name":"wp","href":"https:\/\/api.w.org\/{rel}","templated":true}]}}