{"id":921,"date":"2025-09-13T11:57:34","date_gmt":"2025-09-13T11:57:34","guid":{"rendered":"https:\/\/www.esta-officiel-usa.com\/besuch-der-us-botschaft-fuer-ein-visum\/"},"modified":"2025-09-13T11:57:42","modified_gmt":"2025-09-13T11:57:42","slug":"besuch-der-us-botschaft-fuer-ein-visum","status":"publish","type":"page","link":"https:\/\/www.esta-officiel-usa.com\/de\/besuch-der-us-botschaft-fuer-ein-visum\/","title":{"rendered":"Besuch der US-Botschaft f\u00fcr ein Visum"},"content":{"rendered":"\n<h1 class=\"wp-block-heading\">Besuch der US-Botschaft f\u00fcr ein Visum  <\/h1>\n\n<p>M\u00f6chten Sie sich in den USA niederlassen? Dann ist ein Besuch bei der US-Botschaft in Paris unerl\u00e4sslich, denn Sie ben\u00f6tigen daf\u00fcr ein US-Visum! In diesem Artikel erkl\u00e4ren Ihnen unsere Experten, wie dieser Termin abl\u00e4uft.  <\/p>\n\n<p>Wenn Sie die USA jedoch f\u00fcr weniger als 90 Tage besuchen m\u00f6chten, ben\u00f6tigen Sie ein <a href=\"https:\/\/www.esta-officiel-usa.com\/de\/\">ESTA<\/a>. Wir erkl\u00e4ren Ihnen in einem zweiten Teil, was es mit dieser Reisegenehmigung auf sich hat. <\/p>\n\n<h2 class=\"wp-block-heading\">Der Termin bei der US-Botschaft<\/h2>\n\n<p>F\u00fcr einen Aufenthalt von mehr als 90 Tagen in den USA ist ein Visum erforderlich, \n. Um ein US-Visum zu erhalten, \nm\u00fcssen Sie sich an die US-Botschaft in Ihrem Land wenden. In \nFrankreich befindet sich die US-Botschaft in Paris. \n Sie k\u00f6nnen sich auch an eines der 6 Konsulate der \nUSA wenden, die sich in Bordeaux, Lyon, Marseille, Rennes, Stra\u00dfburg oder \nToulouse befinden. \nEs handelt sich um eine Art Au\u00dfenstelle der Botschaft, die von einem Konsul geleitet wird. Beide Einrichtungen sind eine \nVertretung der US-Regierung in Frankreich. Die Aufgabe der amerikanischen Botschaft \nbesteht u.a. darin, die Visaantr\u00e4ge von \nfranz\u00f6sischen Staatsb\u00fcrgern zu bearbeiten, die in die USA reisen m\u00f6chten. Es gibt \nzwei Hauptarten von Visa: Nicht-Einwanderungsvisa, die f\u00fcr zeitlich begrenzte \nAufenthalte ausgestellt werden, und Einwanderungsvisa f\u00fcr Personen \n, die einen st\u00e4ndigen Wohnsitz in Onkel Sams Land \n haben m\u00f6chten (Beispiel: die Green Card).       <\/p>\n\n<p>Hier sind einige Beispiele f\u00fcr Visa:<\/p>\n\n<ul class=\"wp-block-list\"><li>B1-Visum f\u00fcr eine Gesch\u00e4ftsreise in die USA<\/li><li>das B2-Visum f\u00fcr eine touristische Reise in die USA<\/li><li>das J1-Visum, das Sie ben\u00f6tigen, wenn Sie ein Praktikum auf der anderen Seite des Atlantiks absolvieren m\u00f6chten.<\/li><li>F1-Visum f\u00fcr Personen, die in den Vereinigten Staaten von Amerika studieren m\u00f6chten.<\/li><\/ul>\n\n<p>Um ein Visum f\u00fcr die USA zu erhalten, ist ein\n Termin bei der US-Botschaft erforderlich. Dieser \nTermin dient dazu, Ihre Motivation zur Einreise in die USA zu bewerten. \nEin Termin bei der Botschaft f\u00fcr die Beantragung eines Visums wird \nin der Regel innerhalb von 4 bis 5 Tagen vergeben. Es ist notwendig, sich vor der Reise\n vorzubereiten, da die US-Beh\u00f6rden sehr wachsam sind, so dass \ndas Visum nur an Personen erteilt wird, die kein Risiko darstellen. \nBitte finden Sie sich 15-30 Minuten vor Ihrem Termin in der Botschaft \nein.  <\/p>\n\n<p>Dieser l\u00e4uft dann wie folgt ab:<\/p>\n\n<p>Schritt 1: Am Eingang der Botschaft wird Sie ein Sicherheitsbeamter \nnach Ihrer Identit\u00e4t und der Uhrzeit Ihres Termins fragen. \nEr \nSie dann durch einen Sicherheitsscanner und Sie werden wie auf einem Flughafen durchsucht (Fl\u00fcssigkeiten\n sind verboten). Es ist wichtig zu verstehen, dass Sie sich in der US-Botschaft\n nicht mehr in Frankreich, sondern auf amerikanischem Boden \nbefinden.  <\/p>\n\n<p>Schritt 2: Sobald Sie sich in den USA befinden, wird Ihnen ein Vertreter \ndes US-Bundesstaates eine Nummer zuteilen. Sie m\u00fcssen also \nwarten, bis Ihre Nummer auf einem Bildschirm angezeigt wird. Wenn \nSie an der Reihe sind, werden Sie erneut einer \nSicherheitskontrolle unterzogen, diesmal in Form von Fingerabdr\u00fccken.  <\/p>\n\n<p>Schritt 3: Sie werden in einen Interviewraum gebracht, wo Sie \nzu Ihren Beweggr\u00fcnden, in die Vereinigten Staaten \nvon Amerika zu gehen, befragt werden. Die Fragen lauten in der Regel wie folgt: <\/p>\n\n<ul class=\"wp-block-list\"><li>Warum m\u00f6chten Sie in die USA gehen? Sie sollten die Gr\u00fcnde f\u00fcr Ihren Wunsch, in das Land von Onkel Sam zu gehen, erl\u00e4utern. <\/li><li>Wie hoch sind Ihre finanziellen Mittel, um Ihren Aufenthalt in den \nUSA zu finanzieren? Sie m\u00fcssen einen Nachweis \u00fcber Ihre \nFinanzierung erbringen (Arbeitsvertrag). <\/li><li>Wenn Sie in den USA arbeiten m\u00f6chten, m\u00fcssen Sie \nein US-Arbeitsangebot vorlegen, auf das Sie sich wahrscheinlich bewerben \n.<\/li><\/ul>\n\n<p>Nach dem Gespr\u00e4ch werden Sie sofort erfahren, ob Ihr Visumantrag angenommen oder abgelehnt wurde. Wenn Ihr Antrag angenommen wird, behalten die Vertreter der US-Beh\u00f6rden in der Botschaft Ihren <a href=\"https:\/\/www.esta-officiel-usa.com\/fr\/quel-type-de-passeport-pour-les-usa\/\">Reisepass <\/a>und senden ihn mit dem Stempel des erhaltenen Visums versehen an Sie zur\u00fcck. Ihr Pass kann nach einer Woche zur\u00fcckgegeben werden, also bringen Sie einen zweiten Ausweis mit, wenn Sie z.B. mit dem Flugzeug zur US-Botschaft reisen.  <\/p>\n\n<p>M\u00f6chten Sie Ihren Urlaub in <a href=\"https:\/\/www.esta-officiel-usa.com\/fr\/decouvrir-la-ville-de-new-york-city\/\">New York<\/a>, Miami oder Florida verbringen? M\u00fcssen Sie eine Gesch\u00e4ftsreise oder einen Transit in die USA unternehmen? Sie haben die M\u00f6glichkeit, ohne Visum in die USA zu reisen!   Wie? Mit ESTA!<\/p>\n\n<h2 class=\"wp-block-heading\">ESTA: Erl\u00e4uterungen<\/h2>\n\n<p>Im Gegensatz zum Visum m\u00fcssen Sie f\u00fcr ESTA nicht die US-Botschaft aufsuchen. Die ESTA-Reisegenehmigung (Electronic System for Travel Authorization) wurde im Rahmen des <a href=\"https:\/\/www.esta-officiel-usa.com\/fr\/a-propos-du-visa-waiver-program\/\">Visa Waiver Program<\/a> (VWP) eingef\u00fchrt, das auch als Programm f\u00fcr visumfreies Reisen bezeichnet wird. Dieses Programm soll den Handel zwischen 38 sogenannten &#8222;Hochsicherheitsl\u00e4ndern&#8220; und den USA erleichtern. Das Programm gilt f\u00fcr Staatsangeh\u00f6rige der folgenden L\u00e4nder:   <\/p>\n\n<p>Andorra, Australien, \u00d6sterreich, Belgien, Brunei, Chile, \n, S\u00fcdkorea, D\u00e4nemark, Estland, Finnland, Frankreich, Deutschland, Griechenland, \nUngarn, Irland, Island, Italien, Japan, Niederlande, Lettland, \nLiechtenstein, Litauen, Luxemburg, Malta, Monaco, Norwegen, \nNeuseeland, Portugal, Tschechische Republik, Gro\u00dfbritannien, \nSan Marino, Singapur, Slowakei, Slowenien, Spanien, Schweden, Schweiz und Taiwan.<\/p>\n\n<p>Achtung! Bitte beantworten Sie die Fragen des Formulars mit \nAufmerksamkeit und Konzentration. Ein kleiner Unachtsamkeitsfehler ist nicht \nunm\u00f6glich, kann Sie aber dennoch den Erhalt Ihres ESTA kosten. Wenn Sie\n Fehler vermeiden m\u00f6chten, k\u00f6nnen Sie sich an unseren Partner \nwenden. Er wird Ihnen Hilfe beim Ausf\u00fcllen des ESTA-Formulars \nanbieten. Wenn ein Fehler festgestellt wird, kann der erfahrene Kundenservice von \ndiesen korrigieren, bevor das Formular\n bei den US-Beh\u00f6rden eingereicht wird.Um ein ESTA zu beantragen, k\u00f6nnen Sie \ndirekt auf die Website der US-Regierung \ngehen.\n Der ESTA-Antrag wird in Form eines Formulars \nonline gestellt.Sie ben\u00f6tigen diese Reisegenehmigung, wenn Sie eine Transit-, Touristen- oder \nGesch\u00e4ftsreise von bis zu 90 Tagen in die USA unternehmen m\u00f6chten. Bei mehr als 90 Tagen m\u00fcssen Sie \njedoch ein Visum bei der Botschaft der\n USA beantragen.      <\/p>\n","protected":false},"excerpt":{"rendered":"<p>Besuch der US-Botschaft f\u00fcr ein Visum M\u00f6chten Sie sich in den USA niederlassen? Dann ist ein Besuch bei der US-Botschaft in Paris unerl\u00e4sslich, denn Sie ben\u00f6tigen daf\u00fcr ein US-Visum! In diesem Artikel erkl\u00e4ren Ihnen unsere Experten, wie dieser Termin abl\u00e4uft. Wenn Sie die USA jedoch f\u00fcr weniger als 90 Tage besuchen m\u00f6chten, ben\u00f6tigen Sie ein [&hellip;]<\/p>\n","protected":false},"author":1,"featured_media":0,"parent":0,"menu_order":0,"comment_status":"closed","ping_status":"closed","template":"","meta":{"footnotes":""},"class_list":["post-921","page","type-page","status-publish","hentry"],"yoast_head":"<!-- This site is optimized with the Yoast SEO plugin v26.2 - https:\/\/yoast.com\/wordpress\/plugins\/seo\/ -->\n<title>Besuch der US-Botschaft f\u00fcr ein Visum<\/title>\n<meta name=\"description\" content=\"Unsere Experten erkl\u00e4ren Ihnen in diesem Artikel, wie der Termin bei der US-Botschaft abl\u00e4uft, um das begehrte US-Visum zu erhalten!\" \/>\n<meta name=\"robots\" content=\"index, follow, max-snippet:-1, max-image-preview:large, max-video-preview:-1\" \/>\n<link rel=\"canonical\" href=\"https:\/\/www.esta-officiel-usa.com\/de\/besuch-der-us-botschaft-fuer-ein-visum\/\" \/>\n<meta property=\"og:locale\" content=\"de_DE\" \/>\n<meta property=\"og:type\" content=\"article\" \/>\n<meta property=\"og:title\" content=\"Besuch der US-Botschaft f\u00fcr ein Visum\" \/>\n<meta property=\"og:description\" content=\"Unsere Experten erkl\u00e4ren Ihnen in diesem Artikel, wie der Termin bei der US-Botschaft abl\u00e4uft, um das begehrte US-Visum zu erhalten!\" \/>\n<meta property=\"og:url\" content=\"https:\/\/www.esta-officiel-usa.com\/de\/besuch-der-us-botschaft-fuer-ein-visum\/\" \/>\n<meta property=\"og:site_name\" content=\"ESTA - Vereinigte Staaten\" \/>\n<meta property=\"article:modified_time\" content=\"2025-09-13T11:57:42+00:00\" \/>\n<meta name=\"twitter:card\" content=\"summary_large_image\" \/>\n<meta name=\"twitter:label1\" content=\"Gesch\u00e4tzte Lesezeit\" \/>\n\t<meta name=\"twitter:data1\" content=\"5\u00a0Minuten\" \/>\n<script type=\"application\/ld+json\" class=\"yoast-schema-graph\">{\"@context\":\"https:\/\/schema.org\",\"@graph\":[{\"@type\":\"WebPage\",\"@id\":\"https:\/\/www.esta-officiel-usa.com\/de\/besuch-der-us-botschaft-fuer-ein-visum\/\",\"url\":\"https:\/\/www.esta-officiel-usa.com\/de\/besuch-der-us-botschaft-fuer-ein-visum\/\",\"name\":\"Besuch der US-Botschaft f\u00fcr ein Visum\",\"isPartOf\":{\"@id\":\"https:\/\/www.esta-officiel-usa.com\/de\/#website\"},\"datePublished\":\"2025-09-13T11:57:34+00:00\",\"dateModified\":\"2025-09-13T11:57:42+00:00\",\"description\":\"Unsere Experten erkl\u00e4ren Ihnen in diesem Artikel, wie der Termin bei der US-Botschaft abl\u00e4uft, um das begehrte US-Visum zu erhalten!\",\"breadcrumb\":{\"@id\":\"https:\/\/www.esta-officiel-usa.com\/de\/besuch-der-us-botschaft-fuer-ein-visum\/#breadcrumb\"},\"inLanguage\":\"de\",\"potentialAction\":[{\"@type\":\"ReadAction\",\"target\":[\"https:\/\/www.esta-officiel-usa.com\/de\/besuch-der-us-botschaft-fuer-ein-visum\/\"]}]},{\"@type\":\"BreadcrumbList\",\"@id\":\"https:\/\/www.esta-officiel-usa.com\/de\/besuch-der-us-botschaft-fuer-ein-visum\/#breadcrumb\",\"itemListElement\":[{\"@type\":\"ListItem\",\"position\":1,\"name\":\"Home\",\"item\":\"https:\/\/www.esta-officiel-usa.com\/de\/\"},{\"@type\":\"ListItem\",\"position\":2,\"name\":\"Besuch der US-Botschaft f\u00fcr ein Visum\"}]},{\"@type\":\"WebSite\",\"@id\":\"https:\/\/www.esta-officiel-usa.com\/de\/#website\",\"url\":\"https:\/\/www.esta-officiel-usa.com\/de\/\",\"name\":\"ESTA - Vereinigte Staaten\",\"description\":\"ESTA-Antragsformular\",\"potentialAction\":[{\"@type\":\"SearchAction\",\"target\":{\"@type\":\"EntryPoint\",\"urlTemplate\":\"https:\/\/www.esta-officiel-usa.com\/de\/?s={search_term_string}\"},\"query-input\":{\"@type\":\"PropertyValueSpecification\",\"valueRequired\":true,\"valueName\":\"search_term_string\"}}],\"inLanguage\":\"de\"}]}<\/script>\n<!-- \/ Yoast SEO plugin. -->","yoast_head_json":{"title":"Besuch der US-Botschaft f\u00fcr ein Visum","description":"Unsere Experten erkl\u00e4ren Ihnen in diesem Artikel, wie der Termin bei der US-Botschaft abl\u00e4uft, um das begehrte US-Visum zu erhalten!","robots":{"index":"index","follow":"follow","max-snippet":"max-snippet:-1","max-image-preview":"max-image-preview:large","max-video-preview":"max-video-preview:-1"},"canonical":"https:\/\/www.esta-officiel-usa.com\/de\/besuch-der-us-botschaft-fuer-ein-visum\/","og_locale":"de_DE","og_type":"article","og_title":"Besuch der US-Botschaft f\u00fcr ein Visum","og_description":"Unsere Experten erkl\u00e4ren Ihnen in diesem Artikel, wie der Termin bei der US-Botschaft abl\u00e4uft, um das begehrte US-Visum zu erhalten!","og_url":"https:\/\/www.esta-officiel-usa.com\/de\/besuch-der-us-botschaft-fuer-ein-visum\/","og_site_name":"ESTA - Vereinigte Staaten","article_modified_time":"2025-09-13T11:57:42+00:00","twitter_card":"summary_large_image","twitter_misc":{"Gesch\u00e4tzte Lesezeit":"5\u00a0Minuten"},"schema":{"@context":"https:\/\/schema.org","@graph":[{"@type":"WebPage","@id":"https:\/\/www.esta-officiel-usa.com\/de\/besuch-der-us-botschaft-fuer-ein-visum\/","url":"https:\/\/www.esta-officiel-usa.com\/de\/besuch-der-us-botschaft-fuer-ein-visum\/","name":"Besuch der US-Botschaft f\u00fcr ein Visum","isPartOf":{"@id":"https:\/\/www.esta-officiel-usa.com\/de\/#website"},"datePublished":"2025-09-13T11:57:34+00:00","dateModified":"2025-09-13T11:57:42+00:00","description":"Unsere Experten erkl\u00e4ren Ihnen in diesem Artikel, wie der Termin bei der US-Botschaft abl\u00e4uft, um das begehrte US-Visum zu erhalten!","breadcrumb":{"@id":"https:\/\/www.esta-officiel-usa.com\/de\/besuch-der-us-botschaft-fuer-ein-visum\/#breadcrumb"},"inLanguage":"de","potentialAction":[{"@type":"ReadAction","target":["https:\/\/www.esta-officiel-usa.com\/de\/besuch-der-us-botschaft-fuer-ein-visum\/"]}]},{"@type":"BreadcrumbList","@id":"https:\/\/www.esta-officiel-usa.com\/de\/besuch-der-us-botschaft-fuer-ein-visum\/#breadcrumb","itemListElement":[{"@type":"ListItem","position":1,"name":"Home","item":"https:\/\/www.esta-officiel-usa.com\/de\/"},{"@type":"ListItem","position":2,"name":"Besuch der US-Botschaft f\u00fcr ein Visum"}]},{"@type":"WebSite","@id":"https:\/\/www.esta-officiel-usa.com\/de\/#website","url":"https:\/\/www.esta-officiel-usa.com\/de\/","name":"ESTA - Vereinigte Staaten","description":"ESTA-Antragsformular","potentialAction":[{"@type":"SearchAction","target":{"@type":"EntryPoint","urlTemplate":"https:\/\/www.esta-officiel-usa.com\/de\/?s={search_term_string}"},"query-input":{"@type":"PropertyValueSpecification","valueRequired":true,"valueName":"search_term_string"}}],"inLanguage":"de"}]}},"_links":{"self":[{"href":"https:\/\/www.esta-officiel-usa.com\/de\/wp-json\/wp\/v2\/pages\/921","targetHints":{"allow":["GET"]}}],"collection":[{"href":"https:\/\/www.esta-officiel-usa.com\/de\/wp-json\/wp\/v2\/pages"}],"about":[{"href":"https:\/\/www.esta-officiel-usa.com\/de\/wp-json\/wp\/v2\/types\/page"}],"author":[{"embeddable":true,"href":"https:\/\/www.esta-officiel-usa.com\/de\/wp-json\/wp\/v2\/users\/1"}],"replies":[{"embeddable":true,"href":"https:\/\/www.esta-officiel-usa.com\/de\/wp-json\/wp\/v2\/comments?post=921"}],"version-history":[{"count":3,"href":"https:\/\/www.esta-officiel-usa.com\/de\/wp-json\/wp\/v2\/pages\/921\/revisions"}],"predecessor-version":[{"id":935,"href":"https:\/\/www.esta-officiel-usa.com\/de\/wp-json\/wp\/v2\/pages\/921\/revisions\/935"}],"wp:attachment":[{"href":"https:\/\/www.esta-officiel-usa.com\/de\/wp-json\/wp\/v2\/media?parent=921"}],"curies":[{"name":"wp","href":"https:\/\/api.w.org\/{rel}","templated":true}]}}