{"id":924,"date":"2025-09-13T11:57:38","date_gmt":"2025-09-13T11:57:38","guid":{"rendered":"https:\/\/www.esta-officiel-usa.com\/o-visum-und-p-visum-fuer-sportler-oder-kuenstler\/"},"modified":"2025-09-13T11:57:52","modified_gmt":"2025-09-13T11:57:52","slug":"o-visum-und-p-visum-fuer-sportler-oder-kuenstler","status":"publish","type":"page","link":"https:\/\/www.esta-officiel-usa.com\/de\/o-visum-und-p-visum-fuer-sportler-oder-kuenstler\/","title":{"rendered":"O-Visum und P-Visum f\u00fcr Sportler oder K\u00fcnstler"},"content":{"rendered":"\n<h1 class=\"wp-block-heading\">O- und P-Visa f\u00fcr seltene USA-Reisende<\/h1>\n\n<p>Jedes Jahr erhalten ausl\u00e4ndische Staatsangeh\u00f6rige etwa 10 Millionen Non-Immigrant-Visa, um sich vor\u00fcbergehend in den USA aufhalten zu k\u00f6nnen. Es gibt Dutzende von Arten: Touristenvisum (das am h\u00e4ufigsten beantragte), Arbeitsvisum, Investorenvisum und viele andere. Zusammen mit den Besuchern, die mit dem<a href=\"https:\/\/www.esta-officiel-usa.com\/de\/\">ESTA <\/a>(Visa Waiver Program) reisen, und den Einwanderern, die eine Green Card erhalten, wird deutlich, wie interessant die USA f\u00fcr einen gro\u00dfen Teil der Weltbev\u00f6lkerung sind. Jedes Visum verdient einen eigenen Steckbrief, da die Merkmale und die Beantragung von Visum zu Visum sehr unterschiedlich sind. Im Folgenden werden das O- und das P-Visum erl\u00e4utert, die Zielgruppen, f\u00fcr die sie bestimmt sind, und wie sie beantragt werden k\u00f6nnen, um legal in die USA zu reisen.    <\/p>\n\n<h2 class=\"wp-block-heading\">O- und P-Visa auf der Grundlage von sportlichen, k\u00fcnstlerischen und wissenschaftlichen Talenten&#8230;<\/h2>\n\n<p>In der Regel ist ein <a href=\"https:\/\/www.esta-officiel-usa.com\/fr\/quels-sont-les-differents-visas-pour-les-usa\/\">Visumtyp<\/a> auf einen bestimmten Reisezweck ausgerichtet: Studium, Freiwilligenarbeit, Au-pair-Aufenthalt usw. Bei den O- und P-Visa liegt der Schwerpunkt eher auf dem Profil des Antragstellers. In beiden F\u00e4llen m\u00fcssen Sie nachweisen, dass Sie \u00fcberdurchschnittliche F\u00e4higkeiten haben, unabh\u00e4ngig davon, ob Sie sich f\u00fcr ein O- oder P-Visum interessieren.  <\/p>\n\n<p>Bitte beachten Sie, dass Sie zwischen den beiden Genehmigungen unterscheiden m\u00fcssen. Erinnern Sie sich \ndaran, dass ein Non-Immigrant-Visum zur Einreise in die USA f\u00fcr einen vor\u00fcbergehenden Aufenthalt berechtigt \n. Diese ist jedoch \nvariabel, ebenso wie die Art der Beantragung, je nach Situation. \nMit anderen Worten: W\u00e4hlen Sie Ihr Visum nicht zuf\u00e4llig zwischen dem P und \ndem O aus. Sehen Sie sich die folgenden Merkmale an:  <\/p>\n\n<h3 class=\"wp-block-heading\">Das O-Visum im Detail<\/h3>\n\n<p>Beim ersten Lesen \u00fcberrascht der Name des O-Visums: &#8222;Individuen mit au\u00dfergew\u00f6hnlichen F\u00e4higkeiten oder Leistungen&#8220;. Einfacher ausgedr\u00fcckt: Dieses Zertifikat betrachtet die F\u00e4higkeiten des Antragstellers; er muss im Vergleich zu einer normalen Person etwas Unglaubliches geleistet haben. Dies ist jedoch auf einige wenige Anwendungsbereiche beschr\u00e4nkt:  <\/p>\n\n<ul class=\"wp-block-list\"><li>Wissenschaft, Bildung, Wirtschaft und Sport f\u00fcr die Version O1A des Visums;<\/li><li>Kunst sowie Fernsehen und Kino f\u00fcr die Version O1B des Visums.<\/li><\/ul>\n\n<p>Beachten Sie, dass es nicht ausreicht, einen Studentenpreis an Ihrer\n Universit\u00e4t gewonnen zu haben oder einen von \nIhrer Stadt organisierten Sportwettbewerb gewonnen zu haben, sondern dass ein &#8222;Niveau an Fachwissen, das die Person \nzu einem kleinen Prozentsatz der h\u00f6chsten in dem betreffenden Bereich \nplatziert&#8220;, erforderlich ist. In den Bereichen Kunst und audiovisuelle Medien muss der Antragsteller \nnicht nur Talent haben, sondern auch daf\u00fcr anerkannt sein. <\/p>\n\n<p>Dar\u00fcber hinaus k\u00f6nnen Assistenten und Ehepartner von Inhabern eines O-Visums diese begleiten, indem sie ein O2 oder O3 beantragen.<\/p>\n\n<h3 class=\"wp-block-heading\">Das P-Visum und seine Varianten<\/h3>\n\n<p>Um mit dem P-Visum in die USA einzureisen, gibt es mehrere\n Kontexte, die den Versionen dieses Aufenthaltstitels entsprechen:<\/p>\n\n<ul class=\"wp-block-list\"><li>P1A: F\u00fcr Athleten, die in die USA einreisen, um als Team oder Einzelperson an einer Sportveranstaltung teilzunehmen. Nur eine Auswahl der besten Athleten kann sich um das wertvolle Papier bewerben; <\/li><li>P1B: F\u00fcr Mitglieder von weltweit anerkannten Unterhaltungsgruppen (Zirkus, Musik&#8230;) ;<\/li><li>P2: f\u00fcr K\u00fcnstler (einzeln oder in Gruppen), die an einem gegenseitigen Austauschprogramm zwischen den Vereinigten Staaten und einem Drittland teilnehmen;<\/li><li>P3: \u00c4hnlich wie das P2-Visum zielt das P3-Visum auf die gleichen K\u00fcnstler ab, aber diesmal im Rahmen eines unilateralen Programms. Antragsteller k\u00f6nnen in die USA kommen, um im Rahmen eines &#8222;kulturell einzigartigen&#8220; Programms zu unterrichten, zu coachen oder sich selbst zu pr\u00e4sentieren. <\/li><\/ul>\n\n<p>Es ist nicht einfach, die Nuancen der Visa O, P und all ihrer Variationen zu verstehen. Z\u00f6gern Sie nicht, Ihre Recherchen im Internet zu vertiefen oder sich an spezialisierte Visaagenturen zu wenden. <\/p>\n\n<p>Sie sind ein au\u00dfergew\u00f6hnliches k\u00fcnstlerisches Talent, haben au\u00dfergew\u00f6hnliche sportliche F\u00e4higkeiten oder waren an einem gro\u00dfen Filmprojekt beteiligt? Vielleicht kann Ihr Aufenthalt in den USA mit den hier beschriebenen Papieren realisiert werden. Wie k\u00f6nnen Sie von solchen O- und P-Visa profitieren, die einen direkten Zugang zu Uncle Sams Land bieten? Dies ist die Frage, die wir in unserem zweiten Teil des Artikels beantworten.   <\/p>\n\n<h2 class=\"wp-block-heading\">Das O- oder P-Visum: Wie man es erh\u00e4lt<\/h2>\n\n<p>Beantragen Sie Ihr O- oder P-Visum fr\u00fchzeitig. Das Verfahren kann nicht innerhalb weniger Tage\n werden, so sehr Sie sich auch bem\u00fchen und so viel Zeit \ninvestieren; Sie sind von der Verf\u00fcgbarkeit und Reaktionsf\u00e4higkeit \nmehrerer Ansprechpartner abh\u00e4ngig. Selbst wenn Sie glauben, dass Sie alle\n genannten Bedingungen erf\u00fcllen, sollten Sie sich dar\u00fcber im Klaren sein, dass die Entscheidung \u00fcber die Erteilung des \nVisums allein bei den US-Beh\u00f6rden liegt; denken Sie \ndaran, dass es keine Garantie f\u00fcr eine positive Antwort gibt, solange Sie diese nicht \nerhalten. <\/p>\n\n<p>Wie l\u00e4uft der Prozess ab? Wir beschreiben hier nur die \nGrundz\u00fcge, da es einen vollst\u00e4ndigen Artikel geben w\u00fcrde, um \ndie Beantragung jeder der zuvor erw\u00e4hnten Visaversionen zu beschreiben: O-1, \nP-1A, P3, etc. <\/p>\n\n<p>Unabh\u00e4ngig davon, welches Dokument Sie w\u00fcnschen, m\u00fcssen Sie das Formular\n I-129 ausf\u00fcllen und einen g\u00fcltigen Reisepass haben. Der Unterschied \nliegt dann in den Belegen, die Sie beif\u00fcgen m\u00fcssen, je nachdem, ob Sie das \nO- oder P-Visum beantragen. Ihre Unterlagen m\u00fcssen belegen, dass Sie die \nKriterien erf\u00fcllen: Gutachten einer anerkannten Organisation \u00fcber Ihre F\u00e4higkeiten, Diplome\n und Auszeichnungen, Vertr\u00e4ge, Kopien von Programmvereinbarungen, \nEmpfehlungsschreiben&#8230; Machen Sie sich auf mehr Fotokopien und\n mehr Ausdrucke gefasst! <\/p>\n\n<p>Es gibt kein kostenloses Visum, da f\u00fcr das Verfahren durchschnittlich einige hundert Euro zu zahlen sind. Wenn Sie als Tourist <a href=\"https:\/\/www.esta-officiel-usa.com\/fr\/partir-en-voyage-aux-etats-unis\/\">in die USA reisen<\/a>, k\u00f6nnen Sie beruhigt sein, dass diese Kosten dank ESTA (Genehmigung f\u00fcr L\u00e4nder, die am Programm f\u00fcr visumfreies Reisen teilnehmen) geringer sind. <\/p>\n\n<p>Nachdem Ihr Antrag angenommen wurde, m\u00fcssen Sie einen Termin bei der Konsularabteilung der US-Botschaft (in Paris f\u00fcr Frankreich) oder des Konsulats vereinbaren. Dies gilt im Allgemeinen f\u00fcr alle Arten von Visa: O, P, aber auch L1, <a href=\"https:\/\/www.esta-officiel-usa.com\/fr\/comment-faire-pour-investir-aux-etats-unis-avec-le-visa-e1-e2\/\">E1-E2<\/a>, H, etc. Das Gespr\u00e4ch mit einem Vertreter der USA gibt Ihnen die Gelegenheit, Ihre Motivation, Ihre F\u00e4higkeiten und Ihre Pl\u00e4ne darzulegen, die nicht auf eine dauerhafte Aufenthaltsgenehmigung hinauslaufen sollten.  <\/p>\n\n<p>Sie m\u00fcssen nun die Daumen dr\u00fccken und hoffen, dass Sie Ihren Gespr\u00e4chspartner \u00fcberzeugen konnten. Er wird Ihnen gr\u00fcnes Licht f\u00fcr den Versand des Reisedokuments geben oder nicht. <\/p>\n\n<p>Wir w\u00fcnschen Ihnen, dass Sie das Beste aus Ihrem Wettbewerb oder Programm in den Vereinigten Staaten von Amerika machen, indem Sie ein O- oder P-Visum beantragen.<\/p>\n","protected":false},"excerpt":{"rendered":"<p>O- und P-Visa f\u00fcr seltene USA-Reisende Jedes Jahr erhalten ausl\u00e4ndische Staatsangeh\u00f6rige etwa 10 Millionen Non-Immigrant-Visa, um sich vor\u00fcbergehend in den USA aufhalten zu k\u00f6nnen. Es gibt Dutzende von Arten: Touristenvisum (das am h\u00e4ufigsten beantragte), Arbeitsvisum, Investorenvisum und viele andere. Zusammen mit den Besuchern, die mit demESTA (Visa Waiver Program) reisen, und den Einwanderern, die eine [&hellip;]<\/p>\n","protected":false},"author":1,"featured_media":0,"parent":0,"menu_order":0,"comment_status":"closed","ping_status":"closed","template":"","meta":{"footnotes":""},"class_list":["post-924","page","type-page","status-publish","hentry"],"yoast_head":"<!-- This site is optimized with the Yoast SEO plugin v26.2 - https:\/\/yoast.com\/wordpress\/plugins\/seo\/ -->\n<title>O-Visum und P-Visum f\u00fcr Sportler oder K\u00fcnstler<\/title>\n<meta name=\"description\" content=\"Das amerikanische O- und P-Visum ist f\u00fcr Personen mit \u00fcberdurchschnittlichen Qualifikationen bestimmt und erm\u00f6glicht eine zeitlich begrenzte Reise in die USA.\" \/>\n<meta name=\"robots\" content=\"index, follow, max-snippet:-1, max-image-preview:large, max-video-preview:-1\" \/>\n<link rel=\"canonical\" href=\"https:\/\/www.esta-officiel-usa.com\/de\/o-visum-und-p-visum-fuer-sportler-oder-kuenstler\/\" \/>\n<meta property=\"og:locale\" content=\"de_DE\" \/>\n<meta property=\"og:type\" content=\"article\" \/>\n<meta property=\"og:title\" content=\"O-Visum und P-Visum f\u00fcr Sportler oder K\u00fcnstler\" \/>\n<meta property=\"og:description\" content=\"Das amerikanische O- und P-Visum ist f\u00fcr Personen mit \u00fcberdurchschnittlichen Qualifikationen bestimmt und erm\u00f6glicht eine zeitlich begrenzte Reise in die USA.\" \/>\n<meta property=\"og:url\" content=\"https:\/\/www.esta-officiel-usa.com\/de\/o-visum-und-p-visum-fuer-sportler-oder-kuenstler\/\" \/>\n<meta property=\"og:site_name\" content=\"ESTA - Vereinigte Staaten\" \/>\n<meta property=\"article:modified_time\" content=\"2025-09-13T11:57:52+00:00\" \/>\n<meta name=\"twitter:card\" content=\"summary_large_image\" \/>\n<meta name=\"twitter:label1\" content=\"Gesch\u00e4tzte Lesezeit\" \/>\n\t<meta name=\"twitter:data1\" content=\"5\u00a0Minuten\" \/>\n<script type=\"application\/ld+json\" class=\"yoast-schema-graph\">{\"@context\":\"https:\/\/schema.org\",\"@graph\":[{\"@type\":\"WebPage\",\"@id\":\"https:\/\/www.esta-officiel-usa.com\/de\/o-visum-und-p-visum-fuer-sportler-oder-kuenstler\/\",\"url\":\"https:\/\/www.esta-officiel-usa.com\/de\/o-visum-und-p-visum-fuer-sportler-oder-kuenstler\/\",\"name\":\"O-Visum und P-Visum f\u00fcr Sportler oder K\u00fcnstler\",\"isPartOf\":{\"@id\":\"https:\/\/www.esta-officiel-usa.com\/de\/#website\"},\"datePublished\":\"2025-09-13T11:57:38+00:00\",\"dateModified\":\"2025-09-13T11:57:52+00:00\",\"description\":\"Das amerikanische O- und P-Visum ist f\u00fcr Personen mit \u00fcberdurchschnittlichen Qualifikationen bestimmt und erm\u00f6glicht eine zeitlich begrenzte Reise in die USA.\",\"breadcrumb\":{\"@id\":\"https:\/\/www.esta-officiel-usa.com\/de\/o-visum-und-p-visum-fuer-sportler-oder-kuenstler\/#breadcrumb\"},\"inLanguage\":\"de\",\"potentialAction\":[{\"@type\":\"ReadAction\",\"target\":[\"https:\/\/www.esta-officiel-usa.com\/de\/o-visum-und-p-visum-fuer-sportler-oder-kuenstler\/\"]}]},{\"@type\":\"BreadcrumbList\",\"@id\":\"https:\/\/www.esta-officiel-usa.com\/de\/o-visum-und-p-visum-fuer-sportler-oder-kuenstler\/#breadcrumb\",\"itemListElement\":[{\"@type\":\"ListItem\",\"position\":1,\"name\":\"Home\",\"item\":\"https:\/\/www.esta-officiel-usa.com\/de\/\"},{\"@type\":\"ListItem\",\"position\":2,\"name\":\"O-Visum und P-Visum f\u00fcr Sportler oder K\u00fcnstler\"}]},{\"@type\":\"WebSite\",\"@id\":\"https:\/\/www.esta-officiel-usa.com\/de\/#website\",\"url\":\"https:\/\/www.esta-officiel-usa.com\/de\/\",\"name\":\"ESTA - Vereinigte Staaten\",\"description\":\"ESTA-Antragsformular\",\"potentialAction\":[{\"@type\":\"SearchAction\",\"target\":{\"@type\":\"EntryPoint\",\"urlTemplate\":\"https:\/\/www.esta-officiel-usa.com\/de\/?s={search_term_string}\"},\"query-input\":{\"@type\":\"PropertyValueSpecification\",\"valueRequired\":true,\"valueName\":\"search_term_string\"}}],\"inLanguage\":\"de\"}]}<\/script>\n<!-- \/ Yoast SEO plugin. -->","yoast_head_json":{"title":"O-Visum und P-Visum f\u00fcr Sportler oder K\u00fcnstler","description":"Das amerikanische O- und P-Visum ist f\u00fcr Personen mit \u00fcberdurchschnittlichen Qualifikationen bestimmt und erm\u00f6glicht eine zeitlich begrenzte Reise in die USA.","robots":{"index":"index","follow":"follow","max-snippet":"max-snippet:-1","max-image-preview":"max-image-preview:large","max-video-preview":"max-video-preview:-1"},"canonical":"https:\/\/www.esta-officiel-usa.com\/de\/o-visum-und-p-visum-fuer-sportler-oder-kuenstler\/","og_locale":"de_DE","og_type":"article","og_title":"O-Visum und P-Visum f\u00fcr Sportler oder K\u00fcnstler","og_description":"Das amerikanische O- und P-Visum ist f\u00fcr Personen mit \u00fcberdurchschnittlichen Qualifikationen bestimmt und erm\u00f6glicht eine zeitlich begrenzte Reise in die USA.","og_url":"https:\/\/www.esta-officiel-usa.com\/de\/o-visum-und-p-visum-fuer-sportler-oder-kuenstler\/","og_site_name":"ESTA - Vereinigte Staaten","article_modified_time":"2025-09-13T11:57:52+00:00","twitter_card":"summary_large_image","twitter_misc":{"Gesch\u00e4tzte Lesezeit":"5\u00a0Minuten"},"schema":{"@context":"https:\/\/schema.org","@graph":[{"@type":"WebPage","@id":"https:\/\/www.esta-officiel-usa.com\/de\/o-visum-und-p-visum-fuer-sportler-oder-kuenstler\/","url":"https:\/\/www.esta-officiel-usa.com\/de\/o-visum-und-p-visum-fuer-sportler-oder-kuenstler\/","name":"O-Visum und P-Visum f\u00fcr Sportler oder K\u00fcnstler","isPartOf":{"@id":"https:\/\/www.esta-officiel-usa.com\/de\/#website"},"datePublished":"2025-09-13T11:57:38+00:00","dateModified":"2025-09-13T11:57:52+00:00","description":"Das amerikanische O- und P-Visum ist f\u00fcr Personen mit \u00fcberdurchschnittlichen Qualifikationen bestimmt und erm\u00f6glicht eine zeitlich begrenzte Reise in die USA.","breadcrumb":{"@id":"https:\/\/www.esta-officiel-usa.com\/de\/o-visum-und-p-visum-fuer-sportler-oder-kuenstler\/#breadcrumb"},"inLanguage":"de","potentialAction":[{"@type":"ReadAction","target":["https:\/\/www.esta-officiel-usa.com\/de\/o-visum-und-p-visum-fuer-sportler-oder-kuenstler\/"]}]},{"@type":"BreadcrumbList","@id":"https:\/\/www.esta-officiel-usa.com\/de\/o-visum-und-p-visum-fuer-sportler-oder-kuenstler\/#breadcrumb","itemListElement":[{"@type":"ListItem","position":1,"name":"Home","item":"https:\/\/www.esta-officiel-usa.com\/de\/"},{"@type":"ListItem","position":2,"name":"O-Visum und P-Visum f\u00fcr Sportler oder K\u00fcnstler"}]},{"@type":"WebSite","@id":"https:\/\/www.esta-officiel-usa.com\/de\/#website","url":"https:\/\/www.esta-officiel-usa.com\/de\/","name":"ESTA - Vereinigte Staaten","description":"ESTA-Antragsformular","potentialAction":[{"@type":"SearchAction","target":{"@type":"EntryPoint","urlTemplate":"https:\/\/www.esta-officiel-usa.com\/de\/?s={search_term_string}"},"query-input":{"@type":"PropertyValueSpecification","valueRequired":true,"valueName":"search_term_string"}}],"inLanguage":"de"}]}},"_links":{"self":[{"href":"https:\/\/www.esta-officiel-usa.com\/de\/wp-json\/wp\/v2\/pages\/924","targetHints":{"allow":["GET"]}}],"collection":[{"href":"https:\/\/www.esta-officiel-usa.com\/de\/wp-json\/wp\/v2\/pages"}],"about":[{"href":"https:\/\/www.esta-officiel-usa.com\/de\/wp-json\/wp\/v2\/types\/page"}],"author":[{"embeddable":true,"href":"https:\/\/www.esta-officiel-usa.com\/de\/wp-json\/wp\/v2\/users\/1"}],"replies":[{"embeddable":true,"href":"https:\/\/www.esta-officiel-usa.com\/de\/wp-json\/wp\/v2\/comments?post=924"}],"version-history":[{"count":3,"href":"https:\/\/www.esta-officiel-usa.com\/de\/wp-json\/wp\/v2\/pages\/924\/revisions"}],"predecessor-version":[{"id":943,"href":"https:\/\/www.esta-officiel-usa.com\/de\/wp-json\/wp\/v2\/pages\/924\/revisions\/943"}],"wp:attachment":[{"href":"https:\/\/www.esta-officiel-usa.com\/de\/wp-json\/wp\/v2\/media?parent=924"}],"curies":[{"name":"wp","href":"https:\/\/api.w.org\/{rel}","templated":true}]}}