{"id":930,"date":"2025-09-13T11:57:39","date_gmt":"2025-09-13T11:57:39","guid":{"rendered":"https:\/\/www.esta-officiel-usa.com\/b1-und-b2-visum-fuer-die-einreise-in-die-usa\/"},"modified":"2025-09-13T11:57:40","modified_gmt":"2025-09-13T11:57:40","slug":"b1-und-b2-visum-fuer-die-einreise-in-die-usa","status":"publish","type":"page","link":"https:\/\/www.esta-officiel-usa.com\/de\/b1-und-b2-visum-fuer-die-einreise-in-die-usa\/","title":{"rendered":"b1- und b2-Visum f\u00fcr die Einreise in die USA"},"content":{"rendered":"\n<h1 class=\"wp-block-heading\">Alles \u00fcber die B1- und B2-Visa f\u00fcr Reisen in die USA<\/h1>\n\n<p>Es gibt eine gro\u00dfe Anzahl von US-Visa, die f\u00fcr jede Situation spezifisch sind. B1- und B2-Visa werden f\u00fcr Gesch\u00e4fts- und Touristenreisen in die USA ausgestellt, wie sie <a href=\"https:\/\/www.esta-officiel-usa.com\/de\/\">von ESTA<\/a> angeboten werden. Das ESTA ist ein elektronisches Reisegenehmigungssystem und erm\u00f6glicht Touristen-, Transit- und Gesch\u00e4ftsreisen. Im Gegensatz zu den B1- oder B2-Visa, die einen Aufenthalt von bis zu 6 Monaten in den USA erlauben, ist es jedoch nur f\u00fcr Reisen von bis zu 90 Tagen m\u00f6glich.   <\/p>\n\n<p>Wozu dient das B1-B2-Visum? Wie kann man ein B1- oder B2-Visum erhalten und was sind die Voraussetzungen daf\u00fcr? F\u00fcr wen ist diese Art von Visum geeignet? Alle Antworten finden Sie in diesem Artikel.   <br\/>  <\/p>\n\n<h2 class=\"wp-block-heading\">Die Visa B1 und B2: Zweckm\u00e4\u00dfigkeit<\/h2>\n\n<p>Wenn Sie f\u00fcr einen l\u00e4ngeren Zeitraum in den USA bleiben m\u00f6chten, m\u00fcssen Sie ein <a href=\"https:\/\/www.esta-officiel-usa.com\/fr\/les-conditions-a-respecter-pour-obtenir-le-visa-usa\/\">Visum beantragen<\/a>, das speziell auf den Zweck Ihres Aufenthalts zugeschnitten ist. Es wird oft von B1-B2 oder B-Visa gesprochen, aber es sind zwei verschiedene Visa mit zwei verschiedenen Zielen. Das erste, das B1-Visum, erlaubt es dem Inhaber, eine Gesch\u00e4ftsreise zu unternehmen: Es wird als B1-Gesch\u00e4ftsvisum bezeichnet. Das zweite ist ein Visum f\u00fcr touristische Zwecke und wird als Touristenvisum B2 bezeichnet. Was kann man mit diesen beiden Visa tun?    <\/p>\n\n<h3 class=\"wp-block-heading\">Das B1 Gesch\u00e4ftsvisum<\/h3>\n\n<p>Das B1 berechtigt Sie zu einem Aufenthalt von bis zu 6 Monaten in den USA, und zwar aus \nberuflichen Gr\u00fcnden. Es ist wichtig zu erw\u00e4hnen, dass diese \n&#8222;beruflichen Gr\u00fcnde&#8220; keine Besch\u00e4ftigung als solche beinhalten! Das\n B1 ist im Gegensatz zum H1B-Visum keine Arbeitserlaubnis: Es erlaubt \nnur, Gesch\u00e4fte mit amerikanischen Gesch\u00e4ftspartnern\n und amerikanischen Unternehmen zu t\u00e4tigen. Das B1-Visum ist je nach Fall zwischen 1\n Jahr und 10 Jahren g\u00fcltig. Es erlaubt Ihnen    <\/p>\n\n<ul class=\"wp-block-list\"><li>sich mit amerikanischen Partnern zu treffen;<\/li><li>an Treffen mit Gesch\u00e4ftspartnern teilzunehmen (wenn Sie f\u00fcr eine US-Firma arbeiten);<\/li><li>an Seminaren und Konferenzen auf amerikanischem Boden teilzunehmen;<\/li><li>Ihr Unternehmen bei der Unterzeichnung eines Vertrages, bei Verhandlungen oder bei der Bestellung von Waren zu vertreten.<\/li><\/ul>\n\n<p>Im Gegensatz zur Arbeitserlaubnis d\u00fcrfen Sie mit einem Visum\n B1 keine Verg\u00fctung von einem US-Unternehmen erhalten;\n es ist also nicht m\u00f6glich, eine bezahlte T\u00e4tigkeit auszu\u00fcben.<\/p>\n\n<h3 class=\"wp-block-heading\">Das B2-Touristenvisum<\/h3>\n\n<p>Das B2 <a href=\"https:\/\/www.esta-officiel-usa.com\/fr\/comment-obtenir-un-visa-usa\/\">Touristenvisum<\/a> wird Personen ausgestellt, die die USA f\u00fcr mehr als 90 Tage besuchen m\u00f6chten (f\u00fcr k\u00fcrzere Aufenthalte kann eine ESTA-Genehmigung beantragt werden). Ein B2 kann auch f\u00fcr Personen beantragt werden, die in die USA reisen m\u00f6chten, um sich medizinisch behandeln zu lassen. Mit einem B2 kann man :  <\/p>\n\n<ul class=\"wp-block-list\"><li>an kulturellen, sportlichen, k\u00fcnstlerischen usw. Veranstaltungen teilnehmen;<\/li><li>Freiwilligenarbeit leisten ;<\/li><li>seine Familie und Freunde in den USA zu besuchen;<\/li><li>touristische Aktivit\u00e4ten wie den Besuch von Museen, \nDenkm\u00e4lern, historischen St\u00e4tten, Nationalparks usw. durchf\u00fchren;<\/li><li>einen Roadtrip und Camping machen ;<\/li><li>medizinische Versorgung in einem amerikanischen Krankenhaus in Anspruch nehmen.<\/li><\/ul>\n\n<p>Das B2-Visum berechtigt den Inhaber ebenso wie das B1-Visum nicht zur Aus\u00fcbung einer bezahlten T\u00e4tigkeit oder eines Praktikums in den USA auf dem Gebiet der USA.<\/p>\n\n<h2 class=\"wp-block-heading\">Erhalt des B1- oder B2-Visums: Schritte und Bedingungen<\/h2>\n\n<p>B1\/B2-Visa sind vor\u00fcbergehende Genehmigungen f\u00fcr den Aufenthalt in den \nUSA. Sie berechtigen nicht dazu, sich dauerhaft in den USA niederzulassen, einzuwandern \noder dort zu arbeiten. <\/p>\n\n<p>Um ein Visum zu beantragen, m\u00fcssen Sie sich an die US-Botschaft oder das US-Konsulat Ihres Landes unter \nwenden. Einer der ersten \nSchritte, die Sie tun m\u00fcssen, ist, so viele offizielle \nDokumente wie m\u00f6glich zu sammeln, um zu zeigen, dass Sie Bindungen in Ihrem Land haben und \n, dass Sie nicht vorhaben, illegaler Migrant in den USA zu werden. Diese Dokumente \nk\u00f6nnen eine Heiratsurkunde, eine Eigentumsurkunde, ein Familienbuch \n, Ihr Arbeitsvertrag usw. sein.  <\/p>\n\n<p>Sie werden gebeten, das Formular DS-160 auszuf\u00fcllen, das eine \nerste Auswahl darstellt. Die Angaben werden an die konsularischen Dienste der US-Botschaft weitergeleitet \n. Nach der \u00dcbermittlung des \nFormulars m\u00fcssen Sie einen Termin f\u00fcr ein Gespr\u00e4ch in der US-Botschaft \nvereinbaren. Dies ist ein obligatorischer Schritt, der es den Beh\u00f6rden \nder USA erm\u00f6glicht, Ihre Identit\u00e4t und den Grund Ihrer \nReise zu \u00fcberpr\u00fcfen. Der amerikanische Vertreter    <\/p>\n\n<p>wird entscheiden, ob Sie f\u00fcr ein B1- oder B2-Visum in Frage kommen. Sie m\u00fcssen dann am selben Tag die 120 \u20ac f\u00fcr das Visum bezahlen. <\/p>\n\n<p>Das Touristen- und das Gesch\u00e4ftsvisum erfordern, wie jedes andere amerikanische Visum, Zeit und Papierkram. Wenn Sie schlie\u00dflich feststellen, dass Sie nicht beabsichtigen, l\u00e4nger als 90 Tage als Tourist oder Gesch\u00e4ftsreisender in den USA zu bleiben, k\u00f6nnen Sie anstelle eines Visumantrags <a href=\"https:\/\/www.esta-officiel-usa.com\/fr\/esta-usa-comment-obtenir-ce-document\/\">einen ESTA-Antrag<\/a> auf der offiziellen Website der Regierung oder auf einer unabh\u00e4ngigen Website stellen. <\/p>\n","protected":false},"excerpt":{"rendered":"<p>Alles \u00fcber die B1- und B2-Visa f\u00fcr Reisen in die USA Es gibt eine gro\u00dfe Anzahl von US-Visa, die f\u00fcr jede Situation spezifisch sind. B1- und B2-Visa werden f\u00fcr Gesch\u00e4fts- und Touristenreisen in die USA ausgestellt, wie sie von ESTA angeboten werden. Das ESTA ist ein elektronisches Reisegenehmigungssystem und erm\u00f6glicht Touristen-, Transit- und Gesch\u00e4ftsreisen. Im [&hellip;]<\/p>\n","protected":false},"author":1,"featured_media":0,"parent":0,"menu_order":0,"comment_status":"closed","ping_status":"closed","template":"","meta":{"footnotes":""},"class_list":["post-930","page","type-page","status-publish","hentry"],"yoast_head":"<!-- This site is optimized with the Yoast SEO plugin v26.2 - https:\/\/yoast.com\/wordpress\/plugins\/seo\/ -->\n<title>b1- und b2-Visum f\u00fcr die Einreise in die USA<\/title>\n<meta name=\"description\" content=\"F\u00fcr eine touristische oder gesch\u00e4ftliche Reise in die USA, die l\u00e4nger als 90 Tage dauert, ist ein Antrag auf ein B1- oder B2-Visum erforderlich. Weitere Informationen finden Sie in diesem Artikel.\" \/>\n<meta name=\"robots\" content=\"index, follow, max-snippet:-1, max-image-preview:large, max-video-preview:-1\" \/>\n<link rel=\"canonical\" href=\"https:\/\/www.esta-officiel-usa.com\/de\/b1-und-b2-visum-fuer-die-einreise-in-die-usa\/\" \/>\n<meta property=\"og:locale\" content=\"de_DE\" \/>\n<meta property=\"og:type\" content=\"article\" \/>\n<meta property=\"og:title\" content=\"b1- und b2-Visum f\u00fcr die Einreise in die USA\" \/>\n<meta property=\"og:description\" content=\"F\u00fcr eine touristische oder gesch\u00e4ftliche Reise in die USA, die l\u00e4nger als 90 Tage dauert, ist ein Antrag auf ein B1- oder B2-Visum erforderlich. Weitere Informationen finden Sie in diesem Artikel.\" \/>\n<meta property=\"og:url\" content=\"https:\/\/www.esta-officiel-usa.com\/de\/b1-und-b2-visum-fuer-die-einreise-in-die-usa\/\" \/>\n<meta property=\"og:site_name\" content=\"ESTA - Vereinigte Staaten\" \/>\n<meta property=\"article:modified_time\" content=\"2025-09-13T11:57:40+00:00\" \/>\n<meta name=\"twitter:card\" content=\"summary_large_image\" \/>\n<meta name=\"twitter:label1\" content=\"Gesch\u00e4tzte Lesezeit\" \/>\n\t<meta name=\"twitter:data1\" content=\"4\u00a0Minuten\" \/>\n<script type=\"application\/ld+json\" class=\"yoast-schema-graph\">{\"@context\":\"https:\/\/schema.org\",\"@graph\":[{\"@type\":\"WebPage\",\"@id\":\"https:\/\/www.esta-officiel-usa.com\/de\/b1-und-b2-visum-fuer-die-einreise-in-die-usa\/\",\"url\":\"https:\/\/www.esta-officiel-usa.com\/de\/b1-und-b2-visum-fuer-die-einreise-in-die-usa\/\",\"name\":\"b1- und b2-Visum f\u00fcr die Einreise in die USA\",\"isPartOf\":{\"@id\":\"https:\/\/www.esta-officiel-usa.com\/de\/#website\"},\"datePublished\":\"2025-09-13T11:57:39+00:00\",\"dateModified\":\"2025-09-13T11:57:40+00:00\",\"description\":\"F\u00fcr eine touristische oder gesch\u00e4ftliche Reise in die USA, die l\u00e4nger als 90 Tage dauert, ist ein Antrag auf ein B1- oder B2-Visum erforderlich. Weitere Informationen finden Sie in diesem Artikel.\",\"breadcrumb\":{\"@id\":\"https:\/\/www.esta-officiel-usa.com\/de\/b1-und-b2-visum-fuer-die-einreise-in-die-usa\/#breadcrumb\"},\"inLanguage\":\"de\",\"potentialAction\":[{\"@type\":\"ReadAction\",\"target\":[\"https:\/\/www.esta-officiel-usa.com\/de\/b1-und-b2-visum-fuer-die-einreise-in-die-usa\/\"]}]},{\"@type\":\"BreadcrumbList\",\"@id\":\"https:\/\/www.esta-officiel-usa.com\/de\/b1-und-b2-visum-fuer-die-einreise-in-die-usa\/#breadcrumb\",\"itemListElement\":[{\"@type\":\"ListItem\",\"position\":1,\"name\":\"Home\",\"item\":\"https:\/\/www.esta-officiel-usa.com\/de\/\"},{\"@type\":\"ListItem\",\"position\":2,\"name\":\"b1- und b2-Visum f\u00fcr die Einreise in die USA\"}]},{\"@type\":\"WebSite\",\"@id\":\"https:\/\/www.esta-officiel-usa.com\/de\/#website\",\"url\":\"https:\/\/www.esta-officiel-usa.com\/de\/\",\"name\":\"ESTA - Vereinigte Staaten\",\"description\":\"ESTA-Antragsformular\",\"potentialAction\":[{\"@type\":\"SearchAction\",\"target\":{\"@type\":\"EntryPoint\",\"urlTemplate\":\"https:\/\/www.esta-officiel-usa.com\/de\/?s={search_term_string}\"},\"query-input\":{\"@type\":\"PropertyValueSpecification\",\"valueRequired\":true,\"valueName\":\"search_term_string\"}}],\"inLanguage\":\"de\"}]}<\/script>\n<!-- \/ Yoast SEO plugin. -->","yoast_head_json":{"title":"b1- und b2-Visum f\u00fcr die Einreise in die USA","description":"F\u00fcr eine touristische oder gesch\u00e4ftliche Reise in die USA, die l\u00e4nger als 90 Tage dauert, ist ein Antrag auf ein B1- oder B2-Visum erforderlich. Weitere Informationen finden Sie in diesem Artikel.","robots":{"index":"index","follow":"follow","max-snippet":"max-snippet:-1","max-image-preview":"max-image-preview:large","max-video-preview":"max-video-preview:-1"},"canonical":"https:\/\/www.esta-officiel-usa.com\/de\/b1-und-b2-visum-fuer-die-einreise-in-die-usa\/","og_locale":"de_DE","og_type":"article","og_title":"b1- und b2-Visum f\u00fcr die Einreise in die USA","og_description":"F\u00fcr eine touristische oder gesch\u00e4ftliche Reise in die USA, die l\u00e4nger als 90 Tage dauert, ist ein Antrag auf ein B1- oder B2-Visum erforderlich. Weitere Informationen finden Sie in diesem Artikel.","og_url":"https:\/\/www.esta-officiel-usa.com\/de\/b1-und-b2-visum-fuer-die-einreise-in-die-usa\/","og_site_name":"ESTA - Vereinigte Staaten","article_modified_time":"2025-09-13T11:57:40+00:00","twitter_card":"summary_large_image","twitter_misc":{"Gesch\u00e4tzte Lesezeit":"4\u00a0Minuten"},"schema":{"@context":"https:\/\/schema.org","@graph":[{"@type":"WebPage","@id":"https:\/\/www.esta-officiel-usa.com\/de\/b1-und-b2-visum-fuer-die-einreise-in-die-usa\/","url":"https:\/\/www.esta-officiel-usa.com\/de\/b1-und-b2-visum-fuer-die-einreise-in-die-usa\/","name":"b1- und b2-Visum f\u00fcr die Einreise in die USA","isPartOf":{"@id":"https:\/\/www.esta-officiel-usa.com\/de\/#website"},"datePublished":"2025-09-13T11:57:39+00:00","dateModified":"2025-09-13T11:57:40+00:00","description":"F\u00fcr eine touristische oder gesch\u00e4ftliche Reise in die USA, die l\u00e4nger als 90 Tage dauert, ist ein Antrag auf ein B1- oder B2-Visum erforderlich. Weitere Informationen finden Sie in diesem Artikel.","breadcrumb":{"@id":"https:\/\/www.esta-officiel-usa.com\/de\/b1-und-b2-visum-fuer-die-einreise-in-die-usa\/#breadcrumb"},"inLanguage":"de","potentialAction":[{"@type":"ReadAction","target":["https:\/\/www.esta-officiel-usa.com\/de\/b1-und-b2-visum-fuer-die-einreise-in-die-usa\/"]}]},{"@type":"BreadcrumbList","@id":"https:\/\/www.esta-officiel-usa.com\/de\/b1-und-b2-visum-fuer-die-einreise-in-die-usa\/#breadcrumb","itemListElement":[{"@type":"ListItem","position":1,"name":"Home","item":"https:\/\/www.esta-officiel-usa.com\/de\/"},{"@type":"ListItem","position":2,"name":"b1- und b2-Visum f\u00fcr die Einreise in die USA"}]},{"@type":"WebSite","@id":"https:\/\/www.esta-officiel-usa.com\/de\/#website","url":"https:\/\/www.esta-officiel-usa.com\/de\/","name":"ESTA - Vereinigte Staaten","description":"ESTA-Antragsformular","potentialAction":[{"@type":"SearchAction","target":{"@type":"EntryPoint","urlTemplate":"https:\/\/www.esta-officiel-usa.com\/de\/?s={search_term_string}"},"query-input":{"@type":"PropertyValueSpecification","valueRequired":true,"valueName":"search_term_string"}}],"inLanguage":"de"}]}},"_links":{"self":[{"href":"https:\/\/www.esta-officiel-usa.com\/de\/wp-json\/wp\/v2\/pages\/930","targetHints":{"allow":["GET"]}}],"collection":[{"href":"https:\/\/www.esta-officiel-usa.com\/de\/wp-json\/wp\/v2\/pages"}],"about":[{"href":"https:\/\/www.esta-officiel-usa.com\/de\/wp-json\/wp\/v2\/types\/page"}],"author":[{"embeddable":true,"href":"https:\/\/www.esta-officiel-usa.com\/de\/wp-json\/wp\/v2\/users\/1"}],"replies":[{"embeddable":true,"href":"https:\/\/www.esta-officiel-usa.com\/de\/wp-json\/wp\/v2\/comments?post=930"}],"version-history":[{"count":1,"href":"https:\/\/www.esta-officiel-usa.com\/de\/wp-json\/wp\/v2\/pages\/930\/revisions"}],"predecessor-version":[{"id":931,"href":"https:\/\/www.esta-officiel-usa.com\/de\/wp-json\/wp\/v2\/pages\/930\/revisions\/931"}],"wp:attachment":[{"href":"https:\/\/www.esta-officiel-usa.com\/de\/wp-json\/wp\/v2\/media?parent=930"}],"curies":[{"name":"wp","href":"https:\/\/api.w.org\/{rel}","templated":true}]}}