{"id":948,"date":"2025-09-13T11:58:03","date_gmt":"2025-09-13T11:58:03","guid":{"rendered":"https:\/\/www.esta-officiel-usa.com\/das-esta-formular-online-ausfuellen\/"},"modified":"2025-09-13T11:58:04","modified_gmt":"2025-09-13T11:58:04","slug":"das-esta-formular-online-ausfuellen","status":"publish","type":"page","link":"https:\/\/www.esta-officiel-usa.com\/de\/das-esta-formular-online-ausfuellen\/","title":{"rendered":"Das ESTA-Formular online ausf\u00fcllen"},"content":{"rendered":"\n<h1 class=\"wp-block-heading\">Ausf\u00fcllen des ESTA-Formulars<\/h1>\n\n<p>Eine Urlaubsreise ist ein Projekt, das vorbereitet werden muss, umso mehr, wenn Sie sich f\u00fcr die Vereinigten Staaten von Amerika als Reiseziel entscheiden! Um Ihr Gep\u00e4ck in die USA zu bringen, m\u00fcssen Sie zun\u00e4chst Ihr <a href=\"https:\/\/usa-esta.net\/de\/formular-esta\/\">ESTA-Formular<\/a> ausf\u00fcllen. <\/p>\n\n<h2 class=\"wp-block-heading\">Was ist das ESTA-Formular?<\/h2>\n\n<p>Das <a href=\"https:\/\/www.esta-officiel-usa.com\/fr\/lautorisation-esta-france\/\">ESTA-Formular f\u00fcr Frankreich<\/a> ist ein Verfahren, das Ihnen die Ausreise in die USA erleichtert. Es ist Teil des <a href=\"https:\/\/www.esta-officiel-usa.com\/fr\/a-propos-du-visa-waiver-program\/\">Visa Waiver Progra<\/a>m (VWP), das von den US-Beh\u00f6rden eingef\u00fchrt wurde. Es erm\u00f6glicht den B\u00fcrgern der <a href=\"https:\/\/www.esta-officiel-usa.com\/fr\/les-pays-partenaires-du-visa-waiver-program\/\">39 teilnehmenden L\u00e4nder<\/a>, auf einen <a href=\"https:\/\/www.esta-officiel-usa.com\/fr\/difference-entre-esta-et-demande-de-visa-usa\/\">Visumantrag<\/a> zu verzichten.  <\/p>\n\n<p>Sie m\u00fcssen ein Online-Formular ausf\u00fcllen, das von den Verwaltungsbeamten des US Department of Homeland Security \u00fcberpr\u00fcft und genehmigt wird. Ein einmal ausgestelltes ESTA ist <a href=\"https:\/\/www.esta-officiel-usa.com\/fr\/la-duree-de-validite-de-lesta\/\">zwei Jahre lang g\u00fcltig<\/a> und berechtigt zu einem Aufenthalt von bis zu 90 Tagen.   <\/p>\n\n<h2 class=\"wp-block-heading\">Wie f\u00fclle ich das ESTA-Formular aus?<\/h2>\n\n<p>Um das ESTA-Formular auszuf\u00fcllen, m\u00fcssen Sie unbedingt eine Internetverbindung haben, da es nur online zug\u00e4nglich ist. Das ESTA-Formular ist wie folgt aufgebaut: <\/p>\n\n<ul class=\"wp-block-list\"><li>In einem ersten Teil m\u00fcssen Sie Angaben zu Ihrer Identit\u00e4t machen;<\/li><li>In einem zweiten Teil m\u00fcssen Sie Informationen \u00fcber Ihren Reisepass und Ihren Aufenthalt angeben (keine Sorge, wenn Ihr Programm noch unklar ist, <a href=\"https:\/\/www.esta-officiel-usa.com\/fr\/demander-un-esta-sans-projet-precis\/\">ESTA kann auch ohne konkrete Pl\u00e4ne beantragt<\/a> werden);<\/li><li>Schlie\u00dflich gibt es einen dritten Teil, in dem Sie eine <a href=\"https:\/\/www.esta-officiel-usa.com\/fr\/toutes-les-questions-posees-formulaire-esta-etats-unis\/\">Reihe von Fragen<\/a> mit Ja oder Nein beantworten m\u00fcssen.<\/li><\/ul>\n\n<p>Sie m\u00fcssen auch sicherstellen, dass Sie einen <a href=\"https:\/\/www.esta-officiel-usa.com\/fr\/quel-type-de-passeport-pour-les-usa\/\">biometrischen oder elektronischen Reisepass<\/a> besitzen. Ohne einen solchen Pass ist es nicht m\u00f6glich, Ihr Visum zu erhalten. <\/p>\n\n<p>Sie k\u00f6nnen den <a href=\"https:\/\/www.esta-officiel-usa.com\/fr\/la-declaration-esta\/\">ESTA-Antrag<\/a> entweder auf der offiziellen US-Website oder auf unserer Plattform esta-officiel-usa.com online stellen. Wir bieten Ihnen einzigartige Leistungen wie die \u00dcberpr\u00fcfung und Korrektur (falls erforderlich) der von Ihnen eingegebenen Informationen (was sehr n\u00fctzlich sein kann, da Ihr ESTA-Antrag im Falle eines Fehlers abgelehnt wird), ein vereinfachtes und vollst\u00e4ndig ins Deutsche \u00fcbersetztes Formular sowie einen Helpdesk, der Ihnen bei Fragen zur Seite steht. Die Beantragung ist nicht <a href=\"https:\/\/www.esta-officiel-usa.com\/fr\/lautorisation-esta-gratuit\/\">kostenlos<\/a>. Sie m\u00fcssen mit einer <a href=\"https:\/\/www.esta-officiel-usa.com\/fr\/le-prix-dun-esta\/\">Geb\u00fchr von 14 $<\/a> rechnen, um Ihr ESTA-Formular zu validieren. Dieser Betrag entspricht der von den USA erhobenen Geb\u00fchr: 10 $ gehen an Organisationen, die f\u00fcr die internationale Werbung f\u00fcr die USA zust\u00e4ndig sind, und die restlichen 4 $ werden zur Finanzierung der Beh\u00f6rden verwendet, die f\u00fcr die Bearbeitung der ESTA-Formulare zust\u00e4ndig sind.   <\/p>\n\n<p>NB: ESTA berechtigt Sie nicht,<a href=\"https:\/\/www.esta-officiel-usa.com\/fr\/comment-etudier-dans-une-universite-americaine\/\">an einer amerikanischen Universit\u00e4t zu arbeiten oder zustudieren<\/a>.<\/p>\n","protected":false},"excerpt":{"rendered":"<p>Ausf\u00fcllen des ESTA-Formulars Eine Urlaubsreise ist ein Projekt, das vorbereitet werden muss, umso mehr, wenn Sie sich f\u00fcr die Vereinigten Staaten von Amerika als Reiseziel entscheiden! Um Ihr Gep\u00e4ck in die USA zu bringen, m\u00fcssen Sie zun\u00e4chst Ihr ESTA-Formular ausf\u00fcllen. Was ist das ESTA-Formular? Das ESTA-Formular f\u00fcr Frankreich ist ein Verfahren, das Ihnen die Ausreise [&hellip;]<\/p>\n","protected":false},"author":1,"featured_media":0,"parent":0,"menu_order":0,"comment_status":"closed","ping_status":"closed","template":"","meta":{"footnotes":""},"class_list":["post-948","page","type-page","status-publish","hentry"],"yoast_head":"<!-- This site is optimized with the Yoast SEO plugin v26.2 - https:\/\/yoast.com\/wordpress\/plugins\/seo\/ -->\n<title>Das ESTA-Formular online ausf\u00fcllen<\/title>\n<meta name=\"description\" content=\"Der ESTA-Antrag ist eine zwingende Formalit\u00e4t f\u00fcr die Einreise in die USA. Er ist mit wenigen Klicks online verf\u00fcgbar, auf unserer Seite erfahren Sie, wie Sie ihn ausf\u00fcllen.\" \/>\n<meta name=\"robots\" content=\"index, follow, max-snippet:-1, max-image-preview:large, max-video-preview:-1\" \/>\n<link rel=\"canonical\" href=\"https:\/\/www.esta-officiel-usa.com\/de\/das-esta-formular-online-ausfuellen\/\" \/>\n<meta property=\"og:locale\" content=\"de_DE\" \/>\n<meta property=\"og:type\" content=\"article\" \/>\n<meta property=\"og:title\" content=\"Das ESTA-Formular online ausf\u00fcllen\" \/>\n<meta property=\"og:description\" content=\"Der ESTA-Antrag ist eine zwingende Formalit\u00e4t f\u00fcr die Einreise in die USA. Er ist mit wenigen Klicks online verf\u00fcgbar, auf unserer Seite erfahren Sie, wie Sie ihn ausf\u00fcllen.\" \/>\n<meta property=\"og:url\" content=\"https:\/\/www.esta-officiel-usa.com\/de\/das-esta-formular-online-ausfuellen\/\" \/>\n<meta property=\"og:site_name\" content=\"ESTA - Vereinigte Staaten\" \/>\n<meta property=\"article:modified_time\" content=\"2025-09-13T11:58:04+00:00\" \/>\n<meta name=\"twitter:card\" content=\"summary_large_image\" \/>\n<meta name=\"twitter:label1\" content=\"Gesch\u00e4tzte Lesezeit\" \/>\n\t<meta name=\"twitter:data1\" content=\"2\u00a0Minuten\" \/>\n<script type=\"application\/ld+json\" class=\"yoast-schema-graph\">{\"@context\":\"https:\/\/schema.org\",\"@graph\":[{\"@type\":\"WebPage\",\"@id\":\"https:\/\/www.esta-officiel-usa.com\/de\/das-esta-formular-online-ausfuellen\/\",\"url\":\"https:\/\/www.esta-officiel-usa.com\/de\/das-esta-formular-online-ausfuellen\/\",\"name\":\"Das ESTA-Formular online ausf\u00fcllen\",\"isPartOf\":{\"@id\":\"https:\/\/www.esta-officiel-usa.com\/de\/#website\"},\"datePublished\":\"2025-09-13T11:58:03+00:00\",\"dateModified\":\"2025-09-13T11:58:04+00:00\",\"description\":\"Der ESTA-Antrag ist eine zwingende Formalit\u00e4t f\u00fcr die Einreise in die USA. Er ist mit wenigen Klicks online verf\u00fcgbar, auf unserer Seite erfahren Sie, wie Sie ihn ausf\u00fcllen.\",\"breadcrumb\":{\"@id\":\"https:\/\/www.esta-officiel-usa.com\/de\/das-esta-formular-online-ausfuellen\/#breadcrumb\"},\"inLanguage\":\"de\",\"potentialAction\":[{\"@type\":\"ReadAction\",\"target\":[\"https:\/\/www.esta-officiel-usa.com\/de\/das-esta-formular-online-ausfuellen\/\"]}]},{\"@type\":\"BreadcrumbList\",\"@id\":\"https:\/\/www.esta-officiel-usa.com\/de\/das-esta-formular-online-ausfuellen\/#breadcrumb\",\"itemListElement\":[{\"@type\":\"ListItem\",\"position\":1,\"name\":\"Home\",\"item\":\"https:\/\/www.esta-officiel-usa.com\/de\/\"},{\"@type\":\"ListItem\",\"position\":2,\"name\":\"Das ESTA-Formular online ausf\u00fcllen\"}]},{\"@type\":\"WebSite\",\"@id\":\"https:\/\/www.esta-officiel-usa.com\/de\/#website\",\"url\":\"https:\/\/www.esta-officiel-usa.com\/de\/\",\"name\":\"ESTA - Vereinigte Staaten\",\"description\":\"ESTA-Antragsformular\",\"potentialAction\":[{\"@type\":\"SearchAction\",\"target\":{\"@type\":\"EntryPoint\",\"urlTemplate\":\"https:\/\/www.esta-officiel-usa.com\/de\/?s={search_term_string}\"},\"query-input\":{\"@type\":\"PropertyValueSpecification\",\"valueRequired\":true,\"valueName\":\"search_term_string\"}}],\"inLanguage\":\"de\"}]}<\/script>\n<!-- \/ Yoast SEO plugin. -->","yoast_head_json":{"title":"Das ESTA-Formular online ausf\u00fcllen","description":"Der ESTA-Antrag ist eine zwingende Formalit\u00e4t f\u00fcr die Einreise in die USA. Er ist mit wenigen Klicks online verf\u00fcgbar, auf unserer Seite erfahren Sie, wie Sie ihn ausf\u00fcllen.","robots":{"index":"index","follow":"follow","max-snippet":"max-snippet:-1","max-image-preview":"max-image-preview:large","max-video-preview":"max-video-preview:-1"},"canonical":"https:\/\/www.esta-officiel-usa.com\/de\/das-esta-formular-online-ausfuellen\/","og_locale":"de_DE","og_type":"article","og_title":"Das ESTA-Formular online ausf\u00fcllen","og_description":"Der ESTA-Antrag ist eine zwingende Formalit\u00e4t f\u00fcr die Einreise in die USA. Er ist mit wenigen Klicks online verf\u00fcgbar, auf unserer Seite erfahren Sie, wie Sie ihn ausf\u00fcllen.","og_url":"https:\/\/www.esta-officiel-usa.com\/de\/das-esta-formular-online-ausfuellen\/","og_site_name":"ESTA - Vereinigte Staaten","article_modified_time":"2025-09-13T11:58:04+00:00","twitter_card":"summary_large_image","twitter_misc":{"Gesch\u00e4tzte Lesezeit":"2\u00a0Minuten"},"schema":{"@context":"https:\/\/schema.org","@graph":[{"@type":"WebPage","@id":"https:\/\/www.esta-officiel-usa.com\/de\/das-esta-formular-online-ausfuellen\/","url":"https:\/\/www.esta-officiel-usa.com\/de\/das-esta-formular-online-ausfuellen\/","name":"Das ESTA-Formular online ausf\u00fcllen","isPartOf":{"@id":"https:\/\/www.esta-officiel-usa.com\/de\/#website"},"datePublished":"2025-09-13T11:58:03+00:00","dateModified":"2025-09-13T11:58:04+00:00","description":"Der ESTA-Antrag ist eine zwingende Formalit\u00e4t f\u00fcr die Einreise in die USA. Er ist mit wenigen Klicks online verf\u00fcgbar, auf unserer Seite erfahren Sie, wie Sie ihn ausf\u00fcllen.","breadcrumb":{"@id":"https:\/\/www.esta-officiel-usa.com\/de\/das-esta-formular-online-ausfuellen\/#breadcrumb"},"inLanguage":"de","potentialAction":[{"@type":"ReadAction","target":["https:\/\/www.esta-officiel-usa.com\/de\/das-esta-formular-online-ausfuellen\/"]}]},{"@type":"BreadcrumbList","@id":"https:\/\/www.esta-officiel-usa.com\/de\/das-esta-formular-online-ausfuellen\/#breadcrumb","itemListElement":[{"@type":"ListItem","position":1,"name":"Home","item":"https:\/\/www.esta-officiel-usa.com\/de\/"},{"@type":"ListItem","position":2,"name":"Das ESTA-Formular online ausf\u00fcllen"}]},{"@type":"WebSite","@id":"https:\/\/www.esta-officiel-usa.com\/de\/#website","url":"https:\/\/www.esta-officiel-usa.com\/de\/","name":"ESTA - Vereinigte Staaten","description":"ESTA-Antragsformular","potentialAction":[{"@type":"SearchAction","target":{"@type":"EntryPoint","urlTemplate":"https:\/\/www.esta-officiel-usa.com\/de\/?s={search_term_string}"},"query-input":{"@type":"PropertyValueSpecification","valueRequired":true,"valueName":"search_term_string"}}],"inLanguage":"de"}]}},"_links":{"self":[{"href":"https:\/\/www.esta-officiel-usa.com\/de\/wp-json\/wp\/v2\/pages\/948","targetHints":{"allow":["GET"]}}],"collection":[{"href":"https:\/\/www.esta-officiel-usa.com\/de\/wp-json\/wp\/v2\/pages"}],"about":[{"href":"https:\/\/www.esta-officiel-usa.com\/de\/wp-json\/wp\/v2\/types\/page"}],"author":[{"embeddable":true,"href":"https:\/\/www.esta-officiel-usa.com\/de\/wp-json\/wp\/v2\/users\/1"}],"replies":[{"embeddable":true,"href":"https:\/\/www.esta-officiel-usa.com\/de\/wp-json\/wp\/v2\/comments?post=948"}],"version-history":[{"count":1,"href":"https:\/\/www.esta-officiel-usa.com\/de\/wp-json\/wp\/v2\/pages\/948\/revisions"}],"predecessor-version":[{"id":949,"href":"https:\/\/www.esta-officiel-usa.com\/de\/wp-json\/wp\/v2\/pages\/948\/revisions\/949"}],"wp:attachment":[{"href":"https:\/\/www.esta-officiel-usa.com\/de\/wp-json\/wp\/v2\/media?parent=948"}],"curies":[{"name":"wp","href":"https:\/\/api.w.org\/{rel}","templated":true}]}}