{"id":969,"date":"2025-09-13T11:58:17","date_gmt":"2025-09-13T11:58:17","guid":{"rendered":"https:\/\/www.esta-officiel-usa.com\/der-unterschied-zwischen-einem-esta-und-einem-visumantrag\/"},"modified":"2025-09-13T12:05:31","modified_gmt":"2025-09-13T12:05:31","slug":"der-unterschied-zwischen-einem-esta-und-einem-visumantrag","status":"publish","type":"page","link":"https:\/\/www.esta-officiel-usa.com\/de\/der-unterschied-zwischen-einem-esta-und-einem-visumantrag\/","title":{"rendered":"Der Unterschied zwischen einem ESTA und einem Visumantrag"},"content":{"rendered":"\n<h1 class=\"wp-block-heading\">WAS IST DER UNTERSCHIED ZWISCHEN EINEM ANTRAG AUF EIN US-VISUM UND EINEM ESTA-ANTRAG?<\/h1>\n\n<p>Wenn Sie f\u00fcr weniger als 90 Tage in die USA reisen m\u00f6chten, m\u00fcssen Sie kein USA-Visum beantragen, sondern lediglich eine offizielle <a href=\"https:\/\/www.esta-officiel-usa.com\/de\/\">ESTA-Genehmigung<\/a> (Reisegenehmigung).<\/p>\n\n<p>Mit Hilfe des Inhalts dieser Seite werden Sie den Unterschied zwischen diesen beiden Elementen besser verstehen.<\/p>\n\n<h2 class=\"wp-block-heading\">USA-VISUMANTRAG: N\u00dcTZLICHE INFORMATIONEN<\/h2>\n\n<p>Ein <a href=\"https:\/\/www.esta-officiel-usa.com\/de\/bedingungen-fuer-den-erhalt-von-esta\/\">Visum f\u00fcr die USA<\/a> ist ein von den US-Beh\u00f6rden ausgestelltes Dokument, das ein ausl\u00e4ndischer Reisender bei der Einreise in die USA vorlegen muss. Der <a href=\"https:\/\/www.esta-officiel-usa.com\/de\/die-wichtigsten-visa-fuer-die-usa\/\">Antrag auf ein Visum<\/a> ist bei der Botschaft oder dem Generalkonsulat der Vereinigten Staaten zu stellen. <\/p>\n\n<p>Es ist nicht einfach,<a href=\"https:\/\/www.esta-officiel-usa.com\/fr\/comment-obtenir-un-visa-usa\/\">ein Visum f\u00fcr die USA zu erhalten<\/a>, da viele Dokumente und Nachweise (\u00fcber Ihre finanziellen Mittel, dass Sie nicht l\u00e4nger in den USA bleiben m\u00f6chten usw.) vorgelegt werden m\u00fcssen. Ein Interview ist ebenfalls eine Voraussetzung f\u00fcr die Erteilung des Visums. <\/p>\n\n<p>Die Bezeichnung des Visums h\u00e4ngt von der Art des Aufenthalts ab. Es gibt ein US-Visum f\u00fcr alle Zwecke (Visum B und C f\u00fcr Besucher, Visum F, J, M f\u00fcr Studenten, <a href=\"https:\/\/www.esta-officiel-usa.com\/de\/l1-visum-fuer-den-transfer-von-fuehrungskraeften-in-die-usa\/\">Visum L1<\/a>, H1b, <a href=\"https:\/\/www.esta-officiel-usa.com\/de\/investieren-in-den-usa-mit-dem-e1-e2-visum\/\">Visum E1\/E2<\/a> f\u00fcr Arbeitnehmer&#8230;). Die Dauer, die Bedingungen und der Erhalt des Visums h\u00e4ngen vom jeweiligen Visum ab. Der Preis f\u00fcr die Beantragung eines USA-Visums ist h\u00f6her als der f\u00fcr die <a href=\"https:\/\/www.esta-officiel-usa.com\/de\/esta-wie-sie-dieses-dokument-erhalten\/\">ESTA-Reisegenehmigung<\/a>.   <\/p>\n\n<h2 class=\"wp-block-heading\">ESTA: EIN VEREINFACHTER ANTRAG AUF GENEHMIGUNG<\/h2>\n\n<p>M\u00f6chten Sie f\u00fcr weniger als 90 Tage in die USA reisen? Dann m\u00fcssen Sie kein USA-Visum beantragen, sondern einen ESTA-Antrag! <\/p>\n\n<p>Die US-Regierung m\u00f6chte vor Ihrer Abreise lediglich sicherstellen, dass Sie nicht mit einem Einreiseverbot belegt sind, und wird Ihre Vorgeschichte (Verhalten und Gesundheit) \u00fcberpr\u00fcfen, bevor sie Ihnen eine Antwort gibt.<\/p>\n\n<p><a href=\"https:\/\/www.esta-officiel-usa.com\/de\/unterschied-zwischen-esta-und-einem-us-visum\/\">Im Gegensatz zum Visum ist das ESTA<\/a> kein Dokument im eigentlichen Sinne und wird nicht bei der US-Botschaft beantragt. Ein einfacher Antrag muss \u00fcber ein <a href=\"https:\/\/www.esta-officiel-usa.com\/de\/esta-formular-fuer-wen-ist-es-gedacht\/\">ESTA-Online-Formular<\/a> ausgef\u00fcllt werden. <\/p>\n\n<p>Wenn Sie also als Tourist oder Gesch\u00e4ftsreisender bis zu 90 Tagen in die USA reisen m\u00f6chten, k\u00f6nnen Sie dies ohne ein <a href=\"https:\/\/www.esta-officiel-usa.com\/de\/wie-lange-ist-ein-us-visum-gueltig\/\">USA-Visum<\/a> tun, da eine einfache ESTA-Genehmigung (mit einer G\u00fcltigkeitsdauer von 2 Jahren) ausreicht. Mit diesem <a href=\"https:\/\/www.esta-officiel-usa.com\/de\/das-esta-verfahren-fuer-die-vereinigten-staaten-von-amerika\/\">Verfahren<\/a> werden die administrativen Schritte f\u00fcr Reisende in die USA stark vereinfacht. <\/p>\n\n<p>Wenn Sie in die USA einreisen m\u00f6chten, um dort zu arbeiten, m\u00fcssen Sie eine <a href=\"https:\/\/www.esta-officiel-usa.com\/de\/antrag-auf-eine-greencard-fuer-die-arbeit\/\">Green Card<\/a> f\u00fcr Arbeit beantragen.<\/p>\n","protected":false},"excerpt":{"rendered":"<p>WAS IST DER UNTERSCHIED ZWISCHEN EINEM ANTRAG AUF EIN US-VISUM UND EINEM ESTA-ANTRAG? Wenn Sie f\u00fcr weniger als 90 Tage in die USA reisen m\u00f6chten, m\u00fcssen Sie kein USA-Visum beantragen, sondern lediglich eine offizielle ESTA-Genehmigung (Reisegenehmigung). Mit Hilfe des Inhalts dieser Seite werden Sie den Unterschied zwischen diesen beiden Elementen besser verstehen. USA-VISUMANTRAG: N\u00dcTZLICHE INFORMATIONEN [&hellip;]<\/p>\n","protected":false},"author":1,"featured_media":0,"parent":0,"menu_order":0,"comment_status":"closed","ping_status":"closed","template":"","meta":{"footnotes":""},"class_list":["post-969","page","type-page","status-publish","hentry"],"yoast_head":"<!-- This site is optimized with the Yoast SEO plugin v26.2 - https:\/\/yoast.com\/wordpress\/plugins\/seo\/ -->\n<title>Der Unterschied zwischen einem ESTA und einem Visumantrag<\/title>\n<meta name=\"description\" content=\"F\u00fcr eine 90-t\u00e4gige Reise in die USA m\u00fcssen Sie kein Visum beantragen, sondern nur eine ESTA-Genehmigung.\" \/>\n<meta name=\"robots\" content=\"index, follow, max-snippet:-1, max-image-preview:large, max-video-preview:-1\" \/>\n<link rel=\"canonical\" href=\"https:\/\/www.esta-officiel-usa.com\/de\/der-unterschied-zwischen-einem-esta-und-einem-visumantrag\/\" \/>\n<meta property=\"og:locale\" content=\"de_DE\" \/>\n<meta property=\"og:type\" content=\"article\" \/>\n<meta property=\"og:title\" content=\"Der Unterschied zwischen einem ESTA und einem Visumantrag\" \/>\n<meta property=\"og:description\" content=\"F\u00fcr eine 90-t\u00e4gige Reise in die USA m\u00fcssen Sie kein Visum beantragen, sondern nur eine ESTA-Genehmigung.\" \/>\n<meta property=\"og:url\" content=\"https:\/\/www.esta-officiel-usa.com\/de\/der-unterschied-zwischen-einem-esta-und-einem-visumantrag\/\" \/>\n<meta property=\"og:site_name\" content=\"ESTA - Vereinigte Staaten\" \/>\n<meta property=\"article:modified_time\" content=\"2025-09-13T12:05:31+00:00\" \/>\n<meta name=\"twitter:card\" content=\"summary_large_image\" \/>\n<meta name=\"twitter:label1\" content=\"Gesch\u00e4tzte Lesezeit\" \/>\n\t<meta name=\"twitter:data1\" content=\"2\u00a0Minuten\" \/>\n<script type=\"application\/ld+json\" class=\"yoast-schema-graph\">{\"@context\":\"https:\/\/schema.org\",\"@graph\":[{\"@type\":\"WebPage\",\"@id\":\"https:\/\/www.esta-officiel-usa.com\/de\/der-unterschied-zwischen-einem-esta-und-einem-visumantrag\/\",\"url\":\"https:\/\/www.esta-officiel-usa.com\/de\/der-unterschied-zwischen-einem-esta-und-einem-visumantrag\/\",\"name\":\"Der Unterschied zwischen einem ESTA und einem Visumantrag\",\"isPartOf\":{\"@id\":\"https:\/\/www.esta-officiel-usa.com\/de\/#website\"},\"datePublished\":\"2025-09-13T11:58:17+00:00\",\"dateModified\":\"2025-09-13T12:05:31+00:00\",\"description\":\"F\u00fcr eine 90-t\u00e4gige Reise in die USA m\u00fcssen Sie kein Visum beantragen, sondern nur eine ESTA-Genehmigung.\",\"breadcrumb\":{\"@id\":\"https:\/\/www.esta-officiel-usa.com\/de\/der-unterschied-zwischen-einem-esta-und-einem-visumantrag\/#breadcrumb\"},\"inLanguage\":\"de\",\"potentialAction\":[{\"@type\":\"ReadAction\",\"target\":[\"https:\/\/www.esta-officiel-usa.com\/de\/der-unterschied-zwischen-einem-esta-und-einem-visumantrag\/\"]}]},{\"@type\":\"BreadcrumbList\",\"@id\":\"https:\/\/www.esta-officiel-usa.com\/de\/der-unterschied-zwischen-einem-esta-und-einem-visumantrag\/#breadcrumb\",\"itemListElement\":[{\"@type\":\"ListItem\",\"position\":1,\"name\":\"Home\",\"item\":\"https:\/\/www.esta-officiel-usa.com\/de\/\"},{\"@type\":\"ListItem\",\"position\":2,\"name\":\"Der Unterschied zwischen einem ESTA und einem Visumantrag\"}]},{\"@type\":\"WebSite\",\"@id\":\"https:\/\/www.esta-officiel-usa.com\/de\/#website\",\"url\":\"https:\/\/www.esta-officiel-usa.com\/de\/\",\"name\":\"ESTA - Vereinigte Staaten\",\"description\":\"ESTA-Antragsformular\",\"potentialAction\":[{\"@type\":\"SearchAction\",\"target\":{\"@type\":\"EntryPoint\",\"urlTemplate\":\"https:\/\/www.esta-officiel-usa.com\/de\/?s={search_term_string}\"},\"query-input\":{\"@type\":\"PropertyValueSpecification\",\"valueRequired\":true,\"valueName\":\"search_term_string\"}}],\"inLanguage\":\"de\"}]}<\/script>\n<!-- \/ Yoast SEO plugin. -->","yoast_head_json":{"title":"Der Unterschied zwischen einem ESTA und einem Visumantrag","description":"F\u00fcr eine 90-t\u00e4gige Reise in die USA m\u00fcssen Sie kein Visum beantragen, sondern nur eine ESTA-Genehmigung.","robots":{"index":"index","follow":"follow","max-snippet":"max-snippet:-1","max-image-preview":"max-image-preview:large","max-video-preview":"max-video-preview:-1"},"canonical":"https:\/\/www.esta-officiel-usa.com\/de\/der-unterschied-zwischen-einem-esta-und-einem-visumantrag\/","og_locale":"de_DE","og_type":"article","og_title":"Der Unterschied zwischen einem ESTA und einem Visumantrag","og_description":"F\u00fcr eine 90-t\u00e4gige Reise in die USA m\u00fcssen Sie kein Visum beantragen, sondern nur eine ESTA-Genehmigung.","og_url":"https:\/\/www.esta-officiel-usa.com\/de\/der-unterschied-zwischen-einem-esta-und-einem-visumantrag\/","og_site_name":"ESTA - Vereinigte Staaten","article_modified_time":"2025-09-13T12:05:31+00:00","twitter_card":"summary_large_image","twitter_misc":{"Gesch\u00e4tzte Lesezeit":"2\u00a0Minuten"},"schema":{"@context":"https:\/\/schema.org","@graph":[{"@type":"WebPage","@id":"https:\/\/www.esta-officiel-usa.com\/de\/der-unterschied-zwischen-einem-esta-und-einem-visumantrag\/","url":"https:\/\/www.esta-officiel-usa.com\/de\/der-unterschied-zwischen-einem-esta-und-einem-visumantrag\/","name":"Der Unterschied zwischen einem ESTA und einem Visumantrag","isPartOf":{"@id":"https:\/\/www.esta-officiel-usa.com\/de\/#website"},"datePublished":"2025-09-13T11:58:17+00:00","dateModified":"2025-09-13T12:05:31+00:00","description":"F\u00fcr eine 90-t\u00e4gige Reise in die USA m\u00fcssen Sie kein Visum beantragen, sondern nur eine ESTA-Genehmigung.","breadcrumb":{"@id":"https:\/\/www.esta-officiel-usa.com\/de\/der-unterschied-zwischen-einem-esta-und-einem-visumantrag\/#breadcrumb"},"inLanguage":"de","potentialAction":[{"@type":"ReadAction","target":["https:\/\/www.esta-officiel-usa.com\/de\/der-unterschied-zwischen-einem-esta-und-einem-visumantrag\/"]}]},{"@type":"BreadcrumbList","@id":"https:\/\/www.esta-officiel-usa.com\/de\/der-unterschied-zwischen-einem-esta-und-einem-visumantrag\/#breadcrumb","itemListElement":[{"@type":"ListItem","position":1,"name":"Home","item":"https:\/\/www.esta-officiel-usa.com\/de\/"},{"@type":"ListItem","position":2,"name":"Der Unterschied zwischen einem ESTA und einem Visumantrag"}]},{"@type":"WebSite","@id":"https:\/\/www.esta-officiel-usa.com\/de\/#website","url":"https:\/\/www.esta-officiel-usa.com\/de\/","name":"ESTA - Vereinigte Staaten","description":"ESTA-Antragsformular","potentialAction":[{"@type":"SearchAction","target":{"@type":"EntryPoint","urlTemplate":"https:\/\/www.esta-officiel-usa.com\/de\/?s={search_term_string}"},"query-input":{"@type":"PropertyValueSpecification","valueRequired":true,"valueName":"search_term_string"}}],"inLanguage":"de"}]}},"_links":{"self":[{"href":"https:\/\/www.esta-officiel-usa.com\/de\/wp-json\/wp\/v2\/pages\/969","targetHints":{"allow":["GET"]}}],"collection":[{"href":"https:\/\/www.esta-officiel-usa.com\/de\/wp-json\/wp\/v2\/pages"}],"about":[{"href":"https:\/\/www.esta-officiel-usa.com\/de\/wp-json\/wp\/v2\/types\/page"}],"author":[{"embeddable":true,"href":"https:\/\/www.esta-officiel-usa.com\/de\/wp-json\/wp\/v2\/users\/1"}],"replies":[{"embeddable":true,"href":"https:\/\/www.esta-officiel-usa.com\/de\/wp-json\/wp\/v2\/comments?post=969"}],"version-history":[{"count":10,"href":"https:\/\/www.esta-officiel-usa.com\/de\/wp-json\/wp\/v2\/pages\/969\/revisions"}],"predecessor-version":[{"id":1759,"href":"https:\/\/www.esta-officiel-usa.com\/de\/wp-json\/wp\/v2\/pages\/969\/revisions\/1759"}],"wp:attachment":[{"href":"https:\/\/www.esta-officiel-usa.com\/de\/wp-json\/wp\/v2\/media?parent=969"}],"curies":[{"name":"wp","href":"https:\/\/api.w.org\/{rel}","templated":true}]}}