{"id":982,"date":"2025-09-13T11:58:32","date_gmt":"2025-09-13T11:58:32","guid":{"rendered":"https:\/\/www.esta-officiel-usa.com\/esta-hilfethemen\/"},"modified":"2025-09-13T11:58:40","modified_gmt":"2025-09-13T11:58:40","slug":"esta-hilfethemen","status":"publish","type":"page","link":"https:\/\/www.esta-officiel-usa.com\/de\/esta-hilfethemen\/","title":{"rendered":"ESTA: Hilfethemen"},"content":{"rendered":"\n<h1 class=\"wp-block-heading\">HILFETHEMEN ZUM EINFACHEN AUSF\u00dcLLEN DES ESTA-FORMULARS<\/h1>\n\n<p>Die Beantragung einer<a href=\"https:\/\/www.esta-officiel-usa.com\/de\/\">ESTA-Genehmigung<\/a> ist viel weniger zeitaufwendig und kompliziert als die Beantragung eines Visums. ESTA dient in erster Linie dazu, die US-Beh\u00f6rden \u00fcber Ihre Ankunft zu informieren, um die Sicherheit des Landes zu gew\u00e4hrleisten. <\/p>\n\n<p><strong>Hinweis <\/strong>: Bitte vergewissern Sie sich zun\u00e4chst, dass Sie einen biometrischen oder elektronischen Reisepass besitzen. Um dies festzustellen, schauen Sie einfach auf den Einband. Unter der \u00dcberschrift &#8222;Reisepass&#8220; muss ein Mikrochip-Symbol zu sehen sein. Wenn dies der Fall ist, k\u00f6nnen Sie beruhigt einen ESTA-Antrag f\u00fcr die Einreise in die USA stellen. Wenn dies nicht der Fall ist, m\u00fcssen Sie einen neuen, neueren Pass beantragen.    <\/p>\n\n<p>Diese Seite beschreibt die einzelnen Schritte, um Sie zu leiten und Ihnen die besten Chancen zu geben, Ihre ESTA-Genehmigung so schnell wie m\u00f6glich zu erhalten.<br\/> <\/p>\n\n<h2 class=\"wp-block-heading\">DAS VEREINFACHTE ESTA-FORMULAR<\/h2>\n\n<p>Zun\u00e4chst m\u00fcssen Sie angeben:<\/p>\n\n<p>1. Ihre pers\u00f6nlichen Informationen<\/p>\n\n<ul class=\"wp-block-list\"><li>Geschlecht (m\u00e4nnlich, weiblich) ;<\/li><li>Vorname(n), Nachname(n), wobei die Reihenfolge der Eingabe nicht umgekehrt werden darf;<\/li><li>Datum, Stadt und Land der Geburt der Person ;<\/li><li>Nationalit\u00e4t<\/li><\/ul>\n\n<p>2. Informationen aus Ihrem Reisepass<\/p>\n\n<ul class=\"wp-block-list\"><li>die Nummer des Reisepasses<\/li><li>das Ausstellungsdatum<\/li><li>das Datum des Ablaufs der G\u00fcltigkeit<\/li><li>das ausstellende Land<\/li><\/ul>\n\n<p><strong>Achtung <\/strong>: Achten Sie bei der Eingabe Ihrer Passdaten darauf, dass Sie das Ausstellungsdatum nicht mit dem Ablaufdatum Ihres Passes verwechseln.<\/p>\n\n<p>Was Ihre E-Mail-Adresse betrifft, so werden Sie zweimal zur Best\u00e4tigung aufgefordert. Wenn Ihre E-Mail-Adresse nicht korrekt ist, k\u00f6nnen wir Ihnen Ihr ESTA leider nicht zusenden, da es von den US-Beh\u00f6rden nur in elektronischer Form ausgestellt wird. <\/p>\n\n<p>Abschlie\u00dfend werden Sie aufgefordert, Ihre Bankverbindung anzugeben, um Ihren Antrag zu vervollst\u00e4ndigen und zu best\u00e4tigen. Sie erhalten Ihre ESTA-Genehmigung innerhalb von 72 Stunden auf elektronischem Wege. <br\/> <\/p>\n\n<p>Wenn Sie noch Fragen haben oder einfach weitere Informationen \u00fcber ESTA w\u00fcnschen, finden Sie auf unserer Website auch unsere <a href=\"https:\/\/www.esta-officiel-usa.com\/fr\/lexicon\/\">Lexikon-<\/a> und <a href=\"https:\/\/www.esta-officiel-usa.com\/fr\/faq\/\">FAQ-Seiten<\/a>.<\/p>\n\n<p>Sie k\u00f6nnen sich auch mit unserem Helpdesk in Verbindung setzen, wenn Sie Fragen zu Ihrer ESTA-Bestellung auf unserer Online-Plattform haben, und sich \u00fcber<a href=\"https:\/\/www.esta-officiel-usa.com\/fr\/news\/\">aktuelle<\/a> Themen auf dem Laufenden halten.<\/p>\n\n<p>Genie\u00dfen Sie Ihren Aufenthalt!<\/p>\n","protected":false},"excerpt":{"rendered":"<p>HILFETHEMEN ZUM EINFACHEN AUSF\u00dcLLEN DES ESTA-FORMULARS Die Beantragung einerESTA-Genehmigung ist viel weniger zeitaufwendig und kompliziert als die Beantragung eines Visums. ESTA dient in erster Linie dazu, die US-Beh\u00f6rden \u00fcber Ihre Ankunft zu informieren, um die Sicherheit des Landes zu gew\u00e4hrleisten. Hinweis : Bitte vergewissern Sie sich zun\u00e4chst, dass Sie einen biometrischen oder elektronischen Reisepass besitzen. [&hellip;]<\/p>\n","protected":false},"author":1,"featured_media":0,"parent":0,"menu_order":0,"comment_status":"closed","ping_status":"closed","template":"","meta":{"footnotes":""},"class_list":["post-982","page","type-page","status-publish","hentry"],"yoast_head":"<!-- This site is optimized with the Yoast SEO plugin v26.2 - https:\/\/yoast.com\/wordpress\/plugins\/seo\/ -->\n<title>ESTA: Hilfethemen<\/title>\n<meta name=\"description\" content=\"Wenn Sie in K\u00fcrze in die USA reisen wollen, finden Sie hier alle Fragen, die Sie zum ESTA-Formular haben.\" \/>\n<meta name=\"robots\" content=\"index, follow, max-snippet:-1, max-image-preview:large, max-video-preview:-1\" \/>\n<link rel=\"canonical\" href=\"https:\/\/www.esta-officiel-usa.com\/de\/esta-hilfethemen\/\" \/>\n<meta property=\"og:locale\" content=\"de_DE\" \/>\n<meta property=\"og:type\" content=\"article\" \/>\n<meta property=\"og:title\" content=\"ESTA: Hilfethemen\" \/>\n<meta property=\"og:description\" content=\"Wenn Sie in K\u00fcrze in die USA reisen wollen, finden Sie hier alle Fragen, die Sie zum ESTA-Formular haben.\" \/>\n<meta property=\"og:url\" content=\"https:\/\/www.esta-officiel-usa.com\/de\/esta-hilfethemen\/\" \/>\n<meta property=\"og:site_name\" content=\"ESTA - Vereinigte Staaten\" \/>\n<meta property=\"article:modified_time\" content=\"2025-09-13T11:58:40+00:00\" \/>\n<meta name=\"twitter:card\" content=\"summary_large_image\" \/>\n<meta name=\"twitter:label1\" content=\"Gesch\u00e4tzte Lesezeit\" \/>\n\t<meta name=\"twitter:data1\" content=\"2\u00a0Minuten\" \/>\n<script type=\"application\/ld+json\" class=\"yoast-schema-graph\">{\"@context\":\"https:\/\/schema.org\",\"@graph\":[{\"@type\":\"WebPage\",\"@id\":\"https:\/\/www.esta-officiel-usa.com\/de\/esta-hilfethemen\/\",\"url\":\"https:\/\/www.esta-officiel-usa.com\/de\/esta-hilfethemen\/\",\"name\":\"ESTA: Hilfethemen\",\"isPartOf\":{\"@id\":\"https:\/\/www.esta-officiel-usa.com\/de\/#website\"},\"datePublished\":\"2025-09-13T11:58:32+00:00\",\"dateModified\":\"2025-09-13T11:58:40+00:00\",\"description\":\"Wenn Sie in K\u00fcrze in die USA reisen wollen, finden Sie hier alle Fragen, die Sie zum ESTA-Formular haben.\",\"breadcrumb\":{\"@id\":\"https:\/\/www.esta-officiel-usa.com\/de\/esta-hilfethemen\/#breadcrumb\"},\"inLanguage\":\"de\",\"potentialAction\":[{\"@type\":\"ReadAction\",\"target\":[\"https:\/\/www.esta-officiel-usa.com\/de\/esta-hilfethemen\/\"]}]},{\"@type\":\"BreadcrumbList\",\"@id\":\"https:\/\/www.esta-officiel-usa.com\/de\/esta-hilfethemen\/#breadcrumb\",\"itemListElement\":[{\"@type\":\"ListItem\",\"position\":1,\"name\":\"Home\",\"item\":\"https:\/\/www.esta-officiel-usa.com\/de\/\"},{\"@type\":\"ListItem\",\"position\":2,\"name\":\"ESTA: Hilfethemen\"}]},{\"@type\":\"WebSite\",\"@id\":\"https:\/\/www.esta-officiel-usa.com\/de\/#website\",\"url\":\"https:\/\/www.esta-officiel-usa.com\/de\/\",\"name\":\"ESTA - Vereinigte Staaten\",\"description\":\"ESTA-Antragsformular\",\"potentialAction\":[{\"@type\":\"SearchAction\",\"target\":{\"@type\":\"EntryPoint\",\"urlTemplate\":\"https:\/\/www.esta-officiel-usa.com\/de\/?s={search_term_string}\"},\"query-input\":{\"@type\":\"PropertyValueSpecification\",\"valueRequired\":true,\"valueName\":\"search_term_string\"}}],\"inLanguage\":\"de\"}]}<\/script>\n<!-- \/ Yoast SEO plugin. -->","yoast_head_json":{"title":"ESTA: Hilfethemen","description":"Wenn Sie in K\u00fcrze in die USA reisen wollen, finden Sie hier alle Fragen, die Sie zum ESTA-Formular haben.","robots":{"index":"index","follow":"follow","max-snippet":"max-snippet:-1","max-image-preview":"max-image-preview:large","max-video-preview":"max-video-preview:-1"},"canonical":"https:\/\/www.esta-officiel-usa.com\/de\/esta-hilfethemen\/","og_locale":"de_DE","og_type":"article","og_title":"ESTA: Hilfethemen","og_description":"Wenn Sie in K\u00fcrze in die USA reisen wollen, finden Sie hier alle Fragen, die Sie zum ESTA-Formular haben.","og_url":"https:\/\/www.esta-officiel-usa.com\/de\/esta-hilfethemen\/","og_site_name":"ESTA - Vereinigte Staaten","article_modified_time":"2025-09-13T11:58:40+00:00","twitter_card":"summary_large_image","twitter_misc":{"Gesch\u00e4tzte Lesezeit":"2\u00a0Minuten"},"schema":{"@context":"https:\/\/schema.org","@graph":[{"@type":"WebPage","@id":"https:\/\/www.esta-officiel-usa.com\/de\/esta-hilfethemen\/","url":"https:\/\/www.esta-officiel-usa.com\/de\/esta-hilfethemen\/","name":"ESTA: Hilfethemen","isPartOf":{"@id":"https:\/\/www.esta-officiel-usa.com\/de\/#website"},"datePublished":"2025-09-13T11:58:32+00:00","dateModified":"2025-09-13T11:58:40+00:00","description":"Wenn Sie in K\u00fcrze in die USA reisen wollen, finden Sie hier alle Fragen, die Sie zum ESTA-Formular haben.","breadcrumb":{"@id":"https:\/\/www.esta-officiel-usa.com\/de\/esta-hilfethemen\/#breadcrumb"},"inLanguage":"de","potentialAction":[{"@type":"ReadAction","target":["https:\/\/www.esta-officiel-usa.com\/de\/esta-hilfethemen\/"]}]},{"@type":"BreadcrumbList","@id":"https:\/\/www.esta-officiel-usa.com\/de\/esta-hilfethemen\/#breadcrumb","itemListElement":[{"@type":"ListItem","position":1,"name":"Home","item":"https:\/\/www.esta-officiel-usa.com\/de\/"},{"@type":"ListItem","position":2,"name":"ESTA: Hilfethemen"}]},{"@type":"WebSite","@id":"https:\/\/www.esta-officiel-usa.com\/de\/#website","url":"https:\/\/www.esta-officiel-usa.com\/de\/","name":"ESTA - Vereinigte Staaten","description":"ESTA-Antragsformular","potentialAction":[{"@type":"SearchAction","target":{"@type":"EntryPoint","urlTemplate":"https:\/\/www.esta-officiel-usa.com\/de\/?s={search_term_string}"},"query-input":{"@type":"PropertyValueSpecification","valueRequired":true,"valueName":"search_term_string"}}],"inLanguage":"de"}]}},"_links":{"self":[{"href":"https:\/\/www.esta-officiel-usa.com\/de\/wp-json\/wp\/v2\/pages\/982","targetHints":{"allow":["GET"]}}],"collection":[{"href":"https:\/\/www.esta-officiel-usa.com\/de\/wp-json\/wp\/v2\/pages"}],"about":[{"href":"https:\/\/www.esta-officiel-usa.com\/de\/wp-json\/wp\/v2\/types\/page"}],"author":[{"embeddable":true,"href":"https:\/\/www.esta-officiel-usa.com\/de\/wp-json\/wp\/v2\/users\/1"}],"replies":[{"embeddable":true,"href":"https:\/\/www.esta-officiel-usa.com\/de\/wp-json\/wp\/v2\/comments?post=982"}],"version-history":[{"count":3,"href":"https:\/\/www.esta-officiel-usa.com\/de\/wp-json\/wp\/v2\/pages\/982\/revisions"}],"predecessor-version":[{"id":992,"href":"https:\/\/www.esta-officiel-usa.com\/de\/wp-json\/wp\/v2\/pages\/982\/revisions\/992"}],"wp:attachment":[{"href":"https:\/\/www.esta-officiel-usa.com\/de\/wp-json\/wp\/v2\/media?parent=982"}],"curies":[{"name":"wp","href":"https:\/\/api.w.org\/{rel}","templated":true}]}}