{"id":1009,"date":"2025-09-13T11:59:15","date_gmt":"2025-09-13T11:59:15","guid":{"rendered":"https:\/\/www.esta-officiel-usa.com\/programa-de-visados-para-empresas-de-nueva-creacion-en-estados-unidos\/"},"modified":"2025-09-13T11:59:16","modified_gmt":"2025-09-13T11:59:16","slug":"programa-de-visados-para-empresas-de-nueva-creacion-en-estados-unidos","status":"publish","type":"page","link":"https:\/\/www.esta-officiel-usa.com\/es\/programa-de-visados-para-empresas-de-nueva-creacion-en-estados-unidos\/","title":{"rendered":"Programa de visados para empresas de nueva creaci\u00f3n en Estados Unidos"},"content":{"rendered":"\n<h1 class=\"wp-block-heading\">Programa de visados para empresas incipientes: la situaci\u00f3n en Estados Unidos<\/h1>\n\n<p>No es f\u00e1cil estar al d\u00eda de las noticias en Estados Unidos. La administraci\u00f3n inicia, valida, modifica, cancela o deja en suspenso numerosos proyectos. Si eres empresario, puede que te interese un plan muy espec\u00edfico, el Programa de Visados para Empresas de Arranque. \u00bfCu\u00e1l es la situaci\u00f3n actual? \u00bfEs probable que entre en vigor pronto?    <\/p>\n\n<p>El programa podr\u00eda beneficiar a muchos inmigrantes, a\u00f1adi\u00e9ndose a la lista de permisos de residencia como <a href=\"https:\/\/www.esta-officiel-usa.com\/es\/\">el ESTA<\/a> y el visado de turista. Este sistema de visado inicial ya funciona en Canad\u00e1, por ejemplo. Sin embargo, el gobierno estadounidense se resiste a adoptar este sistema, que algunos consideran peligroso en materia de inmigraci\u00f3n.  <\/p>\n\n<h2 class=\"wp-block-heading\">\u00bfQu\u00e9 es el Programa de Visados para Empresas de Arranque?<\/h2>\n\n<p>Para emigrar a Estados Unidos, tienes que solicitar un visado (o, en algunos casos, un <a href=\"https:\/\/www.esta-officiel-usa.com\/fr\/qu-est-ce-que-l-esta\/\">permiso ESTA<\/a> ). Tendr\u00e1s que obtener la autorizaci\u00f3n de las autoridades estadounidenses, que evaluar\u00e1n si tu perfil y tus planes de residencia en Estados Unidos suponen alg\u00fan riesgo para la seguridad nacional. Todo viaje debe estar justificado: para reunirte con la familia, para asistir a la universidad durante un semestre, para trabajar, para visitar el pa\u00eds, etc. Hay un visado para cada motivo. Hay un visado para cada motivo.   <\/p>\n\n<p>Cualquiera que desee crear una empresa en Estados Unidos, ya sea una start-up o no, debe obtener un visado E-1, que no es necesariamente adecuado para las peque\u00f1as empresas y es complicado de obtener. Esta situaci\u00f3n desanima a muchos extranjeros atra\u00eddos por Estados Unidos para poner en marcha su empresa. A modo de comparaci\u00f3n, muchos pa\u00edses han puesto en marcha un Programa de Visados de Puesta en Marcha para acoger a los inversores extranjeros en las mejores condiciones posibles: puedes emigrar a Canad\u00e1, Espa\u00f1a o incluso Nueva Zelanda con un visado de puesta en marcha. Tambi\u00e9n existen medidas espec\u00edficas en Italia, Alemania e incluso Francia.   <\/p>\n\n<p>Para facilitar la llegada de empresas de nueva creaci\u00f3n a su territorio, el gobierno \nestadounidense ha planteado a menudo la cuesti\u00f3n de un posible visado para empresas de nueva creaci\u00f3n \n, como parte de la \u00abRegla del Emprendedor Internacional\u00bb. Este programa \npretende aumentar el n\u00famero de empresarios internacionales en \nEstados Unidos, ya que numerosos estudios demuestran los beneficios que \naportar\u00eda en t\u00e9rminos de creaci\u00f3n de empleo. <\/p>\n\n<p>Cuidado con la confusi\u00f3n con el <a href=\"https:\/\/www.esta-officiel-usa.com\/fr\/a-propos-du-visa-waiver-program\/\">Programa de Exenci\u00f3n de<\/a> Visado. Esto no tiene nada que ver con el Programa de Exenci\u00f3n de Visado, que est\u00e1 dise\u00f1ado para eximir a determinados viajeros de los requisitos de visado de Estados Unidos. No se aplica a los inversores ni a los fundadores de empresas.  <\/p>\n\n<p>Bajo el gobierno de Obama, el Programa de Visados para Empresas de Arranque estuvo a punto de ver la luz de forma permanente, pero la elecci\u00f3n de Donald Trump lo cambi\u00f3 todo. El programa no se ajusta a la pol\u00edtica de inmigraci\u00f3n del nuevo presidente. <\/p>\n\n<h2 class=\"wp-block-heading\">Programa de visados para empresas de nueva creaci\u00f3n: un proyecto en v\u00edas de derogaci\u00f3n<\/h2>\n\n<p>Por desgracia, si esperas solicitar un permiso de residencia en EE.UU. a trav\u00e9s del Programa de Visados para Empresas de Arranque, vas a tener que revisar tus planes, al menos de momento. <a href=\"https:\/\/www.esta-officiel-usa.com\/fr\/le-departement-de-la-securite-interieure-americain\/\">El DHS (Departamento de Seguridad Nacional)<\/a> ha abandonado esta idea, que estuvo tan cerca de hacerse realidad en 2017. Aplazado en un principio, el proyecto queda ahora derogado, seg\u00fan un informe del 29 de mayo de 2018. \u00bfLa raz\u00f3n aducida? El Programa de Visados para Startups no cumple la pol\u00edtica actual del DHS, y no protege suficientemente a los trabajadores e inversores estadounidenses de los extranjeros.    <\/p>\n\n<p>Apoyada por una parte de Silicon Valley, es poco probable que la medida \nsea operativa durante alg\u00fan tiempo. Quiz\u00e1 unas futuras elecciones presidenciales\n vuelvan a ponerla de moda. No cabe duda \nde que Trump nunca se posicionar\u00e1 a favor de la creaci\u00f3n de un \nprograma de visados para inversores en empresas de nueva creaci\u00f3n; al contrario, su \nintenci\u00f3n es reducir la emigraci\u00f3n a EEUU. \nDe hecho, es probable que las cuotas de visados existentes se reduzcan al final de su mandato (\n ).  <\/p>\n\n<p>Como resultado, hoy en d\u00eda, si quieres vivir en Estados Unidos e invertir en un negocio o ponerlo en marcha, no puedes solicitar un Programa de Visados para Empresas de Arranque. Tienes que pasar por el dif\u00edcil proceso de obtener un visado (residencia temporal) o una <a href=\"https:\/\/www.esta-officiel-usa.com\/fr\/quest-ce-que-la-green-card\/\">tarjeta verde<\/a> (residencia permanente). <\/p>\n","protected":false},"excerpt":{"rendered":"<p>Programa de visados para empresas incipientes: la situaci\u00f3n en Estados Unidos No es f\u00e1cil estar al d\u00eda de las noticias en Estados Unidos. La administraci\u00f3n inicia, valida, modifica, cancela o deja en suspenso numerosos proyectos. Si eres empresario, puede que te interese un plan muy espec\u00edfico, el Programa de Visados para Empresas de Arranque. \u00bfCu\u00e1l [&hellip;]<\/p>\n","protected":false},"author":1,"featured_media":0,"parent":0,"menu_order":0,"comment_status":"closed","ping_status":"closed","template":"","meta":{"footnotes":""},"class_list":["post-1009","page","type-page","status-publish","hentry"],"yoast_head":"<!-- This site is optimized with the Yoast SEO plugin v26.2 - https:\/\/yoast.com\/wordpress\/plugins\/seo\/ -->\n<title>Programa de visados para empresas de nueva creaci\u00f3n en Estados Unidos<\/title>\n<meta name=\"description\" content=\"Si eres empresario, puede que te interese un r\u00e9gimen muy especial, el Programa de Visados para Empresas de Arranque en Estados Unidos.\" \/>\n<meta name=\"robots\" content=\"index, follow, max-snippet:-1, max-image-preview:large, max-video-preview:-1\" \/>\n<link rel=\"canonical\" href=\"https:\/\/www.esta-officiel-usa.com\/es\/programa-de-visados-para-empresas-de-nueva-creacion-en-estados-unidos\/\" \/>\n<meta property=\"og:locale\" content=\"es_ES\" \/>\n<meta property=\"og:type\" content=\"article\" \/>\n<meta property=\"og:title\" content=\"Programa de visados para empresas de nueva creaci\u00f3n en Estados Unidos\" \/>\n<meta property=\"og:description\" content=\"Si eres empresario, puede que te interese un r\u00e9gimen muy especial, el Programa de Visados para Empresas de Arranque en Estados Unidos.\" \/>\n<meta property=\"og:url\" content=\"https:\/\/www.esta-officiel-usa.com\/es\/programa-de-visados-para-empresas-de-nueva-creacion-en-estados-unidos\/\" \/>\n<meta property=\"og:site_name\" content=\"ESTA - Estados Unidos\" \/>\n<meta property=\"article:modified_time\" content=\"2025-09-13T11:59:16+00:00\" \/>\n<meta name=\"twitter:card\" content=\"summary_large_image\" \/>\n<meta name=\"twitter:label1\" content=\"Tiempo de lectura\" \/>\n\t<meta name=\"twitter:data1\" content=\"4 minutos\" \/>\n<script type=\"application\/ld+json\" class=\"yoast-schema-graph\">{\"@context\":\"https:\/\/schema.org\",\"@graph\":[{\"@type\":\"WebPage\",\"@id\":\"https:\/\/www.esta-officiel-usa.com\/es\/programa-de-visados-para-empresas-de-nueva-creacion-en-estados-unidos\/\",\"url\":\"https:\/\/www.esta-officiel-usa.com\/es\/programa-de-visados-para-empresas-de-nueva-creacion-en-estados-unidos\/\",\"name\":\"Programa de visados para empresas de nueva creaci\u00f3n en Estados Unidos\",\"isPartOf\":{\"@id\":\"https:\/\/www.esta-officiel-usa.com\/es\/#website\"},\"datePublished\":\"2025-09-13T11:59:15+00:00\",\"dateModified\":\"2025-09-13T11:59:16+00:00\",\"description\":\"Si eres empresario, puede que te interese un r\u00e9gimen muy especial, el Programa de Visados para Empresas de Arranque en Estados Unidos.\",\"breadcrumb\":{\"@id\":\"https:\/\/www.esta-officiel-usa.com\/es\/programa-de-visados-para-empresas-de-nueva-creacion-en-estados-unidos\/#breadcrumb\"},\"inLanguage\":\"es\",\"potentialAction\":[{\"@type\":\"ReadAction\",\"target\":[\"https:\/\/www.esta-officiel-usa.com\/es\/programa-de-visados-para-empresas-de-nueva-creacion-en-estados-unidos\/\"]}]},{\"@type\":\"BreadcrumbList\",\"@id\":\"https:\/\/www.esta-officiel-usa.com\/es\/programa-de-visados-para-empresas-de-nueva-creacion-en-estados-unidos\/#breadcrumb\",\"itemListElement\":[{\"@type\":\"ListItem\",\"position\":1,\"name\":\"Inicio\",\"item\":\"https:\/\/www.esta-officiel-usa.com\/es\/\"},{\"@type\":\"ListItem\",\"position\":2,\"name\":\"Programa de visados para empresas de nueva creaci\u00f3n en Estados Unidos\"}]},{\"@type\":\"WebSite\",\"@id\":\"https:\/\/www.esta-officiel-usa.com\/es\/#website\",\"url\":\"https:\/\/www.esta-officiel-usa.com\/es\/\",\"name\":\"ESTA - Estados Unidos\",\"description\":\"Formulario de solicitud ESTA\",\"potentialAction\":[{\"@type\":\"SearchAction\",\"target\":{\"@type\":\"EntryPoint\",\"urlTemplate\":\"https:\/\/www.esta-officiel-usa.com\/es\/?s={search_term_string}\"},\"query-input\":{\"@type\":\"PropertyValueSpecification\",\"valueRequired\":true,\"valueName\":\"search_term_string\"}}],\"inLanguage\":\"es\"}]}<\/script>\n<!-- \/ Yoast SEO plugin. -->","yoast_head_json":{"title":"Programa de visados para empresas de nueva creaci\u00f3n en Estados Unidos","description":"Si eres empresario, puede que te interese un r\u00e9gimen muy especial, el Programa de Visados para Empresas de Arranque en Estados Unidos.","robots":{"index":"index","follow":"follow","max-snippet":"max-snippet:-1","max-image-preview":"max-image-preview:large","max-video-preview":"max-video-preview:-1"},"canonical":"https:\/\/www.esta-officiel-usa.com\/es\/programa-de-visados-para-empresas-de-nueva-creacion-en-estados-unidos\/","og_locale":"es_ES","og_type":"article","og_title":"Programa de visados para empresas de nueva creaci\u00f3n en Estados Unidos","og_description":"Si eres empresario, puede que te interese un r\u00e9gimen muy especial, el Programa de Visados para Empresas de Arranque en Estados Unidos.","og_url":"https:\/\/www.esta-officiel-usa.com\/es\/programa-de-visados-para-empresas-de-nueva-creacion-en-estados-unidos\/","og_site_name":"ESTA - Estados Unidos","article_modified_time":"2025-09-13T11:59:16+00:00","twitter_card":"summary_large_image","twitter_misc":{"Tiempo de lectura":"4 minutos"},"schema":{"@context":"https:\/\/schema.org","@graph":[{"@type":"WebPage","@id":"https:\/\/www.esta-officiel-usa.com\/es\/programa-de-visados-para-empresas-de-nueva-creacion-en-estados-unidos\/","url":"https:\/\/www.esta-officiel-usa.com\/es\/programa-de-visados-para-empresas-de-nueva-creacion-en-estados-unidos\/","name":"Programa de visados para empresas de nueva creaci\u00f3n en Estados Unidos","isPartOf":{"@id":"https:\/\/www.esta-officiel-usa.com\/es\/#website"},"datePublished":"2025-09-13T11:59:15+00:00","dateModified":"2025-09-13T11:59:16+00:00","description":"Si eres empresario, puede que te interese un r\u00e9gimen muy especial, el Programa de Visados para Empresas de Arranque en Estados Unidos.","breadcrumb":{"@id":"https:\/\/www.esta-officiel-usa.com\/es\/programa-de-visados-para-empresas-de-nueva-creacion-en-estados-unidos\/#breadcrumb"},"inLanguage":"es","potentialAction":[{"@type":"ReadAction","target":["https:\/\/www.esta-officiel-usa.com\/es\/programa-de-visados-para-empresas-de-nueva-creacion-en-estados-unidos\/"]}]},{"@type":"BreadcrumbList","@id":"https:\/\/www.esta-officiel-usa.com\/es\/programa-de-visados-para-empresas-de-nueva-creacion-en-estados-unidos\/#breadcrumb","itemListElement":[{"@type":"ListItem","position":1,"name":"Inicio","item":"https:\/\/www.esta-officiel-usa.com\/es\/"},{"@type":"ListItem","position":2,"name":"Programa de visados para empresas de nueva creaci\u00f3n en Estados Unidos"}]},{"@type":"WebSite","@id":"https:\/\/www.esta-officiel-usa.com\/es\/#website","url":"https:\/\/www.esta-officiel-usa.com\/es\/","name":"ESTA - Estados Unidos","description":"Formulario de solicitud ESTA","potentialAction":[{"@type":"SearchAction","target":{"@type":"EntryPoint","urlTemplate":"https:\/\/www.esta-officiel-usa.com\/es\/?s={search_term_string}"},"query-input":{"@type":"PropertyValueSpecification","valueRequired":true,"valueName":"search_term_string"}}],"inLanguage":"es"}]}},"_links":{"self":[{"href":"https:\/\/www.esta-officiel-usa.com\/es\/wp-json\/wp\/v2\/pages\/1009","targetHints":{"allow":["GET"]}}],"collection":[{"href":"https:\/\/www.esta-officiel-usa.com\/es\/wp-json\/wp\/v2\/pages"}],"about":[{"href":"https:\/\/www.esta-officiel-usa.com\/es\/wp-json\/wp\/v2\/types\/page"}],"author":[{"embeddable":true,"href":"https:\/\/www.esta-officiel-usa.com\/es\/wp-json\/wp\/v2\/users\/1"}],"replies":[{"embeddable":true,"href":"https:\/\/www.esta-officiel-usa.com\/es\/wp-json\/wp\/v2\/comments?post=1009"}],"version-history":[{"count":1,"href":"https:\/\/www.esta-officiel-usa.com\/es\/wp-json\/wp\/v2\/pages\/1009\/revisions"}],"predecessor-version":[{"id":1011,"href":"https:\/\/www.esta-officiel-usa.com\/es\/wp-json\/wp\/v2\/pages\/1009\/revisions\/1011"}],"wp:attachment":[{"href":"https:\/\/www.esta-officiel-usa.com\/es\/wp-json\/wp\/v2\/media?parent=1009"}],"curies":[{"name":"wp","href":"https:\/\/api.w.org\/{rel}","templated":true}]}}