{"id":1015,"date":"2025-09-13T11:59:18","date_gmt":"2025-09-13T11:59:18","guid":{"rendered":"https:\/\/www.esta-officiel-usa.com\/solicitud-de-tarjeta-verde-por-motivos-laborales\/"},"modified":"2025-09-13T11:59:18","modified_gmt":"2025-09-13T11:59:18","slug":"solicitud-de-tarjeta-verde-por-motivos-laborales","status":"publish","type":"page","link":"https:\/\/www.esta-officiel-usa.com\/es\/solicitud-de-tarjeta-verde-por-motivos-laborales\/","title":{"rendered":"Solicitud de tarjeta verde por motivos laborales"},"content":{"rendered":"\n<h1 class=\"wp-block-heading\">SOLICITAR LA TARJETA VERDE PARA TRABAJAR<\/h1>\n\n<p>La tarjeta verde es el grial absoluto para muchas personas, y abre la puerta a los numerosos Estados que componen los Estados Unidos de Am\u00e9rica: Florida, California, Iowa, Texas, Luisiana, Colorado y Oreg\u00f3n, por nombrar s\u00f3lo algunos. A diferencia del<a href=\"https:\/\/www.esta-officiel-usa.com\/es\/\">ESTA<\/a>, permite a cualquier persona trabajar, adquirir experiencia laboral, residir o reunirse con un familiar en suelo estadounidense a largo plazo. Al solicitar y obtener una tarjeta ESTA, te conviertes en residente permanente y vives el sue\u00f1o americano en carne viva. Antes de irte, debes saber qu\u00e9 tienes <a href=\"https:\/\/www.esta-officiel-usa.com\/fr\/les-demarches-pour-visiter-les-etats-unis\/\">que hacer para visitar, vivir o trabajar en Estados<\/a> Unidos. Veamos c\u00f3mo conseguir un trabajo en el mercado laboral estadounidense y la tarjeta verde. Si quieres saber m\u00e1s sobre c\u00f3mo solicitar la tarjeta verde para trabajar como inmigrante, \u00a1te invitamos a leer este art\u00edculo!     <br\/> <\/p>\n\n<h2 class=\"wp-block-heading\">LA TARJETA VERDE PARA TRABAJAR<\/h2>\n\n<p>La inmigraci\u00f3n est\u00e1 estrictamente controlada y es muy dif\u00edcil vivir y <a href=\"https:\/\/www.esta-officiel-usa.com\/es\/cuales-son-los-pasos-necesarios-para-obtener-un-visado-de-trabajo-para-ee-uu\/\">trabajar en Estados Unidos<\/a>, ya que tienes que solicitar la tarjeta verde y encontrar un empleador en una empresa estadounidense. El preciado permiso de trabajo s\u00f3lo lo obtiene una minor\u00eda de solicitantes, ya que hay cuotas que cumplir. Cada a\u00f1o se expiden unas 140.000 tarjetas verdes para trabajar en EE.UU. Se autorizan 9.800 tarjetas verdes por pa\u00eds. Como puedes ver, la competencia por una tarjeta verde es feroz, sobre todo si eres inmigrante de un pa\u00eds populoso.    <\/p>\n\n<p>La tarjeta verde por motivos de trabajo se obtiene a trav\u00e9s de tu empleador; por tanto, para reunir los requisitos y recibir la tarjeta verde de EE.UU., tendr\u00e1s que encontrar trabajo y ser contratado. Tu empleador puede solicitar la tarjeta verde por motivos de trabajo una vez que te hayan contratado, pero tambi\u00e9n es aconsejable hablar con un bufete de abogados, que conozca los procedimientos que hay que seguir y las condiciones que hay que cumplir. Un abogado especializado podr\u00e1 comprobar que se han aportado todos los documentos y que la solicitud est\u00e1 completa, para evitar cualquier denegaci\u00f3n d\u00e1ndote todo el asesoramiento jur\u00eddico que necesites.  <\/p>\n\n<p>Si deseas visitar Estados Unidos temporalmente (durante menos de tres meses), no es necesario que solicites una tarjeta verde por motivos de trabajo, sino que basta con que <a href=\"https:\/\/www.esta-officiel-usa.com\/fr\/comment-faire-une-demande-esta-officiel\/\">solicites un<\/a> ESTA (el ESTA es un programa de exenci\u00f3n de visado), que no te permitir\u00e1 obtener un empleo, pero podr\u00e1s, por ejemplo, ser anfitri\u00f3n o asistir a conferencias profesionales o firmar contratos en territorio estadounidense.<br\/> <\/p>\n\n<h2 class=\"wp-block-heading\">OBTENER LA TARJETA VERDE A TRAV\u00c9S DEL EMPLEO<\/h2>\n\n<p>No es necesario que tengas prisa por obtener la tarjeta verde tras tu empleo, ya que los tr\u00e1mites y la tramitaci\u00f3n de tu solicitud pueden llevar tiempo. Para obtener la residencia permanente, puede que tengas que esperar varios a\u00f1os. <\/p>\n\n<p>\u00bfQuieres saber si cumples los requisitos? En primer lugar, debes tener un <a href=\"https:\/\/www.esta-officiel-usa.com\/fr\/quel-type-de-passeport-pour-les-usa\/\">pasaporte<\/a> v\u00e1lido. Despu\u00e9s, los siguientes pasos pueden ser diferentes dependiendo del trabajo que tengas. En general, tu patrocinador se encargar\u00e1 de solicitar tu tarjeta verde a trav\u00e9s del trabajo. El empresario debe presentar un certificado de trabajo expedido por el Ministerio de Trabajo; se trata de una prueba y uno de los documentos necesarios para demostrar que aportas conocimientos t\u00e9cnicos reales y valor a\u00f1adido a la empresa. A continuaci\u00f3n, deber\u00e1s rellenar el formulario de inscripci\u00f3n l-140, que te proporcionar\u00e1 un n\u00famero de visado. S\u00f3lo queda esperar unos meses o m\u00e1s de un a\u00f1o, en funci\u00f3n de una serie de criterios, como el cargo o las cualificaciones del solicitante. Cabe se\u00f1alar que los titulares del visado <a href=\"https:\/\/www.esta-officiel-usa.com\/es\/visado-l1-para-traslados-de-ejecutivos-a-ee-uu\/\">L1<\/a> se benefician de una tramitaci\u00f3n m\u00e1s r\u00e1pida. Una vez aprobada tu solicitud, como titular de una tarjeta de residente permanente, podr\u00e1s trabajar y vivir en EE.UU. de forma permanente y, sobre todo, legal. \u00a1La vida de expatriado te est\u00e1 esperando!           <\/p>\n\n<p>\u00bfDe qu\u00e9 otra forma puedes obtener la tarjeta verde y expatriarte? Sencillamente, cas\u00e1ndote. Casarte con un ciudadano estadounidense puede permitirte obtener el documento y vivir en Estados Unidos. Pero ten cuidado: se abrir\u00e1 una investigaci\u00f3n sobre ti y tu c\u00f3nyuge para comprobar que el matrimonio no es una farsa. Tambi\u00e9n puedes participar en la loter\u00eda de la tarjeta verde (Programa de Visados de Diversidad), siempre que cumplas determinadas condiciones, como tener un buen nivel de ingl\u00e9s y un nivel de estudios suficiente. Aunque esta posibilidad sea remota, \u00bfquiz\u00e1 tengas suerte y puedas cumplir tu deseo de expatriarte? A menos que fructifique el plan de <a href=\"https:\/\/www.esta-officiel-usa.com\/fr\/lannulation-de-la-green-card-par-donald-trump\/\">Donald Trump de abolir la tarjeta verde<\/a>&#8230;      <\/p>\n","protected":false},"excerpt":{"rendered":"<p>SOLICITAR LA TARJETA VERDE PARA TRABAJAR La tarjeta verde es el grial absoluto para muchas personas, y abre la puerta a los numerosos Estados que componen los Estados Unidos de Am\u00e9rica: Florida, California, Iowa, Texas, Luisiana, Colorado y Oreg\u00f3n, por nombrar s\u00f3lo algunos. A diferencia delESTA, permite a cualquier persona trabajar, adquirir experiencia laboral, residir [&hellip;]<\/p>\n","protected":false},"author":1,"featured_media":0,"parent":0,"menu_order":0,"comment_status":"closed","ping_status":"closed","template":"","meta":{"footnotes":""},"class_list":["post-1015","page","type-page","status-publish","hentry"],"yoast_head":"<!-- This site is optimized with the Yoast SEO plugin v26.2 - https:\/\/yoast.com\/wordpress\/plugins\/seo\/ -->\n<title>Solicitud de tarjeta verde por motivos laborales<\/title>\n<meta name=\"description\" content=\"La inmigraci\u00f3n est\u00e1 muy controlada y es dif\u00edcil trabajar en EE.UU. Averigua c\u00f3mo obtener una tarjeta verde para trabajar en nuestra p\u00e1gina.\" \/>\n<meta name=\"robots\" content=\"index, follow, max-snippet:-1, max-image-preview:large, max-video-preview:-1\" \/>\n<link rel=\"canonical\" href=\"https:\/\/www.esta-officiel-usa.com\/es\/solicitud-de-tarjeta-verde-por-motivos-laborales\/\" \/>\n<meta property=\"og:locale\" content=\"es_ES\" \/>\n<meta property=\"og:type\" content=\"article\" \/>\n<meta property=\"og:title\" content=\"Solicitud de tarjeta verde por motivos laborales\" \/>\n<meta property=\"og:description\" content=\"La inmigraci\u00f3n est\u00e1 muy controlada y es dif\u00edcil trabajar en EE.UU. Averigua c\u00f3mo obtener una tarjeta verde para trabajar en nuestra p\u00e1gina.\" \/>\n<meta property=\"og:url\" content=\"https:\/\/www.esta-officiel-usa.com\/es\/solicitud-de-tarjeta-verde-por-motivos-laborales\/\" \/>\n<meta property=\"og:site_name\" content=\"ESTA - Estados Unidos\" \/>\n<meta name=\"twitter:card\" content=\"summary_large_image\" \/>\n<meta name=\"twitter:label1\" content=\"Tiempo de lectura\" \/>\n\t<meta name=\"twitter:data1\" content=\"4 minutos\" \/>\n<script type=\"application\/ld+json\" class=\"yoast-schema-graph\">{\"@context\":\"https:\/\/schema.org\",\"@graph\":[{\"@type\":\"WebPage\",\"@id\":\"https:\/\/www.esta-officiel-usa.com\/es\/solicitud-de-tarjeta-verde-por-motivos-laborales\/\",\"url\":\"https:\/\/www.esta-officiel-usa.com\/es\/solicitud-de-tarjeta-verde-por-motivos-laborales\/\",\"name\":\"Solicitud de tarjeta verde por motivos laborales\",\"isPartOf\":{\"@id\":\"https:\/\/www.esta-officiel-usa.com\/es\/#website\"},\"datePublished\":\"2025-09-13T11:59:18+00:00\",\"description\":\"La inmigraci\u00f3n est\u00e1 muy controlada y es dif\u00edcil trabajar en EE.UU. Averigua c\u00f3mo obtener una tarjeta verde para trabajar en nuestra p\u00e1gina.\",\"breadcrumb\":{\"@id\":\"https:\/\/www.esta-officiel-usa.com\/es\/solicitud-de-tarjeta-verde-por-motivos-laborales\/#breadcrumb\"},\"inLanguage\":\"es\",\"potentialAction\":[{\"@type\":\"ReadAction\",\"target\":[\"https:\/\/www.esta-officiel-usa.com\/es\/solicitud-de-tarjeta-verde-por-motivos-laborales\/\"]}]},{\"@type\":\"BreadcrumbList\",\"@id\":\"https:\/\/www.esta-officiel-usa.com\/es\/solicitud-de-tarjeta-verde-por-motivos-laborales\/#breadcrumb\",\"itemListElement\":[{\"@type\":\"ListItem\",\"position\":1,\"name\":\"Inicio\",\"item\":\"https:\/\/www.esta-officiel-usa.com\/es\/\"},{\"@type\":\"ListItem\",\"position\":2,\"name\":\"Solicitud de tarjeta verde por motivos laborales\"}]},{\"@type\":\"WebSite\",\"@id\":\"https:\/\/www.esta-officiel-usa.com\/es\/#website\",\"url\":\"https:\/\/www.esta-officiel-usa.com\/es\/\",\"name\":\"ESTA - Estados Unidos\",\"description\":\"Formulario de solicitud ESTA\",\"potentialAction\":[{\"@type\":\"SearchAction\",\"target\":{\"@type\":\"EntryPoint\",\"urlTemplate\":\"https:\/\/www.esta-officiel-usa.com\/es\/?s={search_term_string}\"},\"query-input\":{\"@type\":\"PropertyValueSpecification\",\"valueRequired\":true,\"valueName\":\"search_term_string\"}}],\"inLanguage\":\"es\"}]}<\/script>\n<!-- \/ Yoast SEO plugin. -->","yoast_head_json":{"title":"Solicitud de tarjeta verde por motivos laborales","description":"La inmigraci\u00f3n est\u00e1 muy controlada y es dif\u00edcil trabajar en EE.UU. Averigua c\u00f3mo obtener una tarjeta verde para trabajar en nuestra p\u00e1gina.","robots":{"index":"index","follow":"follow","max-snippet":"max-snippet:-1","max-image-preview":"max-image-preview:large","max-video-preview":"max-video-preview:-1"},"canonical":"https:\/\/www.esta-officiel-usa.com\/es\/solicitud-de-tarjeta-verde-por-motivos-laborales\/","og_locale":"es_ES","og_type":"article","og_title":"Solicitud de tarjeta verde por motivos laborales","og_description":"La inmigraci\u00f3n est\u00e1 muy controlada y es dif\u00edcil trabajar en EE.UU. Averigua c\u00f3mo obtener una tarjeta verde para trabajar en nuestra p\u00e1gina.","og_url":"https:\/\/www.esta-officiel-usa.com\/es\/solicitud-de-tarjeta-verde-por-motivos-laborales\/","og_site_name":"ESTA - Estados Unidos","twitter_card":"summary_large_image","twitter_misc":{"Tiempo de lectura":"4 minutos"},"schema":{"@context":"https:\/\/schema.org","@graph":[{"@type":"WebPage","@id":"https:\/\/www.esta-officiel-usa.com\/es\/solicitud-de-tarjeta-verde-por-motivos-laborales\/","url":"https:\/\/www.esta-officiel-usa.com\/es\/solicitud-de-tarjeta-verde-por-motivos-laborales\/","name":"Solicitud de tarjeta verde por motivos laborales","isPartOf":{"@id":"https:\/\/www.esta-officiel-usa.com\/es\/#website"},"datePublished":"2025-09-13T11:59:18+00:00","description":"La inmigraci\u00f3n est\u00e1 muy controlada y es dif\u00edcil trabajar en EE.UU. Averigua c\u00f3mo obtener una tarjeta verde para trabajar en nuestra p\u00e1gina.","breadcrumb":{"@id":"https:\/\/www.esta-officiel-usa.com\/es\/solicitud-de-tarjeta-verde-por-motivos-laborales\/#breadcrumb"},"inLanguage":"es","potentialAction":[{"@type":"ReadAction","target":["https:\/\/www.esta-officiel-usa.com\/es\/solicitud-de-tarjeta-verde-por-motivos-laborales\/"]}]},{"@type":"BreadcrumbList","@id":"https:\/\/www.esta-officiel-usa.com\/es\/solicitud-de-tarjeta-verde-por-motivos-laborales\/#breadcrumb","itemListElement":[{"@type":"ListItem","position":1,"name":"Inicio","item":"https:\/\/www.esta-officiel-usa.com\/es\/"},{"@type":"ListItem","position":2,"name":"Solicitud de tarjeta verde por motivos laborales"}]},{"@type":"WebSite","@id":"https:\/\/www.esta-officiel-usa.com\/es\/#website","url":"https:\/\/www.esta-officiel-usa.com\/es\/","name":"ESTA - Estados Unidos","description":"Formulario de solicitud ESTA","potentialAction":[{"@type":"SearchAction","target":{"@type":"EntryPoint","urlTemplate":"https:\/\/www.esta-officiel-usa.com\/es\/?s={search_term_string}"},"query-input":{"@type":"PropertyValueSpecification","valueRequired":true,"valueName":"search_term_string"}}],"inLanguage":"es"}]}},"_links":{"self":[{"href":"https:\/\/www.esta-officiel-usa.com\/es\/wp-json\/wp\/v2\/pages\/1015","targetHints":{"allow":["GET"]}}],"collection":[{"href":"https:\/\/www.esta-officiel-usa.com\/es\/wp-json\/wp\/v2\/pages"}],"about":[{"href":"https:\/\/www.esta-officiel-usa.com\/es\/wp-json\/wp\/v2\/types\/page"}],"author":[{"embeddable":true,"href":"https:\/\/www.esta-officiel-usa.com\/es\/wp-json\/wp\/v2\/users\/1"}],"replies":[{"embeddable":true,"href":"https:\/\/www.esta-officiel-usa.com\/es\/wp-json\/wp\/v2\/comments?post=1015"}],"version-history":[{"count":1,"href":"https:\/\/www.esta-officiel-usa.com\/es\/wp-json\/wp\/v2\/pages\/1015\/revisions"}],"predecessor-version":[{"id":1016,"href":"https:\/\/www.esta-officiel-usa.com\/es\/wp-json\/wp\/v2\/pages\/1015\/revisions\/1016"}],"wp:attachment":[{"href":"https:\/\/www.esta-officiel-usa.com\/es\/wp-json\/wp\/v2\/media?parent=1015"}],"curies":[{"name":"wp","href":"https:\/\/api.w.org\/{rel}","templated":true}]}}