{"id":1029,"date":"2025-09-13T11:59:26","date_gmt":"2025-09-13T11:59:26","guid":{"rendered":"https:\/\/www.esta-officiel-usa.com\/cuales-son-los-tramites-para-entrar-en-estados-unidos\/"},"modified":"2025-09-13T11:59:27","modified_gmt":"2025-09-13T11:59:27","slug":"cuales-son-los-tramites-para-entrar-en-estados-unidos","status":"publish","type":"page","link":"https:\/\/www.esta-officiel-usa.com\/es\/cuales-son-los-tramites-para-entrar-en-estados-unidos\/","title":{"rendered":"\u00bfCu\u00e1les son los tr\u00e1mites para entrar en Estados Unidos?"},"content":{"rendered":"\n<h1 class=\"wp-block-heading\">LLEGAR A ESTADOS UNIDOS: FORMALIDADES<\/h1>\n\n<p>En general, no se puede improvisar un viaje a Estados Unidos. En primer lugar, por el coste de los billetes y la duraci\u00f3n del viaje (entre 8 y 12 horas de vuelo desde Par\u00eds, seg\u00fan el destino), pero tambi\u00e9n porque necesitas tener de antemano un permiso de residencia<a href=\"https:\/\/www.esta-officiel-usa.com\/es\/\">(ESTA<\/a> o visado) y <a href=\"https:\/\/www.esta-officiel-usa.com\/es\/que-seguro-medico-necesito-para-viajar-a-ee-uu\/\">un buen seguro<\/a>. Todo esto requiere tiempo y un m\u00ednimo de organizaci\u00f3n. As\u00ed que, una vez que tengas el pasaporte, m\u00e1s vale que hagas todo lo posible para pasar con \u00e9xito el \u00faltimo control, cuando est\u00e9s a las puertas de la frontera estadounidense.   <br\/> <\/p>\n\n<h2 class=\"wp-block-heading\">EL SERVICIO DE INMIGRACI\u00d3N DE EEUU<\/h2>\n\n<p>Como su nombre indica, el ESTA es una <a href=\"https:\/\/www.esta-officiel-usa.com\/fr\/lautorisation-esta\/\">autorizaci\u00f3n de<\/a> viaje. En otras palabras, cuando llegas a Estados Unidos, son los funcionarios de inmigraci\u00f3n quienes deciden si te dejan entrar o no en el pa\u00eds. Es su decisi\u00f3n, y no hay derecho de recurso. As\u00ed que es mejor que tomes todas las precauciones antes de salir.   <\/p>\n\n<h2 class=\"wp-block-heading\">DOCUMENTOS A PRESENTAR A LA LLEGADA A ESTADOS UNIDOS<\/h2>\n\n<p>Estos son los <a href=\"https:\/\/www.esta-officiel-usa.com\/es\/documentos-de-viaje-para-ee-uu\/\">documentos de viaje<\/a> que debes tener en tu poder cuando llegues:<\/p>\n\n<ul class=\"wp-block-list\"><li>Tu pasaporte electr\u00f3nico o biom\u00e9trico, v\u00e1lido durante tu estancia y 6 meses despu\u00e9s de la fecha de regreso;<\/li><li>El formulario azul 6059B o formulario de declaraci\u00f3n de aduanas. Este formulario te lo dan en el avi\u00f3n. Te pedir\u00e1n que indiques tu nombre completo y tu n\u00famero de pasaporte. Tambi\u00e9n debes declarar los productos que llevas y tu direcci\u00f3n durante la estancia.     <\/li><li>Posiblemente tu certificado ESTA, copia electr\u00f3nica o en papel<a href=\"https:\/\/www.esta-officiel-usa.com\/fr\/doit-on-obligatoirement-imprimer-lesta\/\">( se recomiendaimprimir el ESTA<\/a> para evitar problemas t\u00e9cnicos).<\/li><\/ul>\n\n<h2 class=\"wp-block-heading\">PASO AL SERVICIO DE INMIGRACI\u00d3N<\/h2>\n\n<p>El paso por inmigraci\u00f3n suele ser muy r\u00e1pido, pero los tiempos de espera var\u00edan naturalmente seg\u00fan el n\u00famero de viajeros. Cuando llegue tu turno, deber\u00e1s presentar tu pasaporte y la famosa tarjeta azul. A continuaci\u00f3n, el funcionario te har\u00e1 una foto y escanear\u00e1 tus huellas dactilares.  <\/p>\n\n<p>Sobre todo, mantente natural y responde con franqueza a las preguntas que te haga el agente. Por lo general, se trata de preguntas rutinarias, las mismas que te hicieron cuando rellenaste tu solicitud ESTA. Si no entiendes lo que dice el agente (el acento americano es a veces dif\u00edcil de entender), no dudes en pedirle que te lo repita. Evita el humor, ya que no forma parte de los <a href=\"https:\/\/www.esta-officiel-usa.com\/fr\/quelles-sont-les-bonnes-manieres-aux-etats-unis\/\">buenos modales<\/a> en EE.UU. y te perjudicar\u00e1.   <\/p>\n\n<p>Por \u00faltimo, si s\u00f3lo transitas <a href=\"https:\/\/www.esta-officiel-usa.com\/fr\/esta-pour-transit-aux-etats-unis\/\">por Estados Unidos<\/a>, tambi\u00e9n deber\u00e1s pasar por esta etapa, pero en una cola dedicada a los pasajeros en tr\u00e1nsito (antes de ir a <a href=\"https:\/\/www.esta-officiel-usa.com\/fr\/visiter-cuba-lors-dun-voyage-aux-etats-unis\/\">Cuba<\/a>, por ejemplo).<\/p>\n\n<p>Conviene saber: el ESTA no te permite trabajar en Estados Unidos. Si deseas hacerlo, debes solicitar una <a href=\"https:\/\/www.esta-officiel-usa.com\/es\/solicitud-de-tarjeta-verde-por-motivos-laborales\/\">tarjeta verde con fines laborales<\/a>. <\/p>\n","protected":false},"excerpt":{"rendered":"<p>LLEGAR A ESTADOS UNIDOS: FORMALIDADES En general, no se puede improvisar un viaje a Estados Unidos. En primer lugar, por el coste de los billetes y la duraci\u00f3n del viaje (entre 8 y 12 horas de vuelo desde Par\u00eds, seg\u00fan el destino), pero tambi\u00e9n porque necesitas tener de antemano un permiso de residencia(ESTA o visado) [&hellip;]<\/p>\n","protected":false},"author":1,"featured_media":0,"parent":0,"menu_order":0,"comment_status":"closed","ping_status":"closed","template":"","meta":{"footnotes":""},"class_list":["post-1029","page","type-page","status-publish","hentry"],"yoast_head":"<!-- This site is optimized with the Yoast SEO plugin v26.2 - https:\/\/yoast.com\/wordpress\/plugins\/seo\/ -->\n<title>\u00bfCu\u00e1les son los tr\u00e1mites para entrar en Estados Unidos?<\/title>\n<meta name=\"description\" content=\"Pasar por inmigraci\u00f3n suele ser muy r\u00e1pido, pero nuestros expertos responder\u00e1n a cualquier pregunta que puedas tener sobre los tr\u00e1mites.\" \/>\n<meta name=\"robots\" content=\"index, follow, max-snippet:-1, max-image-preview:large, max-video-preview:-1\" \/>\n<link rel=\"canonical\" href=\"https:\/\/www.esta-officiel-usa.com\/es\/cuales-son-los-tramites-para-entrar-en-estados-unidos\/\" \/>\n<meta property=\"og:locale\" content=\"es_ES\" \/>\n<meta property=\"og:type\" content=\"article\" \/>\n<meta property=\"og:title\" content=\"\u00bfCu\u00e1les son los tr\u00e1mites para entrar en Estados Unidos?\" \/>\n<meta property=\"og:description\" content=\"Pasar por inmigraci\u00f3n suele ser muy r\u00e1pido, pero nuestros expertos responder\u00e1n a cualquier pregunta que puedas tener sobre los tr\u00e1mites.\" \/>\n<meta property=\"og:url\" content=\"https:\/\/www.esta-officiel-usa.com\/es\/cuales-son-los-tramites-para-entrar-en-estados-unidos\/\" \/>\n<meta property=\"og:site_name\" content=\"ESTA - Estados Unidos\" \/>\n<meta property=\"article:modified_time\" content=\"2025-09-13T11:59:27+00:00\" \/>\n<meta name=\"twitter:card\" content=\"summary_large_image\" \/>\n<meta name=\"twitter:label1\" content=\"Tiempo de lectura\" \/>\n\t<meta name=\"twitter:data1\" content=\"2 minutos\" \/>\n<script type=\"application\/ld+json\" class=\"yoast-schema-graph\">{\"@context\":\"https:\/\/schema.org\",\"@graph\":[{\"@type\":\"WebPage\",\"@id\":\"https:\/\/www.esta-officiel-usa.com\/es\/cuales-son-los-tramites-para-entrar-en-estados-unidos\/\",\"url\":\"https:\/\/www.esta-officiel-usa.com\/es\/cuales-son-los-tramites-para-entrar-en-estados-unidos\/\",\"name\":\"\u00bfCu\u00e1les son los tr\u00e1mites para entrar en Estados Unidos?\",\"isPartOf\":{\"@id\":\"https:\/\/www.esta-officiel-usa.com\/es\/#website\"},\"datePublished\":\"2025-09-13T11:59:26+00:00\",\"dateModified\":\"2025-09-13T11:59:27+00:00\",\"description\":\"Pasar por inmigraci\u00f3n suele ser muy r\u00e1pido, pero nuestros expertos responder\u00e1n a cualquier pregunta que puedas tener sobre los tr\u00e1mites.\",\"breadcrumb\":{\"@id\":\"https:\/\/www.esta-officiel-usa.com\/es\/cuales-son-los-tramites-para-entrar-en-estados-unidos\/#breadcrumb\"},\"inLanguage\":\"es\",\"potentialAction\":[{\"@type\":\"ReadAction\",\"target\":[\"https:\/\/www.esta-officiel-usa.com\/es\/cuales-son-los-tramites-para-entrar-en-estados-unidos\/\"]}]},{\"@type\":\"BreadcrumbList\",\"@id\":\"https:\/\/www.esta-officiel-usa.com\/es\/cuales-son-los-tramites-para-entrar-en-estados-unidos\/#breadcrumb\",\"itemListElement\":[{\"@type\":\"ListItem\",\"position\":1,\"name\":\"Inicio\",\"item\":\"https:\/\/www.esta-officiel-usa.com\/es\/\"},{\"@type\":\"ListItem\",\"position\":2,\"name\":\"\u00bfCu\u00e1les son los tr\u00e1mites para entrar en Estados Unidos?\"}]},{\"@type\":\"WebSite\",\"@id\":\"https:\/\/www.esta-officiel-usa.com\/es\/#website\",\"url\":\"https:\/\/www.esta-officiel-usa.com\/es\/\",\"name\":\"ESTA - Estados Unidos\",\"description\":\"Formulario de solicitud ESTA\",\"potentialAction\":[{\"@type\":\"SearchAction\",\"target\":{\"@type\":\"EntryPoint\",\"urlTemplate\":\"https:\/\/www.esta-officiel-usa.com\/es\/?s={search_term_string}\"},\"query-input\":{\"@type\":\"PropertyValueSpecification\",\"valueRequired\":true,\"valueName\":\"search_term_string\"}}],\"inLanguage\":\"es\"}]}<\/script>\n<!-- \/ Yoast SEO plugin. -->","yoast_head_json":{"title":"\u00bfCu\u00e1les son los tr\u00e1mites para entrar en Estados Unidos?","description":"Pasar por inmigraci\u00f3n suele ser muy r\u00e1pido, pero nuestros expertos responder\u00e1n a cualquier pregunta que puedas tener sobre los tr\u00e1mites.","robots":{"index":"index","follow":"follow","max-snippet":"max-snippet:-1","max-image-preview":"max-image-preview:large","max-video-preview":"max-video-preview:-1"},"canonical":"https:\/\/www.esta-officiel-usa.com\/es\/cuales-son-los-tramites-para-entrar-en-estados-unidos\/","og_locale":"es_ES","og_type":"article","og_title":"\u00bfCu\u00e1les son los tr\u00e1mites para entrar en Estados Unidos?","og_description":"Pasar por inmigraci\u00f3n suele ser muy r\u00e1pido, pero nuestros expertos responder\u00e1n a cualquier pregunta que puedas tener sobre los tr\u00e1mites.","og_url":"https:\/\/www.esta-officiel-usa.com\/es\/cuales-son-los-tramites-para-entrar-en-estados-unidos\/","og_site_name":"ESTA - Estados Unidos","article_modified_time":"2025-09-13T11:59:27+00:00","twitter_card":"summary_large_image","twitter_misc":{"Tiempo de lectura":"2 minutos"},"schema":{"@context":"https:\/\/schema.org","@graph":[{"@type":"WebPage","@id":"https:\/\/www.esta-officiel-usa.com\/es\/cuales-son-los-tramites-para-entrar-en-estados-unidos\/","url":"https:\/\/www.esta-officiel-usa.com\/es\/cuales-son-los-tramites-para-entrar-en-estados-unidos\/","name":"\u00bfCu\u00e1les son los tr\u00e1mites para entrar en Estados Unidos?","isPartOf":{"@id":"https:\/\/www.esta-officiel-usa.com\/es\/#website"},"datePublished":"2025-09-13T11:59:26+00:00","dateModified":"2025-09-13T11:59:27+00:00","description":"Pasar por inmigraci\u00f3n suele ser muy r\u00e1pido, pero nuestros expertos responder\u00e1n a cualquier pregunta que puedas tener sobre los tr\u00e1mites.","breadcrumb":{"@id":"https:\/\/www.esta-officiel-usa.com\/es\/cuales-son-los-tramites-para-entrar-en-estados-unidos\/#breadcrumb"},"inLanguage":"es","potentialAction":[{"@type":"ReadAction","target":["https:\/\/www.esta-officiel-usa.com\/es\/cuales-son-los-tramites-para-entrar-en-estados-unidos\/"]}]},{"@type":"BreadcrumbList","@id":"https:\/\/www.esta-officiel-usa.com\/es\/cuales-son-los-tramites-para-entrar-en-estados-unidos\/#breadcrumb","itemListElement":[{"@type":"ListItem","position":1,"name":"Inicio","item":"https:\/\/www.esta-officiel-usa.com\/es\/"},{"@type":"ListItem","position":2,"name":"\u00bfCu\u00e1les son los tr\u00e1mites para entrar en Estados Unidos?"}]},{"@type":"WebSite","@id":"https:\/\/www.esta-officiel-usa.com\/es\/#website","url":"https:\/\/www.esta-officiel-usa.com\/es\/","name":"ESTA - Estados Unidos","description":"Formulario de solicitud ESTA","potentialAction":[{"@type":"SearchAction","target":{"@type":"EntryPoint","urlTemplate":"https:\/\/www.esta-officiel-usa.com\/es\/?s={search_term_string}"},"query-input":{"@type":"PropertyValueSpecification","valueRequired":true,"valueName":"search_term_string"}}],"inLanguage":"es"}]}},"_links":{"self":[{"href":"https:\/\/www.esta-officiel-usa.com\/es\/wp-json\/wp\/v2\/pages\/1029","targetHints":{"allow":["GET"]}}],"collection":[{"href":"https:\/\/www.esta-officiel-usa.com\/es\/wp-json\/wp\/v2\/pages"}],"about":[{"href":"https:\/\/www.esta-officiel-usa.com\/es\/wp-json\/wp\/v2\/types\/page"}],"author":[{"embeddable":true,"href":"https:\/\/www.esta-officiel-usa.com\/es\/wp-json\/wp\/v2\/users\/1"}],"replies":[{"embeddable":true,"href":"https:\/\/www.esta-officiel-usa.com\/es\/wp-json\/wp\/v2\/comments?post=1029"}],"version-history":[{"count":1,"href":"https:\/\/www.esta-officiel-usa.com\/es\/wp-json\/wp\/v2\/pages\/1029\/revisions"}],"predecessor-version":[{"id":1031,"href":"https:\/\/www.esta-officiel-usa.com\/es\/wp-json\/wp\/v2\/pages\/1029\/revisions\/1031"}],"wp:attachment":[{"href":"https:\/\/www.esta-officiel-usa.com\/es\/wp-json\/wp\/v2\/media?parent=1029"}],"curies":[{"name":"wp","href":"https:\/\/api.w.org\/{rel}","templated":true}]}}