{"id":1035,"date":"2025-09-13T11:59:29","date_gmt":"2025-09-13T11:59:29","guid":{"rendered":"https:\/\/www.esta-officiel-usa.com\/etias-europa-inspirado-en-el-esta-estadounidense\/"},"modified":"2025-09-13T11:59:29","modified_gmt":"2025-09-13T11:59:29","slug":"etias-europa-inspirado-en-el-esta-estadounidense","status":"publish","type":"page","link":"https:\/\/www.esta-officiel-usa.com\/es\/etias-europa-inspirado-en-el-esta-estadounidense\/","title":{"rendered":"ETIAS Europa, inspirado en el ESTA estadounidense"},"content":{"rendered":"\n<h1 class=\"wp-block-heading\">ETIAS: \u00bfEL FUTURO DE ESTA EN EUROPA?<\/h1>\n\n<p>El ETIAS es una autorizaci\u00f3n de viaje que se pondr\u00e1 en marcha en 2020. Solicitado por los gobiernos franc\u00e9s y alem\u00e1n desde hace varios a\u00f1os, este documento se inspira en el<a href=\"https:\/\/www.esta-officiel-usa.com\/es\/\">ESTA<\/a> estadounidense (tambi\u00e9n adoptado por Canad\u00e1). El objetivo del ETIAS es reforzar la seguridad del territorio europeo comprobando la identidad de los viajeros incluso antes de que suban al avi\u00f3n.  <\/p>\n\n<h2 class=\"wp-block-heading\">\u00bfPARA QU\u00c9 SIRVE ETIAS?<\/h2>\n\n<p>Tras los atentados terroristas que han asolado Europa en los \u00faltimos a\u00f1os, la sensaci\u00f3n de inseguridad ha obligado recientemente a los miembros de la Comisi\u00f3n de Libertades Civiles del Parlamento Europeo a establecer nuevos protocolos de seguridad. La Uni\u00f3n Europea ha recurrido al sistema de seguridad estadounidense plasmado en el ESTA (Sistema Electr\u00f3nico de Autorizaci\u00f3n de Viaje):   <\/p>\n\n<ul class=\"wp-block-list\"><li>Los viajeros deben rellenar un <a href=\"https:\/\/www.esta-officiel-usa.com\/fr\/remplir-le-questionnaire-est-en-francais\/\">cuestionario<\/a> utilizando la informaci\u00f3n de su pasaporte;<\/li><li>La solicitud se tramita autom\u00e1ticamente en l\u00ednea seg\u00fan la normativa de cada pa\u00eds de entrada;<\/li><li>Una autorizaci\u00f3n de viaje v\u00e1lida durante varios a\u00f1os;<\/li><li>Permite estancias de hasta 90 d\u00edas consecutivos;<\/li><li>Permite a los titulares realizar viajes tur\u00edsticos o de negocios, o simplemente de paso.<\/li><\/ul>\n\n<p>En vigor desde 2009, el ESTA USA ha demostrado una eficacia incomparable: la autorizaci\u00f3n facilita el acceso a Estados Unidos de millones de visitantes, adem\u00e1s de permitir a los funcionarios de <a href=\"https:\/\/www.esta-officiel-usa.com\/fr\/passer-les-controles-des-douanes-americaines\/\">aduanas<\/a> realizar un control previo de los viajeros. Las tasas de solicitud tambi\u00e9n se utilizan para financiar los servicios que tramitan las solicitudes y para promover el turismo en Estados Unidos. El ESTA es una f\u00f3rmula que beneficia tanto a los viajeros como al gobierno estadounidense, y es esencialmente este modelo el que se aplicar\u00e1 al ETIAS.  <\/p>\n\n<h2 class=\"wp-block-heading\">\u00bfPARA QUI\u00c9N ES ETIAS?<\/h2>\n\n<p>La obtenci\u00f3n de un ETIAS ser\u00e1 obligatoria para los nacionales de todos los pa\u00edses que actualmente est\u00e1n exentos de visado. Entre el momento en que leas este art\u00edculo y 2020, es posible que se hayan a\u00f1adido nuevos pa\u00edses al programa. <\/p>\n\n<p>Los siguientes pa\u00edses participan actualmente en el programa ETIAS:<br\/><br\/>Albania, Andorra, Antigua y Barbuda, Argentina, Australia, Bahamas, Barbados, Bosnia-Herzegovina, Brasil, Brunei, Canad\u00e1, Chile, Colombia, Costa Rica, Dominica, El Salvador, Granada, Guatemala, Honduras, Hong Kong, Israel, Jap\u00f3n, Kiribati, Corea del Sur, Macao, Macedonia, Malasia, Islas Marshall, Mauricio, M\u00e9xico, Micronesia, Moldavia, Montenegro, Nicaragua, Nueva Zelanda, Palau, Panam\u00e1, Paraguay, Per\u00fa, San Crist\u00f3bal y Nieves, Santa Luc\u00eda, San Vicente y las Granadinas, Samoa, Serbia, Seychelles, Singapur, Islas Salom\u00f3n, Taiw\u00e1n, Timor Oriental, Tonga, Trinidad y Tobago, Tuvalu, Inglaterra, Uruguay, Vanuatu, Venezuela.<\/p>\n\n<p>Las personas en posesi\u00f3n de una autorizaci\u00f3n de viaje ETIAS podr\u00e1n entonces viajar libremente por los siguientes pa\u00edses:<\/p>\n\n<p>Alemania, Austria, B\u00e9lgica, Dinamarca, Eslovaquia, Eslovenia, Espa\u00f1a, Estonia, Finlandia, Francia, Grecia, Hungr\u00eda, Islandia, Italia, Letonia, Liechtenstein, Lituania, Luxemburgo, Malta, Noruega, Pa\u00edses Bajos, Polonia, Portugal, Rep\u00fablica Checa, Suecia y Suiza.<\/p>\n","protected":false},"excerpt":{"rendered":"<p>ETIAS: \u00bfEL FUTURO DE ESTA EN EUROPA? El ETIAS es una autorizaci\u00f3n de viaje que se pondr\u00e1 en marcha en 2020. Solicitado por los gobiernos franc\u00e9s y alem\u00e1n desde hace varios a\u00f1os, este documento se inspira en elESTA estadounidense (tambi\u00e9n adoptado por Canad\u00e1). El objetivo del ETIAS es reforzar la seguridad del territorio europeo comprobando [&hellip;]<\/p>\n","protected":false},"author":1,"featured_media":0,"parent":0,"menu_order":0,"comment_status":"closed","ping_status":"closed","template":"","meta":{"footnotes":""},"class_list":["post-1035","page","type-page","status-publish","hentry"],"yoast_head":"<!-- This site is optimized with the Yoast SEO plugin v26.2 - https:\/\/yoast.com\/wordpress\/plugins\/seo\/ -->\n<title>ETIAS Europa, inspirado en el ESTA estadounidense<\/title>\n<meta name=\"description\" content=\"ETIAS es una autorizaci\u00f3n de viaje que se pondr\u00e1 en marcha en 2020. Nuestros equipos te explican en qu\u00e9 consiste.\" \/>\n<meta name=\"robots\" content=\"index, follow, max-snippet:-1, max-image-preview:large, max-video-preview:-1\" \/>\n<link rel=\"canonical\" href=\"https:\/\/www.esta-officiel-usa.com\/es\/etias-europa-inspirado-en-el-esta-estadounidense\/\" \/>\n<meta property=\"og:locale\" content=\"es_ES\" \/>\n<meta property=\"og:type\" content=\"article\" \/>\n<meta property=\"og:title\" content=\"ETIAS Europa, inspirado en el ESTA estadounidense\" \/>\n<meta property=\"og:description\" content=\"ETIAS es una autorizaci\u00f3n de viaje que se pondr\u00e1 en marcha en 2020. Nuestros equipos te explican en qu\u00e9 consiste.\" \/>\n<meta property=\"og:url\" content=\"https:\/\/www.esta-officiel-usa.com\/es\/etias-europa-inspirado-en-el-esta-estadounidense\/\" \/>\n<meta property=\"og:site_name\" content=\"ESTA - Estados Unidos\" \/>\n<meta name=\"twitter:card\" content=\"summary_large_image\" \/>\n<meta name=\"twitter:label1\" content=\"Tiempo de lectura\" \/>\n\t<meta name=\"twitter:data1\" content=\"2 minutos\" \/>\n<script type=\"application\/ld+json\" class=\"yoast-schema-graph\">{\"@context\":\"https:\/\/schema.org\",\"@graph\":[{\"@type\":\"WebPage\",\"@id\":\"https:\/\/www.esta-officiel-usa.com\/es\/etias-europa-inspirado-en-el-esta-estadounidense\/\",\"url\":\"https:\/\/www.esta-officiel-usa.com\/es\/etias-europa-inspirado-en-el-esta-estadounidense\/\",\"name\":\"ETIAS Europa, inspirado en el ESTA estadounidense\",\"isPartOf\":{\"@id\":\"https:\/\/www.esta-officiel-usa.com\/es\/#website\"},\"datePublished\":\"2025-09-13T11:59:29+00:00\",\"description\":\"ETIAS es una autorizaci\u00f3n de viaje que se pondr\u00e1 en marcha en 2020. Nuestros equipos te explican en qu\u00e9 consiste.\",\"breadcrumb\":{\"@id\":\"https:\/\/www.esta-officiel-usa.com\/es\/etias-europa-inspirado-en-el-esta-estadounidense\/#breadcrumb\"},\"inLanguage\":\"es\",\"potentialAction\":[{\"@type\":\"ReadAction\",\"target\":[\"https:\/\/www.esta-officiel-usa.com\/es\/etias-europa-inspirado-en-el-esta-estadounidense\/\"]}]},{\"@type\":\"BreadcrumbList\",\"@id\":\"https:\/\/www.esta-officiel-usa.com\/es\/etias-europa-inspirado-en-el-esta-estadounidense\/#breadcrumb\",\"itemListElement\":[{\"@type\":\"ListItem\",\"position\":1,\"name\":\"Inicio\",\"item\":\"https:\/\/www.esta-officiel-usa.com\/es\/\"},{\"@type\":\"ListItem\",\"position\":2,\"name\":\"ETIAS Europa, inspirado en el ESTA estadounidense\"}]},{\"@type\":\"WebSite\",\"@id\":\"https:\/\/www.esta-officiel-usa.com\/es\/#website\",\"url\":\"https:\/\/www.esta-officiel-usa.com\/es\/\",\"name\":\"ESTA - Estados Unidos\",\"description\":\"Formulario de solicitud ESTA\",\"potentialAction\":[{\"@type\":\"SearchAction\",\"target\":{\"@type\":\"EntryPoint\",\"urlTemplate\":\"https:\/\/www.esta-officiel-usa.com\/es\/?s={search_term_string}\"},\"query-input\":{\"@type\":\"PropertyValueSpecification\",\"valueRequired\":true,\"valueName\":\"search_term_string\"}}],\"inLanguage\":\"es\"}]}<\/script>\n<!-- \/ Yoast SEO plugin. -->","yoast_head_json":{"title":"ETIAS Europa, inspirado en el ESTA estadounidense","description":"ETIAS es una autorizaci\u00f3n de viaje que se pondr\u00e1 en marcha en 2020. Nuestros equipos te explican en qu\u00e9 consiste.","robots":{"index":"index","follow":"follow","max-snippet":"max-snippet:-1","max-image-preview":"max-image-preview:large","max-video-preview":"max-video-preview:-1"},"canonical":"https:\/\/www.esta-officiel-usa.com\/es\/etias-europa-inspirado-en-el-esta-estadounidense\/","og_locale":"es_ES","og_type":"article","og_title":"ETIAS Europa, inspirado en el ESTA estadounidense","og_description":"ETIAS es una autorizaci\u00f3n de viaje que se pondr\u00e1 en marcha en 2020. Nuestros equipos te explican en qu\u00e9 consiste.","og_url":"https:\/\/www.esta-officiel-usa.com\/es\/etias-europa-inspirado-en-el-esta-estadounidense\/","og_site_name":"ESTA - Estados Unidos","twitter_card":"summary_large_image","twitter_misc":{"Tiempo de lectura":"2 minutos"},"schema":{"@context":"https:\/\/schema.org","@graph":[{"@type":"WebPage","@id":"https:\/\/www.esta-officiel-usa.com\/es\/etias-europa-inspirado-en-el-esta-estadounidense\/","url":"https:\/\/www.esta-officiel-usa.com\/es\/etias-europa-inspirado-en-el-esta-estadounidense\/","name":"ETIAS Europa, inspirado en el ESTA estadounidense","isPartOf":{"@id":"https:\/\/www.esta-officiel-usa.com\/es\/#website"},"datePublished":"2025-09-13T11:59:29+00:00","description":"ETIAS es una autorizaci\u00f3n de viaje que se pondr\u00e1 en marcha en 2020. Nuestros equipos te explican en qu\u00e9 consiste.","breadcrumb":{"@id":"https:\/\/www.esta-officiel-usa.com\/es\/etias-europa-inspirado-en-el-esta-estadounidense\/#breadcrumb"},"inLanguage":"es","potentialAction":[{"@type":"ReadAction","target":["https:\/\/www.esta-officiel-usa.com\/es\/etias-europa-inspirado-en-el-esta-estadounidense\/"]}]},{"@type":"BreadcrumbList","@id":"https:\/\/www.esta-officiel-usa.com\/es\/etias-europa-inspirado-en-el-esta-estadounidense\/#breadcrumb","itemListElement":[{"@type":"ListItem","position":1,"name":"Inicio","item":"https:\/\/www.esta-officiel-usa.com\/es\/"},{"@type":"ListItem","position":2,"name":"ETIAS Europa, inspirado en el ESTA estadounidense"}]},{"@type":"WebSite","@id":"https:\/\/www.esta-officiel-usa.com\/es\/#website","url":"https:\/\/www.esta-officiel-usa.com\/es\/","name":"ESTA - Estados Unidos","description":"Formulario de solicitud ESTA","potentialAction":[{"@type":"SearchAction","target":{"@type":"EntryPoint","urlTemplate":"https:\/\/www.esta-officiel-usa.com\/es\/?s={search_term_string}"},"query-input":{"@type":"PropertyValueSpecification","valueRequired":true,"valueName":"search_term_string"}}],"inLanguage":"es"}]}},"_links":{"self":[{"href":"https:\/\/www.esta-officiel-usa.com\/es\/wp-json\/wp\/v2\/pages\/1035","targetHints":{"allow":["GET"]}}],"collection":[{"href":"https:\/\/www.esta-officiel-usa.com\/es\/wp-json\/wp\/v2\/pages"}],"about":[{"href":"https:\/\/www.esta-officiel-usa.com\/es\/wp-json\/wp\/v2\/types\/page"}],"author":[{"embeddable":true,"href":"https:\/\/www.esta-officiel-usa.com\/es\/wp-json\/wp\/v2\/users\/1"}],"replies":[{"embeddable":true,"href":"https:\/\/www.esta-officiel-usa.com\/es\/wp-json\/wp\/v2\/comments?post=1035"}],"version-history":[{"count":1,"href":"https:\/\/www.esta-officiel-usa.com\/es\/wp-json\/wp\/v2\/pages\/1035\/revisions"}],"predecessor-version":[{"id":1036,"href":"https:\/\/www.esta-officiel-usa.com\/es\/wp-json\/wp\/v2\/pages\/1035\/revisions\/1036"}],"wp:attachment":[{"href":"https:\/\/www.esta-officiel-usa.com\/es\/wp-json\/wp\/v2\/media?parent=1035"}],"curies":[{"name":"wp","href":"https:\/\/api.w.org\/{rel}","templated":true}]}}