{"id":1043,"date":"2025-09-13T11:59:44","date_gmt":"2025-09-13T11:59:44","guid":{"rendered":"https:\/\/www.esta-officiel-usa.com\/cuanto-tiempo-se-tarda-en-obtener-el-esta\/"},"modified":"2025-09-13T11:59:47","modified_gmt":"2025-09-13T11:59:47","slug":"cuanto-tiempo-se-tarda-en-obtener-el-esta","status":"publish","type":"page","link":"https:\/\/www.esta-officiel-usa.com\/es\/cuanto-tiempo-se-tarda-en-obtener-el-esta\/","title":{"rendered":"\u00bfCu\u00e1nto tiempo se tarda en obtener el ESTA?"},"content":{"rendered":"\n<h1 class=\"wp-block-heading\">TIEMPO NECESARIO PARA OBTENER LA ESTA<\/h1>\n\n<p>38 pa\u00edses, entre ellos Francia, participan en el Programa de Exenci\u00f3n de Visado. Esto significa que sus nacionales pueden beneficiarse de la exenci\u00f3n de visado para viajar a Estados Unidos. \u00bfTe interesa el<a href=\"https:\/\/www.esta-officiel-usa.com\/es\/\">ESTA<\/a>? Nuestros expertos pueden informarte sobre el proceso de solicitud del ESTA.   <\/p>\n\n<h2 class=\"wp-block-heading\">\u00bfCU\u00c1NTO TIEMPO SE TARDA EN RECIBIR UNA ESTA?<\/h2>\n\n<p>El ESTA se cre\u00f3 para facilitar la entrada en Estados Unidos a los nacionales de determinados pa\u00edses.<\/p>\n\n<p>Para reunir los requisitos, tienes que cumplir una serie de criterios, entre ellos :<\/p>\n\n<ul class=\"wp-block-list\"><li>ser nacional de un pa\u00eds miembro del <a href=\"https:\/\/www.esta-officiel-usa.com\/fr\/a-propos-du-visa-waiver-program\/\">Programa de Exenci\u00f3n de Visado<\/a> (determinadas nacionalidades dobles quedan autom\u00e1ticamente excluidas);<\/li><li>permanecer en EE.UU. por turismo o negocios, o simplemente transitar por suelo estadounidense;<\/li><li>viajar con una empresa autorizada por Estados Unidos;<\/li><li>permanecer en Estados Unidos un m\u00e1ximo de 90 d\u00edas;<\/li><li>ser titular de un <a href=\"https:\/\/www.esta-officiel-usa.com\/fr\/quel-type-de-passeport-pour-les-usa\/\">pasaporte<\/a> electr\u00f3nico o biom\u00e9trico v\u00e1lido;<\/li><li>cumplimentar correctamente el cuestionario ESTA obligatorio y, a continuaci\u00f3n, validar la solicitud pagando la tasa de tramitaci\u00f3n.<\/li><\/ul>\n\n<p>Si quieres recibir tu ESTA lo antes posible, debes tener cuidado al rellenar el formulario. El formulario consta de tres secciones: <\/p>\n\n<ul class=\"wp-block-list\"><li>identidad del viajero ;<\/li><li>razones para permanecer en EEUU ;<\/li><li>antecedentes m\u00e9dicos y penales.<\/li><\/ul>\n\n<p>La informaci\u00f3n debe corresponder estrictamente a la realidad, o corres el riesgo de que las autoridades estadounidenses te denieguen la autorizaci\u00f3n.<\/p>\n\n<p>Para limitarlo, esta-officiel-usa.com puede ayudarte a obtener tu ESTA.<\/p>\n\n<p>Nuestros equipos comprueban tus respuestas una por una. Recibir\u00e1s tu ESTA en un plazo de 72 horas, normalmente el mismo d\u00eda. <\/p>\n\n<h2 class=\"wp-block-heading\">PLAZOS PARA UNA NUEVA SOLICITUD DE ESTA EN CASO DE DENEGACI\u00d3N<\/h2>\n\n<p>Las denegaciones del ESTA son muy raras, pero si tienes mala suerte, debes saber que debes esperar 10 d\u00edas antes de solicitar una nueva autorizaci\u00f3n.<\/p>\n\n<p>En este caso, debes comprobar cada respuesta cuidadosamente y evitar errores tipogr\u00e1ficos o invertir letras o n\u00fameros.<\/p>\n\n<p>Si se aprueba la autorizaci\u00f3n, recibir\u00e1s por correo electr\u00f3nico tu certificado oficial ESTA, que podr\u00e1s descargar en formato PDF. Si tu solicitud es rechazada de nuevo, no tendr\u00e1s m\u00e1s remedio que solicitar otra forma de autorizaci\u00f3n de residencia, como un visado. <\/p>\n\n<h2 class=\"wp-block-heading\">PER\u00cdODO DE VALIDEZ DE LA ESTA<\/h2>\n\n<p>El formulario ESTA tiene una validez de dos a\u00f1os. Por tanto, es posible realizar varias visitas durante este periodo, con una estancia m\u00e1xima de 90 d\u00edas. <\/p>\n\n<p>Sin embargo, ten en cuenta que si tus datos (estado civil, n\u00famero de pasaporte, etc.) cambian con el tiempo, deber\u00e1s solicitar un nuevo ESTA sin demora.<\/p>\n\n<p>Si no lo haces, el <a href=\"https:\/\/www.esta-officiel-usa.com\/fr\/le-departement-de-la-securite-interieure-americain\/\">Departamento de Seguridad<\/a> Nacional podr\u00eda denegarte la entrada en Estados Unidos en caso de <a href=\"https:\/\/www.esta-officiel-usa.com\/fr\/passer-les-controles-des-douanes-americaines\/\">control aduanero<\/a>.<\/p>\n\n<p>Si deseas solicitar un ESTA actualizado, el procedimiento es el mismo que para una solicitud inicial. El plazo de recepci\u00f3n tampoco cambia, es decir, 72 horas como m\u00e1ximo, y normalmente el mismo d\u00eda.   <\/p>\n","protected":false},"excerpt":{"rendered":"<p>TIEMPO NECESARIO PARA OBTENER LA ESTA 38 pa\u00edses, entre ellos Francia, participan en el Programa de Exenci\u00f3n de Visado. Esto significa que sus nacionales pueden beneficiarse de la exenci\u00f3n de visado para viajar a Estados Unidos. \u00bfTe interesa elESTA? Nuestros expertos pueden informarte sobre el proceso de solicitud del ESTA. \u00bfCU\u00c1NTO TIEMPO SE TARDA EN [&hellip;]<\/p>\n","protected":false},"author":1,"featured_media":0,"parent":0,"menu_order":0,"comment_status":"closed","ping_status":"closed","template":"","meta":{"footnotes":""},"class_list":["post-1043","page","type-page","status-publish","hentry"],"yoast_head":"<!-- This site is optimized with the Yoast SEO plugin v26.2 - https:\/\/yoast.com\/wordpress\/plugins\/seo\/ -->\n<title>\u00bfCu\u00e1nto tiempo se tarda en obtener el ESTA?<\/title>\n<meta name=\"description\" content=\"Para recibir tu ESTA lo antes posible (de unas horas a 72 horas), debes tener cuidado al rellenar el formulario.\" \/>\n<meta name=\"robots\" content=\"index, follow, max-snippet:-1, max-image-preview:large, max-video-preview:-1\" \/>\n<link rel=\"canonical\" href=\"https:\/\/www.esta-officiel-usa.com\/es\/cuanto-tiempo-se-tarda-en-obtener-el-esta\/\" \/>\n<meta property=\"og:locale\" content=\"es_ES\" \/>\n<meta property=\"og:type\" content=\"article\" \/>\n<meta property=\"og:title\" content=\"\u00bfCu\u00e1nto tiempo se tarda en obtener el ESTA?\" \/>\n<meta property=\"og:description\" content=\"Para recibir tu ESTA lo antes posible (de unas horas a 72 horas), debes tener cuidado al rellenar el formulario.\" \/>\n<meta property=\"og:url\" content=\"https:\/\/www.esta-officiel-usa.com\/es\/cuanto-tiempo-se-tarda-en-obtener-el-esta\/\" \/>\n<meta property=\"og:site_name\" content=\"ESTA - Estados Unidos\" \/>\n<meta property=\"article:modified_time\" content=\"2025-09-13T11:59:47+00:00\" \/>\n<meta name=\"twitter:card\" content=\"summary_large_image\" \/>\n<meta name=\"twitter:label1\" content=\"Tiempo de lectura\" \/>\n\t<meta name=\"twitter:data1\" content=\"2 minutos\" \/>\n<script type=\"application\/ld+json\" class=\"yoast-schema-graph\">{\"@context\":\"https:\/\/schema.org\",\"@graph\":[{\"@type\":\"WebPage\",\"@id\":\"https:\/\/www.esta-officiel-usa.com\/es\/cuanto-tiempo-se-tarda-en-obtener-el-esta\/\",\"url\":\"https:\/\/www.esta-officiel-usa.com\/es\/cuanto-tiempo-se-tarda-en-obtener-el-esta\/\",\"name\":\"\u00bfCu\u00e1nto tiempo se tarda en obtener el ESTA?\",\"isPartOf\":{\"@id\":\"https:\/\/www.esta-officiel-usa.com\/es\/#website\"},\"datePublished\":\"2025-09-13T11:59:44+00:00\",\"dateModified\":\"2025-09-13T11:59:47+00:00\",\"description\":\"Para recibir tu ESTA lo antes posible (de unas horas a 72 horas), debes tener cuidado al rellenar el formulario.\",\"breadcrumb\":{\"@id\":\"https:\/\/www.esta-officiel-usa.com\/es\/cuanto-tiempo-se-tarda-en-obtener-el-esta\/#breadcrumb\"},\"inLanguage\":\"es\",\"potentialAction\":[{\"@type\":\"ReadAction\",\"target\":[\"https:\/\/www.esta-officiel-usa.com\/es\/cuanto-tiempo-se-tarda-en-obtener-el-esta\/\"]}]},{\"@type\":\"BreadcrumbList\",\"@id\":\"https:\/\/www.esta-officiel-usa.com\/es\/cuanto-tiempo-se-tarda-en-obtener-el-esta\/#breadcrumb\",\"itemListElement\":[{\"@type\":\"ListItem\",\"position\":1,\"name\":\"Inicio\",\"item\":\"https:\/\/www.esta-officiel-usa.com\/es\/\"},{\"@type\":\"ListItem\",\"position\":2,\"name\":\"\u00bfCu\u00e1nto tiempo se tarda en obtener el ESTA?\"}]},{\"@type\":\"WebSite\",\"@id\":\"https:\/\/www.esta-officiel-usa.com\/es\/#website\",\"url\":\"https:\/\/www.esta-officiel-usa.com\/es\/\",\"name\":\"ESTA - Estados Unidos\",\"description\":\"Formulario de solicitud ESTA\",\"potentialAction\":[{\"@type\":\"SearchAction\",\"target\":{\"@type\":\"EntryPoint\",\"urlTemplate\":\"https:\/\/www.esta-officiel-usa.com\/es\/?s={search_term_string}\"},\"query-input\":{\"@type\":\"PropertyValueSpecification\",\"valueRequired\":true,\"valueName\":\"search_term_string\"}}],\"inLanguage\":\"es\"}]}<\/script>\n<!-- \/ Yoast SEO plugin. -->","yoast_head_json":{"title":"\u00bfCu\u00e1nto tiempo se tarda en obtener el ESTA?","description":"Para recibir tu ESTA lo antes posible (de unas horas a 72 horas), debes tener cuidado al rellenar el formulario.","robots":{"index":"index","follow":"follow","max-snippet":"max-snippet:-1","max-image-preview":"max-image-preview:large","max-video-preview":"max-video-preview:-1"},"canonical":"https:\/\/www.esta-officiel-usa.com\/es\/cuanto-tiempo-se-tarda-en-obtener-el-esta\/","og_locale":"es_ES","og_type":"article","og_title":"\u00bfCu\u00e1nto tiempo se tarda en obtener el ESTA?","og_description":"Para recibir tu ESTA lo antes posible (de unas horas a 72 horas), debes tener cuidado al rellenar el formulario.","og_url":"https:\/\/www.esta-officiel-usa.com\/es\/cuanto-tiempo-se-tarda-en-obtener-el-esta\/","og_site_name":"ESTA - Estados Unidos","article_modified_time":"2025-09-13T11:59:47+00:00","twitter_card":"summary_large_image","twitter_misc":{"Tiempo de lectura":"2 minutos"},"schema":{"@context":"https:\/\/schema.org","@graph":[{"@type":"WebPage","@id":"https:\/\/www.esta-officiel-usa.com\/es\/cuanto-tiempo-se-tarda-en-obtener-el-esta\/","url":"https:\/\/www.esta-officiel-usa.com\/es\/cuanto-tiempo-se-tarda-en-obtener-el-esta\/","name":"\u00bfCu\u00e1nto tiempo se tarda en obtener el ESTA?","isPartOf":{"@id":"https:\/\/www.esta-officiel-usa.com\/es\/#website"},"datePublished":"2025-09-13T11:59:44+00:00","dateModified":"2025-09-13T11:59:47+00:00","description":"Para recibir tu ESTA lo antes posible (de unas horas a 72 horas), debes tener cuidado al rellenar el formulario.","breadcrumb":{"@id":"https:\/\/www.esta-officiel-usa.com\/es\/cuanto-tiempo-se-tarda-en-obtener-el-esta\/#breadcrumb"},"inLanguage":"es","potentialAction":[{"@type":"ReadAction","target":["https:\/\/www.esta-officiel-usa.com\/es\/cuanto-tiempo-se-tarda-en-obtener-el-esta\/"]}]},{"@type":"BreadcrumbList","@id":"https:\/\/www.esta-officiel-usa.com\/es\/cuanto-tiempo-se-tarda-en-obtener-el-esta\/#breadcrumb","itemListElement":[{"@type":"ListItem","position":1,"name":"Inicio","item":"https:\/\/www.esta-officiel-usa.com\/es\/"},{"@type":"ListItem","position":2,"name":"\u00bfCu\u00e1nto tiempo se tarda en obtener el ESTA?"}]},{"@type":"WebSite","@id":"https:\/\/www.esta-officiel-usa.com\/es\/#website","url":"https:\/\/www.esta-officiel-usa.com\/es\/","name":"ESTA - Estados Unidos","description":"Formulario de solicitud ESTA","potentialAction":[{"@type":"SearchAction","target":{"@type":"EntryPoint","urlTemplate":"https:\/\/www.esta-officiel-usa.com\/es\/?s={search_term_string}"},"query-input":{"@type":"PropertyValueSpecification","valueRequired":true,"valueName":"search_term_string"}}],"inLanguage":"es"}]}},"_links":{"self":[{"href":"https:\/\/www.esta-officiel-usa.com\/es\/wp-json\/wp\/v2\/pages\/1043","targetHints":{"allow":["GET"]}}],"collection":[{"href":"https:\/\/www.esta-officiel-usa.com\/es\/wp-json\/wp\/v2\/pages"}],"about":[{"href":"https:\/\/www.esta-officiel-usa.com\/es\/wp-json\/wp\/v2\/types\/page"}],"author":[{"embeddable":true,"href":"https:\/\/www.esta-officiel-usa.com\/es\/wp-json\/wp\/v2\/users\/1"}],"replies":[{"embeddable":true,"href":"https:\/\/www.esta-officiel-usa.com\/es\/wp-json\/wp\/v2\/comments?post=1043"}],"version-history":[{"count":3,"href":"https:\/\/www.esta-officiel-usa.com\/es\/wp-json\/wp\/v2\/pages\/1043\/revisions"}],"predecessor-version":[{"id":1046,"href":"https:\/\/www.esta-officiel-usa.com\/es\/wp-json\/wp\/v2\/pages\/1043\/revisions\/1046"}],"wp:attachment":[{"href":"https:\/\/www.esta-officiel-usa.com\/es\/wp-json\/wp\/v2\/media?parent=1043"}],"curies":[{"name":"wp","href":"https:\/\/api.w.org\/{rel}","templated":true}]}}