{"id":1063,"date":"2025-09-13T11:59:57","date_gmt":"2025-09-13T11:59:57","guid":{"rendered":"https:\/\/www.esta-officiel-usa.com\/renovar-su-esta\/"},"modified":"2025-09-13T11:59:58","modified_gmt":"2025-09-13T11:59:58","slug":"renovar-su-esta","status":"publish","type":"page","link":"https:\/\/www.esta-officiel-usa.com\/es\/renovar-su-esta\/","title":{"rendered":"Renovar su ESTA"},"content":{"rendered":"\n<h1 class=\"wp-block-heading\">RENUEVA TU SOLICITUD ESTA<\/h1>\n\n<p>Aunque tu primera solicitud ESTA tenga \u00e9xito, esta autorizaci\u00f3n s\u00f3lo es v\u00e1lida durante dos a\u00f1os. Una vez transcurrido este periodo, tendr\u00e1s que volver a realizar el proceso de solicitud para una nueva estancia en EEUU. Renovar tu ESTA significa simplemente presentar una nueva solicitud. Puedes hacerlo aunque tu primer documento no haya caducado. As\u00ed que prep\u00e1rate para una sensaci\u00f3n de d\u00e9j\u00e0 vu y \u00a1vuelve a conectarte!    <\/p>\n\n<h2 class=\"wp-block-heading\">PASOS PARA RENOVAR LA ESTA<\/h2>\n\n<p>La validez de dos a\u00f1os del ESTA (Sistema Electr\u00f3nico de Autorizaci\u00f3n de Viaje) es estricta: las autoridades estadounidenses no te lo conceder\u00e1n ni un d\u00eda m\u00e1s. No corras nunca el riesgo de encontrarte en Estados Unidos con un documento caducado. S\u00f3lo hay una soluci\u00f3n: renovar tu <a href=\"https:\/\/www.esta-officiel-usa.com\/fr\/completer-sa-demande-officielle-desta\/\">solicitud ESTA<\/a> en l\u00ednea.  <\/p>\n\n<p>Esta renovaci\u00f3n no implica nada m\u00e1s que rellenar de nuevo los campos del formulario. No puedes volver a tu ESTA anterior y pulsar el bot\u00f3n \u00abrenovar solicitud\u00bb, por ejemplo. Evita copiar y pegar tu formulario original: podr\u00edas olvidar algunos de los cambios que se han producido entretanto. Adem\u00e1s, los motivos de tu estancia pueden ser diferentes, al igual que tu estado de salud.   <\/p>\n\n<p>Y tampoco esperes estar exento de tasas de tramitaci\u00f3n: cada solicitud significa que tienes que pagarlas, ya que tu expediente se revisa en su totalidad.<\/p>\n\n<p>Puedes renovar tu ESTA oficial sin esperar a que expire el plazo de validez de 2 a\u00f1os. Esto a veces es esencial si algunos de los datos que facilitas ya no est\u00e1n actualizados: n\u00famero de pasaporte, direcci\u00f3n, antecedentes penales, etc. <\/p>\n\n<h2 class=\"wp-block-heading\">\u00a1OBTENER UNA ESTA POR PRIMERA VEZ NO GARANTIZA LA SEGUNDA!<\/h2>\n\n<p>No des por supuesto que una vez aceptada una solicitud, ser\u00e1 autom\u00e1ticamente aceptada una segunda vez. Las autoridades estadounidenses no establecen ning\u00fan v\u00ednculo entre dos solicitudes, y un solo cambio desde tu ESTA anterior puede bastar para que te lo denieguen si ya no cumple <a href=\"https:\/\/www.esta-officiel-usa.com\/fr\/quelles-sont-les-regles-dobtention-de-lesta\/\">las normas para obtenerlo<\/a>. <\/p>\n\n<p>Ten en cuenta todas las condiciones asociadas al <a href=\"https:\/\/www.esta-officiel-usa.com\/fr\/a-propos-du-visa-waiver-program\/\">Programa de Exenci\u00f3n de Visado (VWP<\/a> ):<\/p>\n\n<ul class=\"wp-block-list\"><li>Abarca a los nacionales de 38 pa\u00edses miembros, pero excluye a los que tienen doble nacionalidad de Irak, Ir\u00e1n, Siria y Sud\u00e1n;<\/li><li>Las estancias en Estados Unidos no deben superar los 90 d\u00edas;<\/li><li>Su finalidad debe ser el turismo, los negocios o el tr\u00e1nsito;<\/li><li>Tu pasaporte debe ser v\u00e1lido ;<\/li><li>Debes dar una respuesta satisfactoria al cuestionario.<\/li><\/ul>\n\n<p>Si nada ha cambiado desde tu primera solicitud, es probable que la segunda tambi\u00e9n tenga \u00e9xito, pero no dejes que eso te desanime.<\/p>\n\n<p>Para no retrasar tu autorizaci\u00f3n, en caso de error tipogr\u00e1fico por ejemplo, solicita nuestra asistencia ESTA en l\u00ednea, que tambi\u00e9n puede ayudarte con los <a href=\"https:\/\/www.esta-officiel-usa.com\/fr\/les-demarches-pour-visiter-les-etats-unis\/\">tr\u00e1mites para tu visita a Estados Unidos<\/a>.<\/p>\n","protected":false},"excerpt":{"rendered":"<p>RENUEVA TU SOLICITUD ESTA Aunque tu primera solicitud ESTA tenga \u00e9xito, esta autorizaci\u00f3n s\u00f3lo es v\u00e1lida durante dos a\u00f1os. Una vez transcurrido este periodo, tendr\u00e1s que volver a realizar el proceso de solicitud para una nueva estancia en EEUU. Renovar tu ESTA significa simplemente presentar una nueva solicitud. Puedes hacerlo aunque tu primer documento no [&hellip;]<\/p>\n","protected":false},"author":1,"featured_media":0,"parent":0,"menu_order":0,"comment_status":"closed","ping_status":"closed","template":"","meta":{"footnotes":""},"class_list":["post-1063","page","type-page","status-publish","hentry"],"yoast_head":"<!-- This site is optimized with the Yoast SEO plugin v26.2 - https:\/\/yoast.com\/wordpress\/plugins\/seo\/ -->\n<title>Renovar su ESTA<\/title>\n<meta name=\"description\" content=\"Aunque tu primera solicitud ESTA haya tenido \u00e9xito, esta autorizaci\u00f3n s\u00f3lo es v\u00e1lida durante dos a\u00f1os, por lo que tendr\u00e1s que renovarla.\" \/>\n<meta name=\"robots\" content=\"index, follow, max-snippet:-1, max-image-preview:large, max-video-preview:-1\" \/>\n<link rel=\"canonical\" href=\"https:\/\/www.esta-officiel-usa.com\/es\/renovar-su-esta\/\" \/>\n<meta property=\"og:locale\" content=\"es_ES\" \/>\n<meta property=\"og:type\" content=\"article\" \/>\n<meta property=\"og:title\" content=\"Renovar su ESTA\" \/>\n<meta property=\"og:description\" content=\"Aunque tu primera solicitud ESTA haya tenido \u00e9xito, esta autorizaci\u00f3n s\u00f3lo es v\u00e1lida durante dos a\u00f1os, por lo que tendr\u00e1s que renovarla.\" \/>\n<meta property=\"og:url\" content=\"https:\/\/www.esta-officiel-usa.com\/es\/renovar-su-esta\/\" \/>\n<meta property=\"og:site_name\" content=\"ESTA - Estados Unidos\" \/>\n<meta property=\"article:modified_time\" content=\"2025-09-13T11:59:58+00:00\" \/>\n<meta name=\"twitter:card\" content=\"summary_large_image\" \/>\n<meta name=\"twitter:label1\" content=\"Tiempo de lectura\" \/>\n\t<meta name=\"twitter:data1\" content=\"2 minutos\" \/>\n<script type=\"application\/ld+json\" class=\"yoast-schema-graph\">{\"@context\":\"https:\/\/schema.org\",\"@graph\":[{\"@type\":\"WebPage\",\"@id\":\"https:\/\/www.esta-officiel-usa.com\/es\/renovar-su-esta\/\",\"url\":\"https:\/\/www.esta-officiel-usa.com\/es\/renovar-su-esta\/\",\"name\":\"Renovar su ESTA\",\"isPartOf\":{\"@id\":\"https:\/\/www.esta-officiel-usa.com\/es\/#website\"},\"datePublished\":\"2025-09-13T11:59:57+00:00\",\"dateModified\":\"2025-09-13T11:59:58+00:00\",\"description\":\"Aunque tu primera solicitud ESTA haya tenido \u00e9xito, esta autorizaci\u00f3n s\u00f3lo es v\u00e1lida durante dos a\u00f1os, por lo que tendr\u00e1s que renovarla.\",\"breadcrumb\":{\"@id\":\"https:\/\/www.esta-officiel-usa.com\/es\/renovar-su-esta\/#breadcrumb\"},\"inLanguage\":\"es\",\"potentialAction\":[{\"@type\":\"ReadAction\",\"target\":[\"https:\/\/www.esta-officiel-usa.com\/es\/renovar-su-esta\/\"]}]},{\"@type\":\"BreadcrumbList\",\"@id\":\"https:\/\/www.esta-officiel-usa.com\/es\/renovar-su-esta\/#breadcrumb\",\"itemListElement\":[{\"@type\":\"ListItem\",\"position\":1,\"name\":\"Inicio\",\"item\":\"https:\/\/www.esta-officiel-usa.com\/es\/\"},{\"@type\":\"ListItem\",\"position\":2,\"name\":\"Renovar su ESTA\"}]},{\"@type\":\"WebSite\",\"@id\":\"https:\/\/www.esta-officiel-usa.com\/es\/#website\",\"url\":\"https:\/\/www.esta-officiel-usa.com\/es\/\",\"name\":\"ESTA - Estados Unidos\",\"description\":\"Formulario de solicitud ESTA\",\"potentialAction\":[{\"@type\":\"SearchAction\",\"target\":{\"@type\":\"EntryPoint\",\"urlTemplate\":\"https:\/\/www.esta-officiel-usa.com\/es\/?s={search_term_string}\"},\"query-input\":{\"@type\":\"PropertyValueSpecification\",\"valueRequired\":true,\"valueName\":\"search_term_string\"}}],\"inLanguage\":\"es\"}]}<\/script>\n<!-- \/ Yoast SEO plugin. -->","yoast_head_json":{"title":"Renovar su ESTA","description":"Aunque tu primera solicitud ESTA haya tenido \u00e9xito, esta autorizaci\u00f3n s\u00f3lo es v\u00e1lida durante dos a\u00f1os, por lo que tendr\u00e1s que renovarla.","robots":{"index":"index","follow":"follow","max-snippet":"max-snippet:-1","max-image-preview":"max-image-preview:large","max-video-preview":"max-video-preview:-1"},"canonical":"https:\/\/www.esta-officiel-usa.com\/es\/renovar-su-esta\/","og_locale":"es_ES","og_type":"article","og_title":"Renovar su ESTA","og_description":"Aunque tu primera solicitud ESTA haya tenido \u00e9xito, esta autorizaci\u00f3n s\u00f3lo es v\u00e1lida durante dos a\u00f1os, por lo que tendr\u00e1s que renovarla.","og_url":"https:\/\/www.esta-officiel-usa.com\/es\/renovar-su-esta\/","og_site_name":"ESTA - Estados Unidos","article_modified_time":"2025-09-13T11:59:58+00:00","twitter_card":"summary_large_image","twitter_misc":{"Tiempo de lectura":"2 minutos"},"schema":{"@context":"https:\/\/schema.org","@graph":[{"@type":"WebPage","@id":"https:\/\/www.esta-officiel-usa.com\/es\/renovar-su-esta\/","url":"https:\/\/www.esta-officiel-usa.com\/es\/renovar-su-esta\/","name":"Renovar su ESTA","isPartOf":{"@id":"https:\/\/www.esta-officiel-usa.com\/es\/#website"},"datePublished":"2025-09-13T11:59:57+00:00","dateModified":"2025-09-13T11:59:58+00:00","description":"Aunque tu primera solicitud ESTA haya tenido \u00e9xito, esta autorizaci\u00f3n s\u00f3lo es v\u00e1lida durante dos a\u00f1os, por lo que tendr\u00e1s que renovarla.","breadcrumb":{"@id":"https:\/\/www.esta-officiel-usa.com\/es\/renovar-su-esta\/#breadcrumb"},"inLanguage":"es","potentialAction":[{"@type":"ReadAction","target":["https:\/\/www.esta-officiel-usa.com\/es\/renovar-su-esta\/"]}]},{"@type":"BreadcrumbList","@id":"https:\/\/www.esta-officiel-usa.com\/es\/renovar-su-esta\/#breadcrumb","itemListElement":[{"@type":"ListItem","position":1,"name":"Inicio","item":"https:\/\/www.esta-officiel-usa.com\/es\/"},{"@type":"ListItem","position":2,"name":"Renovar su ESTA"}]},{"@type":"WebSite","@id":"https:\/\/www.esta-officiel-usa.com\/es\/#website","url":"https:\/\/www.esta-officiel-usa.com\/es\/","name":"ESTA - Estados Unidos","description":"Formulario de solicitud ESTA","potentialAction":[{"@type":"SearchAction","target":{"@type":"EntryPoint","urlTemplate":"https:\/\/www.esta-officiel-usa.com\/es\/?s={search_term_string}"},"query-input":{"@type":"PropertyValueSpecification","valueRequired":true,"valueName":"search_term_string"}}],"inLanguage":"es"}]}},"_links":{"self":[{"href":"https:\/\/www.esta-officiel-usa.com\/es\/wp-json\/wp\/v2\/pages\/1063","targetHints":{"allow":["GET"]}}],"collection":[{"href":"https:\/\/www.esta-officiel-usa.com\/es\/wp-json\/wp\/v2\/pages"}],"about":[{"href":"https:\/\/www.esta-officiel-usa.com\/es\/wp-json\/wp\/v2\/types\/page"}],"author":[{"embeddable":true,"href":"https:\/\/www.esta-officiel-usa.com\/es\/wp-json\/wp\/v2\/users\/1"}],"replies":[{"embeddable":true,"href":"https:\/\/www.esta-officiel-usa.com\/es\/wp-json\/wp\/v2\/comments?post=1063"}],"version-history":[{"count":1,"href":"https:\/\/www.esta-officiel-usa.com\/es\/wp-json\/wp\/v2\/pages\/1063\/revisions"}],"predecessor-version":[{"id":1065,"href":"https:\/\/www.esta-officiel-usa.com\/es\/wp-json\/wp\/v2\/pages\/1063\/revisions\/1065"}],"wp:attachment":[{"href":"https:\/\/www.esta-officiel-usa.com\/es\/wp-json\/wp\/v2\/media?parent=1063"}],"curies":[{"name":"wp","href":"https:\/\/api.w.org\/{rel}","templated":true}]}}