{"id":1064,"date":"2025-09-13T11:59:57","date_gmt":"2025-09-13T11:59:57","guid":{"rendered":"https:\/\/www.esta-officiel-usa.com\/comprobar-la-validez-de-su-esta\/"},"modified":"2025-09-13T11:59:58","modified_gmt":"2025-09-13T11:59:58","slug":"comprobar-la-validez-de-su-esta","status":"publish","type":"page","link":"https:\/\/www.esta-officiel-usa.com\/es\/comprobar-la-validez-de-su-esta\/","title":{"rendered":"Comprobar la validez de su ESTA"},"content":{"rendered":"\n<h1 class=\"wp-block-heading\">TODO LO QUE NECESITAS SABER SOBRE LA VALIDEZ DE LA ESTA  <\/h1>\n\n<p>Millones de viajeros se acogen cada a\u00f1o al Sistema Electr\u00f3nico de Autorizaci\u00f3n de Viaje (<a href=\"https:\/\/www.esta-officiel-usa.com\/es\/\">ESTA<\/a>). Estados Unidos no forma parte del espacio Schengen, por lo que debes tener un visado ESTA o una autorizaci\u00f3n de viaje v\u00e1lidos. De lo contrario, no se te autorizar\u00e1 a entrar en Estados Unidos.  <\/p>\n\n<h2 class=\"wp-block-heading\">\u00bfC\u00d3MO COMPRUEBO LA VALIDEZ DE LA ESTA?<\/h2>\n\n<p>Ante todo, la validez de tu autorizaci\u00f3n ESTA est\u00e1 vinculada a tu <a href=\"https:\/\/www.esta-officiel-usa.com\/fr\/quel-type-de-passeport-pour-les-usa\/\">pasaporte<\/a>. Cuando solicites un ESTA a trav\u00e9s del formulario en l\u00ednea, deber\u00e1s rellenar la informaci\u00f3n que figura en el formulario y tu autorizaci\u00f3n ESTA se vincular\u00e1 entonces a tu n\u00famero de pasaporte. Tambi\u00e9n hay que tener en cuenta que cualquier cambio en la informaci\u00f3n declarada en el formulario ESTA tambi\u00e9n puede invalidar tu ESTA:  <\/p>\n\n<ul class=\"wp-block-list\"><li>Te has trasladado a otro pa\u00eds;<\/li><li>Tu estado de salud ha cambiado;<\/li><li>Tus antecedentes penales ya no est\u00e1n limpios;<\/li><li>La direcci\u00f3n de tu domicilio ya no est\u00e1 actualizada;<\/li><li>Tu pasaporte ya no es v\u00e1lido;<\/li><li>Etc.<\/li><\/ul>\n\n<p>Si es as\u00ed, tendr\u00e1s que renovar tu ESTA para seguir benefici\u00e1ndote de su validez de dos a\u00f1os, establecida por el <a href=\"https:\/\/www.esta-officiel-usa.com\/fr\/le-departement-de-la-securite-interieure-americain\/\">Departamento de Seguridad Nacional<\/a>. A partir de ese momento, todos los titulares del ESTA pueden realizar varios viajes consecutivos de 90 d\u00edas con fines tur\u00edsticos o de negocios. <br\/> <\/p>\n\n<h2 class=\"wp-block-heading\">\u00bfCU\u00c1LES SON LAS VENTAJAS DE ESTA VALIDEZ?<\/h2>\n\n<p>El ESTA debe su \u00e9xito al hecho de que el proceso s\u00f3lo puede completarse en l\u00ednea: sin necesidad de ir a una embajada o consulado, sin necesidad de esperar semanas, sin necesidad de asistir a una entrevista y, sobre todo, \u00a1sin necesidad de pagar cientos de euros! La tasa de solicitud del ESTA es de 14 d\u00f3lares. Otra ventaja es que tiene una validez de dos a\u00f1os, lo que te permite realizar las siguientes actividades en Estados Unidos:  <\/p>\n\n<ul class=\"wp-block-list\"><li>Participa en actividades culturales no remuneradas;<\/li><li>Acampa en los parques nacionales;<\/li><li>Voluntariado en organizaciones ben\u00e9ficas;<\/li><li>Negociar contratos con empresas estadounidenses;<\/li><li>Participar en reuniones profesionales;<\/li><li>Realizar cursos no remunerados o que no ofrezcan cr\u00e9ditos para la obtenci\u00f3n de t\u00edtulos universitarios;<\/li><li>Etc.<\/li><\/ul>\n\n<p>Para hacer una <a href=\"https:\/\/www.esta-officiel-usa.com\/fr\/la-declaration-esta\/\">declaraci\u00f3n ESTA<\/a>, primero debes tener la nacionalidad de uno de los 38 pa\u00edses del <a href=\"https:\/\/www.esta-officiel-usa.com\/fr\/a-propos-du-visa-waiver-program\/\">Programa de Exenci\u00f3n de Visado<\/a> e ir al sitio web de la aduana estadounidense o rellenar nuestro formulario simplificado en franc\u00e9s. Tambi\u00e9n puedes llamar a nuestro servicio de asistencia en l\u00ednea 6 d\u00edas a la semana.<\/p>\n\n<p>Nota: cuando expira la validez de tu ESTA, no se renueva autom\u00e1ticamente; tendr\u00e1s que volver a solicitarlo.<\/p>\n","protected":false},"excerpt":{"rendered":"<p>TODO LO QUE NECESITAS SABER SOBRE LA VALIDEZ DE LA ESTA Millones de viajeros se acogen cada a\u00f1o al Sistema Electr\u00f3nico de Autorizaci\u00f3n de Viaje (ESTA). Estados Unidos no forma parte del espacio Schengen, por lo que debes tener un visado ESTA o una autorizaci\u00f3n de viaje v\u00e1lidos. De lo contrario, no se te autorizar\u00e1 [&hellip;]<\/p>\n","protected":false},"author":1,"featured_media":0,"parent":0,"menu_order":0,"comment_status":"closed","ping_status":"closed","template":"","meta":{"footnotes":""},"class_list":["post-1064","page","type-page","status-publish","hentry"],"yoast_head":"<!-- This site is optimized with the Yoast SEO plugin v26.2 - https:\/\/yoast.com\/wordpress\/plugins\/seo\/ -->\n<title>Comprobar la validez de su ESTA<\/title>\n<meta name=\"description\" content=\"Para reforzar la seguridad nacional, el gobierno de EE.UU. exige una solicitud ESTA. Averigua c\u00f3mo comprobar la validez de tu solicitud.\" \/>\n<meta name=\"robots\" content=\"index, follow, max-snippet:-1, max-image-preview:large, max-video-preview:-1\" \/>\n<link rel=\"canonical\" href=\"https:\/\/www.esta-officiel-usa.com\/es\/comprobar-la-validez-de-su-esta\/\" \/>\n<meta property=\"og:locale\" content=\"es_ES\" \/>\n<meta property=\"og:type\" content=\"article\" \/>\n<meta property=\"og:title\" content=\"Comprobar la validez de su ESTA\" \/>\n<meta property=\"og:description\" content=\"Para reforzar la seguridad nacional, el gobierno de EE.UU. exige una solicitud ESTA. Averigua c\u00f3mo comprobar la validez de tu solicitud.\" \/>\n<meta property=\"og:url\" content=\"https:\/\/www.esta-officiel-usa.com\/es\/comprobar-la-validez-de-su-esta\/\" \/>\n<meta property=\"og:site_name\" content=\"ESTA - Estados Unidos\" \/>\n<meta property=\"article:modified_time\" content=\"2025-09-13T11:59:58+00:00\" \/>\n<meta name=\"twitter:card\" content=\"summary_large_image\" \/>\n<meta name=\"twitter:label1\" content=\"Tiempo de lectura\" \/>\n\t<meta name=\"twitter:data1\" content=\"2 minutos\" \/>\n<script type=\"application\/ld+json\" class=\"yoast-schema-graph\">{\"@context\":\"https:\/\/schema.org\",\"@graph\":[{\"@type\":\"WebPage\",\"@id\":\"https:\/\/www.esta-officiel-usa.com\/es\/comprobar-la-validez-de-su-esta\/\",\"url\":\"https:\/\/www.esta-officiel-usa.com\/es\/comprobar-la-validez-de-su-esta\/\",\"name\":\"Comprobar la validez de su ESTA\",\"isPartOf\":{\"@id\":\"https:\/\/www.esta-officiel-usa.com\/es\/#website\"},\"datePublished\":\"2025-09-13T11:59:57+00:00\",\"dateModified\":\"2025-09-13T11:59:58+00:00\",\"description\":\"Para reforzar la seguridad nacional, el gobierno de EE.UU. exige una solicitud ESTA. Averigua c\u00f3mo comprobar la validez de tu solicitud.\",\"breadcrumb\":{\"@id\":\"https:\/\/www.esta-officiel-usa.com\/es\/comprobar-la-validez-de-su-esta\/#breadcrumb\"},\"inLanguage\":\"es\",\"potentialAction\":[{\"@type\":\"ReadAction\",\"target\":[\"https:\/\/www.esta-officiel-usa.com\/es\/comprobar-la-validez-de-su-esta\/\"]}]},{\"@type\":\"BreadcrumbList\",\"@id\":\"https:\/\/www.esta-officiel-usa.com\/es\/comprobar-la-validez-de-su-esta\/#breadcrumb\",\"itemListElement\":[{\"@type\":\"ListItem\",\"position\":1,\"name\":\"Inicio\",\"item\":\"https:\/\/www.esta-officiel-usa.com\/es\/\"},{\"@type\":\"ListItem\",\"position\":2,\"name\":\"Comprobar la validez de su ESTA\"}]},{\"@type\":\"WebSite\",\"@id\":\"https:\/\/www.esta-officiel-usa.com\/es\/#website\",\"url\":\"https:\/\/www.esta-officiel-usa.com\/es\/\",\"name\":\"ESTA - Estados Unidos\",\"description\":\"Formulario de solicitud ESTA\",\"potentialAction\":[{\"@type\":\"SearchAction\",\"target\":{\"@type\":\"EntryPoint\",\"urlTemplate\":\"https:\/\/www.esta-officiel-usa.com\/es\/?s={search_term_string}\"},\"query-input\":{\"@type\":\"PropertyValueSpecification\",\"valueRequired\":true,\"valueName\":\"search_term_string\"}}],\"inLanguage\":\"es\"}]}<\/script>\n<!-- \/ Yoast SEO plugin. -->","yoast_head_json":{"title":"Comprobar la validez de su ESTA","description":"Para reforzar la seguridad nacional, el gobierno de EE.UU. exige una solicitud ESTA. Averigua c\u00f3mo comprobar la validez de tu solicitud.","robots":{"index":"index","follow":"follow","max-snippet":"max-snippet:-1","max-image-preview":"max-image-preview:large","max-video-preview":"max-video-preview:-1"},"canonical":"https:\/\/www.esta-officiel-usa.com\/es\/comprobar-la-validez-de-su-esta\/","og_locale":"es_ES","og_type":"article","og_title":"Comprobar la validez de su ESTA","og_description":"Para reforzar la seguridad nacional, el gobierno de EE.UU. exige una solicitud ESTA. Averigua c\u00f3mo comprobar la validez de tu solicitud.","og_url":"https:\/\/www.esta-officiel-usa.com\/es\/comprobar-la-validez-de-su-esta\/","og_site_name":"ESTA - Estados Unidos","article_modified_time":"2025-09-13T11:59:58+00:00","twitter_card":"summary_large_image","twitter_misc":{"Tiempo de lectura":"2 minutos"},"schema":{"@context":"https:\/\/schema.org","@graph":[{"@type":"WebPage","@id":"https:\/\/www.esta-officiel-usa.com\/es\/comprobar-la-validez-de-su-esta\/","url":"https:\/\/www.esta-officiel-usa.com\/es\/comprobar-la-validez-de-su-esta\/","name":"Comprobar la validez de su ESTA","isPartOf":{"@id":"https:\/\/www.esta-officiel-usa.com\/es\/#website"},"datePublished":"2025-09-13T11:59:57+00:00","dateModified":"2025-09-13T11:59:58+00:00","description":"Para reforzar la seguridad nacional, el gobierno de EE.UU. exige una solicitud ESTA. Averigua c\u00f3mo comprobar la validez de tu solicitud.","breadcrumb":{"@id":"https:\/\/www.esta-officiel-usa.com\/es\/comprobar-la-validez-de-su-esta\/#breadcrumb"},"inLanguage":"es","potentialAction":[{"@type":"ReadAction","target":["https:\/\/www.esta-officiel-usa.com\/es\/comprobar-la-validez-de-su-esta\/"]}]},{"@type":"BreadcrumbList","@id":"https:\/\/www.esta-officiel-usa.com\/es\/comprobar-la-validez-de-su-esta\/#breadcrumb","itemListElement":[{"@type":"ListItem","position":1,"name":"Inicio","item":"https:\/\/www.esta-officiel-usa.com\/es\/"},{"@type":"ListItem","position":2,"name":"Comprobar la validez de su ESTA"}]},{"@type":"WebSite","@id":"https:\/\/www.esta-officiel-usa.com\/es\/#website","url":"https:\/\/www.esta-officiel-usa.com\/es\/","name":"ESTA - Estados Unidos","description":"Formulario de solicitud ESTA","potentialAction":[{"@type":"SearchAction","target":{"@type":"EntryPoint","urlTemplate":"https:\/\/www.esta-officiel-usa.com\/es\/?s={search_term_string}"},"query-input":{"@type":"PropertyValueSpecification","valueRequired":true,"valueName":"search_term_string"}}],"inLanguage":"es"}]}},"_links":{"self":[{"href":"https:\/\/www.esta-officiel-usa.com\/es\/wp-json\/wp\/v2\/pages\/1064","targetHints":{"allow":["GET"]}}],"collection":[{"href":"https:\/\/www.esta-officiel-usa.com\/es\/wp-json\/wp\/v2\/pages"}],"about":[{"href":"https:\/\/www.esta-officiel-usa.com\/es\/wp-json\/wp\/v2\/types\/page"}],"author":[{"embeddable":true,"href":"https:\/\/www.esta-officiel-usa.com\/es\/wp-json\/wp\/v2\/users\/1"}],"replies":[{"embeddable":true,"href":"https:\/\/www.esta-officiel-usa.com\/es\/wp-json\/wp\/v2\/comments?post=1064"}],"version-history":[{"count":1,"href":"https:\/\/www.esta-officiel-usa.com\/es\/wp-json\/wp\/v2\/pages\/1064\/revisions"}],"predecessor-version":[{"id":1067,"href":"https:\/\/www.esta-officiel-usa.com\/es\/wp-json\/wp\/v2\/pages\/1064\/revisions\/1067"}],"wp:attachment":[{"href":"https:\/\/www.esta-officiel-usa.com\/es\/wp-json\/wp\/v2\/media?parent=1064"}],"curies":[{"name":"wp","href":"https:\/\/api.w.org\/{rel}","templated":true}]}}